{"id":72,"date":"2021-12-01T10:28:57","date_gmt":"2021-12-01T10:28:57","guid":{"rendered":"http:\/\/keybox.nl\/?post_type=product&#038;p=72"},"modified":"2025-11-26T09:34:53","modified_gmt":"2025-11-26T09:34:53","slug":"keysecuritybox-sleutelkluis-ksb101a-ksb102a","status":"publish","type":"product","link":"https:\/\/keybox.nl\/sv\/produkt\/keysecuritybox-sleutelkluis-ksb101a-ksb102a\/","title":{"rendered":"Nyckels\u00e4kerhetssk\u00e5p KSB101A, KSB102A extra bepansrat nyckels\u00e4kerhetssk\u00e5p"},"content":{"rendered":"<h2>Keysecuritybox KSB101A och KSB102A: det b\u00e4sta ytmonterade nyckelsk\u00e5pet!<\/h2>\n<p>Keysecuritybox KSB101A och 102A har pansarplattor p\u00e5 insidan av kassask\u00e5pet. Plattorna eller det inre kassask\u00e5pet ger ytterligare motst\u00e5ndskraft mot attacker och \u00f6kar f\u00f6rsvarbarheten \u00e4nnu mer. \u00c4ven om deponeringsutrymmet \u00e4r mindre \u00e4r det fortfarande mer \u00e4n tillr\u00e4ckligt f\u00f6r de flesta till\u00e4mpningar.<\/p>\n<p>Den enklaste och s\u00e4kraste l\u00f6sningen f\u00f6r f\u00f6rvaring av nycklar och nyckelkort 24\/7 - denna smarta, robusta och prisv\u00e4rda dropbox anv\u00e4nds av tusentals f\u00f6retag.<\/p>\n<p>F\u00f6rb\u00e4ttrad modell: D\u00f6rren har flyttats till sidan, vilket g\u00f6r att designen passar fint ihop med fasaden.<\/p>\n<p>Ett kassask\u00e5p i tv\u00e5 versioner: deponeringshjul v\u00e4nster och h\u00f6ger<br \/>\nDessa deponeringssk\u00e5p \u00e4r faktiskt identiska: KSB101A har deponeringshjulet efter montering till v\u00e4nster. Och KSB102A har avkastningshjulet p\u00e5 h\u00f6ger sida. Om du vet var du vill ha kassask\u00e5pet, vet du ocks\u00e5 om du vill ha rullen p\u00e5 v\u00e4nster eller h\u00f6ger sida. Det kan monteras mot n\u00e4stan vilken v\u00e4gg som helst. <a href=\"https:\/\/keysecurityproducts.stackstorage.com\/s\/mbeEiHjPeCyWLzN3?dir=%2FManual+KSB+101_102&amp;node-id=6243\" target=\"_blank\" rel=\"noopener\">Klicka p\u00e5<\/a> h\u00e4r f\u00f6r att l\u00e4sa allt om installationen av detta nyckels\u00e4kerhetssk\u00e5p.<\/p>\n<p>Enkelt Detta kompakta och robusta nyckelsk\u00e5p \u00e4r den enklaste l\u00f6sningen f\u00f6r optimal f\u00f6rvaring av nycklar och nyckelkort. Det finns i olika utf\u00f6randen, s\u00e5 att det alltid kan monteras mot eller i v\u00e4ggar. Inga v\u00e4ggar? D\u00e5 kan nyckelsk\u00e5pet monteras p\u00e5 en st\u00e5lkonsol. Kassask\u00e5pet \u00e4r helt mekaniskt och mycket anv\u00e4ndarv\u00e4nligt.<\/p>\n<p>Solitt Detta nyckelsk\u00e5p \u00e4r extremt starkt! Med undantag f\u00f6r ins\u00e4ttningshjulet \u00e4r det helt tillverkat av massivt st\u00e5l. Eftersom sk\u00e5pet bara har en enda r\u00f6rlig del \u00e4r det extremt h\u00e5llbart, v\u00e4derbest\u00e4ndigt och p\u00e5litligt. Och insatta nycklar och nyckelkort \u00e4r s\u00e4kra, f\u00f6r tack vare det intelligenta ins\u00e4ttningshjulet \u00e4r det om\u00f6jligt att \"fiska\" efter nycklar.<\/p>\n<p>Safe Vrid upp rullhjulet tills \u00f6ppningen syns, f\u00f6r in nyckeln eller nyckelkortet i rullhjulet och sl\u00e4pp rullhjulet s\u00e5 att det automatiskt vrids tillbaka och nyckeln faller in i kassask\u00e5pet. Enklare kan det inte bli.<\/p>\n<p><strong>DEN B\u00c4STA L\u00d6SNINGEN F\u00d6R BILUTHYRNINGSF\u00d6RETAG, LEASINGF\u00d6RETAG, BILHANDLARE, F\u00d6RETAG MED VAGNPARKER, BILHANDLARE, VERKST\u00c4DER, HOTELL OCH MYCKET MER.<\/strong><\/p>\n<p><strong>Ett urval av v\u00e5ra referenser<\/strong><br \/>\nBilhandlare: Audi, BMW, Chevolet, Citro\u00ebn, Fiat, Jaguar, Ford, Honda, Isuzu, Land Rover, MAN lastbilar, Mazda, Mercedes, Mitsubishi, Nissan, Tesla, Toyota, Opel, Peugeot, Rolls Royce, Renault, Saab, Porsche, Volvo, Volkswagen Biluthyrning: Avis, Hertz, Budget, Sixt, Europcar, Dockx, Thrifty, AVA Rent, Autorent, Drive Yourself, Bochane Rent, Oto2rent, Camion Rentals, Runner Trucks, Bultman Hertz Kollektivtrafik: Flygplats Schiphol Amsterdam, Flygplats Rotterdam, Flygplats Eindhoven, Flygplats Groningen, Flygplats Maastricht, Flygplats Antwerpen, Flygplats Bryssel, Charleroi Airport, Aeroport du Luxembourg, Station Antwerp Central \u00d6vriga: Carglass, ING Car Lease, Runner Truck Lease &amp; Rental, Scheer en Foppen Logistics, Borent, Philips Lighting Company cars &amp; Trailer Service, Dura Vermeer Road Construction, Bosch Universal Car Companies, Profile Tyre Center.<\/p>\n<p><strong>Specifikationer f\u00f6r KSB 101A och 102A<\/strong><br \/>\nM\u00e5tt: ytterm\u00e5tt: 215 x 215 x 395 mm (BxDxH)<br \/>\nVikt inklusive f\u00f6rpackning: ca 23,3 kg<br \/>\nKomplett s\u00e4kerhetsl\u00f6sning f\u00f6r dina nycklar<br \/>\nS\u00e4kerhetssk\u00e5p som kan \u00f6ppnas med nyckel<br \/>\nMjuk bottenmatta f\u00f6r att f\u00e5nga upp nycklar<br \/>\nInstruktionsetikett ovanf\u00f6r avfallshjulet<br \/>\nTv\u00e5 unika nycklar till bankfacket<br \/>\nTydliga instruktioner f\u00f6r installation<\/p>\n<p><strong>Material och ytbehandling<\/strong><br \/>\nKallvalsat kolst\u00e5l av h\u00f6g kvalitet<br \/>\n8 mm solid st\u00e5ld\u00f6rr elf\u00f6rzinkad<br \/>\nDupont pulverlackering (Ral 9006)<br \/>\nS\u00e4kerhetsl\u00e5s och nyckel<br \/>\nKassask\u00e5psl\u00e5s med speciell dubbelskottdesign<br \/>\nTv\u00e5 dubbeltandade nycklar med asymmetrisk profil<br \/>\nSk\u00e5pnyckeln kan inte tas ut n\u00e4r sk\u00e5pd\u00f6rren \u00e4r \u00f6ppen<br \/>\nMer \u00e4n 500.000 unika kombinationer av sk\u00e5pnycklar<br \/>\nIntelligent tipphjul<br \/>\nM\u00f6jlighet till f\u00f6rvaring av nycklar och nyckelkort med maxm\u00e5tt 125 x 43 x 61 mm<br \/>\nHjulet \u00e5terg\u00e5r automatiskt till startposition<br \/>\nG\u00f6r det om\u00f6jligt att \"fiska\" efter nycklar<br \/>\nUtf\u00f6rande enligt VDMA-standard klass A<\/p>\n<h3><strong>\"P\u00e5 Hertz har vi anv\u00e4nt Keysecurityboxarna<\/strong><br \/>\n<strong>i Benelux till v\u00e5r fulla bel\u00e5tenhet i flera \u00e5r.\"<\/strong><br \/>\nVerkst\u00e4llande direkt\u00f6r HERTZ Rent A Car BeNeLux<\/h3>","protected":false},"excerpt":{"rendered":"<h2>Nyckels\u00e4kerhetsbox KSB101A &amp; KSB102A<\/h2>\n<p>KSB101A och 102A \u00e4r utrustade med extra Armor \/ pansar. Inuti kassask\u00e5pet finns ett extra inre kassask\u00e5p tillverkat av specialst\u00e5l som ger h\u00f6gre skydd mot attacker.<br \/>\nEtt kassask\u00e5p i tv\u00e5 versioner: deponeringshjul v\u00e4nster eller h\u00f6ger<\/p>","protected":false},"featured_media":63,"comment_status":"open","ping_status":"closed","template":"","meta":[],"product_brand":[],"product_cat":[18],"product_tag":[25,35,24,21,20,32,33,34,26],"class_list":{"0":"post-72","1":"product","2":"type-product","3":"status-publish","4":"has-post-thumbnail","6":"product_cat-keysecuritybox","7":"product_tag-afstortkluis","8":"product_tag-armor","9":"product_tag-dropbox","10":"product_tag-keybox","11":"product_tag-keysecuritybox","12":"product_tag-ksb101a","13":"product_tag-ksb102a","14":"product_tag-pantser","15":"product_tag-sleutelafstortkluis","17":"first","18":"instock","19":"taxable","20":"shipping-taxable","21":"purchasable","22":"product-type-variable"},"yoast_head":"<!-- This site is optimized with the Yoast SEO plugin v27.4 - https:\/\/yoast.com\/product\/yoast-seo-wordpress\/ -->\n<title>Keysecuritybox KSB101A, KSB102A extra pantser sleutelkluis -<\/title>\n<meta name=\"robots\" content=\"index, follow, max-snippet:-1, max-image-preview:large, max-video-preview:-1\" \/>\n<link rel=\"canonical\" href=\"https:\/\/keybox.nl\/sv\/produkt\/keysecuritybox-sleutelkluis-ksb101a-ksb102a\/\" \/>\n<meta property=\"og:locale\" content=\"sv_SE\" \/>\n<meta property=\"og:type\" content=\"article\" \/>\n<meta property=\"og:title\" content=\"Keysecuritybox KSB101A, KSB102A extra pantser sleutelkluis -\" \/>\n<meta property=\"og:description\" content=\"Keysecuritybox KSB101A &amp; KSB102A De KSB101A en 102A zijn uitgerust met extra Armor \/ pantsering. In de kluis zit een extra binnenkluis van speciaal staal die zorgt voor een hogere bescherming tegen aanvallen. E\u00e9n kluis in twee uitvoeringen: afstortwiel links of rechts\" \/>\n<meta property=\"og:url\" content=\"https:\/\/keybox.nl\/sv\/produkt\/keysecuritybox-sleutelkluis-ksb101a-ksb102a\/\" \/>\n<meta property=\"article:modified_time\" content=\"2025-11-26T09:34:53+00:00\" \/>\n<meta property=\"og:image\" content=\"http:\/\/keybox.nl\/wp-content\/uploads\/2021\/11\/KSB_101_3-scaled-e1638352491754.jpg\" \/>\n\t<meta property=\"og:image:width\" content=\"487\" \/>\n\t<meta property=\"og:image:height\" content=\"487\" \/>\n\t<meta property=\"og:image:type\" content=\"image\/jpeg\" \/>\n<meta name=\"twitter:card\" content=\"summary_large_image\" \/>\n<meta name=\"twitter:label1\" content=\"Ber\u00e4knad l\u00e4stid\" \/>\n\t<meta name=\"twitter:data1\" content=\"4 minuter\" \/>\n<script type=\"application\/ld+json\" class=\"yoast-schema-graph\">{\"@context\":\"https:\\\/\\\/schema.org\",\"@graph\":[{\"@type\":\"WebPage\",\"@id\":\"https:\\\/\\\/keybox.nl\\\/product\\\/keysecuritybox-sleutelkluis-ksb101a-ksb102a\\\/\",\"url\":\"https:\\\/\\\/keybox.nl\\\/product\\\/keysecuritybox-sleutelkluis-ksb101a-ksb102a\\\/\",\"name\":\"Keysecuritybox KSB101A, KSB102A extra pantser sleutelkluis -\",\"isPartOf\":{\"@id\":\"https:\\\/\\\/keybox.nl\\\/#website\"},\"primaryImageOfPage\":{\"@id\":\"https:\\\/\\\/keybox.nl\\\/product\\\/keysecuritybox-sleutelkluis-ksb101a-ksb102a\\\/#primaryimage\"},\"image\":{\"@id\":\"https:\\\/\\\/keybox.nl\\\/product\\\/keysecuritybox-sleutelkluis-ksb101a-ksb102a\\\/#primaryimage\"},\"thumbnailUrl\":\"https:\\\/\\\/keybox.nl\\\/wp-content\\\/uploads\\\/2021\\\/11\\\/KSB_101_3-scaled-e1638352491754.jpg\",\"datePublished\":\"2021-12-01T10:28:57+00:00\",\"dateModified\":\"2025-11-26T09:34:53+00:00\",\"breadcrumb\":{\"@id\":\"https:\\\/\\\/keybox.nl\\\/product\\\/keysecuritybox-sleutelkluis-ksb101a-ksb102a\\\/#breadcrumb\"},\"inLanguage\":\"sv-SE\",\"potentialAction\":[{\"@type\":\"ReadAction\",\"target\":[\"https:\\\/\\\/keybox.nl\\\/product\\\/keysecuritybox-sleutelkluis-ksb101a-ksb102a\\\/\"]}]},{\"@type\":\"ImageObject\",\"inLanguage\":\"sv-SE\",\"@id\":\"https:\\\/\\\/keybox.nl\\\/product\\\/keysecuritybox-sleutelkluis-ksb101a-ksb102a\\\/#primaryimage\",\"url\":\"https:\\\/\\\/keybox.nl\\\/wp-content\\\/uploads\\\/2021\\\/11\\\/KSB_101_3-scaled-e1638352491754.jpg\",\"contentUrl\":\"https:\\\/\\\/keybox.nl\\\/wp-content\\\/uploads\\\/2021\\\/11\\\/KSB_101_3-scaled-e1638352491754.jpg\",\"width\":487,\"height\":487},{\"@type\":\"BreadcrumbList\",\"@id\":\"https:\\\/\\\/keybox.nl\\\/product\\\/keysecuritybox-sleutelkluis-ksb101a-ksb102a\\\/#breadcrumb\",\"itemListElement\":[{\"@type\":\"ListItem\",\"position\":1,\"name\":\"Home\",\"item\":\"https:\\\/\\\/keybox.nl\\\/\"},{\"@type\":\"ListItem\",\"position\":2,\"name\":\"Beveiligde sleutelkastjes kopen\",\"item\":\"https:\\\/\\\/keybox.nl\\\/\"},{\"@type\":\"ListItem\",\"position\":3,\"name\":\"Keysecuritybox KSB101A, KSB102A extra pantser sleutelkluis\"}]},{\"@type\":\"WebSite\",\"@id\":\"https:\\\/\\\/keybox.nl\\\/#website\",\"url\":\"https:\\\/\\\/keybox.nl\\\/\",\"name\":\"\",\"description\":\"\",\"potentialAction\":[{\"@type\":\"SearchAction\",\"target\":{\"@type\":\"EntryPoint\",\"urlTemplate\":\"https:\\\/\\\/keybox.nl\\\/?s={search_term_string}\"},\"query-input\":{\"@type\":\"PropertyValueSpecification\",\"valueRequired\":true,\"valueName\":\"search_term_string\"}}],\"inLanguage\":\"sv-SE\"}]}<\/script>\n<!-- \/ Yoast SEO plugin. -->","yoast_head_json":{"title":"Keysecuritybox KSB101A, KSB102A extra pantser sleutelkluis -","robots":{"index":"index","follow":"follow","max-snippet":"max-snippet:-1","max-image-preview":"max-image-preview:large","max-video-preview":"max-video-preview:-1"},"canonical":"https:\/\/keybox.nl\/sv\/produkt\/keysecuritybox-sleutelkluis-ksb101a-ksb102a\/","og_locale":"sv_SE","og_type":"article","og_title":"Keysecuritybox KSB101A, KSB102A extra pantser sleutelkluis -","og_description":"Keysecuritybox KSB101A &amp; KSB102A De KSB101A en 102A zijn uitgerust met extra Armor \/ pantsering. In de kluis zit een extra binnenkluis van speciaal staal die zorgt voor een hogere bescherming tegen aanvallen. E\u00e9n kluis in twee uitvoeringen: afstortwiel links of rechts","og_url":"https:\/\/keybox.nl\/sv\/produkt\/keysecuritybox-sleutelkluis-ksb101a-ksb102a\/","article_modified_time":"2025-11-26T09:34:53+00:00","og_image":[{"width":487,"height":487,"url":"http:\/\/keybox.nl\/wp-content\/uploads\/2021\/11\/KSB_101_3-scaled-e1638352491754.jpg","type":"image\/jpeg"}],"twitter_card":"summary_large_image","twitter_misc":{"Ber\u00e4knad l\u00e4stid":"4 minuter"},"schema":{"@context":"https:\/\/schema.org","@graph":[{"@type":"WebPage","@id":"https:\/\/keybox.nl\/product\/keysecuritybox-sleutelkluis-ksb101a-ksb102a\/","url":"https:\/\/keybox.nl\/product\/keysecuritybox-sleutelkluis-ksb101a-ksb102a\/","name":"Keysecuritybox KSB101A, KSB102A extra pantser sleutelkluis -","isPartOf":{"@id":"https:\/\/keybox.nl\/#website"},"primaryImageOfPage":{"@id":"https:\/\/keybox.nl\/product\/keysecuritybox-sleutelkluis-ksb101a-ksb102a\/#primaryimage"},"image":{"@id":"https:\/\/keybox.nl\/product\/keysecuritybox-sleutelkluis-ksb101a-ksb102a\/#primaryimage"},"thumbnailUrl":"https:\/\/keybox.nl\/wp-content\/uploads\/2021\/11\/KSB_101_3-scaled-e1638352491754.jpg","datePublished":"2021-12-01T10:28:57+00:00","dateModified":"2025-11-26T09:34:53+00:00","breadcrumb":{"@id":"https:\/\/keybox.nl\/product\/keysecuritybox-sleutelkluis-ksb101a-ksb102a\/#breadcrumb"},"inLanguage":"sv-SE","potentialAction":[{"@type":"ReadAction","target":["https:\/\/keybox.nl\/product\/keysecuritybox-sleutelkluis-ksb101a-ksb102a\/"]}]},{"@type":"ImageObject","inLanguage":"sv-SE","@id":"https:\/\/keybox.nl\/product\/keysecuritybox-sleutelkluis-ksb101a-ksb102a\/#primaryimage","url":"https:\/\/keybox.nl\/wp-content\/uploads\/2021\/11\/KSB_101_3-scaled-e1638352491754.jpg","contentUrl":"https:\/\/keybox.nl\/wp-content\/uploads\/2021\/11\/KSB_101_3-scaled-e1638352491754.jpg","width":487,"height":487},{"@type":"BreadcrumbList","@id":"https:\/\/keybox.nl\/product\/keysecuritybox-sleutelkluis-ksb101a-ksb102a\/#breadcrumb","itemListElement":[{"@type":"ListItem","position":1,"name":"Home","item":"https:\/\/keybox.nl\/"},{"@type":"ListItem","position":2,"name":"Beveiligde sleutelkastjes kopen","item":"https:\/\/keybox.nl\/"},{"@type":"ListItem","position":3,"name":"Keysecuritybox KSB101A, KSB102A extra pantser sleutelkluis"}]},{"@type":"WebSite","@id":"https:\/\/keybox.nl\/#website","url":"https:\/\/keybox.nl\/","name":"","description":"","potentialAction":[{"@type":"SearchAction","target":{"@type":"EntryPoint","urlTemplate":"https:\/\/keybox.nl\/?s={search_term_string}"},"query-input":{"@type":"PropertyValueSpecification","valueRequired":true,"valueName":"search_term_string"}}],"inLanguage":"sv-SE"}]}},"jetpack-related-posts":[{"id":36,"url":"https:\/\/keybox.nl\/sv\/produkt\/ksb101-ksb102-sleutelkluis\/","url_meta":{"origin":72,"position":0},"title":"Nyckels\u00e4kerhetsbox KSB101, KSB102 nyckelsk\u00e5p","author":"Keybox@beheermodule","date":"30 november 2021","format":false,"excerpt":"Nyckels\u00e4kerhetsbox KSB101 &amp; KSB102 Ett kassask\u00e5p i tv\u00e5 versioner: deponeringshjul v\u00e4nster eller h\u00f6ger","rel":"","context":"Med 1 kommentar","block_context":{"text":"Med 1 kommentar","link":"https:\/\/keybox.nl\/sv\/produkt\/ksb101-ksb102-sleutelkluis\/#comments"},"img":{"alt_text":"","src":"https:\/\/i0.wp.com\/keybox.nl\/wp-content\/uploads\/2021\/11\/KSB_101_3-scaled-e1638352491754.jpg?resize=350%2C200&ssl=1","width":350,"height":200},"classes":[]},{"id":115,"url":"https:\/\/keybox.nl\/sv\/produkt\/keysecuritybox-sleutelkluis-ksb103a\/","url_meta":{"origin":72,"position":1},"title":"Keysecuritybox KSB103A extra bepansrat nyckelsk\u00e5p","author":"Keybox@beheermodule","date":"4 december 2021","format":false,"excerpt":"Nyckels\u00e4kerhetsbox KSB103A med extra pansar. KSB103A \u00e4r utrustad med extra Armor \/ pansar. Inuti kassask\u00e5pet finns ett extra inre kassask\u00e5p av specialst\u00e5l som ger h\u00f6gre skydd mot attacker. F\u00f6r montering p\u00e5 stolpe (KSB005) eller konsol KSB106","rel":"","context":"Liknande inl\u00e4gg","block_context":{"text":"Liknande inl\u00e4gg","link":""},"img":{"alt_text":"","src":"https:\/\/i0.wp.com\/keybox.nl\/wp-content\/uploads\/2021\/11\/KSB_101_3-scaled-e1638352491754.jpg?resize=350%2C200&ssl=1","width":350,"height":200},"classes":[]},{"id":109,"url":"https:\/\/keybox.nl\/sv\/produkt\/keysecuritybox-sleutelkluis-ksb103\/","url_meta":{"origin":72,"position":2},"title":"Keysecuritybox KSB103 nyckelsk\u00e5p","author":"Keybox@beheermodule","date":"4 december 2021","format":false,"excerpt":"Nyckels\u00e4kerhetsbox KSB103 F\u00f6r montering p\u00e5 stolpe (KSB005) eller konsol KSB106","rel":"","context":"Liknande inl\u00e4gg","block_context":{"text":"Liknande inl\u00e4gg","link":""},"img":{"alt_text":"","src":"https:\/\/i0.wp.com\/keybox.nl\/wp-content\/uploads\/2021\/11\/KSB_101_3-scaled-e1638352491754.jpg?resize=350%2C200&ssl=1","width":350,"height":200},"classes":[]},{"id":201,"url":"https:\/\/keybox.nl\/sv\/produkt\/keysecuritybox-sleutelkluis-ksb107-wl\/","url_meta":{"origin":72,"position":3},"title":"Nyckels\u00e4kerhetsbox KSB107 W nyckelsk\u00e5p","author":"Keybox@beheermodule","date":"28 januari 2022","format":false,"excerpt":"Nyckelsk\u00e5p KSB107 XL KSB107 kan installeras i v\u00e4gg\/v\u00e4gg och \u00e4r extremt s\u00e4kert. Rull\u00f6ppning L66, H64, D 124 mm.","rel":"","context":"Liknande inl\u00e4gg","block_context":{"text":"Liknande inl\u00e4gg","link":""},"img":{"alt_text":"","src":"https:\/\/i0.wp.com\/keybox.nl\/wp-content\/uploads\/2022\/01\/Keysecuritybox-KSB107XL-300x300.jpg?resize=350%2C200","width":350,"height":200},"classes":[]},{"id":193,"url":"https:\/\/keybox.nl\/sv\/produkt\/keysecuritybox-sleutelkluis-ksb107\/","url_meta":{"origin":72,"position":4},"title":"Keysecuritybox KSB107 nyckelsk\u00e5p","author":"Keybox@beheermodule","date":"28 januari 2022","format":false,"excerpt":"Nyckelsk\u00e5p KSB107 KSB107 kan monteras i v\u00e4gg\/v\u00e4gg och \u00e4r mycket s\u00e4kert. Rull\u00f6ppning L44, H64, D 124 mm.","rel":"","context":"Liknande inl\u00e4gg","block_context":{"text":"Liknande inl\u00e4gg","link":""},"img":{"alt_text":"","src":"https:\/\/i0.wp.com\/keybox.nl\/wp-content\/uploads\/2022\/01\/Ksb007-5-225x300.jpg?resize=350%2C200","width":350,"height":200},"classes":[]},{"id":198,"url":"https:\/\/keybox.nl\/sv\/produkt\/regenkap-ksb101-102-en-103\/","url_meta":{"origin":72,"position":5},"title":"Regnskyddstak KSB101, 2, 3","author":"Keybox@beheermodule","date":"28 januari 2022","format":false,"excerpt":"Regnskydd f\u00f6r Keysecurity-boxen","rel":"","context":"Liknande inl\u00e4gg","block_context":{"text":"Liknande inl\u00e4gg","link":""},"img":{"alt_text":"","src":"https:\/\/i0.wp.com\/keybox.nl\/wp-content\/uploads\/2022\/01\/IMG_5363-scaled-e1643386544179.jpg?resize=350%2C200&ssl=1","width":350,"height":200},"classes":[]}],"jetpack_sharing_enabled":true,"_links":{"self":[{"href":"https:\/\/keybox.nl\/sv\/wp-json\/wp\/v2\/product\/72","targetHints":{"allow":["GET"]}}],"collection":[{"href":"https:\/\/keybox.nl\/sv\/wp-json\/wp\/v2\/product"}],"about":[{"href":"https:\/\/keybox.nl\/sv\/wp-json\/wp\/v2\/types\/product"}],"replies":[{"embeddable":true,"href":"https:\/\/keybox.nl\/sv\/wp-json\/wp\/v2\/comments?post=72"}],"wp:featuredmedia":[{"embeddable":true,"href":"https:\/\/keybox.nl\/sv\/wp-json\/wp\/v2\/media\/63"}],"wp:attachment":[{"href":"https:\/\/keybox.nl\/sv\/wp-json\/wp\/v2\/media?parent=72"}],"wp:term":[{"taxonomy":"product_brand","embeddable":true,"href":"https:\/\/keybox.nl\/sv\/wp-json\/wp\/v2\/product_brand?post=72"},{"taxonomy":"product_cat","embeddable":true,"href":"https:\/\/keybox.nl\/sv\/wp-json\/wp\/v2\/product_cat?post=72"},{"taxonomy":"product_tag","embeddable":true,"href":"https:\/\/keybox.nl\/sv\/wp-json\/wp\/v2\/product_tag?post=72"}],"curies":[{"name":"wp","href":"https:\/\/api.w.org\/{rel}","templated":true}]}}