{"id":297,"date":"2022-02-18T12:24:38","date_gmt":"2022-02-18T12:24:38","guid":{"rendered":"http:\/\/keybox.nl\/?post_type=product&#038;p=297"},"modified":"2024-11-02T13:47:41","modified_gmt":"2024-11-02T13:47:41","slug":"digibox-7-sleutelhaken","status":"publish","type":"product","link":"https:\/\/keybox.nl\/sv\/produkt\/digibox-7-sleutelhaken\/","title":{"rendered":"Digibox 7 nyckelkrokar"},"content":{"rendered":"<h3>Digibox nyckelautomat 7 krokar<\/h3>\n<p>Ett s\u00e4kert nyckelhanteringssystem med 7 nyckelkrokar. Detta digitala nyckelhanteringssystem hj\u00e4lper dig att hantera nycklar p\u00e5 ett s\u00e4kert och enkelt s\u00e4tt. Det intelligenta, digitala och s\u00e4kra nyckelsk\u00e5pet med 7 nyckelplatser \u00e4r helt programmerbart och kan lagra upp till 7 nycklar effektivt och s\u00e4kert i ett enda nyckelhanteringssystem.<\/p>\n<h4>Fysiska egenskaper<\/h4>\n<ul>\n<li>Slitstarkt, v\u00e4derbest\u00e4ndigt h\u00f6lje med 2,5 mm v\u00e4ggtjocklek, galvaniserat och pulverlackerat f\u00f6r utm\u00e4rkt rostbest\u00e4ndighet.<\/li>\n<li>Passar f\u00f6r upp till 7 nycklar eller taggar som v\u00e4ger upp till 160 g styck.<\/li>\n<li>Standardiserad s\u00e4kerhetscylinder med tv\u00e5 medf\u00f6ljande nycklar f\u00f6r extra s\u00e4kerhet.<\/li>\n<li>Integrerat 55 x 25 mm nyckelh\u00e5l f\u00f6r s\u00e4ker och enkel inmatning av nycklar.<\/li>\n<li>Vikt: Cirka 9 kg (inklusive f\u00f6rpackning).<\/li>\n<\/ul>\n<h4>Elektroniska och funktionella egenskaper<\/h4>\n<ul>\n<li>Drivs med 12V DC \/ 3W, n\u00e4taggregat medf\u00f6ljer.<\/li>\n<li>Belyst display med 2\u00d716 tecken f\u00f6r enkel avl\u00e4sning i svagt ljus.<\/li>\n<li>Tangentbord med akustisk feedback och upplyst utmatningsfack f\u00f6r enkel anv\u00e4ndning.<\/li>\n<li>Programmerbara \u00e5tkomstkoder fr\u00e5n 4 till 10 tecken, inklusive valfria blockeringstider.<\/li>\n<li>St\u00f6d f\u00f6r flera spr\u00e5k: tyska, franska, italienska och engelska.<\/li>\n<li>Minnesfunktionen s\u00e4kerst\u00e4ller att koderna sparas \u00e4ven vid str\u00f6mavbrott.<\/li>\n<li>Tillval mot extra kostnad f\u00f6r inbyggt batteri f\u00f6r normal drift vid str\u00f6mavbrott.<\/li>\n<\/ul>\n<h4>Operativa funktioner och s\u00e4kerhetsfunktioner<\/h4>\n<ul>\n<li>Integrerade st\u00f6ldskyddsfunktioner f\u00f6r maximal s\u00e4kerhet.<\/li>\n<li>Utformad f\u00f6r l\u00e5ngvarig anv\u00e4ndning i olika v\u00e4derf\u00f6rh\u00e5llanden, vattent\u00e4t och motst\u00e5ndskraftig mot extrema temperaturer.<\/li>\n<li>Digibox 7 XL nyckelsk\u00e5p kan som tillval hanteras ONLINE via PC, laptop, surfplatta eller smartphone fr\u00e5n var som helst i v\u00e4rlden. Detta ger o\u00e4ndliga m\u00f6jligheter till anpassning och anv\u00e4ndningsscenarier, s\u00e5 att din nyckelhantering alltid \u00e4r optimalt anpassad till dina behov. F\u00f6r alternativ och priser, v\u00e4nligen kontakta <a href=\"https:\/\/keybox.nl\/sv\/contact\/\">kontakt<\/a> p\u00e5 med Keybox <a href=\"https:\/\/keybox.nl\/sv\/contact\/\">f\u00f6r en offert<\/a>!<\/li>\n<\/ul>\n<h4>F\u00e4rgalternativ och justeringar<\/h4>\n<ul>\n<li>Standardf\u00e4rger: RAL 1015 (ljus elfenben) och RAL 5010 (gentianabl\u00e5tt).<\/li>\n<li>Andra RAL-f\u00e4rger kan f\u00e5s mot extra kostnad,<\/li>\n<li>Variant i rostfritt st\u00e5l f\u00f6r extra h\u00e5llbarhet mot extra kostnad.<\/li>\n<\/ul>\n<p>Kontakta Keybox f\u00f6r mer information <a href=\"https:\/\/keybox.nl\/sv\/contact\/\">information eller en offert<\/a>. Best\u00e4ll Digibox Key Safe direkt fr\u00e5n Keybox.co.uk, din specialist p\u00e5 s\u00e4kra l\u00f6sningar f\u00f6r nyckelhantering!<\/p>\n<p><img decoding=\"async\" class=\"alignnone wp-image-1726\" src=\"http:\/\/keybox.nl\/wp-content\/uploads\/2024\/11\/keybox-digibox_digiboxXLsleutelkast-300x111.jpg\" alt=\"\" width=\"562\" height=\"208\" srcset=\"https:\/\/keybox.nl\/wp-content\/uploads\/2024\/11\/keybox-digibox_digiboxXLsleutelkast-300x111.jpg 300w, https:\/\/keybox.nl\/wp-content\/uploads\/2024\/11\/keybox-digibox_digiboxXLsleutelkast-416x154.jpg 416w, https:\/\/keybox.nl\/wp-content\/uploads\/2024\/11\/keybox-digibox_digiboxXLsleutelkast-768x284.jpg 768w, https:\/\/keybox.nl\/wp-content\/uploads\/2024\/11\/keybox-digibox_digiboxXLsleutelkast-18x7.jpg 18w, https:\/\/keybox.nl\/wp-content\/uploads\/2024\/11\/keybox-digibox_digiboxXLsleutelkast.jpg 1024w\" sizes=\"(max-width: 562px) 100vw, 562px\" \/><\/p>","protected":false},"excerpt":{"rendered":"<p>S\u00e4ker hantering av dina nycklar med 7 nyckelpositioner.<\/p>","protected":false},"featured_media":304,"comment_status":"open","ping_status":"closed","template":"","meta":[],"product_brand":[],"product_cat":[57],"product_tag":[76,78],"class_list":{"0":"post-297","1":"product","2":"type-product","3":"status-publish","4":"has-post-thumbnail","6":"product_cat-digibox-sleuteluitgifte","7":"product_tag-digibox-groot","8":"product_tag-digitaal-sleutelbeheersysteem","10":"first","11":"instock","12":"taxable","13":"shipping-taxable","14":"purchasable","15":"product-type-variable","16":"has-default-attributes"},"yoast_head":"<!-- This site is optimized with the Yoast SEO plugin v27.4 - https:\/\/yoast.com\/product\/yoast-seo-wordpress\/ -->\n<title>Digibox 7 sleutelhaken -<\/title>\n<meta name=\"description\" content=\"Digibox 7 haken sleutel uitgifte systeem. Met een code kan de klant de sleutel opvragen binnen een tijdszone. Overdracht zonder personeel.\" \/>\n<meta name=\"robots\" content=\"index, follow, max-snippet:-1, max-image-preview:large, max-video-preview:-1\" \/>\n<link rel=\"canonical\" href=\"https:\/\/keybox.nl\/sv\/produkt\/digibox-7-sleutelhaken\/\" \/>\n<meta property=\"og:locale\" content=\"sv_SE\" \/>\n<meta property=\"og:type\" content=\"article\" \/>\n<meta property=\"og:title\" content=\"Digibox 7 sleutelhaken -\" \/>\n<meta property=\"og:description\" content=\"Digibox 7 haken sleutel uitgifte systeem. Met een code kan de klant de sleutel opvragen binnen een tijdszone. Overdracht zonder personeel.\" \/>\n<meta property=\"og:url\" content=\"https:\/\/keybox.nl\/sv\/produkt\/digibox-7-sleutelhaken\/\" \/>\n<meta property=\"article:modified_time\" content=\"2024-11-02T13:47:41+00:00\" \/>\n<meta property=\"og:image\" content=\"http:\/\/keybox.nl\/wp-content\/uploads\/2022\/02\/Digibox-7-haken-Keybox-e1645195424393.jpg\" \/>\n\t<meta property=\"og:image:width\" content=\"487\" \/>\n\t<meta property=\"og:image:height\" content=\"487\" \/>\n\t<meta property=\"og:image:type\" content=\"image\/jpeg\" \/>\n<meta name=\"twitter:card\" content=\"summary_large_image\" \/>\n<meta name=\"twitter:label1\" content=\"Ber\u00e4knad l\u00e4stid\" \/>\n\t<meta name=\"twitter:data1\" content=\"2 minuter\" \/>\n<script type=\"application\/ld+json\" class=\"yoast-schema-graph\">{\"@context\":\"https:\\\/\\\/schema.org\",\"@graph\":[{\"@type\":\"WebPage\",\"@id\":\"https:\\\/\\\/keybox.nl\\\/product\\\/digibox-7-sleutelhaken\\\/\",\"url\":\"https:\\\/\\\/keybox.nl\\\/product\\\/digibox-7-sleutelhaken\\\/\",\"name\":\"Digibox 7 sleutelhaken -\",\"isPartOf\":{\"@id\":\"https:\\\/\\\/keybox.nl\\\/#website\"},\"primaryImageOfPage\":{\"@id\":\"https:\\\/\\\/keybox.nl\\\/product\\\/digibox-7-sleutelhaken\\\/#primaryimage\"},\"image\":{\"@id\":\"https:\\\/\\\/keybox.nl\\\/product\\\/digibox-7-sleutelhaken\\\/#primaryimage\"},\"thumbnailUrl\":\"https:\\\/\\\/keybox.nl\\\/wp-content\\\/uploads\\\/2022\\\/02\\\/Digibox-7-haken-Keybox-e1645195424393.jpg\",\"datePublished\":\"2022-02-18T12:24:38+00:00\",\"dateModified\":\"2024-11-02T13:47:41+00:00\",\"description\":\"Digibox 7 haken sleutel uitgifte systeem. Met een code kan de klant de sleutel opvragen binnen een tijdszone. Overdracht zonder personeel.\",\"breadcrumb\":{\"@id\":\"https:\\\/\\\/keybox.nl\\\/product\\\/digibox-7-sleutelhaken\\\/#breadcrumb\"},\"inLanguage\":\"sv-SE\",\"potentialAction\":[{\"@type\":\"ReadAction\",\"target\":[\"https:\\\/\\\/keybox.nl\\\/product\\\/digibox-7-sleutelhaken\\\/\"]}]},{\"@type\":\"ImageObject\",\"inLanguage\":\"sv-SE\",\"@id\":\"https:\\\/\\\/keybox.nl\\\/product\\\/digibox-7-sleutelhaken\\\/#primaryimage\",\"url\":\"https:\\\/\\\/keybox.nl\\\/wp-content\\\/uploads\\\/2022\\\/02\\\/Digibox-7-haken-Keybox-e1645195424393.jpg\",\"contentUrl\":\"https:\\\/\\\/keybox.nl\\\/wp-content\\\/uploads\\\/2022\\\/02\\\/Digibox-7-haken-Keybox-e1645195424393.jpg\",\"width\":487,\"height\":487},{\"@type\":\"BreadcrumbList\",\"@id\":\"https:\\\/\\\/keybox.nl\\\/product\\\/digibox-7-sleutelhaken\\\/#breadcrumb\",\"itemListElement\":[{\"@type\":\"ListItem\",\"position\":1,\"name\":\"Home\",\"item\":\"https:\\\/\\\/keybox.nl\\\/\"},{\"@type\":\"ListItem\",\"position\":2,\"name\":\"Beveiligde sleutelkastjes kopen\",\"item\":\"https:\\\/\\\/keybox.nl\\\/\"},{\"@type\":\"ListItem\",\"position\":3,\"name\":\"Digibox 7 sleutelhaken\"}]},{\"@type\":\"WebSite\",\"@id\":\"https:\\\/\\\/keybox.nl\\\/#website\",\"url\":\"https:\\\/\\\/keybox.nl\\\/\",\"name\":\"\",\"description\":\"\",\"potentialAction\":[{\"@type\":\"SearchAction\",\"target\":{\"@type\":\"EntryPoint\",\"urlTemplate\":\"https:\\\/\\\/keybox.nl\\\/?s={search_term_string}\"},\"query-input\":{\"@type\":\"PropertyValueSpecification\",\"valueRequired\":true,\"valueName\":\"search_term_string\"}}],\"inLanguage\":\"sv-SE\"}]}<\/script>\n<!-- \/ Yoast SEO plugin. -->","yoast_head_json":{"title":"Digibox 7 nyckelkrokar","description":"Digibox 7 krok nyckelutgivningssystem. En kod g\u00f6r det m\u00f6jligt f\u00f6r kunden att h\u00e4mta nyckeln inom en tidszon. \u00d6verf\u00f6ring utan personal.","robots":{"index":"index","follow":"follow","max-snippet":"max-snippet:-1","max-image-preview":"max-image-preview:large","max-video-preview":"max-video-preview:-1"},"canonical":"https:\/\/keybox.nl\/sv\/produkt\/digibox-7-sleutelhaken\/","og_locale":"sv_SE","og_type":"article","og_title":"Digibox 7 sleutelhaken -","og_description":"Digibox 7 haken sleutel uitgifte systeem. Met een code kan de klant de sleutel opvragen binnen een tijdszone. Overdracht zonder personeel.","og_url":"https:\/\/keybox.nl\/sv\/produkt\/digibox-7-sleutelhaken\/","article_modified_time":"2024-11-02T13:47:41+00:00","og_image":[{"width":487,"height":487,"url":"http:\/\/keybox.nl\/wp-content\/uploads\/2022\/02\/Digibox-7-haken-Keybox-e1645195424393.jpg","type":"image\/jpeg"}],"twitter_card":"summary_large_image","twitter_misc":{"Ber\u00e4knad l\u00e4stid":"2 minuter"},"schema":{"@context":"https:\/\/schema.org","@graph":[{"@type":"WebPage","@id":"https:\/\/keybox.nl\/product\/digibox-7-sleutelhaken\/","url":"https:\/\/keybox.nl\/product\/digibox-7-sleutelhaken\/","name":"Digibox 7 nyckelkrokar","isPartOf":{"@id":"https:\/\/keybox.nl\/#website"},"primaryImageOfPage":{"@id":"https:\/\/keybox.nl\/product\/digibox-7-sleutelhaken\/#primaryimage"},"image":{"@id":"https:\/\/keybox.nl\/product\/digibox-7-sleutelhaken\/#primaryimage"},"thumbnailUrl":"https:\/\/keybox.nl\/wp-content\/uploads\/2022\/02\/Digibox-7-haken-Keybox-e1645195424393.jpg","datePublished":"2022-02-18T12:24:38+00:00","dateModified":"2024-11-02T13:47:41+00:00","description":"Digibox 7 krok nyckelutgivningssystem. En kod g\u00f6r det m\u00f6jligt f\u00f6r kunden att h\u00e4mta nyckeln inom en tidszon. \u00d6verf\u00f6ring utan personal.","breadcrumb":{"@id":"https:\/\/keybox.nl\/product\/digibox-7-sleutelhaken\/#breadcrumb"},"inLanguage":"sv-SE","potentialAction":[{"@type":"ReadAction","target":["https:\/\/keybox.nl\/product\/digibox-7-sleutelhaken\/"]}]},{"@type":"ImageObject","inLanguage":"sv-SE","@id":"https:\/\/keybox.nl\/product\/digibox-7-sleutelhaken\/#primaryimage","url":"https:\/\/keybox.nl\/wp-content\/uploads\/2022\/02\/Digibox-7-haken-Keybox-e1645195424393.jpg","contentUrl":"https:\/\/keybox.nl\/wp-content\/uploads\/2022\/02\/Digibox-7-haken-Keybox-e1645195424393.jpg","width":487,"height":487},{"@type":"BreadcrumbList","@id":"https:\/\/keybox.nl\/product\/digibox-7-sleutelhaken\/#breadcrumb","itemListElement":[{"@type":"ListItem","position":1,"name":"Home","item":"https:\/\/keybox.nl\/"},{"@type":"ListItem","position":2,"name":"Beveiligde sleutelkastjes kopen","item":"https:\/\/keybox.nl\/"},{"@type":"ListItem","position":3,"name":"Digibox 7 sleutelhaken"}]},{"@type":"WebSite","@id":"https:\/\/keybox.nl\/#website","url":"https:\/\/keybox.nl\/","name":"","description":"","potentialAction":[{"@type":"SearchAction","target":{"@type":"EntryPoint","urlTemplate":"https:\/\/keybox.nl\/?s={search_term_string}"},"query-input":{"@type":"PropertyValueSpecification","valueRequired":true,"valueName":"search_term_string"}}],"inLanguage":"sv-SE"}]}},"jetpack-related-posts":[{"id":1690,"url":"https:\/\/keybox.nl\/sv\/produkt\/digibox-xl-7-sleutelhaken\/","url_meta":{"origin":297,"position":0},"title":"Digibox XL 7 nyckelkrokar","author":"Keybox@beheermodule","date":"2 november 2024","format":false,"excerpt":"Extra rymlig Digibox XL","rel":"","context":"Liknande inl\u00e4gg","block_context":{"text":"Liknande inl\u00e4gg","link":""},"img":{"alt_text":"main","src":"https:\/\/i0.wp.com\/keybox.nl\/wp-content\/uploads\/2024\/03\/keybox-sho61f00882f1913_digiboxXLRAL5010.jpg?resize=350%2C200&ssl=1","width":350,"height":200,"srcset":"https:\/\/i0.wp.com\/keybox.nl\/wp-content\/uploads\/2024\/03\/keybox-sho61f00882f1913_digiboxXLRAL5010.jpg?resize=350%2C200&ssl=1 1x, https:\/\/i0.wp.com\/keybox.nl\/wp-content\/uploads\/2024\/03\/keybox-sho61f00882f1913_digiboxXLRAL5010.jpg?resize=525%2C300&ssl=1 1.5x, https:\/\/i0.wp.com\/keybox.nl\/wp-content\/uploads\/2024\/03\/keybox-sho61f00882f1913_digiboxXLRAL5010.jpg?resize=700%2C400&ssl=1 2x"},"classes":[]},{"id":1754,"url":"https:\/\/keybox.nl\/sv\/produkt\/in-box-digibox\/","url_meta":{"origin":297,"position":1},"title":"In-box Digibox","author":"Elric Drost","date":"29 november 2024","format":false,"excerpt":"Rymlig och s\u00e4ker l\u00e5da f\u00f6r nycklar eller kuvert.","rel":"","context":"Liknande inl\u00e4gg","block_context":{"text":"Liknande inl\u00e4gg","link":""},"img":{"alt_text":"","src":"https:\/\/i0.wp.com\/keybox.nl\/wp-content\/uploads\/2024\/11\/in-box-digibox-keybox2021blauw.jpg?resize=350%2C200&ssl=1","width":350,"height":200,"srcset":"https:\/\/i0.wp.com\/keybox.nl\/wp-content\/uploads\/2024\/11\/in-box-digibox-keybox2021blauw.jpg?resize=350%2C200&ssl=1 1x, https:\/\/i0.wp.com\/keybox.nl\/wp-content\/uploads\/2024\/11\/in-box-digibox-keybox2021blauw.jpg?resize=525%2C300&ssl=1 1.5x, https:\/\/i0.wp.com\/keybox.nl\/wp-content\/uploads\/2024\/11\/in-box-digibox-keybox2021blauw.jpg?resize=700%2C400&ssl=1 2x"},"classes":[]},{"id":1745,"url":"https:\/\/keybox.nl\/sv\/produkt\/digisafe-19-sleutelplaatsen\/","url_meta":{"origin":297,"position":2},"title":"Digisafe, 19 viktiga platser","author":"Elric Drost","date":"29 november 2024","format":false,"excerpt":"Den st\u00f6rsta digiboxen f\u00f6r 19 nycklar, taggar eller chipkort.","rel":"","context":"Liknande inl\u00e4gg","block_context":{"text":"Liknande inl\u00e4gg","link":""},"img":{"alt_text":"","src":"https:\/\/i0.wp.com\/keybox.nl\/wp-content\/uploads\/2024\/11\/digisafe-RAL-1015-keybox.jpg?resize=350%2C200&ssl=1","width":350,"height":200,"srcset":"https:\/\/i0.wp.com\/keybox.nl\/wp-content\/uploads\/2024\/11\/digisafe-RAL-1015-keybox.jpg?resize=350%2C200&ssl=1 1x, https:\/\/i0.wp.com\/keybox.nl\/wp-content\/uploads\/2024\/11\/digisafe-RAL-1015-keybox.jpg?resize=525%2C300&ssl=1 1.5x, https:\/\/i0.wp.com\/keybox.nl\/wp-content\/uploads\/2024\/11\/digisafe-RAL-1015-keybox.jpg?resize=700%2C400&ssl=1 2x"},"classes":[]},{"id":1822,"url":"https:\/\/keybox.nl\/sv\/produkt\/keysafe-gce\/","url_meta":{"origin":297,"position":3},"title":"Nyckels\u00e4ker GCE","author":"Elric Drost","date":"26 januari 2025","format":false,"excerpt":"V\u00e4lj mellan 3 olika modeller.","rel":"","context":"Liknande inl\u00e4gg","block_context":{"text":"Liknande inl\u00e4gg","link":""},"img":{"alt_text":"","src":"https:\/\/i0.wp.com\/keybox.nl\/wp-content\/uploads\/2025\/01\/9858a0f7e85097eb90f56de1f00f8269.jpg?resize=350%2C200&ssl=1","width":350,"height":200,"srcset":"https:\/\/i0.wp.com\/keybox.nl\/wp-content\/uploads\/2025\/01\/9858a0f7e85097eb90f56de1f00f8269.jpg?resize=350%2C200&ssl=1 1x, https:\/\/i0.wp.com\/keybox.nl\/wp-content\/uploads\/2025\/01\/9858a0f7e85097eb90f56de1f00f8269.jpg?resize=525%2C300&ssl=1 1.5x, https:\/\/i0.wp.com\/keybox.nl\/wp-content\/uploads\/2025\/01\/9858a0f7e85097eb90f56de1f00f8269.jpg?resize=700%2C400&ssl=1 2x, https:\/\/i0.wp.com\/keybox.nl\/wp-content\/uploads\/2025\/01\/9858a0f7e85097eb90f56de1f00f8269.jpg?resize=1050%2C600&ssl=1 3x, https:\/\/i0.wp.com\/keybox.nl\/wp-content\/uploads\/2025\/01\/9858a0f7e85097eb90f56de1f00f8269.jpg?resize=1400%2C800&ssl=1 4x"},"classes":[]},{"id":1812,"url":"https:\/\/keybox.nl\/sv\/produkt\/drs-vector-combi-keysafe\/","url_meta":{"origin":297,"position":4},"title":"DRS Vector Combi Nyckelsafe","author":"Elric Drost","date":"21 januari 2025","format":false,"excerpt":"Perfekt f\u00f6r professionellt bruk.","rel":"","context":"Liknande inl\u00e4gg","block_context":{"text":"Liknande inl\u00e4gg","link":""},"img":{"alt_text":"","src":"https:\/\/i0.wp.com\/keybox.nl\/wp-content\/uploads\/2025\/01\/DRS-Vector-Combi-Keysafe-keybox.jpg?resize=350%2C200&ssl=1","width":350,"height":200,"srcset":"https:\/\/i0.wp.com\/keybox.nl\/wp-content\/uploads\/2025\/01\/DRS-Vector-Combi-Keysafe-keybox.jpg?resize=350%2C200&ssl=1 1x, https:\/\/i0.wp.com\/keybox.nl\/wp-content\/uploads\/2025\/01\/DRS-Vector-Combi-Keysafe-keybox.jpg?resize=525%2C300&ssl=1 1.5x, https:\/\/i0.wp.com\/keybox.nl\/wp-content\/uploads\/2025\/01\/DRS-Vector-Combi-Keysafe-keybox.jpg?resize=700%2C400&ssl=1 2x, https:\/\/i0.wp.com\/keybox.nl\/wp-content\/uploads\/2025\/01\/DRS-Vector-Combi-Keysafe-keybox.jpg?resize=1050%2C600&ssl=1 3x"},"classes":[]},{"id":1782,"url":"https:\/\/keybox.nl\/sv\/produkt\/keysafe-p500\/","url_meta":{"origin":297,"position":5},"title":"Nyckelsafe P500","author":"Elric Drost","date":"13 december 2024","format":false,"excerpt":"Det s\u00e4kraste mininyckelsk\u00e5pet p\u00e5 marknaden.","rel":"","context":"Liknande inl\u00e4gg","block_context":{"text":"Liknande inl\u00e4gg","link":""},"img":{"alt_text":"","src":"https:\/\/i0.wp.com\/keybox.nl\/wp-content\/uploads\/2024\/12\/boite-a-cle-keysafe-pro-grand-format.jpg?resize=350%2C200&ssl=1","width":350,"height":200},"classes":[]}],"jetpack_sharing_enabled":true,"_links":{"self":[{"href":"https:\/\/keybox.nl\/sv\/wp-json\/wp\/v2\/product\/297","targetHints":{"allow":["GET"]}}],"collection":[{"href":"https:\/\/keybox.nl\/sv\/wp-json\/wp\/v2\/product"}],"about":[{"href":"https:\/\/keybox.nl\/sv\/wp-json\/wp\/v2\/types\/product"}],"replies":[{"embeddable":true,"href":"https:\/\/keybox.nl\/sv\/wp-json\/wp\/v2\/comments?post=297"}],"wp:featuredmedia":[{"embeddable":true,"href":"https:\/\/keybox.nl\/sv\/wp-json\/wp\/v2\/media\/304"}],"wp:attachment":[{"href":"https:\/\/keybox.nl\/sv\/wp-json\/wp\/v2\/media?parent=297"}],"wp:term":[{"taxonomy":"product_brand","embeddable":true,"href":"https:\/\/keybox.nl\/sv\/wp-json\/wp\/v2\/product_brand?post=297"},{"taxonomy":"product_cat","embeddable":true,"href":"https:\/\/keybox.nl\/sv\/wp-json\/wp\/v2\/product_cat?post=297"},{"taxonomy":"product_tag","embeddable":true,"href":"https:\/\/keybox.nl\/sv\/wp-json\/wp\/v2\/product_tag?post=297"}],"curies":[{"name":"wp","href":"https:\/\/api.w.org\/{rel}","templated":true}]}}