{"id":255,"date":"2022-02-03T12:06:54","date_gmt":"2022-02-03T12:06:54","guid":{"rendered":"http:\/\/keybox.nl\/?post_type=product&#038;p=255"},"modified":"2025-11-26T09:44:43","modified_gmt":"2025-11-26T09:44:43","slug":"regenkap-anti-masking-ksb107","status":"publish","type":"product","link":"https:\/\/keybox.nl\/sv\/produkt\/regenkap-anti-masking-ksb107\/","title":{"rendered":"Regnhatt | Anti-maskning KSB107"},"content":{"rendered":"<h2>Regnhatt | Anti-maskning KSB107<\/h2>\n<p>Montera regn-\/antimaskeringshuven i rostfritt st\u00e5l\/Inox f\u00f6r att f\u00f6rhindra regn och maskering.<\/p>\n<p>K\u00e5pan kommer mellan gavelpl\u00e5ten med rulle och v\u00e4ggen\/v\u00e4ggen och \u00e4r ocks\u00e5 l\u00e4tt att montera i efterhand. I vissa fall kan regnvatten tr\u00e4nga in i kassask\u00e5pet genom rull\u00f6ppningen, vilket f\u00f6rhindras med huven. K\u00e5pan f\u00f6rhindrar ocks\u00e5 att n\u00e5gon h\u00e4nger upp n\u00e5got framf\u00f6r kassask\u00e5pet.<\/p>\n<p><strong><span style=\"color: #ffcc00;\">Notera<\/span>: ej l\u00e4mplig f\u00f6r modell KSB107 XL.<\/strong><\/p>\n<div id=\"jp-relatedposts\" class=\"jp-relatedposts\"><\/div>","protected":false},"excerpt":{"rendered":"<p>&nbsp;<\/p>\n<p>Montera regn-\/maskeringshuven i rostfritt st\u00e5l\/Inox f\u00f6r att f\u00f6rhindra regn och maskering.<span class=\"Apple-converted-space\">\u00a0<\/span><\/p>","protected":false},"featured_media":183,"comment_status":"open","ping_status":"closed","template":"","meta":[],"product_brand":[],"product_cat":[36],"product_tag":[],"class_list":{"0":"post-255","1":"product","2":"type-product","3":"status-publish","4":"has-post-thumbnail","6":"product_cat-keysecuritybox-accessoires","8":"first","9":"instock","10":"taxable","11":"shipping-taxable","12":"purchasable","13":"product-type-simple"},"yoast_head":"<!-- This site is optimized with the Yoast SEO plugin v27.5 - https:\/\/yoast.com\/product\/yoast-seo-wordpress\/ -->\n<title>Regenkap | Anti-masking KSB107 -<\/title>\n<meta name=\"robots\" content=\"index, follow, max-snippet:-1, max-image-preview:large, max-video-preview:-1\" \/>\n<link rel=\"canonical\" href=\"https:\/\/keybox.nl\/sv\/produkt\/regenkap-anti-masking-ksb107\/\" \/>\n<meta property=\"og:locale\" content=\"sv_SE\" \/>\n<meta property=\"og:type\" content=\"article\" \/>\n<meta property=\"og:title\" content=\"Regenkap | Anti-masking KSB107 -\" \/>\n<meta property=\"og:description\" content=\"&nbsp;  Plaats de RVS\/Inox regen- \/ antimaskeer kap om inregen en maskering te voor-komen.\u00a0\" \/>\n<meta property=\"og:url\" content=\"https:\/\/keybox.nl\/sv\/produkt\/regenkap-anti-masking-ksb107\/\" \/>\n<meta property=\"article:modified_time\" content=\"2025-11-26T09:44:43+00:00\" \/>\n<meta property=\"og:image\" content=\"http:\/\/keybox.nl\/wp-content\/uploads\/2022\/01\/KSB_007_rain-scaled-e1643227017671.jpg\" \/>\n\t<meta property=\"og:image:width\" content=\"365\" \/>\n\t<meta property=\"og:image:height\" content=\"487\" \/>\n\t<meta property=\"og:image:type\" content=\"image\/jpeg\" \/>\n<meta name=\"twitter:card\" content=\"summary_large_image\" \/>\n<script type=\"application\/ld+json\" class=\"yoast-schema-graph\">{\"@context\":\"https:\\\/\\\/schema.org\",\"@graph\":[{\"@type\":\"WebPage\",\"@id\":\"https:\\\/\\\/keybox.nl\\\/product\\\/regenkap-anti-masking-ksb107\\\/\",\"url\":\"https:\\\/\\\/keybox.nl\\\/product\\\/regenkap-anti-masking-ksb107\\\/\",\"name\":\"Regenkap | Anti-masking KSB107 -\",\"isPartOf\":{\"@id\":\"https:\\\/\\\/keybox.nl\\\/#website\"},\"primaryImageOfPage\":{\"@id\":\"https:\\\/\\\/keybox.nl\\\/product\\\/regenkap-anti-masking-ksb107\\\/#primaryimage\"},\"image\":{\"@id\":\"https:\\\/\\\/keybox.nl\\\/product\\\/regenkap-anti-masking-ksb107\\\/#primaryimage\"},\"thumbnailUrl\":\"https:\\\/\\\/keybox.nl\\\/wp-content\\\/uploads\\\/2022\\\/01\\\/KSB_007_rain-scaled-e1643227017671.jpg\",\"datePublished\":\"2022-02-03T12:06:54+00:00\",\"dateModified\":\"2025-11-26T09:44:43+00:00\",\"breadcrumb\":{\"@id\":\"https:\\\/\\\/keybox.nl\\\/product\\\/regenkap-anti-masking-ksb107\\\/#breadcrumb\"},\"inLanguage\":\"sv-SE\",\"potentialAction\":[{\"@type\":\"ReadAction\",\"target\":[\"https:\\\/\\\/keybox.nl\\\/product\\\/regenkap-anti-masking-ksb107\\\/\"]}]},{\"@type\":\"ImageObject\",\"inLanguage\":\"sv-SE\",\"@id\":\"https:\\\/\\\/keybox.nl\\\/product\\\/regenkap-anti-masking-ksb107\\\/#primaryimage\",\"url\":\"https:\\\/\\\/keybox.nl\\\/wp-content\\\/uploads\\\/2022\\\/01\\\/KSB_007_rain-scaled-e1643227017671.jpg\",\"contentUrl\":\"https:\\\/\\\/keybox.nl\\\/wp-content\\\/uploads\\\/2022\\\/01\\\/KSB_007_rain-scaled-e1643227017671.jpg\",\"width\":365,\"height\":487,\"caption\":\"Regenkap KSB107\"},{\"@type\":\"BreadcrumbList\",\"@id\":\"https:\\\/\\\/keybox.nl\\\/product\\\/regenkap-anti-masking-ksb107\\\/#breadcrumb\",\"itemListElement\":[{\"@type\":\"ListItem\",\"position\":1,\"name\":\"Home\",\"item\":\"https:\\\/\\\/keybox.nl\\\/\"},{\"@type\":\"ListItem\",\"position\":2,\"name\":\"Beveiligde sleutelkastjes kopen\",\"item\":\"https:\\\/\\\/keybox.nl\\\/\"},{\"@type\":\"ListItem\",\"position\":3,\"name\":\"Regenkap | Anti-masking KSB107\"}]},{\"@type\":\"WebSite\",\"@id\":\"https:\\\/\\\/keybox.nl\\\/#website\",\"url\":\"https:\\\/\\\/keybox.nl\\\/\",\"name\":\"\",\"description\":\"\",\"potentialAction\":[{\"@type\":\"SearchAction\",\"target\":{\"@type\":\"EntryPoint\",\"urlTemplate\":\"https:\\\/\\\/keybox.nl\\\/?s={search_term_string}\"},\"query-input\":{\"@type\":\"PropertyValueSpecification\",\"valueRequired\":true,\"valueName\":\"search_term_string\"}}],\"inLanguage\":\"sv-SE\"}]}<\/script>\n<!-- \/ Yoast SEO plugin. -->","yoast_head_json":{"title":"Regenkap | Anti-masking KSB107 -","robots":{"index":"index","follow":"follow","max-snippet":"max-snippet:-1","max-image-preview":"max-image-preview:large","max-video-preview":"max-video-preview:-1"},"canonical":"https:\/\/keybox.nl\/sv\/produkt\/regenkap-anti-masking-ksb107\/","og_locale":"sv_SE","og_type":"article","og_title":"Regenkap | Anti-masking KSB107 -","og_description":"&nbsp;  Plaats de RVS\/Inox regen- \/ antimaskeer kap om inregen en maskering te voor-komen.\u00a0","og_url":"https:\/\/keybox.nl\/sv\/produkt\/regenkap-anti-masking-ksb107\/","article_modified_time":"2025-11-26T09:44:43+00:00","og_image":[{"width":365,"height":487,"url":"http:\/\/keybox.nl\/wp-content\/uploads\/2022\/01\/KSB_007_rain-scaled-e1643227017671.jpg","type":"image\/jpeg"}],"twitter_card":"summary_large_image","schema":{"@context":"https:\/\/schema.org","@graph":[{"@type":"WebPage","@id":"https:\/\/keybox.nl\/product\/regenkap-anti-masking-ksb107\/","url":"https:\/\/keybox.nl\/product\/regenkap-anti-masking-ksb107\/","name":"Regenkap | Anti-masking KSB107 -","isPartOf":{"@id":"https:\/\/keybox.nl\/#website"},"primaryImageOfPage":{"@id":"https:\/\/keybox.nl\/product\/regenkap-anti-masking-ksb107\/#primaryimage"},"image":{"@id":"https:\/\/keybox.nl\/product\/regenkap-anti-masking-ksb107\/#primaryimage"},"thumbnailUrl":"https:\/\/keybox.nl\/wp-content\/uploads\/2022\/01\/KSB_007_rain-scaled-e1643227017671.jpg","datePublished":"2022-02-03T12:06:54+00:00","dateModified":"2025-11-26T09:44:43+00:00","breadcrumb":{"@id":"https:\/\/keybox.nl\/product\/regenkap-anti-masking-ksb107\/#breadcrumb"},"inLanguage":"sv-SE","potentialAction":[{"@type":"ReadAction","target":["https:\/\/keybox.nl\/product\/regenkap-anti-masking-ksb107\/"]}]},{"@type":"ImageObject","inLanguage":"sv-SE","@id":"https:\/\/keybox.nl\/product\/regenkap-anti-masking-ksb107\/#primaryimage","url":"https:\/\/keybox.nl\/wp-content\/uploads\/2022\/01\/KSB_007_rain-scaled-e1643227017671.jpg","contentUrl":"https:\/\/keybox.nl\/wp-content\/uploads\/2022\/01\/KSB_007_rain-scaled-e1643227017671.jpg","width":365,"height":487,"caption":"Regenkap KSB107"},{"@type":"BreadcrumbList","@id":"https:\/\/keybox.nl\/product\/regenkap-anti-masking-ksb107\/#breadcrumb","itemListElement":[{"@type":"ListItem","position":1,"name":"Home","item":"https:\/\/keybox.nl\/"},{"@type":"ListItem","position":2,"name":"Beveiligde sleutelkastjes kopen","item":"https:\/\/keybox.nl\/"},{"@type":"ListItem","position":3,"name":"Regenkap | Anti-masking KSB107"}]},{"@type":"WebSite","@id":"https:\/\/keybox.nl\/#website","url":"https:\/\/keybox.nl\/","name":"","description":"","potentialAction":[{"@type":"SearchAction","target":{"@type":"EntryPoint","urlTemplate":"https:\/\/keybox.nl\/?s={search_term_string}"},"query-input":{"@type":"PropertyValueSpecification","valueRequired":true,"valueName":"search_term_string"}}],"inLanguage":"sv-SE"}]}},"jetpack-related-posts":[{"id":1339,"url":"https:\/\/keybox.nl\/sv\/produkt\/regenkap-anti-masking-ksb107-xl\/","url_meta":{"origin":255,"position":0},"title":"Regnm\u00f6ssa | Anti-maskning KSB107W","author":"Keybox@beheermodule","date":"10 februari 2023","format":false,"excerpt":"\u00a0 Montera regn-\/maskeringshuven i rostfritt st\u00e5l\/Inox f\u00f6r att f\u00f6rhindra regn och maskering.\u00a0","rel":"","context":"Liknande inl\u00e4gg","block_context":{"text":"Liknande inl\u00e4gg","link":""},"img":{"alt_text":"Regenkap KSB107","src":"https:\/\/i0.wp.com\/keybox.nl\/wp-content\/uploads\/2022\/01\/KSB_007_rain-scaled-e1643227017671.jpg?resize=350%2C200&ssl=1","width":350,"height":200},"classes":[]},{"id":237,"url":"https:\/\/keybox.nl\/sv\/produkt\/paneel-met-uitsparing-ksb107\/","url_meta":{"origin":255,"position":1},"title":"Panel f\u00f6r KSB107 och KSB107W","author":"Keybox@beheermodule","date":"1 februari 2022","format":false,"excerpt":"V\u00e4ggpanel med urtag f\u00f6r KSB107 Rekommenderas vid installation i en v\u00e4gg som inte best\u00e5r av sten, t.ex. en sandwichpanel. Panelen i rostfritt st\u00e5l\/inox \u00e4r f\u00f6rsedd med ett urtag.","rel":"","context":"Liknande inl\u00e4gg","block_context":{"text":"Liknande inl\u00e4gg","link":""},"img":{"alt_text":"RVS paneel ksb107","src":"https:\/\/i0.wp.com\/keybox.nl\/wp-content\/uploads\/2022\/02\/SS-Plate-KSB107-e1643788038351.jpg?resize=350%2C200&ssl=1","width":350,"height":200},"classes":[]},{"id":193,"url":"https:\/\/keybox.nl\/sv\/produkt\/keysecuritybox-sleutelkluis-ksb107\/","url_meta":{"origin":255,"position":2},"title":"Keysecuritybox KSB107 nyckelsk\u00e5p","author":"Keybox@beheermodule","date":"28 januari 2022","format":false,"excerpt":"Nyckelsk\u00e5p KSB107 KSB107 kan monteras i v\u00e4gg\/v\u00e4gg och \u00e4r mycket s\u00e4kert. Rull\u00f6ppning L44, H64, D 124 mm.","rel":"","context":"Liknande inl\u00e4gg","block_context":{"text":"Liknande inl\u00e4gg","link":""},"img":{"alt_text":"","src":"https:\/\/i0.wp.com\/keybox.nl\/wp-content\/uploads\/2022\/01\/Ksb007-5-225x300.jpg?resize=350%2C200","width":350,"height":200},"classes":[]},{"id":201,"url":"https:\/\/keybox.nl\/sv\/produkt\/keysecuritybox-sleutelkluis-ksb107-wl\/","url_meta":{"origin":255,"position":3},"title":"Nyckels\u00e4kerhetsbox KSB107 W nyckelsk\u00e5p","author":"Keybox@beheermodule","date":"28 januari 2022","format":false,"excerpt":"Nyckelsk\u00e5p KSB107 XL KSB107 kan installeras i v\u00e4gg\/v\u00e4gg och \u00e4r extremt s\u00e4kert. Rull\u00f6ppning L66, H64, D 124 mm.","rel":"","context":"Liknande inl\u00e4gg","block_context":{"text":"Liknande inl\u00e4gg","link":""},"img":{"alt_text":"","src":"https:\/\/i0.wp.com\/keybox.nl\/wp-content\/uploads\/2022\/01\/Keysecuritybox-KSB107XL-300x300.jpg?resize=350%2C200","width":350,"height":200},"classes":[]},{"id":248,"url":"https:\/\/keybox.nl\/sv\/produkt\/seismische-kluis-detector-ksb107\/","url_meta":{"origin":255,"position":4},"title":"Seismisk valvdetektor KSB107","author":"Keybox@beheermodule","date":"2 februari 2022","format":false,"excerpt":"Seismisk s\u00e4kerhetsdetektor KSB007 Seismisk s\u00e4kerhetsdetektor i metallh\u00f6lje. Sensorn reagerar p\u00e5 vibrationer och ljud, vilket g\u00f6r att den kan uppt\u00e4cka en attack mot objektet. Ska anslutas till larmsystemet. Keysecuritybox KSB107 \u00e4r f\u00f6rberedd f\u00f6r att montera denna sensor. Bredd31 mm H\u00f6jd 23 mm L\u00e4ngd 91 mm Material...","rel":"","context":"Liknande inl\u00e4gg","block_context":{"text":"Liknande inl\u00e4gg","link":""},"img":{"alt_text":"Seismische Kluis Detector","src":"https:\/\/i0.wp.com\/keybox.nl\/wp-content\/uploads\/2022\/02\/Seismische-Kluis-Detector-e1643814028729.jpg?resize=350%2C200&ssl=1","width":350,"height":200},"classes":[]},{"id":232,"url":"https:\/\/keybox.nl\/sv\/produkt\/lowering-bracket-ksb107\/","url_meta":{"origin":255,"position":5},"title":"S\u00e4nkningskonsol KSB107","author":"Keybox@beheermodule","date":"1 februari 2022","format":false,"excerpt":"s\u00e4nkningsf\u00e4ste KSB007 Placera s\u00e4nkningsf\u00e4stet om v\u00e4ggen \u00e4r tjockare \u00e4n 30 centimeter, s\u00e5 att det finns en lutning p\u00e5 minst 30\u02da.","rel":"","context":"Liknande inl\u00e4gg","block_context":{"text":"Liknande inl\u00e4gg","link":""},"img":{"alt_text":"Lowering bracket KSB107","src":"https:\/\/i0.wp.com\/keybox.nl\/wp-content\/uploads\/2022\/02\/Lowering-bracket-KSB107.jpg?resize=350%2C200&ssl=1","width":350,"height":200,"srcset":"https:\/\/i0.wp.com\/keybox.nl\/wp-content\/uploads\/2022\/02\/Lowering-bracket-KSB107.jpg?resize=350%2C200&ssl=1 1x, https:\/\/i0.wp.com\/keybox.nl\/wp-content\/uploads\/2022\/02\/Lowering-bracket-KSB107.jpg?resize=525%2C300&ssl=1 1.5x, https:\/\/i0.wp.com\/keybox.nl\/wp-content\/uploads\/2022\/02\/Lowering-bracket-KSB107.jpg?resize=700%2C400&ssl=1 2x, https:\/\/i0.wp.com\/keybox.nl\/wp-content\/uploads\/2022\/02\/Lowering-bracket-KSB107.jpg?resize=1050%2C600&ssl=1 3x"},"classes":[]}],"jetpack_sharing_enabled":true,"_links":{"self":[{"href":"https:\/\/keybox.nl\/sv\/wp-json\/wp\/v2\/product\/255","targetHints":{"allow":["GET"]}}],"collection":[{"href":"https:\/\/keybox.nl\/sv\/wp-json\/wp\/v2\/product"}],"about":[{"href":"https:\/\/keybox.nl\/sv\/wp-json\/wp\/v2\/types\/product"}],"replies":[{"embeddable":true,"href":"https:\/\/keybox.nl\/sv\/wp-json\/wp\/v2\/comments?post=255"}],"wp:featuredmedia":[{"embeddable":true,"href":"https:\/\/keybox.nl\/sv\/wp-json\/wp\/v2\/media\/183"}],"wp:attachment":[{"href":"https:\/\/keybox.nl\/sv\/wp-json\/wp\/v2\/media?parent=255"}],"wp:term":[{"taxonomy":"product_brand","embeddable":true,"href":"https:\/\/keybox.nl\/sv\/wp-json\/wp\/v2\/product_brand?post=255"},{"taxonomy":"product_cat","embeddable":true,"href":"https:\/\/keybox.nl\/sv\/wp-json\/wp\/v2\/product_cat?post=255"},{"taxonomy":"product_tag","embeddable":true,"href":"https:\/\/keybox.nl\/sv\/wp-json\/wp\/v2\/product_tag?post=255"}],"curies":[{"name":"wp","href":"https:\/\/api.w.org\/{rel}","templated":true}]}}