{"id":237,"date":"2022-02-01T21:32:25","date_gmt":"2022-02-01T21:32:25","guid":{"rendered":"http:\/\/keybox.nl\/?post_type=product&#038;p=237"},"modified":"2025-11-26T09:43:27","modified_gmt":"2025-11-26T09:43:27","slug":"paneel-met-uitsparing-ksb107","status":"publish","type":"product","link":"https:\/\/keybox.nl\/sv\/produkt\/paneel-met-uitsparing-ksb107\/","title":{"rendered":"Panel f\u00f6r KSB107 och KSB107W"},"content":{"rendered":"<h2>Fasadpanel med utsk\u00e4rning f\u00f6r KSB107 och KSB107W<\/h2>\n<p>Vid installation av Keysecuritybox KSB107 i en sandwichpanel eller annan v\u00e4gg som inte \u00e4r av tegel eller betong rekommenderas anv\u00e4ndning av denna panel. Panelen placeras mellan gavelpl\u00e5ten med rulle och v\u00e4ggen\/v\u00e4ggen. Fasts\u00e4ttning sker med en monteringssats och kl\u00e4mning mellan v\u00e4ggplattan och v\u00e4ggen.<\/p>\n<p>M\u00e5tt: 450 x 450 x 3 mm<br \/>\nMaterial : rostfritt st\u00e5l \/ inox<br \/>\nEfterbehandling : borstad<\/p>\n<p>&nbsp;<\/p>","protected":false},"excerpt":{"rendered":"<h2>Fasadpanel med utsk\u00e4rning f\u00f6r KSB107<\/h2>\n<p>Rekommenderas vid installation i en v\u00e4gg som inte best\u00e5r av sten, t.ex. en sandwichpanel. Panelen i rostfritt st\u00e5l\/inox \u00e4r f\u00f6rsedd med ett urtag.<\/p>","protected":false},"featured_media":246,"comment_status":"open","ping_status":"closed","template":"","meta":[],"product_brand":[],"product_cat":[36],"product_tag":[51],"class_list":{"0":"post-237","1":"product","2":"type-product","3":"status-publish","4":"has-post-thumbnail","6":"product_cat-keysecuritybox-accessoires","7":"product_tag-rvs-paneel-voor-de-ksb107","9":"first","10":"instock","11":"taxable","12":"shipping-taxable","13":"purchasable","14":"product-type-simple"},"yoast_head":"<!-- This site is optimized with the Yoast SEO plugin v27.4 - https:\/\/yoast.com\/product\/yoast-seo-wordpress\/ -->\n<title>Paneel voor KSB107 en KSB107W -<\/title>\n<meta name=\"robots\" content=\"index, follow, max-snippet:-1, max-image-preview:large, max-video-preview:-1\" \/>\n<link rel=\"canonical\" href=\"https:\/\/keybox.nl\/sv\/produkt\/paneel-met-uitsparing-ksb107\/\" \/>\n<meta property=\"og:locale\" content=\"sv_SE\" \/>\n<meta property=\"og:type\" content=\"article\" \/>\n<meta property=\"og:title\" content=\"Paneel voor KSB107 en KSB107W -\" \/>\n<meta property=\"og:description\" content=\"Gevelpaneel met uitsparing voor de KSB107 Aanbevolen bij installatie in een niet stenen muur zoals een sandwich paneel. Het rvs \/ inox paneel is voorzien van een uitsparing.\" \/>\n<meta property=\"og:url\" content=\"https:\/\/keybox.nl\/sv\/produkt\/paneel-met-uitsparing-ksb107\/\" \/>\n<meta property=\"article:modified_time\" content=\"2025-11-26T09:43:27+00:00\" \/>\n<meta property=\"og:image\" content=\"http:\/\/keybox.nl\/wp-content\/uploads\/2022\/02\/SS-Plate-KSB107-e1643788038351.jpg\" \/>\n\t<meta property=\"og:image:width\" content=\"487\" \/>\n\t<meta property=\"og:image:height\" content=\"487\" \/>\n\t<meta property=\"og:image:type\" content=\"image\/jpeg\" \/>\n<meta name=\"twitter:card\" content=\"summary_large_image\" \/>\n<meta name=\"twitter:label1\" content=\"Ber\u00e4knad l\u00e4stid\" \/>\n\t<meta name=\"twitter:data1\" content=\"1 minut\" \/>\n<script type=\"application\/ld+json\" class=\"yoast-schema-graph\">{\"@context\":\"https:\\\/\\\/schema.org\",\"@graph\":[{\"@type\":\"WebPage\",\"@id\":\"https:\\\/\\\/keybox.nl\\\/product\\\/paneel-met-uitsparing-ksb107\\\/\",\"url\":\"https:\\\/\\\/keybox.nl\\\/product\\\/paneel-met-uitsparing-ksb107\\\/\",\"name\":\"Paneel voor KSB107 en KSB107W -\",\"isPartOf\":{\"@id\":\"https:\\\/\\\/keybox.nl\\\/#website\"},\"primaryImageOfPage\":{\"@id\":\"https:\\\/\\\/keybox.nl\\\/product\\\/paneel-met-uitsparing-ksb107\\\/#primaryimage\"},\"image\":{\"@id\":\"https:\\\/\\\/keybox.nl\\\/product\\\/paneel-met-uitsparing-ksb107\\\/#primaryimage\"},\"thumbnailUrl\":\"https:\\\/\\\/keybox.nl\\\/wp-content\\\/uploads\\\/2022\\\/02\\\/SS-Plate-KSB107-e1643788038351.jpg\",\"datePublished\":\"2022-02-01T21:32:25+00:00\",\"dateModified\":\"2025-11-26T09:43:27+00:00\",\"breadcrumb\":{\"@id\":\"https:\\\/\\\/keybox.nl\\\/product\\\/paneel-met-uitsparing-ksb107\\\/#breadcrumb\"},\"inLanguage\":\"sv-SE\",\"potentialAction\":[{\"@type\":\"ReadAction\",\"target\":[\"https:\\\/\\\/keybox.nl\\\/product\\\/paneel-met-uitsparing-ksb107\\\/\"]}]},{\"@type\":\"ImageObject\",\"inLanguage\":\"sv-SE\",\"@id\":\"https:\\\/\\\/keybox.nl\\\/product\\\/paneel-met-uitsparing-ksb107\\\/#primaryimage\",\"url\":\"https:\\\/\\\/keybox.nl\\\/wp-content\\\/uploads\\\/2022\\\/02\\\/SS-Plate-KSB107-e1643788038351.jpg\",\"contentUrl\":\"https:\\\/\\\/keybox.nl\\\/wp-content\\\/uploads\\\/2022\\\/02\\\/SS-Plate-KSB107-e1643788038351.jpg\",\"width\":487,\"height\":487,\"caption\":\"RVS paneel ksb107\"},{\"@type\":\"BreadcrumbList\",\"@id\":\"https:\\\/\\\/keybox.nl\\\/product\\\/paneel-met-uitsparing-ksb107\\\/#breadcrumb\",\"itemListElement\":[{\"@type\":\"ListItem\",\"position\":1,\"name\":\"Home\",\"item\":\"https:\\\/\\\/keybox.nl\\\/\"},{\"@type\":\"ListItem\",\"position\":2,\"name\":\"Beveiligde sleutelkastjes kopen\",\"item\":\"https:\\\/\\\/keybox.nl\\\/\"},{\"@type\":\"ListItem\",\"position\":3,\"name\":\"Paneel voor KSB107 en KSB107W\"}]},{\"@type\":\"WebSite\",\"@id\":\"https:\\\/\\\/keybox.nl\\\/#website\",\"url\":\"https:\\\/\\\/keybox.nl\\\/\",\"name\":\"\",\"description\":\"\",\"potentialAction\":[{\"@type\":\"SearchAction\",\"target\":{\"@type\":\"EntryPoint\",\"urlTemplate\":\"https:\\\/\\\/keybox.nl\\\/?s={search_term_string}\"},\"query-input\":{\"@type\":\"PropertyValueSpecification\",\"valueRequired\":true,\"valueName\":\"search_term_string\"}}],\"inLanguage\":\"sv-SE\"}]}<\/script>\n<!-- \/ Yoast SEO plugin. -->","yoast_head_json":{"title":"Panel f\u00f6r KSB107 och KSB107W","robots":{"index":"index","follow":"follow","max-snippet":"max-snippet:-1","max-image-preview":"max-image-preview:large","max-video-preview":"max-video-preview:-1"},"canonical":"https:\/\/keybox.nl\/sv\/produkt\/paneel-met-uitsparing-ksb107\/","og_locale":"sv_SE","og_type":"article","og_title":"Paneel voor KSB107 en KSB107W -","og_description":"Gevelpaneel met uitsparing voor de KSB107 Aanbevolen bij installatie in een niet stenen muur zoals een sandwich paneel. Het rvs \/ inox paneel is voorzien van een uitsparing.","og_url":"https:\/\/keybox.nl\/sv\/produkt\/paneel-met-uitsparing-ksb107\/","article_modified_time":"2025-11-26T09:43:27+00:00","og_image":[{"width":487,"height":487,"url":"http:\/\/keybox.nl\/wp-content\/uploads\/2022\/02\/SS-Plate-KSB107-e1643788038351.jpg","type":"image\/jpeg"}],"twitter_card":"summary_large_image","twitter_misc":{"Ber\u00e4knad l\u00e4stid":"1 minut"},"schema":{"@context":"https:\/\/schema.org","@graph":[{"@type":"WebPage","@id":"https:\/\/keybox.nl\/product\/paneel-met-uitsparing-ksb107\/","url":"https:\/\/keybox.nl\/product\/paneel-met-uitsparing-ksb107\/","name":"Panel f\u00f6r KSB107 och KSB107W","isPartOf":{"@id":"https:\/\/keybox.nl\/#website"},"primaryImageOfPage":{"@id":"https:\/\/keybox.nl\/product\/paneel-met-uitsparing-ksb107\/#primaryimage"},"image":{"@id":"https:\/\/keybox.nl\/product\/paneel-met-uitsparing-ksb107\/#primaryimage"},"thumbnailUrl":"https:\/\/keybox.nl\/wp-content\/uploads\/2022\/02\/SS-Plate-KSB107-e1643788038351.jpg","datePublished":"2022-02-01T21:32:25+00:00","dateModified":"2025-11-26T09:43:27+00:00","breadcrumb":{"@id":"https:\/\/keybox.nl\/product\/paneel-met-uitsparing-ksb107\/#breadcrumb"},"inLanguage":"sv-SE","potentialAction":[{"@type":"ReadAction","target":["https:\/\/keybox.nl\/product\/paneel-met-uitsparing-ksb107\/"]}]},{"@type":"ImageObject","inLanguage":"sv-SE","@id":"https:\/\/keybox.nl\/product\/paneel-met-uitsparing-ksb107\/#primaryimage","url":"https:\/\/keybox.nl\/wp-content\/uploads\/2022\/02\/SS-Plate-KSB107-e1643788038351.jpg","contentUrl":"https:\/\/keybox.nl\/wp-content\/uploads\/2022\/02\/SS-Plate-KSB107-e1643788038351.jpg","width":487,"height":487,"caption":"RVS paneel ksb107"},{"@type":"BreadcrumbList","@id":"https:\/\/keybox.nl\/product\/paneel-met-uitsparing-ksb107\/#breadcrumb","itemListElement":[{"@type":"ListItem","position":1,"name":"Home","item":"https:\/\/keybox.nl\/"},{"@type":"ListItem","position":2,"name":"Beveiligde sleutelkastjes kopen","item":"https:\/\/keybox.nl\/"},{"@type":"ListItem","position":3,"name":"Paneel voor KSB107 en KSB107W"}]},{"@type":"WebSite","@id":"https:\/\/keybox.nl\/#website","url":"https:\/\/keybox.nl\/","name":"","description":"","potentialAction":[{"@type":"SearchAction","target":{"@type":"EntryPoint","urlTemplate":"https:\/\/keybox.nl\/?s={search_term_string}"},"query-input":{"@type":"PropertyValueSpecification","valueRequired":true,"valueName":"search_term_string"}}],"inLanguage":"sv-SE"}]}},"jetpack-related-posts":[{"id":193,"url":"https:\/\/keybox.nl\/sv\/produkt\/keysecuritybox-sleutelkluis-ksb107\/","url_meta":{"origin":237,"position":0},"title":"Keysecuritybox KSB107 nyckelsk\u00e5p","author":"Keybox@beheermodule","date":"28 januari 2022","format":false,"excerpt":"Nyckelsk\u00e5p KSB107 KSB107 kan monteras i v\u00e4gg\/v\u00e4gg och \u00e4r mycket s\u00e4kert. Rull\u00f6ppning L44, H64, D 124 mm.","rel":"","context":"Liknande inl\u00e4gg","block_context":{"text":"Liknande inl\u00e4gg","link":""},"img":{"alt_text":"","src":"https:\/\/i0.wp.com\/keybox.nl\/wp-content\/uploads\/2022\/01\/Ksb007-5-225x300.jpg?resize=350%2C200","width":350,"height":200},"classes":[]},{"id":201,"url":"https:\/\/keybox.nl\/sv\/produkt\/keysecuritybox-sleutelkluis-ksb107-wl\/","url_meta":{"origin":237,"position":1},"title":"Nyckels\u00e4kerhetsbox KSB107 W nyckelsk\u00e5p","author":"Keybox@beheermodule","date":"28 januari 2022","format":false,"excerpt":"Nyckelsk\u00e5p KSB107 XL KSB107 kan installeras i v\u00e4gg\/v\u00e4gg och \u00e4r extremt s\u00e4kert. Rull\u00f6ppning L66, H64, D 124 mm.","rel":"","context":"Liknande inl\u00e4gg","block_context":{"text":"Liknande inl\u00e4gg","link":""},"img":{"alt_text":"","src":"https:\/\/i0.wp.com\/keybox.nl\/wp-content\/uploads\/2022\/01\/Keysecuritybox-KSB107XL-300x300.jpg?resize=350%2C200","width":350,"height":200},"classes":[]},{"id":255,"url":"https:\/\/keybox.nl\/sv\/produkt\/regenkap-anti-masking-ksb107\/","url_meta":{"origin":237,"position":2},"title":"Regnhatt | Anti-maskning KSB107","author":"Keybox@beheermodule","date":"3 februari 2022","format":false,"excerpt":"\u00a0 Montera regn-\/maskeringshuven i rostfritt st\u00e5l\/Inox f\u00f6r att f\u00f6rhindra regn och maskering.\u00a0","rel":"","context":"Liknande inl\u00e4gg","block_context":{"text":"Liknande inl\u00e4gg","link":""},"img":{"alt_text":"Regenkap KSB107","src":"https:\/\/i0.wp.com\/keybox.nl\/wp-content\/uploads\/2022\/01\/KSB_007_rain-scaled-e1643227017671.jpg?resize=350%2C200&ssl=1","width":350,"height":200},"classes":[]},{"id":1339,"url":"https:\/\/keybox.nl\/sv\/produkt\/regenkap-anti-masking-ksb107-xl\/","url_meta":{"origin":237,"position":3},"title":"Regnm\u00f6ssa | Anti-maskning KSB107W","author":"Keybox@beheermodule","date":"10 februari 2023","format":false,"excerpt":"\u00a0 Montera regn-\/maskeringshuven i rostfritt st\u00e5l\/Inox f\u00f6r att f\u00f6rhindra regn och maskering.\u00a0","rel":"","context":"Liknande inl\u00e4gg","block_context":{"text":"Liknande inl\u00e4gg","link":""},"img":{"alt_text":"Regenkap KSB107","src":"https:\/\/i0.wp.com\/keybox.nl\/wp-content\/uploads\/2022\/01\/KSB_007_rain-scaled-e1643227017671.jpg?resize=350%2C200&ssl=1","width":350,"height":200},"classes":[]},{"id":232,"url":"https:\/\/keybox.nl\/sv\/produkt\/lowering-bracket-ksb107\/","url_meta":{"origin":237,"position":4},"title":"S\u00e4nkningskonsol KSB107","author":"Keybox@beheermodule","date":"1 februari 2022","format":false,"excerpt":"s\u00e4nkningsf\u00e4ste KSB007 Placera s\u00e4nkningsf\u00e4stet om v\u00e4ggen \u00e4r tjockare \u00e4n 30 centimeter, s\u00e5 att det finns en lutning p\u00e5 minst 30\u02da.","rel":"","context":"Liknande inl\u00e4gg","block_context":{"text":"Liknande inl\u00e4gg","link":""},"img":{"alt_text":"Lowering bracket KSB107","src":"https:\/\/i0.wp.com\/keybox.nl\/wp-content\/uploads\/2022\/02\/Lowering-bracket-KSB107.jpg?resize=350%2C200&ssl=1","width":350,"height":200,"srcset":"https:\/\/i0.wp.com\/keybox.nl\/wp-content\/uploads\/2022\/02\/Lowering-bracket-KSB107.jpg?resize=350%2C200&ssl=1 1x, https:\/\/i0.wp.com\/keybox.nl\/wp-content\/uploads\/2022\/02\/Lowering-bracket-KSB107.jpg?resize=525%2C300&ssl=1 1.5x, https:\/\/i0.wp.com\/keybox.nl\/wp-content\/uploads\/2022\/02\/Lowering-bracket-KSB107.jpg?resize=700%2C400&ssl=1 2x, https:\/\/i0.wp.com\/keybox.nl\/wp-content\/uploads\/2022\/02\/Lowering-bracket-KSB107.jpg?resize=1050%2C600&ssl=1 3x"},"classes":[]},{"id":36,"url":"https:\/\/keybox.nl\/sv\/produkt\/ksb101-ksb102-sleutelkluis\/","url_meta":{"origin":237,"position":5},"title":"Nyckels\u00e4kerhetsbox KSB101, KSB102 nyckelsk\u00e5p","author":"Keybox@beheermodule","date":"30 november 2021","format":false,"excerpt":"Nyckels\u00e4kerhetsbox KSB101 &amp; KSB102 Ett kassask\u00e5p i tv\u00e5 versioner: deponeringshjul v\u00e4nster eller h\u00f6ger","rel":"","context":"Med 1 kommentar","block_context":{"text":"Med 1 kommentar","link":"https:\/\/keybox.nl\/sv\/produkt\/ksb101-ksb102-sleutelkluis\/#comments"},"img":{"alt_text":"","src":"https:\/\/i0.wp.com\/keybox.nl\/wp-content\/uploads\/2021\/11\/KSB_101_3-scaled-e1638352491754.jpg?resize=350%2C200&ssl=1","width":350,"height":200},"classes":[]}],"jetpack_sharing_enabled":true,"_links":{"self":[{"href":"https:\/\/keybox.nl\/sv\/wp-json\/wp\/v2\/product\/237","targetHints":{"allow":["GET"]}}],"collection":[{"href":"https:\/\/keybox.nl\/sv\/wp-json\/wp\/v2\/product"}],"about":[{"href":"https:\/\/keybox.nl\/sv\/wp-json\/wp\/v2\/types\/product"}],"replies":[{"embeddable":true,"href":"https:\/\/keybox.nl\/sv\/wp-json\/wp\/v2\/comments?post=237"}],"wp:featuredmedia":[{"embeddable":true,"href":"https:\/\/keybox.nl\/sv\/wp-json\/wp\/v2\/media\/246"}],"wp:attachment":[{"href":"https:\/\/keybox.nl\/sv\/wp-json\/wp\/v2\/media?parent=237"}],"wp:term":[{"taxonomy":"product_brand","embeddable":true,"href":"https:\/\/keybox.nl\/sv\/wp-json\/wp\/v2\/product_brand?post=237"},{"taxonomy":"product_cat","embeddable":true,"href":"https:\/\/keybox.nl\/sv\/wp-json\/wp\/v2\/product_cat?post=237"},{"taxonomy":"product_tag","embeddable":true,"href":"https:\/\/keybox.nl\/sv\/wp-json\/wp\/v2\/product_tag?post=237"}],"curies":[{"name":"wp","href":"https:\/\/api.w.org\/{rel}","templated":true}]}}