{"id":232,"date":"2022-02-01T16:57:25","date_gmt":"2022-02-01T16:57:25","guid":{"rendered":"http:\/\/keybox.nl\/?post_type=product&#038;p=232"},"modified":"2025-11-26T09:42:18","modified_gmt":"2025-11-26T09:42:18","slug":"lowering-bracket-ksb107","status":"publish","type":"product","link":"https:\/\/keybox.nl\/sv\/produkt\/lowering-bracket-ksb107\/","title":{"rendered":"S\u00e4nkningskonsol KSB107"},"content":{"rendered":"<h2>S\u00e4nkningskonsol KSB007<\/h2>\n<p>Placera s\u00e4nkningssatsen om v\u00e4ggen \u00e4r tjockare \u00e4n 30 centimeter, s\u00e5 att det finns en lutning p\u00e5 minst 30\u02da. Detta f\u00e4ste g\u00f6r det m\u00f6jligt att h\u00e4nga inomhussk\u00e5pet l\u00e4gre utan att l\u00e4mna g\u00e4ngade \u00e4ndar och muttrar synliga.<\/p>","protected":false},"excerpt":{"rendered":"<h2>S\u00e4nkningskonsol KSB007<\/h2>\n<p>Om v\u00e4ggen \u00e4r tjockare \u00e4n 30 cm ska du installera s\u00e4nkningsaggregatet s\u00e5 att det finns en lutning p\u00e5 minst 30\u02da.<\/p>","protected":false},"featured_media":236,"comment_status":"open","ping_status":"closed","template":"","meta":[],"product_brand":[],"product_cat":[36],"product_tag":[],"class_list":{"0":"post-232","1":"product","2":"type-product","3":"status-publish","4":"has-post-thumbnail","6":"product_cat-keysecuritybox-accessoires","8":"first","9":"instock","10":"taxable","11":"shipping-taxable","12":"purchasable","13":"product-type-simple"},"yoast_head":"<!-- This site is optimized with the Yoast SEO plugin v27.4 - https:\/\/yoast.com\/product\/yoast-seo-wordpress\/ -->\n<title>lowering bracket KSB107 -<\/title>\n<meta name=\"robots\" content=\"index, follow, max-snippet:-1, max-image-preview:large, max-video-preview:-1\" \/>\n<link rel=\"canonical\" href=\"https:\/\/keybox.nl\/sv\/produkt\/lowering-bracket-ksb107\/\" \/>\n<meta property=\"og:locale\" content=\"sv_SE\" \/>\n<meta property=\"og:type\" content=\"article\" \/>\n<meta property=\"og:title\" content=\"lowering bracket KSB107 -\" \/>\n<meta property=\"og:description\" content=\"lowering bracket KSB007 Plaats de verlaagset als de muur dikker dan 30 centimeter, zodat er een verval is van minimaal 30\u02da.\" \/>\n<meta property=\"og:url\" content=\"https:\/\/keybox.nl\/sv\/produkt\/lowering-bracket-ksb107\/\" \/>\n<meta property=\"article:modified_time\" content=\"2025-11-26T09:42:18+00:00\" \/>\n<meta property=\"og:image\" content=\"http:\/\/keybox.nl\/wp-content\/uploads\/2022\/02\/Lowering-bracket-KSB107.jpg\" \/>\n\t<meta property=\"og:image:width\" content=\"1200\" \/>\n\t<meta property=\"og:image:height\" content=\"1200\" \/>\n\t<meta property=\"og:image:type\" content=\"image\/jpeg\" \/>\n<meta name=\"twitter:card\" content=\"summary_large_image\" \/>\n<meta name=\"twitter:label1\" content=\"Ber\u00e4knad l\u00e4stid\" \/>\n\t<meta name=\"twitter:data1\" content=\"1 minut\" \/>\n<script type=\"application\/ld+json\" class=\"yoast-schema-graph\">{\"@context\":\"https:\\\/\\\/schema.org\",\"@graph\":[{\"@type\":\"WebPage\",\"@id\":\"https:\\\/\\\/keybox.nl\\\/product\\\/lowering-bracket-ksb107\\\/\",\"url\":\"https:\\\/\\\/keybox.nl\\\/product\\\/lowering-bracket-ksb107\\\/\",\"name\":\"lowering bracket KSB107 -\",\"isPartOf\":{\"@id\":\"https:\\\/\\\/keybox.nl\\\/#website\"},\"primaryImageOfPage\":{\"@id\":\"https:\\\/\\\/keybox.nl\\\/product\\\/lowering-bracket-ksb107\\\/#primaryimage\"},\"image\":{\"@id\":\"https:\\\/\\\/keybox.nl\\\/product\\\/lowering-bracket-ksb107\\\/#primaryimage\"},\"thumbnailUrl\":\"https:\\\/\\\/keybox.nl\\\/wp-content\\\/uploads\\\/2022\\\/02\\\/Lowering-bracket-KSB107.jpg\",\"datePublished\":\"2022-02-01T16:57:25+00:00\",\"dateModified\":\"2025-11-26T09:42:18+00:00\",\"breadcrumb\":{\"@id\":\"https:\\\/\\\/keybox.nl\\\/product\\\/lowering-bracket-ksb107\\\/#breadcrumb\"},\"inLanguage\":\"sv-SE\",\"potentialAction\":[{\"@type\":\"ReadAction\",\"target\":[\"https:\\\/\\\/keybox.nl\\\/product\\\/lowering-bracket-ksb107\\\/\"]}]},{\"@type\":\"ImageObject\",\"inLanguage\":\"sv-SE\",\"@id\":\"https:\\\/\\\/keybox.nl\\\/product\\\/lowering-bracket-ksb107\\\/#primaryimage\",\"url\":\"https:\\\/\\\/keybox.nl\\\/wp-content\\\/uploads\\\/2022\\\/02\\\/Lowering-bracket-KSB107.jpg\",\"contentUrl\":\"https:\\\/\\\/keybox.nl\\\/wp-content\\\/uploads\\\/2022\\\/02\\\/Lowering-bracket-KSB107.jpg\",\"width\":1200,\"height\":1200,\"caption\":\"Lowering bracket KSB107\"},{\"@type\":\"BreadcrumbList\",\"@id\":\"https:\\\/\\\/keybox.nl\\\/product\\\/lowering-bracket-ksb107\\\/#breadcrumb\",\"itemListElement\":[{\"@type\":\"ListItem\",\"position\":1,\"name\":\"Home\",\"item\":\"https:\\\/\\\/keybox.nl\\\/\"},{\"@type\":\"ListItem\",\"position\":2,\"name\":\"Beveiligde sleutelkastjes kopen\",\"item\":\"https:\\\/\\\/keybox.nl\\\/\"},{\"@type\":\"ListItem\",\"position\":3,\"name\":\"lowering bracket KSB107\"}]},{\"@type\":\"WebSite\",\"@id\":\"https:\\\/\\\/keybox.nl\\\/#website\",\"url\":\"https:\\\/\\\/keybox.nl\\\/\",\"name\":\"\",\"description\":\"\",\"potentialAction\":[{\"@type\":\"SearchAction\",\"target\":{\"@type\":\"EntryPoint\",\"urlTemplate\":\"https:\\\/\\\/keybox.nl\\\/?s={search_term_string}\"},\"query-input\":{\"@type\":\"PropertyValueSpecification\",\"valueRequired\":true,\"valueName\":\"search_term_string\"}}],\"inLanguage\":\"sv-SE\"}]}<\/script>\n<!-- \/ Yoast SEO plugin. -->","yoast_head_json":{"title":"lowering bracket KSB107 -","robots":{"index":"index","follow":"follow","max-snippet":"max-snippet:-1","max-image-preview":"max-image-preview:large","max-video-preview":"max-video-preview:-1"},"canonical":"https:\/\/keybox.nl\/sv\/produkt\/lowering-bracket-ksb107\/","og_locale":"sv_SE","og_type":"article","og_title":"lowering bracket KSB107 -","og_description":"lowering bracket KSB007 Plaats de verlaagset als de muur dikker dan 30 centimeter, zodat er een verval is van minimaal 30\u02da.","og_url":"https:\/\/keybox.nl\/sv\/produkt\/lowering-bracket-ksb107\/","article_modified_time":"2025-11-26T09:42:18+00:00","og_image":[{"width":1200,"height":1200,"url":"http:\/\/keybox.nl\/wp-content\/uploads\/2022\/02\/Lowering-bracket-KSB107.jpg","type":"image\/jpeg"}],"twitter_card":"summary_large_image","twitter_misc":{"Ber\u00e4knad l\u00e4stid":"1 minut"},"schema":{"@context":"https:\/\/schema.org","@graph":[{"@type":"WebPage","@id":"https:\/\/keybox.nl\/product\/lowering-bracket-ksb107\/","url":"https:\/\/keybox.nl\/product\/lowering-bracket-ksb107\/","name":"lowering bracket KSB107 -","isPartOf":{"@id":"https:\/\/keybox.nl\/#website"},"primaryImageOfPage":{"@id":"https:\/\/keybox.nl\/product\/lowering-bracket-ksb107\/#primaryimage"},"image":{"@id":"https:\/\/keybox.nl\/product\/lowering-bracket-ksb107\/#primaryimage"},"thumbnailUrl":"https:\/\/keybox.nl\/wp-content\/uploads\/2022\/02\/Lowering-bracket-KSB107.jpg","datePublished":"2022-02-01T16:57:25+00:00","dateModified":"2025-11-26T09:42:18+00:00","breadcrumb":{"@id":"https:\/\/keybox.nl\/product\/lowering-bracket-ksb107\/#breadcrumb"},"inLanguage":"sv-SE","potentialAction":[{"@type":"ReadAction","target":["https:\/\/keybox.nl\/product\/lowering-bracket-ksb107\/"]}]},{"@type":"ImageObject","inLanguage":"sv-SE","@id":"https:\/\/keybox.nl\/product\/lowering-bracket-ksb107\/#primaryimage","url":"https:\/\/keybox.nl\/wp-content\/uploads\/2022\/02\/Lowering-bracket-KSB107.jpg","contentUrl":"https:\/\/keybox.nl\/wp-content\/uploads\/2022\/02\/Lowering-bracket-KSB107.jpg","width":1200,"height":1200,"caption":"Lowering bracket KSB107"},{"@type":"BreadcrumbList","@id":"https:\/\/keybox.nl\/product\/lowering-bracket-ksb107\/#breadcrumb","itemListElement":[{"@type":"ListItem","position":1,"name":"Home","item":"https:\/\/keybox.nl\/"},{"@type":"ListItem","position":2,"name":"Beveiligde sleutelkastjes kopen","item":"https:\/\/keybox.nl\/"},{"@type":"ListItem","position":3,"name":"lowering bracket KSB107"}]},{"@type":"WebSite","@id":"https:\/\/keybox.nl\/#website","url":"https:\/\/keybox.nl\/","name":"","description":"","potentialAction":[{"@type":"SearchAction","target":{"@type":"EntryPoint","urlTemplate":"https:\/\/keybox.nl\/?s={search_term_string}"},"query-input":{"@type":"PropertyValueSpecification","valueRequired":true,"valueName":"search_term_string"}}],"inLanguage":"sv-SE"}]}},"jetpack-related-posts":[{"id":193,"url":"https:\/\/keybox.nl\/sv\/produkt\/keysecuritybox-sleutelkluis-ksb107\/","url_meta":{"origin":232,"position":0},"title":"Keysecuritybox KSB107 nyckelsk\u00e5p","author":"Keybox@beheermodule","date":"28 januari 2022","format":false,"excerpt":"Nyckelsk\u00e5p KSB107 KSB107 kan monteras i v\u00e4gg\/v\u00e4gg och \u00e4r mycket s\u00e4kert. Rull\u00f6ppning L44, H64, D 124 mm.","rel":"","context":"Liknande inl\u00e4gg","block_context":{"text":"Liknande inl\u00e4gg","link":""},"img":{"alt_text":"","src":"https:\/\/i0.wp.com\/keybox.nl\/wp-content\/uploads\/2022\/01\/Ksb007-5-225x300.jpg?resize=350%2C200","width":350,"height":200},"classes":[]},{"id":201,"url":"https:\/\/keybox.nl\/sv\/produkt\/keysecuritybox-sleutelkluis-ksb107-wl\/","url_meta":{"origin":232,"position":1},"title":"Nyckels\u00e4kerhetsbox KSB107 W nyckelsk\u00e5p","author":"Keybox@beheermodule","date":"28 januari 2022","format":false,"excerpt":"Nyckelsk\u00e5p KSB107 XL KSB107 kan installeras i v\u00e4gg\/v\u00e4gg och \u00e4r extremt s\u00e4kert. Rull\u00f6ppning L66, H64, D 124 mm.","rel":"","context":"Liknande inl\u00e4gg","block_context":{"text":"Liknande inl\u00e4gg","link":""},"img":{"alt_text":"","src":"https:\/\/i0.wp.com\/keybox.nl\/wp-content\/uploads\/2022\/01\/Keysecuritybox-KSB107XL-300x300.jpg?resize=350%2C200","width":350,"height":200},"classes":[]},{"id":109,"url":"https:\/\/keybox.nl\/sv\/produkt\/keysecuritybox-sleutelkluis-ksb103\/","url_meta":{"origin":232,"position":2},"title":"Keysecuritybox KSB103 nyckelsk\u00e5p","author":"Keybox@beheermodule","date":"4 december 2021","format":false,"excerpt":"Nyckels\u00e4kerhetsbox KSB103 F\u00f6r montering p\u00e5 stolpe (KSB005) eller konsol KSB106","rel":"","context":"Liknande inl\u00e4gg","block_context":{"text":"Liknande inl\u00e4gg","link":""},"img":{"alt_text":"","src":"https:\/\/i0.wp.com\/keybox.nl\/wp-content\/uploads\/2021\/11\/KSB_101_3-scaled-e1638352491754.jpg?resize=350%2C200&ssl=1","width":350,"height":200},"classes":[]},{"id":115,"url":"https:\/\/keybox.nl\/sv\/produkt\/keysecuritybox-sleutelkluis-ksb103a\/","url_meta":{"origin":232,"position":3},"title":"Keysecuritybox KSB103A extra bepansrat nyckelsk\u00e5p","author":"Keybox@beheermodule","date":"4 december 2021","format":false,"excerpt":"Nyckels\u00e4kerhetsbox KSB103A med extra pansar. KSB103A \u00e4r utrustad med extra Armor \/ pansar. Inuti kassask\u00e5pet finns ett extra inre kassask\u00e5p av specialst\u00e5l som ger h\u00f6gre skydd mot attacker. F\u00f6r montering p\u00e5 stolpe (KSB005) eller konsol KSB106","rel":"","context":"Liknande inl\u00e4gg","block_context":{"text":"Liknande inl\u00e4gg","link":""},"img":{"alt_text":"","src":"https:\/\/i0.wp.com\/keybox.nl\/wp-content\/uploads\/2021\/11\/KSB_101_3-scaled-e1638352491754.jpg?resize=350%2C200&ssl=1","width":350,"height":200},"classes":[]},{"id":36,"url":"https:\/\/keybox.nl\/sv\/produkt\/ksb101-ksb102-sleutelkluis\/","url_meta":{"origin":232,"position":4},"title":"Nyckels\u00e4kerhetsbox KSB101, KSB102 nyckelsk\u00e5p","author":"Keybox@beheermodule","date":"30 november 2021","format":false,"excerpt":"Nyckels\u00e4kerhetsbox KSB101 &amp; KSB102 Ett kassask\u00e5p i tv\u00e5 versioner: deponeringshjul v\u00e4nster eller h\u00f6ger","rel":"","context":"Med 1 kommentar","block_context":{"text":"Med 1 kommentar","link":"https:\/\/keybox.nl\/sv\/produkt\/ksb101-ksb102-sleutelkluis\/#comments"},"img":{"alt_text":"","src":"https:\/\/i0.wp.com\/keybox.nl\/wp-content\/uploads\/2021\/11\/KSB_101_3-scaled-e1638352491754.jpg?resize=350%2C200&ssl=1","width":350,"height":200},"classes":[]},{"id":72,"url":"https:\/\/keybox.nl\/sv\/produkt\/keysecuritybox-sleutelkluis-ksb101a-ksb102a\/","url_meta":{"origin":232,"position":5},"title":"Nyckels\u00e4kerhetssk\u00e5p KSB101A, KSB102A extra bepansrat nyckels\u00e4kerhetssk\u00e5p","author":"Keybox@beheermodule","date":"1 december 2021","format":false,"excerpt":"Keysecuritybox KSB101A &amp; KSB102A KSB101A och 102A \u00e4r utrustade med extra Armor \/ pansar. Inuti kassask\u00e5pet finns ett extra inre kassask\u00e5p tillverkat av specialst\u00e5l som ger h\u00f6gre skydd mot attacker. Ett kassask\u00e5p i tv\u00e5 versioner: deponeringshjul v\u00e4nster eller h\u00f6ger","rel":"","context":"Med 1 kommentar","block_context":{"text":"Med 1 kommentar","link":"https:\/\/keybox.nl\/sv\/produkt\/keysecuritybox-sleutelkluis-ksb101a-ksb102a\/#comments"},"img":{"alt_text":"","src":"https:\/\/i0.wp.com\/keybox.nl\/wp-content\/uploads\/2021\/11\/KSB_101_3-scaled-e1638352491754.jpg?resize=350%2C200&ssl=1","width":350,"height":200},"classes":[]}],"jetpack_sharing_enabled":true,"_links":{"self":[{"href":"https:\/\/keybox.nl\/sv\/wp-json\/wp\/v2\/product\/232","targetHints":{"allow":["GET"]}}],"collection":[{"href":"https:\/\/keybox.nl\/sv\/wp-json\/wp\/v2\/product"}],"about":[{"href":"https:\/\/keybox.nl\/sv\/wp-json\/wp\/v2\/types\/product"}],"replies":[{"embeddable":true,"href":"https:\/\/keybox.nl\/sv\/wp-json\/wp\/v2\/comments?post=232"}],"wp:featuredmedia":[{"embeddable":true,"href":"https:\/\/keybox.nl\/sv\/wp-json\/wp\/v2\/media\/236"}],"wp:attachment":[{"href":"https:\/\/keybox.nl\/sv\/wp-json\/wp\/v2\/media?parent=232"}],"wp:term":[{"taxonomy":"product_brand","embeddable":true,"href":"https:\/\/keybox.nl\/sv\/wp-json\/wp\/v2\/product_brand?post=232"},{"taxonomy":"product_cat","embeddable":true,"href":"https:\/\/keybox.nl\/sv\/wp-json\/wp\/v2\/product_cat?post=232"},{"taxonomy":"product_tag","embeddable":true,"href":"https:\/\/keybox.nl\/sv\/wp-json\/wp\/v2\/product_tag?post=232"}],"curies":[{"name":"wp","href":"https:\/\/api.w.org\/{rel}","templated":true}]}}