{"id":201,"date":"2022-01-28T16:35:05","date_gmt":"2022-01-28T16:35:05","guid":{"rendered":"http:\/\/keybox.nl\/?post_type=product&#038;p=201"},"modified":"2026-03-23T01:16:41","modified_gmt":"2026-03-23T01:16:41","slug":"keysecuritybox-sleutelkluis-ksb107-wl","status":"publish","type":"product","link":"https:\/\/keybox.nl\/sv\/produkt\/keysecuritybox-sleutelkluis-ksb107-wl\/","title":{"rendered":"Nyckels\u00e4kerhetsbox KSB107 W nyckelsk\u00e5p"},"content":{"rendered":"<h2>Nyckels\u00e4kerhetsbox KSB107 W (bredare \u00f6ppning i rullen)<\/h2>\n<p>Den enklaste och s\u00e4kraste l\u00f6sningen f\u00f6r f\u00f6rvaring av nycklar och nyckelkort 24\/7 - denna smarta, robusta och prisv\u00e4rda dropbox anv\u00e4nds av tusentals f\u00f6retag.<\/p>\n<p>KSB107 XL har en bredare \u00f6ppning i rullhjulet. De extra 22 mm g\u00f6r att st\u00f6rre nyckelknippor kan deponeras,<\/p>\n<p>KSB107 XL kan monteras i en v\u00e4gg\/v\u00e4gg och \u00e4r extremt s\u00e4ker. Utanf\u00f6r v\u00e4ggen syns endast gavelpl\u00e5ten med rullen. Nycklarna som deponeras hamnar inne i byggnaden i ett l\u00e5st robust kassask\u00e5p. Kassask\u00e5pet \u00e4r utrustat med ett sp\u00e4rrl\u00e5s med 21 mm skottv\u00e4g, 300\u00ba rotation och 2 skott. Nyckeln kan inte tas ut i \u00f6ppet l\u00e4ge.<\/p>\n<p>KSB107 XL kan monteras i n\u00e4stan alla v\u00e4ggar. Till och med i en sandwichpanel om en panel av rostfritt st\u00e5l \/ rostfritt st\u00e5l placeras mellan gavelpl\u00e5ten med rulle och v\u00e4ggen. Inomhussk\u00e5pet \u00e4r f\u00f6rberett f\u00f6r installation av en seismisk \/ s\u00e4ker detektor. Denna sensor meddelar larmet vid en attack och reagerar p\u00e5 en kombination av vibration och ljud.<\/p>\n<p><img decoding=\"async\" class=\"size-medium wp-image-257 alignleft\" src=\"http:\/\/keybox.nl\/wp-content\/uploads\/2022\/01\/Keysecuritybox-KSB107XL-300x300.jpg\" alt=\"\" width=\"300\" height=\"300\" srcset=\"https:\/\/keybox.nl\/wp-content\/uploads\/2022\/01\/Keysecuritybox-KSB107XL-300x300.jpg 300w, https:\/\/keybox.nl\/wp-content\/uploads\/2022\/01\/Keysecuritybox-KSB107XL-324x324.jpg 324w, https:\/\/keybox.nl\/wp-content\/uploads\/2022\/01\/Keysecuritybox-KSB107XL-100x100.jpg 100w, https:\/\/keybox.nl\/wp-content\/uploads\/2022\/01\/Keysecuritybox-KSB107XL-416x417.jpg 416w, https:\/\/keybox.nl\/wp-content\/uploads\/2022\/01\/Keysecuritybox-KSB107XL-150x150.jpg 150w, https:\/\/keybox.nl\/wp-content\/uploads\/2022\/01\/Keysecuritybox-KSB107XL.jpg 648w\" sizes=\"(max-width: 300px) 100vw, 300px\" \/><\/p>\n<p>&nbsp;<\/p>\n<p>&nbsp;<\/p>\n<p>&nbsp;<\/p>\n<p>&nbsp;<\/p>\n<p>&nbsp;<\/p>\n<p>&nbsp;<\/p>\n<p>&nbsp;<\/p>\n<p><strong>Enkel<\/strong><br \/>\nDet h\u00e4r kompakta och robusta nyckelsk\u00e5pet \u00e4r den enklaste l\u00f6sningen f\u00f6r optimal f\u00f6rvaring av nycklar och nyckelkort. Det finns i flera utf\u00f6randen, s\u00e5 att det alltid g\u00e5r att montera ett mot eller i en v\u00e4gg. Inga v\u00e4ggar? D\u00e5 kan nyckelsk\u00e5pet monteras p\u00e5 en st\u00e5lkonsol. Kassask\u00e5pet \u00e4r helt mekaniskt och mycket anv\u00e4ndarv\u00e4nligt.<\/p>\n<p><strong>Solid<\/strong><br \/>\nDet h\u00e4r nyckelsk\u00e5pet \u00e4r extremt starkt! Med undantag f\u00f6r ins\u00e4ttningshjulet \u00e4r det helt tillverkat av massivt st\u00e5l. Eftersom kassask\u00e5pet bara har en enda r\u00f6rlig del \u00e4r det extremt h\u00e5llbart, v\u00e4derbest\u00e4ndigt och p\u00e5litligt. Och insatta nycklar och nyckelkort \u00e4r s\u00e4kra, eftersom det intelligenta ins\u00e4ttningshjulet g\u00f6r det om\u00f6jligt att \"fiska\" efter nycklar.<\/p>\n<p><strong>S\u00e4ker<\/strong><br \/>\nVrid rullhjulet upp\u00e5t tills \u00f6ppningen syns, f\u00f6r in nyckeln eller nyckelkortet i rullhjulet och sl\u00e4pp rullhjulet s\u00e5 att det automatiskt vrids tillbaka och nyckeln faller in i kassask\u00e5pet. Enklare kan det inte bli.<\/p>\n<p><strong>DEN B\u00c4STA L\u00d6SNINGEN F\u00d6R BILUTHYRNINGSF\u00d6RETAG, LEASINGF\u00d6RETAG, BILHANDLARE, F\u00d6RETAG MED VAGNPARKER, BILHANDLARE, VERKST\u00c4DER, HOTELL OCH MYCKET MER.<\/strong><\/p>\n<p><strong><br \/>\nEtt urval av v\u00e5ra referenser<\/strong><br \/>\nBilhandlare: Audi, BMW, Chevolet, Citro\u00ebn, Fiat, Jaguar, Ford, Honda, Isuzu, Land Rover, MAN lastbilar, Mazda, Mercedes, Mitsubishi, Nissan, Tesla, Toyota, Opel, Peugeot, Rolls Royce, Renault, Saab, Porsche, Volvo, Volkswagen Biluthyrning: Avis, Hertz, Budget, Sixt, Europcar, Dockx, Thrifty, AVA Rent, Autorent, Drive Yourself, Bochane Rent, Oto2rent, Camion Rentals, Runner Trucks, Bultman Hertz Kollektivtrafik: Flygplats Schiphol Amsterdam, Flygplats Rotterdam, Flygplats Eindhoven, Flygplats Groningen, Flygplats Maastricht, Flygplats Antwerpen, Flygplats Bryssel, Charleroi Airport, Aeroport du Luxembourg, Station Antwerp Central \u00d6vriga: Carglass, ING Car Lease, Runner Truck Lease &amp; Rental, Scheer en Foppen Logistics, Borent, Philips Lighting Company cars &amp; Trailer Service, Dura Vermeer Road Construction, Bosch Universal Car Companies, Profile Tyre Center.<\/p>\n<p><strong>Specifikationer<\/strong><br \/>\nModell: KSB107<br \/>\nStorlek p\u00e5 inv\u00e4ndigt kassask\u00e5p: 215 x 555 x 177 mm<br \/>\nStorlek p\u00e5 fasadpanel: 180 x 320 x 145 mm<br \/>\nStorlek rullutsparing: L66, H64, D124 mm<br \/>\nVikt: 24 kg<br \/>\nF\u00e4rg: RAL 9006<\/p>\n<p><strong>F\u00f6rpackningens inneh\u00e5ll KSB107 XL<\/strong><br \/>\n- 1 x KeySecurityBox<br \/>\n- 1 x bild<br \/>\n- 1 x golvmatta f\u00f6r i kassask\u00e5pet<br \/>\n- 1 x t\u00e4ckplatta<br \/>\n- 4 x Ring \u00f8 20 mm<br \/>\n- 4 x g\u00e4ngad \u00e4nde<br \/>\n- 4 x mutter M10<br \/>\n- 1 x klisterm\u00e4rke med instruktioner<br \/>\n- 2 x nyckelbox<\/p>\n<p><iframe title=\"Deposition av bilnyckel i Keysecuritybox KSB107 hos Fred Janssen Van Kouwen Car Rental\" width=\"980\" height=\"551\" src=\"https:\/\/www.youtube.com\/embed\/RgrgjCxeTt0?feature=oembed&#038;enablejsapi=1&#038;origin=https:\/\/keybox.nl\" frameborder=\"0\" allow=\"accelerometer; autoplay; clipboard-write; encrypted-media; gyroscope; picture-in-picture; web-share\" referrerpolicy=\"strict-origin-when-cross-origin\" allowfullscreen><\/iframe><\/p>","protected":false},"excerpt":{"rendered":"<h2>Nyckels\u00e4kerhetsbox KSB107 XL<\/h2>\n<p>KSB107 kan placeras i en v\u00e4gg\/v\u00e4gg och \u00e4r extremt s\u00e4ker. Rull\u00f6ppning L66, H64, D 124 mm.<\/p>","protected":false},"featured_media":195,"comment_status":"open","ping_status":"closed","template":"","meta":[],"product_brand":[],"product_cat":[18],"product_tag":[21,20,44,43],"class_list":{"0":"post-201","1":"product","2":"type-product","3":"status-publish","4":"has-post-thumbnail","6":"product_cat-keysecuritybox","7":"product_tag-keybox","8":"product_tag-keysecuritybox","9":"product_tag-ksb107","10":"product_tag-xl","12":"first","13":"instock","14":"taxable","15":"shipping-taxable","16":"purchasable","17":"product-type-simple"},"yoast_head":"<!-- This site is optimized with the Yoast SEO plugin v27.4 - https:\/\/yoast.com\/product\/yoast-seo-wordpress\/ -->\n<title>Keysecuritybox KSB107 W sleutelkluis -<\/title>\n<meta name=\"robots\" content=\"index, follow, max-snippet:-1, max-image-preview:large, max-video-preview:-1\" \/>\n<link rel=\"canonical\" href=\"https:\/\/keybox.nl\/sv\/produkt\/keysecuritybox-sleutelkluis-ksb107-wl\/\" \/>\n<meta property=\"og:locale\" content=\"sv_SE\" \/>\n<meta property=\"og:type\" content=\"article\" \/>\n<meta property=\"og:title\" content=\"Keysecuritybox KSB107 W sleutelkluis -\" \/>\n<meta property=\"og:description\" content=\"Keysecuritybox KSB107 XL De KSB107 kan in een muur \/ wand geplaatst worden en is extreem veilig. Rol opening L66, H64, D 124 mm.\" \/>\n<meta property=\"og:url\" content=\"https:\/\/keybox.nl\/sv\/produkt\/keysecuritybox-sleutelkluis-ksb107-wl\/\" \/>\n<meta property=\"article:modified_time\" content=\"2026-03-23T01:16:41+00:00\" \/>\n<meta property=\"og:image\" content=\"http:\/\/keybox.nl\/wp-content\/uploads\/2022\/01\/KSB_007_2-e1643381083359.jpg\" \/>\n\t<meta property=\"og:image:width\" content=\"348\" \/>\n\t<meta property=\"og:image:height\" content=\"487\" \/>\n\t<meta property=\"og:image:type\" content=\"image\/jpeg\" \/>\n<meta name=\"twitter:card\" content=\"summary_large_image\" \/>\n<meta name=\"twitter:label1\" content=\"Ber\u00e4knad l\u00e4stid\" \/>\n\t<meta name=\"twitter:data1\" content=\"4 minuter\" \/>\n<script type=\"application\/ld+json\" class=\"yoast-schema-graph\">{\"@context\":\"https:\\\/\\\/schema.org\",\"@graph\":[{\"@type\":\"WebPage\",\"@id\":\"https:\\\/\\\/keybox.nl\\\/product\\\/keysecuritybox-sleutelkluis-ksb107-wl\\\/\",\"url\":\"https:\\\/\\\/keybox.nl\\\/product\\\/keysecuritybox-sleutelkluis-ksb107-wl\\\/\",\"name\":\"Keysecuritybox KSB107 W sleutelkluis -\",\"isPartOf\":{\"@id\":\"https:\\\/\\\/keybox.nl\\\/#website\"},\"primaryImageOfPage\":{\"@id\":\"https:\\\/\\\/keybox.nl\\\/product\\\/keysecuritybox-sleutelkluis-ksb107-wl\\\/#primaryimage\"},\"image\":{\"@id\":\"https:\\\/\\\/keybox.nl\\\/product\\\/keysecuritybox-sleutelkluis-ksb107-wl\\\/#primaryimage\"},\"thumbnailUrl\":\"https:\\\/\\\/keybox.nl\\\/wp-content\\\/uploads\\\/2022\\\/01\\\/KSB_007_2-e1643381083359.jpg\",\"datePublished\":\"2022-01-28T16:35:05+00:00\",\"dateModified\":\"2026-03-23T01:16:41+00:00\",\"breadcrumb\":{\"@id\":\"https:\\\/\\\/keybox.nl\\\/product\\\/keysecuritybox-sleutelkluis-ksb107-wl\\\/#breadcrumb\"},\"inLanguage\":\"sv-SE\",\"potentialAction\":[{\"@type\":\"ReadAction\",\"target\":[\"https:\\\/\\\/keybox.nl\\\/product\\\/keysecuritybox-sleutelkluis-ksb107-wl\\\/\"]}]},{\"@type\":\"ImageObject\",\"inLanguage\":\"sv-SE\",\"@id\":\"https:\\\/\\\/keybox.nl\\\/product\\\/keysecuritybox-sleutelkluis-ksb107-wl\\\/#primaryimage\",\"url\":\"https:\\\/\\\/keybox.nl\\\/wp-content\\\/uploads\\\/2022\\\/01\\\/KSB_007_2-e1643381083359.jpg\",\"contentUrl\":\"https:\\\/\\\/keybox.nl\\\/wp-content\\\/uploads\\\/2022\\\/01\\\/KSB_007_2-e1643381083359.jpg\",\"width\":348,\"height\":487},{\"@type\":\"BreadcrumbList\",\"@id\":\"https:\\\/\\\/keybox.nl\\\/product\\\/keysecuritybox-sleutelkluis-ksb107-wl\\\/#breadcrumb\",\"itemListElement\":[{\"@type\":\"ListItem\",\"position\":1,\"name\":\"Home\",\"item\":\"https:\\\/\\\/keybox.nl\\\/\"},{\"@type\":\"ListItem\",\"position\":2,\"name\":\"Beveiligde sleutelkastjes kopen\",\"item\":\"https:\\\/\\\/keybox.nl\\\/\"},{\"@type\":\"ListItem\",\"position\":3,\"name\":\"Keysecuritybox KSB107 W sleutelkluis\"}]},{\"@type\":\"WebSite\",\"@id\":\"https:\\\/\\\/keybox.nl\\\/#website\",\"url\":\"https:\\\/\\\/keybox.nl\\\/\",\"name\":\"\",\"description\":\"\",\"potentialAction\":[{\"@type\":\"SearchAction\",\"target\":{\"@type\":\"EntryPoint\",\"urlTemplate\":\"https:\\\/\\\/keybox.nl\\\/?s={search_term_string}\"},\"query-input\":{\"@type\":\"PropertyValueSpecification\",\"valueRequired\":true,\"valueName\":\"search_term_string\"}}],\"inLanguage\":\"sv-SE\"}]}<\/script>\n<!-- \/ Yoast SEO plugin. -->","yoast_head_json":{"title":"Nyckels\u00e4kerhetsbox KSB107 W - Nyckelsk\u00e5p","robots":{"index":"index","follow":"follow","max-snippet":"max-snippet:-1","max-image-preview":"max-image-preview:large","max-video-preview":"max-video-preview:-1"},"canonical":"https:\/\/keybox.nl\/sv\/produkt\/keysecuritybox-sleutelkluis-ksb107-wl\/","og_locale":"sv_SE","og_type":"article","og_title":"Keysecuritybox KSB107 W sleutelkluis -","og_description":"Keysecuritybox KSB107 XL De KSB107 kan in een muur \/ wand geplaatst worden en is extreem veilig. Rol opening L66, H64, D 124 mm.","og_url":"https:\/\/keybox.nl\/sv\/produkt\/keysecuritybox-sleutelkluis-ksb107-wl\/","article_modified_time":"2026-03-23T01:16:41+00:00","og_image":[{"width":348,"height":487,"url":"http:\/\/keybox.nl\/wp-content\/uploads\/2022\/01\/KSB_007_2-e1643381083359.jpg","type":"image\/jpeg"}],"twitter_card":"summary_large_image","twitter_misc":{"Ber\u00e4knad l\u00e4stid":"4 minuter"},"schema":{"@context":"https:\/\/schema.org","@graph":[{"@type":"WebPage","@id":"https:\/\/keybox.nl\/product\/keysecuritybox-sleutelkluis-ksb107-wl\/","url":"https:\/\/keybox.nl\/product\/keysecuritybox-sleutelkluis-ksb107-wl\/","name":"Nyckels\u00e4kerhetsbox KSB107 W - Nyckelsk\u00e5p","isPartOf":{"@id":"https:\/\/keybox.nl\/#website"},"primaryImageOfPage":{"@id":"https:\/\/keybox.nl\/product\/keysecuritybox-sleutelkluis-ksb107-wl\/#primaryimage"},"image":{"@id":"https:\/\/keybox.nl\/product\/keysecuritybox-sleutelkluis-ksb107-wl\/#primaryimage"},"thumbnailUrl":"https:\/\/keybox.nl\/wp-content\/uploads\/2022\/01\/KSB_007_2-e1643381083359.jpg","datePublished":"2022-01-28T16:35:05+00:00","dateModified":"2026-03-23T01:16:41+00:00","breadcrumb":{"@id":"https:\/\/keybox.nl\/product\/keysecuritybox-sleutelkluis-ksb107-wl\/#breadcrumb"},"inLanguage":"sv-SE","potentialAction":[{"@type":"ReadAction","target":["https:\/\/keybox.nl\/product\/keysecuritybox-sleutelkluis-ksb107-wl\/"]}]},{"@type":"ImageObject","inLanguage":"sv-SE","@id":"https:\/\/keybox.nl\/product\/keysecuritybox-sleutelkluis-ksb107-wl\/#primaryimage","url":"https:\/\/keybox.nl\/wp-content\/uploads\/2022\/01\/KSB_007_2-e1643381083359.jpg","contentUrl":"https:\/\/keybox.nl\/wp-content\/uploads\/2022\/01\/KSB_007_2-e1643381083359.jpg","width":348,"height":487},{"@type":"BreadcrumbList","@id":"https:\/\/keybox.nl\/product\/keysecuritybox-sleutelkluis-ksb107-wl\/#breadcrumb","itemListElement":[{"@type":"ListItem","position":1,"name":"Home","item":"https:\/\/keybox.nl\/"},{"@type":"ListItem","position":2,"name":"Beveiligde sleutelkastjes kopen","item":"https:\/\/keybox.nl\/"},{"@type":"ListItem","position":3,"name":"Keysecuritybox KSB107 W sleutelkluis"}]},{"@type":"WebSite","@id":"https:\/\/keybox.nl\/#website","url":"https:\/\/keybox.nl\/","name":"","description":"","potentialAction":[{"@type":"SearchAction","target":{"@type":"EntryPoint","urlTemplate":"https:\/\/keybox.nl\/?s={search_term_string}"},"query-input":{"@type":"PropertyValueSpecification","valueRequired":true,"valueName":"search_term_string"}}],"inLanguage":"sv-SE"}]}},"jetpack-related-posts":[{"id":193,"url":"https:\/\/keybox.nl\/sv\/produkt\/keysecuritybox-sleutelkluis-ksb107\/","url_meta":{"origin":201,"position":0},"title":"Keysecuritybox KSB107 nyckelsk\u00e5p","author":"Keybox@beheermodule","date":"28 januari 2022","format":false,"excerpt":"Nyckelsk\u00e5p KSB107 KSB107 kan monteras i v\u00e4gg\/v\u00e4gg och \u00e4r mycket s\u00e4kert. Rull\u00f6ppning L44, H64, D 124 mm.","rel":"","context":"Liknande inl\u00e4gg","block_context":{"text":"Liknande inl\u00e4gg","link":""},"img":{"alt_text":"","src":"https:\/\/i0.wp.com\/keybox.nl\/wp-content\/uploads\/2022\/01\/Ksb007-5-225x300.jpg?resize=350%2C200","width":350,"height":200},"classes":[]},{"id":237,"url":"https:\/\/keybox.nl\/sv\/produkt\/paneel-met-uitsparing-ksb107\/","url_meta":{"origin":201,"position":1},"title":"Panel f\u00f6r KSB107 och KSB107W","author":"Keybox@beheermodule","date":"1 februari 2022","format":false,"excerpt":"V\u00e4ggpanel med urtag f\u00f6r KSB107 Rekommenderas vid installation i en v\u00e4gg som inte best\u00e5r av sten, t.ex. en sandwichpanel. Panelen i rostfritt st\u00e5l\/inox \u00e4r f\u00f6rsedd med ett urtag.","rel":"","context":"Liknande inl\u00e4gg","block_context":{"text":"Liknande inl\u00e4gg","link":""},"img":{"alt_text":"RVS paneel ksb107","src":"https:\/\/i0.wp.com\/keybox.nl\/wp-content\/uploads\/2022\/02\/SS-Plate-KSB107-e1643788038351.jpg?resize=350%2C200&ssl=1","width":350,"height":200},"classes":[]},{"id":255,"url":"https:\/\/keybox.nl\/sv\/produkt\/regenkap-anti-masking-ksb107\/","url_meta":{"origin":201,"position":2},"title":"Regnhatt | Anti-maskning KSB107","author":"Keybox@beheermodule","date":"3 februari 2022","format":false,"excerpt":"\u00a0 Montera regn-\/maskeringshuven i rostfritt st\u00e5l\/Inox f\u00f6r att f\u00f6rhindra regn och maskering.\u00a0","rel":"","context":"Liknande inl\u00e4gg","block_context":{"text":"Liknande inl\u00e4gg","link":""},"img":{"alt_text":"Regenkap KSB107","src":"https:\/\/i0.wp.com\/keybox.nl\/wp-content\/uploads\/2022\/01\/KSB_007_rain-scaled-e1643227017671.jpg?resize=350%2C200&ssl=1","width":350,"height":200},"classes":[]},{"id":1339,"url":"https:\/\/keybox.nl\/sv\/produkt\/regenkap-anti-masking-ksb107-xl\/","url_meta":{"origin":201,"position":3},"title":"Regnm\u00f6ssa | Anti-maskning KSB107W","author":"Keybox@beheermodule","date":"10 februari 2023","format":false,"excerpt":"\u00a0 Montera regn-\/maskeringshuven i rostfritt st\u00e5l\/Inox f\u00f6r att f\u00f6rhindra regn och maskering.\u00a0","rel":"","context":"Liknande inl\u00e4gg","block_context":{"text":"Liknande inl\u00e4gg","link":""},"img":{"alt_text":"Regenkap KSB107","src":"https:\/\/i0.wp.com\/keybox.nl\/wp-content\/uploads\/2022\/01\/KSB_007_rain-scaled-e1643227017671.jpg?resize=350%2C200&ssl=1","width":350,"height":200},"classes":[]},{"id":36,"url":"https:\/\/keybox.nl\/sv\/produkt\/ksb101-ksb102-sleutelkluis\/","url_meta":{"origin":201,"position":4},"title":"Nyckels\u00e4kerhetsbox KSB101, KSB102 nyckelsk\u00e5p","author":"Keybox@beheermodule","date":"30 november 2021","format":false,"excerpt":"Nyckels\u00e4kerhetsbox KSB101 &amp; KSB102 Ett kassask\u00e5p i tv\u00e5 versioner: deponeringshjul v\u00e4nster eller h\u00f6ger","rel":"","context":"Med 1 kommentar","block_context":{"text":"Med 1 kommentar","link":"https:\/\/keybox.nl\/sv\/produkt\/ksb101-ksb102-sleutelkluis\/#comments"},"img":{"alt_text":"","src":"https:\/\/i0.wp.com\/keybox.nl\/wp-content\/uploads\/2021\/11\/KSB_101_3-scaled-e1638352491754.jpg?resize=350%2C200&ssl=1","width":350,"height":200},"classes":[]},{"id":72,"url":"https:\/\/keybox.nl\/sv\/produkt\/keysecuritybox-sleutelkluis-ksb101a-ksb102a\/","url_meta":{"origin":201,"position":5},"title":"Nyckels\u00e4kerhetssk\u00e5p KSB101A, KSB102A extra bepansrat nyckels\u00e4kerhetssk\u00e5p","author":"Keybox@beheermodule","date":"1 december 2021","format":false,"excerpt":"Keysecuritybox KSB101A &amp; KSB102A KSB101A och 102A \u00e4r utrustade med extra Armor \/ pansar. Inuti kassask\u00e5pet finns ett extra inre kassask\u00e5p tillverkat av specialst\u00e5l som ger h\u00f6gre skydd mot attacker. Ett kassask\u00e5p i tv\u00e5 versioner: deponeringshjul v\u00e4nster eller h\u00f6ger","rel":"","context":"Med 1 kommentar","block_context":{"text":"Med 1 kommentar","link":"https:\/\/keybox.nl\/sv\/produkt\/keysecuritybox-sleutelkluis-ksb101a-ksb102a\/#comments"},"img":{"alt_text":"","src":"https:\/\/i0.wp.com\/keybox.nl\/wp-content\/uploads\/2021\/11\/KSB_101_3-scaled-e1638352491754.jpg?resize=350%2C200&ssl=1","width":350,"height":200},"classes":[]}],"jetpack_sharing_enabled":true,"_links":{"self":[{"href":"https:\/\/keybox.nl\/sv\/wp-json\/wp\/v2\/product\/201","targetHints":{"allow":["GET"]}}],"collection":[{"href":"https:\/\/keybox.nl\/sv\/wp-json\/wp\/v2\/product"}],"about":[{"href":"https:\/\/keybox.nl\/sv\/wp-json\/wp\/v2\/types\/product"}],"replies":[{"embeddable":true,"href":"https:\/\/keybox.nl\/sv\/wp-json\/wp\/v2\/comments?post=201"}],"wp:featuredmedia":[{"embeddable":true,"href":"https:\/\/keybox.nl\/sv\/wp-json\/wp\/v2\/media\/195"}],"wp:attachment":[{"href":"https:\/\/keybox.nl\/sv\/wp-json\/wp\/v2\/media?parent=201"}],"wp:term":[{"taxonomy":"product_brand","embeddable":true,"href":"https:\/\/keybox.nl\/sv\/wp-json\/wp\/v2\/product_brand?post=201"},{"taxonomy":"product_cat","embeddable":true,"href":"https:\/\/keybox.nl\/sv\/wp-json\/wp\/v2\/product_cat?post=201"},{"taxonomy":"product_tag","embeddable":true,"href":"https:\/\/keybox.nl\/sv\/wp-json\/wp\/v2\/product_tag?post=201"}],"curies":[{"name":"wp","href":"https:\/\/api.w.org\/{rel}","templated":true}]}}