{"id":198,"date":"2022-01-28T16:29:39","date_gmt":"2022-01-28T16:29:39","guid":{"rendered":"http:\/\/keybox.nl\/?post_type=product&#038;p=198"},"modified":"2025-11-26T09:40:29","modified_gmt":"2025-11-26T09:40:29","slug":"regenkap-ksb101-102-en-103","status":"publish","type":"product","link":"https:\/\/keybox.nl\/sv\/produkt\/regenkap-ksb101-102-en-103\/","title":{"rendered":"Regnskyddstak KSB101, 2, 3"},"content":{"rendered":"<h2>Regnskydd f\u00f6r Keysecurity-boxen<\/h2>\n<p>F\u00f6rhindra regnvatten fr\u00e5n att tr\u00e4nga in i Keysecurityboxen med regnlocket. L\u00e4tt att applicera med en monteringssats p\u00e5 toppen av Keysecurityboxen. Locket f\u00f6rhindrar att vatten tr\u00e4nger in i kassask\u00e5pet via rullen.<\/p>\n<p>H\u00e5ll nyckeln torr och montera ett regnlock.<\/p>\n<figure id=\"attachment_199\" aria-describedby=\"caption-attachment-199\" style=\"width: 270px\" class=\"wp-caption alignleft\"><img decoding=\"async\" class=\"size-medium wp-image-199\" src=\"http:\/\/keybox.nl\/wp-content\/uploads\/2022\/01\/IMG_5363-270x300.jpg\" alt=\"\" width=\"270\" height=\"300\" \/><figcaption id=\"caption-attachment-199\" class=\"wp-caption-text\">Regnlock Nyckelf\u00f6rvaringsbox<\/figcaption><\/figure>\n<p>&nbsp;<\/p>","protected":false},"excerpt":{"rendered":"<h2>Regnskydd f\u00f6r Keysecurity-boxen<\/h2>","protected":false},"featured_media":199,"comment_status":"open","ping_status":"closed","template":"","meta":[],"product_brand":[],"product_cat":[36],"product_tag":[40,41,42,20,38,39,37],"class_list":{"0":"post-198","1":"product","2":"type-product","3":"status-publish","4":"has-post-thumbnail","6":"product_cat-keysecuritybox-accessoires","7":"product_tag-40","8":"product_tag-41","9":"product_tag-42","10":"product_tag-keysecuritybox","11":"product_tag-ksb","12":"product_tag-regen","13":"product_tag-regenkap","15":"first","16":"instock","17":"taxable","18":"shipping-taxable","19":"purchasable","20":"product-type-simple"},"yoast_head":"<!-- This site is optimized with the Yoast SEO plugin v27.4 - https:\/\/yoast.com\/product\/yoast-seo-wordpress\/ -->\n<title>Regenkap KSB101, 2, 3 -<\/title>\n<meta name=\"robots\" content=\"index, follow, max-snippet:-1, max-image-preview:large, max-video-preview:-1\" \/>\n<link rel=\"canonical\" href=\"https:\/\/keybox.nl\/sv\/produkt\/regenkap-ksb101-102-en-103\/\" \/>\n<meta property=\"og:locale\" content=\"sv_SE\" \/>\n<meta property=\"og:type\" content=\"article\" \/>\n<meta property=\"og:title\" content=\"Regenkap KSB101, 2, 3 -\" \/>\n<meta property=\"og:description\" content=\"Regenkap voor de Keysecuritybox\" \/>\n<meta property=\"og:url\" content=\"https:\/\/keybox.nl\/sv\/produkt\/regenkap-ksb101-102-en-103\/\" \/>\n<meta property=\"article:modified_time\" content=\"2025-11-26T09:40:29+00:00\" \/>\n<meta property=\"og:image\" content=\"http:\/\/keybox.nl\/wp-content\/uploads\/2022\/01\/IMG_5363-scaled-e1643386544179.jpg\" \/>\n\t<meta property=\"og:image:width\" content=\"438\" \/>\n\t<meta property=\"og:image:height\" content=\"487\" \/>\n\t<meta property=\"og:image:type\" content=\"image\/jpeg\" \/>\n<meta name=\"twitter:card\" content=\"summary_large_image\" \/>\n<script type=\"application\/ld+json\" class=\"yoast-schema-graph\">{\"@context\":\"https:\\\/\\\/schema.org\",\"@graph\":[{\"@type\":\"WebPage\",\"@id\":\"https:\\\/\\\/keybox.nl\\\/product\\\/regenkap-ksb101-102-en-103\\\/\",\"url\":\"https:\\\/\\\/keybox.nl\\\/product\\\/regenkap-ksb101-102-en-103\\\/\",\"name\":\"Regenkap KSB101, 2, 3 -\",\"isPartOf\":{\"@id\":\"https:\\\/\\\/keybox.nl\\\/#website\"},\"primaryImageOfPage\":{\"@id\":\"https:\\\/\\\/keybox.nl\\\/product\\\/regenkap-ksb101-102-en-103\\\/#primaryimage\"},\"image\":{\"@id\":\"https:\\\/\\\/keybox.nl\\\/product\\\/regenkap-ksb101-102-en-103\\\/#primaryimage\"},\"thumbnailUrl\":\"https:\\\/\\\/keybox.nl\\\/wp-content\\\/uploads\\\/2022\\\/01\\\/IMG_5363-scaled-e1643386544179.jpg\",\"datePublished\":\"2022-01-28T16:29:39+00:00\",\"dateModified\":\"2025-11-26T09:40:29+00:00\",\"breadcrumb\":{\"@id\":\"https:\\\/\\\/keybox.nl\\\/product\\\/regenkap-ksb101-102-en-103\\\/#breadcrumb\"},\"inLanguage\":\"sv-SE\",\"potentialAction\":[{\"@type\":\"ReadAction\",\"target\":[\"https:\\\/\\\/keybox.nl\\\/product\\\/regenkap-ksb101-102-en-103\\\/\"]}]},{\"@type\":\"ImageObject\",\"inLanguage\":\"sv-SE\",\"@id\":\"https:\\\/\\\/keybox.nl\\\/product\\\/regenkap-ksb101-102-en-103\\\/#primaryimage\",\"url\":\"https:\\\/\\\/keybox.nl\\\/wp-content\\\/uploads\\\/2022\\\/01\\\/IMG_5363-scaled-e1643386544179.jpg\",\"contentUrl\":\"https:\\\/\\\/keybox.nl\\\/wp-content\\\/uploads\\\/2022\\\/01\\\/IMG_5363-scaled-e1643386544179.jpg\",\"width\":438,\"height\":487,\"caption\":\"Regenkap Keysecuritybox\"},{\"@type\":\"BreadcrumbList\",\"@id\":\"https:\\\/\\\/keybox.nl\\\/product\\\/regenkap-ksb101-102-en-103\\\/#breadcrumb\",\"itemListElement\":[{\"@type\":\"ListItem\",\"position\":1,\"name\":\"Home\",\"item\":\"https:\\\/\\\/keybox.nl\\\/\"},{\"@type\":\"ListItem\",\"position\":2,\"name\":\"Beveiligde sleutelkastjes kopen\",\"item\":\"https:\\\/\\\/keybox.nl\\\/\"},{\"@type\":\"ListItem\",\"position\":3,\"name\":\"Regenkap KSB101, 2, 3\"}]},{\"@type\":\"WebSite\",\"@id\":\"https:\\\/\\\/keybox.nl\\\/#website\",\"url\":\"https:\\\/\\\/keybox.nl\\\/\",\"name\":\"\",\"description\":\"\",\"potentialAction\":[{\"@type\":\"SearchAction\",\"target\":{\"@type\":\"EntryPoint\",\"urlTemplate\":\"https:\\\/\\\/keybox.nl\\\/?s={search_term_string}\"},\"query-input\":{\"@type\":\"PropertyValueSpecification\",\"valueRequired\":true,\"valueName\":\"search_term_string\"}}],\"inLanguage\":\"sv-SE\"}]}<\/script>\n<!-- \/ Yoast SEO plugin. -->","yoast_head_json":{"title":"Regnskydd KSB101, 2, 3","robots":{"index":"index","follow":"follow","max-snippet":"max-snippet:-1","max-image-preview":"max-image-preview:large","max-video-preview":"max-video-preview:-1"},"canonical":"https:\/\/keybox.nl\/sv\/produkt\/regenkap-ksb101-102-en-103\/","og_locale":"sv_SE","og_type":"article","og_title":"Regenkap KSB101, 2, 3 -","og_description":"Regenkap voor de Keysecuritybox","og_url":"https:\/\/keybox.nl\/sv\/produkt\/regenkap-ksb101-102-en-103\/","article_modified_time":"2025-11-26T09:40:29+00:00","og_image":[{"width":438,"height":487,"url":"http:\/\/keybox.nl\/wp-content\/uploads\/2022\/01\/IMG_5363-scaled-e1643386544179.jpg","type":"image\/jpeg"}],"twitter_card":"summary_large_image","schema":{"@context":"https:\/\/schema.org","@graph":[{"@type":"WebPage","@id":"https:\/\/keybox.nl\/product\/regenkap-ksb101-102-en-103\/","url":"https:\/\/keybox.nl\/product\/regenkap-ksb101-102-en-103\/","name":"Regnskydd KSB101, 2, 3","isPartOf":{"@id":"https:\/\/keybox.nl\/#website"},"primaryImageOfPage":{"@id":"https:\/\/keybox.nl\/product\/regenkap-ksb101-102-en-103\/#primaryimage"},"image":{"@id":"https:\/\/keybox.nl\/product\/regenkap-ksb101-102-en-103\/#primaryimage"},"thumbnailUrl":"https:\/\/keybox.nl\/wp-content\/uploads\/2022\/01\/IMG_5363-scaled-e1643386544179.jpg","datePublished":"2022-01-28T16:29:39+00:00","dateModified":"2025-11-26T09:40:29+00:00","breadcrumb":{"@id":"https:\/\/keybox.nl\/product\/regenkap-ksb101-102-en-103\/#breadcrumb"},"inLanguage":"sv-SE","potentialAction":[{"@type":"ReadAction","target":["https:\/\/keybox.nl\/product\/regenkap-ksb101-102-en-103\/"]}]},{"@type":"ImageObject","inLanguage":"sv-SE","@id":"https:\/\/keybox.nl\/product\/regenkap-ksb101-102-en-103\/#primaryimage","url":"https:\/\/keybox.nl\/wp-content\/uploads\/2022\/01\/IMG_5363-scaled-e1643386544179.jpg","contentUrl":"https:\/\/keybox.nl\/wp-content\/uploads\/2022\/01\/IMG_5363-scaled-e1643386544179.jpg","width":438,"height":487,"caption":"Regenkap Keysecuritybox"},{"@type":"BreadcrumbList","@id":"https:\/\/keybox.nl\/product\/regenkap-ksb101-102-en-103\/#breadcrumb","itemListElement":[{"@type":"ListItem","position":1,"name":"Home","item":"https:\/\/keybox.nl\/"},{"@type":"ListItem","position":2,"name":"Beveiligde sleutelkastjes kopen","item":"https:\/\/keybox.nl\/"},{"@type":"ListItem","position":3,"name":"Regenkap KSB101, 2, 3"}]},{"@type":"WebSite","@id":"https:\/\/keybox.nl\/#website","url":"https:\/\/keybox.nl\/","name":"","description":"","potentialAction":[{"@type":"SearchAction","target":{"@type":"EntryPoint","urlTemplate":"https:\/\/keybox.nl\/?s={search_term_string}"},"query-input":{"@type":"PropertyValueSpecification","valueRequired":true,"valueName":"search_term_string"}}],"inLanguage":"sv-SE"}]}},"jetpack-related-posts":[{"id":184,"url":"https:\/\/keybox.nl\/sv\/produkt\/keysecuritybox-ksb106\/","url_meta":{"origin":198,"position":0},"title":"L\u00e5da f\u00f6r nyckels\u00e4kerhet KSB106","author":"Keybox@beheermodule","date":"26 januari 2022","format":false,"excerpt":"L\u00e5da f\u00f6r nyckels\u00e4kerhet KSB106 \u00a0","rel":"","context":"Liknande inl\u00e4gg","block_context":{"text":"Liknande inl\u00e4gg","link":""},"img":{"alt_text":"","src":"https:\/\/i0.wp.com\/keybox.nl\/wp-content\/uploads\/2022\/01\/MG_3154-scaled-e1643377303706.jpg?resize=350%2C200&ssl=1","width":350,"height":200,"srcset":"https:\/\/i0.wp.com\/keybox.nl\/wp-content\/uploads\/2022\/01\/MG_3154-scaled-e1643377303706.jpg?resize=350%2C200&ssl=1 1x, https:\/\/i0.wp.com\/keybox.nl\/wp-content\/uploads\/2022\/01\/MG_3154-scaled-e1643377303706.jpg?resize=525%2C300&ssl=1 1.5x, https:\/\/i0.wp.com\/keybox.nl\/wp-content\/uploads\/2022\/01\/MG_3154-scaled-e1643377303706.jpg?resize=700%2C400&ssl=1 2x"},"classes":[]},{"id":122,"url":"https:\/\/keybox.nl\/sv\/produkt\/keysecuritybox-ksb105\/","url_meta":{"origin":198,"position":1},"title":"L\u00e5da f\u00f6r nyckels\u00e4kerhet KSB105","author":"Keybox@beheermodule","date":"14 december 2021","format":false,"excerpt":"Nyckels\u00e4kerhetsbox KSB105 L\u00e4mplig f\u00f6r att f\u00f6rankra modell KSB103 och KSB004 i en stolpe.","rel":"","context":"Liknande inl\u00e4gg","block_context":{"text":"Liknande inl\u00e4gg","link":""},"img":{"alt_text":"","src":"https:\/\/i0.wp.com\/keybox.nl\/wp-content\/uploads\/2021\/12\/KSB005-e1639511667630.png?resize=350%2C200&ssl=1","width":350,"height":200},"classes":[]},{"id":115,"url":"https:\/\/keybox.nl\/sv\/produkt\/keysecuritybox-sleutelkluis-ksb103a\/","url_meta":{"origin":198,"position":2},"title":"Keysecuritybox KSB103A extra bepansrat nyckelsk\u00e5p","author":"Keybox@beheermodule","date":"4 december 2021","format":false,"excerpt":"Nyckels\u00e4kerhetsbox KSB103A med extra pansar. KSB103A \u00e4r utrustad med extra Armor \/ pansar. Inuti kassask\u00e5pet finns ett extra inre kassask\u00e5p av specialst\u00e5l som ger h\u00f6gre skydd mot attacker. F\u00f6r montering p\u00e5 stolpe (KSB005) eller konsol KSB106","rel":"","context":"Liknande inl\u00e4gg","block_context":{"text":"Liknande inl\u00e4gg","link":""},"img":{"alt_text":"","src":"https:\/\/i0.wp.com\/keybox.nl\/wp-content\/uploads\/2021\/11\/KSB_101_3-scaled-e1638352491754.jpg?resize=350%2C200&ssl=1","width":350,"height":200},"classes":[]},{"id":109,"url":"https:\/\/keybox.nl\/sv\/produkt\/keysecuritybox-sleutelkluis-ksb103\/","url_meta":{"origin":198,"position":3},"title":"Keysecuritybox KSB103 nyckelsk\u00e5p","author":"Keybox@beheermodule","date":"4 december 2021","format":false,"excerpt":"Nyckels\u00e4kerhetsbox KSB103 F\u00f6r montering p\u00e5 stolpe (KSB005) eller konsol KSB106","rel":"","context":"Liknande inl\u00e4gg","block_context":{"text":"Liknande inl\u00e4gg","link":""},"img":{"alt_text":"","src":"https:\/\/i0.wp.com\/keybox.nl\/wp-content\/uploads\/2021\/11\/KSB_101_3-scaled-e1638352491754.jpg?resize=350%2C200&ssl=1","width":350,"height":200},"classes":[]},{"id":237,"url":"https:\/\/keybox.nl\/sv\/produkt\/paneel-met-uitsparing-ksb107\/","url_meta":{"origin":198,"position":4},"title":"Panel f\u00f6r KSB107 och KSB107W","author":"Keybox@beheermodule","date":"1 februari 2022","format":false,"excerpt":"V\u00e4ggpanel med urtag f\u00f6r KSB107 Rekommenderas vid installation i en v\u00e4gg som inte best\u00e5r av sten, t.ex. en sandwichpanel. Panelen i rostfritt st\u00e5l\/inox \u00e4r f\u00f6rsedd med ett urtag.","rel":"","context":"Liknande inl\u00e4gg","block_context":{"text":"Liknande inl\u00e4gg","link":""},"img":{"alt_text":"RVS paneel ksb107","src":"https:\/\/i0.wp.com\/keybox.nl\/wp-content\/uploads\/2022\/02\/SS-Plate-KSB107-e1643788038351.jpg?resize=350%2C200&ssl=1","width":350,"height":200},"classes":[]},{"id":201,"url":"https:\/\/keybox.nl\/sv\/produkt\/keysecuritybox-sleutelkluis-ksb107-wl\/","url_meta":{"origin":198,"position":5},"title":"Nyckels\u00e4kerhetsbox KSB107 W nyckelsk\u00e5p","author":"Keybox@beheermodule","date":"28 januari 2022","format":false,"excerpt":"Nyckelsk\u00e5p KSB107 XL KSB107 kan installeras i v\u00e4gg\/v\u00e4gg och \u00e4r extremt s\u00e4kert. Rull\u00f6ppning L66, H64, D 124 mm.","rel":"","context":"Liknande inl\u00e4gg","block_context":{"text":"Liknande inl\u00e4gg","link":""},"img":{"alt_text":"","src":"https:\/\/i0.wp.com\/keybox.nl\/wp-content\/uploads\/2022\/01\/Keysecuritybox-KSB107XL-300x300.jpg?resize=350%2C200","width":350,"height":200},"classes":[]}],"jetpack_sharing_enabled":true,"_links":{"self":[{"href":"https:\/\/keybox.nl\/sv\/wp-json\/wp\/v2\/product\/198","targetHints":{"allow":["GET"]}}],"collection":[{"href":"https:\/\/keybox.nl\/sv\/wp-json\/wp\/v2\/product"}],"about":[{"href":"https:\/\/keybox.nl\/sv\/wp-json\/wp\/v2\/types\/product"}],"replies":[{"embeddable":true,"href":"https:\/\/keybox.nl\/sv\/wp-json\/wp\/v2\/comments?post=198"}],"wp:featuredmedia":[{"embeddable":true,"href":"https:\/\/keybox.nl\/sv\/wp-json\/wp\/v2\/media\/199"}],"wp:attachment":[{"href":"https:\/\/keybox.nl\/sv\/wp-json\/wp\/v2\/media?parent=198"}],"wp:term":[{"taxonomy":"product_brand","embeddable":true,"href":"https:\/\/keybox.nl\/sv\/wp-json\/wp\/v2\/product_brand?post=198"},{"taxonomy":"product_cat","embeddable":true,"href":"https:\/\/keybox.nl\/sv\/wp-json\/wp\/v2\/product_cat?post=198"},{"taxonomy":"product_tag","embeddable":true,"href":"https:\/\/keybox.nl\/sv\/wp-json\/wp\/v2\/product_tag?post=198"}],"curies":[{"name":"wp","href":"https:\/\/api.w.org\/{rel}","templated":true}]}}