{"id":184,"date":"2022-01-26T20:32:05","date_gmt":"2022-01-26T20:32:05","guid":{"rendered":"http:\/\/keybox.nl\/?post_type=product&#038;p=184"},"modified":"2025-11-26T09:38:42","modified_gmt":"2025-11-26T09:38:42","slug":"keysecuritybox-ksb106","status":"publish","type":"product","link":"https:\/\/keybox.nl\/sv\/produkt\/keysecuritybox-ksb106\/","title":{"rendered":"L\u00e5da f\u00f6r nyckels\u00e4kerhet KSB106"},"content":{"rendered":"<h2>L\u00e5da f\u00f6r nyckels\u00e4kerhet KSB106<\/h2>\n<p>Den enklaste och s\u00e4kraste l\u00f6sningen f\u00f6r f\u00f6rvaring av nycklar och nyckelkort 24\/7 - denna smarta, robusta och prisv\u00e4rda dropbox anv\u00e4nds av tusentals f\u00f6retag.<\/p>\n<p>KSB106 \u00e4r en konsol med ett inre ben och ett robust yttre skal p\u00e5 vilket <a href=\"http:\/\/keybox.nl\/sv\/produkt\/keysecuritybox-ksb103\/\" target=\"_blank\" rel=\"noopener\">KSB103<\/a> eller KSB004 kan placeras. Konsolen kan f\u00f6rankras i ett betonggolv eller fundament. Den placeras ofta vid en entr\u00e9 och p\u00e5 flygplatser och j\u00e4rnv\u00e4gsstationer. Men \u00e4ven p\u00e5 parkeringsplatser och bakom eller framf\u00f6r ett staket.<\/p>\n<p><img decoding=\"async\" class=\"alignnone size-medium wp-image-191\" src=\"http:\/\/keybox.nl\/wp-content\/uploads\/2022\/01\/KSB006_Dockx-225x300.jpg\" alt=\"\" width=\"225\" height=\"300\" srcset=\"https:\/\/keybox.nl\/wp-content\/uploads\/2022\/01\/KSB006_Dockx-225x300.jpg 225w, https:\/\/keybox.nl\/wp-content\/uploads\/2022\/01\/KSB006_Dockx-416x555.jpg 416w, https:\/\/keybox.nl\/wp-content\/uploads\/2022\/01\/KSB006_Dockx.jpg 425w\" sizes=\"(max-width: 225px) 100vw, 225px\" \/><\/p>\n<p><strong>DEN B\u00c4STA L\u00d6SNINGEN F\u00d6R BILUTHYRNINGSF\u00d6RETAG, LEASINGF\u00d6RETAG, BILHANDLARE, F\u00d6RETAG MED VAGNPARKER, BILHANDLARE, VERKST\u00c4DER, HOTELL OCH MYCKET MER.<\/strong><\/p>\n<p><strong>Ett urval av v\u00e5ra referenser<\/strong><br \/>\nBilhandlare: Audi, BMW, Chevolet, Citro\u00ebn, Fiat, Jaguar, Ford, Honda, Isuzu, Land Rover, MAN lastbilar, Mazda, Mercedes, Mitsubishi, Nissan, Tesla, Toyota, Opel, Peugeot, Rolls Royce, Renault, Saab, Porsche, Volvo, Volkswagen Biluthyrning: Avis, Hertz, Budget, Sixt, Europcar, Dockx, Thrifty, AVA Rent, Autorent, Drive Yourself, Bochane Rent, Oto2rent, Camion Rentals, Runner Trucks, Bultman Hertz Kollektivtrafik: Flygplats Schiphol Amsterdam, Flygplats Rotterdam, Flygplats Eindhoven, Flygplats Groningen, Flygplats Maastricht, Flygplats Antwerpen, Flygplats Bryssel, Charleroi Airport, Aeroport du Luxembourg, Station Antwerp Central \u00d6vriga: Carglass, ING Car Lease, Runner Truck Lease &amp; Rental, Scheer en Foppen Logistics, Borent, Philips Lighting Company cars &amp; Trailer Service, Dura Vermeer Road Construction, Bosch Universal Car Companies, Profile Tyre Center.<\/p>\n<p>Specifikationer f\u00f6r KSB 106<br \/>\nM\u00e5tt: ytterm\u00e5tt: 215 x 215 x 600 (BxDxH)<br \/>\nVikt inklusive emballage: ca 23 kg<br \/>\nTydliga instruktioner f\u00f6r installation<\/p>\n<p>Material och ytbehandling<br \/>\nKallvalsat kolst\u00e5l av h\u00f6g kvalitet<br \/>\nDupont pulverlackering (Ral 9006)<br \/>\nTjockv\u00e4ggigt st\u00e5l<\/p>","protected":false},"excerpt":{"rendered":"<h2>L\u00e5da f\u00f6r nyckels\u00e4kerhet KSB106<\/h2>\n<p>&nbsp;<\/p>","protected":false},"featured_media":190,"comment_status":"open","ping_status":"closed","template":"","meta":[],"product_brand":[],"product_cat":[36],"product_tag":[],"class_list":{"0":"post-184","1":"product","2":"type-product","3":"status-publish","4":"has-post-thumbnail","6":"product_cat-keysecuritybox-accessoires","8":"first","9":"instock","10":"taxable","11":"shipping-taxable","12":"purchasable","13":"product-type-simple"},"yoast_head":"<!-- This site is optimized with the Yoast SEO plugin v27.4 - https:\/\/yoast.com\/product\/yoast-seo-wordpress\/ -->\n<title>Keysecuritybox KSB106 -<\/title>\n<meta name=\"robots\" content=\"index, follow, max-snippet:-1, max-image-preview:large, max-video-preview:-1\" \/>\n<link rel=\"canonical\" href=\"https:\/\/keybox.nl\/sv\/produkt\/keysecuritybox-ksb106\/\" \/>\n<meta property=\"og:locale\" content=\"sv_SE\" \/>\n<meta property=\"og:type\" content=\"article\" \/>\n<meta property=\"og:title\" content=\"Keysecuritybox KSB106 -\" \/>\n<meta property=\"og:description\" content=\"Keysecuritybox KSB106 &nbsp;\" \/>\n<meta property=\"og:url\" content=\"https:\/\/keybox.nl\/sv\/produkt\/keysecuritybox-ksb106\/\" \/>\n<meta property=\"article:modified_time\" content=\"2025-11-26T09:38:42+00:00\" \/>\n<meta property=\"og:image\" content=\"http:\/\/keybox.nl\/wp-content\/uploads\/2022\/01\/MG_3154-scaled-e1643377303706.jpg\" \/>\n\t<meta property=\"og:image:width\" content=\"773\" \/>\n\t<meta property=\"og:image:height\" content=\"900\" \/>\n\t<meta property=\"og:image:type\" content=\"image\/jpeg\" \/>\n<meta name=\"twitter:card\" content=\"summary_large_image\" \/>\n<meta name=\"twitter:label1\" content=\"Ber\u00e4knad l\u00e4stid\" \/>\n\t<meta name=\"twitter:data1\" content=\"2 minuter\" \/>\n<script type=\"application\/ld+json\" class=\"yoast-schema-graph\">{\"@context\":\"https:\\\/\\\/schema.org\",\"@graph\":[{\"@type\":\"WebPage\",\"@id\":\"https:\\\/\\\/keybox.nl\\\/product\\\/keysecuritybox-ksb106\\\/\",\"url\":\"https:\\\/\\\/keybox.nl\\\/product\\\/keysecuritybox-ksb106\\\/\",\"name\":\"Keysecuritybox KSB106 -\",\"isPartOf\":{\"@id\":\"https:\\\/\\\/keybox.nl\\\/#website\"},\"primaryImageOfPage\":{\"@id\":\"https:\\\/\\\/keybox.nl\\\/product\\\/keysecuritybox-ksb106\\\/#primaryimage\"},\"image\":{\"@id\":\"https:\\\/\\\/keybox.nl\\\/product\\\/keysecuritybox-ksb106\\\/#primaryimage\"},\"thumbnailUrl\":\"https:\\\/\\\/keybox.nl\\\/wp-content\\\/uploads\\\/2022\\\/01\\\/MG_3154-scaled-e1643377303706.jpg\",\"datePublished\":\"2022-01-26T20:32:05+00:00\",\"dateModified\":\"2025-11-26T09:38:42+00:00\",\"breadcrumb\":{\"@id\":\"https:\\\/\\\/keybox.nl\\\/product\\\/keysecuritybox-ksb106\\\/#breadcrumb\"},\"inLanguage\":\"sv-SE\",\"potentialAction\":[{\"@type\":\"ReadAction\",\"target\":[\"https:\\\/\\\/keybox.nl\\\/product\\\/keysecuritybox-ksb106\\\/\"]}]},{\"@type\":\"ImageObject\",\"inLanguage\":\"sv-SE\",\"@id\":\"https:\\\/\\\/keybox.nl\\\/product\\\/keysecuritybox-ksb106\\\/#primaryimage\",\"url\":\"https:\\\/\\\/keybox.nl\\\/wp-content\\\/uploads\\\/2022\\\/01\\\/MG_3154-scaled-e1643377303706.jpg\",\"contentUrl\":\"https:\\\/\\\/keybox.nl\\\/wp-content\\\/uploads\\\/2022\\\/01\\\/MG_3154-scaled-e1643377303706.jpg\",\"width\":773,\"height\":900},{\"@type\":\"BreadcrumbList\",\"@id\":\"https:\\\/\\\/keybox.nl\\\/product\\\/keysecuritybox-ksb106\\\/#breadcrumb\",\"itemListElement\":[{\"@type\":\"ListItem\",\"position\":1,\"name\":\"Home\",\"item\":\"https:\\\/\\\/keybox.nl\\\/\"},{\"@type\":\"ListItem\",\"position\":2,\"name\":\"Beveiligde sleutelkastjes kopen\",\"item\":\"https:\\\/\\\/keybox.nl\\\/\"},{\"@type\":\"ListItem\",\"position\":3,\"name\":\"Keysecuritybox KSB106\"}]},{\"@type\":\"WebSite\",\"@id\":\"https:\\\/\\\/keybox.nl\\\/#website\",\"url\":\"https:\\\/\\\/keybox.nl\\\/\",\"name\":\"\",\"description\":\"\",\"potentialAction\":[{\"@type\":\"SearchAction\",\"target\":{\"@type\":\"EntryPoint\",\"urlTemplate\":\"https:\\\/\\\/keybox.nl\\\/?s={search_term_string}\"},\"query-input\":{\"@type\":\"PropertyValueSpecification\",\"valueRequired\":true,\"valueName\":\"search_term_string\"}}],\"inLanguage\":\"sv-SE\"}]}<\/script>\n<!-- \/ Yoast SEO plugin. -->","yoast_head_json":{"title":"L\u00e5da f\u00f6r nyckels\u00e4kerhet KSB106","robots":{"index":"index","follow":"follow","max-snippet":"max-snippet:-1","max-image-preview":"max-image-preview:large","max-video-preview":"max-video-preview:-1"},"canonical":"https:\/\/keybox.nl\/sv\/produkt\/keysecuritybox-ksb106\/","og_locale":"sv_SE","og_type":"article","og_title":"Keysecuritybox KSB106 -","og_description":"Keysecuritybox KSB106 &nbsp;","og_url":"https:\/\/keybox.nl\/sv\/produkt\/keysecuritybox-ksb106\/","article_modified_time":"2025-11-26T09:38:42+00:00","og_image":[{"width":773,"height":900,"url":"http:\/\/keybox.nl\/wp-content\/uploads\/2022\/01\/MG_3154-scaled-e1643377303706.jpg","type":"image\/jpeg"}],"twitter_card":"summary_large_image","twitter_misc":{"Ber\u00e4knad l\u00e4stid":"2 minuter"},"schema":{"@context":"https:\/\/schema.org","@graph":[{"@type":"WebPage","@id":"https:\/\/keybox.nl\/product\/keysecuritybox-ksb106\/","url":"https:\/\/keybox.nl\/product\/keysecuritybox-ksb106\/","name":"L\u00e5da f\u00f6r nyckels\u00e4kerhet KSB106","isPartOf":{"@id":"https:\/\/keybox.nl\/#website"},"primaryImageOfPage":{"@id":"https:\/\/keybox.nl\/product\/keysecuritybox-ksb106\/#primaryimage"},"image":{"@id":"https:\/\/keybox.nl\/product\/keysecuritybox-ksb106\/#primaryimage"},"thumbnailUrl":"https:\/\/keybox.nl\/wp-content\/uploads\/2022\/01\/MG_3154-scaled-e1643377303706.jpg","datePublished":"2022-01-26T20:32:05+00:00","dateModified":"2025-11-26T09:38:42+00:00","breadcrumb":{"@id":"https:\/\/keybox.nl\/product\/keysecuritybox-ksb106\/#breadcrumb"},"inLanguage":"sv-SE","potentialAction":[{"@type":"ReadAction","target":["https:\/\/keybox.nl\/product\/keysecuritybox-ksb106\/"]}]},{"@type":"ImageObject","inLanguage":"sv-SE","@id":"https:\/\/keybox.nl\/product\/keysecuritybox-ksb106\/#primaryimage","url":"https:\/\/keybox.nl\/wp-content\/uploads\/2022\/01\/MG_3154-scaled-e1643377303706.jpg","contentUrl":"https:\/\/keybox.nl\/wp-content\/uploads\/2022\/01\/MG_3154-scaled-e1643377303706.jpg","width":773,"height":900},{"@type":"BreadcrumbList","@id":"https:\/\/keybox.nl\/product\/keysecuritybox-ksb106\/#breadcrumb","itemListElement":[{"@type":"ListItem","position":1,"name":"Home","item":"https:\/\/keybox.nl\/"},{"@type":"ListItem","position":2,"name":"Beveiligde sleutelkastjes kopen","item":"https:\/\/keybox.nl\/"},{"@type":"ListItem","position":3,"name":"Keysecuritybox KSB106"}]},{"@type":"WebSite","@id":"https:\/\/keybox.nl\/#website","url":"https:\/\/keybox.nl\/","name":"","description":"","potentialAction":[{"@type":"SearchAction","target":{"@type":"EntryPoint","urlTemplate":"https:\/\/keybox.nl\/?s={search_term_string}"},"query-input":{"@type":"PropertyValueSpecification","valueRequired":true,"valueName":"search_term_string"}}],"inLanguage":"sv-SE"}]}},"jetpack-related-posts":[{"id":109,"url":"https:\/\/keybox.nl\/sv\/produkt\/keysecuritybox-sleutelkluis-ksb103\/","url_meta":{"origin":184,"position":0},"title":"Keysecuritybox KSB103 nyckelsk\u00e5p","author":"Keybox@beheermodule","date":"4 december 2021","format":false,"excerpt":"Nyckels\u00e4kerhetsbox KSB103 F\u00f6r montering p\u00e5 stolpe (KSB005) eller konsol KSB106","rel":"","context":"Liknande inl\u00e4gg","block_context":{"text":"Liknande inl\u00e4gg","link":""},"img":{"alt_text":"","src":"https:\/\/i0.wp.com\/keybox.nl\/wp-content\/uploads\/2021\/11\/KSB_101_3-scaled-e1638352491754.jpg?resize=350%2C200&ssl=1","width":350,"height":200},"classes":[]},{"id":115,"url":"https:\/\/keybox.nl\/sv\/produkt\/keysecuritybox-sleutelkluis-ksb103a\/","url_meta":{"origin":184,"position":1},"title":"Keysecuritybox KSB103A extra bepansrat nyckelsk\u00e5p","author":"Keybox@beheermodule","date":"4 december 2021","format":false,"excerpt":"Nyckels\u00e4kerhetsbox KSB103A med extra pansar. KSB103A \u00e4r utrustad med extra Armor \/ pansar. Inuti kassask\u00e5pet finns ett extra inre kassask\u00e5p av specialst\u00e5l som ger h\u00f6gre skydd mot attacker. F\u00f6r montering p\u00e5 stolpe (KSB005) eller konsol KSB106","rel":"","context":"Liknande inl\u00e4gg","block_context":{"text":"Liknande inl\u00e4gg","link":""},"img":{"alt_text":"","src":"https:\/\/i0.wp.com\/keybox.nl\/wp-content\/uploads\/2021\/11\/KSB_101_3-scaled-e1638352491754.jpg?resize=350%2C200&ssl=1","width":350,"height":200},"classes":[]},{"id":193,"url":"https:\/\/keybox.nl\/sv\/produkt\/keysecuritybox-sleutelkluis-ksb107\/","url_meta":{"origin":184,"position":2},"title":"Keysecuritybox KSB107 nyckelsk\u00e5p","author":"Keybox@beheermodule","date":"28 januari 2022","format":false,"excerpt":"Nyckelsk\u00e5p KSB107 KSB107 kan monteras i v\u00e4gg\/v\u00e4gg och \u00e4r mycket s\u00e4kert. Rull\u00f6ppning L44, H64, D 124 mm.","rel":"","context":"Liknande inl\u00e4gg","block_context":{"text":"Liknande inl\u00e4gg","link":""},"img":{"alt_text":"","src":"https:\/\/i0.wp.com\/keybox.nl\/wp-content\/uploads\/2022\/01\/Ksb007-5-225x300.jpg?resize=350%2C200","width":350,"height":200},"classes":[]},{"id":201,"url":"https:\/\/keybox.nl\/sv\/produkt\/keysecuritybox-sleutelkluis-ksb107-wl\/","url_meta":{"origin":184,"position":3},"title":"Nyckels\u00e4kerhetsbox KSB107 W nyckelsk\u00e5p","author":"Keybox@beheermodule","date":"28 januari 2022","format":false,"excerpt":"Nyckelsk\u00e5p KSB107 XL KSB107 kan installeras i v\u00e4gg\/v\u00e4gg och \u00e4r extremt s\u00e4kert. Rull\u00f6ppning L66, H64, D 124 mm.","rel":"","context":"Liknande inl\u00e4gg","block_context":{"text":"Liknande inl\u00e4gg","link":""},"img":{"alt_text":"","src":"https:\/\/i0.wp.com\/keybox.nl\/wp-content\/uploads\/2022\/01\/Keysecuritybox-KSB107XL-300x300.jpg?resize=350%2C200","width":350,"height":200},"classes":[]},{"id":122,"url":"https:\/\/keybox.nl\/sv\/produkt\/keysecuritybox-ksb105\/","url_meta":{"origin":184,"position":4},"title":"L\u00e5da f\u00f6r nyckels\u00e4kerhet KSB105","author":"Keybox@beheermodule","date":"14 december 2021","format":false,"excerpt":"Nyckels\u00e4kerhetsbox KSB105 L\u00e4mplig f\u00f6r att f\u00f6rankra modell KSB103 och KSB004 i en stolpe.","rel":"","context":"Liknande inl\u00e4gg","block_context":{"text":"Liknande inl\u00e4gg","link":""},"img":{"alt_text":"","src":"https:\/\/i0.wp.com\/keybox.nl\/wp-content\/uploads\/2021\/12\/KSB005-e1639511667630.png?resize=350%2C200&ssl=1","width":350,"height":200},"classes":[]},{"id":72,"url":"https:\/\/keybox.nl\/sv\/produkt\/keysecuritybox-sleutelkluis-ksb101a-ksb102a\/","url_meta":{"origin":184,"position":5},"title":"Nyckels\u00e4kerhetssk\u00e5p KSB101A, KSB102A extra bepansrat nyckels\u00e4kerhetssk\u00e5p","author":"Keybox@beheermodule","date":"1 december 2021","format":false,"excerpt":"Keysecuritybox KSB101A &amp; KSB102A KSB101A och 102A \u00e4r utrustade med extra Armor \/ pansar. Inuti kassask\u00e5pet finns ett extra inre kassask\u00e5p tillverkat av specialst\u00e5l som ger h\u00f6gre skydd mot attacker. Ett kassask\u00e5p i tv\u00e5 versioner: deponeringshjul v\u00e4nster eller h\u00f6ger","rel":"","context":"Med 1 kommentar","block_context":{"text":"Med 1 kommentar","link":"https:\/\/keybox.nl\/sv\/produkt\/keysecuritybox-sleutelkluis-ksb101a-ksb102a\/#comments"},"img":{"alt_text":"","src":"https:\/\/i0.wp.com\/keybox.nl\/wp-content\/uploads\/2021\/11\/KSB_101_3-scaled-e1638352491754.jpg?resize=350%2C200&ssl=1","width":350,"height":200},"classes":[]}],"jetpack_sharing_enabled":true,"_links":{"self":[{"href":"https:\/\/keybox.nl\/sv\/wp-json\/wp\/v2\/product\/184","targetHints":{"allow":["GET"]}}],"collection":[{"href":"https:\/\/keybox.nl\/sv\/wp-json\/wp\/v2\/product"}],"about":[{"href":"https:\/\/keybox.nl\/sv\/wp-json\/wp\/v2\/types\/product"}],"replies":[{"embeddable":true,"href":"https:\/\/keybox.nl\/sv\/wp-json\/wp\/v2\/comments?post=184"}],"wp:featuredmedia":[{"embeddable":true,"href":"https:\/\/keybox.nl\/sv\/wp-json\/wp\/v2\/media\/190"}],"wp:attachment":[{"href":"https:\/\/keybox.nl\/sv\/wp-json\/wp\/v2\/media?parent=184"}],"wp:term":[{"taxonomy":"product_brand","embeddable":true,"href":"https:\/\/keybox.nl\/sv\/wp-json\/wp\/v2\/product_brand?post=184"},{"taxonomy":"product_cat","embeddable":true,"href":"https:\/\/keybox.nl\/sv\/wp-json\/wp\/v2\/product_cat?post=184"},{"taxonomy":"product_tag","embeddable":true,"href":"https:\/\/keybox.nl\/sv\/wp-json\/wp\/v2\/product_tag?post=184"}],"curies":[{"name":"wp","href":"https:\/\/api.w.org\/{rel}","templated":true}]}}