{"id":1822,"date":"2025-01-26T21:36:39","date_gmt":"2025-01-26T21:36:39","guid":{"rendered":"https:\/\/keybox.nl\/?post_type=product&#038;p=1822"},"modified":"2025-01-26T21:36:39","modified_gmt":"2025-01-26T21:36:39","slug":"keysafe-gce","status":"publish","type":"product","link":"https:\/\/keybox.nl\/sv\/produkt\/keysafe-gce\/","title":{"rendered":"Nyckels\u00e4ker GCE"},"content":{"rendered":"<h4>V\u00e4lj mellan tre storlekar f\u00f6r Keysafe GCE.<\/h4>\n<h4>Allm\u00e4nna egenskaper<\/h4>\n<ul>\n<li style=\"list-style-type: none;\">\n<ul>\n<li>Inbrottsskydd: Certifierad och uppfyller de h\u00f6gsta s\u00e4kerhetskraven.<strong> (EN 14 450 S\u00e4kerhetsniv\u00e5 2)<\/strong><\/li>\n<li>V\u00e4rdef\u00f6rvaring indikation: Kontanter 5 000 euro V\u00e4rdesaker: 9 000 euro<\/li>\n<li>Stora krokar, l\u00e4mpliga f\u00f6r nycklar och bilnycklar<\/li>\n<li>Elektroniskt l\u00e5s, enkelt att anv\u00e4nda utan batterier.<\/li>\n<li>Inkluderar n\u00f6dnyckell\u00e5s med 2 nycklar f\u00f6r extra s\u00e4kerhet.<\/li>\n<li>F\u00f6rberedd f\u00f6r v\u00e4ggf\u00f6rankring.<\/li>\n<li>Snyggt svart.<\/li>\n<\/ul>\n<\/li>\n<\/ul>\n<h4>Olika modeller<\/h4>\n<p><strong>GCE 28<\/strong><\/p>\n<ul>\n<li>M\u00e5tt: 350 x 470 x 150 (ytterm\u00e5tt h x b x d i mm)<\/li>\n<li>Vikt: 38 kg<\/li>\n<li>28 nyckelkrokar<\/li>\n<\/ul>\n<p><strong>GCE 48<\/strong><\/p>\n<ul>\n<li>M\u00e5tt: 490 x 430 x 150 (ytterm\u00e5tt h x b x d i mm)<\/li>\n<li>Vikt: 44 kg<\/li>\n<li>48 nyckelkrokar<\/li>\n<\/ul>\n<p><strong>GCE 87<\/strong><\/p>\n<ul>\n<li>M\u00e5tt: 490 x 430 x 180 (ytterm\u00e5tt h x b x d i mm)<\/li>\n<li>Vikt: 47 kg<\/li>\n<li>87 nyckelkrokar<\/li>\n<li>Innerfack med krokar p\u00e5 d\u00f6rren, blockeras av ett magnetiskt system f\u00f6r extra s\u00e4kerhet.<\/li>\n<li style=\"list-style-type: none;\"><\/li>\n<\/ul>\n<h4>F\u00f6rdelar<\/h4>\n<ul>\n<li><strong>Flexibel f\u00f6rvaring:<\/strong> Passar f\u00f6r b\u00e5de enstaka nycklar och nyckelbrickor.<\/li>\n<li><strong>Anv\u00e4ndarv\u00e4nlig:<\/strong> Elektroniskt l\u00e5s och n\u00f6dnycklar ger enkel \u00e5tkomst och s\u00e4kerhet.<\/li>\n<li><strong>Slitstark design:<\/strong> T\u00e5l tung anv\u00e4ndning och erbjuder utm\u00e4rkt skydd mot inbrott.<\/li>\n<li><strong>Perfekt f\u00f6r f\u00f6retag:<\/strong> Perfekt f\u00f6r verkst\u00e4der, bilhandlare och organisationer som vill ha en professionell nyckelhantering.<\/li>\n<li><strong>S\u00e4ker och certifierad:<\/strong> Uppfyller RDW- och BOVAG-kraven, perfekt f\u00f6r f\u00f6retag som vill hantera nycklar p\u00e5 ett effektivt och s\u00e4kert s\u00e4tt.<\/li>\n<\/ul>\n<p>Med <strong>Nyckels\u00e4ker GCE<\/strong> Om du v\u00e4ljer ett p\u00e5litligt nyckelsk\u00e5p som erbjuder s\u00e4kerhet och bekv\u00e4mlighet, best\u00e4ll direkt fr\u00e5n <a href=\"http:\/\/keybox.nl\/sv\/\">keybox.co.uk!<\/a><\/p>","protected":false},"excerpt":{"rendered":"<p>V\u00e4lj mellan 3 olika modeller.<\/p>","protected":false},"featured_media":1823,"comment_status":"open","ping_status":"closed","template":"","meta":[],"product_brand":[],"product_cat":[88],"product_tag":[90,89],"class_list":{"0":"post-1822","1":"product","2":"type-product","3":"status-publish","4":"has-post-thumbnail","6":"product_cat-sleutelkluizen","7":"product_tag-medium-sleutelkluis","8":"product_tag-middelgrote-keysafe","10":"first","11":"instock","12":"taxable","13":"shipping-taxable","14":"purchasable","15":"product-type-variable","16":"has-default-attributes"},"yoast_head":"<!-- This site is optimized with the Yoast SEO plugin v27.4 - https:\/\/yoast.com\/product\/yoast-seo-wordpress\/ -->\n<title>Keysafe GCE -<\/title>\n<meta name=\"robots\" content=\"index, follow, max-snippet:-1, max-image-preview:large, max-video-preview:-1\" \/>\n<link rel=\"canonical\" href=\"https:\/\/keybox.nl\/sv\/produkt\/keysafe-gce\/\" \/>\n<meta property=\"og:locale\" content=\"sv_SE\" \/>\n<meta property=\"og:type\" content=\"article\" \/>\n<meta property=\"og:title\" content=\"Keysafe GCE -\" \/>\n<meta property=\"og:description\" content=\"Kies uit 3 modellen.\" \/>\n<meta property=\"og:url\" content=\"https:\/\/keybox.nl\/sv\/produkt\/keysafe-gce\/\" \/>\n<meta property=\"og:image\" content=\"http:\/\/keybox.nl\/wp-content\/uploads\/2025\/01\/9858a0f7e85097eb90f56de1f00f8269.jpg\" \/>\n\t<meta property=\"og:image:width\" content=\"2000\" \/>\n\t<meta property=\"og:image:height\" content=\"2000\" \/>\n\t<meta property=\"og:image:type\" content=\"image\/jpeg\" \/>\n<meta name=\"twitter:card\" content=\"summary_large_image\" \/>\n<meta name=\"twitter:label1\" content=\"Ber\u00e4knad l\u00e4stid\" \/>\n\t<meta name=\"twitter:data1\" content=\"2 minuter\" \/>\n<script type=\"application\/ld+json\" class=\"yoast-schema-graph\">{\"@context\":\"https:\\\/\\\/schema.org\",\"@graph\":[{\"@type\":\"WebPage\",\"@id\":\"https:\\\/\\\/keybox.nl\\\/product\\\/keysafe-gce\\\/\",\"url\":\"https:\\\/\\\/keybox.nl\\\/product\\\/keysafe-gce\\\/\",\"name\":\"Keysafe GCE -\",\"isPartOf\":{\"@id\":\"https:\\\/\\\/keybox.nl\\\/#website\"},\"primaryImageOfPage\":{\"@id\":\"https:\\\/\\\/keybox.nl\\\/product\\\/keysafe-gce\\\/#primaryimage\"},\"image\":{\"@id\":\"https:\\\/\\\/keybox.nl\\\/product\\\/keysafe-gce\\\/#primaryimage\"},\"thumbnailUrl\":\"https:\\\/\\\/keybox.nl\\\/wp-content\\\/uploads\\\/2025\\\/01\\\/9858a0f7e85097eb90f56de1f00f8269.jpg\",\"datePublished\":\"2025-01-26T21:36:39+00:00\",\"breadcrumb\":{\"@id\":\"https:\\\/\\\/keybox.nl\\\/product\\\/keysafe-gce\\\/#breadcrumb\"},\"inLanguage\":\"sv-SE\",\"potentialAction\":[{\"@type\":\"ReadAction\",\"target\":[\"https:\\\/\\\/keybox.nl\\\/product\\\/keysafe-gce\\\/\"]}]},{\"@type\":\"ImageObject\",\"inLanguage\":\"sv-SE\",\"@id\":\"https:\\\/\\\/keybox.nl\\\/product\\\/keysafe-gce\\\/#primaryimage\",\"url\":\"https:\\\/\\\/keybox.nl\\\/wp-content\\\/uploads\\\/2025\\\/01\\\/9858a0f7e85097eb90f56de1f00f8269.jpg\",\"contentUrl\":\"https:\\\/\\\/keybox.nl\\\/wp-content\\\/uploads\\\/2025\\\/01\\\/9858a0f7e85097eb90f56de1f00f8269.jpg\",\"width\":2000,\"height\":2000},{\"@type\":\"BreadcrumbList\",\"@id\":\"https:\\\/\\\/keybox.nl\\\/product\\\/keysafe-gce\\\/#breadcrumb\",\"itemListElement\":[{\"@type\":\"ListItem\",\"position\":1,\"name\":\"Home\",\"item\":\"https:\\\/\\\/keybox.nl\\\/\"},{\"@type\":\"ListItem\",\"position\":2,\"name\":\"Beveiligde sleutelkastjes kopen\",\"item\":\"https:\\\/\\\/keybox.nl\\\/\"},{\"@type\":\"ListItem\",\"position\":3,\"name\":\"Keysafe GCE\"}]},{\"@type\":\"WebSite\",\"@id\":\"https:\\\/\\\/keybox.nl\\\/#website\",\"url\":\"https:\\\/\\\/keybox.nl\\\/\",\"name\":\"\",\"description\":\"\",\"potentialAction\":[{\"@type\":\"SearchAction\",\"target\":{\"@type\":\"EntryPoint\",\"urlTemplate\":\"https:\\\/\\\/keybox.nl\\\/?s={search_term_string}\"},\"query-input\":{\"@type\":\"PropertyValueSpecification\",\"valueRequired\":true,\"valueName\":\"search_term_string\"}}],\"inLanguage\":\"sv-SE\"}]}<\/script>\n<!-- \/ Yoast SEO plugin. -->","yoast_head_json":{"title":"Nyckels\u00e4ker GCE -","robots":{"index":"index","follow":"follow","max-snippet":"max-snippet:-1","max-image-preview":"max-image-preview:large","max-video-preview":"max-video-preview:-1"},"canonical":"https:\/\/keybox.nl\/sv\/produkt\/keysafe-gce\/","og_locale":"sv_SE","og_type":"article","og_title":"Keysafe GCE -","og_description":"Kies uit 3 modellen.","og_url":"https:\/\/keybox.nl\/sv\/produkt\/keysafe-gce\/","og_image":[{"width":2000,"height":2000,"url":"http:\/\/keybox.nl\/wp-content\/uploads\/2025\/01\/9858a0f7e85097eb90f56de1f00f8269.jpg","type":"image\/jpeg"}],"twitter_card":"summary_large_image","twitter_misc":{"Ber\u00e4knad l\u00e4stid":"2 minuter"},"schema":{"@context":"https:\/\/schema.org","@graph":[{"@type":"WebPage","@id":"https:\/\/keybox.nl\/product\/keysafe-gce\/","url":"https:\/\/keybox.nl\/product\/keysafe-gce\/","name":"Nyckels\u00e4ker GCE -","isPartOf":{"@id":"https:\/\/keybox.nl\/#website"},"primaryImageOfPage":{"@id":"https:\/\/keybox.nl\/product\/keysafe-gce\/#primaryimage"},"image":{"@id":"https:\/\/keybox.nl\/product\/keysafe-gce\/#primaryimage"},"thumbnailUrl":"https:\/\/keybox.nl\/wp-content\/uploads\/2025\/01\/9858a0f7e85097eb90f56de1f00f8269.jpg","datePublished":"2025-01-26T21:36:39+00:00","breadcrumb":{"@id":"https:\/\/keybox.nl\/product\/keysafe-gce\/#breadcrumb"},"inLanguage":"sv-SE","potentialAction":[{"@type":"ReadAction","target":["https:\/\/keybox.nl\/product\/keysafe-gce\/"]}]},{"@type":"ImageObject","inLanguage":"sv-SE","@id":"https:\/\/keybox.nl\/product\/keysafe-gce\/#primaryimage","url":"https:\/\/keybox.nl\/wp-content\/uploads\/2025\/01\/9858a0f7e85097eb90f56de1f00f8269.jpg","contentUrl":"https:\/\/keybox.nl\/wp-content\/uploads\/2025\/01\/9858a0f7e85097eb90f56de1f00f8269.jpg","width":2000,"height":2000},{"@type":"BreadcrumbList","@id":"https:\/\/keybox.nl\/product\/keysafe-gce\/#breadcrumb","itemListElement":[{"@type":"ListItem","position":1,"name":"Home","item":"https:\/\/keybox.nl\/"},{"@type":"ListItem","position":2,"name":"Beveiligde sleutelkastjes kopen","item":"https:\/\/keybox.nl\/"},{"@type":"ListItem","position":3,"name":"Keysafe GCE"}]},{"@type":"WebSite","@id":"https:\/\/keybox.nl\/#website","url":"https:\/\/keybox.nl\/","name":"","description":"","potentialAction":[{"@type":"SearchAction","target":{"@type":"EntryPoint","urlTemplate":"https:\/\/keybox.nl\/?s={search_term_string}"},"query-input":{"@type":"PropertyValueSpecification","valueRequired":true,"valueName":"search_term_string"}}],"inLanguage":"sv-SE"}]}},"jetpack-related-posts":[{"id":1812,"url":"https:\/\/keybox.nl\/sv\/produkt\/drs-vector-combi-keysafe\/","url_meta":{"origin":1822,"position":0},"title":"DRS Vector Combi Nyckelsafe","author":"Elric Drost","date":"21 januari 2025","format":false,"excerpt":"Perfekt f\u00f6r professionellt bruk.","rel":"","context":"Liknande inl\u00e4gg","block_context":{"text":"Liknande inl\u00e4gg","link":""},"img":{"alt_text":"","src":"https:\/\/i0.wp.com\/keybox.nl\/wp-content\/uploads\/2025\/01\/DRS-Vector-Combi-Keysafe-keybox.jpg?resize=350%2C200&ssl=1","width":350,"height":200,"srcset":"https:\/\/i0.wp.com\/keybox.nl\/wp-content\/uploads\/2025\/01\/DRS-Vector-Combi-Keysafe-keybox.jpg?resize=350%2C200&ssl=1 1x, https:\/\/i0.wp.com\/keybox.nl\/wp-content\/uploads\/2025\/01\/DRS-Vector-Combi-Keysafe-keybox.jpg?resize=525%2C300&ssl=1 1.5x, https:\/\/i0.wp.com\/keybox.nl\/wp-content\/uploads\/2025\/01\/DRS-Vector-Combi-Keysafe-keybox.jpg?resize=700%2C400&ssl=1 2x, https:\/\/i0.wp.com\/keybox.nl\/wp-content\/uploads\/2025\/01\/DRS-Vector-Combi-Keysafe-keybox.jpg?resize=1050%2C600&ssl=1 3x"},"classes":[]},{"id":1179,"url":"https:\/\/keybox.nl\/sv\/produkt\/keysafe-original\/","url_meta":{"origin":1822,"position":1},"title":"Nyckelsafe Original","author":"Keybox@beheermodule","date":"9 december 2022","format":false,"excerpt":"Keysafe Original f\u00f6r 5 nycklar Om du beh\u00f6ver flera nycklar f\u00f6r att komma in i ett rum kan du med den stora f\u00f6rvaringskapaciteten hos KeySafe\u2122 Original f\u00f6rvara dem alla p\u00e5 ett st\u00e4lle med en anv\u00e4ndarv\u00e4nlig \u00e5tkomstkod. KeySafe Original rymmer flera nycklar och \u00e4r tillr\u00e4ckligt stor f\u00f6r nyckelkort....","rel":"","context":"Liknande inl\u00e4gg","block_context":{"text":"Liknande inl\u00e4gg","link":""},"img":{"alt_text":"","src":"https:\/\/i0.wp.com\/keybox.nl\/wp-content\/uploads\/2022\/12\/Keysafe_Original_keybox_sleutelkluis.jpg?resize=350%2C200&ssl=1","width":350,"height":200,"srcset":"https:\/\/i0.wp.com\/keybox.nl\/wp-content\/uploads\/2022\/12\/Keysafe_Original_keybox_sleutelkluis.jpg?resize=350%2C200&ssl=1 1x, https:\/\/i0.wp.com\/keybox.nl\/wp-content\/uploads\/2022\/12\/Keysafe_Original_keybox_sleutelkluis.jpg?resize=525%2C300&ssl=1 1.5x, https:\/\/i0.wp.com\/keybox.nl\/wp-content\/uploads\/2022\/12\/Keysafe_Original_keybox_sleutelkluis.jpg?resize=700%2C400&ssl=1 2x"},"classes":[]},{"id":1171,"url":"https:\/\/keybox.nl\/sv\/produkt\/keysafe-slimline\/","url_meta":{"origin":1822,"position":2},"title":"Nyckelsafe Slimline","author":"Keybox@beheermodule","date":"9 december 2022","format":false,"excerpt":"Alltid \u00e5tkomlig med Keysafe Slimline","rel":"","context":"Liknande inl\u00e4gg","block_context":{"text":"Liknande inl\u00e4gg","link":""},"img":{"alt_text":"Keysafe Slim line","src":"https:\/\/i0.wp.com\/keybox.nl\/wp-content\/uploads\/2022\/12\/Keysafe_Slim_line_Keybox.jpeg?resize=350%2C200&ssl=1","width":350,"height":200,"srcset":"https:\/\/i0.wp.com\/keybox.nl\/wp-content\/uploads\/2022\/12\/Keysafe_Slim_line_Keybox.jpeg?resize=350%2C200&ssl=1 1x, https:\/\/i0.wp.com\/keybox.nl\/wp-content\/uploads\/2022\/12\/Keysafe_Slim_line_Keybox.jpeg?resize=525%2C300&ssl=1 1.5x, https:\/\/i0.wp.com\/keybox.nl\/wp-content\/uploads\/2022\/12\/Keysafe_Slim_line_Keybox.jpeg?resize=700%2C400&ssl=1 2x"},"classes":[]},{"id":1775,"url":"https:\/\/keybox.nl\/sv\/produkt\/keysafe-pro-original\/","url_meta":{"origin":1822,"position":3},"title":"Keysafe Pro original","author":"Elric Drost","date":"5 december 2024","format":false,"excerpt":"KEYSAFE Pro Original \u00e4r ett robust nyckelsk\u00e5p f\u00f6r 5 standardnycklar.","rel":"","context":"Liknande inl\u00e4gg","block_context":{"text":"Liknande inl\u00e4gg","link":""},"img":{"alt_text":"","src":"https:\/\/i0.wp.com\/keybox.nl\/wp-content\/uploads\/2024\/12\/keysafe-pro-original-sleutelkluisje.jpg?resize=350%2C200&ssl=1","width":350,"height":200},"classes":[]},{"id":1796,"url":"https:\/\/keybox.nl\/sv\/produkt\/keysafe-key-cabinet\/","url_meta":{"origin":1822,"position":4},"title":"Keysafe nyckelsk\u00e5p","author":"Elric Drost","date":"18 december 2024","format":false,"excerpt":"Touchpoint PRO fr\u00e5n Kidde 30\/60\/120 tangenter","rel":"","context":"Liknande inl\u00e4gg","block_context":{"text":"Liknande inl\u00e4gg","link":""},"img":{"alt_text":"","src":"https:\/\/i0.wp.com\/keybox.nl\/wp-content\/uploads\/2024\/12\/Keysafe-cabinet-30-Keybox-open-298x300.jpg?resize=350%2C200","width":350,"height":200},"classes":[]},{"id":1782,"url":"https:\/\/keybox.nl\/sv\/produkt\/keysafe-p500\/","url_meta":{"origin":1822,"position":5},"title":"Nyckelsafe P500","author":"Elric Drost","date":"13 december 2024","format":false,"excerpt":"Det s\u00e4kraste mininyckelsk\u00e5pet p\u00e5 marknaden.","rel":"","context":"Liknande inl\u00e4gg","block_context":{"text":"Liknande inl\u00e4gg","link":""},"img":{"alt_text":"","src":"https:\/\/i0.wp.com\/keybox.nl\/wp-content\/uploads\/2024\/12\/boite-a-cle-keysafe-pro-grand-format.jpg?resize=350%2C200&ssl=1","width":350,"height":200},"classes":[]}],"jetpack_sharing_enabled":true,"_links":{"self":[{"href":"https:\/\/keybox.nl\/sv\/wp-json\/wp\/v2\/product\/1822","targetHints":{"allow":["GET"]}}],"collection":[{"href":"https:\/\/keybox.nl\/sv\/wp-json\/wp\/v2\/product"}],"about":[{"href":"https:\/\/keybox.nl\/sv\/wp-json\/wp\/v2\/types\/product"}],"replies":[{"embeddable":true,"href":"https:\/\/keybox.nl\/sv\/wp-json\/wp\/v2\/comments?post=1822"}],"wp:featuredmedia":[{"embeddable":true,"href":"https:\/\/keybox.nl\/sv\/wp-json\/wp\/v2\/media\/1823"}],"wp:attachment":[{"href":"https:\/\/keybox.nl\/sv\/wp-json\/wp\/v2\/media?parent=1822"}],"wp:term":[{"taxonomy":"product_brand","embeddable":true,"href":"https:\/\/keybox.nl\/sv\/wp-json\/wp\/v2\/product_brand?post=1822"},{"taxonomy":"product_cat","embeddable":true,"href":"https:\/\/keybox.nl\/sv\/wp-json\/wp\/v2\/product_cat?post=1822"},{"taxonomy":"product_tag","embeddable":true,"href":"https:\/\/keybox.nl\/sv\/wp-json\/wp\/v2\/product_tag?post=1822"}],"curies":[{"name":"wp","href":"https:\/\/api.w.org\/{rel}","templated":true}]}}