{"id":1812,"date":"2025-01-21T15:05:43","date_gmt":"2025-01-21T15:05:43","guid":{"rendered":"https:\/\/keybox.nl\/?post_type=product&#038;p=1812"},"modified":"2025-01-21T15:05:43","modified_gmt":"2025-01-21T15:05:43","slug":"drs-vector-combi-keysafe","status":"publish","type":"product","link":"https:\/\/keybox.nl\/sv\/produkt\/drs-vector-combi-keysafe\/","title":{"rendered":"DRS Vector Combi Nyckelsafe"},"content":{"rendered":"<p>Den <strong>DRS Vector Combi Nyckelsafe<\/strong> erbjuder en unik kombination av ett nyckelsk\u00e5p och ett v\u00e4rdesk\u00e5p. Tack vare de tv\u00e5 separata facken \u00e4r detta kassask\u00e5p perfekt f\u00f6r f\u00f6retag och privatpersoner som vill f\u00f6rvara b\u00e5de nycklar och v\u00e4rdesaker p\u00e5 ett s\u00e4kert s\u00e4tt.<\/p>\n<h4>Funktioner<\/h4>\n<ul>\n<li style=\"list-style-type: none;\">\n<ul>\n<li>Det \u00f6vre facket \u00e4r speciellt utformat f\u00f6r s\u00e4ker och bekv\u00e4m f\u00f6rvaring av nycklar.<\/li>\n<li>Nedre facket \u00e4r l\u00e4mpligt f\u00f6r f\u00f6rvaring av v\u00e4rdesaker som registreringsbevis, bilhandlingar och andra v\u00e4rdesaker.<\/li>\n<li><strong>Intr\u00e5ngsskydd:<\/strong> Certifierad och uppfyller de h\u00f6gsta s\u00e4kerhetskraven.<strong> (EN 14 450 S\u00e4kerhetsniv\u00e5 2)<\/strong><\/li>\n<li>F\u00f6rberedd f\u00f6r golv- eller v\u00e4ggf\u00f6rankring.<\/li>\n<li>V\u00e4rdef\u00f6rvaring indikation: Kontanter 5 000 euro V\u00e4rdesaker: 9 000 euro<\/li>\n<\/ul>\n<\/li>\n<\/ul>\n<h4>F\u00f6rdelar<\/h4>\n<ul>\n<li style=\"list-style-type: none;\">\n<ul>\n<li style=\"list-style-type: none;\">\n<ul>\n<li><strong>S\u00e4kerhet och m\u00e5ngsidighet:<\/strong> Skydda b\u00e5de nycklar och v\u00e4rdesaker i ett och samma kassask\u00e5p. Uppfyller kraven i <strong>RDW<\/strong> och <strong>BOVAG<\/strong>.<\/li>\n<li><strong>Perfekt f\u00f6r f\u00f6retag:<\/strong> Speciellt utformad f\u00f6r f\u00f6retag som bilhandlare, verkst\u00e4der och organisationer som beh\u00f6ver hantera dokument och nycklar.<\/li>\n<li><strong>Anv\u00e4ndarv\u00e4nlig:<\/strong> Elektroniska kombinationsl\u00e5s ger snabb och s\u00e4ker tillg\u00e5ng till dina tillh\u00f6righeter och nycklar.<\/li>\n<li><strong>H\u00e5llbarhet:<\/strong> H\u00f6gkvalitativ, inbrottss\u00e4ker design.<\/li>\n<\/ul>\n<\/li>\n<\/ul>\n<\/li>\n<\/ul>\n<h4>Tekniska specifikationer<\/h4>\n<ul>\n<li style=\"list-style-type: none;\">\n<ul>\n<li style=\"list-style-type: none;\">\n<ul>\n<li>M\u00e5tt: 1200 x 450 x 450 (H x B x D).<\/li>\n<li>Inv\u00e4ndiga m\u00e5tt p\u00e5 nedre facket: 500 x 380 x 332 mm (H x B x D).<\/li>\n<li>Vikt: 151 kg.<\/li>\n<li>200 nyckelkrokar i \u00f6vre facket.<\/li>\n<li>S\u00e4kerhetsklass S2 (enligt EN 14 450 S\u00e4kerhetsniv\u00e5 2).<\/li>\n<li>Brandbest\u00e4ndig DIN 4102 (ej testad, ger ett f\u00f6rsta skydd i h\u00e4ndelse av brand).<\/li>\n<li>Aluminiumgr\u00e5 finish (RAL 9006).<\/li>\n<\/ul>\n<\/li>\n<\/ul>\n<\/li>\n<\/ul>\n<p><a href=\"https:\/\/deraat.nl\/beheer\/upload\/1\/Handleidingen%20productpagina\/handleidingen_nl\/Primor%20100%20-%202024.pdf\">Manual f\u00f6r DRS Vector Combi Keysafe<\/a><\/p>\n<p>DRS Vector Combi Keysafe kombinerar bekv\u00e4mlighet, s\u00e4kerhet och m\u00e5ngsidighet i en enkel l\u00f6sning. Perfekt f\u00f6r professionellt bruk eller hemma, best\u00e4ll nu direkt fr\u00e5n <a href=\"http:\/\/Keybox.nl\">Keybox.co.uk!<\/a><\/p>","protected":false},"excerpt":{"rendered":"<p>Perfekt f\u00f6r professionellt bruk.<\/p>","protected":false},"featured_media":1813,"comment_status":"open","ping_status":"closed","template":"","meta":[],"product_brand":[],"product_cat":[88],"product_tag":[86],"class_list":{"0":"post-1812","1":"product","2":"type-product","3":"status-publish","4":"has-post-thumbnail","6":"product_cat-sleutelkluizen","7":"product_tag-grote-keysafe","9":"first","10":"instock","11":"taxable","12":"shipping-taxable","13":"purchasable","14":"product-type-simple"},"yoast_head":"<!-- This site is optimized with the Yoast SEO plugin v27.4 - https:\/\/yoast.com\/product\/yoast-seo-wordpress\/ -->\n<title>DRS Vector Combi Keysafe -<\/title>\n<meta name=\"robots\" content=\"index, follow, max-snippet:-1, max-image-preview:large, max-video-preview:-1\" \/>\n<link rel=\"canonical\" href=\"https:\/\/keybox.nl\/sv\/produkt\/drs-vector-combi-keysafe\/\" \/>\n<meta property=\"og:locale\" content=\"sv_SE\" \/>\n<meta property=\"og:type\" content=\"article\" \/>\n<meta property=\"og:title\" content=\"DRS Vector Combi Keysafe -\" \/>\n<meta property=\"og:description\" content=\"Perfect voor professioneel gebruik.\" \/>\n<meta property=\"og:url\" content=\"https:\/\/keybox.nl\/sv\/produkt\/drs-vector-combi-keysafe\/\" \/>\n<meta property=\"og:image\" content=\"http:\/\/keybox.nl\/wp-content\/uploads\/2025\/01\/DRS-Vector-Combi-Keysafe-keybox.jpg\" \/>\n\t<meta property=\"og:image:width\" content=\"1200\" \/>\n\t<meta property=\"og:image:height\" content=\"1143\" \/>\n\t<meta property=\"og:image:type\" content=\"image\/jpeg\" \/>\n<meta name=\"twitter:card\" content=\"summary_large_image\" \/>\n<meta name=\"twitter:label1\" content=\"Ber\u00e4knad l\u00e4stid\" \/>\n\t<meta name=\"twitter:data1\" content=\"2 minuter\" \/>\n<script type=\"application\/ld+json\" class=\"yoast-schema-graph\">{\"@context\":\"https:\\\/\\\/schema.org\",\"@graph\":[{\"@type\":\"WebPage\",\"@id\":\"https:\\\/\\\/keybox.nl\\\/product\\\/drs-vector-combi-keysafe\\\/\",\"url\":\"https:\\\/\\\/keybox.nl\\\/product\\\/drs-vector-combi-keysafe\\\/\",\"name\":\"DRS Vector Combi Keysafe -\",\"isPartOf\":{\"@id\":\"https:\\\/\\\/keybox.nl\\\/#website\"},\"primaryImageOfPage\":{\"@id\":\"https:\\\/\\\/keybox.nl\\\/product\\\/drs-vector-combi-keysafe\\\/#primaryimage\"},\"image\":{\"@id\":\"https:\\\/\\\/keybox.nl\\\/product\\\/drs-vector-combi-keysafe\\\/#primaryimage\"},\"thumbnailUrl\":\"https:\\\/\\\/keybox.nl\\\/wp-content\\\/uploads\\\/2025\\\/01\\\/DRS-Vector-Combi-Keysafe-keybox.jpg\",\"datePublished\":\"2025-01-21T15:05:43+00:00\",\"breadcrumb\":{\"@id\":\"https:\\\/\\\/keybox.nl\\\/product\\\/drs-vector-combi-keysafe\\\/#breadcrumb\"},\"inLanguage\":\"sv-SE\",\"potentialAction\":[{\"@type\":\"ReadAction\",\"target\":[\"https:\\\/\\\/keybox.nl\\\/product\\\/drs-vector-combi-keysafe\\\/\"]}]},{\"@type\":\"ImageObject\",\"inLanguage\":\"sv-SE\",\"@id\":\"https:\\\/\\\/keybox.nl\\\/product\\\/drs-vector-combi-keysafe\\\/#primaryimage\",\"url\":\"https:\\\/\\\/keybox.nl\\\/wp-content\\\/uploads\\\/2025\\\/01\\\/DRS-Vector-Combi-Keysafe-keybox.jpg\",\"contentUrl\":\"https:\\\/\\\/keybox.nl\\\/wp-content\\\/uploads\\\/2025\\\/01\\\/DRS-Vector-Combi-Keysafe-keybox.jpg\",\"width\":1200,\"height\":1143},{\"@type\":\"BreadcrumbList\",\"@id\":\"https:\\\/\\\/keybox.nl\\\/product\\\/drs-vector-combi-keysafe\\\/#breadcrumb\",\"itemListElement\":[{\"@type\":\"ListItem\",\"position\":1,\"name\":\"Home\",\"item\":\"https:\\\/\\\/keybox.nl\\\/\"},{\"@type\":\"ListItem\",\"position\":2,\"name\":\"Beveiligde sleutelkastjes kopen\",\"item\":\"https:\\\/\\\/keybox.nl\\\/\"},{\"@type\":\"ListItem\",\"position\":3,\"name\":\"DRS Vector Combi Keysafe\"}]},{\"@type\":\"WebSite\",\"@id\":\"https:\\\/\\\/keybox.nl\\\/#website\",\"url\":\"https:\\\/\\\/keybox.nl\\\/\",\"name\":\"\",\"description\":\"\",\"potentialAction\":[{\"@type\":\"SearchAction\",\"target\":{\"@type\":\"EntryPoint\",\"urlTemplate\":\"https:\\\/\\\/keybox.nl\\\/?s={search_term_string}\"},\"query-input\":{\"@type\":\"PropertyValueSpecification\",\"valueRequired\":true,\"valueName\":\"search_term_string\"}}],\"inLanguage\":\"sv-SE\"}]}<\/script>\n<!-- \/ Yoast SEO plugin. -->","yoast_head_json":{"title":"DRS Vector Combi nyckels\u00e4kert nyckelsk\u00e5p","robots":{"index":"index","follow":"follow","max-snippet":"max-snippet:-1","max-image-preview":"max-image-preview:large","max-video-preview":"max-video-preview:-1"},"canonical":"https:\/\/keybox.nl\/sv\/produkt\/drs-vector-combi-keysafe\/","og_locale":"sv_SE","og_type":"article","og_title":"DRS Vector Combi Keysafe -","og_description":"Perfect voor professioneel gebruik.","og_url":"https:\/\/keybox.nl\/sv\/produkt\/drs-vector-combi-keysafe\/","og_image":[{"width":1200,"height":1143,"url":"http:\/\/keybox.nl\/wp-content\/uploads\/2025\/01\/DRS-Vector-Combi-Keysafe-keybox.jpg","type":"image\/jpeg"}],"twitter_card":"summary_large_image","twitter_misc":{"Ber\u00e4knad l\u00e4stid":"2 minuter"},"schema":{"@context":"https:\/\/schema.org","@graph":[{"@type":"WebPage","@id":"https:\/\/keybox.nl\/product\/drs-vector-combi-keysafe\/","url":"https:\/\/keybox.nl\/product\/drs-vector-combi-keysafe\/","name":"DRS Vector Combi nyckels\u00e4kert nyckelsk\u00e5p","isPartOf":{"@id":"https:\/\/keybox.nl\/#website"},"primaryImageOfPage":{"@id":"https:\/\/keybox.nl\/product\/drs-vector-combi-keysafe\/#primaryimage"},"image":{"@id":"https:\/\/keybox.nl\/product\/drs-vector-combi-keysafe\/#primaryimage"},"thumbnailUrl":"https:\/\/keybox.nl\/wp-content\/uploads\/2025\/01\/DRS-Vector-Combi-Keysafe-keybox.jpg","datePublished":"2025-01-21T15:05:43+00:00","breadcrumb":{"@id":"https:\/\/keybox.nl\/product\/drs-vector-combi-keysafe\/#breadcrumb"},"inLanguage":"sv-SE","potentialAction":[{"@type":"ReadAction","target":["https:\/\/keybox.nl\/product\/drs-vector-combi-keysafe\/"]}]},{"@type":"ImageObject","inLanguage":"sv-SE","@id":"https:\/\/keybox.nl\/product\/drs-vector-combi-keysafe\/#primaryimage","url":"https:\/\/keybox.nl\/wp-content\/uploads\/2025\/01\/DRS-Vector-Combi-Keysafe-keybox.jpg","contentUrl":"https:\/\/keybox.nl\/wp-content\/uploads\/2025\/01\/DRS-Vector-Combi-Keysafe-keybox.jpg","width":1200,"height":1143},{"@type":"BreadcrumbList","@id":"https:\/\/keybox.nl\/product\/drs-vector-combi-keysafe\/#breadcrumb","itemListElement":[{"@type":"ListItem","position":1,"name":"Home","item":"https:\/\/keybox.nl\/"},{"@type":"ListItem","position":2,"name":"Beveiligde sleutelkastjes kopen","item":"https:\/\/keybox.nl\/"},{"@type":"ListItem","position":3,"name":"DRS Vector Combi Keysafe"}]},{"@type":"WebSite","@id":"https:\/\/keybox.nl\/#website","url":"https:\/\/keybox.nl\/","name":"","description":"","potentialAction":[{"@type":"SearchAction","target":{"@type":"EntryPoint","urlTemplate":"https:\/\/keybox.nl\/?s={search_term_string}"},"query-input":{"@type":"PropertyValueSpecification","valueRequired":true,"valueName":"search_term_string"}}],"inLanguage":"sv-SE"}]}},"jetpack-related-posts":[{"id":1822,"url":"https:\/\/keybox.nl\/sv\/produkt\/keysafe-gce\/","url_meta":{"origin":1812,"position":0},"title":"Nyckels\u00e4ker GCE","author":"Elric Drost","date":"26 januari 2025","format":false,"excerpt":"V\u00e4lj mellan 3 olika modeller.","rel":"","context":"Liknande inl\u00e4gg","block_context":{"text":"Liknande inl\u00e4gg","link":""},"img":{"alt_text":"","src":"https:\/\/i0.wp.com\/keybox.nl\/wp-content\/uploads\/2025\/01\/9858a0f7e85097eb90f56de1f00f8269.jpg?resize=350%2C200&ssl=1","width":350,"height":200,"srcset":"https:\/\/i0.wp.com\/keybox.nl\/wp-content\/uploads\/2025\/01\/9858a0f7e85097eb90f56de1f00f8269.jpg?resize=350%2C200&ssl=1 1x, https:\/\/i0.wp.com\/keybox.nl\/wp-content\/uploads\/2025\/01\/9858a0f7e85097eb90f56de1f00f8269.jpg?resize=525%2C300&ssl=1 1.5x, https:\/\/i0.wp.com\/keybox.nl\/wp-content\/uploads\/2025\/01\/9858a0f7e85097eb90f56de1f00f8269.jpg?resize=700%2C400&ssl=1 2x, https:\/\/i0.wp.com\/keybox.nl\/wp-content\/uploads\/2025\/01\/9858a0f7e85097eb90f56de1f00f8269.jpg?resize=1050%2C600&ssl=1 3x, https:\/\/i0.wp.com\/keybox.nl\/wp-content\/uploads\/2025\/01\/9858a0f7e85097eb90f56de1f00f8269.jpg?resize=1400%2C800&ssl=1 4x"},"classes":[]},{"id":1775,"url":"https:\/\/keybox.nl\/sv\/produkt\/keysafe-pro-original\/","url_meta":{"origin":1812,"position":1},"title":"Keysafe Pro original","author":"Elric Drost","date":"5 december 2024","format":false,"excerpt":"KEYSAFE Pro Original \u00e4r ett robust nyckelsk\u00e5p f\u00f6r 5 standardnycklar.","rel":"","context":"Liknande inl\u00e4gg","block_context":{"text":"Liknande inl\u00e4gg","link":""},"img":{"alt_text":"","src":"https:\/\/i0.wp.com\/keybox.nl\/wp-content\/uploads\/2024\/12\/keysafe-pro-original-sleutelkluisje.jpg?resize=350%2C200&ssl=1","width":350,"height":200},"classes":[]},{"id":1796,"url":"https:\/\/keybox.nl\/sv\/produkt\/keysafe-key-cabinet\/","url_meta":{"origin":1812,"position":2},"title":"Keysafe nyckelsk\u00e5p","author":"Elric Drost","date":"18 december 2024","format":false,"excerpt":"Touchpoint PRO fr\u00e5n Kidde 30\/60\/120 tangenter","rel":"","context":"Liknande inl\u00e4gg","block_context":{"text":"Liknande inl\u00e4gg","link":""},"img":{"alt_text":"","src":"https:\/\/i0.wp.com\/keybox.nl\/wp-content\/uploads\/2024\/12\/Keysafe-cabinet-30-Keybox-open-298x300.jpg?resize=350%2C200","width":350,"height":200},"classes":[]},{"id":1782,"url":"https:\/\/keybox.nl\/sv\/produkt\/keysafe-p500\/","url_meta":{"origin":1812,"position":3},"title":"Nyckelsafe P500","author":"Elric Drost","date":"13 december 2024","format":false,"excerpt":"Det s\u00e4kraste mininyckelsk\u00e5pet p\u00e5 marknaden.","rel":"","context":"Liknande inl\u00e4gg","block_context":{"text":"Liknande inl\u00e4gg","link":""},"img":{"alt_text":"","src":"https:\/\/i0.wp.com\/keybox.nl\/wp-content\/uploads\/2024\/12\/boite-a-cle-keysafe-pro-grand-format.jpg?resize=350%2C200&ssl=1","width":350,"height":200},"classes":[]},{"id":1171,"url":"https:\/\/keybox.nl\/sv\/produkt\/keysafe-slimline\/","url_meta":{"origin":1812,"position":4},"title":"Nyckelsafe Slimline","author":"Keybox@beheermodule","date":"9 december 2022","format":false,"excerpt":"Alltid \u00e5tkomlig med Keysafe Slimline","rel":"","context":"Liknande inl\u00e4gg","block_context":{"text":"Liknande inl\u00e4gg","link":""},"img":{"alt_text":"Keysafe Slim line","src":"https:\/\/i0.wp.com\/keybox.nl\/wp-content\/uploads\/2022\/12\/Keysafe_Slim_line_Keybox.jpeg?resize=350%2C200&ssl=1","width":350,"height":200,"srcset":"https:\/\/i0.wp.com\/keybox.nl\/wp-content\/uploads\/2022\/12\/Keysafe_Slim_line_Keybox.jpeg?resize=350%2C200&ssl=1 1x, https:\/\/i0.wp.com\/keybox.nl\/wp-content\/uploads\/2022\/12\/Keysafe_Slim_line_Keybox.jpeg?resize=525%2C300&ssl=1 1.5x, https:\/\/i0.wp.com\/keybox.nl\/wp-content\/uploads\/2022\/12\/Keysafe_Slim_line_Keybox.jpeg?resize=700%2C400&ssl=1 2x"},"classes":[]},{"id":1179,"url":"https:\/\/keybox.nl\/sv\/produkt\/keysafe-original\/","url_meta":{"origin":1812,"position":5},"title":"Nyckelsafe Original","author":"Keybox@beheermodule","date":"9 december 2022","format":false,"excerpt":"Keysafe Original f\u00f6r 5 nycklar Om du beh\u00f6ver flera nycklar f\u00f6r att komma in i ett rum kan du med den stora f\u00f6rvaringskapaciteten hos KeySafe\u2122 Original f\u00f6rvara dem alla p\u00e5 ett st\u00e4lle med en anv\u00e4ndarv\u00e4nlig \u00e5tkomstkod. KeySafe Original rymmer flera nycklar och \u00e4r tillr\u00e4ckligt stor f\u00f6r nyckelkort....","rel":"","context":"Liknande inl\u00e4gg","block_context":{"text":"Liknande inl\u00e4gg","link":""},"img":{"alt_text":"","src":"https:\/\/i0.wp.com\/keybox.nl\/wp-content\/uploads\/2022\/12\/Keysafe_Original_keybox_sleutelkluis.jpg?resize=350%2C200&ssl=1","width":350,"height":200,"srcset":"https:\/\/i0.wp.com\/keybox.nl\/wp-content\/uploads\/2022\/12\/Keysafe_Original_keybox_sleutelkluis.jpg?resize=350%2C200&ssl=1 1x, https:\/\/i0.wp.com\/keybox.nl\/wp-content\/uploads\/2022\/12\/Keysafe_Original_keybox_sleutelkluis.jpg?resize=525%2C300&ssl=1 1.5x, https:\/\/i0.wp.com\/keybox.nl\/wp-content\/uploads\/2022\/12\/Keysafe_Original_keybox_sleutelkluis.jpg?resize=700%2C400&ssl=1 2x"},"classes":[]}],"jetpack_sharing_enabled":true,"_links":{"self":[{"href":"https:\/\/keybox.nl\/sv\/wp-json\/wp\/v2\/product\/1812","targetHints":{"allow":["GET"]}}],"collection":[{"href":"https:\/\/keybox.nl\/sv\/wp-json\/wp\/v2\/product"}],"about":[{"href":"https:\/\/keybox.nl\/sv\/wp-json\/wp\/v2\/types\/product"}],"replies":[{"embeddable":true,"href":"https:\/\/keybox.nl\/sv\/wp-json\/wp\/v2\/comments?post=1812"}],"wp:featuredmedia":[{"embeddable":true,"href":"https:\/\/keybox.nl\/sv\/wp-json\/wp\/v2\/media\/1813"}],"wp:attachment":[{"href":"https:\/\/keybox.nl\/sv\/wp-json\/wp\/v2\/media?parent=1812"}],"wp:term":[{"taxonomy":"product_brand","embeddable":true,"href":"https:\/\/keybox.nl\/sv\/wp-json\/wp\/v2\/product_brand?post=1812"},{"taxonomy":"product_cat","embeddable":true,"href":"https:\/\/keybox.nl\/sv\/wp-json\/wp\/v2\/product_cat?post=1812"},{"taxonomy":"product_tag","embeddable":true,"href":"https:\/\/keybox.nl\/sv\/wp-json\/wp\/v2\/product_tag?post=1812"}],"curies":[{"name":"wp","href":"https:\/\/api.w.org\/{rel}","templated":true}]}}