{"id":1796,"date":"2024-12-18T16:18:58","date_gmt":"2024-12-18T16:18:58","guid":{"rendered":"https:\/\/keybox.nl\/?post_type=product&#038;p=1796"},"modified":"2025-01-10T12:19:30","modified_gmt":"2025-01-10T12:19:30","slug":"keysafe-key-cabinet","status":"publish","type":"product","link":"https:\/\/keybox.nl\/sv\/produkt\/keysafe-key-cabinet\/","title":{"rendered":"Keysafe nyckelsk\u00e5p"},"content":{"rendered":"<h4>S\u00e4ker, enkel och organiserad nyckelhantering<\/h4>\n<p>Det h\u00e4r \u00e4r nyckelboxsk\u00e5pet, \u00e4ven k\u00e4nt som Touchpoint\u2122 Keybox Pro fr\u00e5n Kiddes AccessPointTM-serie.<\/p>\n<p>Touchpoint\u2122 Key Cabinet Pro \u00e4r utformat f\u00f6r att h\u00e5lla dina nycklar s\u00e4kra och organiserade. Perfekt f\u00f6r kontor, f\u00f6retag och andra professionella milj\u00f6er. Med en robust 16-gauge st\u00e5lkonstruktion, ett omprogrammerbart kombinationsl\u00e5s och plats f\u00f6r 30, 60 eller 120 nycklar erbjuder det h\u00e4r nyckelsk\u00e5pet bekv\u00e4mlighet och s\u00e4kerhet i en professionell produkt.<\/p>\n<h4>Funktioner<\/h4>\n<ul>\n<li>Mer \u00e4n 1.000 unika kombinationer, l\u00e4tt att \u00e5terst\u00e4lla.<\/li>\n<li>Robust konstruktion av 16-gauge st\u00e5l f\u00f6r extra h\u00e5llbarhet.<\/li>\n<li>Kopplingsmekanismen skyddar mot intr\u00e5ng.<\/li>\n<li><strong>G<\/strong>och numrerade nyckeletiketter f\u00f6r enkel organisation och snabb \u00e5tkomst.<\/li>\n<li>Passar f\u00f6r st\u00f6rre nyckelringar.<\/li>\n<li>Inget mer behov av extra nycklar: Anv\u00e4nd koder f\u00f6r att ge tillg\u00e5ng till tillf\u00e4lligt anst\u00e4llda eller bes\u00f6kare.<\/li>\n<li>Ytterligare KeyTags finns som tillval f\u00f6r extra organisation.<\/li>\n<\/ul>\n<p><img decoding=\"async\" class=\"alignnone size-medium wp-image-1803\" src=\"http:\/\/keybox.nl\/wp-content\/uploads\/2024\/12\/Keysafe-cabinet-30-Keybox-open-298x300.jpg\" alt=\"\" width=\"298\" height=\"300\" srcset=\"https:\/\/keybox.nl\/wp-content\/uploads\/2024\/12\/Keysafe-cabinet-30-Keybox-open-298x300.jpg 298w, https:\/\/keybox.nl\/wp-content\/uploads\/2024\/12\/Keysafe-cabinet-30-Keybox-open-1017x1024.jpg 1017w, https:\/\/keybox.nl\/wp-content\/uploads\/2024\/12\/Keysafe-cabinet-30-Keybox-open-150x150.jpg 150w, https:\/\/keybox.nl\/wp-content\/uploads\/2024\/12\/Keysafe-cabinet-30-Keybox-open-768x773.jpg 768w, https:\/\/keybox.nl\/wp-content\/uploads\/2024\/12\/Keysafe-cabinet-30-Keybox-open-12x12.jpg 12w, https:\/\/keybox.nl\/wp-content\/uploads\/2024\/12\/Keysafe-cabinet-30-Keybox-open-416x419.jpg 416w, https:\/\/keybox.nl\/wp-content\/uploads\/2024\/12\/Keysafe-cabinet-30-Keybox-open-100x100.jpg 100w, https:\/\/keybox.nl\/wp-content\/uploads\/2024\/12\/Keysafe-cabinet-30-Keybox-open.jpg 1192w\" sizes=\"(max-width: 298px) 100vw, 298px\" \/><\/p>\n<h4>F\u00f6rdelar<\/h4>\n<ul>\n<li><strong>Direkt tillg\u00e5ng:<\/strong> Inget mer letande efter borttappade nycklar; alla nycklar \u00e4r tydligt m\u00e4rkta och tillg\u00e4ngliga.<\/li>\n<li><strong>Flexibel:<\/strong> \u00c4ndra \u00e5tkomstkoden s\u00e5 ofta som beh\u00f6vs utan extra kostnader eller att beh\u00f6va byta nycklar.<\/li>\n<li><strong>S\u00e4kert:<\/strong> F\u00f6rvara nycklar p\u00e5 en central och s\u00e4ker plats.<\/li>\n<li><strong>Professionell design:<\/strong> Idealisk f\u00f6r anv\u00e4ndning p\u00e5 kontor, uthyrning, underh\u00e5llstj\u00e4nster och mycket mer.<\/li>\n<\/ul>\n<h4>Tekniska specifikationer<\/h4>\n<table>\n<thead>\n<tr>\n<th><strong>Modell<\/strong><\/th>\n<th><strong>Kapacitet<\/strong><\/th>\n<th><strong>M\u00e5tt (L x H x D i mm)<\/strong><\/th>\n<th><strong>Pris<\/strong><\/th>\n<\/tr>\n<\/thead>\n<tbody>\n<tr>\n<td>Sk\u00e5p 30 krokar<\/td>\n<td>30 nycklar<\/td>\n<td>200 x 299 x 60<\/td>\n<td>\u20ac 156,-<\/td>\n<\/tr>\n<tr>\n<td>Sk\u00e5p 60 krokar<\/td>\n<td>60 nycklar<\/td>\n<td>340 x 498 x 60<\/td>\n<td>\u20ac 225,-<\/td>\n<\/tr>\n<tr>\n<td>Sk\u00e5p 120 krokar<\/td>\n<td>120 nycklar<\/td>\n<td>340 x 498 x 102<\/td>\n<td>\u20ac 330,-<\/td>\n<\/tr>\n<\/tbody>\n<\/table>\n<p>H\u00e5ll dina nycklar s\u00e4kra, l\u00e4ttillg\u00e4ngliga och organiserade med Touchpoint\u2122 Key Cabinet Pro och best\u00e4ll direkt fr\u00e5n <a href=\"https:\/\/keybox.nl\/sv\/\">Keybox.co.uk!<\/a><\/p>","protected":false},"excerpt":{"rendered":"<p>Touchpoint PRO fr\u00e5n Kidde 30\/60\/120 tangenter<\/p>","protected":false},"featured_media":1800,"comment_status":"open","ping_status":"closed","template":"","meta":[],"product_brand":[],"product_cat":[19],"product_tag":[87,86],"class_list":{"0":"post-1796","1":"product","2":"type-product","3":"status-publish","4":"has-post-thumbnail","6":"product_cat-keysafe","7":"product_tag-grote-keybox","8":"product_tag-grote-keysafe","10":"first","11":"instock","12":"sale","13":"taxable","14":"shipping-taxable","15":"purchasable","16":"product-type-variable","17":"has-default-attributes"},"yoast_head":"<!-- This site is optimized with the Yoast SEO plugin v27.4 - https:\/\/yoast.com\/product\/yoast-seo-wordpress\/ -->\n<title>Keysafe key cabinet -<\/title>\n<meta name=\"robots\" content=\"index, follow, max-snippet:-1, max-image-preview:large, max-video-preview:-1\" \/>\n<link rel=\"canonical\" href=\"https:\/\/keybox.nl\/sv\/produkt\/keysafe-key-cabinet\/\" \/>\n<meta property=\"og:locale\" content=\"sv_SE\" \/>\n<meta property=\"og:type\" content=\"article\" \/>\n<meta property=\"og:title\" content=\"Keysafe key cabinet -\" \/>\n<meta property=\"og:description\" content=\"Touchpoint PRO van Kidde 30\/60\/120 sleutels\" \/>\n<meta property=\"og:url\" content=\"https:\/\/keybox.nl\/sv\/produkt\/keysafe-key-cabinet\/\" \/>\n<meta property=\"article:modified_time\" content=\"2025-01-10T12:19:30+00:00\" \/>\n<meta property=\"og:image\" content=\"http:\/\/keybox.nl\/wp-content\/uploads\/2024\/12\/Keysafe-key-cabinet-keybox.jpg\" \/>\n\t<meta property=\"og:image:width\" content=\"328\" \/>\n\t<meta property=\"og:image:height\" content=\"328\" \/>\n\t<meta property=\"og:image:type\" content=\"image\/jpeg\" \/>\n<meta name=\"twitter:card\" content=\"summary_large_image\" \/>\n<meta name=\"twitter:label1\" content=\"Ber\u00e4knad l\u00e4stid\" \/>\n\t<meta name=\"twitter:data1\" content=\"2 minuter\" \/>\n<script type=\"application\/ld+json\" class=\"yoast-schema-graph\">{\"@context\":\"https:\\\/\\\/schema.org\",\"@graph\":[{\"@type\":\"WebPage\",\"@id\":\"https:\\\/\\\/keybox.nl\\\/product\\\/keysafe-key-cabinet\\\/\",\"url\":\"https:\\\/\\\/keybox.nl\\\/product\\\/keysafe-key-cabinet\\\/\",\"name\":\"Keysafe key cabinet -\",\"isPartOf\":{\"@id\":\"https:\\\/\\\/keybox.nl\\\/#website\"},\"primaryImageOfPage\":{\"@id\":\"https:\\\/\\\/keybox.nl\\\/product\\\/keysafe-key-cabinet\\\/#primaryimage\"},\"image\":{\"@id\":\"https:\\\/\\\/keybox.nl\\\/product\\\/keysafe-key-cabinet\\\/#primaryimage\"},\"thumbnailUrl\":\"https:\\\/\\\/keybox.nl\\\/wp-content\\\/uploads\\\/2024\\\/12\\\/Keysafe-key-cabinet-keybox.jpg\",\"datePublished\":\"2024-12-18T16:18:58+00:00\",\"dateModified\":\"2025-01-10T12:19:30+00:00\",\"breadcrumb\":{\"@id\":\"https:\\\/\\\/keybox.nl\\\/product\\\/keysafe-key-cabinet\\\/#breadcrumb\"},\"inLanguage\":\"sv-SE\",\"potentialAction\":[{\"@type\":\"ReadAction\",\"target\":[\"https:\\\/\\\/keybox.nl\\\/product\\\/keysafe-key-cabinet\\\/\"]}]},{\"@type\":\"ImageObject\",\"inLanguage\":\"sv-SE\",\"@id\":\"https:\\\/\\\/keybox.nl\\\/product\\\/keysafe-key-cabinet\\\/#primaryimage\",\"url\":\"https:\\\/\\\/keybox.nl\\\/wp-content\\\/uploads\\\/2024\\\/12\\\/Keysafe-key-cabinet-keybox.jpg\",\"contentUrl\":\"https:\\\/\\\/keybox.nl\\\/wp-content\\\/uploads\\\/2024\\\/12\\\/Keysafe-key-cabinet-keybox.jpg\",\"width\":328,\"height\":328},{\"@type\":\"BreadcrumbList\",\"@id\":\"https:\\\/\\\/keybox.nl\\\/product\\\/keysafe-key-cabinet\\\/#breadcrumb\",\"itemListElement\":[{\"@type\":\"ListItem\",\"position\":1,\"name\":\"Home\",\"item\":\"https:\\\/\\\/keybox.nl\\\/\"},{\"@type\":\"ListItem\",\"position\":2,\"name\":\"Beveiligde sleutelkastjes kopen\",\"item\":\"https:\\\/\\\/keybox.nl\\\/\"},{\"@type\":\"ListItem\",\"position\":3,\"name\":\"Keysafe key cabinet\"}]},{\"@type\":\"WebSite\",\"@id\":\"https:\\\/\\\/keybox.nl\\\/#website\",\"url\":\"https:\\\/\\\/keybox.nl\\\/\",\"name\":\"\",\"description\":\"\",\"potentialAction\":[{\"@type\":\"SearchAction\",\"target\":{\"@type\":\"EntryPoint\",\"urlTemplate\":\"https:\\\/\\\/keybox.nl\\\/?s={search_term_string}\"},\"query-input\":{\"@type\":\"PropertyValueSpecification\",\"valueRequired\":true,\"valueName\":\"search_term_string\"}}],\"inLanguage\":\"sv-SE\"}]}<\/script>\n<!-- \/ Yoast SEO plugin. -->","yoast_head_json":{"title":"Nyckels\u00e4kert nyckelsk\u00e5p","robots":{"index":"index","follow":"follow","max-snippet":"max-snippet:-1","max-image-preview":"max-image-preview:large","max-video-preview":"max-video-preview:-1"},"canonical":"https:\/\/keybox.nl\/sv\/produkt\/keysafe-key-cabinet\/","og_locale":"sv_SE","og_type":"article","og_title":"Keysafe key cabinet -","og_description":"Touchpoint PRO van Kidde 30\/60\/120 sleutels","og_url":"https:\/\/keybox.nl\/sv\/produkt\/keysafe-key-cabinet\/","article_modified_time":"2025-01-10T12:19:30+00:00","og_image":[{"width":328,"height":328,"url":"http:\/\/keybox.nl\/wp-content\/uploads\/2024\/12\/Keysafe-key-cabinet-keybox.jpg","type":"image\/jpeg"}],"twitter_card":"summary_large_image","twitter_misc":{"Ber\u00e4knad l\u00e4stid":"2 minuter"},"schema":{"@context":"https:\/\/schema.org","@graph":[{"@type":"WebPage","@id":"https:\/\/keybox.nl\/product\/keysafe-key-cabinet\/","url":"https:\/\/keybox.nl\/product\/keysafe-key-cabinet\/","name":"Nyckels\u00e4kert nyckelsk\u00e5p","isPartOf":{"@id":"https:\/\/keybox.nl\/#website"},"primaryImageOfPage":{"@id":"https:\/\/keybox.nl\/product\/keysafe-key-cabinet\/#primaryimage"},"image":{"@id":"https:\/\/keybox.nl\/product\/keysafe-key-cabinet\/#primaryimage"},"thumbnailUrl":"https:\/\/keybox.nl\/wp-content\/uploads\/2024\/12\/Keysafe-key-cabinet-keybox.jpg","datePublished":"2024-12-18T16:18:58+00:00","dateModified":"2025-01-10T12:19:30+00:00","breadcrumb":{"@id":"https:\/\/keybox.nl\/product\/keysafe-key-cabinet\/#breadcrumb"},"inLanguage":"sv-SE","potentialAction":[{"@type":"ReadAction","target":["https:\/\/keybox.nl\/product\/keysafe-key-cabinet\/"]}]},{"@type":"ImageObject","inLanguage":"sv-SE","@id":"https:\/\/keybox.nl\/product\/keysafe-key-cabinet\/#primaryimage","url":"https:\/\/keybox.nl\/wp-content\/uploads\/2024\/12\/Keysafe-key-cabinet-keybox.jpg","contentUrl":"https:\/\/keybox.nl\/wp-content\/uploads\/2024\/12\/Keysafe-key-cabinet-keybox.jpg","width":328,"height":328},{"@type":"BreadcrumbList","@id":"https:\/\/keybox.nl\/product\/keysafe-key-cabinet\/#breadcrumb","itemListElement":[{"@type":"ListItem","position":1,"name":"Home","item":"https:\/\/keybox.nl\/"},{"@type":"ListItem","position":2,"name":"Beveiligde sleutelkastjes kopen","item":"https:\/\/keybox.nl\/"},{"@type":"ListItem","position":3,"name":"Keysafe key cabinet"}]},{"@type":"WebSite","@id":"https:\/\/keybox.nl\/#website","url":"https:\/\/keybox.nl\/","name":"","description":"","potentialAction":[{"@type":"SearchAction","target":{"@type":"EntryPoint","urlTemplate":"https:\/\/keybox.nl\/?s={search_term_string}"},"query-input":{"@type":"PropertyValueSpecification","valueRequired":true,"valueName":"search_term_string"}}],"inLanguage":"sv-SE"}]}},"jetpack-related-posts":[{"id":1346,"url":"https:\/\/keybox.nl\/sv\/produkt\/keysafe-big-pro-sleutelkluis\/","url_meta":{"origin":1796,"position":0},"title":"Keysafe Big Pro nyckels\u00e4kert","author":"Keybox@beheermodule","date":"10 februari 2023","format":false,"excerpt":"Keysafe Big Pro nyckelsk\u00e5p med kombinationsl\u00e5s och skyddsh\u00f6lje","rel":"","context":"Liknande inl\u00e4gg","block_context":{"text":"Liknande inl\u00e4gg","link":""},"img":{"alt_text":"Keysafe Big Pro","src":"https:\/\/i0.wp.com\/keybox.nl\/wp-content\/uploads\/2023\/02\/S7-Pro-Big-Box-Key-Safe.jpg?resize=350%2C200&ssl=1","width":350,"height":200,"srcset":"https:\/\/i0.wp.com\/keybox.nl\/wp-content\/uploads\/2023\/02\/S7-Pro-Big-Box-Key-Safe.jpg?resize=350%2C200&ssl=1 1x, https:\/\/i0.wp.com\/keybox.nl\/wp-content\/uploads\/2023\/02\/S7-Pro-Big-Box-Key-Safe.jpg?resize=525%2C300&ssl=1 1.5x, https:\/\/i0.wp.com\/keybox.nl\/wp-content\/uploads\/2023\/02\/S7-Pro-Big-Box-Key-Safe.jpg?resize=700%2C400&ssl=1 2x"},"classes":[]},{"id":297,"url":"https:\/\/keybox.nl\/sv\/produkt\/digibox-7-sleutelhaken\/","url_meta":{"origin":1796,"position":1},"title":"Digibox 7 nyckelkrokar","author":"Keybox@beheermodule","date":"18 februari 2022","format":false,"excerpt":"S\u00e4ker hantering av dina nycklar med 7 nyckelpositioner.","rel":"","context":"Liknande inl\u00e4gg","block_context":{"text":"Liknande inl\u00e4gg","link":""},"img":{"alt_text":"","src":"https:\/\/i0.wp.com\/keybox.nl\/wp-content\/uploads\/2022\/02\/Digibox-7-haken-Keybox-e1645195424393.jpg?resize=350%2C200&ssl=1","width":350,"height":200},"classes":[]},{"id":1812,"url":"https:\/\/keybox.nl\/sv\/produkt\/drs-vector-combi-keysafe\/","url_meta":{"origin":1796,"position":2},"title":"DRS Vector Combi Nyckelsafe","author":"Elric Drost","date":"21 januari 2025","format":false,"excerpt":"Perfekt f\u00f6r professionellt bruk.","rel":"","context":"Liknande inl\u00e4gg","block_context":{"text":"Liknande inl\u00e4gg","link":""},"img":{"alt_text":"","src":"https:\/\/i0.wp.com\/keybox.nl\/wp-content\/uploads\/2025\/01\/DRS-Vector-Combi-Keysafe-keybox.jpg?resize=350%2C200&ssl=1","width":350,"height":200,"srcset":"https:\/\/i0.wp.com\/keybox.nl\/wp-content\/uploads\/2025\/01\/DRS-Vector-Combi-Keysafe-keybox.jpg?resize=350%2C200&ssl=1 1x, https:\/\/i0.wp.com\/keybox.nl\/wp-content\/uploads\/2025\/01\/DRS-Vector-Combi-Keysafe-keybox.jpg?resize=525%2C300&ssl=1 1.5x, https:\/\/i0.wp.com\/keybox.nl\/wp-content\/uploads\/2025\/01\/DRS-Vector-Combi-Keysafe-keybox.jpg?resize=700%2C400&ssl=1 2x, https:\/\/i0.wp.com\/keybox.nl\/wp-content\/uploads\/2025\/01\/DRS-Vector-Combi-Keysafe-keybox.jpg?resize=1050%2C600&ssl=1 3x"},"classes":[]},{"id":1782,"url":"https:\/\/keybox.nl\/sv\/produkt\/keysafe-p500\/","url_meta":{"origin":1796,"position":3},"title":"Nyckelsafe P500","author":"Elric Drost","date":"13 december 2024","format":false,"excerpt":"Det s\u00e4kraste mininyckelsk\u00e5pet p\u00e5 marknaden.","rel":"","context":"Liknande inl\u00e4gg","block_context":{"text":"Liknande inl\u00e4gg","link":""},"img":{"alt_text":"","src":"https:\/\/i0.wp.com\/keybox.nl\/wp-content\/uploads\/2024\/12\/boite-a-cle-keysafe-pro-grand-format.jpg?resize=350%2C200&ssl=1","width":350,"height":200},"classes":[]},{"id":1775,"url":"https:\/\/keybox.nl\/sv\/produkt\/keysafe-pro-original\/","url_meta":{"origin":1796,"position":4},"title":"Keysafe Pro original","author":"Elric Drost","date":"5 december 2024","format":false,"excerpt":"KEYSAFE Pro Original \u00e4r ett robust nyckelsk\u00e5p f\u00f6r 5 standardnycklar.","rel":"","context":"Liknande inl\u00e4gg","block_context":{"text":"Liknande inl\u00e4gg","link":""},"img":{"alt_text":"","src":"https:\/\/i0.wp.com\/keybox.nl\/wp-content\/uploads\/2024\/12\/keysafe-pro-original-sleutelkluisje.jpg?resize=350%2C200&ssl=1","width":350,"height":200},"classes":[]},{"id":1745,"url":"https:\/\/keybox.nl\/sv\/produkt\/digisafe-19-sleutelplaatsen\/","url_meta":{"origin":1796,"position":5},"title":"Digisafe, 19 viktiga platser","author":"Elric Drost","date":"29 november 2024","format":false,"excerpt":"Den st\u00f6rsta digiboxen f\u00f6r 19 nycklar, taggar eller chipkort.","rel":"","context":"Liknande inl\u00e4gg","block_context":{"text":"Liknande inl\u00e4gg","link":""},"img":{"alt_text":"","src":"https:\/\/i0.wp.com\/keybox.nl\/wp-content\/uploads\/2024\/11\/digisafe-RAL-1015-keybox.jpg?resize=350%2C200&ssl=1","width":350,"height":200,"srcset":"https:\/\/i0.wp.com\/keybox.nl\/wp-content\/uploads\/2024\/11\/digisafe-RAL-1015-keybox.jpg?resize=350%2C200&ssl=1 1x, https:\/\/i0.wp.com\/keybox.nl\/wp-content\/uploads\/2024\/11\/digisafe-RAL-1015-keybox.jpg?resize=525%2C300&ssl=1 1.5x, https:\/\/i0.wp.com\/keybox.nl\/wp-content\/uploads\/2024\/11\/digisafe-RAL-1015-keybox.jpg?resize=700%2C400&ssl=1 2x"},"classes":[]}],"jetpack_sharing_enabled":true,"_links":{"self":[{"href":"https:\/\/keybox.nl\/sv\/wp-json\/wp\/v2\/product\/1796","targetHints":{"allow":["GET"]}}],"collection":[{"href":"https:\/\/keybox.nl\/sv\/wp-json\/wp\/v2\/product"}],"about":[{"href":"https:\/\/keybox.nl\/sv\/wp-json\/wp\/v2\/types\/product"}],"replies":[{"embeddable":true,"href":"https:\/\/keybox.nl\/sv\/wp-json\/wp\/v2\/comments?post=1796"}],"wp:featuredmedia":[{"embeddable":true,"href":"https:\/\/keybox.nl\/sv\/wp-json\/wp\/v2\/media\/1800"}],"wp:attachment":[{"href":"https:\/\/keybox.nl\/sv\/wp-json\/wp\/v2\/media?parent=1796"}],"wp:term":[{"taxonomy":"product_brand","embeddable":true,"href":"https:\/\/keybox.nl\/sv\/wp-json\/wp\/v2\/product_brand?post=1796"},{"taxonomy":"product_cat","embeddable":true,"href":"https:\/\/keybox.nl\/sv\/wp-json\/wp\/v2\/product_cat?post=1796"},{"taxonomy":"product_tag","embeddable":true,"href":"https:\/\/keybox.nl\/sv\/wp-json\/wp\/v2\/product_tag?post=1796"}],"curies":[{"name":"wp","href":"https:\/\/api.w.org\/{rel}","templated":true}]}}