{"id":1782,"date":"2024-12-13T14:27:35","date_gmt":"2024-12-13T14:27:35","guid":{"rendered":"https:\/\/keybox.nl\/?post_type=product&#038;p=1782"},"modified":"2024-12-13T14:32:44","modified_gmt":"2024-12-13T14:32:44","slug":"keysafe-p500","status":"publish","type":"product","link":"https:\/\/keybox.nl\/sv\/produkt\/keysafe-p500\/","title":{"rendered":"Nyckelsafe P500"},"content":{"rendered":"<h4>KEYSAFE P500<\/h4>\n<p>Keysafe P500 \u00e4r det s\u00e4kraste mini-nyckelsk\u00e5pet p\u00e5 marknaden. Det \u00e4r mer \u00e4n ett enkelt nyckelsk\u00e5p, det \u00e4r lika robust som ett minis\u00e4kerhetssk\u00e5p. Keysafe P500 \u00e4r utformad f\u00f6r yrkesverksamma inom r\u00e4ddningstj\u00e4nst, hemtj\u00e4nst och fj\u00e4rrs\u00e4kerhet och \u00e4r en p\u00e5litlig l\u00f6sning f\u00f6r s\u00e4ker nyckelhantering.<\/p>\n<h4>F\u00f6rdelar<\/h4>\n<ul>\n<li><strong>S\u00e4kert och enkelt:<\/strong> S\u00e4ker f\u00f6rvaring av nycklar med kod\u00e5tkomst.<\/li>\n<li><strong>Gott om kapacitet:<\/strong> Rymmer upp till 10 nycklar tack vare det integrerade nyckelstiftet.<\/li>\n<li><strong>Anv\u00e4ndarv\u00e4nlig:<\/strong> \u00d6ppna och st\u00e4ng med en praktisk vridknapp, du beh\u00f6ver inte kryptera koden efter st\u00e4ngning.<\/li>\n<li><strong>Flexibilitet:<\/strong> Enkel kodmodifiering f\u00f6r \u00f6kad s\u00e4kerhet.<\/li>\n<li><strong>V\u00e4derbest\u00e4ndig:<\/strong> Inklusive skyddsh\u00f6lje f\u00f6r skydd mot d\u00e5ligt v\u00e4der och extra diskretion.<\/li>\n<li><strong>Ingen str\u00f6m kr\u00e4vs:<\/strong> Fungerar utan el eller batterier.<\/li>\n<\/ul>\n<h4>Funktioner<\/h4>\n<ul>\n<li>Tillverkad av gjuten Zamac f\u00f6r maximal h\u00e5llbarhet och skydd mot angrepp.<\/li>\n<li>Svart version.<\/li>\n<li>4 096 m\u00f6jliga koder (10 siffror + 2 bokst\u00e4ver).<\/li>\n<li><strong>M\u00e5tt:<\/strong>\n<ul>\n<li>Utv\u00e4ndiga m\u00e5tt: L149,35 x H81,03 x D63,5 mm.<\/li>\n<li>Inv\u00e4ndiga m\u00e5tt: L76,2 x H47,47 x D18,03 mm.<\/li>\n<\/ul>\n<\/li>\n<li>Vikt: 1,587 kg.<\/li>\n<li><strong>Temperaturomr\u00e5de:<\/strong>\n<ul>\n<li>Drifttemperatur: -32\u00b0C till +68\u00b0C.<\/li>\n<li>Motst\u00e5ndskraftig mot sn\u00f6 och is ner till -26\u00b0C.<\/li>\n<\/ul>\n<\/li>\n<li>Motst\u00e5ndskraftig mot l\u00e5ngvarig solexponering.<\/li>\n<li>Klarar vattenst\u00e4nk p\u00e5 10,16 cm\/timme.<\/li>\n<li>Standardbest\u00e4ndighet mot kemikalier och l\u00f6sningsmedel.<\/li>\n<\/ul>\n<h4>Alternativ<\/h4>\n<ul>\n<li>\u00d6ppningsdetektor (tr\u00e5dbunden eller tr\u00e5dl\u00f6s).<\/li>\n<li>N\u00e4rvarodetektor f\u00f6r nycklar (tr\u00e5dbunden eller tr\u00e5dl\u00f6s).<\/li>\n<li>Integration med larm- eller kontrollrumssystem.<img decoding=\"async\" class=\"alignnone size-medium wp-image-1784\" src=\"http:\/\/keybox.nl\/wp-content\/uploads\/2024\/12\/boite-a-cle-keysafe-pro-grand-format-3-231x300.jpg\" alt=\"\" width=\"231\" height=\"300\" srcset=\"https:\/\/keybox.nl\/wp-content\/uploads\/2024\/12\/boite-a-cle-keysafe-pro-grand-format-3-231x300.jpg 231w, https:\/\/keybox.nl\/wp-content\/uploads\/2024\/12\/boite-a-cle-keysafe-pro-grand-format-3-416x541.jpg 416w, https:\/\/keybox.nl\/wp-content\/uploads\/2024\/12\/boite-a-cle-keysafe-pro-grand-format-3-788x1024.jpg 788w, https:\/\/keybox.nl\/wp-content\/uploads\/2024\/12\/boite-a-cle-keysafe-pro-grand-format-3-768x998.jpg 768w, https:\/\/keybox.nl\/wp-content\/uploads\/2024\/12\/boite-a-cle-keysafe-pro-grand-format-3-9x12.jpg 9w, https:\/\/keybox.nl\/wp-content\/uploads\/2024\/12\/boite-a-cle-keysafe-pro-grand-format-3.jpg 1000w\" sizes=\"(max-width: 231px) 100vw, 231px\" \/><\/li>\n<\/ul>\n<h4>Paketets inneh\u00e5ll<\/h4>\n<ul>\n<li>Instruktioner f\u00f6r anv\u00e4ndning.<\/li>\n<li>Standard monteringssats.<\/li>\n<li>Lock f\u00f6r extra skydd.<\/li>\n<li>Kodskyddsplatta.<\/li>\n<li>Nyckelh\u00e5llare.<\/li>\n<\/ul>\n<h4>Anv\u00e4ndarmanual<\/h4>\n<ol>\n<li><strong>\u00d6ppnar:<\/strong> Tryck p\u00e5 \"clear\"-knappen och ange koden.\n<ul>\n<li>Vrid \"\u00f6ppna\"-knappen medurs f\u00f6r att \u00f6ppna locket och ta nycklarna.<\/li>\n<\/ul>\n<\/li>\n<li><strong>St\u00e4ngning:<\/strong> Ange koden igen, vrid \"\u00f6ppna\"-vredet medurs, s\u00e4tt tillbaka nyckeln och st\u00e4ng locket med vredet.<\/li>\n<\/ol>\n<p>Med Keysafe P500 \u00e4r du garanterad en s\u00e4ker och flexibel l\u00f6sning f\u00f6r nyckelhantering. Best\u00e4ll idag fr\u00e5n <a href=\"http:\/\/keybox.nl\/sv\/\">Nyckelbox<\/a> och upplev bergfast s\u00e4kerhet och anv\u00e4ndarv\u00e4nlighet!<\/p>","protected":false},"excerpt":{"rendered":"<p>Det s\u00e4kraste mininyckelsk\u00e5pet p\u00e5 marknaden.<\/p>","protected":false},"featured_media":1785,"comment_status":"open","ping_status":"closed","template":"","meta":[],"product_brand":[],"product_cat":[19],"product_tag":[79],"class_list":{"0":"post-1782","1":"product","2":"type-product","3":"status-publish","4":"has-post-thumbnail","6":"product_cat-keysafe","7":"product_tag-kleine-keysafe","9":"first","10":"instock","11":"taxable","12":"shipping-taxable","13":"purchasable","14":"product-type-simple"},"yoast_head":"<!-- This site is optimized with the Yoast SEO plugin v27.4 - https:\/\/yoast.com\/product\/yoast-seo-wordpress\/ -->\n<title>Keysafe P500 -<\/title>\n<meta name=\"robots\" content=\"index, follow, max-snippet:-1, max-image-preview:large, max-video-preview:-1\" \/>\n<link rel=\"canonical\" href=\"https:\/\/keybox.nl\/sv\/produkt\/keysafe-p500\/\" \/>\n<meta property=\"og:locale\" content=\"sv_SE\" \/>\n<meta property=\"og:type\" content=\"article\" \/>\n<meta property=\"og:title\" content=\"Keysafe P500 -\" \/>\n<meta property=\"og:description\" content=\"Het meest veilige mini-sleutelkastje op de markt.\" \/>\n<meta property=\"og:url\" content=\"https:\/\/keybox.nl\/sv\/produkt\/keysafe-p500\/\" \/>\n<meta property=\"article:modified_time\" content=\"2024-12-13T14:32:44+00:00\" \/>\n<meta property=\"og:image\" content=\"http:\/\/keybox.nl\/wp-content\/uploads\/2024\/12\/boite-a-cle-keysafe-pro-grand-format.jpg\" \/>\n\t<meta property=\"og:image:width\" content=\"380\" \/>\n\t<meta property=\"og:image:height\" content=\"494\" \/>\n\t<meta property=\"og:image:type\" content=\"image\/jpeg\" \/>\n<meta name=\"twitter:card\" content=\"summary_large_image\" \/>\n<meta name=\"twitter:label1\" content=\"Ber\u00e4knad l\u00e4stid\" \/>\n\t<meta name=\"twitter:data1\" content=\"2 minuter\" \/>\n<script type=\"application\/ld+json\" class=\"yoast-schema-graph\">{\"@context\":\"https:\\\/\\\/schema.org\",\"@graph\":[{\"@type\":\"WebPage\",\"@id\":\"https:\\\/\\\/keybox.nl\\\/product\\\/keysafe-p500\\\/\",\"url\":\"https:\\\/\\\/keybox.nl\\\/product\\\/keysafe-p500\\\/\",\"name\":\"Keysafe P500 -\",\"isPartOf\":{\"@id\":\"https:\\\/\\\/keybox.nl\\\/#website\"},\"primaryImageOfPage\":{\"@id\":\"https:\\\/\\\/keybox.nl\\\/product\\\/keysafe-p500\\\/#primaryimage\"},\"image\":{\"@id\":\"https:\\\/\\\/keybox.nl\\\/product\\\/keysafe-p500\\\/#primaryimage\"},\"thumbnailUrl\":\"https:\\\/\\\/keybox.nl\\\/wp-content\\\/uploads\\\/2024\\\/12\\\/boite-a-cle-keysafe-pro-grand-format.jpg\",\"datePublished\":\"2024-12-13T14:27:35+00:00\",\"dateModified\":\"2024-12-13T14:32:44+00:00\",\"breadcrumb\":{\"@id\":\"https:\\\/\\\/keybox.nl\\\/product\\\/keysafe-p500\\\/#breadcrumb\"},\"inLanguage\":\"sv-SE\",\"potentialAction\":[{\"@type\":\"ReadAction\",\"target\":[\"https:\\\/\\\/keybox.nl\\\/product\\\/keysafe-p500\\\/\"]}]},{\"@type\":\"ImageObject\",\"inLanguage\":\"sv-SE\",\"@id\":\"https:\\\/\\\/keybox.nl\\\/product\\\/keysafe-p500\\\/#primaryimage\",\"url\":\"https:\\\/\\\/keybox.nl\\\/wp-content\\\/uploads\\\/2024\\\/12\\\/boite-a-cle-keysafe-pro-grand-format.jpg\",\"contentUrl\":\"https:\\\/\\\/keybox.nl\\\/wp-content\\\/uploads\\\/2024\\\/12\\\/boite-a-cle-keysafe-pro-grand-format.jpg\",\"width\":380,\"height\":494},{\"@type\":\"BreadcrumbList\",\"@id\":\"https:\\\/\\\/keybox.nl\\\/product\\\/keysafe-p500\\\/#breadcrumb\",\"itemListElement\":[{\"@type\":\"ListItem\",\"position\":1,\"name\":\"Home\",\"item\":\"https:\\\/\\\/keybox.nl\\\/\"},{\"@type\":\"ListItem\",\"position\":2,\"name\":\"Beveiligde sleutelkastjes kopen\",\"item\":\"https:\\\/\\\/keybox.nl\\\/\"},{\"@type\":\"ListItem\",\"position\":3,\"name\":\"Keysafe P500\"}]},{\"@type\":\"WebSite\",\"@id\":\"https:\\\/\\\/keybox.nl\\\/#website\",\"url\":\"https:\\\/\\\/keybox.nl\\\/\",\"name\":\"\",\"description\":\"\",\"potentialAction\":[{\"@type\":\"SearchAction\",\"target\":{\"@type\":\"EntryPoint\",\"urlTemplate\":\"https:\\\/\\\/keybox.nl\\\/?s={search_term_string}\"},\"query-input\":{\"@type\":\"PropertyValueSpecification\",\"valueRequired\":true,\"valueName\":\"search_term_string\"}}],\"inLanguage\":\"sv-SE\"}]}<\/script>\n<!-- \/ Yoast SEO plugin. -->","yoast_head_json":{"title":"Nyckelsafe P500","robots":{"index":"index","follow":"follow","max-snippet":"max-snippet:-1","max-image-preview":"max-image-preview:large","max-video-preview":"max-video-preview:-1"},"canonical":"https:\/\/keybox.nl\/sv\/produkt\/keysafe-p500\/","og_locale":"sv_SE","og_type":"article","og_title":"Keysafe P500 -","og_description":"Het meest veilige mini-sleutelkastje op de markt.","og_url":"https:\/\/keybox.nl\/sv\/produkt\/keysafe-p500\/","article_modified_time":"2024-12-13T14:32:44+00:00","og_image":[{"width":380,"height":494,"url":"http:\/\/keybox.nl\/wp-content\/uploads\/2024\/12\/boite-a-cle-keysafe-pro-grand-format.jpg","type":"image\/jpeg"}],"twitter_card":"summary_large_image","twitter_misc":{"Ber\u00e4knad l\u00e4stid":"2 minuter"},"schema":{"@context":"https:\/\/schema.org","@graph":[{"@type":"WebPage","@id":"https:\/\/keybox.nl\/product\/keysafe-p500\/","url":"https:\/\/keybox.nl\/product\/keysafe-p500\/","name":"Nyckelsafe P500","isPartOf":{"@id":"https:\/\/keybox.nl\/#website"},"primaryImageOfPage":{"@id":"https:\/\/keybox.nl\/product\/keysafe-p500\/#primaryimage"},"image":{"@id":"https:\/\/keybox.nl\/product\/keysafe-p500\/#primaryimage"},"thumbnailUrl":"https:\/\/keybox.nl\/wp-content\/uploads\/2024\/12\/boite-a-cle-keysafe-pro-grand-format.jpg","datePublished":"2024-12-13T14:27:35+00:00","dateModified":"2024-12-13T14:32:44+00:00","breadcrumb":{"@id":"https:\/\/keybox.nl\/product\/keysafe-p500\/#breadcrumb"},"inLanguage":"sv-SE","potentialAction":[{"@type":"ReadAction","target":["https:\/\/keybox.nl\/product\/keysafe-p500\/"]}]},{"@type":"ImageObject","inLanguage":"sv-SE","@id":"https:\/\/keybox.nl\/product\/keysafe-p500\/#primaryimage","url":"https:\/\/keybox.nl\/wp-content\/uploads\/2024\/12\/boite-a-cle-keysafe-pro-grand-format.jpg","contentUrl":"https:\/\/keybox.nl\/wp-content\/uploads\/2024\/12\/boite-a-cle-keysafe-pro-grand-format.jpg","width":380,"height":494},{"@type":"BreadcrumbList","@id":"https:\/\/keybox.nl\/product\/keysafe-p500\/#breadcrumb","itemListElement":[{"@type":"ListItem","position":1,"name":"Home","item":"https:\/\/keybox.nl\/"},{"@type":"ListItem","position":2,"name":"Beveiligde sleutelkastjes kopen","item":"https:\/\/keybox.nl\/"},{"@type":"ListItem","position":3,"name":"Keysafe P500"}]},{"@type":"WebSite","@id":"https:\/\/keybox.nl\/#website","url":"https:\/\/keybox.nl\/","name":"","description":"","potentialAction":[{"@type":"SearchAction","target":{"@type":"EntryPoint","urlTemplate":"https:\/\/keybox.nl\/?s={search_term_string}"},"query-input":{"@type":"PropertyValueSpecification","valueRequired":true,"valueName":"search_term_string"}}],"inLanguage":"sv-SE"}]}},"jetpack-related-posts":[{"id":1179,"url":"https:\/\/keybox.nl\/sv\/produkt\/keysafe-original\/","url_meta":{"origin":1782,"position":0},"title":"Nyckelsafe Original","author":"Keybox@beheermodule","date":"9 december 2022","format":false,"excerpt":"Keysafe Original f\u00f6r 5 nycklar Om du beh\u00f6ver flera nycklar f\u00f6r att komma in i ett rum kan du med den stora f\u00f6rvaringskapaciteten hos KeySafe\u2122 Original f\u00f6rvara dem alla p\u00e5 ett st\u00e4lle med en anv\u00e4ndarv\u00e4nlig \u00e5tkomstkod. KeySafe Original rymmer flera nycklar och \u00e4r tillr\u00e4ckligt stor f\u00f6r nyckelkort....","rel":"","context":"Liknande inl\u00e4gg","block_context":{"text":"Liknande inl\u00e4gg","link":""},"img":{"alt_text":"","src":"https:\/\/i0.wp.com\/keybox.nl\/wp-content\/uploads\/2022\/12\/Keysafe_Original_keybox_sleutelkluis.jpg?resize=350%2C200&ssl=1","width":350,"height":200,"srcset":"https:\/\/i0.wp.com\/keybox.nl\/wp-content\/uploads\/2022\/12\/Keysafe_Original_keybox_sleutelkluis.jpg?resize=350%2C200&ssl=1 1x, https:\/\/i0.wp.com\/keybox.nl\/wp-content\/uploads\/2022\/12\/Keysafe_Original_keybox_sleutelkluis.jpg?resize=525%2C300&ssl=1 1.5x, https:\/\/i0.wp.com\/keybox.nl\/wp-content\/uploads\/2022\/12\/Keysafe_Original_keybox_sleutelkluis.jpg?resize=700%2C400&ssl=1 2x"},"classes":[]},{"id":1171,"url":"https:\/\/keybox.nl\/sv\/produkt\/keysafe-slimline\/","url_meta":{"origin":1782,"position":1},"title":"Nyckelsafe Slimline","author":"Keybox@beheermodule","date":"9 december 2022","format":false,"excerpt":"Alltid \u00e5tkomlig med Keysafe Slimline","rel":"","context":"Liknande inl\u00e4gg","block_context":{"text":"Liknande inl\u00e4gg","link":""},"img":{"alt_text":"Keysafe Slim line","src":"https:\/\/i0.wp.com\/keybox.nl\/wp-content\/uploads\/2022\/12\/Keysafe_Slim_line_Keybox.jpeg?resize=350%2C200&ssl=1","width":350,"height":200,"srcset":"https:\/\/i0.wp.com\/keybox.nl\/wp-content\/uploads\/2022\/12\/Keysafe_Slim_line_Keybox.jpeg?resize=350%2C200&ssl=1 1x, https:\/\/i0.wp.com\/keybox.nl\/wp-content\/uploads\/2022\/12\/Keysafe_Slim_line_Keybox.jpeg?resize=525%2C300&ssl=1 1.5x, https:\/\/i0.wp.com\/keybox.nl\/wp-content\/uploads\/2022\/12\/Keysafe_Slim_line_Keybox.jpeg?resize=700%2C400&ssl=1 2x"},"classes":[]},{"id":1796,"url":"https:\/\/keybox.nl\/sv\/produkt\/keysafe-key-cabinet\/","url_meta":{"origin":1782,"position":2},"title":"Keysafe nyckelsk\u00e5p","author":"Elric Drost","date":"18 december 2024","format":false,"excerpt":"Touchpoint PRO fr\u00e5n Kidde 30\/60\/120 tangenter","rel":"","context":"Liknande inl\u00e4gg","block_context":{"text":"Liknande inl\u00e4gg","link":""},"img":{"alt_text":"","src":"https:\/\/i0.wp.com\/keybox.nl\/wp-content\/uploads\/2024\/12\/Keysafe-cabinet-30-Keybox-open-298x300.jpg?resize=350%2C200","width":350,"height":200},"classes":[]},{"id":1812,"url":"https:\/\/keybox.nl\/sv\/produkt\/drs-vector-combi-keysafe\/","url_meta":{"origin":1782,"position":3},"title":"DRS Vector Combi Nyckelsafe","author":"Elric Drost","date":"21 januari 2025","format":false,"excerpt":"Perfekt f\u00f6r professionellt bruk.","rel":"","context":"Liknande inl\u00e4gg","block_context":{"text":"Liknande inl\u00e4gg","link":""},"img":{"alt_text":"","src":"https:\/\/i0.wp.com\/keybox.nl\/wp-content\/uploads\/2025\/01\/DRS-Vector-Combi-Keysafe-keybox.jpg?resize=350%2C200&ssl=1","width":350,"height":200,"srcset":"https:\/\/i0.wp.com\/keybox.nl\/wp-content\/uploads\/2025\/01\/DRS-Vector-Combi-Keysafe-keybox.jpg?resize=350%2C200&ssl=1 1x, https:\/\/i0.wp.com\/keybox.nl\/wp-content\/uploads\/2025\/01\/DRS-Vector-Combi-Keysafe-keybox.jpg?resize=525%2C300&ssl=1 1.5x, https:\/\/i0.wp.com\/keybox.nl\/wp-content\/uploads\/2025\/01\/DRS-Vector-Combi-Keysafe-keybox.jpg?resize=700%2C400&ssl=1 2x, https:\/\/i0.wp.com\/keybox.nl\/wp-content\/uploads\/2025\/01\/DRS-Vector-Combi-Keysafe-keybox.jpg?resize=1050%2C600&ssl=1 3x"},"classes":[]},{"id":1775,"url":"https:\/\/keybox.nl\/sv\/produkt\/keysafe-pro-original\/","url_meta":{"origin":1782,"position":4},"title":"Keysafe Pro original","author":"Elric Drost","date":"5 december 2024","format":false,"excerpt":"KEYSAFE Pro Original \u00e4r ett robust nyckelsk\u00e5p f\u00f6r 5 standardnycklar.","rel":"","context":"Liknande inl\u00e4gg","block_context":{"text":"Liknande inl\u00e4gg","link":""},"img":{"alt_text":"","src":"https:\/\/i0.wp.com\/keybox.nl\/wp-content\/uploads\/2024\/12\/keysafe-pro-original-sleutelkluisje.jpg?resize=350%2C200&ssl=1","width":350,"height":200},"classes":[]},{"id":1822,"url":"https:\/\/keybox.nl\/sv\/produkt\/keysafe-gce\/","url_meta":{"origin":1782,"position":5},"title":"Nyckels\u00e4ker GCE","author":"Elric Drost","date":"26 januari 2025","format":false,"excerpt":"V\u00e4lj mellan 3 olika modeller.","rel":"","context":"Liknande inl\u00e4gg","block_context":{"text":"Liknande inl\u00e4gg","link":""},"img":{"alt_text":"","src":"https:\/\/i0.wp.com\/keybox.nl\/wp-content\/uploads\/2025\/01\/9858a0f7e85097eb90f56de1f00f8269.jpg?resize=350%2C200&ssl=1","width":350,"height":200,"srcset":"https:\/\/i0.wp.com\/keybox.nl\/wp-content\/uploads\/2025\/01\/9858a0f7e85097eb90f56de1f00f8269.jpg?resize=350%2C200&ssl=1 1x, https:\/\/i0.wp.com\/keybox.nl\/wp-content\/uploads\/2025\/01\/9858a0f7e85097eb90f56de1f00f8269.jpg?resize=525%2C300&ssl=1 1.5x, https:\/\/i0.wp.com\/keybox.nl\/wp-content\/uploads\/2025\/01\/9858a0f7e85097eb90f56de1f00f8269.jpg?resize=700%2C400&ssl=1 2x, https:\/\/i0.wp.com\/keybox.nl\/wp-content\/uploads\/2025\/01\/9858a0f7e85097eb90f56de1f00f8269.jpg?resize=1050%2C600&ssl=1 3x, https:\/\/i0.wp.com\/keybox.nl\/wp-content\/uploads\/2025\/01\/9858a0f7e85097eb90f56de1f00f8269.jpg?resize=1400%2C800&ssl=1 4x"},"classes":[]}],"jetpack_sharing_enabled":true,"_links":{"self":[{"href":"https:\/\/keybox.nl\/sv\/wp-json\/wp\/v2\/product\/1782","targetHints":{"allow":["GET"]}}],"collection":[{"href":"https:\/\/keybox.nl\/sv\/wp-json\/wp\/v2\/product"}],"about":[{"href":"https:\/\/keybox.nl\/sv\/wp-json\/wp\/v2\/types\/product"}],"replies":[{"embeddable":true,"href":"https:\/\/keybox.nl\/sv\/wp-json\/wp\/v2\/comments?post=1782"}],"wp:featuredmedia":[{"embeddable":true,"href":"https:\/\/keybox.nl\/sv\/wp-json\/wp\/v2\/media\/1785"}],"wp:attachment":[{"href":"https:\/\/keybox.nl\/sv\/wp-json\/wp\/v2\/media?parent=1782"}],"wp:term":[{"taxonomy":"product_brand","embeddable":true,"href":"https:\/\/keybox.nl\/sv\/wp-json\/wp\/v2\/product_brand?post=1782"},{"taxonomy":"product_cat","embeddable":true,"href":"https:\/\/keybox.nl\/sv\/wp-json\/wp\/v2\/product_cat?post=1782"},{"taxonomy":"product_tag","embeddable":true,"href":"https:\/\/keybox.nl\/sv\/wp-json\/wp\/v2\/product_tag?post=1782"}],"curies":[{"name":"wp","href":"https:\/\/api.w.org\/{rel}","templated":true}]}}