{"id":1760,"date":"2024-12-04T18:06:31","date_gmt":"2024-12-04T18:06:31","guid":{"rendered":"https:\/\/keybox.nl\/?post_type=product&#038;p=1760"},"modified":"2024-12-05T14:29:14","modified_gmt":"2024-12-05T14:29:14","slug":"keysafe-voor-op-de-deur","status":"publish","type":"product","link":"https:\/\/keybox.nl\/sv\/produkt\/keysafe-voor-op-de-deur\/","title":{"rendered":"nyckels\u00e4kert f\u00f6r d\u00f6rren"},"content":{"rendered":"<h4>KEYSAFE nyckelsk\u00e5p f\u00f6r d\u00f6rr<\/h4>\n<p>KEYSAFE Door \u00e4r ett m\u00e5ngsidigt och robust nyckelsk\u00e5p som enkelt kan h\u00e4ngas p\u00e5 en d\u00f6rr med ett f\u00e4ste i rostfritt st\u00e5l. Det \u00e4r perfekt f\u00f6r s\u00e4ker f\u00f6rvaring av upp till tre nycklar och passar utm\u00e4rkt f\u00f6r bostadsr\u00e4ttsf\u00f6reningar, byggf\u00f6retag och andra organisationer som beh\u00f6ver tillf\u00e4llig tillg\u00e5ng till lokaler under renoverings- eller underh\u00e5llsarbete.<\/p>\n<h4>F\u00f6rdelar<\/h4>\n<ul>\n<li>Snabb att installera och ta bort utan permanent fasts\u00e4ttning.<\/li>\n<li>F\u00f6rvara nycklar p\u00e5 ett s\u00e4kert s\u00e4tt s\u00e5 att de \u00e4r tillg\u00e4ngliga f\u00f6r beh\u00f6riga personer.<\/li>\n<li><strong>Ingen str\u00f6m eller elektronik kr\u00e4vs:<\/strong> Fungerar helt mekaniskt med mer \u00e4n 1.000 kombinationer.<\/li>\n<li>L\u00e4mplig f\u00f6r applikationer som t.ex:\n<ul>\n<li>Hemsjukv\u00e5rd<\/li>\n<li>Leverans- och st\u00e4dtj\u00e4nster<\/li>\n<li>Ingripanden vid larm<\/li>\n<li>Tilltr\u00e4de i n\u00f6dsituationer<\/li>\n<li>Kontorsledning<\/li>\n<li>Underh\u00e5ll av s\u00e4kra anl\u00e4ggningar<\/li>\n<\/ul>\n<\/li>\n<\/ul>\n<h4>Funktioner<\/h4>\n<ul>\n<li>F\u00e4rg: Titan.<\/li>\n<li>Motst\u00e5ndskraftig mot temperaturer fr\u00e5n -32\u00b0C till +68\u00b0C.<\/li>\n<li>L\u00e4mplig f\u00f6r l\u00e5ngvarig exponering f\u00f6r solljus.<\/li>\n<li>Motst\u00e5ndskraftig mot vanliga l\u00f6sningsmedel och kemikalier.<\/li>\n<li>St\u00e5r emot vattenst\u00e4nk upp till 10,16 cm\/timme.<\/li>\n<\/ul>\n<h4>Alternativ<\/h4>\n<ul>\n<li><strong>Skyddsh\u00f6lje i neopren:<\/strong> F\u00f6r extra regnskydd och en mer diskret look.<\/li>\n<\/ul>\n<h4>Paketets inneh\u00e5ll<\/h4>\n<ul>\n<li>KEYSAFE D\u00f6rr levereras i en pappkartong.<\/li>\n<li>Instruktioner f\u00f6r anv\u00e4ndning.<\/li>\n<li>St\u00f6dplatta med f\u00e4stmuttrar.<\/li>\n<li>Tv\u00e5 f\u00e4stskruvar f\u00f6r monteringsf\u00e4stet.<\/li>\n<\/ul>\n<p>Best\u00e4ll din s\u00e4kra och flexibla nyckelhanteringsl\u00f6sning direkt fr\u00e5n Keybox.co.uk!<\/p>","protected":false},"excerpt":{"rendered":"<p>Litet men robust nyckelsk\u00e5p.<\/p>","protected":false},"featured_media":1761,"comment_status":"open","ping_status":"closed","template":"","meta":[],"product_brand":[],"product_cat":[19],"product_tag":[79],"class_list":{"0":"post-1760","1":"product","2":"type-product","3":"status-publish","4":"has-post-thumbnail","6":"product_cat-keysafe","7":"product_tag-kleine-keysafe","9":"first","10":"instock","11":"taxable","12":"shipping-taxable","13":"purchasable","14":"product-type-simple"},"yoast_head":"<!-- This site is optimized with the Yoast SEO plugin v27.4 - https:\/\/yoast.com\/product\/yoast-seo-wordpress\/ -->\n<title>keysafe voor op de deur -<\/title>\n<meta name=\"robots\" content=\"index, follow, max-snippet:-1, max-image-preview:large, max-video-preview:-1\" \/>\n<link rel=\"canonical\" href=\"https:\/\/keybox.nl\/sv\/produkt\/keysafe-voor-op-de-deur\/\" \/>\n<meta property=\"og:locale\" content=\"sv_SE\" \/>\n<meta property=\"og:type\" content=\"article\" \/>\n<meta property=\"og:title\" content=\"keysafe voor op de deur -\" \/>\n<meta property=\"og:description\" content=\"Klein, maar robuust sleutelkastje.\" \/>\n<meta property=\"og:url\" content=\"https:\/\/keybox.nl\/sv\/produkt\/keysafe-voor-op-de-deur\/\" \/>\n<meta property=\"article:modified_time\" content=\"2024-12-05T14:29:14+00:00\" \/>\n<meta property=\"og:image\" content=\"http:\/\/keybox.nl\/wp-content\/uploads\/2024\/11\/Keysafe_door_sleutelkluisje_keybox.jpg\" \/>\n\t<meta property=\"og:image:width\" content=\"380\" \/>\n\t<meta property=\"og:image:height\" content=\"494\" \/>\n\t<meta property=\"og:image:type\" content=\"image\/jpeg\" \/>\n<meta name=\"twitter:card\" content=\"summary_large_image\" \/>\n<meta name=\"twitter:label1\" content=\"Ber\u00e4knad l\u00e4stid\" \/>\n\t<meta name=\"twitter:data1\" content=\"1 minut\" \/>\n<script type=\"application\/ld+json\" class=\"yoast-schema-graph\">{\"@context\":\"https:\\\/\\\/schema.org\",\"@graph\":[{\"@type\":\"WebPage\",\"@id\":\"https:\\\/\\\/keybox.nl\\\/product\\\/keysafe-voor-op-de-deur\\\/\",\"url\":\"https:\\\/\\\/keybox.nl\\\/product\\\/keysafe-voor-op-de-deur\\\/\",\"name\":\"keysafe voor op de deur -\",\"isPartOf\":{\"@id\":\"https:\\\/\\\/keybox.nl\\\/#website\"},\"primaryImageOfPage\":{\"@id\":\"https:\\\/\\\/keybox.nl\\\/product\\\/keysafe-voor-op-de-deur\\\/#primaryimage\"},\"image\":{\"@id\":\"https:\\\/\\\/keybox.nl\\\/product\\\/keysafe-voor-op-de-deur\\\/#primaryimage\"},\"thumbnailUrl\":\"https:\\\/\\\/keybox.nl\\\/wp-content\\\/uploads\\\/2024\\\/11\\\/Keysafe_door_sleutelkluisje_keybox.jpg\",\"datePublished\":\"2024-12-04T18:06:31+00:00\",\"dateModified\":\"2024-12-05T14:29:14+00:00\",\"breadcrumb\":{\"@id\":\"https:\\\/\\\/keybox.nl\\\/product\\\/keysafe-voor-op-de-deur\\\/#breadcrumb\"},\"inLanguage\":\"sv-SE\",\"potentialAction\":[{\"@type\":\"ReadAction\",\"target\":[\"https:\\\/\\\/keybox.nl\\\/product\\\/keysafe-voor-op-de-deur\\\/\"]}]},{\"@type\":\"ImageObject\",\"inLanguage\":\"sv-SE\",\"@id\":\"https:\\\/\\\/keybox.nl\\\/product\\\/keysafe-voor-op-de-deur\\\/#primaryimage\",\"url\":\"https:\\\/\\\/keybox.nl\\\/wp-content\\\/uploads\\\/2024\\\/11\\\/Keysafe_door_sleutelkluisje_keybox.jpg\",\"contentUrl\":\"https:\\\/\\\/keybox.nl\\\/wp-content\\\/uploads\\\/2024\\\/11\\\/Keysafe_door_sleutelkluisje_keybox.jpg\",\"width\":380,\"height\":494,\"caption\":\"main\"},{\"@type\":\"BreadcrumbList\",\"@id\":\"https:\\\/\\\/keybox.nl\\\/product\\\/keysafe-voor-op-de-deur\\\/#breadcrumb\",\"itemListElement\":[{\"@type\":\"ListItem\",\"position\":1,\"name\":\"Home\",\"item\":\"https:\\\/\\\/keybox.nl\\\/\"},{\"@type\":\"ListItem\",\"position\":2,\"name\":\"Beveiligde sleutelkastjes kopen\",\"item\":\"https:\\\/\\\/keybox.nl\\\/\"},{\"@type\":\"ListItem\",\"position\":3,\"name\":\"keysafe voor op de deur\"}]},{\"@type\":\"WebSite\",\"@id\":\"https:\\\/\\\/keybox.nl\\\/#website\",\"url\":\"https:\\\/\\\/keybox.nl\\\/\",\"name\":\"\",\"description\":\"\",\"potentialAction\":[{\"@type\":\"SearchAction\",\"target\":{\"@type\":\"EntryPoint\",\"urlTemplate\":\"https:\\\/\\\/keybox.nl\\\/?s={search_term_string}\"},\"query-input\":{\"@type\":\"PropertyValueSpecification\",\"valueRequired\":true,\"valueName\":\"search_term_string\"}}],\"inLanguage\":\"sv-SE\"}]}<\/script>\n<!-- \/ Yoast SEO plugin. -->","yoast_head_json":{"title":"nyckels\u00e4kert f\u00f6r d\u00f6rren","robots":{"index":"index","follow":"follow","max-snippet":"max-snippet:-1","max-image-preview":"max-image-preview:large","max-video-preview":"max-video-preview:-1"},"canonical":"https:\/\/keybox.nl\/sv\/produkt\/keysafe-voor-op-de-deur\/","og_locale":"sv_SE","og_type":"article","og_title":"keysafe voor op de deur -","og_description":"Klein, maar robuust sleutelkastje.","og_url":"https:\/\/keybox.nl\/sv\/produkt\/keysafe-voor-op-de-deur\/","article_modified_time":"2024-12-05T14:29:14+00:00","og_image":[{"width":380,"height":494,"url":"http:\/\/keybox.nl\/wp-content\/uploads\/2024\/11\/Keysafe_door_sleutelkluisje_keybox.jpg","type":"image\/jpeg"}],"twitter_card":"summary_large_image","twitter_misc":{"Ber\u00e4knad l\u00e4stid":"1 minut"},"schema":{"@context":"https:\/\/schema.org","@graph":[{"@type":"WebPage","@id":"https:\/\/keybox.nl\/product\/keysafe-voor-op-de-deur\/","url":"https:\/\/keybox.nl\/product\/keysafe-voor-op-de-deur\/","name":"nyckels\u00e4kert f\u00f6r d\u00f6rren","isPartOf":{"@id":"https:\/\/keybox.nl\/#website"},"primaryImageOfPage":{"@id":"https:\/\/keybox.nl\/product\/keysafe-voor-op-de-deur\/#primaryimage"},"image":{"@id":"https:\/\/keybox.nl\/product\/keysafe-voor-op-de-deur\/#primaryimage"},"thumbnailUrl":"https:\/\/keybox.nl\/wp-content\/uploads\/2024\/11\/Keysafe_door_sleutelkluisje_keybox.jpg","datePublished":"2024-12-04T18:06:31+00:00","dateModified":"2024-12-05T14:29:14+00:00","breadcrumb":{"@id":"https:\/\/keybox.nl\/product\/keysafe-voor-op-de-deur\/#breadcrumb"},"inLanguage":"sv-SE","potentialAction":[{"@type":"ReadAction","target":["https:\/\/keybox.nl\/product\/keysafe-voor-op-de-deur\/"]}]},{"@type":"ImageObject","inLanguage":"sv-SE","@id":"https:\/\/keybox.nl\/product\/keysafe-voor-op-de-deur\/#primaryimage","url":"https:\/\/keybox.nl\/wp-content\/uploads\/2024\/11\/Keysafe_door_sleutelkluisje_keybox.jpg","contentUrl":"https:\/\/keybox.nl\/wp-content\/uploads\/2024\/11\/Keysafe_door_sleutelkluisje_keybox.jpg","width":380,"height":494,"caption":"main"},{"@type":"BreadcrumbList","@id":"https:\/\/keybox.nl\/product\/keysafe-voor-op-de-deur\/#breadcrumb","itemListElement":[{"@type":"ListItem","position":1,"name":"Home","item":"https:\/\/keybox.nl\/"},{"@type":"ListItem","position":2,"name":"Beveiligde sleutelkastjes kopen","item":"https:\/\/keybox.nl\/"},{"@type":"ListItem","position":3,"name":"keysafe voor op de deur"}]},{"@type":"WebSite","@id":"https:\/\/keybox.nl\/#website","url":"https:\/\/keybox.nl\/","name":"","description":"","potentialAction":[{"@type":"SearchAction","target":{"@type":"EntryPoint","urlTemplate":"https:\/\/keybox.nl\/?s={search_term_string}"},"query-input":{"@type":"PropertyValueSpecification","valueRequired":true,"valueName":"search_term_string"}}],"inLanguage":"sv-SE"}]}},"jetpack-related-posts":[{"id":1782,"url":"https:\/\/keybox.nl\/sv\/produkt\/keysafe-p500\/","url_meta":{"origin":1760,"position":0},"title":"Nyckelsafe P500","author":"Elric Drost","date":"13 december 2024","format":false,"excerpt":"Det s\u00e4kraste mininyckelsk\u00e5pet p\u00e5 marknaden.","rel":"","context":"Liknande inl\u00e4gg","block_context":{"text":"Liknande inl\u00e4gg","link":""},"img":{"alt_text":"","src":"https:\/\/i0.wp.com\/keybox.nl\/wp-content\/uploads\/2024\/12\/boite-a-cle-keysafe-pro-grand-format.jpg?resize=350%2C200&ssl=1","width":350,"height":200},"classes":[]},{"id":1775,"url":"https:\/\/keybox.nl\/sv\/produkt\/keysafe-pro-original\/","url_meta":{"origin":1760,"position":1},"title":"Keysafe Pro original","author":"Elric Drost","date":"5 december 2024","format":false,"excerpt":"KEYSAFE Pro Original \u00e4r ett robust nyckelsk\u00e5p f\u00f6r 5 standardnycklar.","rel":"","context":"Liknande inl\u00e4gg","block_context":{"text":"Liknande inl\u00e4gg","link":""},"img":{"alt_text":"","src":"https:\/\/i0.wp.com\/keybox.nl\/wp-content\/uploads\/2024\/12\/keysafe-pro-original-sleutelkluisje.jpg?resize=350%2C200&ssl=1","width":350,"height":200},"classes":[]},{"id":1796,"url":"https:\/\/keybox.nl\/sv\/produkt\/keysafe-key-cabinet\/","url_meta":{"origin":1760,"position":2},"title":"Keysafe nyckelsk\u00e5p","author":"Elric Drost","date":"18 december 2024","format":false,"excerpt":"Touchpoint PRO fr\u00e5n Kidde 30\/60\/120 tangenter","rel":"","context":"Liknande inl\u00e4gg","block_context":{"text":"Liknande inl\u00e4gg","link":""},"img":{"alt_text":"","src":"https:\/\/i0.wp.com\/keybox.nl\/wp-content\/uploads\/2024\/12\/Keysafe-cabinet-30-Keybox-open-298x300.jpg?resize=350%2C200","width":350,"height":200},"classes":[]},{"id":1822,"url":"https:\/\/keybox.nl\/sv\/produkt\/keysafe-gce\/","url_meta":{"origin":1760,"position":3},"title":"Nyckels\u00e4ker GCE","author":"Elric Drost","date":"26 januari 2025","format":false,"excerpt":"V\u00e4lj mellan 3 olika modeller.","rel":"","context":"Liknande inl\u00e4gg","block_context":{"text":"Liknande inl\u00e4gg","link":""},"img":{"alt_text":"","src":"https:\/\/i0.wp.com\/keybox.nl\/wp-content\/uploads\/2025\/01\/9858a0f7e85097eb90f56de1f00f8269.jpg?resize=350%2C200&ssl=1","width":350,"height":200,"srcset":"https:\/\/i0.wp.com\/keybox.nl\/wp-content\/uploads\/2025\/01\/9858a0f7e85097eb90f56de1f00f8269.jpg?resize=350%2C200&ssl=1 1x, https:\/\/i0.wp.com\/keybox.nl\/wp-content\/uploads\/2025\/01\/9858a0f7e85097eb90f56de1f00f8269.jpg?resize=525%2C300&ssl=1 1.5x, https:\/\/i0.wp.com\/keybox.nl\/wp-content\/uploads\/2025\/01\/9858a0f7e85097eb90f56de1f00f8269.jpg?resize=700%2C400&ssl=1 2x, https:\/\/i0.wp.com\/keybox.nl\/wp-content\/uploads\/2025\/01\/9858a0f7e85097eb90f56de1f00f8269.jpg?resize=1050%2C600&ssl=1 3x, https:\/\/i0.wp.com\/keybox.nl\/wp-content\/uploads\/2025\/01\/9858a0f7e85097eb90f56de1f00f8269.jpg?resize=1400%2C800&ssl=1 4x"},"classes":[]},{"id":1179,"url":"https:\/\/keybox.nl\/sv\/produkt\/keysafe-original\/","url_meta":{"origin":1760,"position":4},"title":"Nyckelsafe Original","author":"Keybox@beheermodule","date":"9 december 2022","format":false,"excerpt":"Keysafe Original f\u00f6r 5 nycklar Om du beh\u00f6ver flera nycklar f\u00f6r att komma in i ett rum kan du med den stora f\u00f6rvaringskapaciteten hos KeySafe\u2122 Original f\u00f6rvara dem alla p\u00e5 ett st\u00e4lle med en anv\u00e4ndarv\u00e4nlig \u00e5tkomstkod. KeySafe Original rymmer flera nycklar och \u00e4r tillr\u00e4ckligt stor f\u00f6r nyckelkort....","rel":"","context":"Liknande inl\u00e4gg","block_context":{"text":"Liknande inl\u00e4gg","link":""},"img":{"alt_text":"","src":"https:\/\/i0.wp.com\/keybox.nl\/wp-content\/uploads\/2022\/12\/Keysafe_Original_keybox_sleutelkluis.jpg?resize=350%2C200&ssl=1","width":350,"height":200,"srcset":"https:\/\/i0.wp.com\/keybox.nl\/wp-content\/uploads\/2022\/12\/Keysafe_Original_keybox_sleutelkluis.jpg?resize=350%2C200&ssl=1 1x, https:\/\/i0.wp.com\/keybox.nl\/wp-content\/uploads\/2022\/12\/Keysafe_Original_keybox_sleutelkluis.jpg?resize=525%2C300&ssl=1 1.5x, https:\/\/i0.wp.com\/keybox.nl\/wp-content\/uploads\/2022\/12\/Keysafe_Original_keybox_sleutelkluis.jpg?resize=700%2C400&ssl=1 2x"},"classes":[]},{"id":1812,"url":"https:\/\/keybox.nl\/sv\/produkt\/drs-vector-combi-keysafe\/","url_meta":{"origin":1760,"position":5},"title":"DRS Vector Combi Nyckelsafe","author":"Elric Drost","date":"21 januari 2025","format":false,"excerpt":"Perfekt f\u00f6r professionellt bruk.","rel":"","context":"Liknande inl\u00e4gg","block_context":{"text":"Liknande inl\u00e4gg","link":""},"img":{"alt_text":"","src":"https:\/\/i0.wp.com\/keybox.nl\/wp-content\/uploads\/2025\/01\/DRS-Vector-Combi-Keysafe-keybox.jpg?resize=350%2C200&ssl=1","width":350,"height":200,"srcset":"https:\/\/i0.wp.com\/keybox.nl\/wp-content\/uploads\/2025\/01\/DRS-Vector-Combi-Keysafe-keybox.jpg?resize=350%2C200&ssl=1 1x, https:\/\/i0.wp.com\/keybox.nl\/wp-content\/uploads\/2025\/01\/DRS-Vector-Combi-Keysafe-keybox.jpg?resize=525%2C300&ssl=1 1.5x, https:\/\/i0.wp.com\/keybox.nl\/wp-content\/uploads\/2025\/01\/DRS-Vector-Combi-Keysafe-keybox.jpg?resize=700%2C400&ssl=1 2x, https:\/\/i0.wp.com\/keybox.nl\/wp-content\/uploads\/2025\/01\/DRS-Vector-Combi-Keysafe-keybox.jpg?resize=1050%2C600&ssl=1 3x"},"classes":[]}],"jetpack_sharing_enabled":true,"_links":{"self":[{"href":"https:\/\/keybox.nl\/sv\/wp-json\/wp\/v2\/product\/1760","targetHints":{"allow":["GET"]}}],"collection":[{"href":"https:\/\/keybox.nl\/sv\/wp-json\/wp\/v2\/product"}],"about":[{"href":"https:\/\/keybox.nl\/sv\/wp-json\/wp\/v2\/types\/product"}],"replies":[{"embeddable":true,"href":"https:\/\/keybox.nl\/sv\/wp-json\/wp\/v2\/comments?post=1760"}],"wp:featuredmedia":[{"embeddable":true,"href":"https:\/\/keybox.nl\/sv\/wp-json\/wp\/v2\/media\/1761"}],"wp:attachment":[{"href":"https:\/\/keybox.nl\/sv\/wp-json\/wp\/v2\/media?parent=1760"}],"wp:term":[{"taxonomy":"product_brand","embeddable":true,"href":"https:\/\/keybox.nl\/sv\/wp-json\/wp\/v2\/product_brand?post=1760"},{"taxonomy":"product_cat","embeddable":true,"href":"https:\/\/keybox.nl\/sv\/wp-json\/wp\/v2\/product_cat?post=1760"},{"taxonomy":"product_tag","embeddable":true,"href":"https:\/\/keybox.nl\/sv\/wp-json\/wp\/v2\/product_tag?post=1760"}],"curies":[{"name":"wp","href":"https:\/\/api.w.org\/{rel}","templated":true}]}}