{"id":1759,"date":"2024-11-29T15:23:40","date_gmt":"2024-11-29T15:23:40","guid":{"rendered":"https:\/\/keybox.nl\/?post_type=product&#038;p=1759"},"modified":"2024-12-05T14:29:56","modified_gmt":"2024-12-05T14:29:56","slug":"keysafe-hangslot","status":"publish","type":"product","link":"https:\/\/keybox.nl\/sv\/produkt\/keysafe-hangslot\/","title":{"rendered":"Nyckels\u00e4kert h\u00e4ngl\u00e5s"},"content":{"rendered":"<div class=\"flex-shrink-0 flex flex-col relative items-end\">\n<div>\n<div class=\"pt-0\">\n<div class=\"gizmo-bot-avatar flex h-8 w-8 items-center justify-center overflow-hidden rounded-full\">\n<h4 class=\"relative p-1 rounded-sm flex items-center justify-center bg-token-main-surface-primary text-token-text-primary h-8 w-8\">KEYSAFE h\u00e4ngl\u00e5s Nyckelbox<\/h4>\n<\/div>\n<\/div>\n<\/div>\n<\/div>\n<p>En praktisk l\u00f6sning f\u00f6r s\u00e4ker f\u00f6rvaring och \u00f6verf\u00f6ring av nycklar. Med hj\u00e4lp av f\u00e4stet kan nyckelsk\u00e5pet enkelt f\u00e4stas p\u00e5 d\u00f6rrhandtag, galler, r\u00f6r eller andra f\u00e4stpunkter. Med sitt inbyggda kombinationsl\u00e5s \u00e4r h\u00e4ngl\u00e5set idealiskt f\u00f6r beh\u00f6rig \u00e5tkomst utan behov av nycklar.<\/p>\n<p>Som tillval finns ett neopren\u00f6verdrag f\u00f6r extra v\u00e4derskydd och ett mer diskret utseende.<\/p>\n<p><strong>F\u00f6rdelar<\/strong><\/p>\n<ul>\n<li>Enkel och snabb installation.<\/li>\n<li>Nycklar alltid tillg\u00e4ngliga och s\u00e4kert f\u00f6rvarade.<\/li>\n<li>Ingen str\u00f6m eller elektronik kr\u00e4vs.<\/li>\n<li>Mer \u00e4n 1.000 m\u00f6jliga sifferkombinationer.<a id=\"set-post-thumbnail\" class=\"thickbox\" href=\"https:\/\/keybox.nl\/wp-admin\/media-upload.php?post_id=1759&amp;type=image&amp;TB_iframe=1\">Ange produktbild<\/a><\/li>\n<li>Extremt robust konstruktion.<\/li>\n<\/ul>\n<p><strong>Specifikationer<\/strong><\/p>\n<ul>\n<li>F\u00e4rg: gr\u00e5.<\/li>\n<li>Driftstemperatur: upp till -26\u00b0C.<\/li>\n<li>Kemikalie- och l\u00f6sningsmedelsbest\u00e4ndighet: standard.<\/li>\n<li>Motst\u00e5ndskraftig mot l\u00e5ngvarig UV-exponering.<\/li>\n<li>Motst\u00e5ndskraftig mot vattenst\u00e4nk upp till 10,16 cm\/timme.<\/li>\n<\/ul>\n<p><strong>Alternativ<\/strong><\/p>\n<ul>\n<li>Skyddande neoprengummi\u00f6verdrag i svart f\u00f6r extra skydd mot d\u00e5ligt v\u00e4der.<\/li>\n<\/ul>\n<p><strong>Paketets inneh\u00e5ll<\/strong><\/p>\n<ul>\n<li>KEYSAFE h\u00e4ngl\u00e5s levereras i en kartongl\u00e5da.<\/li>\n<li>Bruksanvisning medf\u00f6ljer.<\/li>\n<\/ul>\n<p>Best\u00e4ll Keysafe h\u00e4ngl\u00e5s direkt fr\u00e5n <a href=\"http:\/\/keybox.nl\/sv\/\">Keybox.se<\/a>, din specialist p\u00e5 nyckell\u00e5dor!<\/p>","protected":false},"excerpt":{"rendered":"<p>H\u00e4ngl\u00e5s fr\u00e5n keysafe f\u00f6r nyckels\u00e4kerhet.<\/p>","protected":false},"featured_media":1764,"comment_status":"open","ping_status":"closed","template":"","meta":[],"product_brand":[],"product_cat":[19],"product_tag":[79],"class_list":{"0":"post-1759","1":"product","2":"type-product","3":"status-publish","4":"has-post-thumbnail","6":"product_cat-keysafe","7":"product_tag-kleine-keysafe","9":"first","10":"instock","11":"taxable","12":"shipping-taxable","13":"purchasable","14":"product-type-simple"},"yoast_head":"<!-- This site is optimized with the Yoast SEO plugin v27.4 - https:\/\/yoast.com\/product\/yoast-seo-wordpress\/ -->\n<title>Keysafe hangslot -<\/title>\n<meta name=\"robots\" content=\"index, follow, max-snippet:-1, max-image-preview:large, max-video-preview:-1\" \/>\n<link rel=\"canonical\" href=\"https:\/\/keybox.nl\/sv\/produkt\/keysafe-hangslot\/\" \/>\n<meta property=\"og:locale\" content=\"sv_SE\" \/>\n<meta property=\"og:type\" content=\"article\" \/>\n<meta property=\"og:title\" content=\"Keysafe hangslot -\" \/>\n<meta property=\"og:description\" content=\"Hangslot van keysafe voor sleutelbeveiliging.\" \/>\n<meta property=\"og:url\" content=\"https:\/\/keybox.nl\/sv\/produkt\/keysafe-hangslot\/\" \/>\n<meta property=\"article:modified_time\" content=\"2024-12-05T14:29:56+00:00\" \/>\n<meta property=\"og:image\" content=\"http:\/\/keybox.nl\/wp-content\/uploads\/2024\/11\/Keysafe_hangslot_cijferslot_keybox.jpg\" \/>\n\t<meta property=\"og:image:width\" content=\"380\" \/>\n\t<meta property=\"og:image:height\" content=\"494\" \/>\n\t<meta property=\"og:image:type\" content=\"image\/jpeg\" \/>\n<meta name=\"twitter:card\" content=\"summary_large_image\" \/>\n<meta name=\"twitter:label1\" content=\"Ber\u00e4knad l\u00e4stid\" \/>\n\t<meta name=\"twitter:data1\" content=\"1 minut\" \/>\n<script type=\"application\/ld+json\" class=\"yoast-schema-graph\">{\"@context\":\"https:\\\/\\\/schema.org\",\"@graph\":[{\"@type\":\"WebPage\",\"@id\":\"https:\\\/\\\/keybox.nl\\\/product\\\/keysafe-hangslot\\\/\",\"url\":\"https:\\\/\\\/keybox.nl\\\/product\\\/keysafe-hangslot\\\/\",\"name\":\"Keysafe hangslot -\",\"isPartOf\":{\"@id\":\"https:\\\/\\\/keybox.nl\\\/#website\"},\"primaryImageOfPage\":{\"@id\":\"https:\\\/\\\/keybox.nl\\\/product\\\/keysafe-hangslot\\\/#primaryimage\"},\"image\":{\"@id\":\"https:\\\/\\\/keybox.nl\\\/product\\\/keysafe-hangslot\\\/#primaryimage\"},\"thumbnailUrl\":\"https:\\\/\\\/keybox.nl\\\/wp-content\\\/uploads\\\/2024\\\/11\\\/Keysafe_hangslot_cijferslot_keybox.jpg\",\"datePublished\":\"2024-11-29T15:23:40+00:00\",\"dateModified\":\"2024-12-05T14:29:56+00:00\",\"breadcrumb\":{\"@id\":\"https:\\\/\\\/keybox.nl\\\/product\\\/keysafe-hangslot\\\/#breadcrumb\"},\"inLanguage\":\"sv-SE\",\"potentialAction\":[{\"@type\":\"ReadAction\",\"target\":[\"https:\\\/\\\/keybox.nl\\\/product\\\/keysafe-hangslot\\\/\"]}]},{\"@type\":\"ImageObject\",\"inLanguage\":\"sv-SE\",\"@id\":\"https:\\\/\\\/keybox.nl\\\/product\\\/keysafe-hangslot\\\/#primaryimage\",\"url\":\"https:\\\/\\\/keybox.nl\\\/wp-content\\\/uploads\\\/2024\\\/11\\\/Keysafe_hangslot_cijferslot_keybox.jpg\",\"contentUrl\":\"https:\\\/\\\/keybox.nl\\\/wp-content\\\/uploads\\\/2024\\\/11\\\/Keysafe_hangslot_cijferslot_keybox.jpg\",\"width\":380,\"height\":494,\"caption\":\"main\"},{\"@type\":\"BreadcrumbList\",\"@id\":\"https:\\\/\\\/keybox.nl\\\/product\\\/keysafe-hangslot\\\/#breadcrumb\",\"itemListElement\":[{\"@type\":\"ListItem\",\"position\":1,\"name\":\"Home\",\"item\":\"https:\\\/\\\/keybox.nl\\\/\"},{\"@type\":\"ListItem\",\"position\":2,\"name\":\"Beveiligde sleutelkastjes kopen\",\"item\":\"https:\\\/\\\/keybox.nl\\\/\"},{\"@type\":\"ListItem\",\"position\":3,\"name\":\"Keysafe hangslot\"}]},{\"@type\":\"WebSite\",\"@id\":\"https:\\\/\\\/keybox.nl\\\/#website\",\"url\":\"https:\\\/\\\/keybox.nl\\\/\",\"name\":\"\",\"description\":\"\",\"potentialAction\":[{\"@type\":\"SearchAction\",\"target\":{\"@type\":\"EntryPoint\",\"urlTemplate\":\"https:\\\/\\\/keybox.nl\\\/?s={search_term_string}\"},\"query-input\":{\"@type\":\"PropertyValueSpecification\",\"valueRequired\":true,\"valueName\":\"search_term_string\"}}],\"inLanguage\":\"sv-SE\"}]}<\/script>\n<!-- \/ Yoast SEO plugin. -->","yoast_head_json":{"title":"Nyckels\u00e4kert h\u00e4ngl\u00e5s","robots":{"index":"index","follow":"follow","max-snippet":"max-snippet:-1","max-image-preview":"max-image-preview:large","max-video-preview":"max-video-preview:-1"},"canonical":"https:\/\/keybox.nl\/sv\/produkt\/keysafe-hangslot\/","og_locale":"sv_SE","og_type":"article","og_title":"Keysafe hangslot -","og_description":"Hangslot van keysafe voor sleutelbeveiliging.","og_url":"https:\/\/keybox.nl\/sv\/produkt\/keysafe-hangslot\/","article_modified_time":"2024-12-05T14:29:56+00:00","og_image":[{"width":380,"height":494,"url":"http:\/\/keybox.nl\/wp-content\/uploads\/2024\/11\/Keysafe_hangslot_cijferslot_keybox.jpg","type":"image\/jpeg"}],"twitter_card":"summary_large_image","twitter_misc":{"Ber\u00e4knad l\u00e4stid":"1 minut"},"schema":{"@context":"https:\/\/schema.org","@graph":[{"@type":"WebPage","@id":"https:\/\/keybox.nl\/product\/keysafe-hangslot\/","url":"https:\/\/keybox.nl\/product\/keysafe-hangslot\/","name":"Nyckels\u00e4kert h\u00e4ngl\u00e5s","isPartOf":{"@id":"https:\/\/keybox.nl\/#website"},"primaryImageOfPage":{"@id":"https:\/\/keybox.nl\/product\/keysafe-hangslot\/#primaryimage"},"image":{"@id":"https:\/\/keybox.nl\/product\/keysafe-hangslot\/#primaryimage"},"thumbnailUrl":"https:\/\/keybox.nl\/wp-content\/uploads\/2024\/11\/Keysafe_hangslot_cijferslot_keybox.jpg","datePublished":"2024-11-29T15:23:40+00:00","dateModified":"2024-12-05T14:29:56+00:00","breadcrumb":{"@id":"https:\/\/keybox.nl\/product\/keysafe-hangslot\/#breadcrumb"},"inLanguage":"sv-SE","potentialAction":[{"@type":"ReadAction","target":["https:\/\/keybox.nl\/product\/keysafe-hangslot\/"]}]},{"@type":"ImageObject","inLanguage":"sv-SE","@id":"https:\/\/keybox.nl\/product\/keysafe-hangslot\/#primaryimage","url":"https:\/\/keybox.nl\/wp-content\/uploads\/2024\/11\/Keysafe_hangslot_cijferslot_keybox.jpg","contentUrl":"https:\/\/keybox.nl\/wp-content\/uploads\/2024\/11\/Keysafe_hangslot_cijferslot_keybox.jpg","width":380,"height":494,"caption":"main"},{"@type":"BreadcrumbList","@id":"https:\/\/keybox.nl\/product\/keysafe-hangslot\/#breadcrumb","itemListElement":[{"@type":"ListItem","position":1,"name":"Home","item":"https:\/\/keybox.nl\/"},{"@type":"ListItem","position":2,"name":"Beveiligde sleutelkastjes kopen","item":"https:\/\/keybox.nl\/"},{"@type":"ListItem","position":3,"name":"Keysafe hangslot"}]},{"@type":"WebSite","@id":"https:\/\/keybox.nl\/#website","url":"https:\/\/keybox.nl\/","name":"","description":"","potentialAction":[{"@type":"SearchAction","target":{"@type":"EntryPoint","urlTemplate":"https:\/\/keybox.nl\/?s={search_term_string}"},"query-input":{"@type":"PropertyValueSpecification","valueRequired":true,"valueName":"search_term_string"}}],"inLanguage":"sv-SE"}]}},"jetpack-related-posts":[{"id":1796,"url":"https:\/\/keybox.nl\/sv\/produkt\/keysafe-key-cabinet\/","url_meta":{"origin":1759,"position":0},"title":"Keysafe nyckelsk\u00e5p","author":"Elric Drost","date":"18 december 2024","format":false,"excerpt":"Touchpoint PRO fr\u00e5n Kidde 30\/60\/120 tangenter","rel":"","context":"Liknande inl\u00e4gg","block_context":{"text":"Liknande inl\u00e4gg","link":""},"img":{"alt_text":"","src":"https:\/\/i0.wp.com\/keybox.nl\/wp-content\/uploads\/2024\/12\/Keysafe-cabinet-30-Keybox-open-298x300.jpg?resize=350%2C200","width":350,"height":200},"classes":[]},{"id":1782,"url":"https:\/\/keybox.nl\/sv\/produkt\/keysafe-p500\/","url_meta":{"origin":1759,"position":1},"title":"Nyckelsafe P500","author":"Elric Drost","date":"13 december 2024","format":false,"excerpt":"Det s\u00e4kraste mininyckelsk\u00e5pet p\u00e5 marknaden.","rel":"","context":"Liknande inl\u00e4gg","block_context":{"text":"Liknande inl\u00e4gg","link":""},"img":{"alt_text":"","src":"https:\/\/i0.wp.com\/keybox.nl\/wp-content\/uploads\/2024\/12\/boite-a-cle-keysafe-pro-grand-format.jpg?resize=350%2C200&ssl=1","width":350,"height":200},"classes":[]},{"id":1346,"url":"https:\/\/keybox.nl\/sv\/produkt\/keysafe-big-pro-sleutelkluis\/","url_meta":{"origin":1759,"position":2},"title":"Keysafe Big Pro nyckels\u00e4kert","author":"Keybox@beheermodule","date":"10 februari 2023","format":false,"excerpt":"Keysafe Big Pro nyckelsk\u00e5p med kombinationsl\u00e5s och skyddsh\u00f6lje","rel":"","context":"Liknande inl\u00e4gg","block_context":{"text":"Liknande inl\u00e4gg","link":""},"img":{"alt_text":"Keysafe Big Pro","src":"https:\/\/i0.wp.com\/keybox.nl\/wp-content\/uploads\/2023\/02\/S7-Pro-Big-Box-Key-Safe.jpg?resize=350%2C200&ssl=1","width":350,"height":200,"srcset":"https:\/\/i0.wp.com\/keybox.nl\/wp-content\/uploads\/2023\/02\/S7-Pro-Big-Box-Key-Safe.jpg?resize=350%2C200&ssl=1 1x, https:\/\/i0.wp.com\/keybox.nl\/wp-content\/uploads\/2023\/02\/S7-Pro-Big-Box-Key-Safe.jpg?resize=525%2C300&ssl=1 1.5x, https:\/\/i0.wp.com\/keybox.nl\/wp-content\/uploads\/2023\/02\/S7-Pro-Big-Box-Key-Safe.jpg?resize=700%2C400&ssl=1 2x"},"classes":[]},{"id":1179,"url":"https:\/\/keybox.nl\/sv\/produkt\/keysafe-original\/","url_meta":{"origin":1759,"position":3},"title":"Nyckelsafe Original","author":"Keybox@beheermodule","date":"9 december 2022","format":false,"excerpt":"Keysafe Original f\u00f6r 5 nycklar Om du beh\u00f6ver flera nycklar f\u00f6r att komma in i ett rum kan du med den stora f\u00f6rvaringskapaciteten hos KeySafe\u2122 Original f\u00f6rvara dem alla p\u00e5 ett st\u00e4lle med en anv\u00e4ndarv\u00e4nlig \u00e5tkomstkod. KeySafe Original rymmer flera nycklar och \u00e4r tillr\u00e4ckligt stor f\u00f6r nyckelkort....","rel":"","context":"Liknande inl\u00e4gg","block_context":{"text":"Liknande inl\u00e4gg","link":""},"img":{"alt_text":"","src":"https:\/\/i0.wp.com\/keybox.nl\/wp-content\/uploads\/2022\/12\/Keysafe_Original_keybox_sleutelkluis.jpg?resize=350%2C200&ssl=1","width":350,"height":200,"srcset":"https:\/\/i0.wp.com\/keybox.nl\/wp-content\/uploads\/2022\/12\/Keysafe_Original_keybox_sleutelkluis.jpg?resize=350%2C200&ssl=1 1x, https:\/\/i0.wp.com\/keybox.nl\/wp-content\/uploads\/2022\/12\/Keysafe_Original_keybox_sleutelkluis.jpg?resize=525%2C300&ssl=1 1.5x, https:\/\/i0.wp.com\/keybox.nl\/wp-content\/uploads\/2022\/12\/Keysafe_Original_keybox_sleutelkluis.jpg?resize=700%2C400&ssl=1 2x"},"classes":[]},{"id":1812,"url":"https:\/\/keybox.nl\/sv\/produkt\/drs-vector-combi-keysafe\/","url_meta":{"origin":1759,"position":4},"title":"DRS Vector Combi Nyckelsafe","author":"Elric Drost","date":"21 januari 2025","format":false,"excerpt":"Perfekt f\u00f6r professionellt bruk.","rel":"","context":"Liknande inl\u00e4gg","block_context":{"text":"Liknande inl\u00e4gg","link":""},"img":{"alt_text":"","src":"https:\/\/i0.wp.com\/keybox.nl\/wp-content\/uploads\/2025\/01\/DRS-Vector-Combi-Keysafe-keybox.jpg?resize=350%2C200&ssl=1","width":350,"height":200,"srcset":"https:\/\/i0.wp.com\/keybox.nl\/wp-content\/uploads\/2025\/01\/DRS-Vector-Combi-Keysafe-keybox.jpg?resize=350%2C200&ssl=1 1x, https:\/\/i0.wp.com\/keybox.nl\/wp-content\/uploads\/2025\/01\/DRS-Vector-Combi-Keysafe-keybox.jpg?resize=525%2C300&ssl=1 1.5x, https:\/\/i0.wp.com\/keybox.nl\/wp-content\/uploads\/2025\/01\/DRS-Vector-Combi-Keysafe-keybox.jpg?resize=700%2C400&ssl=1 2x, https:\/\/i0.wp.com\/keybox.nl\/wp-content\/uploads\/2025\/01\/DRS-Vector-Combi-Keysafe-keybox.jpg?resize=1050%2C600&ssl=1 3x"},"classes":[]},{"id":1171,"url":"https:\/\/keybox.nl\/sv\/produkt\/keysafe-slimline\/","url_meta":{"origin":1759,"position":5},"title":"Nyckelsafe Slimline","author":"Keybox@beheermodule","date":"9 december 2022","format":false,"excerpt":"Alltid \u00e5tkomlig med Keysafe Slimline","rel":"","context":"Liknande inl\u00e4gg","block_context":{"text":"Liknande inl\u00e4gg","link":""},"img":{"alt_text":"Keysafe Slim line","src":"https:\/\/i0.wp.com\/keybox.nl\/wp-content\/uploads\/2022\/12\/Keysafe_Slim_line_Keybox.jpeg?resize=350%2C200&ssl=1","width":350,"height":200,"srcset":"https:\/\/i0.wp.com\/keybox.nl\/wp-content\/uploads\/2022\/12\/Keysafe_Slim_line_Keybox.jpeg?resize=350%2C200&ssl=1 1x, https:\/\/i0.wp.com\/keybox.nl\/wp-content\/uploads\/2022\/12\/Keysafe_Slim_line_Keybox.jpeg?resize=525%2C300&ssl=1 1.5x, https:\/\/i0.wp.com\/keybox.nl\/wp-content\/uploads\/2022\/12\/Keysafe_Slim_line_Keybox.jpeg?resize=700%2C400&ssl=1 2x"},"classes":[]}],"jetpack_sharing_enabled":true,"_links":{"self":[{"href":"https:\/\/keybox.nl\/sv\/wp-json\/wp\/v2\/product\/1759","targetHints":{"allow":["GET"]}}],"collection":[{"href":"https:\/\/keybox.nl\/sv\/wp-json\/wp\/v2\/product"}],"about":[{"href":"https:\/\/keybox.nl\/sv\/wp-json\/wp\/v2\/types\/product"}],"replies":[{"embeddable":true,"href":"https:\/\/keybox.nl\/sv\/wp-json\/wp\/v2\/comments?post=1759"}],"wp:featuredmedia":[{"embeddable":true,"href":"https:\/\/keybox.nl\/sv\/wp-json\/wp\/v2\/media\/1764"}],"wp:attachment":[{"href":"https:\/\/keybox.nl\/sv\/wp-json\/wp\/v2\/media?parent=1759"}],"wp:term":[{"taxonomy":"product_brand","embeddable":true,"href":"https:\/\/keybox.nl\/sv\/wp-json\/wp\/v2\/product_brand?post=1759"},{"taxonomy":"product_cat","embeddable":true,"href":"https:\/\/keybox.nl\/sv\/wp-json\/wp\/v2\/product_cat?post=1759"},{"taxonomy":"product_tag","embeddable":true,"href":"https:\/\/keybox.nl\/sv\/wp-json\/wp\/v2\/product_tag?post=1759"}],"curies":[{"name":"wp","href":"https:\/\/api.w.org\/{rel}","templated":true}]}}