{"id":1745,"date":"2024-11-29T14:13:46","date_gmt":"2024-11-29T14:13:46","guid":{"rendered":"https:\/\/keybox.nl\/?post_type=product&#038;p=1745"},"modified":"2024-11-29T14:13:46","modified_gmt":"2024-11-29T14:13:46","slug":"digisafe-19-sleutelplaatsen","status":"publish","type":"product","link":"https:\/\/keybox.nl\/sv\/produkt\/digisafe-19-sleutelplaatsen\/","title":{"rendered":"Digisafe, 19 viktiga platser"},"content":{"rendered":"<p>Den st\u00f6rsta digiboxen f\u00f6r 19 nycklar, taggar eller chipkort. Allt s\u00e4kert f\u00f6rvarat i 1 s\u00e4ker l\u00e5da! Finns i tv\u00e5 grundf\u00e4rger och som tillval i alla RAL-f\u00e4rger mot en extra kostnad.<\/p>\n<h4>Fysiska egenskaper<\/h4>\n<ul>\n<li>Kompakt v\u00e4ska speciellt utformad f\u00f6r s\u00e4ker f\u00f6rvaring och utl\u00e4mning av nycklar, chipkort och taggar. L\u00e4mplig f\u00f6r upp till 19 f\u00f6rem\u00e5l som v\u00e4ger upp till 160 g.<\/li>\n<li>Sk\u00e5pets m\u00e5tt \u00e4r 420 x 420 x 135 mm nedtill och 175 mm upptill.<\/li>\n<li>V\u00e4ggtjocklek 2,5 mm, galvaniserad och pulverlackerad f\u00f6r god rostbest\u00e4ndighet.<\/li>\n<li>G\u00e5ngj\u00e4rn i rostfritt st\u00e5l f\u00f6r l\u00e5ng h\u00e5llbarhet.<\/li>\n<li>Utrustad med ett extra stort mottagningsfack f\u00f6r nycklar och kort.<\/li>\n<li>Integrerat 55 x 25 mm inmatningsfack f\u00f6r enkel och s\u00e4ker inmatning av nycklar och kort.<\/li>\n<li>Tv\u00e5 standardiserade s\u00e4kerhetscylindrar med fyra medf\u00f6ljande nycklar.<\/li>\n<li>Vikt inklusive f\u00f6rpackning ca 18,5 kg.<\/li>\n<\/ul>\n<h4>Elektroniska och funktionella egenskaper<\/h4>\n<ul>\n<li>Elektrisk anslutning till 220V AC med en f\u00f6rbrukning p\u00e5 6W.<\/li>\n<li>Digisafes kan som tillval hanteras ONLINE via PC, laptop, surfplatta eller smartphone fr\u00e5n var som helst i v\u00e4rlden. Detta ger o\u00e4ndliga m\u00f6jligheter till anpassning och anv\u00e4ndningsscenarier, vilket s\u00e4kerst\u00e4ller att din nyckelhantering alltid \u00e4r optimalt anpassad till dina behov. F\u00f6r alternativ och priser, v\u00e4nligen kontakta <a href=\"https:\/\/keybox.nl\/sv\/contact\/\">kontakt<\/a> p\u00e5 med Keybox <a href=\"https:\/\/keybox.nl\/sv\/contact\/\">f\u00f6r en offert<\/a>!<\/li>\n<li>Belyst display med 4\u00d720 tecken, l\u00e4mplig f\u00f6r anv\u00e4ndning i svagt ljus.<\/li>\n<li>Tangentbordsstyrning med akustiskt justerbar \u00e5terkoppling.<\/li>\n<li>Justerbara v\u00e4lkomsttexter och st\u00f6d f\u00f6r flerspr\u00e5kig drift p\u00e5 tyska, franska, italienska eller engelska.<\/li>\n<li>Data f\u00f6rblir lagrade \u00e4ven i h\u00e4ndelse av str\u00f6mavbrott. Ett 12V-batteri finns som tillval, vilket ger upp till 24 timmars skydd mot str\u00f6mavbrott.<\/li>\n<\/ul>\n<h4>Operativa funktioner och s\u00e4kerhetsfunktioner<\/h4>\n<ul>\n<li>Integrerade st\u00f6ldskyddsfunktioner f\u00f6r maximal s\u00e4kerhet f\u00f6r dina nycklar.<\/li>\n<li>V\u00e4derbest\u00e4ndig konstruktion, utformad f\u00f6r att fungera i b\u00e5de extremt l\u00e5ga och h\u00f6ga temperaturer.<\/li>\n<li>Ett upplyst utmatningsfack f\u00f6r b\u00e4ttre synlighet och anv\u00e4ndarv\u00e4nlighet.<\/li>\n<li>\u00c5tkomstkoden kan programmeras fr\u00e5n fyra till tio tecken, med valfria blockeringstider f\u00f6r \u00f6kad s\u00e4kerhet.<\/li>\n<\/ul>\n<h4>F\u00e4rgalternativ och justeringar<\/h4>\n<ul>\n<li>Standardf\u00e4rger finns i RAL 1015 ljus elfenben och RAL 5010 gentianabl\u00e5tt.<\/li>\n<li>Andra RAL-f\u00e4rger och anpassningsm\u00f6jligheter mot extra kostnad.<\/li>\n<\/ul>\n<p>Kontakt <a href=\"https:\/\/keybox.nl\/sv\/contact\/\">Nyckelbox<\/a> f\u00f6r ytterligare information och en offert. Best\u00e4ll ditt s\u00e4kra nyckel- och korthanteringssystem idag fr\u00e5n Keybox.co.uk, din specialist p\u00e5 nyckelhanteringsl\u00f6sningar.<\/p>\n<p><img decoding=\"async\" class=\"alignnone wp-image-1726\" src=\"http:\/\/keybox.nl\/wp-content\/uploads\/2024\/11\/keybox-digibox_digiboxXLsleutelkast-300x111.jpg\" alt=\"\" width=\"578\" height=\"214\" srcset=\"https:\/\/keybox.nl\/wp-content\/uploads\/2024\/11\/keybox-digibox_digiboxXLsleutelkast-300x111.jpg 300w, https:\/\/keybox.nl\/wp-content\/uploads\/2024\/11\/keybox-digibox_digiboxXLsleutelkast-416x154.jpg 416w, https:\/\/keybox.nl\/wp-content\/uploads\/2024\/11\/keybox-digibox_digiboxXLsleutelkast-768x284.jpg 768w, https:\/\/keybox.nl\/wp-content\/uploads\/2024\/11\/keybox-digibox_digiboxXLsleutelkast-18x7.jpg 18w, https:\/\/keybox.nl\/wp-content\/uploads\/2024\/11\/keybox-digibox_digiboxXLsleutelkast.jpg 1024w\" sizes=\"(max-width: 578px) 100vw, 578px\" \/><\/p>","protected":false},"excerpt":{"rendered":"<p>Den st\u00f6rsta digiboxen f\u00f6r 19 nycklar, taggar eller chipkort.<\/p>","protected":false},"featured_media":1753,"comment_status":"open","ping_status":"closed","template":"","meta":[],"product_brand":[],"product_cat":[57],"product_tag":[76],"class_list":{"0":"post-1745","1":"product","2":"type-product","3":"status-publish","4":"has-post-thumbnail","6":"product_cat-digibox-sleuteluitgifte","7":"product_tag-digibox-groot","9":"first","10":"instock","11":"taxable","12":"shipping-taxable","13":"purchasable","14":"product-type-variable","15":"has-default-attributes"},"yoast_head":"<!-- This site is optimized with the Yoast SEO plugin v27.4 - https:\/\/yoast.com\/product\/yoast-seo-wordpress\/ -->\n<title>Digisafe, 19 sleutelplaatsen -<\/title>\n<meta name=\"robots\" content=\"index, follow, max-snippet:-1, max-image-preview:large, max-video-preview:-1\" \/>\n<link rel=\"canonical\" href=\"https:\/\/keybox.nl\/sv\/produkt\/digisafe-19-sleutelplaatsen\/\" \/>\n<meta property=\"og:locale\" content=\"sv_SE\" \/>\n<meta property=\"og:type\" content=\"article\" \/>\n<meta property=\"og:title\" content=\"Digisafe, 19 sleutelplaatsen -\" \/>\n<meta property=\"og:description\" content=\"De grootste digibox voor 19 sleutels, tags\u00a0 of chipkaarten.\" \/>\n<meta property=\"og:url\" content=\"https:\/\/keybox.nl\/sv\/produkt\/digisafe-19-sleutelplaatsen\/\" \/>\n<meta property=\"og:image\" content=\"http:\/\/keybox.nl\/wp-content\/uploads\/2024\/11\/digisafe-RAL-1015-keybox.jpg\" \/>\n\t<meta property=\"og:image:width\" content=\"800\" \/>\n\t<meta property=\"og:image:height\" content=\"882\" \/>\n\t<meta property=\"og:image:type\" content=\"image\/jpeg\" \/>\n<meta name=\"twitter:card\" content=\"summary_large_image\" \/>\n<meta name=\"twitter:label1\" content=\"Ber\u00e4knad l\u00e4stid\" \/>\n\t<meta name=\"twitter:data1\" content=\"3 minuter\" \/>\n<script type=\"application\/ld+json\" class=\"yoast-schema-graph\">{\"@context\":\"https:\\\/\\\/schema.org\",\"@graph\":[{\"@type\":\"WebPage\",\"@id\":\"https:\\\/\\\/keybox.nl\\\/product\\\/digisafe-19-sleutelplaatsen\\\/\",\"url\":\"https:\\\/\\\/keybox.nl\\\/product\\\/digisafe-19-sleutelplaatsen\\\/\",\"name\":\"Digisafe, 19 sleutelplaatsen -\",\"isPartOf\":{\"@id\":\"https:\\\/\\\/keybox.nl\\\/#website\"},\"primaryImageOfPage\":{\"@id\":\"https:\\\/\\\/keybox.nl\\\/product\\\/digisafe-19-sleutelplaatsen\\\/#primaryimage\"},\"image\":{\"@id\":\"https:\\\/\\\/keybox.nl\\\/product\\\/digisafe-19-sleutelplaatsen\\\/#primaryimage\"},\"thumbnailUrl\":\"https:\\\/\\\/keybox.nl\\\/wp-content\\\/uploads\\\/2024\\\/11\\\/digisafe-RAL-1015-keybox.jpg\",\"datePublished\":\"2024-11-29T14:13:46+00:00\",\"breadcrumb\":{\"@id\":\"https:\\\/\\\/keybox.nl\\\/product\\\/digisafe-19-sleutelplaatsen\\\/#breadcrumb\"},\"inLanguage\":\"sv-SE\",\"potentialAction\":[{\"@type\":\"ReadAction\",\"target\":[\"https:\\\/\\\/keybox.nl\\\/product\\\/digisafe-19-sleutelplaatsen\\\/\"]}]},{\"@type\":\"ImageObject\",\"inLanguage\":\"sv-SE\",\"@id\":\"https:\\\/\\\/keybox.nl\\\/product\\\/digisafe-19-sleutelplaatsen\\\/#primaryimage\",\"url\":\"https:\\\/\\\/keybox.nl\\\/wp-content\\\/uploads\\\/2024\\\/11\\\/digisafe-RAL-1015-keybox.jpg\",\"contentUrl\":\"https:\\\/\\\/keybox.nl\\\/wp-content\\\/uploads\\\/2024\\\/11\\\/digisafe-RAL-1015-keybox.jpg\",\"width\":800,\"height\":882},{\"@type\":\"BreadcrumbList\",\"@id\":\"https:\\\/\\\/keybox.nl\\\/product\\\/digisafe-19-sleutelplaatsen\\\/#breadcrumb\",\"itemListElement\":[{\"@type\":\"ListItem\",\"position\":1,\"name\":\"Home\",\"item\":\"https:\\\/\\\/keybox.nl\\\/\"},{\"@type\":\"ListItem\",\"position\":2,\"name\":\"Beveiligde sleutelkastjes kopen\",\"item\":\"https:\\\/\\\/keybox.nl\\\/\"},{\"@type\":\"ListItem\",\"position\":3,\"name\":\"Digisafe, 19 sleutelplaatsen\"}]},{\"@type\":\"WebSite\",\"@id\":\"https:\\\/\\\/keybox.nl\\\/#website\",\"url\":\"https:\\\/\\\/keybox.nl\\\/\",\"name\":\"\",\"description\":\"\",\"potentialAction\":[{\"@type\":\"SearchAction\",\"target\":{\"@type\":\"EntryPoint\",\"urlTemplate\":\"https:\\\/\\\/keybox.nl\\\/?s={search_term_string}\"},\"query-input\":{\"@type\":\"PropertyValueSpecification\",\"valueRequired\":true,\"valueName\":\"search_term_string\"}}],\"inLanguage\":\"sv-SE\"}]}<\/script>\n<!-- \/ Yoast SEO plugin. -->","yoast_head_json":{"title":"Digisafe, 19 nyckelplatser -","robots":{"index":"index","follow":"follow","max-snippet":"max-snippet:-1","max-image-preview":"max-image-preview:large","max-video-preview":"max-video-preview:-1"},"canonical":"https:\/\/keybox.nl\/sv\/produkt\/digisafe-19-sleutelplaatsen\/","og_locale":"sv_SE","og_type":"article","og_title":"Digisafe, 19 sleutelplaatsen -","og_description":"De grootste digibox voor 19 sleutels, tags\u00a0 of chipkaarten.","og_url":"https:\/\/keybox.nl\/sv\/produkt\/digisafe-19-sleutelplaatsen\/","og_image":[{"width":800,"height":882,"url":"http:\/\/keybox.nl\/wp-content\/uploads\/2024\/11\/digisafe-RAL-1015-keybox.jpg","type":"image\/jpeg"}],"twitter_card":"summary_large_image","twitter_misc":{"Ber\u00e4knad l\u00e4stid":"3 minuter"},"schema":{"@context":"https:\/\/schema.org","@graph":[{"@type":"WebPage","@id":"https:\/\/keybox.nl\/product\/digisafe-19-sleutelplaatsen\/","url":"https:\/\/keybox.nl\/product\/digisafe-19-sleutelplaatsen\/","name":"Digisafe, 19 nyckelplatser -","isPartOf":{"@id":"https:\/\/keybox.nl\/#website"},"primaryImageOfPage":{"@id":"https:\/\/keybox.nl\/product\/digisafe-19-sleutelplaatsen\/#primaryimage"},"image":{"@id":"https:\/\/keybox.nl\/product\/digisafe-19-sleutelplaatsen\/#primaryimage"},"thumbnailUrl":"https:\/\/keybox.nl\/wp-content\/uploads\/2024\/11\/digisafe-RAL-1015-keybox.jpg","datePublished":"2024-11-29T14:13:46+00:00","breadcrumb":{"@id":"https:\/\/keybox.nl\/product\/digisafe-19-sleutelplaatsen\/#breadcrumb"},"inLanguage":"sv-SE","potentialAction":[{"@type":"ReadAction","target":["https:\/\/keybox.nl\/product\/digisafe-19-sleutelplaatsen\/"]}]},{"@type":"ImageObject","inLanguage":"sv-SE","@id":"https:\/\/keybox.nl\/product\/digisafe-19-sleutelplaatsen\/#primaryimage","url":"https:\/\/keybox.nl\/wp-content\/uploads\/2024\/11\/digisafe-RAL-1015-keybox.jpg","contentUrl":"https:\/\/keybox.nl\/wp-content\/uploads\/2024\/11\/digisafe-RAL-1015-keybox.jpg","width":800,"height":882},{"@type":"BreadcrumbList","@id":"https:\/\/keybox.nl\/product\/digisafe-19-sleutelplaatsen\/#breadcrumb","itemListElement":[{"@type":"ListItem","position":1,"name":"Home","item":"https:\/\/keybox.nl\/"},{"@type":"ListItem","position":2,"name":"Beveiligde sleutelkastjes kopen","item":"https:\/\/keybox.nl\/"},{"@type":"ListItem","position":3,"name":"Digisafe, 19 sleutelplaatsen"}]},{"@type":"WebSite","@id":"https:\/\/keybox.nl\/#website","url":"https:\/\/keybox.nl\/","name":"","description":"","potentialAction":[{"@type":"SearchAction","target":{"@type":"EntryPoint","urlTemplate":"https:\/\/keybox.nl\/?s={search_term_string}"},"query-input":{"@type":"PropertyValueSpecification","valueRequired":true,"valueName":"search_term_string"}}],"inLanguage":"sv-SE"}]}},"jetpack-related-posts":[{"id":1754,"url":"https:\/\/keybox.nl\/sv\/produkt\/in-box-digibox\/","url_meta":{"origin":1745,"position":0},"title":"In-box Digibox","author":"Elric Drost","date":"29 november 2024","format":false,"excerpt":"Rymlig och s\u00e4ker l\u00e5da f\u00f6r nycklar eller kuvert.","rel":"","context":"Liknande inl\u00e4gg","block_context":{"text":"Liknande inl\u00e4gg","link":""},"img":{"alt_text":"","src":"https:\/\/i0.wp.com\/keybox.nl\/wp-content\/uploads\/2024\/11\/in-box-digibox-keybox2021blauw.jpg?resize=350%2C200&ssl=1","width":350,"height":200,"srcset":"https:\/\/i0.wp.com\/keybox.nl\/wp-content\/uploads\/2024\/11\/in-box-digibox-keybox2021blauw.jpg?resize=350%2C200&ssl=1 1x, https:\/\/i0.wp.com\/keybox.nl\/wp-content\/uploads\/2024\/11\/in-box-digibox-keybox2021blauw.jpg?resize=525%2C300&ssl=1 1.5x, https:\/\/i0.wp.com\/keybox.nl\/wp-content\/uploads\/2024\/11\/in-box-digibox-keybox2021blauw.jpg?resize=700%2C400&ssl=1 2x"},"classes":[]},{"id":1690,"url":"https:\/\/keybox.nl\/sv\/produkt\/digibox-xl-7-sleutelhaken\/","url_meta":{"origin":1745,"position":1},"title":"Digibox XL 7 nyckelkrokar","author":"Keybox@beheermodule","date":"2 november 2024","format":false,"excerpt":"Extra rymlig Digibox XL","rel":"","context":"Liknande inl\u00e4gg","block_context":{"text":"Liknande inl\u00e4gg","link":""},"img":{"alt_text":"main","src":"https:\/\/i0.wp.com\/keybox.nl\/wp-content\/uploads\/2024\/03\/keybox-sho61f00882f1913_digiboxXLRAL5010.jpg?resize=350%2C200&ssl=1","width":350,"height":200,"srcset":"https:\/\/i0.wp.com\/keybox.nl\/wp-content\/uploads\/2024\/03\/keybox-sho61f00882f1913_digiboxXLRAL5010.jpg?resize=350%2C200&ssl=1 1x, https:\/\/i0.wp.com\/keybox.nl\/wp-content\/uploads\/2024\/03\/keybox-sho61f00882f1913_digiboxXLRAL5010.jpg?resize=525%2C300&ssl=1 1.5x, https:\/\/i0.wp.com\/keybox.nl\/wp-content\/uploads\/2024\/03\/keybox-sho61f00882f1913_digiboxXLRAL5010.jpg?resize=700%2C400&ssl=1 2x"},"classes":[]},{"id":297,"url":"https:\/\/keybox.nl\/sv\/produkt\/digibox-7-sleutelhaken\/","url_meta":{"origin":1745,"position":2},"title":"Digibox 7 nyckelkrokar","author":"Keybox@beheermodule","date":"18 februari 2022","format":false,"excerpt":"S\u00e4ker hantering av dina nycklar med 7 nyckelpositioner.","rel":"","context":"Liknande inl\u00e4gg","block_context":{"text":"Liknande inl\u00e4gg","link":""},"img":{"alt_text":"","src":"https:\/\/i0.wp.com\/keybox.nl\/wp-content\/uploads\/2022\/02\/Digibox-7-haken-Keybox-e1645195424393.jpg?resize=350%2C200&ssl=1","width":350,"height":200},"classes":[]},{"id":1812,"url":"https:\/\/keybox.nl\/sv\/produkt\/drs-vector-combi-keysafe\/","url_meta":{"origin":1745,"position":3},"title":"DRS Vector Combi Nyckelsafe","author":"Elric Drost","date":"21 januari 2025","format":false,"excerpt":"Perfekt f\u00f6r professionellt bruk.","rel":"","context":"Liknande inl\u00e4gg","block_context":{"text":"Liknande inl\u00e4gg","link":""},"img":{"alt_text":"","src":"https:\/\/i0.wp.com\/keybox.nl\/wp-content\/uploads\/2025\/01\/DRS-Vector-Combi-Keysafe-keybox.jpg?resize=350%2C200&ssl=1","width":350,"height":200,"srcset":"https:\/\/i0.wp.com\/keybox.nl\/wp-content\/uploads\/2025\/01\/DRS-Vector-Combi-Keysafe-keybox.jpg?resize=350%2C200&ssl=1 1x, https:\/\/i0.wp.com\/keybox.nl\/wp-content\/uploads\/2025\/01\/DRS-Vector-Combi-Keysafe-keybox.jpg?resize=525%2C300&ssl=1 1.5x, https:\/\/i0.wp.com\/keybox.nl\/wp-content\/uploads\/2025\/01\/DRS-Vector-Combi-Keysafe-keybox.jpg?resize=700%2C400&ssl=1 2x, https:\/\/i0.wp.com\/keybox.nl\/wp-content\/uploads\/2025\/01\/DRS-Vector-Combi-Keysafe-keybox.jpg?resize=1050%2C600&ssl=1 3x"},"classes":[]},{"id":1782,"url":"https:\/\/keybox.nl\/sv\/produkt\/keysafe-p500\/","url_meta":{"origin":1745,"position":4},"title":"Nyckelsafe P500","author":"Elric Drost","date":"13 december 2024","format":false,"excerpt":"Det s\u00e4kraste mininyckelsk\u00e5pet p\u00e5 marknaden.","rel":"","context":"Liknande inl\u00e4gg","block_context":{"text":"Liknande inl\u00e4gg","link":""},"img":{"alt_text":"","src":"https:\/\/i0.wp.com\/keybox.nl\/wp-content\/uploads\/2024\/12\/boite-a-cle-keysafe-pro-grand-format.jpg?resize=350%2C200&ssl=1","width":350,"height":200},"classes":[]},{"id":36,"url":"https:\/\/keybox.nl\/sv\/produkt\/ksb101-ksb102-sleutelkluis\/","url_meta":{"origin":1745,"position":5},"title":"Nyckels\u00e4kerhetsbox KSB101, KSB102 nyckelsk\u00e5p","author":"Keybox@beheermodule","date":"30 november 2021","format":false,"excerpt":"Nyckels\u00e4kerhetsbox KSB101 &amp; KSB102 Ett kassask\u00e5p i tv\u00e5 versioner: deponeringshjul v\u00e4nster eller h\u00f6ger","rel":"","context":"Med 1 kommentar","block_context":{"text":"Med 1 kommentar","link":"https:\/\/keybox.nl\/sv\/produkt\/ksb101-ksb102-sleutelkluis\/#comments"},"img":{"alt_text":"","src":"https:\/\/i0.wp.com\/keybox.nl\/wp-content\/uploads\/2021\/11\/KSB_101_3-scaled-e1638352491754.jpg?resize=350%2C200&ssl=1","width":350,"height":200},"classes":[]}],"jetpack_sharing_enabled":true,"_links":{"self":[{"href":"https:\/\/keybox.nl\/sv\/wp-json\/wp\/v2\/product\/1745","targetHints":{"allow":["GET"]}}],"collection":[{"href":"https:\/\/keybox.nl\/sv\/wp-json\/wp\/v2\/product"}],"about":[{"href":"https:\/\/keybox.nl\/sv\/wp-json\/wp\/v2\/types\/product"}],"replies":[{"embeddable":true,"href":"https:\/\/keybox.nl\/sv\/wp-json\/wp\/v2\/comments?post=1745"}],"wp:featuredmedia":[{"embeddable":true,"href":"https:\/\/keybox.nl\/sv\/wp-json\/wp\/v2\/media\/1753"}],"wp:attachment":[{"href":"https:\/\/keybox.nl\/sv\/wp-json\/wp\/v2\/media?parent=1745"}],"wp:term":[{"taxonomy":"product_brand","embeddable":true,"href":"https:\/\/keybox.nl\/sv\/wp-json\/wp\/v2\/product_brand?post=1745"},{"taxonomy":"product_cat","embeddable":true,"href":"https:\/\/keybox.nl\/sv\/wp-json\/wp\/v2\/product_cat?post=1745"},{"taxonomy":"product_tag","embeddable":true,"href":"https:\/\/keybox.nl\/sv\/wp-json\/wp\/v2\/product_tag?post=1745"}],"curies":[{"name":"wp","href":"https:\/\/api.w.org\/{rel}","templated":true}]}}