{"id":1728,"date":"2024-11-23T13:17:31","date_gmt":"2024-11-23T13:17:31","guid":{"rendered":"https:\/\/keybox.nl\/?post_type=product&#038;p=1728"},"modified":"2024-11-23T13:17:31","modified_gmt":"2024-11-23T13:17:31","slug":"digibox-gt","status":"publish","type":"product","link":"https:\/\/keybox.nl\/sv\/produkt\/digibox-gt\/","title":{"rendered":"Digibox GT"},"content":{"rendered":"<h4>Digibox GT 8 nycklar\/nyckelkortskapacitet<\/h4>\n<p>Robust nyckelsk\u00e5p med h\u00f6lje med 8 fack, frontinmatning som i ett Digisafe.<\/p>\n<h4>Fysiska egenskaper<\/h4>\n<ul>\n<li>Kapacitet f\u00f6r s\u00e4ker \u00f6verf\u00f6ring av 8 nycklar, chipkort, magnetkort eller olika varor med en maximal storlek p\u00e5 130x30x100 mm och en vikt p\u00e5 upp till 160 g.<\/li>\n<li>H\u00f6ljets m\u00e5tt \u00e4r 460 x 460 x 200 mm nedtill och 250 mm upptill.<\/li>\n<li>V\u00e4ggtjocklek p\u00e5 2,5 mm f\u00f6r extra styrka.<\/li>\n<li>H\u00f6ljet \u00e4r galvaniserat och pulverlackerat f\u00f6r l\u00e5ngvarigt skydd mot rost.<\/li>\n<li>G\u00e5ngj\u00e4rn i rostfritt st\u00e5l f\u00f6r l\u00e5ng livsl\u00e4ngd.<\/li>\n<li>Vikt inklusive f\u00f6rpackning 26 kg.<\/li>\n<li>Utrustad med tv\u00e5 standardiserade s\u00e4kerhetscylindrar med fyra medf\u00f6ljande nycklar.<\/li>\n<li>Integrerat 110 x 40 mm inmatningsfack f\u00f6r enkel inmatning av nycklar eller gods.<\/li>\n<\/ul>\n<h4>Elektroniska och funktionella egenskaper<\/h4>\n<ul>\n<li>Drivs med 18 V DC med en f\u00f6rbrukning p\u00e5 3 W, inklusive n\u00e4tadapter.<\/li>\n<li>Belyst display med 2\u00d716 tecken f\u00f6r tydlig avl\u00e4sning i olika ljusf\u00f6rh\u00e5llanden.<\/li>\n<li>Tangentbordsstyrning med justerbar akustisk \u00e5terkoppling.<\/li>\n<li>Programmerbar \u00e5tkomstkod p\u00e5 fyra till tio tecken, med valfria blockeringstider f\u00f6r \u00f6kad s\u00e4kerhet.<\/li>\n<li>Flerspr\u00e5kigt st\u00f6d p\u00e5 tyska, franska, italienska eller engelska.<\/li>\n<li>Minnet s\u00e4kerst\u00e4ller att data lagras \u00e4ven vid str\u00f6mavbrott.<\/li>\n<\/ul>\n<h4>Operativa funktioner och s\u00e4kerhetsfunktioner<\/h4>\n<ul>\n<li>Integrerade st\u00f6ldskyddsfunktioner.<\/li>\n<li>Utformad f\u00f6r h\u00e5llbarhet i extrema temperaturer, vattent\u00e4t och v\u00e4derbest\u00e4ndig.<\/li>\n<li>Digibox 7 XL nyckelsk\u00e5p kan som tillval hanteras ONLINE via PC, laptop, surfplatta eller smartphone fr\u00e5n var som helst i v\u00e4rlden. Detta ger o\u00e4ndliga m\u00f6jligheter till anpassning och anv\u00e4ndningsscenarier, s\u00e5 att din nyckelhantering alltid \u00e4r optimalt anpassad till dina behov. F\u00f6r alternativ och priser, v\u00e4nligen kontakta <a href=\"https:\/\/keybox.nl\/sv\/contact\/\">kontakt<\/a> p\u00e5 med Keybox <a href=\"https:\/\/keybox.nl\/sv\/contact\/\">f\u00f6r en offert<\/a>!<\/li>\n<\/ul>\n<h4>F\u00e4rgalternativ och justeringar<\/h4>\n<ul>\n<li>2 Standardf\u00e4rgerna \u00e4r RAL 1015 ljus elfenben och RAL 5010 gentianabl\u00e5tt.<\/li>\n<li>Andra RAL-f\u00e4rger kan f\u00e5s mot en extra kostnad.<\/li>\n<\/ul>\n<p>&nbsp;<\/p>\n<p>Kontakta Keybox f\u00f6r mer information <a href=\"https:\/\/keybox.nl\/sv\/contact\/\">information och offert<\/a>. Best\u00e4ll helt enkelt Digibox nyckelsk\u00e5p fr\u00e5n <a href=\"https:\/\/keybox.nl\/sv\/\">Keybox.se<\/a>, den p\u00e5litliga specialisten inom s\u00e4ker nyckelhantering.<\/p>","protected":false},"excerpt":{"rendered":"<p>Digibox GT 8 nycklar\/nyckelkortskapacitet<\/p>","protected":false},"featured_media":1730,"comment_status":"open","ping_status":"closed","template":"","meta":[],"product_brand":[],"product_cat":[57],"product_tag":[76,78],"class_list":{"0":"post-1728","1":"product","2":"type-product","3":"status-publish","4":"has-post-thumbnail","6":"product_cat-digibox-sleuteluitgifte","7":"product_tag-digibox-groot","8":"product_tag-digitaal-sleutelbeheersysteem","10":"first","11":"instock","12":"taxable","13":"shipping-taxable","14":"purchasable","15":"product-type-variable","16":"has-default-attributes"},"yoast_head":"<!-- This site is optimized with the Yoast SEO plugin v27.4 - https:\/\/yoast.com\/product\/yoast-seo-wordpress\/ -->\n<title>Digibox GT -<\/title>\n<meta name=\"robots\" content=\"index, follow, max-snippet:-1, max-image-preview:large, max-video-preview:-1\" \/>\n<link rel=\"canonical\" href=\"https:\/\/keybox.nl\/sv\/produkt\/digibox-gt\/\" \/>\n<meta property=\"og:locale\" content=\"sv_SE\" \/>\n<meta property=\"og:type\" content=\"article\" \/>\n<meta property=\"og:title\" content=\"Digibox GT -\" \/>\n<meta property=\"og:description\" content=\"Digibox GT 8 sleutel\/keycard capaciteit\" \/>\n<meta property=\"og:url\" content=\"https:\/\/keybox.nl\/sv\/produkt\/digibox-gt\/\" \/>\n<meta property=\"og:image\" content=\"http:\/\/keybox.nl\/wp-content\/uploads\/2024\/11\/keybox-digiboxGT32-300.jpg\" \/>\n\t<meta property=\"og:image:width\" content=\"800\" \/>\n\t<meta property=\"og:image:height\" content=\"890\" \/>\n\t<meta property=\"og:image:type\" content=\"image\/jpeg\" \/>\n<meta name=\"twitter:card\" content=\"summary_large_image\" \/>\n<meta name=\"twitter:label1\" content=\"Ber\u00e4knad l\u00e4stid\" \/>\n\t<meta name=\"twitter:data1\" content=\"2 minuter\" \/>\n<script type=\"application\/ld+json\" class=\"yoast-schema-graph\">{\"@context\":\"https:\\\/\\\/schema.org\",\"@graph\":[{\"@type\":\"WebPage\",\"@id\":\"https:\\\/\\\/keybox.nl\\\/product\\\/digibox-gt\\\/\",\"url\":\"https:\\\/\\\/keybox.nl\\\/product\\\/digibox-gt\\\/\",\"name\":\"Digibox GT -\",\"isPartOf\":{\"@id\":\"https:\\\/\\\/keybox.nl\\\/#website\"},\"primaryImageOfPage\":{\"@id\":\"https:\\\/\\\/keybox.nl\\\/product\\\/digibox-gt\\\/#primaryimage\"},\"image\":{\"@id\":\"https:\\\/\\\/keybox.nl\\\/product\\\/digibox-gt\\\/#primaryimage\"},\"thumbnailUrl\":\"https:\\\/\\\/keybox.nl\\\/wp-content\\\/uploads\\\/2024\\\/11\\\/keybox-digiboxGT32-300.jpg\",\"datePublished\":\"2024-11-23T13:17:31+00:00\",\"breadcrumb\":{\"@id\":\"https:\\\/\\\/keybox.nl\\\/product\\\/digibox-gt\\\/#breadcrumb\"},\"inLanguage\":\"sv-SE\",\"potentialAction\":[{\"@type\":\"ReadAction\",\"target\":[\"https:\\\/\\\/keybox.nl\\\/product\\\/digibox-gt\\\/\"]}]},{\"@type\":\"ImageObject\",\"inLanguage\":\"sv-SE\",\"@id\":\"https:\\\/\\\/keybox.nl\\\/product\\\/digibox-gt\\\/#primaryimage\",\"url\":\"https:\\\/\\\/keybox.nl\\\/wp-content\\\/uploads\\\/2024\\\/11\\\/keybox-digiboxGT32-300.jpg\",\"contentUrl\":\"https:\\\/\\\/keybox.nl\\\/wp-content\\\/uploads\\\/2024\\\/11\\\/keybox-digiboxGT32-300.jpg\",\"width\":800,\"height\":890,\"caption\":\"main\"},{\"@type\":\"BreadcrumbList\",\"@id\":\"https:\\\/\\\/keybox.nl\\\/product\\\/digibox-gt\\\/#breadcrumb\",\"itemListElement\":[{\"@type\":\"ListItem\",\"position\":1,\"name\":\"Home\",\"item\":\"https:\\\/\\\/keybox.nl\\\/\"},{\"@type\":\"ListItem\",\"position\":2,\"name\":\"Beveiligde sleutelkastjes kopen\",\"item\":\"https:\\\/\\\/keybox.nl\\\/\"},{\"@type\":\"ListItem\",\"position\":3,\"name\":\"Digibox GT\"}]},{\"@type\":\"WebSite\",\"@id\":\"https:\\\/\\\/keybox.nl\\\/#website\",\"url\":\"https:\\\/\\\/keybox.nl\\\/\",\"name\":\"\",\"description\":\"\",\"potentialAction\":[{\"@type\":\"SearchAction\",\"target\":{\"@type\":\"EntryPoint\",\"urlTemplate\":\"https:\\\/\\\/keybox.nl\\\/?s={search_term_string}\"},\"query-input\":{\"@type\":\"PropertyValueSpecification\",\"valueRequired\":true,\"valueName\":\"search_term_string\"}}],\"inLanguage\":\"sv-SE\"}]}<\/script>\n<!-- \/ Yoast SEO plugin. -->","yoast_head_json":{"title":"Digibox GT -","robots":{"index":"index","follow":"follow","max-snippet":"max-snippet:-1","max-image-preview":"max-image-preview:large","max-video-preview":"max-video-preview:-1"},"canonical":"https:\/\/keybox.nl\/sv\/produkt\/digibox-gt\/","og_locale":"sv_SE","og_type":"article","og_title":"Digibox GT -","og_description":"Digibox GT 8 sleutel\/keycard capaciteit","og_url":"https:\/\/keybox.nl\/sv\/produkt\/digibox-gt\/","og_image":[{"width":800,"height":890,"url":"http:\/\/keybox.nl\/wp-content\/uploads\/2024\/11\/keybox-digiboxGT32-300.jpg","type":"image\/jpeg"}],"twitter_card":"summary_large_image","twitter_misc":{"Ber\u00e4knad l\u00e4stid":"2 minuter"},"schema":{"@context":"https:\/\/schema.org","@graph":[{"@type":"WebPage","@id":"https:\/\/keybox.nl\/product\/digibox-gt\/","url":"https:\/\/keybox.nl\/product\/digibox-gt\/","name":"Digibox GT -","isPartOf":{"@id":"https:\/\/keybox.nl\/#website"},"primaryImageOfPage":{"@id":"https:\/\/keybox.nl\/product\/digibox-gt\/#primaryimage"},"image":{"@id":"https:\/\/keybox.nl\/product\/digibox-gt\/#primaryimage"},"thumbnailUrl":"https:\/\/keybox.nl\/wp-content\/uploads\/2024\/11\/keybox-digiboxGT32-300.jpg","datePublished":"2024-11-23T13:17:31+00:00","breadcrumb":{"@id":"https:\/\/keybox.nl\/product\/digibox-gt\/#breadcrumb"},"inLanguage":"sv-SE","potentialAction":[{"@type":"ReadAction","target":["https:\/\/keybox.nl\/product\/digibox-gt\/"]}]},{"@type":"ImageObject","inLanguage":"sv-SE","@id":"https:\/\/keybox.nl\/product\/digibox-gt\/#primaryimage","url":"https:\/\/keybox.nl\/wp-content\/uploads\/2024\/11\/keybox-digiboxGT32-300.jpg","contentUrl":"https:\/\/keybox.nl\/wp-content\/uploads\/2024\/11\/keybox-digiboxGT32-300.jpg","width":800,"height":890,"caption":"main"},{"@type":"BreadcrumbList","@id":"https:\/\/keybox.nl\/product\/digibox-gt\/#breadcrumb","itemListElement":[{"@type":"ListItem","position":1,"name":"Home","item":"https:\/\/keybox.nl\/"},{"@type":"ListItem","position":2,"name":"Beveiligde sleutelkastjes kopen","item":"https:\/\/keybox.nl\/"},{"@type":"ListItem","position":3,"name":"Digibox GT"}]},{"@type":"WebSite","@id":"https:\/\/keybox.nl\/#website","url":"https:\/\/keybox.nl\/","name":"","description":"","potentialAction":[{"@type":"SearchAction","target":{"@type":"EntryPoint","urlTemplate":"https:\/\/keybox.nl\/?s={search_term_string}"},"query-input":{"@type":"PropertyValueSpecification","valueRequired":true,"valueName":"search_term_string"}}],"inLanguage":"sv-SE"}]}},"jetpack-related-posts":[{"id":1754,"url":"https:\/\/keybox.nl\/sv\/produkt\/in-box-digibox\/","url_meta":{"origin":1728,"position":0},"title":"In-box Digibox","author":"Elric Drost","date":"29 november 2024","format":false,"excerpt":"Rymlig och s\u00e4ker l\u00e5da f\u00f6r nycklar eller kuvert.","rel":"","context":"Liknande inl\u00e4gg","block_context":{"text":"Liknande inl\u00e4gg","link":""},"img":{"alt_text":"","src":"https:\/\/i0.wp.com\/keybox.nl\/wp-content\/uploads\/2024\/11\/in-box-digibox-keybox2021blauw.jpg?resize=350%2C200&ssl=1","width":350,"height":200,"srcset":"https:\/\/i0.wp.com\/keybox.nl\/wp-content\/uploads\/2024\/11\/in-box-digibox-keybox2021blauw.jpg?resize=350%2C200&ssl=1 1x, https:\/\/i0.wp.com\/keybox.nl\/wp-content\/uploads\/2024\/11\/in-box-digibox-keybox2021blauw.jpg?resize=525%2C300&ssl=1 1.5x, https:\/\/i0.wp.com\/keybox.nl\/wp-content\/uploads\/2024\/11\/in-box-digibox-keybox2021blauw.jpg?resize=700%2C400&ssl=1 2x"},"classes":[]},{"id":1745,"url":"https:\/\/keybox.nl\/sv\/produkt\/digisafe-19-sleutelplaatsen\/","url_meta":{"origin":1728,"position":1},"title":"Digisafe, 19 viktiga platser","author":"Elric Drost","date":"29 november 2024","format":false,"excerpt":"Den st\u00f6rsta digiboxen f\u00f6r 19 nycklar, taggar eller chipkort.","rel":"","context":"Liknande inl\u00e4gg","block_context":{"text":"Liknande inl\u00e4gg","link":""},"img":{"alt_text":"","src":"https:\/\/i0.wp.com\/keybox.nl\/wp-content\/uploads\/2024\/11\/digisafe-RAL-1015-keybox.jpg?resize=350%2C200&ssl=1","width":350,"height":200,"srcset":"https:\/\/i0.wp.com\/keybox.nl\/wp-content\/uploads\/2024\/11\/digisafe-RAL-1015-keybox.jpg?resize=350%2C200&ssl=1 1x, https:\/\/i0.wp.com\/keybox.nl\/wp-content\/uploads\/2024\/11\/digisafe-RAL-1015-keybox.jpg?resize=525%2C300&ssl=1 1.5x, https:\/\/i0.wp.com\/keybox.nl\/wp-content\/uploads\/2024\/11\/digisafe-RAL-1015-keybox.jpg?resize=700%2C400&ssl=1 2x"},"classes":[]},{"id":297,"url":"https:\/\/keybox.nl\/sv\/produkt\/digibox-7-sleutelhaken\/","url_meta":{"origin":1728,"position":2},"title":"Digibox 7 nyckelkrokar","author":"Keybox@beheermodule","date":"18 februari 2022","format":false,"excerpt":"S\u00e4ker hantering av dina nycklar med 7 nyckelpositioner.","rel":"","context":"Liknande inl\u00e4gg","block_context":{"text":"Liknande inl\u00e4gg","link":""},"img":{"alt_text":"","src":"https:\/\/i0.wp.com\/keybox.nl\/wp-content\/uploads\/2022\/02\/Digibox-7-haken-Keybox-e1645195424393.jpg?resize=350%2C200&ssl=1","width":350,"height":200},"classes":[]},{"id":1690,"url":"https:\/\/keybox.nl\/sv\/produkt\/digibox-xl-7-sleutelhaken\/","url_meta":{"origin":1728,"position":3},"title":"Digibox XL 7 nyckelkrokar","author":"Keybox@beheermodule","date":"2 november 2024","format":false,"excerpt":"Extra rymlig Digibox XL","rel":"","context":"Liknande inl\u00e4gg","block_context":{"text":"Liknande inl\u00e4gg","link":""},"img":{"alt_text":"main","src":"https:\/\/i0.wp.com\/keybox.nl\/wp-content\/uploads\/2024\/03\/keybox-sho61f00882f1913_digiboxXLRAL5010.jpg?resize=350%2C200&ssl=1","width":350,"height":200,"srcset":"https:\/\/i0.wp.com\/keybox.nl\/wp-content\/uploads\/2024\/03\/keybox-sho61f00882f1913_digiboxXLRAL5010.jpg?resize=350%2C200&ssl=1 1x, https:\/\/i0.wp.com\/keybox.nl\/wp-content\/uploads\/2024\/03\/keybox-sho61f00882f1913_digiboxXLRAL5010.jpg?resize=525%2C300&ssl=1 1.5x, https:\/\/i0.wp.com\/keybox.nl\/wp-content\/uploads\/2024\/03\/keybox-sho61f00882f1913_digiboxXLRAL5010.jpg?resize=700%2C400&ssl=1 2x"},"classes":[]},{"id":1782,"url":"https:\/\/keybox.nl\/sv\/produkt\/keysafe-p500\/","url_meta":{"origin":1728,"position":4},"title":"Nyckelsafe P500","author":"Elric Drost","date":"13 december 2024","format":false,"excerpt":"Det s\u00e4kraste mininyckelsk\u00e5pet p\u00e5 marknaden.","rel":"","context":"Liknande inl\u00e4gg","block_context":{"text":"Liknande inl\u00e4gg","link":""},"img":{"alt_text":"","src":"https:\/\/i0.wp.com\/keybox.nl\/wp-content\/uploads\/2024\/12\/boite-a-cle-keysafe-pro-grand-format.jpg?resize=350%2C200&ssl=1","width":350,"height":200},"classes":[]},{"id":1822,"url":"https:\/\/keybox.nl\/sv\/produkt\/keysafe-gce\/","url_meta":{"origin":1728,"position":5},"title":"Nyckels\u00e4ker GCE","author":"Elric Drost","date":"26 januari 2025","format":false,"excerpt":"V\u00e4lj mellan 3 olika modeller.","rel":"","context":"Liknande inl\u00e4gg","block_context":{"text":"Liknande inl\u00e4gg","link":""},"img":{"alt_text":"","src":"https:\/\/i0.wp.com\/keybox.nl\/wp-content\/uploads\/2025\/01\/9858a0f7e85097eb90f56de1f00f8269.jpg?resize=350%2C200&ssl=1","width":350,"height":200,"srcset":"https:\/\/i0.wp.com\/keybox.nl\/wp-content\/uploads\/2025\/01\/9858a0f7e85097eb90f56de1f00f8269.jpg?resize=350%2C200&ssl=1 1x, https:\/\/i0.wp.com\/keybox.nl\/wp-content\/uploads\/2025\/01\/9858a0f7e85097eb90f56de1f00f8269.jpg?resize=525%2C300&ssl=1 1.5x, https:\/\/i0.wp.com\/keybox.nl\/wp-content\/uploads\/2025\/01\/9858a0f7e85097eb90f56de1f00f8269.jpg?resize=700%2C400&ssl=1 2x, https:\/\/i0.wp.com\/keybox.nl\/wp-content\/uploads\/2025\/01\/9858a0f7e85097eb90f56de1f00f8269.jpg?resize=1050%2C600&ssl=1 3x, https:\/\/i0.wp.com\/keybox.nl\/wp-content\/uploads\/2025\/01\/9858a0f7e85097eb90f56de1f00f8269.jpg?resize=1400%2C800&ssl=1 4x"},"classes":[]}],"jetpack_sharing_enabled":true,"_links":{"self":[{"href":"https:\/\/keybox.nl\/sv\/wp-json\/wp\/v2\/product\/1728","targetHints":{"allow":["GET"]}}],"collection":[{"href":"https:\/\/keybox.nl\/sv\/wp-json\/wp\/v2\/product"}],"about":[{"href":"https:\/\/keybox.nl\/sv\/wp-json\/wp\/v2\/types\/product"}],"replies":[{"embeddable":true,"href":"https:\/\/keybox.nl\/sv\/wp-json\/wp\/v2\/comments?post=1728"}],"wp:featuredmedia":[{"embeddable":true,"href":"https:\/\/keybox.nl\/sv\/wp-json\/wp\/v2\/media\/1730"}],"wp:attachment":[{"href":"https:\/\/keybox.nl\/sv\/wp-json\/wp\/v2\/media?parent=1728"}],"wp:term":[{"taxonomy":"product_brand","embeddable":true,"href":"https:\/\/keybox.nl\/sv\/wp-json\/wp\/v2\/product_brand?post=1728"},{"taxonomy":"product_cat","embeddable":true,"href":"https:\/\/keybox.nl\/sv\/wp-json\/wp\/v2\/product_cat?post=1728"},{"taxonomy":"product_tag","embeddable":true,"href":"https:\/\/keybox.nl\/sv\/wp-json\/wp\/v2\/product_tag?post=1728"}],"curies":[{"name":"wp","href":"https:\/\/api.w.org\/{rel}","templated":true}]}}