{"id":1339,"date":"2023-02-10T13:33:52","date_gmt":"2023-02-10T13:33:52","guid":{"rendered":"http:\/\/keybox.nl\/?post_type=product&#038;p=1339"},"modified":"2025-10-29T09:15:59","modified_gmt":"2025-10-29T09:15:59","slug":"regenkap-anti-masking-ksb107-xl","status":"publish","type":"product","link":"https:\/\/keybox.nl\/sv\/produkt\/regenkap-anti-masking-ksb107-xl\/","title":{"rendered":"Regnm\u00f6ssa | Anti-maskning KSB107W"},"content":{"rendered":"<h2>Regnm\u00f6ssa | Anti-maskning KSB107W<\/h2>\n<p>Montera regn-\/antimaskeringshuven i rostfritt st\u00e5l\/Inox f\u00f6r att f\u00f6rhindra regn och maskering.<\/p>\n<p>K\u00e5pan kommer mellan gavelpl\u00e5ten med rulle och v\u00e4ggen\/v\u00e4ggen och \u00e4r ocks\u00e5 l\u00e4tt att montera i efterhand. I vissa fall kan regnvatten tr\u00e4nga in i kassask\u00e5pet genom rull\u00f6ppningen, vilket f\u00f6rhindras med huven. K\u00e5pan f\u00f6rhindrar ocks\u00e5 att n\u00e5gon h\u00e4nger upp n\u00e5got framf\u00f6r kassask\u00e5pet.<\/p>\n<div id=\"jp-relatedposts\" class=\"jp-relatedposts\"><\/div>","protected":false},"excerpt":{"rendered":"<p>&nbsp;<\/p>\n<p>Montera regn-\/maskeringshuven i rostfritt st\u00e5l\/Inox f\u00f6r att f\u00f6rhindra regn och maskering.<span class=\"Apple-converted-space\">\u00a0<\/span><\/p>","protected":false},"featured_media":183,"comment_status":"open","ping_status":"closed","template":"","meta":[],"product_brand":[],"product_cat":[36],"product_tag":[],"class_list":{"0":"post-1339","1":"product","2":"type-product","3":"status-publish","4":"has-post-thumbnail","6":"product_cat-keysecuritybox-accessoires","8":"first","9":"instock","10":"taxable","11":"shipping-taxable","12":"purchasable","13":"product-type-simple"},"yoast_head":"<!-- This site is optimized with the Yoast SEO plugin v27.4 - https:\/\/yoast.com\/product\/yoast-seo-wordpress\/ -->\n<title>Regenkap | Anti-masking KSB107W -<\/title>\n<meta name=\"robots\" content=\"index, follow, max-snippet:-1, max-image-preview:large, max-video-preview:-1\" \/>\n<link rel=\"canonical\" href=\"https:\/\/keybox.nl\/sv\/produkt\/regenkap-anti-masking-ksb107-xl\/\" \/>\n<meta property=\"og:locale\" content=\"sv_SE\" \/>\n<meta property=\"og:type\" content=\"article\" \/>\n<meta property=\"og:title\" content=\"Regenkap | Anti-masking KSB107W -\" \/>\n<meta property=\"og:description\" content=\"&nbsp;  Plaats de RVS\/Inox regen- \/ antimaskeer kap om inregen en maskering te voor-komen.\u00a0\" \/>\n<meta property=\"og:url\" content=\"https:\/\/keybox.nl\/sv\/produkt\/regenkap-anti-masking-ksb107-xl\/\" \/>\n<meta property=\"article:modified_time\" content=\"2025-10-29T09:15:59+00:00\" \/>\n<meta property=\"og:image\" content=\"http:\/\/keybox.nl\/wp-content\/uploads\/2022\/01\/KSB_007_rain-scaled-e1643227017671.jpg\" \/>\n\t<meta property=\"og:image:width\" content=\"365\" \/>\n\t<meta property=\"og:image:height\" content=\"487\" \/>\n\t<meta property=\"og:image:type\" content=\"image\/jpeg\" \/>\n<meta name=\"twitter:card\" content=\"summary_large_image\" \/>\n<meta name=\"twitter:label1\" content=\"Ber\u00e4knad l\u00e4stid\" \/>\n\t<meta name=\"twitter:data1\" content=\"1 minut\" \/>\n<script type=\"application\/ld+json\" class=\"yoast-schema-graph\">{\"@context\":\"https:\\\/\\\/schema.org\",\"@graph\":[{\"@type\":\"WebPage\",\"@id\":\"https:\\\/\\\/keybox.nl\\\/product\\\/regenkap-anti-masking-ksb107-xl\\\/\",\"url\":\"https:\\\/\\\/keybox.nl\\\/product\\\/regenkap-anti-masking-ksb107-xl\\\/\",\"name\":\"Regenkap | Anti-masking KSB107W -\",\"isPartOf\":{\"@id\":\"https:\\\/\\\/keybox.nl\\\/#website\"},\"primaryImageOfPage\":{\"@id\":\"https:\\\/\\\/keybox.nl\\\/product\\\/regenkap-anti-masking-ksb107-xl\\\/#primaryimage\"},\"image\":{\"@id\":\"https:\\\/\\\/keybox.nl\\\/product\\\/regenkap-anti-masking-ksb107-xl\\\/#primaryimage\"},\"thumbnailUrl\":\"https:\\\/\\\/keybox.nl\\\/wp-content\\\/uploads\\\/2022\\\/01\\\/KSB_007_rain-scaled-e1643227017671.jpg\",\"datePublished\":\"2023-02-10T13:33:52+00:00\",\"dateModified\":\"2025-10-29T09:15:59+00:00\",\"breadcrumb\":{\"@id\":\"https:\\\/\\\/keybox.nl\\\/product\\\/regenkap-anti-masking-ksb107-xl\\\/#breadcrumb\"},\"inLanguage\":\"sv-SE\",\"potentialAction\":[{\"@type\":\"ReadAction\",\"target\":[\"https:\\\/\\\/keybox.nl\\\/product\\\/regenkap-anti-masking-ksb107-xl\\\/\"]}]},{\"@type\":\"ImageObject\",\"inLanguage\":\"sv-SE\",\"@id\":\"https:\\\/\\\/keybox.nl\\\/product\\\/regenkap-anti-masking-ksb107-xl\\\/#primaryimage\",\"url\":\"https:\\\/\\\/keybox.nl\\\/wp-content\\\/uploads\\\/2022\\\/01\\\/KSB_007_rain-scaled-e1643227017671.jpg\",\"contentUrl\":\"https:\\\/\\\/keybox.nl\\\/wp-content\\\/uploads\\\/2022\\\/01\\\/KSB_007_rain-scaled-e1643227017671.jpg\",\"width\":365,\"height\":487,\"caption\":\"Regenkap KSB107\"},{\"@type\":\"BreadcrumbList\",\"@id\":\"https:\\\/\\\/keybox.nl\\\/product\\\/regenkap-anti-masking-ksb107-xl\\\/#breadcrumb\",\"itemListElement\":[{\"@type\":\"ListItem\",\"position\":1,\"name\":\"Home\",\"item\":\"https:\\\/\\\/keybox.nl\\\/\"},{\"@type\":\"ListItem\",\"position\":2,\"name\":\"Beveiligde sleutelkastjes kopen\",\"item\":\"https:\\\/\\\/keybox.nl\\\/\"},{\"@type\":\"ListItem\",\"position\":3,\"name\":\"Regenkap | Anti-masking KSB107W\"}]},{\"@type\":\"WebSite\",\"@id\":\"https:\\\/\\\/keybox.nl\\\/#website\",\"url\":\"https:\\\/\\\/keybox.nl\\\/\",\"name\":\"\",\"description\":\"\",\"potentialAction\":[{\"@type\":\"SearchAction\",\"target\":{\"@type\":\"EntryPoint\",\"urlTemplate\":\"https:\\\/\\\/keybox.nl\\\/?s={search_term_string}\"},\"query-input\":{\"@type\":\"PropertyValueSpecification\",\"valueRequired\":true,\"valueName\":\"search_term_string\"}}],\"inLanguage\":\"sv-SE\"}]}<\/script>\n<!-- \/ Yoast SEO plugin. -->","yoast_head_json":{"title":"Regenkap | Anti-masking KSB107W -","robots":{"index":"index","follow":"follow","max-snippet":"max-snippet:-1","max-image-preview":"max-image-preview:large","max-video-preview":"max-video-preview:-1"},"canonical":"https:\/\/keybox.nl\/sv\/produkt\/regenkap-anti-masking-ksb107-xl\/","og_locale":"sv_SE","og_type":"article","og_title":"Regenkap | Anti-masking KSB107W -","og_description":"&nbsp;  Plaats de RVS\/Inox regen- \/ antimaskeer kap om inregen en maskering te voor-komen.\u00a0","og_url":"https:\/\/keybox.nl\/sv\/produkt\/regenkap-anti-masking-ksb107-xl\/","article_modified_time":"2025-10-29T09:15:59+00:00","og_image":[{"width":365,"height":487,"url":"http:\/\/keybox.nl\/wp-content\/uploads\/2022\/01\/KSB_007_rain-scaled-e1643227017671.jpg","type":"image\/jpeg"}],"twitter_card":"summary_large_image","twitter_misc":{"Ber\u00e4knad l\u00e4stid":"1 minut"},"schema":{"@context":"https:\/\/schema.org","@graph":[{"@type":"WebPage","@id":"https:\/\/keybox.nl\/product\/regenkap-anti-masking-ksb107-xl\/","url":"https:\/\/keybox.nl\/product\/regenkap-anti-masking-ksb107-xl\/","name":"Regenkap | Anti-masking KSB107W -","isPartOf":{"@id":"https:\/\/keybox.nl\/#website"},"primaryImageOfPage":{"@id":"https:\/\/keybox.nl\/product\/regenkap-anti-masking-ksb107-xl\/#primaryimage"},"image":{"@id":"https:\/\/keybox.nl\/product\/regenkap-anti-masking-ksb107-xl\/#primaryimage"},"thumbnailUrl":"https:\/\/keybox.nl\/wp-content\/uploads\/2022\/01\/KSB_007_rain-scaled-e1643227017671.jpg","datePublished":"2023-02-10T13:33:52+00:00","dateModified":"2025-10-29T09:15:59+00:00","breadcrumb":{"@id":"https:\/\/keybox.nl\/product\/regenkap-anti-masking-ksb107-xl\/#breadcrumb"},"inLanguage":"sv-SE","potentialAction":[{"@type":"ReadAction","target":["https:\/\/keybox.nl\/product\/regenkap-anti-masking-ksb107-xl\/"]}]},{"@type":"ImageObject","inLanguage":"sv-SE","@id":"https:\/\/keybox.nl\/product\/regenkap-anti-masking-ksb107-xl\/#primaryimage","url":"https:\/\/keybox.nl\/wp-content\/uploads\/2022\/01\/KSB_007_rain-scaled-e1643227017671.jpg","contentUrl":"https:\/\/keybox.nl\/wp-content\/uploads\/2022\/01\/KSB_007_rain-scaled-e1643227017671.jpg","width":365,"height":487,"caption":"Regenkap KSB107"},{"@type":"BreadcrumbList","@id":"https:\/\/keybox.nl\/product\/regenkap-anti-masking-ksb107-xl\/#breadcrumb","itemListElement":[{"@type":"ListItem","position":1,"name":"Home","item":"https:\/\/keybox.nl\/"},{"@type":"ListItem","position":2,"name":"Beveiligde sleutelkastjes kopen","item":"https:\/\/keybox.nl\/"},{"@type":"ListItem","position":3,"name":"Regenkap | Anti-masking KSB107W"}]},{"@type":"WebSite","@id":"https:\/\/keybox.nl\/#website","url":"https:\/\/keybox.nl\/","name":"","description":"","potentialAction":[{"@type":"SearchAction","target":{"@type":"EntryPoint","urlTemplate":"https:\/\/keybox.nl\/?s={search_term_string}"},"query-input":{"@type":"PropertyValueSpecification","valueRequired":true,"valueName":"search_term_string"}}],"inLanguage":"sv-SE"}]}},"jetpack-related-posts":[{"id":255,"url":"https:\/\/keybox.nl\/sv\/produkt\/regenkap-anti-masking-ksb107\/","url_meta":{"origin":1339,"position":0},"title":"Regnhatt | Anti-maskning KSB107","author":"Keybox@beheermodule","date":"3 februari 2022","format":false,"excerpt":"\u00a0 Montera regn-\/maskeringshuven i rostfritt st\u00e5l\/Inox f\u00f6r att f\u00f6rhindra regn och maskering.\u00a0","rel":"","context":"Liknande inl\u00e4gg","block_context":{"text":"Liknande inl\u00e4gg","link":""},"img":{"alt_text":"Regenkap KSB107","src":"https:\/\/i0.wp.com\/keybox.nl\/wp-content\/uploads\/2022\/01\/KSB_007_rain-scaled-e1643227017671.jpg?resize=350%2C200&ssl=1","width":350,"height":200},"classes":[]},{"id":198,"url":"https:\/\/keybox.nl\/sv\/produkt\/regenkap-ksb101-102-en-103\/","url_meta":{"origin":1339,"position":1},"title":"Regnskyddstak KSB101, 2, 3","author":"Keybox@beheermodule","date":"28 januari 2022","format":false,"excerpt":"Regnskydd f\u00f6r Keysecurity-boxen","rel":"","context":"Liknande inl\u00e4gg","block_context":{"text":"Liknande inl\u00e4gg","link":""},"img":{"alt_text":"","src":"https:\/\/i0.wp.com\/keybox.nl\/wp-content\/uploads\/2022\/01\/IMG_5363-scaled-e1643386544179.jpg?resize=350%2C200&ssl=1","width":350,"height":200},"classes":[]},{"id":237,"url":"https:\/\/keybox.nl\/sv\/produkt\/paneel-met-uitsparing-ksb107\/","url_meta":{"origin":1339,"position":2},"title":"Panel f\u00f6r KSB107 och KSB107W","author":"Keybox@beheermodule","date":"1 februari 2022","format":false,"excerpt":"V\u00e4ggpanel med urtag f\u00f6r KSB107 Rekommenderas vid installation i en v\u00e4gg som inte best\u00e5r av sten, t.ex. en sandwichpanel. Panelen i rostfritt st\u00e5l\/inox \u00e4r f\u00f6rsedd med ett urtag.","rel":"","context":"Liknande inl\u00e4gg","block_context":{"text":"Liknande inl\u00e4gg","link":""},"img":{"alt_text":"RVS paneel ksb107","src":"https:\/\/i0.wp.com\/keybox.nl\/wp-content\/uploads\/2022\/02\/SS-Plate-KSB107-e1643788038351.jpg?resize=350%2C200&ssl=1","width":350,"height":200},"classes":[]},{"id":193,"url":"https:\/\/keybox.nl\/sv\/produkt\/keysecuritybox-sleutelkluis-ksb107\/","url_meta":{"origin":1339,"position":3},"title":"Keysecuritybox KSB107 nyckelsk\u00e5p","author":"Keybox@beheermodule","date":"28 januari 2022","format":false,"excerpt":"Nyckelsk\u00e5p KSB107 KSB107 kan monteras i v\u00e4gg\/v\u00e4gg och \u00e4r mycket s\u00e4kert. Rull\u00f6ppning L44, H64, D 124 mm.","rel":"","context":"Liknande inl\u00e4gg","block_context":{"text":"Liknande inl\u00e4gg","link":""},"img":{"alt_text":"","src":"https:\/\/i0.wp.com\/keybox.nl\/wp-content\/uploads\/2022\/01\/Ksb007-5-225x300.jpg?resize=350%2C200","width":350,"height":200},"classes":[]},{"id":201,"url":"https:\/\/keybox.nl\/sv\/produkt\/keysecuritybox-sleutelkluis-ksb107-wl\/","url_meta":{"origin":1339,"position":4},"title":"Nyckels\u00e4kerhetsbox KSB107 W nyckelsk\u00e5p","author":"Keybox@beheermodule","date":"28 januari 2022","format":false,"excerpt":"Nyckelsk\u00e5p KSB107 XL KSB107 kan installeras i v\u00e4gg\/v\u00e4gg och \u00e4r extremt s\u00e4kert. Rull\u00f6ppning L66, H64, D 124 mm.","rel":"","context":"Liknande inl\u00e4gg","block_context":{"text":"Liknande inl\u00e4gg","link":""},"img":{"alt_text":"","src":"https:\/\/i0.wp.com\/keybox.nl\/wp-content\/uploads\/2022\/01\/Keysecuritybox-KSB107XL-300x300.jpg?resize=350%2C200","width":350,"height":200},"classes":[]},{"id":72,"url":"https:\/\/keybox.nl\/sv\/produkt\/keysecuritybox-sleutelkluis-ksb101a-ksb102a\/","url_meta":{"origin":1339,"position":5},"title":"Nyckels\u00e4kerhetssk\u00e5p KSB101A, KSB102A extra bepansrat nyckels\u00e4kerhetssk\u00e5p","author":"Keybox@beheermodule","date":"1 december 2021","format":false,"excerpt":"Keysecuritybox KSB101A &amp; KSB102A KSB101A och 102A \u00e4r utrustade med extra Armor \/ pansar. Inuti kassask\u00e5pet finns ett extra inre kassask\u00e5p tillverkat av specialst\u00e5l som ger h\u00f6gre skydd mot attacker. Ett kassask\u00e5p i tv\u00e5 versioner: deponeringshjul v\u00e4nster eller h\u00f6ger","rel":"","context":"Med 1 kommentar","block_context":{"text":"Med 1 kommentar","link":"https:\/\/keybox.nl\/sv\/produkt\/keysecuritybox-sleutelkluis-ksb101a-ksb102a\/#comments"},"img":{"alt_text":"","src":"https:\/\/i0.wp.com\/keybox.nl\/wp-content\/uploads\/2021\/11\/KSB_101_3-scaled-e1638352491754.jpg?resize=350%2C200&ssl=1","width":350,"height":200},"classes":[]}],"jetpack_sharing_enabled":true,"_links":{"self":[{"href":"https:\/\/keybox.nl\/sv\/wp-json\/wp\/v2\/product\/1339","targetHints":{"allow":["GET"]}}],"collection":[{"href":"https:\/\/keybox.nl\/sv\/wp-json\/wp\/v2\/product"}],"about":[{"href":"https:\/\/keybox.nl\/sv\/wp-json\/wp\/v2\/types\/product"}],"replies":[{"embeddable":true,"href":"https:\/\/keybox.nl\/sv\/wp-json\/wp\/v2\/comments?post=1339"}],"wp:featuredmedia":[{"embeddable":true,"href":"https:\/\/keybox.nl\/sv\/wp-json\/wp\/v2\/media\/183"}],"wp:attachment":[{"href":"https:\/\/keybox.nl\/sv\/wp-json\/wp\/v2\/media?parent=1339"}],"wp:term":[{"taxonomy":"product_brand","embeddable":true,"href":"https:\/\/keybox.nl\/sv\/wp-json\/wp\/v2\/product_brand?post=1339"},{"taxonomy":"product_cat","embeddable":true,"href":"https:\/\/keybox.nl\/sv\/wp-json\/wp\/v2\/product_cat?post=1339"},{"taxonomy":"product_tag","embeddable":true,"href":"https:\/\/keybox.nl\/sv\/wp-json\/wp\/v2\/product_tag?post=1339"}],"curies":[{"name":"wp","href":"https:\/\/api.w.org\/{rel}","templated":true}]}}