{"id":122,"date":"2021-12-14T19:40:09","date_gmt":"2021-12-14T19:40:09","guid":{"rendered":"http:\/\/keybox.nl\/?post_type=product&#038;p=122"},"modified":"2025-11-26T09:37:55","modified_gmt":"2025-11-26T09:37:55","slug":"keysecuritybox-ksb105","status":"publish","type":"product","link":"https:\/\/keybox.nl\/sv\/produkt\/keysecuritybox-ksb105\/","title":{"rendered":"L\u00e5da f\u00f6r nyckels\u00e4kerhet KSB105"},"content":{"rendered":"<h2>Keysecurity-boxen KSB105<\/h2>\n<p>Den enklaste och s\u00e4kraste l\u00f6sningen f\u00f6r f\u00f6rvaring av nycklar och nyckelkort 24\/7 - denna smarta, robusta och prisv\u00e4rda dropbox anv\u00e4nds av tusentals f\u00f6retag.<\/p>\n<p>KSB105 \u00e4r en solid f\u00f6rankringspost p\u00e5 vilken <a href=\"http:\/\/keybox.nl\/sv\/produkt\/keysecuritybox-ksb103\/\" target=\"_blank\" rel=\"noopener\">KSB103<\/a> eller KSB004 kan monteras p\u00e5 den. Ingen grund kr\u00e4vs f\u00f6r installationen. Stolpen \u00e4r f\u00f6rankrad djupt ner i marken i betong. Den kan d\u00e4rf\u00f6r anv\u00e4ndas p\u00e5 m\u00e5nga st\u00e4llen. Till exempel bakom eller framf\u00f6r ett staket eller bredvid entr\u00e9n. Installationen \u00e4r snabb och enkel.<\/p>\n<p><img decoding=\"async\" class=\"alignnone size-medium wp-image-133\" src=\"http:\/\/keybox.nl\/wp-content\/uploads\/2021\/12\/KSB103-KSB005-2-225x300.jpg\" alt=\"\" width=\"225\" height=\"300\" \/><\/p>\n<p><strong>DEN B\u00c4STA L\u00d6SNINGEN F\u00d6R BILUTHYRNINGSF\u00d6RETAG, LEASINGF\u00d6RETAG, BILHANDLARE, F\u00d6RETAG MED VAGNPARKER, BILHANDLARE, VERKST\u00c4DER, HOTELL OCH MYCKET MER.<\/strong><\/p>\n<p><strong>Ett urval av v\u00e5ra referenser<\/strong><br \/>\nBilhandlare: Audi, BMW, Chevolet, Citro\u00ebn, Fiat, Jaguar, Ford, Honda, Isuzu, Land Rover, MAN lastbilar, Mazda, Mercedes, Mitsubishi, Nissan, Tesla, Toyota, Opel, Peugeot, Rolls Royce, Renault, Saab, Porsche, Volvo, Volkswagen Biluthyrning: Avis, Hertz, Budget, Sixt, Europcar, Dockx, Thrifty, AVA Rent, Autorent, Drive Yourself, Bochane Rent, Oto2rent, Camion Rentals, Runner Trucks, Bultman Hertz Kollektivtrafik: Flygplats Schiphol Amsterdam, Flygplats Rotterdam, Flygplats Eindhoven, Flygplats Groningen, Flygplats Maastricht, Flygplats Antwerpen, Flygplats Bryssel, Charleroi Airport, Aeroport du Luxembourg, Station Antwerp Central \u00d6vriga: Carglass, ING Car Lease, Runner Truck Lease &amp; Rental, Scheer en Foppen Logistics, Borent, Philips Lighting Company cars &amp; Trailer Service, Dura Vermeer Road Construction, Bosch Universal Car Companies, Profile Tyre Center.<\/p>\n<p><strong>Specifikationer f\u00f6r KSB 101 och 102<\/strong><br \/>\nM\u00e5tt: ytterm\u00e5tt: 100 x 100 x 1500 (BxDxH)<br \/>\nVikt inklusive emballage: ca 18 kg<br \/>\nTydliga instruktioner f\u00f6r installation<\/p>\n<p><strong>Material och ytbehandling<\/strong><br \/>\nKallvalsat kolst\u00e5l av h\u00f6g kvalitet<br \/>\nDupont pulverlackering (Ral 9006)<br \/>\nTjockv\u00e4ggigt st\u00e5l<br \/>\nF\u00f6rst\u00e4rkning i basen<\/p>","protected":false},"excerpt":{"rendered":"<h2>L\u00e5da f\u00f6r nyckels\u00e4kerhet KSB105<\/h2>\n<p>L\u00e4mplig f\u00f6r att f\u00f6rankra modell KSB103 och KSB004 i en stolpe.<\/p>","protected":false},"featured_media":125,"comment_status":"open","ping_status":"closed","template":"","meta":[],"product_brand":[],"product_cat":[36],"product_tag":[25,24,21,20,22,23,26],"class_list":{"0":"post-122","1":"product","2":"type-product","3":"status-publish","4":"has-post-thumbnail","6":"product_cat-keysecuritybox-accessoires","7":"product_tag-afstortkluis","8":"product_tag-dropbox","9":"product_tag-keybox","10":"product_tag-keysecuritybox","11":"product_tag-ksb101","12":"product_tag-ksb102","13":"product_tag-sleutelafstortkluis","15":"first","16":"instock","17":"taxable","18":"shipping-taxable","19":"purchasable","20":"product-type-simple"},"yoast_head":"<!-- This site is optimized with the Yoast SEO plugin v27.4 - https:\/\/yoast.com\/product\/yoast-seo-wordpress\/ -->\n<title>Keysecuritybox KSB105 -<\/title>\n<meta name=\"robots\" content=\"index, follow, max-snippet:-1, max-image-preview:large, max-video-preview:-1\" \/>\n<link rel=\"canonical\" href=\"https:\/\/keybox.nl\/sv\/produkt\/keysecuritybox-ksb105\/\" \/>\n<meta property=\"og:locale\" content=\"sv_SE\" \/>\n<meta property=\"og:type\" content=\"article\" \/>\n<meta property=\"og:title\" content=\"Keysecuritybox KSB105 -\" \/>\n<meta property=\"og:description\" content=\"Keysecuritybox KSB105 Geschikt voor het verankeren van model KSB103 en KSB004 op een paal.\" \/>\n<meta property=\"og:url\" content=\"https:\/\/keybox.nl\/sv\/produkt\/keysecuritybox-ksb105\/\" \/>\n<meta property=\"article:modified_time\" content=\"2025-11-26T09:37:55+00:00\" \/>\n<meta property=\"og:image\" content=\"http:\/\/keybox.nl\/wp-content\/uploads\/2021\/12\/KSB005-e1639511667630.png\" \/>\n\t<meta property=\"og:image:width\" content=\"487\" \/>\n\t<meta property=\"og:image:height\" content=\"487\" \/>\n\t<meta property=\"og:image:type\" content=\"image\/png\" \/>\n<meta name=\"twitter:card\" content=\"summary_large_image\" \/>\n<meta name=\"twitter:label1\" content=\"Ber\u00e4knad l\u00e4stid\" \/>\n\t<meta name=\"twitter:data1\" content=\"2 minuter\" \/>\n<script type=\"application\/ld+json\" class=\"yoast-schema-graph\">{\"@context\":\"https:\\\/\\\/schema.org\",\"@graph\":[{\"@type\":\"WebPage\",\"@id\":\"https:\\\/\\\/keybox.nl\\\/product\\\/keysecuritybox-ksb105\\\/\",\"url\":\"https:\\\/\\\/keybox.nl\\\/product\\\/keysecuritybox-ksb105\\\/\",\"name\":\"Keysecuritybox KSB105 -\",\"isPartOf\":{\"@id\":\"https:\\\/\\\/keybox.nl\\\/#website\"},\"primaryImageOfPage\":{\"@id\":\"https:\\\/\\\/keybox.nl\\\/product\\\/keysecuritybox-ksb105\\\/#primaryimage\"},\"image\":{\"@id\":\"https:\\\/\\\/keybox.nl\\\/product\\\/keysecuritybox-ksb105\\\/#primaryimage\"},\"thumbnailUrl\":\"https:\\\/\\\/keybox.nl\\\/wp-content\\\/uploads\\\/2021\\\/12\\\/KSB005-e1639511667630.png\",\"datePublished\":\"2021-12-14T19:40:09+00:00\",\"dateModified\":\"2025-11-26T09:37:55+00:00\",\"breadcrumb\":{\"@id\":\"https:\\\/\\\/keybox.nl\\\/product\\\/keysecuritybox-ksb105\\\/#breadcrumb\"},\"inLanguage\":\"sv-SE\",\"potentialAction\":[{\"@type\":\"ReadAction\",\"target\":[\"https:\\\/\\\/keybox.nl\\\/product\\\/keysecuritybox-ksb105\\\/\"]}]},{\"@type\":\"ImageObject\",\"inLanguage\":\"sv-SE\",\"@id\":\"https:\\\/\\\/keybox.nl\\\/product\\\/keysecuritybox-ksb105\\\/#primaryimage\",\"url\":\"https:\\\/\\\/keybox.nl\\\/wp-content\\\/uploads\\\/2021\\\/12\\\/KSB005-e1639511667630.png\",\"contentUrl\":\"https:\\\/\\\/keybox.nl\\\/wp-content\\\/uploads\\\/2021\\\/12\\\/KSB005-e1639511667630.png\",\"width\":487,\"height\":487},{\"@type\":\"BreadcrumbList\",\"@id\":\"https:\\\/\\\/keybox.nl\\\/product\\\/keysecuritybox-ksb105\\\/#breadcrumb\",\"itemListElement\":[{\"@type\":\"ListItem\",\"position\":1,\"name\":\"Home\",\"item\":\"https:\\\/\\\/keybox.nl\\\/\"},{\"@type\":\"ListItem\",\"position\":2,\"name\":\"Beveiligde sleutelkastjes kopen\",\"item\":\"https:\\\/\\\/keybox.nl\\\/\"},{\"@type\":\"ListItem\",\"position\":3,\"name\":\"Keysecuritybox KSB105\"}]},{\"@type\":\"WebSite\",\"@id\":\"https:\\\/\\\/keybox.nl\\\/#website\",\"url\":\"https:\\\/\\\/keybox.nl\\\/\",\"name\":\"\",\"description\":\"\",\"potentialAction\":[{\"@type\":\"SearchAction\",\"target\":{\"@type\":\"EntryPoint\",\"urlTemplate\":\"https:\\\/\\\/keybox.nl\\\/?s={search_term_string}\"},\"query-input\":{\"@type\":\"PropertyValueSpecification\",\"valueRequired\":true,\"valueName\":\"search_term_string\"}}],\"inLanguage\":\"sv-SE\"}]}<\/script>\n<!-- \/ Yoast SEO plugin. -->","yoast_head_json":{"title":"L\u00e5da f\u00f6r nyckels\u00e4kerhet KSB105","robots":{"index":"index","follow":"follow","max-snippet":"max-snippet:-1","max-image-preview":"max-image-preview:large","max-video-preview":"max-video-preview:-1"},"canonical":"https:\/\/keybox.nl\/sv\/produkt\/keysecuritybox-ksb105\/","og_locale":"sv_SE","og_type":"article","og_title":"Keysecuritybox KSB105 -","og_description":"Keysecuritybox KSB105 Geschikt voor het verankeren van model KSB103 en KSB004 op een paal.","og_url":"https:\/\/keybox.nl\/sv\/produkt\/keysecuritybox-ksb105\/","article_modified_time":"2025-11-26T09:37:55+00:00","og_image":[{"width":487,"height":487,"url":"http:\/\/keybox.nl\/wp-content\/uploads\/2021\/12\/KSB005-e1639511667630.png","type":"image\/png"}],"twitter_card":"summary_large_image","twitter_misc":{"Ber\u00e4knad l\u00e4stid":"2 minuter"},"schema":{"@context":"https:\/\/schema.org","@graph":[{"@type":"WebPage","@id":"https:\/\/keybox.nl\/product\/keysecuritybox-ksb105\/","url":"https:\/\/keybox.nl\/product\/keysecuritybox-ksb105\/","name":"L\u00e5da f\u00f6r nyckels\u00e4kerhet KSB105","isPartOf":{"@id":"https:\/\/keybox.nl\/#website"},"primaryImageOfPage":{"@id":"https:\/\/keybox.nl\/product\/keysecuritybox-ksb105\/#primaryimage"},"image":{"@id":"https:\/\/keybox.nl\/product\/keysecuritybox-ksb105\/#primaryimage"},"thumbnailUrl":"https:\/\/keybox.nl\/wp-content\/uploads\/2021\/12\/KSB005-e1639511667630.png","datePublished":"2021-12-14T19:40:09+00:00","dateModified":"2025-11-26T09:37:55+00:00","breadcrumb":{"@id":"https:\/\/keybox.nl\/product\/keysecuritybox-ksb105\/#breadcrumb"},"inLanguage":"sv-SE","potentialAction":[{"@type":"ReadAction","target":["https:\/\/keybox.nl\/product\/keysecuritybox-ksb105\/"]}]},{"@type":"ImageObject","inLanguage":"sv-SE","@id":"https:\/\/keybox.nl\/product\/keysecuritybox-ksb105\/#primaryimage","url":"https:\/\/keybox.nl\/wp-content\/uploads\/2021\/12\/KSB005-e1639511667630.png","contentUrl":"https:\/\/keybox.nl\/wp-content\/uploads\/2021\/12\/KSB005-e1639511667630.png","width":487,"height":487},{"@type":"BreadcrumbList","@id":"https:\/\/keybox.nl\/product\/keysecuritybox-ksb105\/#breadcrumb","itemListElement":[{"@type":"ListItem","position":1,"name":"Home","item":"https:\/\/keybox.nl\/"},{"@type":"ListItem","position":2,"name":"Beveiligde sleutelkastjes kopen","item":"https:\/\/keybox.nl\/"},{"@type":"ListItem","position":3,"name":"Keysecuritybox KSB105"}]},{"@type":"WebSite","@id":"https:\/\/keybox.nl\/#website","url":"https:\/\/keybox.nl\/","name":"","description":"","potentialAction":[{"@type":"SearchAction","target":{"@type":"EntryPoint","urlTemplate":"https:\/\/keybox.nl\/?s={search_term_string}"},"query-input":{"@type":"PropertyValueSpecification","valueRequired":true,"valueName":"search_term_string"}}],"inLanguage":"sv-SE"}]}},"jetpack-related-posts":[{"id":109,"url":"https:\/\/keybox.nl\/sv\/produkt\/keysecuritybox-sleutelkluis-ksb103\/","url_meta":{"origin":122,"position":0},"title":"Keysecuritybox KSB103 nyckelsk\u00e5p","author":"Keybox@beheermodule","date":"4 december 2021","format":false,"excerpt":"Nyckels\u00e4kerhetsbox KSB103 F\u00f6r montering p\u00e5 stolpe (KSB005) eller konsol KSB106","rel":"","context":"Liknande inl\u00e4gg","block_context":{"text":"Liknande inl\u00e4gg","link":""},"img":{"alt_text":"","src":"https:\/\/i0.wp.com\/keybox.nl\/wp-content\/uploads\/2021\/11\/KSB_101_3-scaled-e1638352491754.jpg?resize=350%2C200&ssl=1","width":350,"height":200},"classes":[]},{"id":115,"url":"https:\/\/keybox.nl\/sv\/produkt\/keysecuritybox-sleutelkluis-ksb103a\/","url_meta":{"origin":122,"position":1},"title":"Keysecuritybox KSB103A extra bepansrat nyckelsk\u00e5p","author":"Keybox@beheermodule","date":"4 december 2021","format":false,"excerpt":"Nyckels\u00e4kerhetsbox KSB103A med extra pansar. KSB103A \u00e4r utrustad med extra Armor \/ pansar. Inuti kassask\u00e5pet finns ett extra inre kassask\u00e5p av specialst\u00e5l som ger h\u00f6gre skydd mot attacker. F\u00f6r montering p\u00e5 stolpe (KSB005) eller konsol KSB106","rel":"","context":"Liknande inl\u00e4gg","block_context":{"text":"Liknande inl\u00e4gg","link":""},"img":{"alt_text":"","src":"https:\/\/i0.wp.com\/keybox.nl\/wp-content\/uploads\/2021\/11\/KSB_101_3-scaled-e1638352491754.jpg?resize=350%2C200&ssl=1","width":350,"height":200},"classes":[]},{"id":184,"url":"https:\/\/keybox.nl\/sv\/produkt\/keysecuritybox-ksb106\/","url_meta":{"origin":122,"position":2},"title":"L\u00e5da f\u00f6r nyckels\u00e4kerhet KSB106","author":"Keybox@beheermodule","date":"26 januari 2022","format":false,"excerpt":"L\u00e5da f\u00f6r nyckels\u00e4kerhet KSB106 \u00a0","rel":"","context":"Liknande inl\u00e4gg","block_context":{"text":"Liknande inl\u00e4gg","link":""},"img":{"alt_text":"","src":"https:\/\/i0.wp.com\/keybox.nl\/wp-content\/uploads\/2022\/01\/MG_3154-scaled-e1643377303706.jpg?resize=350%2C200&ssl=1","width":350,"height":200,"srcset":"https:\/\/i0.wp.com\/keybox.nl\/wp-content\/uploads\/2022\/01\/MG_3154-scaled-e1643377303706.jpg?resize=350%2C200&ssl=1 1x, https:\/\/i0.wp.com\/keybox.nl\/wp-content\/uploads\/2022\/01\/MG_3154-scaled-e1643377303706.jpg?resize=525%2C300&ssl=1 1.5x, https:\/\/i0.wp.com\/keybox.nl\/wp-content\/uploads\/2022\/01\/MG_3154-scaled-e1643377303706.jpg?resize=700%2C400&ssl=1 2x"},"classes":[]},{"id":193,"url":"https:\/\/keybox.nl\/sv\/produkt\/keysecuritybox-sleutelkluis-ksb107\/","url_meta":{"origin":122,"position":3},"title":"Keysecuritybox KSB107 nyckelsk\u00e5p","author":"Keybox@beheermodule","date":"28 januari 2022","format":false,"excerpt":"Nyckelsk\u00e5p KSB107 KSB107 kan monteras i v\u00e4gg\/v\u00e4gg och \u00e4r mycket s\u00e4kert. Rull\u00f6ppning L44, H64, D 124 mm.","rel":"","context":"Liknande inl\u00e4gg","block_context":{"text":"Liknande inl\u00e4gg","link":""},"img":{"alt_text":"","src":"https:\/\/i0.wp.com\/keybox.nl\/wp-content\/uploads\/2022\/01\/Ksb007-5-225x300.jpg?resize=350%2C200","width":350,"height":200},"classes":[]},{"id":201,"url":"https:\/\/keybox.nl\/sv\/produkt\/keysecuritybox-sleutelkluis-ksb107-wl\/","url_meta":{"origin":122,"position":4},"title":"Nyckels\u00e4kerhetsbox KSB107 W nyckelsk\u00e5p","author":"Keybox@beheermodule","date":"28 januari 2022","format":false,"excerpt":"Nyckelsk\u00e5p KSB107 XL KSB107 kan installeras i v\u00e4gg\/v\u00e4gg och \u00e4r extremt s\u00e4kert. Rull\u00f6ppning L66, H64, D 124 mm.","rel":"","context":"Liknande inl\u00e4gg","block_context":{"text":"Liknande inl\u00e4gg","link":""},"img":{"alt_text":"","src":"https:\/\/i0.wp.com\/keybox.nl\/wp-content\/uploads\/2022\/01\/Keysecuritybox-KSB107XL-300x300.jpg?resize=350%2C200","width":350,"height":200},"classes":[]},{"id":72,"url":"https:\/\/keybox.nl\/sv\/produkt\/keysecuritybox-sleutelkluis-ksb101a-ksb102a\/","url_meta":{"origin":122,"position":5},"title":"Nyckels\u00e4kerhetssk\u00e5p KSB101A, KSB102A extra bepansrat nyckels\u00e4kerhetssk\u00e5p","author":"Keybox@beheermodule","date":"1 december 2021","format":false,"excerpt":"Keysecuritybox KSB101A &amp; KSB102A KSB101A och 102A \u00e4r utrustade med extra Armor \/ pansar. Inuti kassask\u00e5pet finns ett extra inre kassask\u00e5p tillverkat av specialst\u00e5l som ger h\u00f6gre skydd mot attacker. Ett kassask\u00e5p i tv\u00e5 versioner: deponeringshjul v\u00e4nster eller h\u00f6ger","rel":"","context":"Med 1 kommentar","block_context":{"text":"Med 1 kommentar","link":"https:\/\/keybox.nl\/sv\/produkt\/keysecuritybox-sleutelkluis-ksb101a-ksb102a\/#comments"},"img":{"alt_text":"","src":"https:\/\/i0.wp.com\/keybox.nl\/wp-content\/uploads\/2021\/11\/KSB_101_3-scaled-e1638352491754.jpg?resize=350%2C200&ssl=1","width":350,"height":200},"classes":[]}],"jetpack_sharing_enabled":true,"_links":{"self":[{"href":"https:\/\/keybox.nl\/sv\/wp-json\/wp\/v2\/product\/122","targetHints":{"allow":["GET"]}}],"collection":[{"href":"https:\/\/keybox.nl\/sv\/wp-json\/wp\/v2\/product"}],"about":[{"href":"https:\/\/keybox.nl\/sv\/wp-json\/wp\/v2\/types\/product"}],"replies":[{"embeddable":true,"href":"https:\/\/keybox.nl\/sv\/wp-json\/wp\/v2\/comments?post=122"}],"wp:featuredmedia":[{"embeddable":true,"href":"https:\/\/keybox.nl\/sv\/wp-json\/wp\/v2\/media\/125"}],"wp:attachment":[{"href":"https:\/\/keybox.nl\/sv\/wp-json\/wp\/v2\/media?parent=122"}],"wp:term":[{"taxonomy":"product_brand","embeddable":true,"href":"https:\/\/keybox.nl\/sv\/wp-json\/wp\/v2\/product_brand?post=122"},{"taxonomy":"product_cat","embeddable":true,"href":"https:\/\/keybox.nl\/sv\/wp-json\/wp\/v2\/product_cat?post=122"},{"taxonomy":"product_tag","embeddable":true,"href":"https:\/\/keybox.nl\/sv\/wp-json\/wp\/v2\/product_tag?post=122"}],"curies":[{"name":"wp","href":"https:\/\/api.w.org\/{rel}","templated":true}]}}