{"id":1179,"date":"2022-12-09T16:03:02","date_gmt":"2022-12-09T16:03:02","guid":{"rendered":"http:\/\/keybox.nl\/?post_type=product&#038;p=1179"},"modified":"2022-12-09T16:03:02","modified_gmt":"2022-12-09T16:03:02","slug":"keysafe-original","status":"publish","type":"product","link":"https:\/\/keybox.nl\/sv\/produkt\/keysafe-original\/","title":{"rendered":"Nyckelsafe Original"},"content":{"rendered":"<h2>Keysafe Original f\u00f6r 5 nycklar<\/h2>\n<p>Om du beh\u00f6ver flera nycklar f\u00f6r att komma in i ett rum kan du med KeySafe\u2122 Originals stora lagringskapacitet f\u00f6rvara dem alla p\u00e5 ett st\u00e4lle med en anv\u00e4ndarv\u00e4nlig \u00e5tkomstkod.<\/p>\n<p>KeySafe Original rymmer flera nycklar och \u00e4r tillr\u00e4ckligt stort f\u00f6r att rymma nyckelkort f\u00f6r passersystem. Nycklarna kan f\u00e4stas p\u00e5 locket f\u00f6r enkel anv\u00e4ndning med en hand. Idealisk f\u00f6r:<\/p>\n<p>Tillg\u00e5ng f\u00f6r barn efter skolan<br \/>\nBli aldrig utel\u00e5st igen<br \/>\nF\u00f6r \u00e4ldre m\u00e4nniskor och v\u00e5rdare<br \/>\nF\u00f6r Airbnb- och semesterhusg\u00e4ster<br \/>\nF\u00f6r f\u00f6reningar och servicetekniker<br \/>\nAnv\u00e4ndningsomr\u00e5dena \u00e4r o\u00e4ndliga!<\/p>\n<p>Ytterm\u00e5tt (B x H x D i mm) 65x105x55<br \/>\nInv\u00e4ndiga m\u00e5tt (B x H x D i mm)38x70x25<br \/>\nVikt (i kg) 0,9<\/p>\n<p>Anv\u00e4ndarmanual<br \/>\nTryck p\u00e5 raderingsknappen varje g\u00e5ng innan du skapar din kod. Skriv in din kod.<br \/>\nTryck ner \"\u00f6ppna\"-knappen f\u00f6r att lossa locket. Ta ut nyckeln ur l\u00e5dan.<\/p>\n<p>Vid st\u00e4ngning, f\u00f6r att s\u00e4tta tillbaka den i KEYSAFE, upprepa koden, tryck p\u00e5 \"\u00f6ppna\"-knappen, s\u00e4tt tillbaka nyckeln och sedan locket, sl\u00e4pp \"\u00f6ppna\"-knappen. KEYSAFE kommer att st\u00e4ngas igen med nyckeln isatt.<\/p>\n<p><img decoding=\"async\" class=\"alignleft size-medium wp-image-1178\" src=\"http:\/\/keybox.nl\/wp-content\/uploads\/2022\/12\/Keybox_Slim_line_Keysafe_7-300x121.png\" alt=\"\" width=\"300\" height=\"121\" srcset=\"https:\/\/keybox.nl\/wp-content\/uploads\/2022\/12\/Keybox_Slim_line_Keysafe_7-300x121.png 300w, https:\/\/keybox.nl\/wp-content\/uploads\/2022\/12\/Keybox_Slim_line_Keysafe_7-416x168.png 416w, https:\/\/keybox.nl\/wp-content\/uploads\/2022\/12\/Keybox_Slim_line_Keysafe_7.png 499w\" sizes=\"(max-width: 300px) 100vw, 300px\" \/><\/p>\n<p>&nbsp;<\/p>\n<p>&nbsp;<\/p>\n<p>&nbsp;<\/p>\n<p>\u00c4ndra kod<\/p>\n<p><img decoding=\"async\" class=\"alignleft size-medium wp-image-1177\" src=\"http:\/\/keybox.nl\/wp-content\/uploads\/2022\/12\/Keybox_Slim_line_Keysafe_6-300x196.png\" alt=\"\" width=\"300\" height=\"196\" srcset=\"https:\/\/keybox.nl\/wp-content\/uploads\/2022\/12\/Keybox_Slim_line_Keysafe_6-300x196.png 300w, https:\/\/keybox.nl\/wp-content\/uploads\/2022\/12\/Keybox_Slim_line_Keysafe_6.png 400w\" sizes=\"(max-width: 300px) 100vw, 300px\" \/><\/p>","protected":false},"excerpt":{"rendered":"<p>Keysafe Original voor 5 sleutels Als er verschillende sleutels nodig zijn om ruimtes binnen te gaan dan kunt u met de grote opslagcapaciteit van de KeySafe\u2122 Original ze allemaal op \u00e9\u00e9n locatie opslaan met een gebruiksvriendelijke toegangscode. KeySafe Original is geschikt voor meerdere sleutels en is groot genoeg voor sleutelkaarten voor toegangscontrolesystemen. Sleutels kunnen aan [&hellip;]<\/p>\n","protected":false},"featured_media":1181,"comment_status":"open","ping_status":"closed","template":"","meta":[],"product_brand":[],"product_cat":[19],"product_tag":[68,65,21,61,67,64,69],"class_list":{"0":"post-1179","1":"product","2":"type-product","3":"status-publish","4":"has-post-thumbnail","6":"product_cat-keysafe","7":"product_tag-68","8":"product_tag-cijferslot","9":"product_tag-keybox","10":"product_tag-keysafe","11":"product_tag-original","12":"product_tag-sleutelkluisje","13":"product_tag-sleutels","15":"first","16":"instock","17":"taxable","18":"shipping-taxable","19":"purchasable","20":"product-type-simple"},"yoast_head":"<!-- This site is optimized with the Yoast SEO plugin v27.4 - https:\/\/yoast.com\/product\/yoast-seo-wordpress\/ -->\n<title>Keysafe Original -<\/title>\n<meta name=\"robots\" content=\"index, follow, max-snippet:-1, max-image-preview:large, max-video-preview:-1\" \/>\n<link rel=\"canonical\" href=\"https:\/\/keybox.nl\/sv\/produkt\/keysafe-original\/\" \/>\n<meta property=\"og:locale\" content=\"sv_SE\" \/>\n<meta property=\"og:type\" content=\"article\" \/>\n<meta property=\"og:title\" content=\"Keysafe Original -\" \/>\n<meta property=\"og:description\" content=\"Keysafe Original voor 5 sleutels Als er verschillende sleutels nodig zijn om ruimtes binnen te gaan dan kunt u met de grote opslagcapaciteit van de KeySafe\u2122 Original ze allemaal op \u00e9\u00e9n locatie opslaan met een gebruiksvriendelijke toegangscode. KeySafe Original is geschikt voor meerdere sleutels en is groot genoeg voor sleutelkaarten voor toegangscontrolesystemen. Sleutels kunnen aan [&hellip;]\" \/>\n<meta property=\"og:url\" content=\"https:\/\/keybox.nl\/sv\/produkt\/keysafe-original\/\" \/>\n<meta property=\"og:image\" content=\"https:\/\/keybox.nl\/wp-content\/uploads\/2022\/12\/Keysafe_Original_keybox_sleutelkluis.jpg\" \/>\n\t<meta property=\"og:image:width\" content=\"700\" \/>\n\t<meta property=\"og:image:height\" content=\"700\" \/>\n\t<meta property=\"og:image:type\" content=\"image\/jpeg\" \/>\n<meta name=\"twitter:card\" content=\"summary_large_image\" \/>\n<meta name=\"twitter:label1\" content=\"Ber\u00e4knad l\u00e4stid\" \/>\n\t<meta name=\"twitter:data1\" content=\"2 minuter\" \/>\n<script type=\"application\/ld+json\" class=\"yoast-schema-graph\">{\"@context\":\"https:\\\/\\\/schema.org\",\"@graph\":[{\"@type\":\"WebPage\",\"@id\":\"https:\\\/\\\/keybox.nl\\\/product\\\/keysafe-original\\\/\",\"url\":\"https:\\\/\\\/keybox.nl\\\/product\\\/keysafe-original\\\/\",\"name\":\"Keysafe Original -\",\"isPartOf\":{\"@id\":\"https:\\\/\\\/keybox.nl\\\/#website\"},\"primaryImageOfPage\":{\"@id\":\"https:\\\/\\\/keybox.nl\\\/product\\\/keysafe-original\\\/#primaryimage\"},\"image\":{\"@id\":\"https:\\\/\\\/keybox.nl\\\/product\\\/keysafe-original\\\/#primaryimage\"},\"thumbnailUrl\":\"https:\\\/\\\/keybox.nl\\\/wp-content\\\/uploads\\\/2022\\\/12\\\/Keysafe_Original_keybox_sleutelkluis.jpg\",\"datePublished\":\"2022-12-09T16:03:02+00:00\",\"breadcrumb\":{\"@id\":\"https:\\\/\\\/keybox.nl\\\/product\\\/keysafe-original\\\/#breadcrumb\"},\"inLanguage\":\"sv-SE\",\"potentialAction\":[{\"@type\":\"ReadAction\",\"target\":[\"https:\\\/\\\/keybox.nl\\\/product\\\/keysafe-original\\\/\"]}]},{\"@type\":\"ImageObject\",\"inLanguage\":\"sv-SE\",\"@id\":\"https:\\\/\\\/keybox.nl\\\/product\\\/keysafe-original\\\/#primaryimage\",\"url\":\"https:\\\/\\\/keybox.nl\\\/wp-content\\\/uploads\\\/2022\\\/12\\\/Keysafe_Original_keybox_sleutelkluis.jpg\",\"contentUrl\":\"https:\\\/\\\/keybox.nl\\\/wp-content\\\/uploads\\\/2022\\\/12\\\/Keysafe_Original_keybox_sleutelkluis.jpg\",\"width\":700,\"height\":700},{\"@type\":\"BreadcrumbList\",\"@id\":\"https:\\\/\\\/keybox.nl\\\/product\\\/keysafe-original\\\/#breadcrumb\",\"itemListElement\":[{\"@type\":\"ListItem\",\"position\":1,\"name\":\"Home\",\"item\":\"https:\\\/\\\/keybox.nl\\\/\"},{\"@type\":\"ListItem\",\"position\":2,\"name\":\"Beveiligde sleutelkastjes kopen\",\"item\":\"https:\\\/\\\/keybox.nl\\\/\"},{\"@type\":\"ListItem\",\"position\":3,\"name\":\"Keysafe Original\"}]},{\"@type\":\"WebSite\",\"@id\":\"https:\\\/\\\/keybox.nl\\\/#website\",\"url\":\"https:\\\/\\\/keybox.nl\\\/\",\"name\":\"\",\"description\":\"\",\"potentialAction\":[{\"@type\":\"SearchAction\",\"target\":{\"@type\":\"EntryPoint\",\"urlTemplate\":\"https:\\\/\\\/keybox.nl\\\/?s={search_term_string}\"},\"query-input\":{\"@type\":\"PropertyValueSpecification\",\"valueRequired\":true,\"valueName\":\"search_term_string\"}}],\"inLanguage\":\"sv-SE\"}]}<\/script>\n<!-- \/ Yoast SEO plugin. -->","yoast_head_json":{"title":"Nyckelsafe Original -","robots":{"index":"index","follow":"follow","max-snippet":"max-snippet:-1","max-image-preview":"max-image-preview:large","max-video-preview":"max-video-preview:-1"},"canonical":"https:\/\/keybox.nl\/sv\/produkt\/keysafe-original\/","og_locale":"sv_SE","og_type":"article","og_title":"Keysafe Original -","og_description":"Keysafe Original voor 5 sleutels Als er verschillende sleutels nodig zijn om ruimtes binnen te gaan dan kunt u met de grote opslagcapaciteit van de KeySafe\u2122 Original ze allemaal op \u00e9\u00e9n locatie opslaan met een gebruiksvriendelijke toegangscode. KeySafe Original is geschikt voor meerdere sleutels en is groot genoeg voor sleutelkaarten voor toegangscontrolesystemen. Sleutels kunnen aan [&hellip;]","og_url":"https:\/\/keybox.nl\/sv\/produkt\/keysafe-original\/","og_image":[{"width":700,"height":700,"url":"https:\/\/keybox.nl\/wp-content\/uploads\/2022\/12\/Keysafe_Original_keybox_sleutelkluis.jpg","type":"image\/jpeg"}],"twitter_card":"summary_large_image","twitter_misc":{"Ber\u00e4knad l\u00e4stid":"2 minuter"},"schema":{"@context":"https:\/\/schema.org","@graph":[{"@type":"WebPage","@id":"https:\/\/keybox.nl\/product\/keysafe-original\/","url":"https:\/\/keybox.nl\/product\/keysafe-original\/","name":"Nyckelsafe Original -","isPartOf":{"@id":"https:\/\/keybox.nl\/#website"},"primaryImageOfPage":{"@id":"https:\/\/keybox.nl\/product\/keysafe-original\/#primaryimage"},"image":{"@id":"https:\/\/keybox.nl\/product\/keysafe-original\/#primaryimage"},"thumbnailUrl":"https:\/\/keybox.nl\/wp-content\/uploads\/2022\/12\/Keysafe_Original_keybox_sleutelkluis.jpg","datePublished":"2022-12-09T16:03:02+00:00","breadcrumb":{"@id":"https:\/\/keybox.nl\/product\/keysafe-original\/#breadcrumb"},"inLanguage":"sv-SE","potentialAction":[{"@type":"ReadAction","target":["https:\/\/keybox.nl\/product\/keysafe-original\/"]}]},{"@type":"ImageObject","inLanguage":"sv-SE","@id":"https:\/\/keybox.nl\/product\/keysafe-original\/#primaryimage","url":"https:\/\/keybox.nl\/wp-content\/uploads\/2022\/12\/Keysafe_Original_keybox_sleutelkluis.jpg","contentUrl":"https:\/\/keybox.nl\/wp-content\/uploads\/2022\/12\/Keysafe_Original_keybox_sleutelkluis.jpg","width":700,"height":700},{"@type":"BreadcrumbList","@id":"https:\/\/keybox.nl\/product\/keysafe-original\/#breadcrumb","itemListElement":[{"@type":"ListItem","position":1,"name":"Home","item":"https:\/\/keybox.nl\/"},{"@type":"ListItem","position":2,"name":"Beveiligde sleutelkastjes kopen","item":"https:\/\/keybox.nl\/"},{"@type":"ListItem","position":3,"name":"Keysafe Original"}]},{"@type":"WebSite","@id":"https:\/\/keybox.nl\/#website","url":"https:\/\/keybox.nl\/","name":"","description":"","potentialAction":[{"@type":"SearchAction","target":{"@type":"EntryPoint","urlTemplate":"https:\/\/keybox.nl\/?s={search_term_string}"},"query-input":{"@type":"PropertyValueSpecification","valueRequired":true,"valueName":"search_term_string"}}],"inLanguage":"sv-SE"}]}},"jetpack-related-posts":[{"id":1171,"url":"https:\/\/keybox.nl\/sv\/produkt\/keysafe-slimline\/","url_meta":{"origin":1179,"position":0},"title":"Nyckelsafe Slimline","author":"Keybox@beheermodule","date":"9 december 2022","format":false,"excerpt":"Alltid \u00e5tkomlig med Keysafe Slimline","rel":"","context":"Liknande inl\u00e4gg","block_context":{"text":"Liknande inl\u00e4gg","link":""},"img":{"alt_text":"Keysafe Slim line","src":"https:\/\/i0.wp.com\/keybox.nl\/wp-content\/uploads\/2022\/12\/Keysafe_Slim_line_Keybox.jpeg?resize=350%2C200&ssl=1","width":350,"height":200,"srcset":"https:\/\/i0.wp.com\/keybox.nl\/wp-content\/uploads\/2022\/12\/Keysafe_Slim_line_Keybox.jpeg?resize=350%2C200&ssl=1 1x, https:\/\/i0.wp.com\/keybox.nl\/wp-content\/uploads\/2022\/12\/Keysafe_Slim_line_Keybox.jpeg?resize=525%2C300&ssl=1 1.5x, https:\/\/i0.wp.com\/keybox.nl\/wp-content\/uploads\/2022\/12\/Keysafe_Slim_line_Keybox.jpeg?resize=700%2C400&ssl=1 2x"},"classes":[]},{"id":1796,"url":"https:\/\/keybox.nl\/sv\/produkt\/keysafe-key-cabinet\/","url_meta":{"origin":1179,"position":1},"title":"Keysafe nyckelsk\u00e5p","author":"Elric Drost","date":"18 december 2024","format":false,"excerpt":"Touchpoint PRO fr\u00e5n Kidde 30\/60\/120 tangenter","rel":"","context":"Liknande inl\u00e4gg","block_context":{"text":"Liknande inl\u00e4gg","link":""},"img":{"alt_text":"","src":"https:\/\/i0.wp.com\/keybox.nl\/wp-content\/uploads\/2024\/12\/Keysafe-cabinet-30-Keybox-open-298x300.jpg?resize=350%2C200","width":350,"height":200},"classes":[]},{"id":1775,"url":"https:\/\/keybox.nl\/sv\/produkt\/keysafe-pro-original\/","url_meta":{"origin":1179,"position":2},"title":"Keysafe Pro original","author":"Elric Drost","date":"5 december 2024","format":false,"excerpt":"KEYSAFE Pro Original \u00e4r ett robust nyckelsk\u00e5p f\u00f6r 5 standardnycklar.","rel":"","context":"Liknande inl\u00e4gg","block_context":{"text":"Liknande inl\u00e4gg","link":""},"img":{"alt_text":"","src":"https:\/\/i0.wp.com\/keybox.nl\/wp-content\/uploads\/2024\/12\/keysafe-pro-original-sleutelkluisje.jpg?resize=350%2C200&ssl=1","width":350,"height":200},"classes":[]},{"id":1812,"url":"https:\/\/keybox.nl\/sv\/produkt\/drs-vector-combi-keysafe\/","url_meta":{"origin":1179,"position":3},"title":"DRS Vector Combi Nyckelsafe","author":"Elric Drost","date":"21 januari 2025","format":false,"excerpt":"Perfekt f\u00f6r professionellt bruk.","rel":"","context":"Liknande inl\u00e4gg","block_context":{"text":"Liknande inl\u00e4gg","link":""},"img":{"alt_text":"","src":"https:\/\/i0.wp.com\/keybox.nl\/wp-content\/uploads\/2025\/01\/DRS-Vector-Combi-Keysafe-keybox.jpg?resize=350%2C200&ssl=1","width":350,"height":200,"srcset":"https:\/\/i0.wp.com\/keybox.nl\/wp-content\/uploads\/2025\/01\/DRS-Vector-Combi-Keysafe-keybox.jpg?resize=350%2C200&ssl=1 1x, https:\/\/i0.wp.com\/keybox.nl\/wp-content\/uploads\/2025\/01\/DRS-Vector-Combi-Keysafe-keybox.jpg?resize=525%2C300&ssl=1 1.5x, https:\/\/i0.wp.com\/keybox.nl\/wp-content\/uploads\/2025\/01\/DRS-Vector-Combi-Keysafe-keybox.jpg?resize=700%2C400&ssl=1 2x, https:\/\/i0.wp.com\/keybox.nl\/wp-content\/uploads\/2025\/01\/DRS-Vector-Combi-Keysafe-keybox.jpg?resize=1050%2C600&ssl=1 3x"},"classes":[]},{"id":1822,"url":"https:\/\/keybox.nl\/sv\/produkt\/keysafe-gce\/","url_meta":{"origin":1179,"position":4},"title":"Nyckels\u00e4ker GCE","author":"Elric Drost","date":"26 januari 2025","format":false,"excerpt":"V\u00e4lj mellan 3 olika modeller.","rel":"","context":"Liknande inl\u00e4gg","block_context":{"text":"Liknande inl\u00e4gg","link":""},"img":{"alt_text":"","src":"https:\/\/i0.wp.com\/keybox.nl\/wp-content\/uploads\/2025\/01\/9858a0f7e85097eb90f56de1f00f8269.jpg?resize=350%2C200&ssl=1","width":350,"height":200,"srcset":"https:\/\/i0.wp.com\/keybox.nl\/wp-content\/uploads\/2025\/01\/9858a0f7e85097eb90f56de1f00f8269.jpg?resize=350%2C200&ssl=1 1x, https:\/\/i0.wp.com\/keybox.nl\/wp-content\/uploads\/2025\/01\/9858a0f7e85097eb90f56de1f00f8269.jpg?resize=525%2C300&ssl=1 1.5x, https:\/\/i0.wp.com\/keybox.nl\/wp-content\/uploads\/2025\/01\/9858a0f7e85097eb90f56de1f00f8269.jpg?resize=700%2C400&ssl=1 2x, https:\/\/i0.wp.com\/keybox.nl\/wp-content\/uploads\/2025\/01\/9858a0f7e85097eb90f56de1f00f8269.jpg?resize=1050%2C600&ssl=1 3x, https:\/\/i0.wp.com\/keybox.nl\/wp-content\/uploads\/2025\/01\/9858a0f7e85097eb90f56de1f00f8269.jpg?resize=1400%2C800&ssl=1 4x"},"classes":[]},{"id":1782,"url":"https:\/\/keybox.nl\/sv\/produkt\/keysafe-p500\/","url_meta":{"origin":1179,"position":5},"title":"Nyckelsafe P500","author":"Elric Drost","date":"13 december 2024","format":false,"excerpt":"Det s\u00e4kraste mininyckelsk\u00e5pet p\u00e5 marknaden.","rel":"","context":"Liknande inl\u00e4gg","block_context":{"text":"Liknande inl\u00e4gg","link":""},"img":{"alt_text":"","src":"https:\/\/i0.wp.com\/keybox.nl\/wp-content\/uploads\/2024\/12\/boite-a-cle-keysafe-pro-grand-format.jpg?resize=350%2C200&ssl=1","width":350,"height":200},"classes":[]}],"jetpack_sharing_enabled":true,"_links":{"self":[{"href":"https:\/\/keybox.nl\/sv\/wp-json\/wp\/v2\/product\/1179","targetHints":{"allow":["GET"]}}],"collection":[{"href":"https:\/\/keybox.nl\/sv\/wp-json\/wp\/v2\/product"}],"about":[{"href":"https:\/\/keybox.nl\/sv\/wp-json\/wp\/v2\/types\/product"}],"replies":[{"embeddable":true,"href":"https:\/\/keybox.nl\/sv\/wp-json\/wp\/v2\/comments?post=1179"}],"wp:featuredmedia":[{"embeddable":true,"href":"https:\/\/keybox.nl\/sv\/wp-json\/wp\/v2\/media\/1181"}],"wp:attachment":[{"href":"https:\/\/keybox.nl\/sv\/wp-json\/wp\/v2\/media?parent=1179"}],"wp:term":[{"taxonomy":"product_brand","embeddable":true,"href":"https:\/\/keybox.nl\/sv\/wp-json\/wp\/v2\/product_brand?post=1179"},{"taxonomy":"product_cat","embeddable":true,"href":"https:\/\/keybox.nl\/sv\/wp-json\/wp\/v2\/product_cat?post=1179"},{"taxonomy":"product_tag","embeddable":true,"href":"https:\/\/keybox.nl\/sv\/wp-json\/wp\/v2\/product_tag?post=1179"}],"curies":[{"name":"wp","href":"https:\/\/api.w.org\/{rel}","templated":true}]}}