{"id":109,"date":"2021-12-04T17:43:51","date_gmt":"2021-12-04T17:43:51","guid":{"rendered":"http:\/\/keybox.nl\/?post_type=product&#038;p=109"},"modified":"2025-11-26T09:32:57","modified_gmt":"2025-11-26T09:32:57","slug":"keysecuritybox-sleutelkluis-ksb103","status":"publish","type":"product","link":"https:\/\/keybox.nl\/sv\/produkt\/keysecuritybox-sleutelkluis-ksb103\/","title":{"rendered":"Keysecuritybox KSB103 nyckelsk\u00e5p"},"content":{"rendered":"<h2>Keysecuritybox KSB103: det b\u00e4sta ytmonterade nyckelsk\u00e5pet!<\/h2>\n<p>Den enklaste och s\u00e4kraste l\u00f6sningen f\u00f6r f\u00f6rvaring av nycklar och nyckelkort 24\/7 - denna smarta, robusta och prisv\u00e4rda dropbox anv\u00e4nds av tusentals f\u00f6retag.<\/p>\n<p>F\u00f6rb\u00e4ttrad modell: nu mer inv\u00e4ndigt utrymme. Kan f\u00e5s med extra pansar p\u00e5 insidan mot angrepp utifr\u00e5n. D\u00f6rren har flyttats till sidan, vilket g\u00f6r att designen sm\u00e4lter in snyggt i fasaden.<\/p>\n<p>Om du inte vill placera Keysecurityboxen mot eller i v\u00e4ggen \u00e4r KSB103 den perfekta l\u00f6sningen. KSB103 \u00e4r en dropbox som placeras p\u00e5 en konsol eller stolpe.  Den h\u00e4r installationen placeras ofta bakom ett staket eller p\u00e5 en parkeringsplats, j\u00e4rnv\u00e4gsstation eller flygplats. KSB005 \u00e4r en stolpe f\u00f6r KSB103 som f\u00f6rankras i marken med hj\u00e4lp av betong. KSB106 \u00e4r en konsol som kan placeras p\u00e5 en betongbas och f\u00f6rankras i den.<\/p>\n<p>Enkelt Detta kompakta och robusta nyckelsk\u00e5p \u00e4r den enklaste l\u00f6sningen f\u00f6r optimal f\u00f6rvaring av nycklar och nyckelkort. Det finns i olika utf\u00f6randen, s\u00e5 att det alltid kan monteras mot eller i v\u00e4ggar. Inga v\u00e4ggar? D\u00e5 kan nyckelsk\u00e5pet monteras p\u00e5 en st\u00e5lkonsol. Kassask\u00e5pet \u00e4r helt mekaniskt och mycket anv\u00e4ndarv\u00e4nligt.<\/p>\n<p>Solitt Detta nyckelsk\u00e5p \u00e4r extremt starkt! Med undantag f\u00f6r ins\u00e4ttningshjulet \u00e4r det helt tillverkat av massivt st\u00e5l. Eftersom sk\u00e5pet bara har en enda r\u00f6rlig del \u00e4r det extremt h\u00e5llbart, v\u00e4derbest\u00e4ndigt och p\u00e5litligt. Och insatta nycklar och nyckelkort \u00e4r s\u00e4kra, f\u00f6r tack vare det intelligenta ins\u00e4ttningshjulet \u00e4r det om\u00f6jligt att \"fiska\" efter nycklar.<\/p>\n<p>Safe Vrid upp rullhjulet tills \u00f6ppningen syns, f\u00f6r in nyckeln eller nyckelkortet i rullhjulet och sl\u00e4pp rullhjulet s\u00e5 att det automatiskt vrids tillbaka och nyckeln faller in i kassask\u00e5pet. Enklare kan det inte bli.<\/p>\n<p><strong>DEN B\u00c4STA L\u00d6SNINGEN F\u00d6R BILUTHYRNINGSF\u00d6RETAG, LEASINGF\u00d6RETAG, BILHANDLARE, F\u00d6RETAG MED VAGNPARKER, BILHANDLARE, VERKST\u00c4DER, HOTELL OCH MYCKET MER.<\/strong><\/p>\n<p><strong>Ett urval av v\u00e5ra referenser<\/strong><br \/>\nBilhandlare: Audi, BMW, Chevolet, Citro\u00ebn, Fiat, Jaguar, Ford, Honda, Isuzu, Land Rover, MAN lastbilar, Mazda, Mercedes, Mitsubishi, Nissan, Tesla, Toyota, Opel, Peugeot, Rolls Royce, Renault, Saab, Porsche, Volvo, Volkswagen Biluthyrning: Avis, Hertz, Budget, Sixt, Europcar, Dockx, Thrifty, AVA Rent, Autorent, Drive Yourself, Bochane Rent, Oto2rent, Camion Rentals, Runner Trucks, Bultman Hertz Kollektivtrafik: Flygplats Schiphol Amsterdam, Flygplats Rotterdam, Flygplats Eindhoven, Flygplats Groningen, Flygplats Maastricht, Flygplats Antwerpen, Flygplats Bryssel, Charleroi Airport, Aeroport du Luxembourg, Station Antwerp Central \u00d6vriga: Carglass, ING Car Lease, Runner Truck Lease &amp; Rental, Scheer en Foppen Logistics, Borent, Philips Lighting Company cars &amp; Trailer Service, Dura Vermeer Road Construction, Bosch Universal Car Companies, Profile Tyre Center.<\/p>\n<p><strong>Specifikationer f\u00f6r KSB103<\/strong><br \/>\nM\u00e5tt: ytterm\u00e5tt: 215 x 215 x 395 mm (BxDxH)<br \/>\nVikt inklusive f\u00f6rpackning: ca 20,3 kg<br \/>\nKomplett s\u00e4kerhetsl\u00f6sning f\u00f6r dina nycklar<br \/>\nS\u00e4kerhetssk\u00e5p som kan \u00f6ppnas med nyckel<br \/>\nMjuk bottenmatta f\u00f6r att f\u00e5nga upp nycklar<br \/>\nInstruktionsetikett ovanf\u00f6r avfallshjulet<br \/>\nTv\u00e5 unika nycklar till bankfacket<br \/>\nTydliga instruktioner f\u00f6r installation<\/p>\n<p><strong>Material och ytbehandling<\/strong><br \/>\nKallvalsat kolst\u00e5l av h\u00f6g kvalitet<br \/>\n8 mm solid st\u00e5ld\u00f6rr elf\u00f6rzinkad<br \/>\nDupont pulverlackering (Ral 9006)<br \/>\nS\u00e4kerhetsl\u00e5s och nyckel<br \/>\nKassask\u00e5psl\u00e5s med speciell dubbelskottdesign<br \/>\nTv\u00e5 dubbeltandade nycklar med asymmetrisk profil<br \/>\nSk\u00e5pnyckeln kan inte tas ut n\u00e4r sk\u00e5pd\u00f6rren \u00e4r \u00f6ppen<br \/>\nMer \u00e4n 500.000 unika kombinationer av sk\u00e5pnycklar<br \/>\nIntelligent tipphjul<br \/>\nM\u00f6jlighet till f\u00f6rvaring av nycklar och nyckelkort med maxm\u00e5tt 125 x 43 x 61 mm<br \/>\nHjulet \u00e5terg\u00e5r automatiskt till startposition<br \/>\nG\u00f6r det om\u00f6jligt att \"fiska\" efter nycklar<br \/>\nUtf\u00f6rande enligt VDMA-standard klass A<\/p>\n<h3><strong>\"P\u00e5 Hertz har vi anv\u00e4nt Keysecurityboxarna<\/strong><br \/>\n<strong>i Benelux till v\u00e5r fulla bel\u00e5tenhet i flera \u00e5r.\"<\/strong><br \/>\nVerkst\u00e4llande direkt\u00f6r HERTZ Rent A Car BeNeLux<\/h3>","protected":false},"excerpt":{"rendered":"<h2>L\u00e5da f\u00f6r nyckels\u00e4kerhet KSB103<\/h2>\n<p>F\u00f6r montering p\u00e5 stolpe (KSB005) eller konsol KSB106<\/p>","protected":false},"featured_media":63,"comment_status":"open","ping_status":"closed","template":"","meta":[],"product_brand":[],"product_cat":[18],"product_tag":[25,31,24,21,20,29,30,26],"class_list":{"0":"post-109","1":"product","2":"type-product","3":"status-publish","4":"has-post-thumbnail","6":"product_cat-keysecuritybox","7":"product_tag-afstortkluis","8":"product_tag-console","9":"product_tag-dropbox","10":"product_tag-keybox","11":"product_tag-keysecuritybox","12":"product_tag-ksb103","13":"product_tag-paal","14":"product_tag-sleutelafstortkluis","16":"first","17":"instock","18":"taxable","19":"shipping-taxable","20":"purchasable","21":"product-type-simple"},"yoast_head":"<!-- This site is optimized with the Yoast SEO plugin v27.4 - https:\/\/yoast.com\/product\/yoast-seo-wordpress\/ -->\n<title>Keysecuritybox KSB103 sleutelkluis -<\/title>\n<meta name=\"robots\" content=\"index, follow, max-snippet:-1, max-image-preview:large, max-video-preview:-1\" \/>\n<link rel=\"canonical\" href=\"https:\/\/keybox.nl\/sv\/produkt\/keysecuritybox-sleutelkluis-ksb103\/\" \/>\n<meta property=\"og:locale\" content=\"sv_SE\" \/>\n<meta property=\"og:type\" content=\"article\" \/>\n<meta property=\"og:title\" content=\"Keysecuritybox KSB103 sleutelkluis -\" \/>\n<meta property=\"og:description\" content=\"Keysecuritybox KSB103 Voor montage op een paal (KSB005) of console KSB106\" \/>\n<meta property=\"og:url\" content=\"https:\/\/keybox.nl\/sv\/produkt\/keysecuritybox-sleutelkluis-ksb103\/\" \/>\n<meta property=\"article:modified_time\" content=\"2025-11-26T09:32:57+00:00\" \/>\n<meta property=\"og:image\" content=\"http:\/\/keybox.nl\/wp-content\/uploads\/2021\/11\/KSB_101_3-scaled-e1638352491754.jpg\" \/>\n\t<meta property=\"og:image:width\" content=\"487\" \/>\n\t<meta property=\"og:image:height\" content=\"487\" \/>\n\t<meta property=\"og:image:type\" content=\"image\/jpeg\" \/>\n<meta name=\"twitter:card\" content=\"summary_large_image\" \/>\n<meta name=\"twitter:label1\" content=\"Ber\u00e4knad l\u00e4stid\" \/>\n\t<meta name=\"twitter:data1\" content=\"4 minuter\" \/>\n<script type=\"application\/ld+json\" class=\"yoast-schema-graph\">{\"@context\":\"https:\\\/\\\/schema.org\",\"@graph\":[{\"@type\":\"WebPage\",\"@id\":\"https:\\\/\\\/keybox.nl\\\/product\\\/keysecuritybox-sleutelkluis-ksb103\\\/\",\"url\":\"https:\\\/\\\/keybox.nl\\\/product\\\/keysecuritybox-sleutelkluis-ksb103\\\/\",\"name\":\"Keysecuritybox KSB103 sleutelkluis -\",\"isPartOf\":{\"@id\":\"https:\\\/\\\/keybox.nl\\\/#website\"},\"primaryImageOfPage\":{\"@id\":\"https:\\\/\\\/keybox.nl\\\/product\\\/keysecuritybox-sleutelkluis-ksb103\\\/#primaryimage\"},\"image\":{\"@id\":\"https:\\\/\\\/keybox.nl\\\/product\\\/keysecuritybox-sleutelkluis-ksb103\\\/#primaryimage\"},\"thumbnailUrl\":\"https:\\\/\\\/keybox.nl\\\/wp-content\\\/uploads\\\/2021\\\/11\\\/KSB_101_3-scaled-e1638352491754.jpg\",\"datePublished\":\"2021-12-04T17:43:51+00:00\",\"dateModified\":\"2025-11-26T09:32:57+00:00\",\"breadcrumb\":{\"@id\":\"https:\\\/\\\/keybox.nl\\\/product\\\/keysecuritybox-sleutelkluis-ksb103\\\/#breadcrumb\"},\"inLanguage\":\"sv-SE\",\"potentialAction\":[{\"@type\":\"ReadAction\",\"target\":[\"https:\\\/\\\/keybox.nl\\\/product\\\/keysecuritybox-sleutelkluis-ksb103\\\/\"]}]},{\"@type\":\"ImageObject\",\"inLanguage\":\"sv-SE\",\"@id\":\"https:\\\/\\\/keybox.nl\\\/product\\\/keysecuritybox-sleutelkluis-ksb103\\\/#primaryimage\",\"url\":\"https:\\\/\\\/keybox.nl\\\/wp-content\\\/uploads\\\/2021\\\/11\\\/KSB_101_3-scaled-e1638352491754.jpg\",\"contentUrl\":\"https:\\\/\\\/keybox.nl\\\/wp-content\\\/uploads\\\/2021\\\/11\\\/KSB_101_3-scaled-e1638352491754.jpg\",\"width\":487,\"height\":487},{\"@type\":\"BreadcrumbList\",\"@id\":\"https:\\\/\\\/keybox.nl\\\/product\\\/keysecuritybox-sleutelkluis-ksb103\\\/#breadcrumb\",\"itemListElement\":[{\"@type\":\"ListItem\",\"position\":1,\"name\":\"Home\",\"item\":\"https:\\\/\\\/keybox.nl\\\/\"},{\"@type\":\"ListItem\",\"position\":2,\"name\":\"Beveiligde sleutelkastjes kopen\",\"item\":\"https:\\\/\\\/keybox.nl\\\/\"},{\"@type\":\"ListItem\",\"position\":3,\"name\":\"Keysecuritybox KSB103 sleutelkluis\"}]},{\"@type\":\"WebSite\",\"@id\":\"https:\\\/\\\/keybox.nl\\\/#website\",\"url\":\"https:\\\/\\\/keybox.nl\\\/\",\"name\":\"\",\"description\":\"\",\"potentialAction\":[{\"@type\":\"SearchAction\",\"target\":{\"@type\":\"EntryPoint\",\"urlTemplate\":\"https:\\\/\\\/keybox.nl\\\/?s={search_term_string}\"},\"query-input\":{\"@type\":\"PropertyValueSpecification\",\"valueRequired\":true,\"valueName\":\"search_term_string\"}}],\"inLanguage\":\"sv-SE\"}]}<\/script>\n<!-- \/ Yoast SEO plugin. -->","yoast_head_json":{"title":"Keysecuritybox KSB103 nyckels\u00e4kerhetssk\u00e5p","robots":{"index":"index","follow":"follow","max-snippet":"max-snippet:-1","max-image-preview":"max-image-preview:large","max-video-preview":"max-video-preview:-1"},"canonical":"https:\/\/keybox.nl\/sv\/produkt\/keysecuritybox-sleutelkluis-ksb103\/","og_locale":"sv_SE","og_type":"article","og_title":"Keysecuritybox KSB103 sleutelkluis -","og_description":"Keysecuritybox KSB103 Voor montage op een paal (KSB005) of console KSB106","og_url":"https:\/\/keybox.nl\/sv\/produkt\/keysecuritybox-sleutelkluis-ksb103\/","article_modified_time":"2025-11-26T09:32:57+00:00","og_image":[{"width":487,"height":487,"url":"http:\/\/keybox.nl\/wp-content\/uploads\/2021\/11\/KSB_101_3-scaled-e1638352491754.jpg","type":"image\/jpeg"}],"twitter_card":"summary_large_image","twitter_misc":{"Ber\u00e4knad l\u00e4stid":"4 minuter"},"schema":{"@context":"https:\/\/schema.org","@graph":[{"@type":"WebPage","@id":"https:\/\/keybox.nl\/product\/keysecuritybox-sleutelkluis-ksb103\/","url":"https:\/\/keybox.nl\/product\/keysecuritybox-sleutelkluis-ksb103\/","name":"Keysecuritybox KSB103 nyckels\u00e4kerhetssk\u00e5p","isPartOf":{"@id":"https:\/\/keybox.nl\/#website"},"primaryImageOfPage":{"@id":"https:\/\/keybox.nl\/product\/keysecuritybox-sleutelkluis-ksb103\/#primaryimage"},"image":{"@id":"https:\/\/keybox.nl\/product\/keysecuritybox-sleutelkluis-ksb103\/#primaryimage"},"thumbnailUrl":"https:\/\/keybox.nl\/wp-content\/uploads\/2021\/11\/KSB_101_3-scaled-e1638352491754.jpg","datePublished":"2021-12-04T17:43:51+00:00","dateModified":"2025-11-26T09:32:57+00:00","breadcrumb":{"@id":"https:\/\/keybox.nl\/product\/keysecuritybox-sleutelkluis-ksb103\/#breadcrumb"},"inLanguage":"sv-SE","potentialAction":[{"@type":"ReadAction","target":["https:\/\/keybox.nl\/product\/keysecuritybox-sleutelkluis-ksb103\/"]}]},{"@type":"ImageObject","inLanguage":"sv-SE","@id":"https:\/\/keybox.nl\/product\/keysecuritybox-sleutelkluis-ksb103\/#primaryimage","url":"https:\/\/keybox.nl\/wp-content\/uploads\/2021\/11\/KSB_101_3-scaled-e1638352491754.jpg","contentUrl":"https:\/\/keybox.nl\/wp-content\/uploads\/2021\/11\/KSB_101_3-scaled-e1638352491754.jpg","width":487,"height":487},{"@type":"BreadcrumbList","@id":"https:\/\/keybox.nl\/product\/keysecuritybox-sleutelkluis-ksb103\/#breadcrumb","itemListElement":[{"@type":"ListItem","position":1,"name":"Home","item":"https:\/\/keybox.nl\/"},{"@type":"ListItem","position":2,"name":"Beveiligde sleutelkastjes kopen","item":"https:\/\/keybox.nl\/"},{"@type":"ListItem","position":3,"name":"Keysecuritybox KSB103 sleutelkluis"}]},{"@type":"WebSite","@id":"https:\/\/keybox.nl\/#website","url":"https:\/\/keybox.nl\/","name":"","description":"","potentialAction":[{"@type":"SearchAction","target":{"@type":"EntryPoint","urlTemplate":"https:\/\/keybox.nl\/?s={search_term_string}"},"query-input":{"@type":"PropertyValueSpecification","valueRequired":true,"valueName":"search_term_string"}}],"inLanguage":"sv-SE"}]}},"jetpack-related-posts":[{"id":115,"url":"https:\/\/keybox.nl\/sv\/produkt\/keysecuritybox-sleutelkluis-ksb103a\/","url_meta":{"origin":109,"position":0},"title":"Keysecuritybox KSB103A extra bepansrat nyckelsk\u00e5p","author":"Keybox@beheermodule","date":"4 december 2021","format":false,"excerpt":"Nyckels\u00e4kerhetsbox KSB103A med extra pansar. KSB103A \u00e4r utrustad med extra Armor \/ pansar. Inuti kassask\u00e5pet finns ett extra inre kassask\u00e5p av specialst\u00e5l som ger h\u00f6gre skydd mot attacker. F\u00f6r montering p\u00e5 stolpe (KSB005) eller konsol KSB106","rel":"","context":"Liknande inl\u00e4gg","block_context":{"text":"Liknande inl\u00e4gg","link":""},"img":{"alt_text":"","src":"https:\/\/i0.wp.com\/keybox.nl\/wp-content\/uploads\/2021\/11\/KSB_101_3-scaled-e1638352491754.jpg?resize=350%2C200&ssl=1","width":350,"height":200},"classes":[]},{"id":184,"url":"https:\/\/keybox.nl\/sv\/produkt\/keysecuritybox-ksb106\/","url_meta":{"origin":109,"position":1},"title":"L\u00e5da f\u00f6r nyckels\u00e4kerhet KSB106","author":"Keybox@beheermodule","date":"26 januari 2022","format":false,"excerpt":"L\u00e5da f\u00f6r nyckels\u00e4kerhet KSB106 \u00a0","rel":"","context":"Liknande inl\u00e4gg","block_context":{"text":"Liknande inl\u00e4gg","link":""},"img":{"alt_text":"","src":"https:\/\/i0.wp.com\/keybox.nl\/wp-content\/uploads\/2022\/01\/MG_3154-scaled-e1643377303706.jpg?resize=350%2C200&ssl=1","width":350,"height":200,"srcset":"https:\/\/i0.wp.com\/keybox.nl\/wp-content\/uploads\/2022\/01\/MG_3154-scaled-e1643377303706.jpg?resize=350%2C200&ssl=1 1x, https:\/\/i0.wp.com\/keybox.nl\/wp-content\/uploads\/2022\/01\/MG_3154-scaled-e1643377303706.jpg?resize=525%2C300&ssl=1 1.5x, https:\/\/i0.wp.com\/keybox.nl\/wp-content\/uploads\/2022\/01\/MG_3154-scaled-e1643377303706.jpg?resize=700%2C400&ssl=1 2x"},"classes":[]},{"id":193,"url":"https:\/\/keybox.nl\/sv\/produkt\/keysecuritybox-sleutelkluis-ksb107\/","url_meta":{"origin":109,"position":2},"title":"Keysecuritybox KSB107 nyckelsk\u00e5p","author":"Keybox@beheermodule","date":"28 januari 2022","format":false,"excerpt":"Nyckelsk\u00e5p KSB107 KSB107 kan monteras i v\u00e4gg\/v\u00e4gg och \u00e4r mycket s\u00e4kert. Rull\u00f6ppning L44, H64, D 124 mm.","rel":"","context":"Liknande inl\u00e4gg","block_context":{"text":"Liknande inl\u00e4gg","link":""},"img":{"alt_text":"","src":"https:\/\/i0.wp.com\/keybox.nl\/wp-content\/uploads\/2022\/01\/Ksb007-5-225x300.jpg?resize=350%2C200","width":350,"height":200},"classes":[]},{"id":122,"url":"https:\/\/keybox.nl\/sv\/produkt\/keysecuritybox-ksb105\/","url_meta":{"origin":109,"position":3},"title":"L\u00e5da f\u00f6r nyckels\u00e4kerhet KSB105","author":"Keybox@beheermodule","date":"14 december 2021","format":false,"excerpt":"Nyckels\u00e4kerhetsbox KSB105 L\u00e4mplig f\u00f6r att f\u00f6rankra modell KSB103 och KSB004 i en stolpe.","rel":"","context":"Liknande inl\u00e4gg","block_context":{"text":"Liknande inl\u00e4gg","link":""},"img":{"alt_text":"","src":"https:\/\/i0.wp.com\/keybox.nl\/wp-content\/uploads\/2021\/12\/KSB005-e1639511667630.png?resize=350%2C200&ssl=1","width":350,"height":200},"classes":[]},{"id":201,"url":"https:\/\/keybox.nl\/sv\/produkt\/keysecuritybox-sleutelkluis-ksb107-wl\/","url_meta":{"origin":109,"position":4},"title":"Nyckels\u00e4kerhetsbox KSB107 W nyckelsk\u00e5p","author":"Keybox@beheermodule","date":"28 januari 2022","format":false,"excerpt":"Nyckelsk\u00e5p KSB107 XL KSB107 kan installeras i v\u00e4gg\/v\u00e4gg och \u00e4r extremt s\u00e4kert. Rull\u00f6ppning L66, H64, D 124 mm.","rel":"","context":"Liknande inl\u00e4gg","block_context":{"text":"Liknande inl\u00e4gg","link":""},"img":{"alt_text":"","src":"https:\/\/i0.wp.com\/keybox.nl\/wp-content\/uploads\/2022\/01\/Keysecuritybox-KSB107XL-300x300.jpg?resize=350%2C200","width":350,"height":200},"classes":[]},{"id":72,"url":"https:\/\/keybox.nl\/sv\/produkt\/keysecuritybox-sleutelkluis-ksb101a-ksb102a\/","url_meta":{"origin":109,"position":5},"title":"Nyckels\u00e4kerhetssk\u00e5p KSB101A, KSB102A extra bepansrat nyckels\u00e4kerhetssk\u00e5p","author":"Keybox@beheermodule","date":"1 december 2021","format":false,"excerpt":"Keysecuritybox KSB101A &amp; KSB102A KSB101A och 102A \u00e4r utrustade med extra Armor \/ pansar. Inuti kassask\u00e5pet finns ett extra inre kassask\u00e5p tillverkat av specialst\u00e5l som ger h\u00f6gre skydd mot attacker. Ett kassask\u00e5p i tv\u00e5 versioner: deponeringshjul v\u00e4nster eller h\u00f6ger","rel":"","context":"Med 1 kommentar","block_context":{"text":"Med 1 kommentar","link":"https:\/\/keybox.nl\/sv\/produkt\/keysecuritybox-sleutelkluis-ksb101a-ksb102a\/#comments"},"img":{"alt_text":"","src":"https:\/\/i0.wp.com\/keybox.nl\/wp-content\/uploads\/2021\/11\/KSB_101_3-scaled-e1638352491754.jpg?resize=350%2C200&ssl=1","width":350,"height":200},"classes":[]}],"jetpack_sharing_enabled":true,"_links":{"self":[{"href":"https:\/\/keybox.nl\/sv\/wp-json\/wp\/v2\/product\/109","targetHints":{"allow":["GET"]}}],"collection":[{"href":"https:\/\/keybox.nl\/sv\/wp-json\/wp\/v2\/product"}],"about":[{"href":"https:\/\/keybox.nl\/sv\/wp-json\/wp\/v2\/types\/product"}],"replies":[{"embeddable":true,"href":"https:\/\/keybox.nl\/sv\/wp-json\/wp\/v2\/comments?post=109"}],"wp:featuredmedia":[{"embeddable":true,"href":"https:\/\/keybox.nl\/sv\/wp-json\/wp\/v2\/media\/63"}],"wp:attachment":[{"href":"https:\/\/keybox.nl\/sv\/wp-json\/wp\/v2\/media?parent=109"}],"wp:term":[{"taxonomy":"product_brand","embeddable":true,"href":"https:\/\/keybox.nl\/sv\/wp-json\/wp\/v2\/product_brand?post=109"},{"taxonomy":"product_cat","embeddable":true,"href":"https:\/\/keybox.nl\/sv\/wp-json\/wp\/v2\/product_cat?post=109"},{"taxonomy":"product_tag","embeddable":true,"href":"https:\/\/keybox.nl\/sv\/wp-json\/wp\/v2\/product_tag?post=109"}],"curies":[{"name":"wp","href":"https:\/\/api.w.org\/{rel}","templated":true}]}}