{"id":558,"date":"2022-03-11T10:39:05","date_gmt":"2022-03-11T10:39:05","guid":{"rendered":"http:\/\/keybox.nl\/?page_id=558"},"modified":"2023-07-25T09:40:46","modified_gmt":"2023-07-25T09:40:46","slug":"cijferslot-kluis-bestellen","status":"publish","type":"page","link":"https:\/\/keybox.nl\/sv\/cijferslot-kluis-bestellen\/","title":{"rendered":"Best\u00e4llning av kassask\u00e5p med kombinationsl\u00e5s"},"content":{"rendered":"<div class=\"wp-block-cover alignfull\" style=\"min-height:200px;aspect-ratio:unset;\"><span aria-hidden=\"true\" class=\"wp-block-cover__background has-background-dim-60 has-background-dim\"><\/span><img decoding=\"async\" width=\"1920\" height=\"2560\" class=\"wp-block-cover__image-background wp-image-126\" alt=\"Kluis\" src=\"http:\/\/keybox.nl\/wp-content\/uploads\/2021\/12\/KSB103-KSB005-4-scaled.jpg\" style=\"object-position:50% 50%\" data-object-fit=\"cover\" data-object-position=\"50% 50%\" srcset=\"https:\/\/keybox.nl\/wp-content\/uploads\/2021\/12\/KSB103-KSB005-4-scaled.jpg 1920w, https:\/\/keybox.nl\/wp-content\/uploads\/2021\/12\/KSB103-KSB005-4-416x555.jpg 416w, https:\/\/keybox.nl\/wp-content\/uploads\/2021\/12\/KSB103-KSB005-4-225x300.jpg 225w, https:\/\/keybox.nl\/wp-content\/uploads\/2021\/12\/KSB103-KSB005-4-768x1024.jpg 768w, https:\/\/keybox.nl\/wp-content\/uploads\/2021\/12\/KSB103-KSB005-4-1152x1536.jpg 1152w, https:\/\/keybox.nl\/wp-content\/uploads\/2021\/12\/KSB103-KSB005-4-1536x2048.jpg 1536w, https:\/\/keybox.nl\/wp-content\/uploads\/2021\/12\/KSB103-KSB005-4-1320x1760.jpg 1320w\" sizes=\"(max-width: 1920px) 100vw, 1920px\" \/><div class=\"wp-block-cover__inner-container is-layout-flow wp-block-cover-is-layout-flow\">\n<h1 class=\"wp-block-heading alignwide has-text-align-left has-white-color has-text-color\" style=\"font-size:40px\">Best\u00e4ll ett kassask\u00e5p med kombinationsl\u00e5s<\/h1>\n\n\n\n<div class=\"wp-block-columns alignwide is-layout-flex wp-container-core-columns-is-layout-28f84493 wp-block-columns-is-layout-flex\">\n<div class=\"wp-block-column is-layout-flow wp-block-column-is-layout-flow\" style=\"flex-basis:55%\">\n<div class=\"wp-block-buttons is-layout-flex wp-block-buttons-is-layout-flex\">\n<div class=\"wp-block-button cta-knop alignleft\"><a class=\"wp-block-button__link has-black-color has-white-background-color has-text-color has-background wp-element-button\" href=\"http:\/\/keybox.nl\/sv\/\">Till webbshoppen!<\/a><\/div>\n<\/div>\n<\/div>\n<\/div>\n<\/div><\/div>\n\n\n\n<div style=\"height:50px\" aria-hidden=\"true\" class=\"wp-block-spacer\"><\/div>\n\n\n\n<div class=\"wp-block-group alignfull is-content-justification-center is-layout-flex wp-container-core-group-is-layout-81a7f686 wp-block-group-is-layout-flex\">\n<p class=\"usps has-normal-font-size\">\u2713 Anv\u00e4ndarv\u00e4nlig<\/p>\n\n\n\n<p>\u2713 Motst\u00e5ndskraftig och s\u00e4ker<\/p>\n\n\n\n<p>\u2713 Olika modeller<\/p>\n<\/div>\n\n\n\n<style>\n.cta-knop {\nmargin-left: 35px !important;\n}\n\n.cta-knop:hover {\nopacity: 0.75;\n}\n\n@media only screen and (max-width: 1064px) {\n.cta-knop {\nmargin-left: 0px !important;\n}\n\n.wp-block-group.alignfull {\n    display: flex;\n    flex-direction: column;\n}\n}\n<\/style>\n\n\n\n<div style=\"height:100px\" aria-hidden=\"true\" class=\"wp-block-spacer\"><\/div>\n\n\n\n<p class=\"has-text-align-left align-left has-black-color has-text-color has-normal-font-size\">Ett kombinationsl\u00e5s p\u00e5 ditt kassask\u00e5p \u00e4r ett bra val n\u00e4r du vill best\u00e4lla ett kassask\u00e5p. Ett kombinationsl\u00e5s ger utm\u00e4rkt s\u00e4kerhet f\u00f6r dina v\u00e4rdesaker eftersom en numerisk kod \u00e4r sv\u00e5r att kn\u00e4cka. Detta g\u00f6r det mer troligt att tjuvar l\u00e4mnar kassask\u00e5pet i fred. Hos Keybox.co.uk hittar du flera kvalitetssk\u00e5p med ett bekv\u00e4mt kombinationsl\u00e5s. Dessa kassask\u00e5p \u00e4r ocks\u00e5 mycket enkla att anv\u00e4nda och installera.<\/p>\n\n\n\n<div style=\"height:100px\" aria-hidden=\"true\" class=\"wp-block-spacer\"><\/div>\n\n\n\n<div class=\"wp-block-group is-content-justification-center is-layout-flex wp-container-core-group-is-layout-81a7f686 wp-block-group-is-layout-flex\">\n<div class=\"wp-block-media-text alignwide is-stacked-on-mobile is-vertically-aligned-center\" style=\"grid-template-columns:40% auto\"><figure class=\"wp-block-media-text__media\"><img decoding=\"async\" width=\"880\" height=\"1024\" src=\"http:\/\/keybox.nl\/wp-content\/uploads\/2022\/02\/digibox-keybox-RAL-5010-880x1024.jpg\" alt=\"Digibox Ral 5010 Keybox\" class=\"wp-image-308 size-full\" srcset=\"https:\/\/keybox.nl\/wp-content\/uploads\/2022\/02\/digibox-keybox-RAL-5010-880x1024.jpg 880w, https:\/\/keybox.nl\/wp-content\/uploads\/2022\/02\/digibox-keybox-RAL-5010-416x484.jpg 416w, https:\/\/keybox.nl\/wp-content\/uploads\/2022\/02\/digibox-keybox-RAL-5010-258x300.jpg 258w, https:\/\/keybox.nl\/wp-content\/uploads\/2022\/02\/digibox-keybox-RAL-5010-768x893.jpg 768w, https:\/\/keybox.nl\/wp-content\/uploads\/2022\/02\/digibox-keybox-RAL-5010-1320x1536.jpg 1320w, https:\/\/keybox.nl\/wp-content\/uploads\/2022\/02\/digibox-keybox-RAL-5010.jpg 1727w\" sizes=\"(max-width: 880px) 100vw, 880px\" \/><\/figure><div class=\"wp-block-media-text__content\">\n<h2 class=\"wp-block-heading\">Varf\u00f6r best\u00e4lla ett kassask\u00e5p med kombinationsl\u00e5s?<\/h2>\n\n\n\n<p>Det \u00e4r viktigt att f\u00f6rvara v\u00e4rdesaker p\u00e5 ett s\u00e4kert s\u00e4tt f\u00f6r att f\u00f6rhindra skador eller st\u00f6ld. I v\u00e5r webbshop kan du best\u00e4lla ett praktiskt kassask\u00e5p med kombinationsl\u00e5s. Det hindrar objudna g\u00e4ster fr\u00e5n att komma \u00e5t dina v\u00e4rdefulla \u00e4godelar, men g\u00f6r det m\u00f6jligt f\u00f6r flera personer att komma \u00e5t kassask\u00e5pet. Det <a href=\"http:\/\/keybox.nl\/sv\/elektronische-sleutelkluis-kopen\/\">elektroniskt nyckelsk\u00e5p<\/a> kr\u00e4ver ingen komplicerad installation och \u00e4r mycket anv\u00e4ndarv\u00e4nligt. Om du letar efter ett specialsk\u00e5p f\u00f6r dina nycklar kan du ocks\u00e5 kontakta oss f\u00f6r <a href=\"http:\/\/keybox.nl\/sv\/sleutelkastjes-met-code-kopen\/\">nyckelboxar med kod<\/a>. Detta g\u00f6r att du kan f\u00f6rvara flera nycklar i ett s\u00e4kert sk\u00e5p. F\u00f6r ett l\u00e4gre antal nycklar erbjuder vi <a href=\"http:\/\/keybox.nl\/sv\/kleine-sleutelkluisjes-kopen\/\">sm\u00e5 nyckelsk\u00e5p<\/a> till.<\/p>\n<\/div><\/div>\n<\/div>\n\n\n\n<div style=\"height:100px\" aria-hidden=\"true\" class=\"wp-block-spacer\"><\/div>\n\n\n\n<h2 class=\"wp-block-heading has-text-align-center\"><strong>Vill du best\u00e4lla ett kassask\u00e5p med kombinationsl\u00e5s fr\u00e5n oss?<\/strong><\/h2>\n\n\n\n<div class=\"wp-block-buttons is-content-justification-center is-layout-flex wp-container-core-buttons-is-layout-a89b3969 wp-block-buttons-is-layout-flex\">\n<div class=\"wp-block-button is-style-outline is-style-outline--1\"><a class=\"wp-block-button__link wp-element-button\" href=\"http:\/\/keybox.nl\/sv\/\">Se webbshoppen<\/a><\/div>\n<\/div>\n\n\n\n<div style=\"height:100px\" aria-hidden=\"true\" class=\"wp-block-spacer\"><\/div>\n\n\n\n<div class=\"wp-block-group is-content-justification-center is-layout-flex wp-container-core-group-is-layout-81a7f686 wp-block-group-is-layout-flex\">\n<div class=\"wp-block-media-text alignwide has-media-on-the-right is-stacked-on-mobile is-vertically-aligned-center\" style=\"grid-template-columns:auto 40%\"><div class=\"wp-block-media-text__content\">\n<h3 class=\"wp-block-heading has-text-color\" style=\"color:#000000;font-size:32px\"><strong>S\u00e4kra din egendom<\/strong><\/h3>\n\n\n\n<p class=\"has-text-color has-normal-font-size\" style=\"color:#000000\">S\u00e4kra dina v\u00e4rdesaker genom att best\u00e4lla ett kassask\u00e5p med kombinationsl\u00e5s. Det f\u00f6rhindrar att n\u00e5gon annan tar bort eller skadar dina \u00e4godelar. P\u00e5 Keybox.nl i Bussum s\u00e4ljer vi <a href=\"http:\/\/keybox.nl\/sv\/\">olika nyckelsk\u00e5p<\/a> F\u00f6r att s\u00e4kert f\u00f6rvara dina tillh\u00f6righeter. Best\u00e4ll ett kassask\u00e5p eller b\u00f6rja med att beg\u00e4ra en offert. Det \u00e4r ocks\u00e5 m\u00f6jligt att boka tid. Skicka dina uppgifter till oss via <a href=\"http:\/\/keybox.nl\/sv\/contact\/\">v\u00e5rt kontaktformul\u00e4r<\/a>!<\/p>\n<\/div><figure class=\"wp-block-media-text__media\"><img decoding=\"async\" width=\"1024\" height=\"1024\" src=\"http:\/\/keybox.nl\/wp-content\/uploads\/2022\/02\/Digibox-7-haken-Keybox-1024x1024.jpg\" alt=\"\" class=\"wp-image-304 size-full\"\/><\/figure><\/div>\n<\/div>\n\n\n\n<div style=\"height:50px\" aria-hidden=\"true\" class=\"wp-block-spacer\"><\/div>\n\n\n\n<h2 class=\"wp-block-heading alignwide has-text-align-left form-titel\"><strong>Har du fr\u00e5gor om s\u00e4kerhet?<\/strong><\/h2>\n\n\n<div class=\"wp-block-jetpack-contact-form alignwide is-layout-flex wp-container-jetpack-contact-form-is-layout-2b4208ba wp-block-jetpack-contact-form-is-layout-flex\"><a href=\"https:\/\/keybox.nl\/sv\/cijferslot-kluis-bestellen\/\" target=\"_blank\" rel=\"noopener noreferrer\">Skicka ett formul\u00e4r.<\/a><\/div>\n\n\n<p><\/p>","protected":false},"excerpt":{"rendered":"<p>\u2713 Gebruiksvriendelijk \u2713 Bestendig en veilig \u2713 Diverse modellen Een cijferslot op uw kluis is een goede keuze wanneer u een kluis wilt bestellen. Een cijferslot zorgt voor een uitstekende beveiliging van uw kostbaarheden, omdat een cijfercode lastig is om te kraken. Dat maakt het waarschijnlijker dat dieven de kluis met rust laten. Bij Keybox.nl [&hellip;]<\/p>\n","protected":false},"author":1,"featured_media":0,"parent":0,"menu_order":0,"comment_status":"closed","ping_status":"closed","template":"template-fullwidth.php","meta":{"footnotes":""},"class_list":["post-558","page","type-page","status-publish","hentry"],"yoast_head":"<!-- This site is optimized with the Yoast SEO plugin v27.4 - https:\/\/yoast.com\/product\/yoast-seo-wordpress\/ -->\n<title>Een kluis met cijferslot bestellen voor extra veiligheid -<\/title>\n<meta name=\"description\" content=\"Een cijferslot op uw kluis is bijzonder veilig wanneer u een goede kluis wilt bestellen. Bekijk al onze handige kluizen hier en maak uw keuze!\" \/>\n<meta name=\"robots\" content=\"index, follow, max-snippet:-1, max-image-preview:large, max-video-preview:-1\" \/>\n<link rel=\"canonical\" href=\"https:\/\/keybox.nl\/sv\/cijferslot-kluis-bestellen\/\" \/>\n<meta property=\"og:locale\" content=\"sv_SE\" \/>\n<meta property=\"og:type\" content=\"article\" \/>\n<meta property=\"og:title\" content=\"Een kluis met cijferslot bestellen voor extra veiligheid -\" \/>\n<meta property=\"og:description\" content=\"Een cijferslot op uw kluis is bijzonder veilig wanneer u een goede kluis wilt bestellen. Bekijk al onze handige kluizen hier en maak uw keuze!\" \/>\n<meta property=\"og:url\" content=\"https:\/\/keybox.nl\/sv\/cijferslot-kluis-bestellen\/\" \/>\n<meta property=\"article:modified_time\" content=\"2023-07-25T09:40:46+00:00\" \/>\n<meta property=\"og:image\" content=\"http:\/\/keybox.nl\/wp-content\/uploads\/2021\/12\/KSB103-KSB005-4-scaled.jpg\" \/>\n<meta name=\"twitter:card\" content=\"summary_large_image\" \/>\n<meta name=\"twitter:label1\" content=\"Ber\u00e4knad l\u00e4stid\" \/>\n\t<meta name=\"twitter:data1\" content=\"2 minuter\" \/>\n<script type=\"application\/ld+json\" class=\"yoast-schema-graph\">{\"@context\":\"https:\\\/\\\/schema.org\",\"@graph\":[{\"@type\":\"WebPage\",\"@id\":\"https:\\\/\\\/keybox.nl\\\/cijferslot-kluis-bestellen\\\/\",\"url\":\"https:\\\/\\\/keybox.nl\\\/cijferslot-kluis-bestellen\\\/\",\"name\":\"Een kluis met cijferslot bestellen voor extra veiligheid -\",\"isPartOf\":{\"@id\":\"https:\\\/\\\/keybox.nl\\\/#website\"},\"primaryImageOfPage\":{\"@id\":\"https:\\\/\\\/keybox.nl\\\/cijferslot-kluis-bestellen\\\/#primaryimage\"},\"image\":{\"@id\":\"https:\\\/\\\/keybox.nl\\\/cijferslot-kluis-bestellen\\\/#primaryimage\"},\"thumbnailUrl\":\"http:\\\/\\\/keybox.nl\\\/wp-content\\\/uploads\\\/2021\\\/12\\\/KSB103-KSB005-4-scaled.jpg\",\"datePublished\":\"2022-03-11T10:39:05+00:00\",\"dateModified\":\"2023-07-25T09:40:46+00:00\",\"description\":\"Een cijferslot op uw kluis is bijzonder veilig wanneer u een goede kluis wilt bestellen. Bekijk al onze handige kluizen hier en maak uw keuze!\",\"breadcrumb\":{\"@id\":\"https:\\\/\\\/keybox.nl\\\/cijferslot-kluis-bestellen\\\/#breadcrumb\"},\"inLanguage\":\"sv-SE\",\"potentialAction\":[{\"@type\":\"ReadAction\",\"target\":[\"https:\\\/\\\/keybox.nl\\\/cijferslot-kluis-bestellen\\\/\"]}]},{\"@type\":\"ImageObject\",\"inLanguage\":\"sv-SE\",\"@id\":\"https:\\\/\\\/keybox.nl\\\/cijferslot-kluis-bestellen\\\/#primaryimage\",\"url\":\"http:\\\/\\\/keybox.nl\\\/wp-content\\\/uploads\\\/2021\\\/12\\\/KSB103-KSB005-4-scaled.jpg\",\"contentUrl\":\"http:\\\/\\\/keybox.nl\\\/wp-content\\\/uploads\\\/2021\\\/12\\\/KSB103-KSB005-4-scaled.jpg\"},{\"@type\":\"BreadcrumbList\",\"@id\":\"https:\\\/\\\/keybox.nl\\\/cijferslot-kluis-bestellen\\\/#breadcrumb\",\"itemListElement\":[{\"@type\":\"ListItem\",\"position\":1,\"name\":\"Home\",\"item\":\"https:\\\/\\\/keybox.nl\\\/\"},{\"@type\":\"ListItem\",\"position\":2,\"name\":\"Cijferslot kluis bestellen\"}]},{\"@type\":\"WebSite\",\"@id\":\"https:\\\/\\\/keybox.nl\\\/#website\",\"url\":\"https:\\\/\\\/keybox.nl\\\/\",\"name\":\"\",\"description\":\"\",\"potentialAction\":[{\"@type\":\"SearchAction\",\"target\":{\"@type\":\"EntryPoint\",\"urlTemplate\":\"https:\\\/\\\/keybox.nl\\\/?s={search_term_string}\"},\"query-input\":{\"@type\":\"PropertyValueSpecification\",\"valueRequired\":true,\"valueName\":\"search_term_string\"}}],\"inLanguage\":\"sv-SE\"}]}<\/script>\n<!-- \/ Yoast SEO plugin. -->","yoast_head_json":{"title":"Best\u00e4ll ett kassask\u00e5p med kombinationsl\u00e5s f\u00f6r extra s\u00e4kerhet - -.","description":"Ett kombinationsl\u00e5s p\u00e5 ditt kassask\u00e5p \u00e4r s\u00e4rskilt s\u00e4kert n\u00e4r du vill best\u00e4lla ett bra kassask\u00e5p. Kolla in alla v\u00e5ra praktiska kassask\u00e5p h\u00e4r och g\u00f6r ditt val!","robots":{"index":"index","follow":"follow","max-snippet":"max-snippet:-1","max-image-preview":"max-image-preview:large","max-video-preview":"max-video-preview:-1"},"canonical":"https:\/\/keybox.nl\/sv\/cijferslot-kluis-bestellen\/","og_locale":"sv_SE","og_type":"article","og_title":"Een kluis met cijferslot bestellen voor extra veiligheid -","og_description":"Een cijferslot op uw kluis is bijzonder veilig wanneer u een goede kluis wilt bestellen. Bekijk al onze handige kluizen hier en maak uw keuze!","og_url":"https:\/\/keybox.nl\/sv\/cijferslot-kluis-bestellen\/","article_modified_time":"2023-07-25T09:40:46+00:00","og_image":[{"url":"http:\/\/keybox.nl\/wp-content\/uploads\/2021\/12\/KSB103-KSB005-4-scaled.jpg","type":"","width":"","height":""}],"twitter_card":"summary_large_image","twitter_misc":{"Ber\u00e4knad l\u00e4stid":"2 minuter"},"schema":{"@context":"https:\/\/schema.org","@graph":[{"@type":"WebPage","@id":"https:\/\/keybox.nl\/cijferslot-kluis-bestellen\/","url":"https:\/\/keybox.nl\/cijferslot-kluis-bestellen\/","name":"Best\u00e4ll ett kassask\u00e5p med kombinationsl\u00e5s f\u00f6r extra s\u00e4kerhet - -.","isPartOf":{"@id":"https:\/\/keybox.nl\/#website"},"primaryImageOfPage":{"@id":"https:\/\/keybox.nl\/cijferslot-kluis-bestellen\/#primaryimage"},"image":{"@id":"https:\/\/keybox.nl\/cijferslot-kluis-bestellen\/#primaryimage"},"thumbnailUrl":"http:\/\/keybox.nl\/wp-content\/uploads\/2021\/12\/KSB103-KSB005-4-scaled.jpg","datePublished":"2022-03-11T10:39:05+00:00","dateModified":"2023-07-25T09:40:46+00:00","description":"Ett kombinationsl\u00e5s p\u00e5 ditt kassask\u00e5p \u00e4r s\u00e4rskilt s\u00e4kert n\u00e4r du vill best\u00e4lla ett bra kassask\u00e5p. Kolla in alla v\u00e5ra praktiska kassask\u00e5p h\u00e4r och g\u00f6r ditt val!","breadcrumb":{"@id":"https:\/\/keybox.nl\/cijferslot-kluis-bestellen\/#breadcrumb"},"inLanguage":"sv-SE","potentialAction":[{"@type":"ReadAction","target":["https:\/\/keybox.nl\/cijferslot-kluis-bestellen\/"]}]},{"@type":"ImageObject","inLanguage":"sv-SE","@id":"https:\/\/keybox.nl\/cijferslot-kluis-bestellen\/#primaryimage","url":"http:\/\/keybox.nl\/wp-content\/uploads\/2021\/12\/KSB103-KSB005-4-scaled.jpg","contentUrl":"http:\/\/keybox.nl\/wp-content\/uploads\/2021\/12\/KSB103-KSB005-4-scaled.jpg"},{"@type":"BreadcrumbList","@id":"https:\/\/keybox.nl\/cijferslot-kluis-bestellen\/#breadcrumb","itemListElement":[{"@type":"ListItem","position":1,"name":"Home","item":"https:\/\/keybox.nl\/"},{"@type":"ListItem","position":2,"name":"Cijferslot kluis bestellen"}]},{"@type":"WebSite","@id":"https:\/\/keybox.nl\/#website","url":"https:\/\/keybox.nl\/","name":"","description":"","potentialAction":[{"@type":"SearchAction","target":{"@type":"EntryPoint","urlTemplate":"https:\/\/keybox.nl\/?s={search_term_string}"},"query-input":{"@type":"PropertyValueSpecification","valueRequired":true,"valueName":"search_term_string"}}],"inLanguage":"sv-SE"}]}},"jetpack-related-posts":[{"id":1528,"url":"https:\/\/keybox.nl\/sv\/elektronische-sleutelkluis-kopen\/","url_meta":{"origin":558,"position":0},"title":"elektronisk nyckel s\u00e4kert k\u00f6p","author":"Keybox@beheermodule","date":"20 juli 2023","format":false,"excerpt":"K\u00f6p elektroniskt nyckelsk\u00e5p Till webbshoppen! \u2713 Anv\u00e4ndarv\u00e4nligt \u2713 Motst\u00e5ndskraftigt och s\u00e4kert \u2713 Olika modeller Att k\u00f6pa ett elektroniskt nyckelsk\u00e5p \u00e4r det f\u00f6rsta steget n\u00e4r det g\u00e4ller att garantera s\u00e4kerheten p\u00e5 ditt f\u00f6retag eller i ditt hem. Keybox.co.uk erbjuder dig den l\u00f6sning som passar dina behov s\u00f6ml\u00f6st. Dessa kassask\u00e5p...","rel":"","context":"Liknande inl\u00e4gg","block_context":{"text":"Liknande inl\u00e4gg","link":""},"img":{"alt_text":"","src":"https:\/\/i0.wp.com\/keybox.nl\/wp-content\/uploads\/2023\/02\/Keysafe-Big-Pro-sleutelkastje_keybox.jpeg?resize=350%2C200&ssl=1","width":350,"height":200,"srcset":"https:\/\/i0.wp.com\/keybox.nl\/wp-content\/uploads\/2023\/02\/Keysafe-Big-Pro-sleutelkastje_keybox.jpeg?resize=350%2C200&ssl=1 1x, https:\/\/i0.wp.com\/keybox.nl\/wp-content\/uploads\/2023\/02\/Keysafe-Big-Pro-sleutelkastje_keybox.jpeg?resize=525%2C300&ssl=1 1.5x, https:\/\/i0.wp.com\/keybox.nl\/wp-content\/uploads\/2023\/02\/Keysafe-Big-Pro-sleutelkastje_keybox.jpeg?resize=700%2C400&ssl=1 2x"},"classes":[]},{"id":543,"url":"https:\/\/keybox.nl\/sv\/inbraakwerende-kluis-kopen\/","url_meta":{"origin":558,"position":1},"title":"K\u00f6p inbrottss\u00e4kert kassask\u00e5p","author":"Keybox@beheermodule","date":"11 mars 2022","format":false,"excerpt":"K\u00f6pa ett motst\u00e5ndskraftigt, inbrottss\u00e4kert kassask\u00e5p Till webbshoppen! Anv\u00e4ndarv\u00e4nligt \u2713 Motst\u00e5ndskraftigt och s\u00e4kert \u2713 Olika modeller Att k\u00f6pa ett inbrottss\u00e4kert kassask\u00e5p f\u00f6r dina v\u00e4rdesaker \u00e4r viktigt. Det ger dem n\u00e4mligen ett utm\u00e4rkt skydd mot olika typer av st\u00f6lder. Hos Keybox.co.uk kan du k\u00f6pa ett inbrottss\u00e4kert kassask\u00e5p f\u00f6r dina nycklar som du...","rel":"","context":"Liknande inl\u00e4gg","block_context":{"text":"Liknande inl\u00e4gg","link":""},"img":{"alt_text":"Keysafe Slim line","src":"https:\/\/i0.wp.com\/keybox.nl\/wp-content\/uploads\/2022\/12\/Keysafe_Slim_line_Keybox.jpeg?resize=350%2C200&ssl=1","width":350,"height":200,"srcset":"https:\/\/i0.wp.com\/keybox.nl\/wp-content\/uploads\/2022\/12\/Keysafe_Slim_line_Keybox.jpeg?resize=350%2C200&ssl=1 1x, https:\/\/i0.wp.com\/keybox.nl\/wp-content\/uploads\/2022\/12\/Keysafe_Slim_line_Keybox.jpeg?resize=525%2C300&ssl=1 1.5x, https:\/\/i0.wp.com\/keybox.nl\/wp-content\/uploads\/2022\/12\/Keysafe_Slim_line_Keybox.jpeg?resize=700%2C400&ssl=1 2x"},"classes":[]},{"id":1509,"url":"https:\/\/keybox.nl\/sv\/digitaal-sleutelbeheersysteem\/","url_meta":{"origin":558,"position":2},"title":"system f\u00f6r hantering av digitala nycklar","author":"Keybox@beheermodule","date":"20 juli 2023","format":false,"excerpt":"Digitalt nyckelhanteringssystem Till webbshoppen! \u2713 Anv\u00e4ndarv\u00e4nligt \u2713 T\u00e5ligt och s\u00e4kert \u2713 Olika modeller \u00c4r du intresserad av ett digitalt nyckelhanteringssystem? D\u00e5 \u00e4r v\u00e5r Digibox med sju nyckelkrokar exakt vad du letar efter. Tack vare detta uppfinningsrika system kan du hantera nycklarna inom ditt f\u00f6retag p\u00e5 ett s\u00e4kert och exakt s\u00e4tt....","rel":"","context":"Liknande inl\u00e4gg","block_context":{"text":"Liknande inl\u00e4gg","link":""},"img":{"alt_text":"Digibox Ral 5010 Keybox","src":"https:\/\/i0.wp.com\/keybox.nl\/wp-content\/uploads\/2022\/02\/digibox-keybox-RAL-5010.jpg?resize=350%2C200&ssl=1","width":350,"height":200,"srcset":"https:\/\/i0.wp.com\/keybox.nl\/wp-content\/uploads\/2022\/02\/digibox-keybox-RAL-5010.jpg?resize=350%2C200&ssl=1 1x, https:\/\/i0.wp.com\/keybox.nl\/wp-content\/uploads\/2022\/02\/digibox-keybox-RAL-5010.jpg?resize=525%2C300&ssl=1 1.5x, https:\/\/i0.wp.com\/keybox.nl\/wp-content\/uploads\/2022\/02\/digibox-keybox-RAL-5010.jpg?resize=700%2C400&ssl=1 2x, https:\/\/i0.wp.com\/keybox.nl\/wp-content\/uploads\/2022\/02\/digibox-keybox-RAL-5010.jpg?resize=1050%2C600&ssl=1 3x, https:\/\/i0.wp.com\/keybox.nl\/wp-content\/uploads\/2022\/02\/digibox-keybox-RAL-5010.jpg?resize=1400%2C800&ssl=1 4x"},"classes":[]},{"id":1510,"url":"https:\/\/keybox.nl\/sv\/geldkluis-bestellen\/","url_meta":{"origin":558,"position":3},"title":"Best\u00e4ll ett penningsk\u00e5p","author":"Keybox@beheermodule","date":"20 juli 2023","format":false,"excerpt":"Best\u00e4ll kassask\u00e5p till webbshoppen! \u2713 Anv\u00e4ndarv\u00e4nlig \u2713 T\u00e5lig och s\u00e4ker \u2713 Olika modeller Vill du best\u00e4lla ett kassask\u00e5p? D\u00e5 \u00e4r Keybox.co.uk den webbplats du letar efter. Vi erbjuder kassask\u00e5p av s\u00e4rskilt h\u00f6g kvalitet. V\u00e5ra kassask\u00e5p \u00e4r kompakta, s\u00e5 de sticker inte ut. Dessutom \u00e4r de helt inbrottsbest\u00e4ndiga och...","rel":"","context":"Liknande inl\u00e4gg","block_context":{"text":"Liknande inl\u00e4gg","link":""},"img":{"alt_text":"","src":"https:\/\/i0.wp.com\/keybox.nl\/wp-content\/uploads\/2021\/12\/KSB_102_1-e1638478691321.jpg?resize=350%2C200&ssl=1","width":350,"height":200,"srcset":"https:\/\/i0.wp.com\/keybox.nl\/wp-content\/uploads\/2021\/12\/KSB_102_1-e1638478691321.jpg?resize=350%2C200&ssl=1 1x, https:\/\/i0.wp.com\/keybox.nl\/wp-content\/uploads\/2021\/12\/KSB_102_1-e1638478691321.jpg?resize=525%2C300&ssl=1 1.5x, https:\/\/i0.wp.com\/keybox.nl\/wp-content\/uploads\/2021\/12\/KSB_102_1-e1638478691321.jpg?resize=700%2C400&ssl=1 2x"},"classes":[]},{"id":30,"url":"https:\/\/keybox.nl\/sv\/","url_meta":{"origin":558,"position":4},"title":"K\u00f6pa s\u00e4kra nyckelsk\u00e5p","author":"Keybox@beheermodule","date":"30 november 2021","format":false,"excerpt":"P\u00e5 Keybox.se kan du bland annat k\u00f6pa ett robust kassask\u00e5p eller s\u00e4kra nyckelsk\u00e5p. Vi erbjuder olika typer av kassask\u00e5p; fr\u00e5n diskreta nyckelsk\u00e5p till v\u00e4ggsk\u00e5p med ins\u00e4ttningshjul. Hos oss kan du best\u00e4lla ett kassask\u00e5p till ditt f\u00f6retag, men ocks\u00e5 till ditt hem. Tack vare v\u00e5rt breda utbud av nyckelsk\u00e5p,...","rel":"","context":"Med 1 kommentar","block_context":{"text":"Med 1 kommentar","link":"https:\/\/keybox.nl\/sv\/#comments"},"img":{"alt_text":"","src":"","width":0,"height":0},"classes":[]},{"id":540,"url":"https:\/\/keybox.nl\/sv\/afstortkluis-bestellen\/","url_meta":{"origin":558,"position":5},"title":"Best\u00e4llning av deponeringssk\u00e5p","author":"Keybox@beheermodule","date":"11 mars 2022","format":false,"excerpt":"Best\u00e4ll ett s\u00e4kert kassask\u00e5p Till webbshoppen! \u2713 Anv\u00e4ndarv\u00e4nligt \u2713 T\u00e5ligt och s\u00e4kert \u2713 Olika modeller Ett kassask\u00e5p \u00e4r ett perfekt val att best\u00e4lla n\u00e4r du vill f\u00f6rvara nycklar eller andra sm\u00e5 f\u00f6rem\u00e5l p\u00e5 ett s\u00e4kert s\u00e4tt i ditt f\u00f6retag. Tack vare det smarta deponeringssystemet och v\u00e4ggar av massivt tr\u00e4 \u00e4r v\u00e5ra kassask\u00e5p...","rel":"","context":"Liknande inl\u00e4gg","block_context":{"text":"Liknande inl\u00e4gg","link":""},"img":{"alt_text":"","src":"https:\/\/i0.wp.com\/keybox.nl\/wp-content\/uploads\/2022\/01\/IMG_5363-scaled-e1643386544179.jpg?resize=350%2C200&ssl=1","width":350,"height":200},"classes":[]}],"jetpack_sharing_enabled":true,"_links":{"self":[{"href":"https:\/\/keybox.nl\/sv\/wp-json\/wp\/v2\/pages\/558","targetHints":{"allow":["GET"]}}],"collection":[{"href":"https:\/\/keybox.nl\/sv\/wp-json\/wp\/v2\/pages"}],"about":[{"href":"https:\/\/keybox.nl\/sv\/wp-json\/wp\/v2\/types\/page"}],"author":[{"embeddable":true,"href":"https:\/\/keybox.nl\/sv\/wp-json\/wp\/v2\/users\/1"}],"replies":[{"embeddable":true,"href":"https:\/\/keybox.nl\/sv\/wp-json\/wp\/v2\/comments?post=558"}],"version-history":[{"count":5,"href":"https:\/\/keybox.nl\/sv\/wp-json\/wp\/v2\/pages\/558\/revisions"}],"predecessor-version":[{"id":1650,"href":"https:\/\/keybox.nl\/sv\/wp-json\/wp\/v2\/pages\/558\/revisions\/1650"}],"wp:attachment":[{"href":"https:\/\/keybox.nl\/sv\/wp-json\/wp\/v2\/media?parent=558"}],"curies":[{"name":"wp","href":"https:\/\/api.w.org\/{rel}","templated":true}]}}