{"id":556,"date":"2022-03-11T10:37:59","date_gmt":"2022-03-11T10:37:59","guid":{"rendered":"http:\/\/keybox.nl\/?page_id=556"},"modified":"2023-07-25T09:36:04","modified_gmt":"2023-07-25T09:36:04","slug":"kleine-sleutelkluisjes-kopen","status":"publish","type":"page","link":"https:\/\/keybox.nl\/sv\/kleine-sleutelkluisjes-kopen\/","title":{"rendered":"K\u00f6p kassask\u00e5p med sm\u00e5 nycklar"},"content":{"rendered":"<div class=\"wp-block-cover alignfull\" style=\"min-height:200px;aspect-ratio:unset;\"><span aria-hidden=\"true\" class=\"wp-block-cover__background has-background-dim-60 has-background-dim\"><\/span><img decoding=\"async\" width=\"1920\" height=\"2560\" class=\"wp-block-cover__image-background wp-image-126\" alt=\"Kluis\" src=\"http:\/\/keybox.nl\/wp-content\/uploads\/2021\/12\/KSB103-KSB005-4-scaled.jpg\" style=\"object-position:50% 50%\" data-object-fit=\"cover\" data-object-position=\"50% 50%\" srcset=\"https:\/\/keybox.nl\/wp-content\/uploads\/2021\/12\/KSB103-KSB005-4-scaled.jpg 1920w, https:\/\/keybox.nl\/wp-content\/uploads\/2021\/12\/KSB103-KSB005-4-416x555.jpg 416w, https:\/\/keybox.nl\/wp-content\/uploads\/2021\/12\/KSB103-KSB005-4-225x300.jpg 225w, https:\/\/keybox.nl\/wp-content\/uploads\/2021\/12\/KSB103-KSB005-4-768x1024.jpg 768w, https:\/\/keybox.nl\/wp-content\/uploads\/2021\/12\/KSB103-KSB005-4-1152x1536.jpg 1152w, https:\/\/keybox.nl\/wp-content\/uploads\/2021\/12\/KSB103-KSB005-4-1536x2048.jpg 1536w, https:\/\/keybox.nl\/wp-content\/uploads\/2021\/12\/KSB103-KSB005-4-1320x1760.jpg 1320w\" sizes=\"(max-width: 1920px) 100vw, 1920px\" \/><div class=\"wp-block-cover__inner-container is-layout-flow wp-block-cover-is-layout-flow\">\n<h1 class=\"wp-block-heading alignwide has-text-align-left has-white-color has-text-color\" style=\"font-size:40px\">K\u00f6p p\u00e5litliga kassask\u00e5p med sm\u00e5 nycklar<\/h1>\n\n\n\n<div class=\"wp-block-columns alignwide is-layout-flex wp-container-core-columns-is-layout-28f84493 wp-block-columns-is-layout-flex\">\n<div class=\"wp-block-column is-layout-flow wp-block-column-is-layout-flow\" style=\"flex-basis:55%\">\n<div class=\"wp-block-buttons is-layout-flex wp-block-buttons-is-layout-flex\">\n<div class=\"wp-block-button cta-knop alignleft\"><a class=\"wp-block-button__link has-black-color has-white-background-color has-text-color has-background wp-element-button\" href=\"http:\/\/keybox.nl\/sv\/\">Till webbshoppen!<\/a><\/div>\n<\/div>\n<\/div>\n<\/div>\n<\/div><\/div>\n\n\n\n<div style=\"height:50px\" aria-hidden=\"true\" class=\"wp-block-spacer\"><\/div>\n\n\n\n<div class=\"wp-block-group alignfull is-content-justification-center is-layout-flex wp-container-core-group-is-layout-81a7f686 wp-block-group-is-layout-flex\">\n<p class=\"usps has-normal-font-size\">\u2713 Anv\u00e4ndarv\u00e4nlig<\/p>\n\n\n\n<p>\u2713 Motst\u00e5ndskraftig och s\u00e4ker<\/p>\n\n\n\n<p>\u2713 Olika modeller<\/p>\n<\/div>\n\n\n\n<style>\nh1.entry-title {\ndisplay:none;\n}\n.cta-knop {\nmargin-left: 35px !important;\n}\n\n.cta-knop:hover {\nopacity: 0.75;\n}\n\n@media only screen and (max-width: 1064px) {\n.cta-knop {\nmargin-left: 0px !important;\n}\n\n.wp-block-group.alignfull {\n    display: flex;\n    flex-direction: column;\n}\n}\n<\/style>\n\n\n\n<div style=\"height:100px\" aria-hidden=\"true\" class=\"wp-block-spacer\"><\/div>\n\n\n\n<p class=\"has-text-align-left align-left has-black-color has-text-color has-normal-font-size\">Hos oss kan du k\u00f6pa sm\u00e5 nyckelsk\u00e5p f\u00f6r att f\u00f6rvara dina nycklar p\u00e5 ett s\u00e4kert s\u00e4tt. Keybox.co.uk erbjuder alla typer av kassask\u00e5p, inklusive ett litet nyckelsk\u00e5p, som du enkelt kan k\u00f6pa online. Tack vare v\u00e5ra kassask\u00e5p kan du ge dina nycklar en permanent och s\u00e4ker plats s\u00e5 att du inte tappar bort dem. Dessutom \u00e4r v\u00e5ra kassask\u00e5p mycket anv\u00e4ndarv\u00e4nliga och l\u00e4tta att installera sj\u00e4lv. V\u00e4lj att k\u00f6pa ett litet kassask\u00e5p fr\u00e5n oss och f\u00f6rhindra att dina nycklar blir stulna.<\/p>\n\n\n\n<div style=\"height:100px\" aria-hidden=\"true\" class=\"wp-block-spacer\"><\/div>\n\n\n\n<div class=\"wp-block-group is-content-justification-center is-layout-flex wp-container-core-group-is-layout-81a7f686 wp-block-group-is-layout-flex\">\n<div class=\"wp-block-media-text alignwide is-stacked-on-mobile is-vertically-aligned-center\" style=\"grid-template-columns:40% auto\"><figure class=\"wp-block-media-text__media\"><img decoding=\"async\" width=\"700\" height=\"700\" src=\"http:\/\/keybox.nl\/wp-content\/uploads\/2022\/12\/Keysafe_Original_keybox_sleutelkluis.jpg\" alt=\"\" class=\"wp-image-1181 size-full\" srcset=\"https:\/\/keybox.nl\/wp-content\/uploads\/2022\/12\/Keysafe_Original_keybox_sleutelkluis.jpg 700w, https:\/\/keybox.nl\/wp-content\/uploads\/2022\/12\/Keysafe_Original_keybox_sleutelkluis-324x324.jpg 324w, https:\/\/keybox.nl\/wp-content\/uploads\/2022\/12\/Keysafe_Original_keybox_sleutelkluis-100x100.jpg 100w, https:\/\/keybox.nl\/wp-content\/uploads\/2022\/12\/Keysafe_Original_keybox_sleutelkluis-416x416.jpg 416w, https:\/\/keybox.nl\/wp-content\/uploads\/2022\/12\/Keysafe_Original_keybox_sleutelkluis-300x300.jpg 300w, https:\/\/keybox.nl\/wp-content\/uploads\/2022\/12\/Keysafe_Original_keybox_sleutelkluis-150x150.jpg 150w\" sizes=\"(max-width: 700px) 100vw, 700px\" \/><\/figure><div class=\"wp-block-media-text__content\">\n<h2 class=\"wp-block-heading has-text-color\" style=\"color:#000000;font-size:32px\">F\u00f6rhindra st\u00f6ld genom att k\u00f6pa sm\u00e5 nyckelsk\u00e5p<\/h2>\n\n\n\n<p class=\"has-text-color has-normal-font-size\" style=\"color:#000000\">Genom att k\u00f6pa v\u00e5ra sm\u00e5 nyckelsk\u00e5p f\u00f6rvarar du dina nycklar p\u00e5 ett st\u00e4lle och skyddar dem samtidigt. Men vad g\u00f6r man d\u00e5 med nyckeln till kassask\u00e5pet, kanske du undrar. Vi erbjuder <a href=\"http:\/\/keybox.nl\/sv\/sleutelkastjes-met-code-kopen\/\">nyckelsk\u00e5p med kod<\/a> och du saknar en nyckel f\u00f6r att l\u00e5sa sj\u00e4lva kassask\u00e5pet. P\u00e5 s\u00e5 s\u00e4tt kan flera personer komma \u00e5t nycklarna utan att anv\u00e4nda en annan nyckel f\u00f6r att g\u00f6ra det. Oinbjudna g\u00e4ster stoppas \u00e5 andra sidan eftersom koden \u00e4r sv\u00e5r att kn\u00e4cka. Genom att k\u00f6pa ett litet kassask\u00e5p fr\u00e5n v\u00e5rt f\u00f6retag kan du enkelt s\u00e4kra dina nycklar. Faktum \u00e4r att v\u00e5ra kassask\u00e5p \u00e4r snabba att installera och enkla att anv\u00e4nda. P\u00e5 grund av sin storlek \u00e4r de sm\u00e5 kassask\u00e5pen ocks\u00e5 idealiska som <a href=\"http:\/\/keybox.nl\/sv\/kluis-kopen-voor-thuis\/\">s\u00e4kert hem<\/a>. Titta igenom v\u00e5rt breda sortiment och k\u00f6p ett litet kassask\u00e5p som passar dina behov. Letar du efter sm\u00e5 nyckelsk\u00e5p som du kan montera i v\u00e4ggen? D\u00e5 \u00e4r v\u00e5ra robusta <a href=\"http:\/\/keybox.nl\/sv\/inbouwkluisjes-kopen\/\">k\u00f6pa inbyggda kassask\u00e5p<\/a>.<\/p>\n<\/div><\/div>\n<\/div>\n\n\n\n<div style=\"height:100px\" aria-hidden=\"true\" class=\"wp-block-spacer\"><\/div>\n\n\n\n<h2 class=\"wp-block-heading has-text-align-center\"><strong>Vill du k\u00f6pa ett litet nyckelsk\u00e5p?<\/strong><\/h2>\n\n\n\n<div class=\"wp-block-buttons is-content-justification-center is-layout-flex wp-container-core-buttons-is-layout-a89b3969 wp-block-buttons-is-layout-flex\">\n<div class=\"wp-block-button is-style-outline is-style-outline--1\"><a class=\"wp-block-button__link wp-element-button\" href=\"http:\/\/keybox.nl\/sv\/\">Se webbshoppen<\/a><\/div>\n<\/div>\n\n\n\n<div style=\"height:100px\" aria-hidden=\"true\" class=\"wp-block-spacer\"><\/div>\n\n\n\n<div class=\"wp-block-group is-content-justification-center is-layout-flex wp-container-core-group-is-layout-81a7f686 wp-block-group-is-layout-flex\">\n<div class=\"wp-block-media-text alignwide has-media-on-the-right is-stacked-on-mobile is-vertically-aligned-center\" style=\"grid-template-columns:auto 40%\"><div class=\"wp-block-media-text__content\">\n<h3 class=\"wp-block-heading has-text-color\" style=\"color:#000000;font-size:32px\"><strong>Uppt\u00e4ck bekv\u00e4mligheten med v\u00e5ra sm\u00e5 kassask\u00e5p<\/strong><\/h3>\n\n\n\n<p class=\"has-text-color has-normal-font-size\" style=\"color:#000000\">F\u00f6rvara dina nycklar p\u00e5 ett s\u00e4kert s\u00e4tt genom att k\u00f6pa sm\u00e5 nyckelsk\u00e5p. <a href=\"http:\/\/keybox.nl\/sv\/\">V\u00e5ra nyckelsk\u00e5p<\/a> \u00e4r anv\u00e4ndarv\u00e4nliga och effektiva mot st\u00f6ld. Du hittar flera modeller fr\u00e5n <a href=\"http:\/\/keybox.nl\/sv\/produkt-kategori\/keysafe\/\">KeySafe<\/a> i v\u00e5r webbshop. V\u00e4lj online vilket litet kassask\u00e5p du vill k\u00f6pa eller be om ett bes\u00f6k via <a href=\"http:\/\/keybox.nl\/sv\/contact\/\">v\u00e5rt kontaktformul\u00e4r<\/a>. V\u00e5ra experter ger dig g\u00e4rna r\u00e5d!<\/p>\n<\/div><figure class=\"wp-block-media-text__media\"><img decoding=\"async\" width=\"729\" height=\"924\" src=\"http:\/\/keybox.nl\/wp-content\/uploads\/2023\/02\/S7-Pro-Big-Box-Key-Safe.jpg\" alt=\"Keysafe Big Pro\" class=\"wp-image-1350 size-full\" srcset=\"https:\/\/keybox.nl\/wp-content\/uploads\/2023\/02\/S7-Pro-Big-Box-Key-Safe.jpg 729w, https:\/\/keybox.nl\/wp-content\/uploads\/2023\/02\/S7-Pro-Big-Box-Key-Safe-416x527.jpg 416w, https:\/\/keybox.nl\/wp-content\/uploads\/2023\/02\/S7-Pro-Big-Box-Key-Safe-237x300.jpg 237w\" sizes=\"(max-width: 729px) 100vw, 729px\" \/><\/figure><\/div>\n<\/div>\n\n\n\n<div style=\"height:50px\" aria-hidden=\"true\" class=\"wp-block-spacer\"><\/div>\n\n\n\n<h2 class=\"wp-block-heading alignwide has-text-align-left form-titel\"><strong>Har du fr\u00e5gor om s\u00e4kerhet?<\/strong><\/h2>\n\n\n<div class=\"wp-block-jetpack-contact-form alignwide is-layout-flex wp-container-jetpack-contact-form-is-layout-2b4208ba wp-block-jetpack-contact-form-is-layout-flex\"><a href=\"https:\/\/keybox.nl\/sv\/kleine-sleutelkluisjes-kopen\/\" target=\"_blank\" rel=\"noopener noreferrer\">Skicka ett formul\u00e4r.<\/a><\/div>\n\n\n<p><\/p>","protected":false},"excerpt":{"rendered":"<p>\u2713 Gebruiksvriendelijk \u2713 Bestendig en veilig \u2713 Diverse modellen Bij ons kunt u kleine sleutelkluisjes kopen om uw sleutels veilig in op te bergen. Keybox.nl biedt allerlei kluizen aan, zoals een kleine kluis voor sleutels, die u eenvoudig online kunt kopen. Dankzij onze kluisjes kunt u uw sleutels een vaste, beveiligde plek geven zodat u [&hellip;]<\/p>\n","protected":false},"author":1,"featured_media":0,"parent":0,"menu_order":0,"comment_status":"closed","ping_status":"closed","template":"template-fullwidth.php","meta":{"footnotes":""},"class_list":["post-556","page","type-page","status-publish","hentry"],"yoast_head":"<!-- This site is optimized with the Yoast SEO plugin v27.4 - https:\/\/yoast.com\/product\/yoast-seo-wordpress\/ -->\n<title>Handige kleine sleutelkluisjes kopen -<\/title>\n<meta name=\"description\" content=\"Wij bieden diverse kleine sleutelkluisjes aan die u voor een scherpe prijs kunt kopen. Bestel deze gebruiksvriendelijke, betaalbare kluisjes.\" \/>\n<meta name=\"robots\" content=\"index, follow, max-snippet:-1, max-image-preview:large, max-video-preview:-1\" \/>\n<link rel=\"canonical\" href=\"https:\/\/keybox.nl\/sv\/kleine-sleutelkluisjes-kopen\/\" \/>\n<meta property=\"og:locale\" content=\"sv_SE\" \/>\n<meta property=\"og:type\" content=\"article\" \/>\n<meta property=\"og:title\" content=\"Handige kleine sleutelkluisjes kopen -\" \/>\n<meta property=\"og:description\" content=\"Wij bieden diverse kleine sleutelkluisjes aan die u voor een scherpe prijs kunt kopen. Bestel deze gebruiksvriendelijke, betaalbare kluisjes.\" \/>\n<meta property=\"og:url\" content=\"https:\/\/keybox.nl\/sv\/kleine-sleutelkluisjes-kopen\/\" \/>\n<meta property=\"article:modified_time\" content=\"2023-07-25T09:36:04+00:00\" \/>\n<meta property=\"og:image\" content=\"http:\/\/keybox.nl\/wp-content\/uploads\/2021\/12\/KSB103-KSB005-4-scaled.jpg\" \/>\n<meta name=\"twitter:card\" content=\"summary_large_image\" \/>\n<meta name=\"twitter:label1\" content=\"Ber\u00e4knad l\u00e4stid\" \/>\n\t<meta name=\"twitter:data1\" content=\"3 minuter\" \/>\n<script type=\"application\/ld+json\" class=\"yoast-schema-graph\">{\"@context\":\"https:\\\/\\\/schema.org\",\"@graph\":[{\"@type\":\"WebPage\",\"@id\":\"https:\\\/\\\/keybox.nl\\\/kleine-sleutelkluisjes-kopen\\\/\",\"url\":\"https:\\\/\\\/keybox.nl\\\/kleine-sleutelkluisjes-kopen\\\/\",\"name\":\"Handige kleine sleutelkluisjes kopen -\",\"isPartOf\":{\"@id\":\"https:\\\/\\\/keybox.nl\\\/#website\"},\"primaryImageOfPage\":{\"@id\":\"https:\\\/\\\/keybox.nl\\\/kleine-sleutelkluisjes-kopen\\\/#primaryimage\"},\"image\":{\"@id\":\"https:\\\/\\\/keybox.nl\\\/kleine-sleutelkluisjes-kopen\\\/#primaryimage\"},\"thumbnailUrl\":\"http:\\\/\\\/keybox.nl\\\/wp-content\\\/uploads\\\/2021\\\/12\\\/KSB103-KSB005-4-scaled.jpg\",\"datePublished\":\"2022-03-11T10:37:59+00:00\",\"dateModified\":\"2023-07-25T09:36:04+00:00\",\"description\":\"Wij bieden diverse kleine sleutelkluisjes aan die u voor een scherpe prijs kunt kopen. Bestel deze gebruiksvriendelijke, betaalbare kluisjes.\",\"breadcrumb\":{\"@id\":\"https:\\\/\\\/keybox.nl\\\/kleine-sleutelkluisjes-kopen\\\/#breadcrumb\"},\"inLanguage\":\"sv-SE\",\"potentialAction\":[{\"@type\":\"ReadAction\",\"target\":[\"https:\\\/\\\/keybox.nl\\\/kleine-sleutelkluisjes-kopen\\\/\"]}]},{\"@type\":\"ImageObject\",\"inLanguage\":\"sv-SE\",\"@id\":\"https:\\\/\\\/keybox.nl\\\/kleine-sleutelkluisjes-kopen\\\/#primaryimage\",\"url\":\"http:\\\/\\\/keybox.nl\\\/wp-content\\\/uploads\\\/2021\\\/12\\\/KSB103-KSB005-4-scaled.jpg\",\"contentUrl\":\"http:\\\/\\\/keybox.nl\\\/wp-content\\\/uploads\\\/2021\\\/12\\\/KSB103-KSB005-4-scaled.jpg\"},{\"@type\":\"BreadcrumbList\",\"@id\":\"https:\\\/\\\/keybox.nl\\\/kleine-sleutelkluisjes-kopen\\\/#breadcrumb\",\"itemListElement\":[{\"@type\":\"ListItem\",\"position\":1,\"name\":\"Home\",\"item\":\"https:\\\/\\\/keybox.nl\\\/\"},{\"@type\":\"ListItem\",\"position\":2,\"name\":\"Kleine sleutelkluisjes kopen\"}]},{\"@type\":\"WebSite\",\"@id\":\"https:\\\/\\\/keybox.nl\\\/#website\",\"url\":\"https:\\\/\\\/keybox.nl\\\/\",\"name\":\"\",\"description\":\"\",\"potentialAction\":[{\"@type\":\"SearchAction\",\"target\":{\"@type\":\"EntryPoint\",\"urlTemplate\":\"https:\\\/\\\/keybox.nl\\\/?s={search_term_string}\"},\"query-input\":{\"@type\":\"PropertyValueSpecification\",\"valueRequired\":true,\"valueName\":\"search_term_string\"}}],\"inLanguage\":\"sv-SE\"}]}<\/script>\n<!-- \/ Yoast SEO plugin. -->","yoast_head_json":{"title":"K\u00f6p praktiska sm\u00e5 nyckelsk\u00e5p -","description":"Vi erbjuder olika sm\u00e5 nyckelsk\u00e5p som du kan k\u00f6pa till ett konkurrenskraftigt pris. Best\u00e4ll dessa anv\u00e4ndarv\u00e4nliga och prisv\u00e4rda sk\u00e5p.","robots":{"index":"index","follow":"follow","max-snippet":"max-snippet:-1","max-image-preview":"max-image-preview:large","max-video-preview":"max-video-preview:-1"},"canonical":"https:\/\/keybox.nl\/sv\/kleine-sleutelkluisjes-kopen\/","og_locale":"sv_SE","og_type":"article","og_title":"Handige kleine sleutelkluisjes kopen -","og_description":"Wij bieden diverse kleine sleutelkluisjes aan die u voor een scherpe prijs kunt kopen. Bestel deze gebruiksvriendelijke, betaalbare kluisjes.","og_url":"https:\/\/keybox.nl\/sv\/kleine-sleutelkluisjes-kopen\/","article_modified_time":"2023-07-25T09:36:04+00:00","og_image":[{"url":"http:\/\/keybox.nl\/wp-content\/uploads\/2021\/12\/KSB103-KSB005-4-scaled.jpg","type":"","width":"","height":""}],"twitter_card":"summary_large_image","twitter_misc":{"Ber\u00e4knad l\u00e4stid":"3 minuter"},"schema":{"@context":"https:\/\/schema.org","@graph":[{"@type":"WebPage","@id":"https:\/\/keybox.nl\/kleine-sleutelkluisjes-kopen\/","url":"https:\/\/keybox.nl\/kleine-sleutelkluisjes-kopen\/","name":"K\u00f6p praktiska sm\u00e5 nyckelsk\u00e5p -","isPartOf":{"@id":"https:\/\/keybox.nl\/#website"},"primaryImageOfPage":{"@id":"https:\/\/keybox.nl\/kleine-sleutelkluisjes-kopen\/#primaryimage"},"image":{"@id":"https:\/\/keybox.nl\/kleine-sleutelkluisjes-kopen\/#primaryimage"},"thumbnailUrl":"http:\/\/keybox.nl\/wp-content\/uploads\/2021\/12\/KSB103-KSB005-4-scaled.jpg","datePublished":"2022-03-11T10:37:59+00:00","dateModified":"2023-07-25T09:36:04+00:00","description":"Vi erbjuder olika sm\u00e5 nyckelsk\u00e5p som du kan k\u00f6pa till ett konkurrenskraftigt pris. Best\u00e4ll dessa anv\u00e4ndarv\u00e4nliga och prisv\u00e4rda sk\u00e5p.","breadcrumb":{"@id":"https:\/\/keybox.nl\/kleine-sleutelkluisjes-kopen\/#breadcrumb"},"inLanguage":"sv-SE","potentialAction":[{"@type":"ReadAction","target":["https:\/\/keybox.nl\/kleine-sleutelkluisjes-kopen\/"]}]},{"@type":"ImageObject","inLanguage":"sv-SE","@id":"https:\/\/keybox.nl\/kleine-sleutelkluisjes-kopen\/#primaryimage","url":"http:\/\/keybox.nl\/wp-content\/uploads\/2021\/12\/KSB103-KSB005-4-scaled.jpg","contentUrl":"http:\/\/keybox.nl\/wp-content\/uploads\/2021\/12\/KSB103-KSB005-4-scaled.jpg"},{"@type":"BreadcrumbList","@id":"https:\/\/keybox.nl\/kleine-sleutelkluisjes-kopen\/#breadcrumb","itemListElement":[{"@type":"ListItem","position":1,"name":"Home","item":"https:\/\/keybox.nl\/"},{"@type":"ListItem","position":2,"name":"Kleine sleutelkluisjes kopen"}]},{"@type":"WebSite","@id":"https:\/\/keybox.nl\/#website","url":"https:\/\/keybox.nl\/","name":"","description":"","potentialAction":[{"@type":"SearchAction","target":{"@type":"EntryPoint","urlTemplate":"https:\/\/keybox.nl\/?s={search_term_string}"},"query-input":{"@type":"PropertyValueSpecification","valueRequired":true,"valueName":"search_term_string"}}],"inLanguage":"sv-SE"}]}},"jetpack-related-posts":[{"id":30,"url":"https:\/\/keybox.nl\/sv\/","url_meta":{"origin":556,"position":0},"title":"K\u00f6pa s\u00e4kra nyckelsk\u00e5p","author":"Keybox@beheermodule","date":"30 november 2021","format":false,"excerpt":"P\u00e5 Keybox.se kan du bland annat k\u00f6pa ett robust kassask\u00e5p eller s\u00e4kra nyckelsk\u00e5p. Vi erbjuder olika typer av kassask\u00e5p; fr\u00e5n diskreta nyckelsk\u00e5p till v\u00e4ggsk\u00e5p med ins\u00e4ttningshjul. Hos oss kan du best\u00e4lla ett kassask\u00e5p till ditt f\u00f6retag, men ocks\u00e5 till ditt hem. Tack vare v\u00e5rt breda utbud av nyckelsk\u00e5p,...","rel":"","context":"Med 1 kommentar","block_context":{"text":"Med 1 kommentar","link":"https:\/\/keybox.nl\/sv\/#comments"},"img":{"alt_text":"","src":"","width":0,"height":0},"classes":[]},{"id":550,"url":"https:\/\/keybox.nl\/sv\/sleutelkastjes-met-code-kopen\/","url_meta":{"origin":556,"position":1},"title":"K\u00f6p nyckelsk\u00e5p med kod","author":"Keybox@beheermodule","date":"11 mars 2022","format":false,"excerpt":"K\u00f6p s\u00e4kra nyckelboxar med kod Till webbshoppen! \u2713 Anv\u00e4ndarv\u00e4nligt \u2713 T\u00e5ligt och s\u00e4kert \u2713 Olika modeller Keybox.se \u00e4r webbplatsen f\u00f6r att k\u00f6pa kvalitetssk\u00e5p med kod. I v\u00e5ra sk\u00e5p kan du enkelt hantera upp till sju nycklar. Det finns ett antal alternativ p\u00e5 dem som du kan anpassa efter dina behov...","rel":"","context":"Liknande inl\u00e4gg","block_context":{"text":"Liknande inl\u00e4gg","link":""},"img":{"alt_text":"","src":"https:\/\/i0.wp.com\/keybox.nl\/wp-content\/uploads\/2022\/02\/Digibox-7-haken-Keybox-e1645195424393.jpg?resize=350%2C200&ssl=1","width":350,"height":200},"classes":[]},{"id":538,"url":"https:\/\/keybox.nl\/sv\/kluis-kopen-voor-thuis\/","url_meta":{"origin":556,"position":2},"title":"K\u00f6p s\u00e4kert f\u00f6r hemmet","author":"Keybox@beheermodule","date":"11 mars 2022","format":false,"excerpt":"K\u00f6p ett t\u00e5ligt kassask\u00e5p till ditt hem Till webbshoppen! \u2713 Anv\u00e4ndarv\u00e4nligt \u2713 Motst\u00e5ndskraftigt och s\u00e4kert \u2713 Olika modeller Vill du k\u00f6pa ett praktiskt kassask\u00e5p till ditt hem? D\u00e5 har Keybox.co.uk det du letar efter. Kassask\u00e5p f\u00f6r hemmet \u00e4r n\u00e5got mindre och kr\u00e4ver ingen omfattande installation, vilket g\u00f6r dem idealiska f\u00f6r...","rel":"","context":"Liknande inl\u00e4gg","block_context":{"text":"Liknande inl\u00e4gg","link":""},"img":{"alt_text":"","src":"https:\/\/i0.wp.com\/keybox.nl\/wp-content\/uploads\/2022\/01\/KSB007-inner-safe-2-e1643896091542.jpg?resize=350%2C200&ssl=1","width":350,"height":200,"srcset":"https:\/\/i0.wp.com\/keybox.nl\/wp-content\/uploads\/2022\/01\/KSB007-inner-safe-2-e1643896091542.jpg?resize=350%2C200&ssl=1 1x, https:\/\/i0.wp.com\/keybox.nl\/wp-content\/uploads\/2022\/01\/KSB007-inner-safe-2-e1643896091542.jpg?resize=525%2C300&ssl=1 1.5x, https:\/\/i0.wp.com\/keybox.nl\/wp-content\/uploads\/2022\/01\/KSB007-inner-safe-2-e1643896091542.jpg?resize=700%2C400&ssl=1 2x"},"classes":[]},{"id":1530,"url":"https:\/\/keybox.nl\/sv\/hotelkluis-kopen\/","url_meta":{"origin":556,"position":3},"title":"s\u00e4kert k\u00f6p av hotell","author":"Keybox@beheermodule","date":"20 juli 2023","format":false,"excerpt":"K\u00f6p hotells\u00e4kerhetssk\u00e5p till webbshoppen! \u2713 Anv\u00e4ndarv\u00e4nligt \u2713 Motst\u00e5ndskraftigt och s\u00e4kert \u2713 Olika modeller Att k\u00f6pa ett hotellsk\u00e5p \u00e4r inte en trivial fr\u00e5ga. Det handlar om att ge s\u00e4kerhet och sinnesro till dina v\u00e4rdefulla g\u00e4ster. Fr\u00e5n smycken till pass och b\u00e4rbara datorer, ett hotellsk\u00e5p ger en s\u00e4ker tillflyktsort f\u00f6r v\u00e4rdesakerna ...","rel":"","context":"Liknande inl\u00e4gg","block_context":{"text":"Liknande inl\u00e4gg","link":""},"img":{"alt_text":"","src":"https:\/\/i0.wp.com\/keybox.nl\/wp-content\/uploads\/2022\/02\/IMG_5926.jpg?resize=350%2C200&ssl=1","width":350,"height":200,"srcset":"https:\/\/i0.wp.com\/keybox.nl\/wp-content\/uploads\/2022\/02\/IMG_5926.jpg?resize=350%2C200&ssl=1 1x, https:\/\/i0.wp.com\/keybox.nl\/wp-content\/uploads\/2022\/02\/IMG_5926.jpg?resize=525%2C300&ssl=1 1.5x, https:\/\/i0.wp.com\/keybox.nl\/wp-content\/uploads\/2022\/02\/IMG_5926.jpg?resize=700%2C400&ssl=1 2x"},"classes":[]},{"id":546,"url":"https:\/\/keybox.nl\/sv\/inbouwkluisjes-kopen\/","url_meta":{"origin":556,"position":4},"title":"K\u00f6p inbyggda kassask\u00e5p","author":"Keybox@beheermodule","date":"11 mars 2022","format":false,"excerpt":"K\u00f6p robusta inbyggda kassask\u00e5p Till webbshoppen! \u2713 Anv\u00e4ndarv\u00e4nligt \u2713 Robust och s\u00e4kert \u2713 Olika modeller Vill du k\u00f6pa inbyggda kassask\u00e5p till ditt f\u00f6retag? V\u00e5r webbshop erbjuder olika modeller av kassask\u00e5p som du installerar i v\u00e4ggen. Eftersom systemet sitter i v\u00e4ggen g\u00e5r det inte att ta bort och det \u00e4r...","rel":"","context":"Liknande inl\u00e4gg","block_context":{"text":"Liknande inl\u00e4gg","link":""},"img":{"alt_text":"","src":"https:\/\/i0.wp.com\/keybox.nl\/wp-content\/uploads\/2021\/12\/KSB_102_1-e1638478691321.jpg?resize=350%2C200&ssl=1","width":350,"height":200,"srcset":"https:\/\/i0.wp.com\/keybox.nl\/wp-content\/uploads\/2021\/12\/KSB_102_1-e1638478691321.jpg?resize=350%2C200&ssl=1 1x, https:\/\/i0.wp.com\/keybox.nl\/wp-content\/uploads\/2021\/12\/KSB_102_1-e1638478691321.jpg?resize=525%2C300&ssl=1 1.5x, https:\/\/i0.wp.com\/keybox.nl\/wp-content\/uploads\/2021\/12\/KSB_102_1-e1638478691321.jpg?resize=700%2C400&ssl=1 2x"},"classes":[]},{"id":540,"url":"https:\/\/keybox.nl\/sv\/afstortkluis-bestellen\/","url_meta":{"origin":556,"position":5},"title":"Best\u00e4llning av deponeringssk\u00e5p","author":"Keybox@beheermodule","date":"11 mars 2022","format":false,"excerpt":"Best\u00e4ll ett s\u00e4kert kassask\u00e5p Till webbshoppen! \u2713 Anv\u00e4ndarv\u00e4nligt \u2713 T\u00e5ligt och s\u00e4kert \u2713 Olika modeller Ett kassask\u00e5p \u00e4r ett perfekt val att best\u00e4lla n\u00e4r du vill f\u00f6rvara nycklar eller andra sm\u00e5 f\u00f6rem\u00e5l p\u00e5 ett s\u00e4kert s\u00e4tt i ditt f\u00f6retag. Tack vare det smarta deponeringssystemet och v\u00e4ggar av massivt tr\u00e4 \u00e4r v\u00e5ra kassask\u00e5p...","rel":"","context":"Liknande inl\u00e4gg","block_context":{"text":"Liknande inl\u00e4gg","link":""},"img":{"alt_text":"","src":"https:\/\/i0.wp.com\/keybox.nl\/wp-content\/uploads\/2022\/01\/IMG_5363-scaled-e1643386544179.jpg?resize=350%2C200&ssl=1","width":350,"height":200},"classes":[]}],"jetpack_sharing_enabled":true,"_links":{"self":[{"href":"https:\/\/keybox.nl\/sv\/wp-json\/wp\/v2\/pages\/556","targetHints":{"allow":["GET"]}}],"collection":[{"href":"https:\/\/keybox.nl\/sv\/wp-json\/wp\/v2\/pages"}],"about":[{"href":"https:\/\/keybox.nl\/sv\/wp-json\/wp\/v2\/types\/page"}],"author":[{"embeddable":true,"href":"https:\/\/keybox.nl\/sv\/wp-json\/wp\/v2\/users\/1"}],"replies":[{"embeddable":true,"href":"https:\/\/keybox.nl\/sv\/wp-json\/wp\/v2\/comments?post=556"}],"version-history":[{"count":5,"href":"https:\/\/keybox.nl\/sv\/wp-json\/wp\/v2\/pages\/556\/revisions"}],"predecessor-version":[{"id":1648,"href":"https:\/\/keybox.nl\/sv\/wp-json\/wp\/v2\/pages\/556\/revisions\/1648"}],"wp:attachment":[{"href":"https:\/\/keybox.nl\/sv\/wp-json\/wp\/v2\/media?parent=556"}],"curies":[{"name":"wp","href":"https:\/\/api.w.org\/{rel}","templated":true}]}}