{"id":550,"date":"2022-03-11T10:31:40","date_gmt":"2022-03-11T10:31:40","guid":{"rendered":"http:\/\/keybox.nl\/?page_id=550"},"modified":"2023-07-25T09:21:47","modified_gmt":"2023-07-25T09:21:47","slug":"sleutelkastjes-met-code-kopen","status":"publish","type":"page","link":"https:\/\/keybox.nl\/sv\/sleutelkastjes-met-code-kopen\/","title":{"rendered":"K\u00f6p nyckelsk\u00e5p med kod"},"content":{"rendered":"<div class=\"wp-block-cover alignfull\" style=\"min-height:200px;aspect-ratio:unset;\"><span aria-hidden=\"true\" class=\"wp-block-cover__background has-background-dim-60 has-background-dim\"><\/span><img decoding=\"async\" width=\"1920\" height=\"2560\" class=\"wp-block-cover__image-background wp-image-126\" alt=\"Kluis\" src=\"http:\/\/keybox.nl\/wp-content\/uploads\/2021\/12\/KSB103-KSB005-4-scaled.jpg\" style=\"object-position:50% 50%\" data-object-fit=\"cover\" data-object-position=\"50% 50%\" srcset=\"https:\/\/keybox.nl\/wp-content\/uploads\/2021\/12\/KSB103-KSB005-4-scaled.jpg 1920w, https:\/\/keybox.nl\/wp-content\/uploads\/2021\/12\/KSB103-KSB005-4-416x555.jpg 416w, https:\/\/keybox.nl\/wp-content\/uploads\/2021\/12\/KSB103-KSB005-4-225x300.jpg 225w, https:\/\/keybox.nl\/wp-content\/uploads\/2021\/12\/KSB103-KSB005-4-768x1024.jpg 768w, https:\/\/keybox.nl\/wp-content\/uploads\/2021\/12\/KSB103-KSB005-4-1152x1536.jpg 1152w, https:\/\/keybox.nl\/wp-content\/uploads\/2021\/12\/KSB103-KSB005-4-1536x2048.jpg 1536w, https:\/\/keybox.nl\/wp-content\/uploads\/2021\/12\/KSB103-KSB005-4-1320x1760.jpg 1320w\" sizes=\"(max-width: 1920px) 100vw, 1920px\" \/><div class=\"wp-block-cover__inner-container is-layout-flow wp-block-cover-is-layout-flow\">\n<h1 class=\"wp-block-heading alignwide has-text-align-left has-white-color has-text-color\" style=\"font-size:40px\">K\u00f6p s\u00e4kra nyckelsk\u00e5p med kod<\/h1>\n\n\n\n<div class=\"wp-block-columns alignwide is-layout-flex wp-container-core-columns-is-layout-28f84493 wp-block-columns-is-layout-flex\">\n<div class=\"wp-block-column is-layout-flow wp-block-column-is-layout-flow\" style=\"flex-basis:55%\">\n<div class=\"wp-block-buttons is-layout-flex wp-block-buttons-is-layout-flex\">\n<div class=\"wp-block-button cta-knop alignleft\"><a class=\"wp-block-button__link has-black-color has-white-background-color has-text-color has-background wp-element-button\" href=\"http:\/\/keybox.nl\/sv\/\">Till webbshoppen!<\/a><\/div>\n<\/div>\n<\/div>\n<\/div>\n<\/div><\/div>\n\n\n\n<div style=\"height:50px\" aria-hidden=\"true\" class=\"wp-block-spacer\"><\/div>\n\n\n\n<div class=\"wp-block-group alignfull is-content-justification-center is-layout-flex wp-container-core-group-is-layout-81a7f686 wp-block-group-is-layout-flex\">\n<p class=\"usps has-normal-font-size\">\u2713 Anv\u00e4ndarv\u00e4nlig<\/p>\n\n\n\n<p>\u2713 Motst\u00e5ndskraftig och s\u00e4ker<\/p>\n\n\n\n<p>\u2713 Olika modeller<\/p>\n<\/div>\n\n\n\n<style>\nh1.entry-title {\ndisplay:none;\n}\n\n.cta-knop {\nmargin-left: 35px !important;\n}\n\n.cta-knop:hover {\nopacity: 0.75;\n}\n\n@media only screen and (max-width: 1064px) {\n.cta-knop {\nmargin-left: 0px !important;\n}\n\n.wp-block-group.alignfull {\n    display: flex;\n    flex-direction: column;\n}\n}\n<\/style>\n\n\n\n<div style=\"height:100px\" aria-hidden=\"true\" class=\"wp-block-spacer\"><\/div>\n\n\n\n<p class=\"has-text-align-left align-left has-black-color has-text-color has-normal-font-size\">Keybox.co.uk \u00e4r webbplatsen f\u00f6r att k\u00f6pa kvalitetsnyckelsk\u00e5p med kod. Med v\u00e5ra sk\u00e5p kan du enkelt hantera upp till sju nycklar. De levereras med ett antal tillval som du kan programmera efter eget tycke och smak, till exempel v\u00e4lkomsttext och l\u00e5stider. V\u00e4lj kvalitet med v\u00e5ra sk\u00e5p!<\/p>\n\n\n\n<div style=\"height:100px\" aria-hidden=\"true\" class=\"wp-block-spacer\"><\/div>\n\n\n\n<div class=\"wp-block-group is-content-justification-center is-layout-flex wp-container-core-group-is-layout-81a7f686 wp-block-group-is-layout-flex\">\n<div class=\"wp-block-media-text alignwide is-stacked-on-mobile is-vertically-aligned-center\" style=\"grid-template-columns:40% auto\"><figure class=\"wp-block-media-text__media\"><img decoding=\"async\" width=\"1024\" height=\"1024\" src=\"http:\/\/keybox.nl\/wp-content\/uploads\/2022\/02\/Digibox-7-haken-Keybox-1024x1024.jpg\" alt=\"\" class=\"wp-image-304 size-full\"\/><\/figure><div class=\"wp-block-media-text__content\">\n<h2 class=\"wp-block-heading has-text-color\" style=\"color:#000000;font-size:32px\">H\u00e4r kan du k\u00f6pa nyckelsk\u00e5p med en numerisk kod<\/h2>\n\n\n\n<p class=\"has-text-color has-normal-font-size\" style=\"color:#000000\">N\u00e4r du har flera nycklar att hantera \u00e4r det bra att f\u00f6rvara dem p\u00e5 ett s\u00e4kert s\u00e4tt. Tack vare v\u00e5r <a href=\"http:\/\/keybox.nl\/sv\/\">Nyckelsk\u00e5p av h\u00f6g kvalitet<\/a> har du ett s\u00e4kert f\u00f6rvaringsutrymme f\u00f6r upp till sju nycklar. Du st\u00e4ller in en numerisk kod p\u00e5 fyra till tio tecken som ger tillg\u00e5ng till en viss nyckel. Sedan <a href=\"http:\/\/keybox.nl\/sv\/inbraakwerende-kluis-kopen\/\">inbrottssk\u00e5p<\/a> motsvarande nyckel i det upplysta facket. Detta smarta system \u00e4r allts\u00e5 mycket anv\u00e4ndarv\u00e4nligt. Du programmerar sj\u00e4lv v\u00e4lkomsttexten, l\u00e5stiderna och spr\u00e5ket. Du kan ocks\u00e5 k\u00f6pa nyckelboxarna med kod i v\u00e5r webbshop eller i butiken i Bussum i olika f\u00e4rger. Om du vill f\u00f6rvara f\u00e4rre nycklar kan du ocks\u00e5 <a href=\"http:\/\/keybox.nl\/sv\/kleine-sleutelkluisjes-kopen\/\">k\u00f6pa kassask\u00e5p med liten nyckel<\/a>. Tack vare v\u00e5rt breda sortiment kan du v\u00e4lja den l\u00f6sning som passar din verksamhet b\u00e4st. Letar du ocks\u00e5 efter ett nyckelretursystem? I v\u00e5r webbshop kan du ocks\u00e5 hitta en praktisk <a href=\"http:\/\/keybox.nl\/sv\/afstortkluis-bestellen\/\">Best\u00e4ll deponeringssk\u00e5p<\/a>.<\/p>\n<\/div><\/div>\n<\/div>\n\n\n\n<div style=\"height:100px\" aria-hidden=\"true\" class=\"wp-block-spacer\"><\/div>\n\n\n\n<h2 class=\"wp-block-heading has-text-align-center\"><strong>Vill du k\u00f6pa nyckelbrickor med kod?<\/strong><\/h2>\n\n\n\n<div class=\"wp-block-buttons is-content-justification-center is-layout-flex wp-container-core-buttons-is-layout-a89b3969 wp-block-buttons-is-layout-flex\">\n<div class=\"wp-block-button is-style-outline is-style-outline--1\"><a class=\"wp-block-button__link wp-element-button\" href=\"http:\/\/keybox.nl\/sv\/\">Se webbshoppen<\/a><\/div>\n<\/div>\n\n\n\n<div style=\"height:100px\" aria-hidden=\"true\" class=\"wp-block-spacer\"><\/div>\n\n\n\n<div class=\"wp-block-group is-content-justification-center is-layout-flex wp-container-core-group-is-layout-81a7f686 wp-block-group-is-layout-flex\">\n<div class=\"wp-block-media-text alignwide has-media-on-the-right is-stacked-on-mobile is-vertically-aligned-center\" style=\"grid-template-columns:auto 40%\"><div class=\"wp-block-media-text__content\">\n<h3 class=\"wp-block-heading has-text-color\" style=\"color:#000000;font-size:32px\"><strong>Kontakta oss och be om en offert<\/strong><\/h3>\n\n\n\n<p class=\"has-text-color has-normal-font-size\" style=\"color:#000000\">Om du vill k\u00f6pa en av v\u00e5ra nyckelboxar med kod kan du best\u00e4lla den direkt i v\u00e5r webbshop. Vill du ha en offert f\u00f6rst? Beg\u00e4r d\u00e5 en offert med hj\u00e4lp av kontaktformul\u00e4ret p\u00e5 <a href=\"http:\/\/keybox.nl\/sv\/contact\/\">v\u00e5r kontaktsida<\/a>. Du kan ocks\u00e5 anv\u00e4nda detta formul\u00e4r f\u00f6r att be om ett bes\u00f6k om du vill. Vi hj\u00e4lper dig g\u00e4rna!<\/p>\n<\/div><figure class=\"wp-block-media-text__media\"><img decoding=\"async\" width=\"600\" height=\"800\" src=\"http:\/\/keybox.nl\/wp-content\/uploads\/2021\/12\/Extra-Armor-KSB.jpg\" alt=\"Kluis los\" class=\"wp-image-103 size-full\" srcset=\"https:\/\/keybox.nl\/wp-content\/uploads\/2021\/12\/Extra-Armor-KSB.jpg 600w, https:\/\/keybox.nl\/wp-content\/uploads\/2021\/12\/Extra-Armor-KSB-416x555.jpg 416w, https:\/\/keybox.nl\/wp-content\/uploads\/2021\/12\/Extra-Armor-KSB-225x300.jpg 225w\" sizes=\"(max-width: 600px) 100vw, 600px\" \/><\/figure><\/div>\n<\/div>\n\n\n\n<div style=\"height:50px\" aria-hidden=\"true\" class=\"wp-block-spacer\"><\/div>\n\n\n\n<h2 class=\"wp-block-heading alignwide has-text-align-left form-titel\"><strong>Har du fr\u00e5gor om s\u00e4kerhet?<\/strong><\/h2>\n\n\n<div class=\"wp-block-jetpack-contact-form alignwide is-layout-flex wp-container-jetpack-contact-form-is-layout-2b4208ba wp-block-jetpack-contact-form-is-layout-flex\"><a href=\"https:\/\/keybox.nl\/sv\/sleutelkastjes-met-code-kopen\/\" target=\"_blank\" rel=\"noopener noreferrer\">Skicka ett formul\u00e4r.<\/a><\/div>\n\n\n<p><\/p>","protected":false},"excerpt":{"rendered":"<p>\u2713 Gebruiksvriendelijk \u2713 Bestendig en veilig \u2713 Diverse modellen Keybox.nl is d\u00e9 website om kwalitatieve sleutelkastjes met een code kopen. In onze kluisjes kunt u eenvoudig tot wel zeven sleutels beheren. Er zitten een aantal opties op die u naar uw wens kunt programmeren, zoals een welkomsttekst en de vergrendelingstijden. Kies voor kwaliteit met onze [&hellip;]<\/p>\n","protected":false},"author":1,"featured_media":0,"parent":0,"menu_order":0,"comment_status":"closed","ping_status":"closed","template":"template-fullwidth.php","meta":{"footnotes":""},"class_list":["post-550","page","type-page","status-publish","hentry"],"yoast_head":"<!-- This site is optimized with the Yoast SEO plugin v27.5 - https:\/\/yoast.com\/product\/yoast-seo-wordpress\/ -->\n<title>Hier kunt u sleutelkastjes met code kopen -<\/title>\n<meta name=\"description\" content=\"In onze webshop kunt u stevige sleutelkastjes met code kopen. Bestel ze nu en beveilig uw sleutels! Wij geven u graag professioneel advies.\" \/>\n<meta name=\"robots\" content=\"index, follow, max-snippet:-1, max-image-preview:large, max-video-preview:-1\" \/>\n<link rel=\"canonical\" href=\"https:\/\/keybox.nl\/sv\/sleutelkastjes-met-code-kopen\/\" \/>\n<meta property=\"og:locale\" content=\"sv_SE\" \/>\n<meta property=\"og:type\" content=\"article\" \/>\n<meta property=\"og:title\" content=\"Hier kunt u sleutelkastjes met code kopen -\" \/>\n<meta property=\"og:description\" content=\"In onze webshop kunt u stevige sleutelkastjes met code kopen. Bestel ze nu en beveilig uw sleutels! Wij geven u graag professioneel advies.\" \/>\n<meta property=\"og:url\" content=\"https:\/\/keybox.nl\/sv\/sleutelkastjes-met-code-kopen\/\" \/>\n<meta property=\"article:modified_time\" content=\"2023-07-25T09:21:47+00:00\" \/>\n<meta property=\"og:image\" content=\"http:\/\/keybox.nl\/wp-content\/uploads\/2021\/12\/KSB103-KSB005-4-scaled.jpg\" \/>\n<meta name=\"twitter:card\" content=\"summary_large_image\" \/>\n<meta name=\"twitter:label1\" content=\"Ber\u00e4knad l\u00e4stid\" \/>\n\t<meta name=\"twitter:data1\" content=\"3 minuter\" \/>\n<script type=\"application\/ld+json\" class=\"yoast-schema-graph\">{\"@context\":\"https:\\\/\\\/schema.org\",\"@graph\":[{\"@type\":\"WebPage\",\"@id\":\"https:\\\/\\\/keybox.nl\\\/sleutelkastjes-met-code-kopen\\\/\",\"url\":\"https:\\\/\\\/keybox.nl\\\/sleutelkastjes-met-code-kopen\\\/\",\"name\":\"Hier kunt u sleutelkastjes met code kopen -\",\"isPartOf\":{\"@id\":\"https:\\\/\\\/keybox.nl\\\/#website\"},\"primaryImageOfPage\":{\"@id\":\"https:\\\/\\\/keybox.nl\\\/sleutelkastjes-met-code-kopen\\\/#primaryimage\"},\"image\":{\"@id\":\"https:\\\/\\\/keybox.nl\\\/sleutelkastjes-met-code-kopen\\\/#primaryimage\"},\"thumbnailUrl\":\"http:\\\/\\\/keybox.nl\\\/wp-content\\\/uploads\\\/2021\\\/12\\\/KSB103-KSB005-4-scaled.jpg\",\"datePublished\":\"2022-03-11T10:31:40+00:00\",\"dateModified\":\"2023-07-25T09:21:47+00:00\",\"description\":\"In onze webshop kunt u stevige sleutelkastjes met code kopen. Bestel ze nu en beveilig uw sleutels! Wij geven u graag professioneel advies.\",\"breadcrumb\":{\"@id\":\"https:\\\/\\\/keybox.nl\\\/sleutelkastjes-met-code-kopen\\\/#breadcrumb\"},\"inLanguage\":\"sv-SE\",\"potentialAction\":[{\"@type\":\"ReadAction\",\"target\":[\"https:\\\/\\\/keybox.nl\\\/sleutelkastjes-met-code-kopen\\\/\"]}]},{\"@type\":\"ImageObject\",\"inLanguage\":\"sv-SE\",\"@id\":\"https:\\\/\\\/keybox.nl\\\/sleutelkastjes-met-code-kopen\\\/#primaryimage\",\"url\":\"http:\\\/\\\/keybox.nl\\\/wp-content\\\/uploads\\\/2021\\\/12\\\/KSB103-KSB005-4-scaled.jpg\",\"contentUrl\":\"http:\\\/\\\/keybox.nl\\\/wp-content\\\/uploads\\\/2021\\\/12\\\/KSB103-KSB005-4-scaled.jpg\"},{\"@type\":\"BreadcrumbList\",\"@id\":\"https:\\\/\\\/keybox.nl\\\/sleutelkastjes-met-code-kopen\\\/#breadcrumb\",\"itemListElement\":[{\"@type\":\"ListItem\",\"position\":1,\"name\":\"Home\",\"item\":\"https:\\\/\\\/keybox.nl\\\/\"},{\"@type\":\"ListItem\",\"position\":2,\"name\":\"Sleutelkastjes met code kopen\"}]},{\"@type\":\"WebSite\",\"@id\":\"https:\\\/\\\/keybox.nl\\\/#website\",\"url\":\"https:\\\/\\\/keybox.nl\\\/\",\"name\":\"\",\"description\":\"\",\"potentialAction\":[{\"@type\":\"SearchAction\",\"target\":{\"@type\":\"EntryPoint\",\"urlTemplate\":\"https:\\\/\\\/keybox.nl\\\/?s={search_term_string}\"},\"query-input\":{\"@type\":\"PropertyValueSpecification\",\"valueRequired\":true,\"valueName\":\"search_term_string\"}}],\"inLanguage\":\"sv-SE\"}]}<\/script>\n<!-- \/ Yoast SEO plugin. -->","yoast_head_json":{"title":"H\u00e4r kan du k\u00f6pa nyckell\u00e5dor med kod -","description":"I v\u00e5r webbshop kan du k\u00f6pa robusta nyckelsk\u00e5p med kod. Best\u00e4ll dem nu och s\u00e4kra dina nycklar! Vi ger dig g\u00e4rna professionell r\u00e5dgivning.","robots":{"index":"index","follow":"follow","max-snippet":"max-snippet:-1","max-image-preview":"max-image-preview:large","max-video-preview":"max-video-preview:-1"},"canonical":"https:\/\/keybox.nl\/sv\/sleutelkastjes-met-code-kopen\/","og_locale":"sv_SE","og_type":"article","og_title":"Hier kunt u sleutelkastjes met code kopen -","og_description":"In onze webshop kunt u stevige sleutelkastjes met code kopen. Bestel ze nu en beveilig uw sleutels! Wij geven u graag professioneel advies.","og_url":"https:\/\/keybox.nl\/sv\/sleutelkastjes-met-code-kopen\/","article_modified_time":"2023-07-25T09:21:47+00:00","og_image":[{"url":"http:\/\/keybox.nl\/wp-content\/uploads\/2021\/12\/KSB103-KSB005-4-scaled.jpg","type":"","width":"","height":""}],"twitter_card":"summary_large_image","twitter_misc":{"Ber\u00e4knad l\u00e4stid":"3 minuter"},"schema":{"@context":"https:\/\/schema.org","@graph":[{"@type":"WebPage","@id":"https:\/\/keybox.nl\/sleutelkastjes-met-code-kopen\/","url":"https:\/\/keybox.nl\/sleutelkastjes-met-code-kopen\/","name":"H\u00e4r kan du k\u00f6pa nyckell\u00e5dor med kod -","isPartOf":{"@id":"https:\/\/keybox.nl\/#website"},"primaryImageOfPage":{"@id":"https:\/\/keybox.nl\/sleutelkastjes-met-code-kopen\/#primaryimage"},"image":{"@id":"https:\/\/keybox.nl\/sleutelkastjes-met-code-kopen\/#primaryimage"},"thumbnailUrl":"http:\/\/keybox.nl\/wp-content\/uploads\/2021\/12\/KSB103-KSB005-4-scaled.jpg","datePublished":"2022-03-11T10:31:40+00:00","dateModified":"2023-07-25T09:21:47+00:00","description":"I v\u00e5r webbshop kan du k\u00f6pa robusta nyckelsk\u00e5p med kod. Best\u00e4ll dem nu och s\u00e4kra dina nycklar! Vi ger dig g\u00e4rna professionell r\u00e5dgivning.","breadcrumb":{"@id":"https:\/\/keybox.nl\/sleutelkastjes-met-code-kopen\/#breadcrumb"},"inLanguage":"sv-SE","potentialAction":[{"@type":"ReadAction","target":["https:\/\/keybox.nl\/sleutelkastjes-met-code-kopen\/"]}]},{"@type":"ImageObject","inLanguage":"sv-SE","@id":"https:\/\/keybox.nl\/sleutelkastjes-met-code-kopen\/#primaryimage","url":"http:\/\/keybox.nl\/wp-content\/uploads\/2021\/12\/KSB103-KSB005-4-scaled.jpg","contentUrl":"http:\/\/keybox.nl\/wp-content\/uploads\/2021\/12\/KSB103-KSB005-4-scaled.jpg"},{"@type":"BreadcrumbList","@id":"https:\/\/keybox.nl\/sleutelkastjes-met-code-kopen\/#breadcrumb","itemListElement":[{"@type":"ListItem","position":1,"name":"Home","item":"https:\/\/keybox.nl\/"},{"@type":"ListItem","position":2,"name":"Sleutelkastjes met code kopen"}]},{"@type":"WebSite","@id":"https:\/\/keybox.nl\/#website","url":"https:\/\/keybox.nl\/","name":"","description":"","potentialAction":[{"@type":"SearchAction","target":{"@type":"EntryPoint","urlTemplate":"https:\/\/keybox.nl\/?s={search_term_string}"},"query-input":{"@type":"PropertyValueSpecification","valueRequired":true,"valueName":"search_term_string"}}],"inLanguage":"sv-SE"}]}},"jetpack-related-posts":[{"id":1529,"url":"https:\/\/keybox.nl\/sv\/sleutelhaken-kopen\/","url_meta":{"origin":550,"position":0},"title":"nyckelkrokar-k\u00f6pa","author":"Keybox@beheermodule","date":"20 juli 2023","format":false,"excerpt":"K\u00f6p s\u00e4kert med nyckelkrokar Till webbshoppen! \u2713 Anv\u00e4ndarv\u00e4nliga \u2713 Resistenta och s\u00e4kra \u2713 Olika modeller Letar du efter nyckelkrokar av h\u00f6g kvalitet att k\u00f6pa f\u00f6r anv\u00e4ndning i ditt f\u00f6retag? \u00d6verv\u00e4g d\u00e5 att k\u00f6pa ett professionellt s\u00e4krat nyckelsk\u00e5p. N\u00e4r allt kommer omkring vill du inte att m\u00e4nniskor med onda avsikter ska ...","rel":"","context":"Liknande inl\u00e4gg","block_context":{"text":"Liknande inl\u00e4gg","link":""},"img":{"alt_text":"","src":"https:\/\/i0.wp.com\/keybox.nl\/wp-content\/uploads\/2021\/12\/KSB_102_1-e1638478691321.jpg?resize=350%2C200&ssl=1","width":350,"height":200,"srcset":"https:\/\/i0.wp.com\/keybox.nl\/wp-content\/uploads\/2021\/12\/KSB_102_1-e1638478691321.jpg?resize=350%2C200&ssl=1 1x, https:\/\/i0.wp.com\/keybox.nl\/wp-content\/uploads\/2021\/12\/KSB_102_1-e1638478691321.jpg?resize=525%2C300&ssl=1 1.5x, https:\/\/i0.wp.com\/keybox.nl\/wp-content\/uploads\/2021\/12\/KSB_102_1-e1638478691321.jpg?resize=700%2C400&ssl=1 2x"},"classes":[]},{"id":538,"url":"https:\/\/keybox.nl\/sv\/kluis-kopen-voor-thuis\/","url_meta":{"origin":550,"position":1},"title":"K\u00f6p s\u00e4kert f\u00f6r hemmet","author":"Keybox@beheermodule","date":"11 mars 2022","format":false,"excerpt":"K\u00f6p ett t\u00e5ligt kassask\u00e5p till ditt hem Till webbshoppen! \u2713 Anv\u00e4ndarv\u00e4nligt \u2713 Motst\u00e5ndskraftigt och s\u00e4kert \u2713 Olika modeller Vill du k\u00f6pa ett praktiskt kassask\u00e5p till ditt hem? D\u00e5 har Keybox.co.uk det du letar efter. Kassask\u00e5p f\u00f6r hemmet \u00e4r n\u00e5got mindre och kr\u00e4ver ingen omfattande installation, vilket g\u00f6r dem idealiska f\u00f6r...","rel":"","context":"Liknande inl\u00e4gg","block_context":{"text":"Liknande inl\u00e4gg","link":""},"img":{"alt_text":"","src":"https:\/\/i0.wp.com\/keybox.nl\/wp-content\/uploads\/2022\/01\/KSB007-inner-safe-2-e1643896091542.jpg?resize=350%2C200&ssl=1","width":350,"height":200,"srcset":"https:\/\/i0.wp.com\/keybox.nl\/wp-content\/uploads\/2022\/01\/KSB007-inner-safe-2-e1643896091542.jpg?resize=350%2C200&ssl=1 1x, https:\/\/i0.wp.com\/keybox.nl\/wp-content\/uploads\/2022\/01\/KSB007-inner-safe-2-e1643896091542.jpg?resize=525%2C300&ssl=1 1.5x, https:\/\/i0.wp.com\/keybox.nl\/wp-content\/uploads\/2022\/01\/KSB007-inner-safe-2-e1643896091542.jpg?resize=700%2C400&ssl=1 2x"},"classes":[]},{"id":30,"url":"https:\/\/keybox.nl\/sv\/","url_meta":{"origin":550,"position":2},"title":"K\u00f6pa s\u00e4kra nyckelsk\u00e5p","author":"Keybox@beheermodule","date":"30 november 2021","format":false,"excerpt":"P\u00e5 Keybox.se kan du bland annat k\u00f6pa ett robust kassask\u00e5p eller s\u00e4kra nyckelsk\u00e5p. Vi erbjuder olika typer av kassask\u00e5p; fr\u00e5n diskreta nyckelsk\u00e5p till v\u00e4ggsk\u00e5p med ins\u00e4ttningshjul. Hos oss kan du best\u00e4lla ett kassask\u00e5p till ditt f\u00f6retag, men ocks\u00e5 till ditt hem. Tack vare v\u00e5rt breda utbud av nyckelsk\u00e5p,...","rel":"","context":"Med 1 kommentar","block_context":{"text":"Med 1 kommentar","link":"https:\/\/keybox.nl\/sv\/#comments"},"img":{"alt_text":"","src":"","width":0,"height":0},"classes":[]},{"id":556,"url":"https:\/\/keybox.nl\/sv\/kleine-sleutelkluisjes-kopen\/","url_meta":{"origin":550,"position":3},"title":"K\u00f6p kassask\u00e5p med sm\u00e5 nycklar","author":"Keybox@beheermodule","date":"11 mars 2022","format":false,"excerpt":"K\u00f6p p\u00e5litliga kassask\u00e5p f\u00f6r sm\u00e5 nycklar Till webbshoppen! \u2713 Anv\u00e4ndarv\u00e4nligt \u2713 T\u00e5ligt och s\u00e4kert \u2713 Olika modeller Hos oss kan du k\u00f6pa sm\u00e5 nyckelsk\u00e5p f\u00f6r att f\u00f6rvara dina nycklar p\u00e5 ett s\u00e4kert s\u00e4tt. Keybox.co.uk erbjuder alla typer av kassask\u00e5p, till exempel ett litet nyckelsk\u00e5p, som du enkelt kan k\u00f6pa online. Tack vare v\u00e5r...","rel":"","context":"Liknande inl\u00e4gg","block_context":{"text":"Liknande inl\u00e4gg","link":""},"img":{"alt_text":"","src":"https:\/\/i0.wp.com\/keybox.nl\/wp-content\/uploads\/2022\/12\/Keysafe_Original_keybox_sleutelkluis.jpg?resize=350%2C200&ssl=1","width":350,"height":200,"srcset":"https:\/\/i0.wp.com\/keybox.nl\/wp-content\/uploads\/2022\/12\/Keysafe_Original_keybox_sleutelkluis.jpg?resize=350%2C200&ssl=1 1x, https:\/\/i0.wp.com\/keybox.nl\/wp-content\/uploads\/2022\/12\/Keysafe_Original_keybox_sleutelkluis.jpg?resize=525%2C300&ssl=1 1.5x, https:\/\/i0.wp.com\/keybox.nl\/wp-content\/uploads\/2022\/12\/Keysafe_Original_keybox_sleutelkluis.jpg?resize=700%2C400&ssl=1 2x"},"classes":[]},{"id":1528,"url":"https:\/\/keybox.nl\/sv\/elektronische-sleutelkluis-kopen\/","url_meta":{"origin":550,"position":4},"title":"elektronisk nyckel s\u00e4kert k\u00f6p","author":"Keybox@beheermodule","date":"20 juli 2023","format":false,"excerpt":"K\u00f6p elektroniskt nyckelsk\u00e5p Till webbshoppen! \u2713 Anv\u00e4ndarv\u00e4nligt \u2713 Motst\u00e5ndskraftigt och s\u00e4kert \u2713 Olika modeller Att k\u00f6pa ett elektroniskt nyckelsk\u00e5p \u00e4r det f\u00f6rsta steget n\u00e4r det g\u00e4ller att garantera s\u00e4kerheten p\u00e5 ditt f\u00f6retag eller i ditt hem. Keybox.co.uk erbjuder dig den l\u00f6sning som passar dina behov s\u00f6ml\u00f6st. Dessa kassask\u00e5p...","rel":"","context":"Liknande inl\u00e4gg","block_context":{"text":"Liknande inl\u00e4gg","link":""},"img":{"alt_text":"","src":"https:\/\/i0.wp.com\/keybox.nl\/wp-content\/uploads\/2023\/02\/Keysafe-Big-Pro-sleutelkastje_keybox.jpeg?resize=350%2C200&ssl=1","width":350,"height":200,"srcset":"https:\/\/i0.wp.com\/keybox.nl\/wp-content\/uploads\/2023\/02\/Keysafe-Big-Pro-sleutelkastje_keybox.jpeg?resize=350%2C200&ssl=1 1x, https:\/\/i0.wp.com\/keybox.nl\/wp-content\/uploads\/2023\/02\/Keysafe-Big-Pro-sleutelkastje_keybox.jpeg?resize=525%2C300&ssl=1 1.5x, https:\/\/i0.wp.com\/keybox.nl\/wp-content\/uploads\/2023\/02\/Keysafe-Big-Pro-sleutelkastje_keybox.jpeg?resize=700%2C400&ssl=1 2x"},"classes":[]},{"id":326,"url":"https:\/\/keybox.nl\/sv\/goedkope-kluis-kopen\/","url_meta":{"origin":550,"position":5},"title":"K\u00f6p billigt s\u00e4kert","author":"Keybox@beheermodule","date":"3 mars 2022","format":false,"excerpt":"K\u00f6p ett billigt kassask\u00e5p av h\u00f6g kvalitet Till webbshoppen! \u2713 Anv\u00e4ndarv\u00e4nligt \u2713 Motst\u00e5ndskraftigt och s\u00e4kert \u2713 Olika modeller P\u00e5 Keybox.se kan du k\u00f6pa ett billigt och motst\u00e5ndskraftigt kassask\u00e5p till ditt f\u00f6retag. Tack vare v\u00e5ra kassask\u00e5p kan du h\u00e5lla nyckelutl\u00e4mningen s\u00e4ker hela tiden. Dessutom beh\u00f6ver ingen vara n\u00e4rvarande f\u00f6r att...","rel":"","context":"Liknande inl\u00e4gg","block_context":{"text":"Liknande inl\u00e4gg","link":""},"img":{"alt_text":"","src":"https:\/\/i0.wp.com\/keybox.nl\/wp-content\/uploads\/2021\/12\/KSB_102_1-e1638478691321.jpg?resize=350%2C200&ssl=1","width":350,"height":200,"srcset":"https:\/\/i0.wp.com\/keybox.nl\/wp-content\/uploads\/2021\/12\/KSB_102_1-e1638478691321.jpg?resize=350%2C200&ssl=1 1x, https:\/\/i0.wp.com\/keybox.nl\/wp-content\/uploads\/2021\/12\/KSB_102_1-e1638478691321.jpg?resize=525%2C300&ssl=1 1.5x, https:\/\/i0.wp.com\/keybox.nl\/wp-content\/uploads\/2021\/12\/KSB_102_1-e1638478691321.jpg?resize=700%2C400&ssl=1 2x"},"classes":[]}],"jetpack_sharing_enabled":true,"_links":{"self":[{"href":"https:\/\/keybox.nl\/sv\/wp-json\/wp\/v2\/pages\/550","targetHints":{"allow":["GET"]}}],"collection":[{"href":"https:\/\/keybox.nl\/sv\/wp-json\/wp\/v2\/pages"}],"about":[{"href":"https:\/\/keybox.nl\/sv\/wp-json\/wp\/v2\/types\/page"}],"author":[{"embeddable":true,"href":"https:\/\/keybox.nl\/sv\/wp-json\/wp\/v2\/users\/1"}],"replies":[{"embeddable":true,"href":"https:\/\/keybox.nl\/sv\/wp-json\/wp\/v2\/comments?post=550"}],"version-history":[{"count":5,"href":"https:\/\/keybox.nl\/sv\/wp-json\/wp\/v2\/pages\/550\/revisions"}],"predecessor-version":[{"id":1644,"href":"https:\/\/keybox.nl\/sv\/wp-json\/wp\/v2\/pages\/550\/revisions\/1644"}],"wp:attachment":[{"href":"https:\/\/keybox.nl\/sv\/wp-json\/wp\/v2\/media?parent=550"}],"curies":[{"name":"wp","href":"https:\/\/api.w.org\/{rel}","templated":true}]}}