{"id":546,"date":"2022-03-11T10:28:42","date_gmt":"2022-03-11T10:28:42","guid":{"rendered":"http:\/\/keybox.nl\/?page_id=546"},"modified":"2023-07-25T09:18:39","modified_gmt":"2023-07-25T09:18:39","slug":"inbouwkluisjes-kopen","status":"publish","type":"page","link":"https:\/\/keybox.nl\/sv\/inbouwkluisjes-kopen\/","title":{"rendered":"K\u00f6p inbyggda kassask\u00e5p"},"content":{"rendered":"<div class=\"wp-block-cover alignfull\" style=\"min-height:200px;aspect-ratio:unset;\"><span aria-hidden=\"true\" class=\"wp-block-cover__background has-background-dim-60 has-background-dim\"><\/span><img decoding=\"async\" width=\"1920\" height=\"2560\" class=\"wp-block-cover__image-background wp-image-126\" alt=\"Kluis\" src=\"http:\/\/keybox.nl\/wp-content\/uploads\/2021\/12\/KSB103-KSB005-4-scaled.jpg\" style=\"object-position:50% 50%\" data-object-fit=\"cover\" data-object-position=\"50% 50%\" srcset=\"https:\/\/keybox.nl\/wp-content\/uploads\/2021\/12\/KSB103-KSB005-4-scaled.jpg 1920w, https:\/\/keybox.nl\/wp-content\/uploads\/2021\/12\/KSB103-KSB005-4-416x555.jpg 416w, https:\/\/keybox.nl\/wp-content\/uploads\/2021\/12\/KSB103-KSB005-4-225x300.jpg 225w, https:\/\/keybox.nl\/wp-content\/uploads\/2021\/12\/KSB103-KSB005-4-768x1024.jpg 768w, https:\/\/keybox.nl\/wp-content\/uploads\/2021\/12\/KSB103-KSB005-4-1152x1536.jpg 1152w, https:\/\/keybox.nl\/wp-content\/uploads\/2021\/12\/KSB103-KSB005-4-1536x2048.jpg 1536w, https:\/\/keybox.nl\/wp-content\/uploads\/2021\/12\/KSB103-KSB005-4-1320x1760.jpg 1320w\" sizes=\"(max-width: 1920px) 100vw, 1920px\" \/><div class=\"wp-block-cover__inner-container is-layout-flow wp-block-cover-is-layout-flow\">\n<h1 class=\"wp-block-heading alignwide has-text-align-left has-white-color has-text-color\" style=\"font-size:40px\">K\u00f6p robusta inbyggda kassask\u00e5p<\/h1>\n\n\n\n<div class=\"wp-block-columns alignwide is-layout-flex wp-container-core-columns-is-layout-28f84493 wp-block-columns-is-layout-flex\">\n<div class=\"wp-block-column is-layout-flow wp-block-column-is-layout-flow\" style=\"flex-basis:55%\">\n<div class=\"wp-block-buttons is-layout-flex wp-block-buttons-is-layout-flex\">\n<div class=\"wp-block-button cta-knop alignleft\"><a class=\"wp-block-button__link has-black-color has-white-background-color has-text-color has-background wp-element-button\" href=\"http:\/\/keybox.nl\/sv\/\">Till webbshoppen!<\/a><\/div>\n<\/div>\n<\/div>\n<\/div>\n<\/div><\/div>\n\n\n\n<div style=\"height:50px\" aria-hidden=\"true\" class=\"wp-block-spacer\"><\/div>\n\n\n\n<div class=\"wp-block-group alignfull is-content-justification-center is-layout-flex wp-container-core-group-is-layout-81a7f686 wp-block-group-is-layout-flex\">\n<p class=\"usps has-normal-font-size\">\u2713 Anv\u00e4ndarv\u00e4nlig<\/p>\n\n\n\n<p>\u2713 Motst\u00e5ndskraftig och s\u00e4ker<\/p>\n\n\n\n<p>\u2713 Olika modeller<\/p>\n<\/div>\n\n\n\n<style>\nh1.entry-title {\ndisplay: none;\n}\n.cta-knop {\nmargin-left: 35px !important;\n}\n\n.cta-knop:hover {\nopacity: 0.75;\n}\n\n@media only screen and (max-width: 1064px) {\n.cta-knop {\nmargin-left: 0px !important;\n}\n\n.wp-block-group.alignfull {\n    display: flex;\n    flex-direction: column;\n}\n}\n<\/style>\n\n\n\n<div style=\"height:100px\" aria-hidden=\"true\" class=\"wp-block-spacer\"><\/div>\n\n\n\n<p class=\"has-text-align-left align-left has-black-color has-text-color has-normal-font-size\">Vill du k\u00f6pa inbyggda kassask\u00e5p till ditt f\u00f6retag? V\u00e5r webbshop erbjuder olika modeller av kassask\u00e5p som du installerar i v\u00e4ggen. Eftersom systemet \u00e4r i v\u00e4ggen kan det inte tas bort och \u00e4r extra motst\u00e5ndskraftigt mot st\u00f6ld. P\u00e5 Keybox.se kan du k\u00f6pa billiga inbyggda v\u00e4ggsk\u00e5p f\u00f6r att till exempel hantera nycklar. L\u00e4s mer om v\u00e5ra inbyggda v\u00e4ggsk\u00e5p h\u00e4r!<\/p>\n\n\n\n<div style=\"height:100px\" aria-hidden=\"true\" class=\"wp-block-spacer\"><\/div>\n\n\n\n<div class=\"wp-block-group is-content-justification-center is-layout-flex wp-container-core-group-is-layout-81a7f686 wp-block-group-is-layout-flex\">\n<div class=\"wp-block-media-text alignwide is-stacked-on-mobile is-vertically-aligned-center\" style=\"grid-template-columns:40% auto\"><figure class=\"wp-block-media-text__media\"><img decoding=\"async\" width=\"1024\" height=\"1024\" src=\"http:\/\/keybox.nl\/wp-content\/uploads\/2021\/12\/KSB_102_1-1024x1024.jpg\" alt=\"\" class=\"wp-image-104 size-full\"\/><\/figure><div class=\"wp-block-media-text__content\">\n<h2 class=\"wp-block-heading has-text-color\" style=\"color:#000000;font-size:32px\">K\u00f6p p\u00e5litliga inbyggda kassask\u00e5p online<\/h2>\n\n\n\n<p class=\"has-text-color has-normal-font-size\" style=\"color:#000000\">Hos oss hittar du innovativa och s\u00e4rskilt <a href=\"http:\/\/keybox.nl\/sv\/\">s\u00e4kra nyckelsk\u00e5p<\/a>. Tack vare v\u00e5rt smarta system l\u00e4mnas nycklarna p\u00e5 utsidan av ditt f\u00f6retag och f\u00f6rvaras innanf\u00f6r v\u00e4ggarna. P\u00e5 s\u00e5 s\u00e4tt beh\u00f6ver ditt f\u00f6retag inte h\u00e5lla \u00f6ppet f\u00f6r att ta emot nycklar. Dessutom \u00e4r de inbyggda v\u00e4ggsk\u00e5pen som du kan k\u00f6pa fr\u00e5n oss praktiskt taget om\u00f6jliga att stj\u00e4la. Kolla in v\u00e5r webbshop eller kom f\u00f6rbi v\u00e5r filial i Bussum f\u00f6r att f\u00e5 en <a href=\"http:\/\/keybox.nl\/sv\/goedkope-kluis-kopen\/\">k\u00f6p billigt s\u00e4kert<\/a> f\u00f6r dina nycklar.<\/p>\n<\/div><\/div>\n<\/div>\n\n\n\n<div style=\"height:100px\" aria-hidden=\"true\" class=\"wp-block-spacer\"><\/div>\n\n\n\n<h2 class=\"wp-block-heading has-text-align-center\"><strong>Vill du k\u00f6pa ett inbyggt kassask\u00e5p fr\u00e5n oss?<\/strong><\/h2>\n\n\n\n<div class=\"wp-block-buttons is-content-justification-center is-layout-flex wp-container-core-buttons-is-layout-a89b3969 wp-block-buttons-is-layout-flex\">\n<div class=\"wp-block-button is-style-outline is-style-outline--1\"><a class=\"wp-block-button__link wp-element-button\" href=\"http:\/\/keybox.nl\/sv\/\">Se webbshoppen<\/a><\/div>\n<\/div>\n\n\n\n<div style=\"height:100px\" aria-hidden=\"true\" class=\"wp-block-spacer\"><\/div>\n\n\n\n<div class=\"wp-block-group is-content-justification-center is-layout-flex wp-container-core-group-is-layout-81a7f686 wp-block-group-is-layout-flex\">\n<div class=\"wp-block-media-text alignwide has-media-on-the-right is-stacked-on-mobile is-vertically-aligned-center\" style=\"grid-template-columns:auto 40%\"><div class=\"wp-block-media-text__content\">\n<h3 class=\"wp-block-heading has-text-color\" style=\"color:#000000;font-size:32px\"><strong>Tack vare v\u00e5ra inbyggda v\u00e4ggsk\u00e5p \u00e4r dina nycklar och \u00e4godelar s\u00e4kra<\/strong><\/h3>\n\n\n\n<p class=\"has-text-color has-normal-font-size\" style=\"color:#000000\">I v\u00e5r webbshop <a href=\"http:\/\/keybox.nl\/sv\/kluis-waardeberging-kopen\/\">k\u00f6pa kassask\u00e5p med h\u00f6g v\u00e4rdebest\u00e4ndighet<\/a>. Detta inneb\u00e4r att du kan f\u00f6rvara f\u00f6rem\u00e5l av mycket h\u00f6gt v\u00e4rde i dem eftersom de \u00e4r s\u00e4rskilt s\u00e4kra. Inbyggda kassask\u00e5p \u00e4r kloka att k\u00f6pa f\u00f6r v\u00e4rdefulla \u00e4godelar eftersom dessa kassask\u00e5p \u00e4r extremt motst\u00e5ndskraftiga mot st\u00f6ld. F\u00f6r att ta bort ett s\u00e5dant kassask\u00e5p skulle v\u00e4ggen beh\u00f6va rivas. Inbrottstjuvar vill inte bli uppm\u00e4rksammade och bryr sig d\u00e4rf\u00f6r inte. D\u00e4rf\u00f6r \u00e4r v\u00e5ra inbyggda v\u00e4ggsk\u00e5p de b\u00e4sta att k\u00f6pa f\u00f6r f\u00f6rvaring av nycklar. Du v\u00e4ljer sj\u00e4lv om du vill <a href=\"http:\/\/keybox.nl\/sv\/sleutelkluis-buiten\/\">utv\u00e4ndigt nyckelsk\u00e5p<\/a> eller vill ha den installerad inomhus.<\/p>\n<\/div><figure class=\"wp-block-media-text__media\"><img decoding=\"async\" width=\"600\" height=\"800\" src=\"http:\/\/keybox.nl\/wp-content\/uploads\/2021\/12\/Extra-Armor-KSB.jpg\" alt=\"Kluis los\" class=\"wp-image-103 size-full\" srcset=\"https:\/\/keybox.nl\/wp-content\/uploads\/2021\/12\/Extra-Armor-KSB.jpg 600w, https:\/\/keybox.nl\/wp-content\/uploads\/2021\/12\/Extra-Armor-KSB-416x555.jpg 416w, https:\/\/keybox.nl\/wp-content\/uploads\/2021\/12\/Extra-Armor-KSB-225x300.jpg 225w\" sizes=\"(max-width: 600px) 100vw, 600px\" \/><\/figure><\/div>\n<\/div>\n\n\n\n<div style=\"height:50px\" aria-hidden=\"true\" class=\"wp-block-spacer\"><\/div>\n\n\n\n<h3 class=\"wp-block-heading has-black-color has-text-color\"><strong>Upplev bekv\u00e4mligheten med v\u00e5rt system<\/strong><\/h3>\n\n\n\n<p>Du g\u00f6r det enkelt att hantera nycklar genom att k\u00f6pa v\u00e5ra inbyggda sk\u00e5p. F\u00f6rvara alla dina nycklar s\u00e4kert p\u00e5 ett st\u00e4lle och skydda dem fr\u00e5n st\u00f6ld. Du v\u00e4ljer sj\u00e4lv vilka inbyggda v\u00e4ggsk\u00e5p du vill k\u00f6pa till ditt f\u00f6retag, men vi ger dig ocks\u00e5 g\u00e4rna <a href=\"http:\/\/keybox.nl\/sv\/advies-sleutelkluis-opvragen\/\">r\u00e5d om det perfekta nyckelsk\u00e5pet<\/a>. L\u00e4mna dina fr\u00e5gor eller beg\u00e4r en offert via <a href=\"http:\/\/keybox.nl\/sv\/contact\/\">v\u00e5rt kontaktformul\u00e4r<\/a>. Du kan ocks\u00e5 anv\u00e4nda det h\u00e4r formul\u00e4ret f\u00f6r att g\u00f6ra en bes\u00f6ksf\u00f6rfr\u00e5gan.<\/p>\n\n\n\n<h2 class=\"wp-block-heading alignwide has-text-align-left form-titel\"><strong>Har du fr\u00e5gor om s\u00e4kerhet?<\/strong><\/h2>\n\n\n<div class=\"wp-block-jetpack-contact-form alignwide is-layout-flex wp-container-jetpack-contact-form-is-layout-2b4208ba wp-block-jetpack-contact-form-is-layout-flex\"><a href=\"https:\/\/keybox.nl\/sv\/inbouwkluisjes-kopen\/\" target=\"_blank\" rel=\"noopener noreferrer\">Skicka ett formul\u00e4r.<\/a><\/div>\n\n\n<p><\/p>","protected":false},"excerpt":{"rendered":"<p>\u2713 Gebruiksvriendelijk \u2713 Bestendig en veilig \u2713 Diverse modellen Wilt u inbouwkluisjes voor uw bedrijf kopen? In onze webshop zijn diverse modellen kluizen beschikbaar die u in de muur installeert. Doordat het systeem in de muur zit, kan het niet worden meegenomen en is het extra goed bestand tegen diefstal. Bij Keybox.nl kunt u voordelig [&hellip;]<\/p>\n","protected":false},"author":1,"featured_media":0,"parent":0,"menu_order":0,"comment_status":"closed","ping_status":"closed","template":"template-fullwidth.php","meta":{"footnotes":""},"class_list":["post-546","page","type-page","status-publish","hentry"],"yoast_head":"<!-- This site is optimized with the Yoast SEO plugin v27.4 - https:\/\/yoast.com\/product\/yoast-seo-wordpress\/ -->\n<title>Handige inbouwkluisjes kopen -<\/title>\n<meta name=\"description\" content=\"Voordelige en stevige inbouwkluisjes kunt u bij onze firma kopen. Deze kluizen zijn gebruiksvriendelijk en inbraakwerend. Vraag een offerte aan!\" \/>\n<meta name=\"robots\" content=\"index, follow, max-snippet:-1, max-image-preview:large, max-video-preview:-1\" \/>\n<link rel=\"canonical\" href=\"https:\/\/keybox.nl\/sv\/inbouwkluisjes-kopen\/\" \/>\n<meta property=\"og:locale\" content=\"sv_SE\" \/>\n<meta property=\"og:type\" content=\"article\" \/>\n<meta property=\"og:title\" content=\"Handige inbouwkluisjes kopen -\" \/>\n<meta property=\"og:description\" content=\"Voordelige en stevige inbouwkluisjes kunt u bij onze firma kopen. Deze kluizen zijn gebruiksvriendelijk en inbraakwerend. Vraag een offerte aan!\" \/>\n<meta property=\"og:url\" content=\"https:\/\/keybox.nl\/sv\/inbouwkluisjes-kopen\/\" \/>\n<meta property=\"article:modified_time\" content=\"2023-07-25T09:18:39+00:00\" \/>\n<meta property=\"og:image\" content=\"http:\/\/keybox.nl\/wp-content\/uploads\/2021\/12\/KSB103-KSB005-4-scaled.jpg\" \/>\n<meta name=\"twitter:card\" content=\"summary_large_image\" \/>\n<meta name=\"twitter:label1\" content=\"Ber\u00e4knad l\u00e4stid\" \/>\n\t<meta name=\"twitter:data1\" content=\"3 minuter\" \/>\n<script type=\"application\/ld+json\" class=\"yoast-schema-graph\">{\"@context\":\"https:\\\/\\\/schema.org\",\"@graph\":[{\"@type\":\"WebPage\",\"@id\":\"https:\\\/\\\/keybox.nl\\\/inbouwkluisjes-kopen\\\/\",\"url\":\"https:\\\/\\\/keybox.nl\\\/inbouwkluisjes-kopen\\\/\",\"name\":\"Handige inbouwkluisjes kopen -\",\"isPartOf\":{\"@id\":\"https:\\\/\\\/keybox.nl\\\/#website\"},\"primaryImageOfPage\":{\"@id\":\"https:\\\/\\\/keybox.nl\\\/inbouwkluisjes-kopen\\\/#primaryimage\"},\"image\":{\"@id\":\"https:\\\/\\\/keybox.nl\\\/inbouwkluisjes-kopen\\\/#primaryimage\"},\"thumbnailUrl\":\"http:\\\/\\\/keybox.nl\\\/wp-content\\\/uploads\\\/2021\\\/12\\\/KSB103-KSB005-4-scaled.jpg\",\"datePublished\":\"2022-03-11T10:28:42+00:00\",\"dateModified\":\"2023-07-25T09:18:39+00:00\",\"description\":\"Voordelige en stevige inbouwkluisjes kunt u bij onze firma kopen. Deze kluizen zijn gebruiksvriendelijk en inbraakwerend. Vraag een offerte aan!\",\"breadcrumb\":{\"@id\":\"https:\\\/\\\/keybox.nl\\\/inbouwkluisjes-kopen\\\/#breadcrumb\"},\"inLanguage\":\"sv-SE\",\"potentialAction\":[{\"@type\":\"ReadAction\",\"target\":[\"https:\\\/\\\/keybox.nl\\\/inbouwkluisjes-kopen\\\/\"]}]},{\"@type\":\"ImageObject\",\"inLanguage\":\"sv-SE\",\"@id\":\"https:\\\/\\\/keybox.nl\\\/inbouwkluisjes-kopen\\\/#primaryimage\",\"url\":\"http:\\\/\\\/keybox.nl\\\/wp-content\\\/uploads\\\/2021\\\/12\\\/KSB103-KSB005-4-scaled.jpg\",\"contentUrl\":\"http:\\\/\\\/keybox.nl\\\/wp-content\\\/uploads\\\/2021\\\/12\\\/KSB103-KSB005-4-scaled.jpg\"},{\"@type\":\"BreadcrumbList\",\"@id\":\"https:\\\/\\\/keybox.nl\\\/inbouwkluisjes-kopen\\\/#breadcrumb\",\"itemListElement\":[{\"@type\":\"ListItem\",\"position\":1,\"name\":\"Home\",\"item\":\"https:\\\/\\\/keybox.nl\\\/\"},{\"@type\":\"ListItem\",\"position\":2,\"name\":\"Inbouwkluisjes kopen\"}]},{\"@type\":\"WebSite\",\"@id\":\"https:\\\/\\\/keybox.nl\\\/#website\",\"url\":\"https:\\\/\\\/keybox.nl\\\/\",\"name\":\"\",\"description\":\"\",\"potentialAction\":[{\"@type\":\"SearchAction\",\"target\":{\"@type\":\"EntryPoint\",\"urlTemplate\":\"https:\\\/\\\/keybox.nl\\\/?s={search_term_string}\"},\"query-input\":{\"@type\":\"PropertyValueSpecification\",\"valueRequired\":true,\"valueName\":\"search_term_string\"}}],\"inLanguage\":\"sv-SE\"}]}<\/script>\n<!-- \/ Yoast SEO plugin. -->","yoast_head_json":{"title":"K\u00f6p praktiska inbyggda kassask\u00e5p -","description":"Du kan k\u00f6pa billiga och robusta inbyggda kassask\u00e5p fr\u00e5n v\u00e5rt f\u00f6retag. Dessa kassask\u00e5p \u00e4r anv\u00e4ndarv\u00e4nliga och inbrottss\u00e4kra. Be om ett erbjudande!","robots":{"index":"index","follow":"follow","max-snippet":"max-snippet:-1","max-image-preview":"max-image-preview:large","max-video-preview":"max-video-preview:-1"},"canonical":"https:\/\/keybox.nl\/sv\/inbouwkluisjes-kopen\/","og_locale":"sv_SE","og_type":"article","og_title":"Handige inbouwkluisjes kopen -","og_description":"Voordelige en stevige inbouwkluisjes kunt u bij onze firma kopen. Deze kluizen zijn gebruiksvriendelijk en inbraakwerend. Vraag een offerte aan!","og_url":"https:\/\/keybox.nl\/sv\/inbouwkluisjes-kopen\/","article_modified_time":"2023-07-25T09:18:39+00:00","og_image":[{"url":"http:\/\/keybox.nl\/wp-content\/uploads\/2021\/12\/KSB103-KSB005-4-scaled.jpg","type":"","width":"","height":""}],"twitter_card":"summary_large_image","twitter_misc":{"Ber\u00e4knad l\u00e4stid":"3 minuter"},"schema":{"@context":"https:\/\/schema.org","@graph":[{"@type":"WebPage","@id":"https:\/\/keybox.nl\/inbouwkluisjes-kopen\/","url":"https:\/\/keybox.nl\/inbouwkluisjes-kopen\/","name":"K\u00f6p praktiska inbyggda kassask\u00e5p -","isPartOf":{"@id":"https:\/\/keybox.nl\/#website"},"primaryImageOfPage":{"@id":"https:\/\/keybox.nl\/inbouwkluisjes-kopen\/#primaryimage"},"image":{"@id":"https:\/\/keybox.nl\/inbouwkluisjes-kopen\/#primaryimage"},"thumbnailUrl":"http:\/\/keybox.nl\/wp-content\/uploads\/2021\/12\/KSB103-KSB005-4-scaled.jpg","datePublished":"2022-03-11T10:28:42+00:00","dateModified":"2023-07-25T09:18:39+00:00","description":"Du kan k\u00f6pa billiga och robusta inbyggda kassask\u00e5p fr\u00e5n v\u00e5rt f\u00f6retag. Dessa kassask\u00e5p \u00e4r anv\u00e4ndarv\u00e4nliga och inbrottss\u00e4kra. Be om ett erbjudande!","breadcrumb":{"@id":"https:\/\/keybox.nl\/inbouwkluisjes-kopen\/#breadcrumb"},"inLanguage":"sv-SE","potentialAction":[{"@type":"ReadAction","target":["https:\/\/keybox.nl\/inbouwkluisjes-kopen\/"]}]},{"@type":"ImageObject","inLanguage":"sv-SE","@id":"https:\/\/keybox.nl\/inbouwkluisjes-kopen\/#primaryimage","url":"http:\/\/keybox.nl\/wp-content\/uploads\/2021\/12\/KSB103-KSB005-4-scaled.jpg","contentUrl":"http:\/\/keybox.nl\/wp-content\/uploads\/2021\/12\/KSB103-KSB005-4-scaled.jpg"},{"@type":"BreadcrumbList","@id":"https:\/\/keybox.nl\/inbouwkluisjes-kopen\/#breadcrumb","itemListElement":[{"@type":"ListItem","position":1,"name":"Home","item":"https:\/\/keybox.nl\/"},{"@type":"ListItem","position":2,"name":"Inbouwkluisjes kopen"}]},{"@type":"WebSite","@id":"https:\/\/keybox.nl\/#website","url":"https:\/\/keybox.nl\/","name":"","description":"","potentialAction":[{"@type":"SearchAction","target":{"@type":"EntryPoint","urlTemplate":"https:\/\/keybox.nl\/?s={search_term_string}"},"query-input":{"@type":"PropertyValueSpecification","valueRequired":true,"valueName":"search_term_string"}}],"inLanguage":"sv-SE"}]}},"jetpack-related-posts":[{"id":556,"url":"https:\/\/keybox.nl\/sv\/kleine-sleutelkluisjes-kopen\/","url_meta":{"origin":546,"position":0},"title":"K\u00f6p kassask\u00e5p med sm\u00e5 nycklar","author":"Keybox@beheermodule","date":"11 mars 2022","format":false,"excerpt":"K\u00f6p p\u00e5litliga kassask\u00e5p f\u00f6r sm\u00e5 nycklar Till webbshoppen! \u2713 Anv\u00e4ndarv\u00e4nligt \u2713 T\u00e5ligt och s\u00e4kert \u2713 Olika modeller Hos oss kan du k\u00f6pa sm\u00e5 nyckelsk\u00e5p f\u00f6r att f\u00f6rvara dina nycklar p\u00e5 ett s\u00e4kert s\u00e4tt. Keybox.co.uk erbjuder alla typer av kassask\u00e5p, till exempel ett litet nyckelsk\u00e5p, som du enkelt kan k\u00f6pa online. Tack vare v\u00e5r...","rel":"","context":"Liknande inl\u00e4gg","block_context":{"text":"Liknande inl\u00e4gg","link":""},"img":{"alt_text":"","src":"https:\/\/i0.wp.com\/keybox.nl\/wp-content\/uploads\/2022\/12\/Keysafe_Original_keybox_sleutelkluis.jpg?resize=350%2C200&ssl=1","width":350,"height":200,"srcset":"https:\/\/i0.wp.com\/keybox.nl\/wp-content\/uploads\/2022\/12\/Keysafe_Original_keybox_sleutelkluis.jpg?resize=350%2C200&ssl=1 1x, https:\/\/i0.wp.com\/keybox.nl\/wp-content\/uploads\/2022\/12\/Keysafe_Original_keybox_sleutelkluis.jpg?resize=525%2C300&ssl=1 1.5x, https:\/\/i0.wp.com\/keybox.nl\/wp-content\/uploads\/2022\/12\/Keysafe_Original_keybox_sleutelkluis.jpg?resize=700%2C400&ssl=1 2x"},"classes":[]},{"id":326,"url":"https:\/\/keybox.nl\/sv\/goedkope-kluis-kopen\/","url_meta":{"origin":546,"position":1},"title":"K\u00f6p billigt s\u00e4kert","author":"Keybox@beheermodule","date":"3 mars 2022","format":false,"excerpt":"K\u00f6p ett billigt kassask\u00e5p av h\u00f6g kvalitet Till webbshoppen! \u2713 Anv\u00e4ndarv\u00e4nligt \u2713 Motst\u00e5ndskraftigt och s\u00e4kert \u2713 Olika modeller P\u00e5 Keybox.se kan du k\u00f6pa ett billigt och motst\u00e5ndskraftigt kassask\u00e5p till ditt f\u00f6retag. Tack vare v\u00e5ra kassask\u00e5p kan du h\u00e5lla nyckelutl\u00e4mningen s\u00e4ker hela tiden. Dessutom beh\u00f6ver ingen vara n\u00e4rvarande f\u00f6r att...","rel":"","context":"Liknande inl\u00e4gg","block_context":{"text":"Liknande inl\u00e4gg","link":""},"img":{"alt_text":"","src":"https:\/\/i0.wp.com\/keybox.nl\/wp-content\/uploads\/2021\/12\/KSB_102_1-e1638478691321.jpg?resize=350%2C200&ssl=1","width":350,"height":200,"srcset":"https:\/\/i0.wp.com\/keybox.nl\/wp-content\/uploads\/2021\/12\/KSB_102_1-e1638478691321.jpg?resize=350%2C200&ssl=1 1x, https:\/\/i0.wp.com\/keybox.nl\/wp-content\/uploads\/2021\/12\/KSB_102_1-e1638478691321.jpg?resize=525%2C300&ssl=1 1.5x, https:\/\/i0.wp.com\/keybox.nl\/wp-content\/uploads\/2021\/12\/KSB_102_1-e1638478691321.jpg?resize=700%2C400&ssl=1 2x"},"classes":[]},{"id":554,"url":"https:\/\/keybox.nl\/sv\/kluis-waardeberging-kopen-2\/","url_meta":{"origin":546,"position":2},"title":"K\u00f6pa bankfack","author":"Keybox@beheermodule","date":"11 mars 2022","format":false,"excerpt":"K\u00f6pa ett kassask\u00e5p med h\u00f6g s\u00e4kerhet Till webbshoppen! \u2713 Anv\u00e4ndarv\u00e4nligt \u2713 Motst\u00e5ndskraftigt och s\u00e4kert \u2713 Olika modeller F\u00f6r otroligt v\u00e4rdefulla \u00e4godelar b\u00f6r du k\u00f6pa ett kassask\u00e5p med h\u00f6g v\u00e4rdef\u00f6rvaring. Ju h\u00f6gre v\u00e4rdef\u00f6rvaring, desto mer motst\u00e5ndskraftigt \u00e4r kassask\u00e5pet mot inbrott. Vi p\u00e5 Keybox.nl i Bussum...","rel":"","context":"Liknande inl\u00e4gg","block_context":{"text":"Liknande inl\u00e4gg","link":""},"img":{"alt_text":"kluis peugeot","src":"https:\/\/i0.wp.com\/keybox.nl\/wp-content\/uploads\/2022\/02\/KSB007-Peugeot-scaled-e1643751089776.jpg?resize=350%2C200&ssl=1","width":350,"height":200,"srcset":"https:\/\/i0.wp.com\/keybox.nl\/wp-content\/uploads\/2022\/02\/KSB007-Peugeot-scaled-e1643751089776.jpg?resize=350%2C200&ssl=1 1x, https:\/\/i0.wp.com\/keybox.nl\/wp-content\/uploads\/2022\/02\/KSB007-Peugeot-scaled-e1643751089776.jpg?resize=525%2C300&ssl=1 1.5x"},"classes":[]},{"id":552,"url":"https:\/\/keybox.nl\/sv\/kluis-waardeberging-kopen\/","url_meta":{"origin":546,"position":3},"title":"K\u00f6pa bankfack","author":"Keybox@beheermodule","date":"11 mars 2022","format":false,"excerpt":"K\u00f6pa ett kassask\u00e5p med h\u00f6g s\u00e4kerhet Till webbshoppen! \u2713 Anv\u00e4ndarv\u00e4nligt \u2713 Motst\u00e5ndskraftigt och s\u00e4kert \u2713 Olika modeller F\u00f6r mycket v\u00e4rdefulla \u00e4godelar b\u00f6r du k\u00f6pa ett kassask\u00e5p med h\u00f6g lagringskapacitet. Det maximala v\u00e4rdet f\u00f6r ett kassask\u00e5p anger upp till vilket belopp inneh\u00e5llet i ditt kassask\u00e5p \u00e4r f\u00f6rs\u00e4krat....","rel":"","context":"Liknande inl\u00e4gg","block_context":{"text":"Liknande inl\u00e4gg","link":""},"img":{"alt_text":"","src":"https:\/\/i0.wp.com\/keybox.nl\/wp-content\/uploads\/2021\/12\/KSB_102_1-e1638478691321.jpg?resize=350%2C200&ssl=1","width":350,"height":200,"srcset":"https:\/\/i0.wp.com\/keybox.nl\/wp-content\/uploads\/2021\/12\/KSB_102_1-e1638478691321.jpg?resize=350%2C200&ssl=1 1x, https:\/\/i0.wp.com\/keybox.nl\/wp-content\/uploads\/2021\/12\/KSB_102_1-e1638478691321.jpg?resize=525%2C300&ssl=1 1.5x, https:\/\/i0.wp.com\/keybox.nl\/wp-content\/uploads\/2021\/12\/KSB_102_1-e1638478691321.jpg?resize=700%2C400&ssl=1 2x"},"classes":[]},{"id":30,"url":"https:\/\/keybox.nl\/sv\/","url_meta":{"origin":546,"position":4},"title":"K\u00f6pa s\u00e4kra nyckelsk\u00e5p","author":"Keybox@beheermodule","date":"30 november 2021","format":false,"excerpt":"P\u00e5 Keybox.se kan du bland annat k\u00f6pa ett robust kassask\u00e5p eller s\u00e4kra nyckelsk\u00e5p. Vi erbjuder olika typer av kassask\u00e5p; fr\u00e5n diskreta nyckelsk\u00e5p till v\u00e4ggsk\u00e5p med ins\u00e4ttningshjul. Hos oss kan du best\u00e4lla ett kassask\u00e5p till ditt f\u00f6retag, men ocks\u00e5 till ditt hem. Tack vare v\u00e5rt breda utbud av nyckelsk\u00e5p,...","rel":"","context":"Med 1 kommentar","block_context":{"text":"Med 1 kommentar","link":"https:\/\/keybox.nl\/sv\/#comments"},"img":{"alt_text":"","src":"","width":0,"height":0},"classes":[]},{"id":540,"url":"https:\/\/keybox.nl\/sv\/afstortkluis-bestellen\/","url_meta":{"origin":546,"position":5},"title":"Best\u00e4llning av deponeringssk\u00e5p","author":"Keybox@beheermodule","date":"11 mars 2022","format":false,"excerpt":"Best\u00e4ll ett s\u00e4kert kassask\u00e5p Till webbshoppen! \u2713 Anv\u00e4ndarv\u00e4nligt \u2713 T\u00e5ligt och s\u00e4kert \u2713 Olika modeller Ett kassask\u00e5p \u00e4r ett perfekt val att best\u00e4lla n\u00e4r du vill f\u00f6rvara nycklar eller andra sm\u00e5 f\u00f6rem\u00e5l p\u00e5 ett s\u00e4kert s\u00e4tt i ditt f\u00f6retag. Tack vare det smarta deponeringssystemet och v\u00e4ggar av massivt tr\u00e4 \u00e4r v\u00e5ra kassask\u00e5p...","rel":"","context":"Liknande inl\u00e4gg","block_context":{"text":"Liknande inl\u00e4gg","link":""},"img":{"alt_text":"","src":"https:\/\/i0.wp.com\/keybox.nl\/wp-content\/uploads\/2022\/01\/IMG_5363-scaled-e1643386544179.jpg?resize=350%2C200&ssl=1","width":350,"height":200},"classes":[]}],"jetpack_sharing_enabled":true,"_links":{"self":[{"href":"https:\/\/keybox.nl\/sv\/wp-json\/wp\/v2\/pages\/546","targetHints":{"allow":["GET"]}}],"collection":[{"href":"https:\/\/keybox.nl\/sv\/wp-json\/wp\/v2\/pages"}],"about":[{"href":"https:\/\/keybox.nl\/sv\/wp-json\/wp\/v2\/types\/page"}],"author":[{"embeddable":true,"href":"https:\/\/keybox.nl\/sv\/wp-json\/wp\/v2\/users\/1"}],"replies":[{"embeddable":true,"href":"https:\/\/keybox.nl\/sv\/wp-json\/wp\/v2\/comments?post=546"}],"version-history":[{"count":8,"href":"https:\/\/keybox.nl\/sv\/wp-json\/wp\/v2\/pages\/546\/revisions"}],"predecessor-version":[{"id":1642,"href":"https:\/\/keybox.nl\/sv\/wp-json\/wp\/v2\/pages\/546\/revisions\/1642"}],"wp:attachment":[{"href":"https:\/\/keybox.nl\/sv\/wp-json\/wp\/v2\/media?parent=546"}],"curies":[{"name":"wp","href":"https:\/\/api.w.org\/{rel}","templated":true}]}}