{"id":543,"date":"2022-03-11T10:26:49","date_gmt":"2022-03-11T10:26:49","guid":{"rendered":"http:\/\/keybox.nl\/?page_id=543"},"modified":"2023-07-25T09:04:11","modified_gmt":"2023-07-25T09:04:11","slug":"inbraakwerende-kluis-kopen","status":"publish","type":"page","link":"https:\/\/keybox.nl\/sv\/inbraakwerende-kluis-kopen\/","title":{"rendered":"K\u00f6p inbrottss\u00e4kert kassask\u00e5p"},"content":{"rendered":"<div class=\"wp-block-cover alignfull\" style=\"min-height:200px;aspect-ratio:unset;\"><span aria-hidden=\"true\" class=\"wp-block-cover__background has-background-dim-60 has-background-dim\"><\/span><img decoding=\"async\" width=\"1920\" height=\"2560\" class=\"wp-block-cover__image-background wp-image-126\" alt=\"Kluis\" src=\"http:\/\/keybox.nl\/wp-content\/uploads\/2021\/12\/KSB103-KSB005-4-scaled.jpg\" style=\"object-position:50% 50%\" data-object-fit=\"cover\" data-object-position=\"50% 50%\" srcset=\"https:\/\/keybox.nl\/wp-content\/uploads\/2021\/12\/KSB103-KSB005-4-scaled.jpg 1920w, https:\/\/keybox.nl\/wp-content\/uploads\/2021\/12\/KSB103-KSB005-4-416x555.jpg 416w, https:\/\/keybox.nl\/wp-content\/uploads\/2021\/12\/KSB103-KSB005-4-225x300.jpg 225w, https:\/\/keybox.nl\/wp-content\/uploads\/2021\/12\/KSB103-KSB005-4-768x1024.jpg 768w, https:\/\/keybox.nl\/wp-content\/uploads\/2021\/12\/KSB103-KSB005-4-1152x1536.jpg 1152w, https:\/\/keybox.nl\/wp-content\/uploads\/2021\/12\/KSB103-KSB005-4-1536x2048.jpg 1536w, https:\/\/keybox.nl\/wp-content\/uploads\/2021\/12\/KSB103-KSB005-4-1320x1760.jpg 1320w\" sizes=\"(max-width: 1920px) 100vw, 1920px\" \/><div class=\"wp-block-cover__inner-container is-layout-flow wp-block-cover-is-layout-flow\">\n<h1 class=\"wp-block-heading alignwide has-text-align-left has-white-color has-text-color\" style=\"font-size:40px\">K\u00f6pa ett motst\u00e5ndskraftigt, inbrottss\u00e4kert kassask\u00e5p<\/h1>\n\n\n\n<div class=\"wp-block-columns alignwide is-layout-flex wp-container-core-columns-is-layout-28f84493 wp-block-columns-is-layout-flex\">\n<div class=\"wp-block-column is-layout-flow wp-block-column-is-layout-flow\" style=\"flex-basis:55%\">\n<div class=\"wp-block-buttons is-layout-flex wp-block-buttons-is-layout-flex\">\n<div class=\"wp-block-button cta-knop alignleft\"><a class=\"wp-block-button__link has-black-color has-white-background-color has-text-color has-background wp-element-button\" href=\"http:\/\/keybox.nl\/sv\/\">Till webbshoppen!<\/a><\/div>\n<\/div>\n<\/div>\n<\/div>\n<\/div><\/div>\n\n\n\n<div style=\"height:50px\" aria-hidden=\"true\" class=\"wp-block-spacer\"><\/div>\n\n\n\n<div class=\"wp-block-group alignfull is-content-justification-center is-layout-flex wp-container-core-group-is-layout-81a7f686 wp-block-group-is-layout-flex\">\n<p class=\"usps has-normal-font-size\">\u2713 Anv\u00e4ndarv\u00e4nlig<\/p>\n\n\n\n<p>\u2713 Motst\u00e5ndskraftig och s\u00e4ker<\/p>\n\n\n\n<p>\u2713 Olika modeller<\/p>\n<\/div>\n\n\n\n<style>\nh1.entry-title {\ndisplay: none;\n}\n\n.cta-knop {\nmargin-left: 35px !important;\n}\n\n.cta-knop:hover {\nopacity: 0.75;\n}\n\n@media only screen and (max-width: 1064px) {\n.cta-knop {\nmargin-left: 0px !important;\n}\n\n.wp-block-group.alignfull {\n    display: flex;\n    flex-direction: column;\n}\n}\n<\/style>\n\n\n\n<div style=\"height:100px\" aria-hidden=\"true\" class=\"wp-block-spacer\"><\/div>\n\n\n\n<p class=\"has-text-align-left align-left has-black-color has-text-color has-normal-font-size\">Det \u00e4r viktigt att k\u00f6pa ett inbrottss\u00e4kert kassask\u00e5p f\u00f6r dina v\u00e4rdesaker. Det ger dem n\u00e4mligen ett utm\u00e4rkt skydd mot olika typer av st\u00f6lder. Hos Keybox.co.uk k\u00f6per du ett inbrottss\u00e4kert kassask\u00e5p f\u00f6r dina nycklar som du monterar p\u00e5 olika s\u00e4tt. Tack vare det smarta deponeringssystemet \u00e4r dina nycklar skyddade mot attacker 24\/7.<\/p>\n\n\n\n<div style=\"height:100px\" aria-hidden=\"true\" class=\"wp-block-spacer\"><\/div>\n\n\n\n<div class=\"wp-block-group is-content-justification-center is-layout-flex wp-container-core-group-is-layout-81a7f686 wp-block-group-is-layout-flex\">\n<div class=\"wp-block-media-text alignwide is-stacked-on-mobile is-vertically-aligned-center\" style=\"grid-template-columns:40% auto\"><figure class=\"wp-block-media-text__media\"><img decoding=\"async\" width=\"788\" height=\"1024\" src=\"http:\/\/keybox.nl\/wp-content\/uploads\/2022\/12\/Keysafe_Slim_line_Keybox-788x1024.jpeg\" alt=\"Keysafe Slim line\" class=\"wp-image-1172 size-full\" srcset=\"https:\/\/keybox.nl\/wp-content\/uploads\/2022\/12\/Keysafe_Slim_line_Keybox-788x1024.jpeg 788w, https:\/\/keybox.nl\/wp-content\/uploads\/2022\/12\/Keysafe_Slim_line_Keybox-416x541.jpeg 416w, https:\/\/keybox.nl\/wp-content\/uploads\/2022\/12\/Keysafe_Slim_line_Keybox-231x300.jpeg 231w, https:\/\/keybox.nl\/wp-content\/uploads\/2022\/12\/Keysafe_Slim_line_Keybox-768x998.jpeg 768w, https:\/\/keybox.nl\/wp-content\/uploads\/2022\/12\/Keysafe_Slim_line_Keybox.jpeg 1000w\" sizes=\"(max-width: 788px) 100vw, 788px\" \/><\/figure><div class=\"wp-block-media-text__content\">\n<h2 class=\"wp-block-heading has-text-color\" style=\"color:#000000;font-size:32px\">K\u00f6pa ett inbrottss\u00e4kert kassask\u00e5p f\u00f6r dina nycklar<\/h2>\n\n\n\n<p class=\"has-text-color has-normal-font-size\" style=\"color:#000000\">I princip \u00e4r varje kassask\u00e5p inbrottss\u00e4kert. Men eftersom tjuvarna blir alltmer uppfinningsrika och anv\u00e4nder tyngre metoder m\u00e5ste kassask\u00e5pen ocks\u00e5 vara alltmer s\u00e4kra f\u00f6r att f\u00f6rbli st\u00f6ldbest\u00e4ndiga. V\u00e5rt sortiment omfattar olika <a href=\"http:\/\/keybox.nl\/sv\/\">Nyckelsk\u00e5p av h\u00f6g kvalitet<\/a> som uppfyller de senaste standarderna. Ins\u00e4ttningshjulet g\u00f6r det om\u00f6jligt att fiska efter nycklar, eftersom utrymmet inuti kassask\u00e5pet \u00e4r kontinuerligt avsk\u00e4rmat. N\u00e4r hjulet inte anv\u00e4nds \u00e4r det st\u00e4ngt. N\u00e4r en anv\u00e4ndare \u00f6ppnar hjulet f\u00f6rseglas det inre utrymmet d\u00e4r alla nycklar ligger av brickan d\u00e4r anv\u00e4ndaren placerar nyckeln. Du kan ocks\u00e5 k\u00f6pa inbrottss\u00e4kra modeller med ett extra inre kassask\u00e5p fr\u00e5n oss f\u00f6r h\u00f6gre skydd mot st\u00f6ld. Dessutom \u00e4r det m\u00f6jligt att k\u00f6pa en <a href=\"http:\/\/keybox.nl\/sv\/cijferslot-kluis-bestellen\/\">Best\u00e4ll ett kassask\u00e5p med kombinationsl\u00e5s<\/a> f\u00f6r att begr\u00e4nsa \u00e5tkomsten till kassask\u00e5pet. Du best\u00e4mmer vilken typ av <a href=\"http:\/\/keybox.nl\/sv\/safe-kluis-kopen\/\">kassask\u00e5p eller valv<\/a> b\u00e4st passar ditt f\u00f6retag. Men v\u00e5rt team finns ocks\u00e5 till hands f\u00f6r professionell r\u00e5dgivning.<\/p>\n<\/div><\/div>\n<\/div>\n\n\n\n<div style=\"height:100px\" aria-hidden=\"true\" class=\"wp-block-spacer\"><\/div>\n\n\n\n<h2 class=\"wp-block-heading has-text-align-center\"><strong>Letar du efter ett inbrottss\u00e4kert kassask\u00e5p?<\/strong><\/h2>\n\n\n\n<div class=\"wp-block-buttons is-content-justification-center is-layout-flex wp-container-core-buttons-is-layout-a89b3969 wp-block-buttons-is-layout-flex\">\n<div class=\"wp-block-button is-style-outline is-style-outline--1\"><a class=\"wp-block-button__link wp-element-button\" href=\"http:\/\/keybox.nl\/sv\/\">Se webbshoppen<\/a><\/div>\n<\/div>\n\n\n\n<div style=\"height:100px\" aria-hidden=\"true\" class=\"wp-block-spacer\"><\/div>\n\n\n\n<div class=\"wp-block-group is-content-justification-center is-layout-flex wp-container-core-group-is-layout-81a7f686 wp-block-group-is-layout-flex\">\n<div class=\"wp-block-media-text alignwide has-media-on-the-right is-stacked-on-mobile is-vertically-aligned-center\" style=\"grid-template-columns:auto 30%\"><div class=\"wp-block-media-text__content\">\n<h3 class=\"wp-block-heading has-text-color\" style=\"color:#000000;font-size:32px\"><strong>K\u00f6p ett motst\u00e5ndskraftigt och prisv\u00e4rt kassask\u00e5p<\/strong><\/h3>\n\n\n\n<p class=\"has-text-color has-normal-font-size\" style=\"color:#000000\">Kassask\u00e5pen i v\u00e5rt sortiment \u00e4r den b\u00e4sta l\u00f6sningen mot st\u00f6ld. Hos oss kan du k\u00f6pa online en <a href=\"http:\/\/keybox.nl\/sv\/goedkope-kluis-kopen\/\">k\u00f6p billigt s\u00e4kert<\/a> som ocks\u00e5 \u00e4r s\u00e4rskilt s\u00e4kert. Skydda dina nycklar genom att k\u00f6pa ett inbrottss\u00e4kert kassask\u00e5p. Bl\u00e4ddra i v\u00e5r webbshop eller ta <a href=\"http:\/\/keybox.nl\/sv\/contact\/\">Kontakta oss<\/a> f\u00f6r att se v\u00e5ra kassask\u00e5p p\u00e5 v\u00e5rt f\u00f6retag i Bussum. Du kan ocks\u00e5 beg\u00e4ra en offert utan f\u00f6rpliktelse online.<\/p>\n<\/div><figure class=\"wp-block-media-text__media\"><img decoding=\"async\" width=\"600\" height=\"800\" src=\"http:\/\/keybox.nl\/wp-content\/uploads\/2021\/12\/Extra-Armor-KSB.jpg\" alt=\"Kluis los\" class=\"wp-image-103 size-full\" srcset=\"https:\/\/keybox.nl\/wp-content\/uploads\/2021\/12\/Extra-Armor-KSB.jpg 600w, https:\/\/keybox.nl\/wp-content\/uploads\/2021\/12\/Extra-Armor-KSB-416x555.jpg 416w, https:\/\/keybox.nl\/wp-content\/uploads\/2021\/12\/Extra-Armor-KSB-225x300.jpg 225w\" sizes=\"(max-width: 600px) 100vw, 600px\" \/><\/figure><\/div>\n<\/div>\n\n\n\n<div style=\"height:50px\" aria-hidden=\"true\" class=\"wp-block-spacer\"><\/div>\n\n\n\n<h2 class=\"wp-block-heading alignwide has-text-align-left form-titel\"><strong>Har du fr\u00e5gor om s\u00e4kerhet?<\/strong><\/h2>\n\n\n<div class=\"wp-block-jetpack-contact-form alignwide is-layout-flex wp-container-jetpack-contact-form-is-layout-2b4208ba wp-block-jetpack-contact-form-is-layout-flex\"><a href=\"https:\/\/keybox.nl\/sv\/inbraakwerende-kluis-kopen\/\" target=\"_blank\" rel=\"noopener noreferrer\">Skicka ett formul\u00e4r.<\/a><\/div>\n\n\n<p><\/p>","protected":false},"excerpt":{"rendered":"<p>\u2713 Gebruiksvriendelijk \u2713 Bestendig en veilig \u2713 Diverse modellen Een inbraakwerende kluis kopen voor uw waardevolle spullen is belangrijk. Zo zijn ze namelijk uitstekend beschermd tegen diverse soorten diefstal. Bij Keybox.nl koopt u voor uw sleutels een inbraakwerende kluis die u op verschillende manieren monteert. Dankzij het slimme afstortsysteem zijn uw sleutels 24\/7 beschermd tegen [&hellip;]<\/p>\n","protected":false},"author":1,"featured_media":0,"parent":0,"menu_order":0,"comment_status":"closed","ping_status":"closed","template":"template-fullwidth.php","meta":{"footnotes":""},"class_list":["post-543","page","type-page","status-publish","hentry"],"yoast_head":"<!-- This site is optimized with the Yoast SEO plugin v27.4 - https:\/\/yoast.com\/product\/yoast-seo-wordpress\/ -->\n<title>Een goede inbraakwerende kluis kopen -<\/title>\n<meta name=\"description\" content=\"Bij ons kunt u een inbraakwerende kluis kopen om uw bedrijf of woning te beschermen. Bestel online uw nieuwe kluis voor sleutels of bezoek ons.\" \/>\n<meta name=\"robots\" content=\"index, follow, max-snippet:-1, max-image-preview:large, max-video-preview:-1\" \/>\n<link rel=\"canonical\" href=\"https:\/\/keybox.nl\/sv\/inbraakwerende-kluis-kopen\/\" \/>\n<meta property=\"og:locale\" content=\"sv_SE\" \/>\n<meta property=\"og:type\" content=\"article\" \/>\n<meta property=\"og:title\" content=\"Een goede inbraakwerende kluis kopen -\" \/>\n<meta property=\"og:description\" content=\"Bij ons kunt u een inbraakwerende kluis kopen om uw bedrijf of woning te beschermen. Bestel online uw nieuwe kluis voor sleutels of bezoek ons.\" \/>\n<meta property=\"og:url\" content=\"https:\/\/keybox.nl\/sv\/inbraakwerende-kluis-kopen\/\" \/>\n<meta property=\"article:modified_time\" content=\"2023-07-25T09:04:11+00:00\" \/>\n<meta property=\"og:image\" content=\"http:\/\/keybox.nl\/wp-content\/uploads\/2021\/12\/KSB103-KSB005-4-scaled.jpg\" \/>\n<meta name=\"twitter:card\" content=\"summary_large_image\" \/>\n<meta name=\"twitter:label1\" content=\"Ber\u00e4knad l\u00e4stid\" \/>\n\t<meta name=\"twitter:data1\" content=\"3 minuter\" \/>\n<script type=\"application\/ld+json\" class=\"yoast-schema-graph\">{\"@context\":\"https:\\\/\\\/schema.org\",\"@graph\":[{\"@type\":\"WebPage\",\"@id\":\"https:\\\/\\\/keybox.nl\\\/inbraakwerende-kluis-kopen\\\/\",\"url\":\"https:\\\/\\\/keybox.nl\\\/inbraakwerende-kluis-kopen\\\/\",\"name\":\"Een goede inbraakwerende kluis kopen -\",\"isPartOf\":{\"@id\":\"https:\\\/\\\/keybox.nl\\\/#website\"},\"primaryImageOfPage\":{\"@id\":\"https:\\\/\\\/keybox.nl\\\/inbraakwerende-kluis-kopen\\\/#primaryimage\"},\"image\":{\"@id\":\"https:\\\/\\\/keybox.nl\\\/inbraakwerende-kluis-kopen\\\/#primaryimage\"},\"thumbnailUrl\":\"http:\\\/\\\/keybox.nl\\\/wp-content\\\/uploads\\\/2021\\\/12\\\/KSB103-KSB005-4-scaled.jpg\",\"datePublished\":\"2022-03-11T10:26:49+00:00\",\"dateModified\":\"2023-07-25T09:04:11+00:00\",\"description\":\"Bij ons kunt u een inbraakwerende kluis kopen om uw bedrijf of woning te beschermen. Bestel online uw nieuwe kluis voor sleutels of bezoek ons.\",\"breadcrumb\":{\"@id\":\"https:\\\/\\\/keybox.nl\\\/inbraakwerende-kluis-kopen\\\/#breadcrumb\"},\"inLanguage\":\"sv-SE\",\"potentialAction\":[{\"@type\":\"ReadAction\",\"target\":[\"https:\\\/\\\/keybox.nl\\\/inbraakwerende-kluis-kopen\\\/\"]}]},{\"@type\":\"ImageObject\",\"inLanguage\":\"sv-SE\",\"@id\":\"https:\\\/\\\/keybox.nl\\\/inbraakwerende-kluis-kopen\\\/#primaryimage\",\"url\":\"http:\\\/\\\/keybox.nl\\\/wp-content\\\/uploads\\\/2021\\\/12\\\/KSB103-KSB005-4-scaled.jpg\",\"contentUrl\":\"http:\\\/\\\/keybox.nl\\\/wp-content\\\/uploads\\\/2021\\\/12\\\/KSB103-KSB005-4-scaled.jpg\"},{\"@type\":\"BreadcrumbList\",\"@id\":\"https:\\\/\\\/keybox.nl\\\/inbraakwerende-kluis-kopen\\\/#breadcrumb\",\"itemListElement\":[{\"@type\":\"ListItem\",\"position\":1,\"name\":\"Home\",\"item\":\"https:\\\/\\\/keybox.nl\\\/\"},{\"@type\":\"ListItem\",\"position\":2,\"name\":\"Inbraakwerende kluis kopen\"}]},{\"@type\":\"WebSite\",\"@id\":\"https:\\\/\\\/keybox.nl\\\/#website\",\"url\":\"https:\\\/\\\/keybox.nl\\\/\",\"name\":\"\",\"description\":\"\",\"potentialAction\":[{\"@type\":\"SearchAction\",\"target\":{\"@type\":\"EntryPoint\",\"urlTemplate\":\"https:\\\/\\\/keybox.nl\\\/?s={search_term_string}\"},\"query-input\":{\"@type\":\"PropertyValueSpecification\",\"valueRequired\":true,\"valueName\":\"search_term_string\"}}],\"inLanguage\":\"sv-SE\"}]}<\/script>\n<!-- \/ Yoast SEO plugin. -->","yoast_head_json":{"title":"K\u00f6pa ett bra inbrottss\u00e4kert kassask\u00e5p -","description":"Hos oss kan du k\u00f6pa ett inbrottss\u00e4kert kassask\u00e5p f\u00f6r att skydda ditt f\u00f6retag eller hem. Best\u00e4ll ditt nya nyckelsk\u00e5p online eller bes\u00f6k oss.","robots":{"index":"index","follow":"follow","max-snippet":"max-snippet:-1","max-image-preview":"max-image-preview:large","max-video-preview":"max-video-preview:-1"},"canonical":"https:\/\/keybox.nl\/sv\/inbraakwerende-kluis-kopen\/","og_locale":"sv_SE","og_type":"article","og_title":"Een goede inbraakwerende kluis kopen -","og_description":"Bij ons kunt u een inbraakwerende kluis kopen om uw bedrijf of woning te beschermen. Bestel online uw nieuwe kluis voor sleutels of bezoek ons.","og_url":"https:\/\/keybox.nl\/sv\/inbraakwerende-kluis-kopen\/","article_modified_time":"2023-07-25T09:04:11+00:00","og_image":[{"url":"http:\/\/keybox.nl\/wp-content\/uploads\/2021\/12\/KSB103-KSB005-4-scaled.jpg","type":"","width":"","height":""}],"twitter_card":"summary_large_image","twitter_misc":{"Ber\u00e4knad l\u00e4stid":"3 minuter"},"schema":{"@context":"https:\/\/schema.org","@graph":[{"@type":"WebPage","@id":"https:\/\/keybox.nl\/inbraakwerende-kluis-kopen\/","url":"https:\/\/keybox.nl\/inbraakwerende-kluis-kopen\/","name":"K\u00f6pa ett bra inbrottss\u00e4kert kassask\u00e5p -","isPartOf":{"@id":"https:\/\/keybox.nl\/#website"},"primaryImageOfPage":{"@id":"https:\/\/keybox.nl\/inbraakwerende-kluis-kopen\/#primaryimage"},"image":{"@id":"https:\/\/keybox.nl\/inbraakwerende-kluis-kopen\/#primaryimage"},"thumbnailUrl":"http:\/\/keybox.nl\/wp-content\/uploads\/2021\/12\/KSB103-KSB005-4-scaled.jpg","datePublished":"2022-03-11T10:26:49+00:00","dateModified":"2023-07-25T09:04:11+00:00","description":"Hos oss kan du k\u00f6pa ett inbrottss\u00e4kert kassask\u00e5p f\u00f6r att skydda ditt f\u00f6retag eller hem. Best\u00e4ll ditt nya nyckelsk\u00e5p online eller bes\u00f6k oss.","breadcrumb":{"@id":"https:\/\/keybox.nl\/inbraakwerende-kluis-kopen\/#breadcrumb"},"inLanguage":"sv-SE","potentialAction":[{"@type":"ReadAction","target":["https:\/\/keybox.nl\/inbraakwerende-kluis-kopen\/"]}]},{"@type":"ImageObject","inLanguage":"sv-SE","@id":"https:\/\/keybox.nl\/inbraakwerende-kluis-kopen\/#primaryimage","url":"http:\/\/keybox.nl\/wp-content\/uploads\/2021\/12\/KSB103-KSB005-4-scaled.jpg","contentUrl":"http:\/\/keybox.nl\/wp-content\/uploads\/2021\/12\/KSB103-KSB005-4-scaled.jpg"},{"@type":"BreadcrumbList","@id":"https:\/\/keybox.nl\/inbraakwerende-kluis-kopen\/#breadcrumb","itemListElement":[{"@type":"ListItem","position":1,"name":"Home","item":"https:\/\/keybox.nl\/"},{"@type":"ListItem","position":2,"name":"Inbraakwerende kluis kopen"}]},{"@type":"WebSite","@id":"https:\/\/keybox.nl\/#website","url":"https:\/\/keybox.nl\/","name":"","description":"","potentialAction":[{"@type":"SearchAction","target":{"@type":"EntryPoint","urlTemplate":"https:\/\/keybox.nl\/?s={search_term_string}"},"query-input":{"@type":"PropertyValueSpecification","valueRequired":true,"valueName":"search_term_string"}}],"inLanguage":"sv-SE"}]}},"jetpack-related-posts":[{"id":538,"url":"https:\/\/keybox.nl\/sv\/kluis-kopen-voor-thuis\/","url_meta":{"origin":543,"position":0},"title":"K\u00f6p s\u00e4kert f\u00f6r hemmet","author":"Keybox@beheermodule","date":"11 mars 2022","format":false,"excerpt":"K\u00f6p ett t\u00e5ligt kassask\u00e5p till ditt hem Till webbshoppen! \u2713 Anv\u00e4ndarv\u00e4nligt \u2713 Motst\u00e5ndskraftigt och s\u00e4kert \u2713 Olika modeller Vill du k\u00f6pa ett praktiskt kassask\u00e5p till ditt hem? D\u00e5 har Keybox.co.uk det du letar efter. Kassask\u00e5p f\u00f6r hemmet \u00e4r n\u00e5got mindre och kr\u00e4ver ingen omfattande installation, vilket g\u00f6r dem idealiska f\u00f6r...","rel":"","context":"Liknande inl\u00e4gg","block_context":{"text":"Liknande inl\u00e4gg","link":""},"img":{"alt_text":"","src":"https:\/\/i0.wp.com\/keybox.nl\/wp-content\/uploads\/2022\/01\/KSB007-inner-safe-2-e1643896091542.jpg?resize=350%2C200&ssl=1","width":350,"height":200,"srcset":"https:\/\/i0.wp.com\/keybox.nl\/wp-content\/uploads\/2022\/01\/KSB007-inner-safe-2-e1643896091542.jpg?resize=350%2C200&ssl=1 1x, https:\/\/i0.wp.com\/keybox.nl\/wp-content\/uploads\/2022\/01\/KSB007-inner-safe-2-e1643896091542.jpg?resize=525%2C300&ssl=1 1.5x, https:\/\/i0.wp.com\/keybox.nl\/wp-content\/uploads\/2022\/01\/KSB007-inner-safe-2-e1643896091542.jpg?resize=700%2C400&ssl=1 2x"},"classes":[]},{"id":554,"url":"https:\/\/keybox.nl\/sv\/kluis-waardeberging-kopen-2\/","url_meta":{"origin":543,"position":1},"title":"K\u00f6pa bankfack","author":"Keybox@beheermodule","date":"11 mars 2022","format":false,"excerpt":"K\u00f6pa ett kassask\u00e5p med h\u00f6g s\u00e4kerhet Till webbshoppen! \u2713 Anv\u00e4ndarv\u00e4nligt \u2713 Motst\u00e5ndskraftigt och s\u00e4kert \u2713 Olika modeller F\u00f6r otroligt v\u00e4rdefulla \u00e4godelar b\u00f6r du k\u00f6pa ett kassask\u00e5p med h\u00f6g v\u00e4rdef\u00f6rvaring. Ju h\u00f6gre v\u00e4rdef\u00f6rvaring, desto mer motst\u00e5ndskraftigt \u00e4r kassask\u00e5pet mot inbrott. Vi p\u00e5 Keybox.nl i Bussum...","rel":"","context":"Liknande inl\u00e4gg","block_context":{"text":"Liknande inl\u00e4gg","link":""},"img":{"alt_text":"kluis peugeot","src":"https:\/\/i0.wp.com\/keybox.nl\/wp-content\/uploads\/2022\/02\/KSB007-Peugeot-scaled-e1643751089776.jpg?resize=350%2C200&ssl=1","width":350,"height":200,"srcset":"https:\/\/i0.wp.com\/keybox.nl\/wp-content\/uploads\/2022\/02\/KSB007-Peugeot-scaled-e1643751089776.jpg?resize=350%2C200&ssl=1 1x, https:\/\/i0.wp.com\/keybox.nl\/wp-content\/uploads\/2022\/02\/KSB007-Peugeot-scaled-e1643751089776.jpg?resize=525%2C300&ssl=1 1.5x"},"classes":[]},{"id":552,"url":"https:\/\/keybox.nl\/sv\/kluis-waardeberging-kopen\/","url_meta":{"origin":543,"position":2},"title":"K\u00f6pa bankfack","author":"Keybox@beheermodule","date":"11 mars 2022","format":false,"excerpt":"K\u00f6pa ett kassask\u00e5p med h\u00f6g s\u00e4kerhet Till webbshoppen! \u2713 Anv\u00e4ndarv\u00e4nligt \u2713 Motst\u00e5ndskraftigt och s\u00e4kert \u2713 Olika modeller F\u00f6r mycket v\u00e4rdefulla \u00e4godelar b\u00f6r du k\u00f6pa ett kassask\u00e5p med h\u00f6g lagringskapacitet. Det maximala v\u00e4rdet f\u00f6r ett kassask\u00e5p anger upp till vilket belopp inneh\u00e5llet i ditt kassask\u00e5p \u00e4r f\u00f6rs\u00e4krat....","rel":"","context":"Liknande inl\u00e4gg","block_context":{"text":"Liknande inl\u00e4gg","link":""},"img":{"alt_text":"","src":"https:\/\/i0.wp.com\/keybox.nl\/wp-content\/uploads\/2021\/12\/KSB_102_1-e1638478691321.jpg?resize=350%2C200&ssl=1","width":350,"height":200,"srcset":"https:\/\/i0.wp.com\/keybox.nl\/wp-content\/uploads\/2021\/12\/KSB_102_1-e1638478691321.jpg?resize=350%2C200&ssl=1 1x, https:\/\/i0.wp.com\/keybox.nl\/wp-content\/uploads\/2021\/12\/KSB_102_1-e1638478691321.jpg?resize=525%2C300&ssl=1 1.5x, https:\/\/i0.wp.com\/keybox.nl\/wp-content\/uploads\/2021\/12\/KSB_102_1-e1638478691321.jpg?resize=700%2C400&ssl=1 2x"},"classes":[]},{"id":1400,"url":"https:\/\/keybox.nl\/sv\/montage-installatie\/","url_meta":{"origin":543,"position":3},"title":"Montering och installation av ditt kassask\u00e5p","author":"Keybox@beheermodule","date":"16 februari 2023","format":false,"excerpt":"K\u00f6pa ett kassask\u00e5p och f\u00e5 det professionellt installerat? V\u00e4lj Keybox.co.uk Du kan inte bara k\u00f6pa ett kassask\u00e5p p\u00e5 Keybox.co.uk, utan ocks\u00e5 f\u00e5 ditt kassask\u00e5p professionellt monterat och installerat. Vi erbjuder en komplett tj\u00e4nst: fr\u00e5n personlig r\u00e5dgivning till professionell installation p\u00e5 plats. S\u00e5 du kan vara s\u00e4ker p\u00e5 maximal s\u00e4kerhet...","rel":"","context":"Liknande inl\u00e4gg","block_context":{"text":"Liknande inl\u00e4gg","link":""},"img":{"alt_text":"","src":"https:\/\/i0.wp.com\/keybox.nl\/wp-content\/uploads\/2023\/02\/Bestelbus-keybox.jpg?resize=350%2C200&ssl=1","width":350,"height":200,"srcset":"https:\/\/i0.wp.com\/keybox.nl\/wp-content\/uploads\/2023\/02\/Bestelbus-keybox.jpg?resize=350%2C200&ssl=1 1x, https:\/\/i0.wp.com\/keybox.nl\/wp-content\/uploads\/2023\/02\/Bestelbus-keybox.jpg?resize=525%2C300&ssl=1 1.5x, https:\/\/i0.wp.com\/keybox.nl\/wp-content\/uploads\/2023\/02\/Bestelbus-keybox.jpg?resize=700%2C400&ssl=1 2x"},"classes":[]},{"id":326,"url":"https:\/\/keybox.nl\/sv\/goedkope-kluis-kopen\/","url_meta":{"origin":543,"position":4},"title":"K\u00f6p billigt s\u00e4kert","author":"Keybox@beheermodule","date":"3 mars 2022","format":false,"excerpt":"K\u00f6p ett billigt kassask\u00e5p av h\u00f6g kvalitet Till webbshoppen! \u2713 Anv\u00e4ndarv\u00e4nligt \u2713 Motst\u00e5ndskraftigt och s\u00e4kert \u2713 Olika modeller P\u00e5 Keybox.se kan du k\u00f6pa ett billigt och motst\u00e5ndskraftigt kassask\u00e5p till ditt f\u00f6retag. Tack vare v\u00e5ra kassask\u00e5p kan du h\u00e5lla nyckelutl\u00e4mningen s\u00e4ker hela tiden. Dessutom beh\u00f6ver ingen vara n\u00e4rvarande f\u00f6r att...","rel":"","context":"Liknande inl\u00e4gg","block_context":{"text":"Liknande inl\u00e4gg","link":""},"img":{"alt_text":"","src":"https:\/\/i0.wp.com\/keybox.nl\/wp-content\/uploads\/2021\/12\/KSB_102_1-e1638478691321.jpg?resize=350%2C200&ssl=1","width":350,"height":200,"srcset":"https:\/\/i0.wp.com\/keybox.nl\/wp-content\/uploads\/2021\/12\/KSB_102_1-e1638478691321.jpg?resize=350%2C200&ssl=1 1x, https:\/\/i0.wp.com\/keybox.nl\/wp-content\/uploads\/2021\/12\/KSB_102_1-e1638478691321.jpg?resize=525%2C300&ssl=1 1.5x, https:\/\/i0.wp.com\/keybox.nl\/wp-content\/uploads\/2021\/12\/KSB_102_1-e1638478691321.jpg?resize=700%2C400&ssl=1 2x"},"classes":[]},{"id":1530,"url":"https:\/\/keybox.nl\/sv\/hotelkluis-kopen\/","url_meta":{"origin":543,"position":5},"title":"s\u00e4kert k\u00f6p av hotell","author":"Keybox@beheermodule","date":"20 juli 2023","format":false,"excerpt":"K\u00f6p hotells\u00e4kerhetssk\u00e5p till webbshoppen! \u2713 Anv\u00e4ndarv\u00e4nligt \u2713 Motst\u00e5ndskraftigt och s\u00e4kert \u2713 Olika modeller Att k\u00f6pa ett hotellsk\u00e5p \u00e4r inte en trivial fr\u00e5ga. Det handlar om att ge s\u00e4kerhet och sinnesro till dina v\u00e4rdefulla g\u00e4ster. Fr\u00e5n smycken till pass och b\u00e4rbara datorer, ett hotellsk\u00e5p ger en s\u00e4ker tillflyktsort f\u00f6r v\u00e4rdesakerna ...","rel":"","context":"Liknande inl\u00e4gg","block_context":{"text":"Liknande inl\u00e4gg","link":""},"img":{"alt_text":"","src":"https:\/\/i0.wp.com\/keybox.nl\/wp-content\/uploads\/2022\/02\/IMG_5926.jpg?resize=350%2C200&ssl=1","width":350,"height":200,"srcset":"https:\/\/i0.wp.com\/keybox.nl\/wp-content\/uploads\/2022\/02\/IMG_5926.jpg?resize=350%2C200&ssl=1 1x, https:\/\/i0.wp.com\/keybox.nl\/wp-content\/uploads\/2022\/02\/IMG_5926.jpg?resize=525%2C300&ssl=1 1.5x, https:\/\/i0.wp.com\/keybox.nl\/wp-content\/uploads\/2022\/02\/IMG_5926.jpg?resize=700%2C400&ssl=1 2x"},"classes":[]}],"jetpack_sharing_enabled":true,"_links":{"self":[{"href":"https:\/\/keybox.nl\/sv\/wp-json\/wp\/v2\/pages\/543","targetHints":{"allow":["GET"]}}],"collection":[{"href":"https:\/\/keybox.nl\/sv\/wp-json\/wp\/v2\/pages"}],"about":[{"href":"https:\/\/keybox.nl\/sv\/wp-json\/wp\/v2\/types\/page"}],"author":[{"embeddable":true,"href":"https:\/\/keybox.nl\/sv\/wp-json\/wp\/v2\/users\/1"}],"replies":[{"embeddable":true,"href":"https:\/\/keybox.nl\/sv\/wp-json\/wp\/v2\/comments?post=543"}],"version-history":[{"count":4,"href":"https:\/\/keybox.nl\/sv\/wp-json\/wp\/v2\/pages\/543\/revisions"}],"predecessor-version":[{"id":1638,"href":"https:\/\/keybox.nl\/sv\/wp-json\/wp\/v2\/pages\/543\/revisions\/1638"}],"wp:attachment":[{"href":"https:\/\/keybox.nl\/sv\/wp-json\/wp\/v2\/media?parent=543"}],"curies":[{"name":"wp","href":"https:\/\/api.w.org\/{rel}","templated":true}]}}