{"id":5,"date":"2021-11-03T15:47:19","date_gmt":"2021-11-03T15:47:19","guid":{"rendered":"http:\/\/keybox.nl\/?page_id=5"},"modified":"2023-01-24T15:54:08","modified_gmt":"2023-01-24T15:54:08","slug":"maak-je-site-met-blokken","status":"publish","type":"page","link":"https:\/\/keybox.nl\/sv\/maak-je-site-met-blokken\/","title":{"rendered":"Hem"},"content":{"rendered":"<p>Keybox.co.uk \u00e4r under omarbetning och kommer snart att vara live igen!<\/p>\n\n\n\n<p>\ud83d\udce7 <a href=\"mailto:info@keybox.nl\">Info@keybox.nl<\/a>   \u2706 <a href=\"tel:310355330658\">+31 035-5330658<\/a><\/p>\n\n\n\n<div class=\"wp-block-columns alignwide are-vertically-aligned-center is-style-twentytwentyone-columns-overlap is-layout-flex wp-container-core-columns-is-layout-28f84493 wp-block-columns-is-layout-flex\">\n<div class=\"wp-block-column is-vertically-aligned-center is-layout-flow wp-block-column-is-layout-flow\">\n<div style=\"height:100px\" aria-hidden=\"true\" class=\"wp-block-spacer\"><\/div>\n<\/div>\n\n\n\n<div class=\"wp-block-column is-vertically-aligned-center is-layout-flow wp-block-column-is-layout-flow\">\n<div style=\"height:100px\" aria-hidden=\"true\" class=\"wp-block-spacer\"><\/div>\n<\/div>\n<\/div>\n\n\n\n<div style=\"height:50px\" aria-hidden=\"true\" class=\"wp-block-spacer\"><\/div>\n\n\n\n<div class=\"wp-block-columns alignwide are-vertically-aligned-top is-layout-flex wp-container-core-columns-is-layout-28f84493 wp-block-columns-is-layout-flex\">\n<div class=\"wp-block-column is-vertically-aligned-top is-layout-flow wp-block-column-is-layout-flow\"><\/div>\n\n\n\n<div class=\"wp-block-column is-vertically-aligned-top is-layout-flow wp-block-column-is-layout-flow\"><\/div>\n\n\n\n<div class=\"wp-block-column is-vertically-aligned-top is-layout-flow wp-block-column-is-layout-flow\"><\/div>\n<\/div>\n\n\n\n<div style=\"height:100px\" aria-hidden=\"true\" class=\"wp-block-spacer\"><\/div>","protected":false},"excerpt":{"rendered":"<p>Keybox.co.uk \u00e4r under omarbetning och kommer snart att vara live igen! \ud83d\udce7 Info@keybox.nl \u2706 +31 035-5330658<\/p>","protected":false},"author":1,"featured_media":0,"parent":0,"menu_order":0,"comment_status":"closed","ping_status":"closed","template":"","meta":{"footnotes":""},"class_list":["post-5","page","type-page","status-publish","hentry"],"yoast_head":"<!-- This site is optimized with the Yoast SEO plugin v27.5 - https:\/\/yoast.com\/product\/yoast-seo-wordpress\/ -->\n<title>Home -<\/title>\n<meta name=\"robots\" content=\"index, follow, max-snippet:-1, max-image-preview:large, max-video-preview:-1\" \/>\n<link rel=\"canonical\" href=\"https:\/\/keybox.nl\/sv\/maak-je-site-met-blokken\/\" \/>\n<meta property=\"og:locale\" content=\"sv_SE\" \/>\n<meta property=\"og:type\" content=\"article\" \/>\n<meta property=\"og:title\" content=\"Home -\" \/>\n<meta property=\"og:description\" content=\"Keybox.nl wordt vernieuwd en is binnenkort weer live! \ud83d\udce7 Info@keybox.nl \u2706 +31 035-5330658\" \/>\n<meta property=\"og:url\" content=\"https:\/\/keybox.nl\/sv\/maak-je-site-met-blokken\/\" \/>\n<meta property=\"article:modified_time\" content=\"2023-01-24T15:54:08+00:00\" \/>\n<meta name=\"twitter:card\" content=\"summary_large_image\" \/>\n<meta name=\"twitter:label1\" content=\"Ber\u00e4knad l\u00e4stid\" \/>\n\t<meta name=\"twitter:data1\" content=\"1 minut\" \/>\n<script type=\"application\/ld+json\" class=\"yoast-schema-graph\">{\"@context\":\"https:\\\/\\\/schema.org\",\"@graph\":[{\"@type\":\"WebPage\",\"@id\":\"https:\\\/\\\/keybox.nl\\\/maak-je-site-met-blokken\\\/\",\"url\":\"https:\\\/\\\/keybox.nl\\\/maak-je-site-met-blokken\\\/\",\"name\":\"Home -\",\"isPartOf\":{\"@id\":\"https:\\\/\\\/keybox.nl\\\/#website\"},\"datePublished\":\"2021-11-03T15:47:19+00:00\",\"dateModified\":\"2023-01-24T15:54:08+00:00\",\"breadcrumb\":{\"@id\":\"https:\\\/\\\/keybox.nl\\\/maak-je-site-met-blokken\\\/#breadcrumb\"},\"inLanguage\":\"sv-SE\",\"potentialAction\":[{\"@type\":\"ReadAction\",\"target\":[\"https:\\\/\\\/keybox.nl\\\/maak-je-site-met-blokken\\\/\"]}]},{\"@type\":\"BreadcrumbList\",\"@id\":\"https:\\\/\\\/keybox.nl\\\/maak-je-site-met-blokken\\\/#breadcrumb\",\"itemListElement\":[{\"@type\":\"ListItem\",\"position\":1,\"name\":\"Home\",\"item\":\"https:\\\/\\\/keybox.nl\\\/\"},{\"@type\":\"ListItem\",\"position\":2,\"name\":\"Home\"}]},{\"@type\":\"WebSite\",\"@id\":\"https:\\\/\\\/keybox.nl\\\/#website\",\"url\":\"https:\\\/\\\/keybox.nl\\\/\",\"name\":\"\",\"description\":\"\",\"potentialAction\":[{\"@type\":\"SearchAction\",\"target\":{\"@type\":\"EntryPoint\",\"urlTemplate\":\"https:\\\/\\\/keybox.nl\\\/?s={search_term_string}\"},\"query-input\":{\"@type\":\"PropertyValueSpecification\",\"valueRequired\":true,\"valueName\":\"search_term_string\"}}],\"inLanguage\":\"sv-SE\"}]}<\/script>\n<!-- \/ Yoast SEO plugin. -->","yoast_head_json":{"title":"Hem - Hem","robots":{"index":"index","follow":"follow","max-snippet":"max-snippet:-1","max-image-preview":"max-image-preview:large","max-video-preview":"max-video-preview:-1"},"canonical":"https:\/\/keybox.nl\/sv\/maak-je-site-met-blokken\/","og_locale":"sv_SE","og_type":"article","og_title":"Home -","og_description":"Keybox.nl wordt vernieuwd en is binnenkort weer live! \ud83d\udce7 Info@keybox.nl \u2706 +31 035-5330658","og_url":"https:\/\/keybox.nl\/sv\/maak-je-site-met-blokken\/","article_modified_time":"2023-01-24T15:54:08+00:00","twitter_card":"summary_large_image","twitter_misc":{"Ber\u00e4knad l\u00e4stid":"1 minut"},"schema":{"@context":"https:\/\/schema.org","@graph":[{"@type":"WebPage","@id":"https:\/\/keybox.nl\/maak-je-site-met-blokken\/","url":"https:\/\/keybox.nl\/maak-je-site-met-blokken\/","name":"Hem - Hem","isPartOf":{"@id":"https:\/\/keybox.nl\/#website"},"datePublished":"2021-11-03T15:47:19+00:00","dateModified":"2023-01-24T15:54:08+00:00","breadcrumb":{"@id":"https:\/\/keybox.nl\/maak-je-site-met-blokken\/#breadcrumb"},"inLanguage":"sv-SE","potentialAction":[{"@type":"ReadAction","target":["https:\/\/keybox.nl\/maak-je-site-met-blokken\/"]}]},{"@type":"BreadcrumbList","@id":"https:\/\/keybox.nl\/maak-je-site-met-blokken\/#breadcrumb","itemListElement":[{"@type":"ListItem","position":1,"name":"Home","item":"https:\/\/keybox.nl\/"},{"@type":"ListItem","position":2,"name":"Home"}]},{"@type":"WebSite","@id":"https:\/\/keybox.nl\/#website","url":"https:\/\/keybox.nl\/","name":"","description":"","potentialAction":[{"@type":"SearchAction","target":{"@type":"EntryPoint","urlTemplate":"https:\/\/keybox.nl\/?s={search_term_string}"},"query-input":{"@type":"PropertyValueSpecification","valueRequired":true,"valueName":"search_term_string"}}],"inLanguage":"sv-SE"}]}},"jetpack-related-posts":[{"id":554,"url":"https:\/\/keybox.nl\/sv\/kluis-waardeberging-kopen-2\/","url_meta":{"origin":5,"position":0},"title":"K\u00f6pa bankfack","author":"Keybox@beheermodule","date":"11 mars 2022","format":false,"excerpt":"K\u00f6pa ett kassask\u00e5p med h\u00f6g s\u00e4kerhet Till webbshoppen! \u2713 Anv\u00e4ndarv\u00e4nligt \u2713 Motst\u00e5ndskraftigt och s\u00e4kert \u2713 Olika modeller F\u00f6r otroligt v\u00e4rdefulla \u00e4godelar b\u00f6r du k\u00f6pa ett kassask\u00e5p med h\u00f6g v\u00e4rdef\u00f6rvaring. Ju h\u00f6gre v\u00e4rdef\u00f6rvaring, desto mer motst\u00e5ndskraftigt \u00e4r kassask\u00e5pet mot inbrott. Vi p\u00e5 Keybox.nl i Bussum...","rel":"","context":"Liknande inl\u00e4gg","block_context":{"text":"Liknande inl\u00e4gg","link":""},"img":{"alt_text":"kluis peugeot","src":"https:\/\/i0.wp.com\/keybox.nl\/wp-content\/uploads\/2022\/02\/KSB007-Peugeot-scaled-e1643751089776.jpg?resize=350%2C200&ssl=1","width":350,"height":200,"srcset":"https:\/\/i0.wp.com\/keybox.nl\/wp-content\/uploads\/2022\/02\/KSB007-Peugeot-scaled-e1643751089776.jpg?resize=350%2C200&ssl=1 1x, https:\/\/i0.wp.com\/keybox.nl\/wp-content\/uploads\/2022\/02\/KSB007-Peugeot-scaled-e1643751089776.jpg?resize=525%2C300&ssl=1 1.5x"},"classes":[]},{"id":1400,"url":"https:\/\/keybox.nl\/sv\/montage-installatie\/","url_meta":{"origin":5,"position":1},"title":"Montering och installation av ditt kassask\u00e5p","author":"Keybox@beheermodule","date":"16 februari 2023","format":false,"excerpt":"K\u00f6pa ett kassask\u00e5p och f\u00e5 det professionellt installerat? V\u00e4lj Keybox.co.uk Du kan inte bara k\u00f6pa ett kassask\u00e5p p\u00e5 Keybox.co.uk, utan ocks\u00e5 f\u00e5 ditt kassask\u00e5p professionellt monterat och installerat. Vi erbjuder en komplett tj\u00e4nst: fr\u00e5n personlig r\u00e5dgivning till professionell installation p\u00e5 plats. S\u00e5 du kan vara s\u00e4ker p\u00e5 maximal s\u00e4kerhet...","rel":"","context":"Liknande inl\u00e4gg","block_context":{"text":"Liknande inl\u00e4gg","link":""},"img":{"alt_text":"","src":"https:\/\/i0.wp.com\/keybox.nl\/wp-content\/uploads\/2023\/02\/Bestelbus-keybox.jpg?resize=350%2C200&ssl=1","width":350,"height":200,"srcset":"https:\/\/i0.wp.com\/keybox.nl\/wp-content\/uploads\/2023\/02\/Bestelbus-keybox.jpg?resize=350%2C200&ssl=1 1x, https:\/\/i0.wp.com\/keybox.nl\/wp-content\/uploads\/2023\/02\/Bestelbus-keybox.jpg?resize=525%2C300&ssl=1 1.5x, https:\/\/i0.wp.com\/keybox.nl\/wp-content\/uploads\/2023\/02\/Bestelbus-keybox.jpg?resize=700%2C400&ssl=1 2x"},"classes":[]},{"id":1883,"url":"https:\/\/keybox.nl\/sv\/cookiebeleid-eu\/","url_meta":{"origin":5,"position":2},"title":"Policy f\u00f6r kakor (EU)","author":"Keybox@beheermodule","date":"11 februari 2026","format":false,"excerpt":"","rel":"","context":"Liknande inl\u00e4gg","block_context":{"text":"Liknande inl\u00e4gg","link":""},"img":{"alt_text":"","src":"","width":0,"height":0},"classes":[]},{"id":31,"url":"https:\/\/keybox.nl\/sv\/winkelwagen\/","url_meta":{"origin":5,"position":3},"title":"Kundvagn","author":"Keybox@beheermodule","date":"30 november 2021","format":false,"excerpt":"","rel":"","context":"Liknande inl\u00e4gg","block_context":{"text":"Liknande inl\u00e4gg","link":""},"img":{"alt_text":"","src":"","width":0,"height":0},"classes":[]},{"id":32,"url":"https:\/\/keybox.nl\/sv\/afrekenen\/","url_meta":{"origin":5,"position":4},"title":"Checka ut","author":"Keybox@beheermodule","date":"30 november 2021","format":false,"excerpt":"","rel":"","context":"Liknande inl\u00e4gg","block_context":{"text":"Liknande inl\u00e4gg","link":""},"img":{"alt_text":"","src":"","width":0,"height":0},"classes":[]},{"id":33,"url":"https:\/\/keybox.nl\/sv\/mijn-account\/","url_meta":{"origin":5,"position":5},"title":"Mitt konto","author":"Keybox@beheermodule","date":"30 november 2021","format":false,"excerpt":"","rel":"","context":"Liknande inl\u00e4gg","block_context":{"text":"Liknande inl\u00e4gg","link":""},"img":{"alt_text":"","src":"","width":0,"height":0},"classes":[]}],"jetpack_sharing_enabled":true,"_links":{"self":[{"href":"https:\/\/keybox.nl\/sv\/wp-json\/wp\/v2\/pages\/5","targetHints":{"allow":["GET"]}}],"collection":[{"href":"https:\/\/keybox.nl\/sv\/wp-json\/wp\/v2\/pages"}],"about":[{"href":"https:\/\/keybox.nl\/sv\/wp-json\/wp\/v2\/types\/page"}],"author":[{"embeddable":true,"href":"https:\/\/keybox.nl\/sv\/wp-json\/wp\/v2\/users\/1"}],"replies":[{"embeddable":true,"href":"https:\/\/keybox.nl\/sv\/wp-json\/wp\/v2\/comments?post=5"}],"version-history":[{"count":8,"href":"https:\/\/keybox.nl\/sv\/wp-json\/wp\/v2\/pages\/5\/revisions"}],"predecessor-version":[{"id":1297,"href":"https:\/\/keybox.nl\/sv\/wp-json\/wp\/v2\/pages\/5\/revisions\/1297"}],"wp:attachment":[{"href":"https:\/\/keybox.nl\/sv\/wp-json\/wp\/v2\/media?parent=5"}],"curies":[{"name":"wp","href":"https:\/\/api.w.org\/{rel}","templated":true}]}}