{"id":1528,"date":"2023-07-20T12:27:08","date_gmt":"2023-07-20T12:27:08","guid":{"rendered":"http:\/\/keybox.nl\/?page_id=1528"},"modified":"2023-07-25T10:21:03","modified_gmt":"2023-07-25T10:21:03","slug":"elektronische-sleutelkluis-kopen","status":"publish","type":"page","link":"https:\/\/keybox.nl\/sv\/elektronische-sleutelkluis-kopen\/","title":{"rendered":"elektronisk nyckel s\u00e4kert k\u00f6p"},"content":{"rendered":"<div class=\"wp-block-cover alignfull\" style=\"min-height:200px;aspect-ratio:unset;\"><span aria-hidden=\"true\" class=\"wp-block-cover__background has-background-dim-60 has-background-dim\"><\/span><img decoding=\"async\" width=\"1920\" height=\"2560\" class=\"wp-block-cover__image-background wp-image-126\" alt=\"Kluis\" src=\"http:\/\/keybox.nl\/wp-content\/uploads\/2021\/12\/KSB103-KSB005-4-scaled.jpg\" style=\"object-position:50% 50%\" data-object-fit=\"cover\" data-object-position=\"50% 50%\" srcset=\"https:\/\/keybox.nl\/wp-content\/uploads\/2021\/12\/KSB103-KSB005-4-scaled.jpg 1920w, https:\/\/keybox.nl\/wp-content\/uploads\/2021\/12\/KSB103-KSB005-4-416x555.jpg 416w, https:\/\/keybox.nl\/wp-content\/uploads\/2021\/12\/KSB103-KSB005-4-225x300.jpg 225w, https:\/\/keybox.nl\/wp-content\/uploads\/2021\/12\/KSB103-KSB005-4-768x1024.jpg 768w, https:\/\/keybox.nl\/wp-content\/uploads\/2021\/12\/KSB103-KSB005-4-1152x1536.jpg 1152w, https:\/\/keybox.nl\/wp-content\/uploads\/2021\/12\/KSB103-KSB005-4-1536x2048.jpg 1536w, https:\/\/keybox.nl\/wp-content\/uploads\/2021\/12\/KSB103-KSB005-4-1320x1760.jpg 1320w\" sizes=\"(max-width: 1920px) 100vw, 1920px\" \/><div class=\"wp-block-cover__inner-container is-layout-flow wp-block-cover-is-layout-flow\">\n<h1 class=\"wp-block-heading alignwide has-text-align-left has-white-color has-text-color\" style=\"font-size:40px\">K\u00f6p Elektroniskt nyckelsk\u00e5p<\/h1>\n\n\n\n<div class=\"wp-block-columns alignwide is-layout-flex wp-container-core-columns-is-layout-28f84493 wp-block-columns-is-layout-flex\">\n<div class=\"wp-block-column is-layout-flow wp-block-column-is-layout-flow\" style=\"flex-basis:55%\">\n<div class=\"wp-block-buttons is-layout-flex wp-block-buttons-is-layout-flex\">\n<div class=\"wp-block-button cta-knop alignleft\"><a class=\"wp-block-button__link has-black-color has-white-background-color has-text-color has-background wp-element-button\" href=\"http:\/\/keybox.nl\/sv\/\">Till webbshoppen!<\/a><\/div>\n<\/div>\n<\/div>\n<\/div>\n<\/div><\/div>\n\n\n\n<div style=\"height:50px\" aria-hidden=\"true\" class=\"wp-block-spacer\"><\/div>\n\n\n\n<div class=\"wp-block-group alignfull is-content-justification-center is-layout-flex wp-container-core-group-is-layout-81a7f686 wp-block-group-is-layout-flex\">\n<p class=\"usps has-normal-font-size\">\u2713 Anv\u00e4ndarv\u00e4nlig<\/p>\n\n\n\n<p>\u2713 Motst\u00e5ndskraftig och s\u00e4ker<\/p>\n\n\n\n<p>\u2713 Olika modeller<\/p>\n<\/div>\n\n\n\n<style>\nh1.entry-title {\ndisplay:none;\n}\n.cta-knop {\nmargin-left: 35px !important;\n}\n\n.cta-knop:hover {\nopacity: 0.75;\n}\n\n@media only screen and (max-width: 1064px) {\n.cta-knop {\nmargin-left: 0px !important;\n}\n\n.wp-block-group.alignfull {\n    display: flex;\n    flex-direction: column;\n}\n}\n<\/style>\n\n\n\n<div style=\"height:100px\" aria-hidden=\"true\" class=\"wp-block-spacer\"><\/div>\n\n\n\n<p class=\"has-text-align-left align-left has-black-color has-text-color has-normal-font-size\">Att k\u00f6pa ett elektroniskt nyckelsk\u00e5p \u00e4r det f\u00f6rsta steget n\u00e4r det g\u00e4ller att garantera s\u00e4kerheten i ditt f\u00f6retag eller hem. Keybox.co.uk erbjuder dig den l\u00f6sning som passar dina behov s\u00f6ml\u00f6st. Dessa kassask\u00e5p \u00e4r utformade f\u00f6r att kontrollera tillg\u00e5ngen till nycklar och s\u00e4kerst\u00e4lla s\u00e4kerheten f\u00f6r dina v\u00e4rdesaker.<\/p>\n\n\n\n<div style=\"height:100px\" aria-hidden=\"true\" class=\"wp-block-spacer\"><\/div>\n\n\n\n<div class=\"wp-block-group is-content-justification-center is-layout-flex wp-container-core-group-is-layout-81a7f686 wp-block-group-is-layout-flex\">\n<div class=\"wp-block-media-text alignwide is-stacked-on-mobile is-vertically-aligned-center\" style=\"grid-template-columns:40% auto\"><figure class=\"wp-block-media-text__media\"><img decoding=\"async\" width=\"788\" height=\"1024\" src=\"http:\/\/keybox.nl\/wp-content\/uploads\/2023\/02\/Keysafe-Big-Pro-sleutelkastje_keybox-788x1024.jpeg\" alt=\"\" class=\"wp-image-1349 size-full\" srcset=\"https:\/\/keybox.nl\/wp-content\/uploads\/2023\/02\/Keysafe-Big-Pro-sleutelkastje_keybox-788x1024.jpeg 788w, https:\/\/keybox.nl\/wp-content\/uploads\/2023\/02\/Keysafe-Big-Pro-sleutelkastje_keybox-416x541.jpeg 416w, https:\/\/keybox.nl\/wp-content\/uploads\/2023\/02\/Keysafe-Big-Pro-sleutelkastje_keybox-231x300.jpeg 231w, https:\/\/keybox.nl\/wp-content\/uploads\/2023\/02\/Keysafe-Big-Pro-sleutelkastje_keybox-768x998.jpeg 768w, https:\/\/keybox.nl\/wp-content\/uploads\/2023\/02\/Keysafe-Big-Pro-sleutelkastje_keybox.jpeg 1000w\" sizes=\"(max-width: 788px) 100vw, 788px\" \/><\/figure><div class=\"wp-block-media-text__content\">\n<h2 class=\"wp-block-heading\">Varf\u00f6r k\u00f6pa ett elektroniskt nyckelsk\u00e5p?<\/h2>\n\n\n\n<p>Att k\u00f6pa ett elektroniskt nyckelsk\u00e5p \u00e4r ett smart val. Inte bara p\u00e5 grund av den \u00f6verl\u00e4gsna s\u00e4kerhet som kassask\u00e5pet erbjuder, utan ocks\u00e5 p\u00e5 grund av dess anv\u00e4ndarv\u00e4nlighet. Att best\u00e4lla ett kassask\u00e5p med elektriskt l\u00e5s inneb\u00e4r att du investerar i ett system som \u00e4r helt sj\u00e4lvprogrammerande. Du kan st\u00e4lla in det som du vill, utan r\u00e4dsla f\u00f6r att f\u00f6rlora data om str\u00f6mmen g\u00e5r. Dessa kassask\u00e5p \u00e4r ocks\u00e5 konstruerade f\u00f6r att beh\u00e5lla koderna \u00e4ven vid str\u00f6mavbrott. Om du v\u00e4ljer att best\u00e4lla ett kassask\u00e5p med elektriskt l\u00e5s v\u00e4ljer du ett <a href=\"http:\/\/keybox.nl\/sv\/cijferslot-kluis-bestellen\/\">kassask\u00e5p med kombinationsl\u00e5s<\/a> som erbjuder flexibilitet och s\u00e4kerhet. Att k\u00f6pa ett elektroniskt nyckelsk\u00e5p \u00f6kar sinnesfriden, eftersom du vet att dina nycklar \u00e4r s\u00e4kra och endast \u00e5tkomliga f\u00f6r beh\u00f6riga personer. D\u00e4rf\u00f6r \u00e4r det alltid en bra id\u00e9 att k\u00f6pa ett s\u00e5dant <a href=\"http:\/\/keybox.nl\/sv\/\">k\u00f6pa s\u00e4kra nyckelsk\u00e5p<\/a>.<\/p>\n<\/div><\/div>\n<\/div>\n\n\n\n<div style=\"height:100px\" aria-hidden=\"true\" class=\"wp-block-spacer\"><\/div>\n\n\n\n<h2 class=\"wp-block-heading has-text-align-center\"><strong>\u00c4r du intresserad av att k\u00f6pa ett elektroniskt nyckelsk\u00e5p fr\u00e5n oss?<\/strong><\/h2>\n\n\n\n<div class=\"wp-block-buttons is-content-justification-center is-layout-flex wp-container-core-buttons-is-layout-a89b3969 wp-block-buttons-is-layout-flex\">\n<div class=\"wp-block-button is-style-outline is-style-outline--1\"><a class=\"wp-block-button__link wp-element-button\" href=\"http:\/\/keybox.nl\/sv\/\">Se webbshoppen<\/a><\/div>\n<\/div>\n\n\n\n<div style=\"height:100px\" aria-hidden=\"true\" class=\"wp-block-spacer\"><\/div>\n\n\n\n<div class=\"wp-block-group is-content-justification-center is-layout-flex wp-container-core-group-is-layout-81a7f686 wp-block-group-is-layout-flex\">\n<div class=\"wp-block-media-text alignwide has-media-on-the-right is-stacked-on-mobile is-vertically-aligned-center\" style=\"grid-template-columns:auto 40%\"><div class=\"wp-block-media-text__content\">\n<h3 class=\"wp-block-heading has-text-color\" style=\"color:#000000;font-size:32px\"><strong>G\u00f6r en best\u00e4llning och garantera din s\u00e4kerhet<\/strong><\/h3>\n\n\n\n<p class=\"has-text-color has-normal-font-size\" style=\"color:#000000\">Det \u00e4r dags att vidta \u00e5tg\u00e4rder och k\u00f6pa ett elektroniskt nyckelsk\u00e5p. V\u00e4nta inte l\u00e4ngre och boka en tid f\u00f6r <a href=\"http:\/\/keybox.nl\/sv\/advies-sleutelkluis-opvragen\/\">professionell r\u00e5dgivning om ett nyckelsk\u00e5p<\/a> som passar dina behov. Du kan vara lugn, att best\u00e4lla ett kassask\u00e5p med elektriskt l\u00e5s beh\u00f6ver inte vara en belastning f\u00f6r din pl\u00e5nbok. Hos oss hittar du ett <a href=\"http:\/\/keybox.nl\/sv\/goedkope-kluis-kopen\/\">billigt s\u00e4kert<\/a> utan att kompromissa med kvalitet och s\u00e4kerhet. Var proaktiv, skydda dina v\u00e4rdesaker och garantera s\u00e4kerheten f\u00f6r dina nycklar. Best\u00e4ll ditt elektroniska nyckelsk\u00e5p idag eller ta <a href=\"http:\/\/keybox.nl\/sv\/contact\/\">Kontakta oss<\/a> p\u00e5.<\/p>\n<\/div><figure class=\"wp-block-media-text__media\"><img decoding=\"async\" width=\"700\" height=\"700\" src=\"http:\/\/keybox.nl\/wp-content\/uploads\/2022\/12\/Keysafe_Original_keybox_sleutelkluis.jpg\" alt=\"\" class=\"wp-image-1181 size-full\" srcset=\"https:\/\/keybox.nl\/wp-content\/uploads\/2022\/12\/Keysafe_Original_keybox_sleutelkluis.jpg 700w, https:\/\/keybox.nl\/wp-content\/uploads\/2022\/12\/Keysafe_Original_keybox_sleutelkluis-324x324.jpg 324w, https:\/\/keybox.nl\/wp-content\/uploads\/2022\/12\/Keysafe_Original_keybox_sleutelkluis-100x100.jpg 100w, https:\/\/keybox.nl\/wp-content\/uploads\/2022\/12\/Keysafe_Original_keybox_sleutelkluis-416x416.jpg 416w, https:\/\/keybox.nl\/wp-content\/uploads\/2022\/12\/Keysafe_Original_keybox_sleutelkluis-300x300.jpg 300w, https:\/\/keybox.nl\/wp-content\/uploads\/2022\/12\/Keysafe_Original_keybox_sleutelkluis-150x150.jpg 150w\" sizes=\"(max-width: 700px) 100vw, 700px\" \/><\/figure><\/div>\n<\/div>\n\n\n\n<div style=\"height:50px\" aria-hidden=\"true\" class=\"wp-block-spacer\"><\/div>\n\n\n\n<h2 class=\"wp-block-heading alignwide has-text-align-left form-titel\"><strong>Har du fr\u00e5gor om s\u00e4kerhet?<\/strong><\/h2>\n\n\n<div class=\"wp-block-jetpack-contact-form alignwide is-layout-flex wp-container-jetpack-contact-form-is-layout-2b4208ba wp-block-jetpack-contact-form-is-layout-flex\"><a href=\"https:\/\/keybox.nl\/sv\/elektronische-sleutelkluis-kopen\/\" target=\"_blank\" rel=\"noopener noreferrer\">Skicka ett formul\u00e4r.<\/a><\/div>\n\n\n<p><\/p>","protected":false},"excerpt":{"rendered":"<p>\u2713 Gebruiksvriendelijk \u2713 Bestendig en veilig \u2713 Diverse modellen Een elektronische sleutelkluis kopen is de eerste stap als het gaat om het waarborgen van de veiligheid van uw bedrijf of woning. Keybox.nl biedt u de oplossing die naadloos past bij uw behoeften. Deze kluizen zijn ontworpen om de toegang tot sleutels te controleren en de [&hellip;]<\/p>\n","protected":false},"author":1,"featured_media":0,"parent":0,"menu_order":0,"comment_status":"closed","ping_status":"closed","template":"template-fullwidth.php","meta":{"footnotes":""},"class_list":["post-1528","page","type-page","status-publish","hentry"],"yoast_head":"<!-- This site is optimized with the Yoast SEO plugin v27.4 - https:\/\/yoast.com\/product\/yoast-seo-wordpress\/ -->\n<title>Hier kunt u een elektronische sleutelkluis kopen -<\/title>\n<meta name=\"description\" content=\"Een kwalitatieve elektronische sleutelkluis kopen doet u bij ons bedrijf. Ontdek hier meer over onze hoogwaardige kluizen en plaats uw bestelling!\" \/>\n<meta name=\"robots\" content=\"index, follow, max-snippet:-1, max-image-preview:large, max-video-preview:-1\" \/>\n<link rel=\"canonical\" href=\"https:\/\/keybox.nl\/sv\/elektronische-sleutelkluis-kopen\/\" \/>\n<meta property=\"og:locale\" content=\"sv_SE\" \/>\n<meta property=\"og:type\" content=\"article\" \/>\n<meta property=\"og:title\" content=\"Hier kunt u een elektronische sleutelkluis kopen -\" \/>\n<meta property=\"og:description\" content=\"Een kwalitatieve elektronische sleutelkluis kopen doet u bij ons bedrijf. Ontdek hier meer over onze hoogwaardige kluizen en plaats uw bestelling!\" \/>\n<meta property=\"og:url\" content=\"https:\/\/keybox.nl\/sv\/elektronische-sleutelkluis-kopen\/\" \/>\n<meta property=\"article:modified_time\" content=\"2023-07-25T10:21:03+00:00\" \/>\n<meta property=\"og:image\" content=\"http:\/\/keybox.nl\/wp-content\/uploads\/2021\/12\/KSB103-KSB005-4-scaled.jpg\" \/>\n<meta name=\"twitter:card\" content=\"summary_large_image\" \/>\n<meta name=\"twitter:label1\" content=\"Ber\u00e4knad l\u00e4stid\" \/>\n\t<meta name=\"twitter:data1\" content=\"3 minuter\" \/>\n<script type=\"application\/ld+json\" class=\"yoast-schema-graph\">{\"@context\":\"https:\\\/\\\/schema.org\",\"@graph\":[{\"@type\":\"WebPage\",\"@id\":\"https:\\\/\\\/keybox.nl\\\/elektronische-sleutelkluis-kopen\\\/\",\"url\":\"https:\\\/\\\/keybox.nl\\\/elektronische-sleutelkluis-kopen\\\/\",\"name\":\"Hier kunt u een elektronische sleutelkluis kopen -\",\"isPartOf\":{\"@id\":\"https:\\\/\\\/keybox.nl\\\/#website\"},\"primaryImageOfPage\":{\"@id\":\"https:\\\/\\\/keybox.nl\\\/elektronische-sleutelkluis-kopen\\\/#primaryimage\"},\"image\":{\"@id\":\"https:\\\/\\\/keybox.nl\\\/elektronische-sleutelkluis-kopen\\\/#primaryimage\"},\"thumbnailUrl\":\"http:\\\/\\\/keybox.nl\\\/wp-content\\\/uploads\\\/2021\\\/12\\\/KSB103-KSB005-4-scaled.jpg\",\"datePublished\":\"2023-07-20T12:27:08+00:00\",\"dateModified\":\"2023-07-25T10:21:03+00:00\",\"description\":\"Een kwalitatieve elektronische sleutelkluis kopen doet u bij ons bedrijf. Ontdek hier meer over onze hoogwaardige kluizen en plaats uw bestelling!\",\"breadcrumb\":{\"@id\":\"https:\\\/\\\/keybox.nl\\\/elektronische-sleutelkluis-kopen\\\/#breadcrumb\"},\"inLanguage\":\"sv-SE\",\"potentialAction\":[{\"@type\":\"ReadAction\",\"target\":[\"https:\\\/\\\/keybox.nl\\\/elektronische-sleutelkluis-kopen\\\/\"]}]},{\"@type\":\"ImageObject\",\"inLanguage\":\"sv-SE\",\"@id\":\"https:\\\/\\\/keybox.nl\\\/elektronische-sleutelkluis-kopen\\\/#primaryimage\",\"url\":\"http:\\\/\\\/keybox.nl\\\/wp-content\\\/uploads\\\/2021\\\/12\\\/KSB103-KSB005-4-scaled.jpg\",\"contentUrl\":\"http:\\\/\\\/keybox.nl\\\/wp-content\\\/uploads\\\/2021\\\/12\\\/KSB103-KSB005-4-scaled.jpg\"},{\"@type\":\"BreadcrumbList\",\"@id\":\"https:\\\/\\\/keybox.nl\\\/elektronische-sleutelkluis-kopen\\\/#breadcrumb\",\"itemListElement\":[{\"@type\":\"ListItem\",\"position\":1,\"name\":\"Home\",\"item\":\"https:\\\/\\\/keybox.nl\\\/\"},{\"@type\":\"ListItem\",\"position\":2,\"name\":\"elektronische-sleutelkluis-kopen\"}]},{\"@type\":\"WebSite\",\"@id\":\"https:\\\/\\\/keybox.nl\\\/#website\",\"url\":\"https:\\\/\\\/keybox.nl\\\/\",\"name\":\"\",\"description\":\"\",\"potentialAction\":[{\"@type\":\"SearchAction\",\"target\":{\"@type\":\"EntryPoint\",\"urlTemplate\":\"https:\\\/\\\/keybox.nl\\\/?s={search_term_string}\"},\"query-input\":{\"@type\":\"PropertyValueSpecification\",\"valueRequired\":true,\"valueName\":\"search_term_string\"}}],\"inLanguage\":\"sv-SE\"}]}<\/script>\n<!-- \/ Yoast SEO plugin. -->","yoast_head_json":{"title":"H\u00e4r kan du k\u00f6pa ett elektroniskt nyckels\u00e4kerhetssk\u00e5p","description":"K\u00f6p ett elektroniskt nyckelsk\u00e5p av h\u00f6g kvalitet fr\u00e5n v\u00e5rt f\u00f6retag. Ta reda p\u00e5 mer om v\u00e5ra h\u00f6gkvalitativa kassask\u00e5p h\u00e4r och l\u00e4gg din best\u00e4llning!","robots":{"index":"index","follow":"follow","max-snippet":"max-snippet:-1","max-image-preview":"max-image-preview:large","max-video-preview":"max-video-preview:-1"},"canonical":"https:\/\/keybox.nl\/sv\/elektronische-sleutelkluis-kopen\/","og_locale":"sv_SE","og_type":"article","og_title":"Hier kunt u een elektronische sleutelkluis kopen -","og_description":"Een kwalitatieve elektronische sleutelkluis kopen doet u bij ons bedrijf. Ontdek hier meer over onze hoogwaardige kluizen en plaats uw bestelling!","og_url":"https:\/\/keybox.nl\/sv\/elektronische-sleutelkluis-kopen\/","article_modified_time":"2023-07-25T10:21:03+00:00","og_image":[{"url":"http:\/\/keybox.nl\/wp-content\/uploads\/2021\/12\/KSB103-KSB005-4-scaled.jpg","type":"","width":"","height":""}],"twitter_card":"summary_large_image","twitter_misc":{"Ber\u00e4knad l\u00e4stid":"3 minuter"},"schema":{"@context":"https:\/\/schema.org","@graph":[{"@type":"WebPage","@id":"https:\/\/keybox.nl\/elektronische-sleutelkluis-kopen\/","url":"https:\/\/keybox.nl\/elektronische-sleutelkluis-kopen\/","name":"H\u00e4r kan du k\u00f6pa ett elektroniskt nyckels\u00e4kerhetssk\u00e5p","isPartOf":{"@id":"https:\/\/keybox.nl\/#website"},"primaryImageOfPage":{"@id":"https:\/\/keybox.nl\/elektronische-sleutelkluis-kopen\/#primaryimage"},"image":{"@id":"https:\/\/keybox.nl\/elektronische-sleutelkluis-kopen\/#primaryimage"},"thumbnailUrl":"http:\/\/keybox.nl\/wp-content\/uploads\/2021\/12\/KSB103-KSB005-4-scaled.jpg","datePublished":"2023-07-20T12:27:08+00:00","dateModified":"2023-07-25T10:21:03+00:00","description":"K\u00f6p ett elektroniskt nyckelsk\u00e5p av h\u00f6g kvalitet fr\u00e5n v\u00e5rt f\u00f6retag. Ta reda p\u00e5 mer om v\u00e5ra h\u00f6gkvalitativa kassask\u00e5p h\u00e4r och l\u00e4gg din best\u00e4llning!","breadcrumb":{"@id":"https:\/\/keybox.nl\/elektronische-sleutelkluis-kopen\/#breadcrumb"},"inLanguage":"sv-SE","potentialAction":[{"@type":"ReadAction","target":["https:\/\/keybox.nl\/elektronische-sleutelkluis-kopen\/"]}]},{"@type":"ImageObject","inLanguage":"sv-SE","@id":"https:\/\/keybox.nl\/elektronische-sleutelkluis-kopen\/#primaryimage","url":"http:\/\/keybox.nl\/wp-content\/uploads\/2021\/12\/KSB103-KSB005-4-scaled.jpg","contentUrl":"http:\/\/keybox.nl\/wp-content\/uploads\/2021\/12\/KSB103-KSB005-4-scaled.jpg"},{"@type":"BreadcrumbList","@id":"https:\/\/keybox.nl\/elektronische-sleutelkluis-kopen\/#breadcrumb","itemListElement":[{"@type":"ListItem","position":1,"name":"Home","item":"https:\/\/keybox.nl\/"},{"@type":"ListItem","position":2,"name":"elektronische-sleutelkluis-kopen"}]},{"@type":"WebSite","@id":"https:\/\/keybox.nl\/#website","url":"https:\/\/keybox.nl\/","name":"","description":"","potentialAction":[{"@type":"SearchAction","target":{"@type":"EntryPoint","urlTemplate":"https:\/\/keybox.nl\/?s={search_term_string}"},"query-input":{"@type":"PropertyValueSpecification","valueRequired":true,"valueName":"search_term_string"}}],"inLanguage":"sv-SE"}]}},"jetpack-related-posts":[{"id":1527,"url":"https:\/\/keybox.nl\/sv\/advies-sleutelkluis-opvragen\/","url_meta":{"origin":1528,"position":0},"title":"r\u00e5d-nyckel s\u00e4kert-beg\u00e4ran","author":"Keybox@beheermodule","date":"20 juli 2023","format":false,"excerpt":"Be om r\u00e5d om ett nyckelsk\u00e5p Till webbshoppen! \u2713 Anv\u00e4ndarv\u00e4nligt \u2713 Motst\u00e5ndskraftigt och s\u00e4kert \u2713 Olika modeller Att be om r\u00e5d om ett nyckelsk\u00e5p \u00e4r det f\u00f6rsta steget mot en s\u00e4krare aff\u00e4rsmilj\u00f6. Att v\u00e4lja r\u00e4tt nyckelsk\u00e5p kan vara en komplex uppgift, med tanke p\u00e5 m\u00e5ngfalden och de tekniska innovationerna. P\u00e5 Keybox.co.uk f\u00f6rst\u00e5r vi...","rel":"","context":"Liknande inl\u00e4gg","block_context":{"text":"Liknande inl\u00e4gg","link":""},"img":{"alt_text":"","src":"https:\/\/i0.wp.com\/keybox.nl\/wp-content\/uploads\/2023\/02\/Keysafe-Big-Pro-sleutelkastje_keybox.jpeg?resize=350%2C200&ssl=1","width":350,"height":200,"srcset":"https:\/\/i0.wp.com\/keybox.nl\/wp-content\/uploads\/2023\/02\/Keysafe-Big-Pro-sleutelkastje_keybox.jpeg?resize=350%2C200&ssl=1 1x, https:\/\/i0.wp.com\/keybox.nl\/wp-content\/uploads\/2023\/02\/Keysafe-Big-Pro-sleutelkastje_keybox.jpeg?resize=525%2C300&ssl=1 1.5x, https:\/\/i0.wp.com\/keybox.nl\/wp-content\/uploads\/2023\/02\/Keysafe-Big-Pro-sleutelkastje_keybox.jpeg?resize=700%2C400&ssl=1 2x"},"classes":[]},{"id":1509,"url":"https:\/\/keybox.nl\/sv\/digitaal-sleutelbeheersysteem\/","url_meta":{"origin":1528,"position":1},"title":"system f\u00f6r hantering av digitala nycklar","author":"Keybox@beheermodule","date":"20 juli 2023","format":false,"excerpt":"Digitalt nyckelhanteringssystem Till webbshoppen! \u2713 Anv\u00e4ndarv\u00e4nligt \u2713 T\u00e5ligt och s\u00e4kert \u2713 Olika modeller \u00c4r du intresserad av ett digitalt nyckelhanteringssystem? D\u00e5 \u00e4r v\u00e5r Digibox med sju nyckelkrokar exakt vad du letar efter. Tack vare detta uppfinningsrika system kan du hantera nycklarna inom ditt f\u00f6retag p\u00e5 ett s\u00e4kert och exakt s\u00e4tt....","rel":"","context":"Liknande inl\u00e4gg","block_context":{"text":"Liknande inl\u00e4gg","link":""},"img":{"alt_text":"Digibox Ral 5010 Keybox","src":"https:\/\/i0.wp.com\/keybox.nl\/wp-content\/uploads\/2022\/02\/digibox-keybox-RAL-5010.jpg?resize=350%2C200&ssl=1","width":350,"height":200,"srcset":"https:\/\/i0.wp.com\/keybox.nl\/wp-content\/uploads\/2022\/02\/digibox-keybox-RAL-5010.jpg?resize=350%2C200&ssl=1 1x, https:\/\/i0.wp.com\/keybox.nl\/wp-content\/uploads\/2022\/02\/digibox-keybox-RAL-5010.jpg?resize=525%2C300&ssl=1 1.5x, https:\/\/i0.wp.com\/keybox.nl\/wp-content\/uploads\/2022\/02\/digibox-keybox-RAL-5010.jpg?resize=700%2C400&ssl=1 2x, https:\/\/i0.wp.com\/keybox.nl\/wp-content\/uploads\/2022\/02\/digibox-keybox-RAL-5010.jpg?resize=1050%2C600&ssl=1 3x, https:\/\/i0.wp.com\/keybox.nl\/wp-content\/uploads\/2022\/02\/digibox-keybox-RAL-5010.jpg?resize=1400%2C800&ssl=1 4x"},"classes":[]},{"id":1507,"url":"https:\/\/keybox.nl\/sv\/sleutelkluis-bevestigen\/","url_meta":{"origin":1528,"position":2},"title":"fixa nyckel s\u00e4kert","author":"Keybox@beheermodule","date":"20 juli 2023","format":false,"excerpt":"Fixa ett nyckelsk\u00e5p Till webbshoppen! \u2713 Anv\u00e4ndarv\u00e4nligt \u2713 T\u00e5ligt och s\u00e4kert \u2713 Olika modeller Att montera ett nyckelsk\u00e5p p\u00e5 ett s\u00e4kert s\u00e4tt \u00e4r inte l\u00e4tt. Det \u00e4r dock viktigt att g\u00f6ra det p\u00e5 r\u00e4tt s\u00e4tt s\u00e5 att sk\u00e5pet sitter ordentligt fast i v\u00e4ggen. Keybox.co.uk ber\u00e4ttar g\u00e4rna mer om hur du...","rel":"","context":"Liknande inl\u00e4gg","block_context":{"text":"Liknande inl\u00e4gg","link":""},"img":{"alt_text":"Keysafe Big Pro","src":"https:\/\/i0.wp.com\/keybox.nl\/wp-content\/uploads\/2023\/02\/S7-Pro-Big-Box-Key-Safe.jpg?resize=350%2C200&ssl=1","width":350,"height":200,"srcset":"https:\/\/i0.wp.com\/keybox.nl\/wp-content\/uploads\/2023\/02\/S7-Pro-Big-Box-Key-Safe.jpg?resize=350%2C200&ssl=1 1x, https:\/\/i0.wp.com\/keybox.nl\/wp-content\/uploads\/2023\/02\/S7-Pro-Big-Box-Key-Safe.jpg?resize=525%2C300&ssl=1 1.5x, https:\/\/i0.wp.com\/keybox.nl\/wp-content\/uploads\/2023\/02\/S7-Pro-Big-Box-Key-Safe.jpg?resize=700%2C400&ssl=1 2x"},"classes":[]},{"id":1506,"url":"https:\/\/keybox.nl\/sv\/sleutelkluis-buiten\/","url_meta":{"origin":1528,"position":3},"title":"utv\u00e4ndigt nyckelsk\u00e5p","author":"Keybox@beheermodule","date":"20 juli 2023","format":false,"excerpt":"Nyckelsk\u00e5p f\u00f6r utomhusbruk Till webbshoppen! \u2713 Anv\u00e4ndarv\u00e4nligt \u2713 Motst\u00e5ndskraftigt och s\u00e4kert \u2713 Olika modeller Ett nyckelsk\u00e5p f\u00f6r utomhusbruk \u00e4r en viktig del av en effektiv hantering av tilltr\u00e4desr\u00e4ttigheter, oavsett om du driver ett f\u00f6retag, \u00e4r hyresv\u00e4rd eller helt enkelt beh\u00f6ver en s\u00e4ker plats f\u00f6r dina reservnycklar. P\u00e5 Keybox.co.uk f\u00f6rst\u00e5r vi...","rel":"","context":"Liknande inl\u00e4gg","block_context":{"text":"Liknande inl\u00e4gg","link":""},"img":{"alt_text":"kluis peugeot","src":"https:\/\/i0.wp.com\/keybox.nl\/wp-content\/uploads\/2022\/02\/KSB007-Peugeot-scaled-e1643751089776.jpg?resize=350%2C200&ssl=1","width":350,"height":200,"srcset":"https:\/\/i0.wp.com\/keybox.nl\/wp-content\/uploads\/2022\/02\/KSB007-Peugeot-scaled-e1643751089776.jpg?resize=350%2C200&ssl=1 1x, https:\/\/i0.wp.com\/keybox.nl\/wp-content\/uploads\/2022\/02\/KSB007-Peugeot-scaled-e1643751089776.jpg?resize=525%2C300&ssl=1 1.5x"},"classes":[]},{"id":546,"url":"https:\/\/keybox.nl\/sv\/inbouwkluisjes-kopen\/","url_meta":{"origin":1528,"position":4},"title":"K\u00f6p inbyggda kassask\u00e5p","author":"Keybox@beheermodule","date":"11 mars 2022","format":false,"excerpt":"K\u00f6p robusta inbyggda kassask\u00e5p Till webbshoppen! \u2713 Anv\u00e4ndarv\u00e4nligt \u2713 Robust och s\u00e4kert \u2713 Olika modeller Vill du k\u00f6pa inbyggda kassask\u00e5p till ditt f\u00f6retag? V\u00e5r webbshop erbjuder olika modeller av kassask\u00e5p som du installerar i v\u00e4ggen. Eftersom systemet sitter i v\u00e4ggen g\u00e5r det inte att ta bort och det \u00e4r...","rel":"","context":"Liknande inl\u00e4gg","block_context":{"text":"Liknande inl\u00e4gg","link":""},"img":{"alt_text":"","src":"https:\/\/i0.wp.com\/keybox.nl\/wp-content\/uploads\/2021\/12\/KSB_102_1-e1638478691321.jpg?resize=350%2C200&ssl=1","width":350,"height":200,"srcset":"https:\/\/i0.wp.com\/keybox.nl\/wp-content\/uploads\/2021\/12\/KSB_102_1-e1638478691321.jpg?resize=350%2C200&ssl=1 1x, https:\/\/i0.wp.com\/keybox.nl\/wp-content\/uploads\/2021\/12\/KSB_102_1-e1638478691321.jpg?resize=525%2C300&ssl=1 1.5x, https:\/\/i0.wp.com\/keybox.nl\/wp-content\/uploads\/2021\/12\/KSB_102_1-e1638478691321.jpg?resize=700%2C400&ssl=1 2x"},"classes":[]},{"id":1529,"url":"https:\/\/keybox.nl\/sv\/sleutelhaken-kopen\/","url_meta":{"origin":1528,"position":5},"title":"nyckelkrokar-k\u00f6pa","author":"Keybox@beheermodule","date":"20 juli 2023","format":false,"excerpt":"K\u00f6p s\u00e4kert med nyckelkrokar Till webbshoppen! \u2713 Anv\u00e4ndarv\u00e4nliga \u2713 Resistenta och s\u00e4kra \u2713 Olika modeller Letar du efter nyckelkrokar av h\u00f6g kvalitet att k\u00f6pa f\u00f6r anv\u00e4ndning i ditt f\u00f6retag? \u00d6verv\u00e4g d\u00e5 att k\u00f6pa ett professionellt s\u00e4krat nyckelsk\u00e5p. N\u00e4r allt kommer omkring vill du inte att m\u00e4nniskor med onda avsikter ska ...","rel":"","context":"Liknande inl\u00e4gg","block_context":{"text":"Liknande inl\u00e4gg","link":""},"img":{"alt_text":"","src":"https:\/\/i0.wp.com\/keybox.nl\/wp-content\/uploads\/2021\/12\/KSB_102_1-e1638478691321.jpg?resize=350%2C200&ssl=1","width":350,"height":200,"srcset":"https:\/\/i0.wp.com\/keybox.nl\/wp-content\/uploads\/2021\/12\/KSB_102_1-e1638478691321.jpg?resize=350%2C200&ssl=1 1x, https:\/\/i0.wp.com\/keybox.nl\/wp-content\/uploads\/2021\/12\/KSB_102_1-e1638478691321.jpg?resize=525%2C300&ssl=1 1.5x, https:\/\/i0.wp.com\/keybox.nl\/wp-content\/uploads\/2021\/12\/KSB_102_1-e1638478691321.jpg?resize=700%2C400&ssl=1 2x"},"classes":[]}],"jetpack_sharing_enabled":true,"_links":{"self":[{"href":"https:\/\/keybox.nl\/sv\/wp-json\/wp\/v2\/pages\/1528","targetHints":{"allow":["GET"]}}],"collection":[{"href":"https:\/\/keybox.nl\/sv\/wp-json\/wp\/v2\/pages"}],"about":[{"href":"https:\/\/keybox.nl\/sv\/wp-json\/wp\/v2\/types\/page"}],"author":[{"embeddable":true,"href":"https:\/\/keybox.nl\/sv\/wp-json\/wp\/v2\/users\/1"}],"replies":[{"embeddable":true,"href":"https:\/\/keybox.nl\/sv\/wp-json\/wp\/v2\/comments?post=1528"}],"version-history":[{"count":7,"href":"https:\/\/keybox.nl\/sv\/wp-json\/wp\/v2\/pages\/1528\/revisions"}],"predecessor-version":[{"id":1665,"href":"https:\/\/keybox.nl\/sv\/wp-json\/wp\/v2\/pages\/1528\/revisions\/1665"}],"wp:attachment":[{"href":"https:\/\/keybox.nl\/sv\/wp-json\/wp\/v2\/media?parent=1528"}],"curies":[{"name":"wp","href":"https:\/\/api.w.org\/{rel}","templated":true}]}}