{"id":1527,"date":"2023-07-20T12:27:01","date_gmt":"2023-07-20T12:27:01","guid":{"rendered":"http:\/\/keybox.nl\/?page_id=1527"},"modified":"2023-07-25T10:23:07","modified_gmt":"2023-07-25T10:23:07","slug":"advies-sleutelkluis-opvragen","status":"publish","type":"page","link":"https:\/\/keybox.nl\/sv\/advies-sleutelkluis-opvragen\/","title":{"rendered":"r\u00e5d-nyckel s\u00e4kert-beg\u00e4ran"},"content":{"rendered":"<div class=\"wp-block-cover alignfull\" style=\"min-height:200px;aspect-ratio:unset;\"><span aria-hidden=\"true\" class=\"wp-block-cover__background has-background-dim-60 has-background-dim\"><\/span><img decoding=\"async\" width=\"1920\" height=\"2560\" class=\"wp-block-cover__image-background wp-image-126\" alt=\"Kluis\" src=\"http:\/\/keybox.nl\/wp-content\/uploads\/2021\/12\/KSB103-KSB005-4-scaled.jpg\" style=\"object-position:50% 50%\" data-object-fit=\"cover\" data-object-position=\"50% 50%\" srcset=\"https:\/\/keybox.nl\/wp-content\/uploads\/2021\/12\/KSB103-KSB005-4-scaled.jpg 1920w, https:\/\/keybox.nl\/wp-content\/uploads\/2021\/12\/KSB103-KSB005-4-416x555.jpg 416w, https:\/\/keybox.nl\/wp-content\/uploads\/2021\/12\/KSB103-KSB005-4-225x300.jpg 225w, https:\/\/keybox.nl\/wp-content\/uploads\/2021\/12\/KSB103-KSB005-4-768x1024.jpg 768w, https:\/\/keybox.nl\/wp-content\/uploads\/2021\/12\/KSB103-KSB005-4-1152x1536.jpg 1152w, https:\/\/keybox.nl\/wp-content\/uploads\/2021\/12\/KSB103-KSB005-4-1536x2048.jpg 1536w, https:\/\/keybox.nl\/wp-content\/uploads\/2021\/12\/KSB103-KSB005-4-1320x1760.jpg 1320w\" sizes=\"(max-width: 1920px) 100vw, 1920px\" \/><div class=\"wp-block-cover__inner-container is-layout-flow wp-block-cover-is-layout-flow\">\n<h1 class=\"wp-block-heading alignwide has-text-align-left has-white-color has-text-color\" style=\"font-size:40px\">F\u00e5 r\u00e5d om ett nyckelsk\u00e5p<\/h1>\n\n\n\n<div class=\"wp-block-columns alignwide is-layout-flex wp-container-core-columns-is-layout-28f84493 wp-block-columns-is-layout-flex\">\n<div class=\"wp-block-column is-layout-flow wp-block-column-is-layout-flow\" style=\"flex-basis:55%\">\n<div class=\"wp-block-buttons is-layout-flex wp-block-buttons-is-layout-flex\">\n<div class=\"wp-block-button cta-knop alignleft\"><a class=\"wp-block-button__link has-black-color has-white-background-color has-text-color has-background wp-element-button\" href=\"http:\/\/keybox.nl\/sv\/\">Till webbshoppen!<\/a><\/div>\n<\/div>\n<\/div>\n<\/div>\n<\/div><\/div>\n\n\n\n<div style=\"height:50px\" aria-hidden=\"true\" class=\"wp-block-spacer\"><\/div>\n\n\n\n<div class=\"wp-block-group alignfull is-content-justification-center is-layout-flex wp-container-core-group-is-layout-81a7f686 wp-block-group-is-layout-flex\">\n<p class=\"usps has-normal-font-size\">\u2713 Anv\u00e4ndarv\u00e4nlig<\/p>\n\n\n\n<p>\u2713 Motst\u00e5ndskraftig och s\u00e4ker<\/p>\n\n\n\n<p>\u2713 Olika modeller<\/p>\n<\/div>\n\n\n\n<style>\nh1.entry-title {\ndisplay:none;\n}\n.cta-knop {\nmargin-left: 35px !important;\n}\n\n.cta-knop:hover {\nopacity: 0.75;\n}\n\n@media only screen and (max-width: 1064px) {\n.cta-knop {\nmargin-left: 0px !important;\n}\n\n.wp-block-group.alignfull {\n    display: flex;\n    flex-direction: column;\n}\n}\n<\/style>\n\n\n\n<div style=\"height:100px\" aria-hidden=\"true\" class=\"wp-block-spacer\"><\/div>\n\n\n\n<p class=\"has-text-align-left align-left has-black-color has-text-color has-normal-font-size\">Att f\u00e5 r\u00e5d om ett nyckelsk\u00e5p \u00e4r det f\u00f6rsta steget mot en s\u00e4krare aff\u00e4rsmilj\u00f6. Att v\u00e4lja r\u00e4tt nyckelsk\u00e5p kan vara en komplex uppgift med tanke p\u00e5 m\u00e5ngfalden och de tekniska innovationerna. P\u00e5 Keybox.co.uk f\u00f6rst\u00e5r vi denna utmaning och \u00e4r redo att hj\u00e4lpa dig att fatta detta viktiga beslut.<\/p>\n\n\n\n<div style=\"height:100px\" aria-hidden=\"true\" class=\"wp-block-spacer\"><\/div>\n\n\n\n<div class=\"wp-block-group is-content-justification-center is-layout-flex wp-container-core-group-is-layout-81a7f686 wp-block-group-is-layout-flex\">\n<div class=\"wp-block-media-text alignwide is-stacked-on-mobile is-vertically-aligned-center\" style=\"grid-template-columns:40% auto\"><figure class=\"wp-block-media-text__media\"><img decoding=\"async\" width=\"788\" height=\"1024\" src=\"http:\/\/keybox.nl\/wp-content\/uploads\/2023\/02\/Keysafe-Big-Pro-sleutelkastje_keybox-788x1024.jpeg\" alt=\"\" class=\"wp-image-1349 size-full\" srcset=\"https:\/\/keybox.nl\/wp-content\/uploads\/2023\/02\/Keysafe-Big-Pro-sleutelkastje_keybox-788x1024.jpeg 788w, https:\/\/keybox.nl\/wp-content\/uploads\/2023\/02\/Keysafe-Big-Pro-sleutelkastje_keybox-416x541.jpeg 416w, https:\/\/keybox.nl\/wp-content\/uploads\/2023\/02\/Keysafe-Big-Pro-sleutelkastje_keybox-231x300.jpeg 231w, https:\/\/keybox.nl\/wp-content\/uploads\/2023\/02\/Keysafe-Big-Pro-sleutelkastje_keybox-768x998.jpeg 768w, https:\/\/keybox.nl\/wp-content\/uploads\/2023\/02\/Keysafe-Big-Pro-sleutelkastje_keybox.jpeg 1000w\" sizes=\"(max-width: 788px) 100vw, 788px\" \/><\/figure><div class=\"wp-block-media-text__content\">\n<h2 class=\"wp-block-heading\">Varf\u00f6r s\u00f6ka r\u00e5d f\u00f6r ett nyckelsk\u00e5p?<\/h2>\n\n\n\n<p>Att s\u00f6ka r\u00e5d om ett nyckelsk\u00e5p kan g\u00f6ra skillnaden mellan en l\u00e4mplig och en mindre l\u00e4mplig l\u00f6sning. Valet av olika typer av nyckelsk\u00e5p kan vara \u00f6verv\u00e4ldigande. Till exempel hittar du hos oss:<\/p>\n\n\n\n<ul class=\"wp-block-list\">\n<li><a href=\"http:\/\/keybox.nl\/sv\/kleine-sleutelkluisjes-kopen\/\">Sm\u00e5 nyckelsk\u00e5p<\/a> f\u00f6r enkel \u00e5tkomst till ett begr\u00e4nsat antal nycklar.<\/li>\n\n\n\n<li><a href=\"http:\/\/keybox.nl\/sv\/digitaal-sleutelbeheersysteem\/\">Digitala system f\u00f6r nyckelhantering<\/a> f\u00f6r st\u00f6rre organisationer d\u00e4r tillg\u00e5ng till och hantering av nycklar \u00e4r avg\u00f6rande.<\/li>\n\n\n\n<li><a href=\"http:\/\/keybox.nl\/sv\/elektronische-sleutelkluis-kopen\/\">Elektroniska nyckelsk\u00e5p<\/a> f\u00f6r dem som kr\u00e4ver en h\u00f6g s\u00e4kerhetsniv\u00e5 och anv\u00e4ndarv\u00e4nlighet.<\/li>\n\n\n\n<li><a href=\"http:\/\/keybox.nl\/sv\/sleutelkluis-buiten\/\">Nyckelsk\u00e5p f\u00f6r utomhusbruk<\/a>, perfekt f\u00f6r f\u00f6retag som har anst\u00e4llda eller leverant\u00f6rer som arbetar p\u00e5 distans.<\/li>\n<\/ul>\n\n\n\n<p>Detta visar varf\u00f6r det \u00e4r viktigt att s\u00f6ka r\u00e5d om ett nyckelsk\u00e5p, eftersom varje situation \u00e4r unik och kr\u00e4ver att l\u00f6sningen passar exakt dina specifika behov. Eftersom vi har ett brett utbud och expertis inom omr\u00e5det <a href=\"http:\/\/keybox.nl\/sv\/\">s\u00e4kra nyckelsk\u00e5p<\/a>, \u00e4r vi det perfekta f\u00f6retaget f\u00f6r att ge dig dessa r\u00e5d.<\/p>\n<\/div><\/div>\n<\/div>\n\n\n\n<div style=\"height:100px\" aria-hidden=\"true\" class=\"wp-block-spacer\"><\/div>\n\n\n\n<h2 class=\"wp-block-heading has-text-align-center\"><strong>Vill du ha r\u00e5d om ett nyckelsk\u00e5p?<\/strong><\/h2>\n\n\n\n<div class=\"wp-block-buttons is-content-justification-center is-layout-flex wp-container-core-buttons-is-layout-a89b3969 wp-block-buttons-is-layout-flex\">\n<div class=\"wp-block-button is-style-outline is-style-outline--1\"><a class=\"wp-block-button__link wp-element-button\" href=\"http:\/\/keybox.nl\/sv\/contact\/\">Kontakta oss<\/a><\/div>\n<\/div>\n\n\n\n<div style=\"height:100px\" aria-hidden=\"true\" class=\"wp-block-spacer\"><\/div>\n\n\n\n<div class=\"wp-block-group is-content-justification-center is-layout-flex wp-container-core-group-is-layout-81a7f686 wp-block-group-is-layout-flex\">\n<div class=\"wp-block-media-text alignwide has-media-on-the-right is-stacked-on-mobile is-vertically-aligned-center\" style=\"grid-template-columns:auto 40%\"><div class=\"wp-block-media-text__content\">\n<h3 class=\"wp-block-heading has-text-color\" style=\"color:#000000;font-size:32px\"><strong>Ta steget och s\u00f6k r\u00e5d<\/strong><\/h3>\n\n\n\n<p class=\"has-text-color has-normal-font-size\" style=\"color:#000000\">\u00c4r du redo att ta steget fullt ut? Att f\u00e5 r\u00e5d om ett nyckelsk\u00e5p \u00e4r v\u00e4gen till ett s\u00e4krare hem eller f\u00f6retag. Vi uppmuntrar dig att <a href=\"http:\/\/keybox.nl\/sv\/contact\/\">Kontakta oss<\/a> s\u00e5 att vi tillsammans kan hitta en l\u00f6sning som passar dina specifika krav. Oavsett om du beh\u00f6ver en <a href=\"http:\/\/keybox.nl\/sv\/kluis-kopen-voor-thuis\/\">s\u00e4kert hem<\/a> Oavsett om du \u00e4r ute efter ett nyckelsk\u00e5p eller ett mer omfattande system f\u00f6r ditt f\u00f6retag kan v\u00e5ra r\u00e5d hj\u00e4lpa dig att v\u00e4lja r\u00e4tt. S\u00e5 v\u00e4nta inte l\u00e4ngre och f\u00e5 r\u00e5d om ditt nyckels\u00e4kerhetssk\u00e5p nu.<\/p>\n<\/div><figure class=\"wp-block-media-text__media\"><img decoding=\"async\" width=\"788\" height=\"1024\" src=\"http:\/\/keybox.nl\/wp-content\/uploads\/2022\/12\/Keysafe_Slim_line_Keybox-788x1024.jpeg\" alt=\"Keysafe Slim line\" class=\"wp-image-1172 size-full\" srcset=\"https:\/\/keybox.nl\/wp-content\/uploads\/2022\/12\/Keysafe_Slim_line_Keybox-788x1024.jpeg 788w, https:\/\/keybox.nl\/wp-content\/uploads\/2022\/12\/Keysafe_Slim_line_Keybox-416x541.jpeg 416w, https:\/\/keybox.nl\/wp-content\/uploads\/2022\/12\/Keysafe_Slim_line_Keybox-231x300.jpeg 231w, https:\/\/keybox.nl\/wp-content\/uploads\/2022\/12\/Keysafe_Slim_line_Keybox-768x998.jpeg 768w, https:\/\/keybox.nl\/wp-content\/uploads\/2022\/12\/Keysafe_Slim_line_Keybox.jpeg 1000w\" sizes=\"(max-width: 788px) 100vw, 788px\" \/><\/figure><\/div>\n<\/div>\n\n\n\n<div style=\"height:50px\" aria-hidden=\"true\" class=\"wp-block-spacer\"><\/div>\n\n\n\n<h2 class=\"wp-block-heading alignwide has-text-align-left form-titel\"><strong>Har du fr\u00e5gor om s\u00e4kerhet?<\/strong><\/h2>\n\n\n<div class=\"wp-block-jetpack-contact-form alignwide is-layout-flex wp-container-jetpack-contact-form-is-layout-2b4208ba wp-block-jetpack-contact-form-is-layout-flex\"><a href=\"https:\/\/keybox.nl\/sv\/advies-sleutelkluis-opvragen\/\" target=\"_blank\" rel=\"noopener noreferrer\">Skicka ett formul\u00e4r.<\/a><\/div>\n\n\n<p><\/p>","protected":false},"excerpt":{"rendered":"<p>\u2713 Gebruiksvriendelijk \u2713 Bestendig en veilig \u2713 Diverse modellen Advies over een sleutelkluis opvragen is de eerste stap naar een veiligere bedrijfsomgeving. Het kiezen van de juiste sleutelkluis kan een complexe taak zijn, gezien de diversiteit en technologische innovaties. Bij Keybox.nl begrijpen we deze uitdaging en staan we klaar om u te helpen bij het [&hellip;]<\/p>\n","protected":false},"author":1,"featured_media":0,"parent":0,"menu_order":0,"comment_status":"closed","ping_status":"closed","template":"template-fullwidth.php","meta":{"footnotes":""},"class_list":["post-1527","page","type-page","status-publish","hentry"],"yoast_head":"<!-- This site is optimized with the Yoast SEO plugin v27.4 - https:\/\/yoast.com\/product\/yoast-seo-wordpress\/ -->\n<title>Advies voor uw sleutelkluis opvragen -<\/title>\n<meta name=\"description\" content=\"Advies over uw sleutelkluis opvragen bij onze experts is de sleutel tot succes. Neem snel contact met ons op en wij vertellen u alles wat u moet weten.\" \/>\n<meta name=\"robots\" content=\"index, follow, max-snippet:-1, max-image-preview:large, max-video-preview:-1\" \/>\n<link rel=\"canonical\" href=\"https:\/\/keybox.nl\/sv\/advies-sleutelkluis-opvragen\/\" \/>\n<meta property=\"og:locale\" content=\"sv_SE\" \/>\n<meta property=\"og:type\" content=\"article\" \/>\n<meta property=\"og:title\" content=\"Advies voor uw sleutelkluis opvragen -\" \/>\n<meta property=\"og:description\" content=\"Advies over uw sleutelkluis opvragen bij onze experts is de sleutel tot succes. Neem snel contact met ons op en wij vertellen u alles wat u moet weten.\" \/>\n<meta property=\"og:url\" content=\"https:\/\/keybox.nl\/sv\/advies-sleutelkluis-opvragen\/\" \/>\n<meta property=\"article:modified_time\" content=\"2023-07-25T10:23:07+00:00\" \/>\n<meta property=\"og:image\" content=\"http:\/\/keybox.nl\/wp-content\/uploads\/2021\/12\/KSB103-KSB005-4-scaled.jpg\" \/>\n<meta name=\"twitter:card\" content=\"summary_large_image\" \/>\n<meta name=\"twitter:label1\" content=\"Ber\u00e4knad l\u00e4stid\" \/>\n\t<meta name=\"twitter:data1\" content=\"3 minuter\" \/>\n<script type=\"application\/ld+json\" class=\"yoast-schema-graph\">{\"@context\":\"https:\\\/\\\/schema.org\",\"@graph\":[{\"@type\":\"WebPage\",\"@id\":\"https:\\\/\\\/keybox.nl\\\/advies-sleutelkluis-opvragen\\\/\",\"url\":\"https:\\\/\\\/keybox.nl\\\/advies-sleutelkluis-opvragen\\\/\",\"name\":\"Advies voor uw sleutelkluis opvragen -\",\"isPartOf\":{\"@id\":\"https:\\\/\\\/keybox.nl\\\/#website\"},\"primaryImageOfPage\":{\"@id\":\"https:\\\/\\\/keybox.nl\\\/advies-sleutelkluis-opvragen\\\/#primaryimage\"},\"image\":{\"@id\":\"https:\\\/\\\/keybox.nl\\\/advies-sleutelkluis-opvragen\\\/#primaryimage\"},\"thumbnailUrl\":\"http:\\\/\\\/keybox.nl\\\/wp-content\\\/uploads\\\/2021\\\/12\\\/KSB103-KSB005-4-scaled.jpg\",\"datePublished\":\"2023-07-20T12:27:01+00:00\",\"dateModified\":\"2023-07-25T10:23:07+00:00\",\"description\":\"Advies over uw sleutelkluis opvragen bij onze experts is de sleutel tot succes. Neem snel contact met ons op en wij vertellen u alles wat u moet weten.\",\"breadcrumb\":{\"@id\":\"https:\\\/\\\/keybox.nl\\\/advies-sleutelkluis-opvragen\\\/#breadcrumb\"},\"inLanguage\":\"sv-SE\",\"potentialAction\":[{\"@type\":\"ReadAction\",\"target\":[\"https:\\\/\\\/keybox.nl\\\/advies-sleutelkluis-opvragen\\\/\"]}]},{\"@type\":\"ImageObject\",\"inLanguage\":\"sv-SE\",\"@id\":\"https:\\\/\\\/keybox.nl\\\/advies-sleutelkluis-opvragen\\\/#primaryimage\",\"url\":\"http:\\\/\\\/keybox.nl\\\/wp-content\\\/uploads\\\/2021\\\/12\\\/KSB103-KSB005-4-scaled.jpg\",\"contentUrl\":\"http:\\\/\\\/keybox.nl\\\/wp-content\\\/uploads\\\/2021\\\/12\\\/KSB103-KSB005-4-scaled.jpg\"},{\"@type\":\"BreadcrumbList\",\"@id\":\"https:\\\/\\\/keybox.nl\\\/advies-sleutelkluis-opvragen\\\/#breadcrumb\",\"itemListElement\":[{\"@type\":\"ListItem\",\"position\":1,\"name\":\"Home\",\"item\":\"https:\\\/\\\/keybox.nl\\\/\"},{\"@type\":\"ListItem\",\"position\":2,\"name\":\"advies-sleutelkluis-opvragen\"}]},{\"@type\":\"WebSite\",\"@id\":\"https:\\\/\\\/keybox.nl\\\/#website\",\"url\":\"https:\\\/\\\/keybox.nl\\\/\",\"name\":\"\",\"description\":\"\",\"potentialAction\":[{\"@type\":\"SearchAction\",\"target\":{\"@type\":\"EntryPoint\",\"urlTemplate\":\"https:\\\/\\\/keybox.nl\\\/?s={search_term_string}\"},\"query-input\":{\"@type\":\"PropertyValueSpecification\",\"valueRequired\":true,\"valueName\":\"search_term_string\"}}],\"inLanguage\":\"sv-SE\"}]}<\/script>\n<!-- \/ Yoast SEO plugin. -->","yoast_head_json":{"title":"Beg\u00e4r r\u00e5d om ditt nyckelsk\u00e5p - - -","description":"Det \u00e4r viktigt att f\u00e5 r\u00e5d om ditt nyckelsk\u00e5p fr\u00e5n v\u00e5ra experter. Kontakta oss snarast s\u00e5 ber\u00e4ttar vi allt du beh\u00f6ver veta.","robots":{"index":"index","follow":"follow","max-snippet":"max-snippet:-1","max-image-preview":"max-image-preview:large","max-video-preview":"max-video-preview:-1"},"canonical":"https:\/\/keybox.nl\/sv\/advies-sleutelkluis-opvragen\/","og_locale":"sv_SE","og_type":"article","og_title":"Advies voor uw sleutelkluis opvragen -","og_description":"Advies over uw sleutelkluis opvragen bij onze experts is de sleutel tot succes. Neem snel contact met ons op en wij vertellen u alles wat u moet weten.","og_url":"https:\/\/keybox.nl\/sv\/advies-sleutelkluis-opvragen\/","article_modified_time":"2023-07-25T10:23:07+00:00","og_image":[{"url":"http:\/\/keybox.nl\/wp-content\/uploads\/2021\/12\/KSB103-KSB005-4-scaled.jpg","type":"","width":"","height":""}],"twitter_card":"summary_large_image","twitter_misc":{"Ber\u00e4knad l\u00e4stid":"3 minuter"},"schema":{"@context":"https:\/\/schema.org","@graph":[{"@type":"WebPage","@id":"https:\/\/keybox.nl\/advies-sleutelkluis-opvragen\/","url":"https:\/\/keybox.nl\/advies-sleutelkluis-opvragen\/","name":"Beg\u00e4r r\u00e5d om ditt nyckelsk\u00e5p - - -","isPartOf":{"@id":"https:\/\/keybox.nl\/#website"},"primaryImageOfPage":{"@id":"https:\/\/keybox.nl\/advies-sleutelkluis-opvragen\/#primaryimage"},"image":{"@id":"https:\/\/keybox.nl\/advies-sleutelkluis-opvragen\/#primaryimage"},"thumbnailUrl":"http:\/\/keybox.nl\/wp-content\/uploads\/2021\/12\/KSB103-KSB005-4-scaled.jpg","datePublished":"2023-07-20T12:27:01+00:00","dateModified":"2023-07-25T10:23:07+00:00","description":"Det \u00e4r viktigt att f\u00e5 r\u00e5d om ditt nyckelsk\u00e5p fr\u00e5n v\u00e5ra experter. Kontakta oss snarast s\u00e5 ber\u00e4ttar vi allt du beh\u00f6ver veta.","breadcrumb":{"@id":"https:\/\/keybox.nl\/advies-sleutelkluis-opvragen\/#breadcrumb"},"inLanguage":"sv-SE","potentialAction":[{"@type":"ReadAction","target":["https:\/\/keybox.nl\/advies-sleutelkluis-opvragen\/"]}]},{"@type":"ImageObject","inLanguage":"sv-SE","@id":"https:\/\/keybox.nl\/advies-sleutelkluis-opvragen\/#primaryimage","url":"http:\/\/keybox.nl\/wp-content\/uploads\/2021\/12\/KSB103-KSB005-4-scaled.jpg","contentUrl":"http:\/\/keybox.nl\/wp-content\/uploads\/2021\/12\/KSB103-KSB005-4-scaled.jpg"},{"@type":"BreadcrumbList","@id":"https:\/\/keybox.nl\/advies-sleutelkluis-opvragen\/#breadcrumb","itemListElement":[{"@type":"ListItem","position":1,"name":"Home","item":"https:\/\/keybox.nl\/"},{"@type":"ListItem","position":2,"name":"advies-sleutelkluis-opvragen"}]},{"@type":"WebSite","@id":"https:\/\/keybox.nl\/#website","url":"https:\/\/keybox.nl\/","name":"","description":"","potentialAction":[{"@type":"SearchAction","target":{"@type":"EntryPoint","urlTemplate":"https:\/\/keybox.nl\/?s={search_term_string}"},"query-input":{"@type":"PropertyValueSpecification","valueRequired":true,"valueName":"search_term_string"}}],"inLanguage":"sv-SE"}]}},"jetpack-related-posts":[{"id":1528,"url":"https:\/\/keybox.nl\/sv\/elektronische-sleutelkluis-kopen\/","url_meta":{"origin":1527,"position":0},"title":"elektronisk nyckel s\u00e4kert k\u00f6p","author":"Keybox@beheermodule","date":"20 juli 2023","format":false,"excerpt":"K\u00f6p elektroniskt nyckelsk\u00e5p Till webbshoppen! \u2713 Anv\u00e4ndarv\u00e4nligt \u2713 Motst\u00e5ndskraftigt och s\u00e4kert \u2713 Olika modeller Att k\u00f6pa ett elektroniskt nyckelsk\u00e5p \u00e4r det f\u00f6rsta steget n\u00e4r det g\u00e4ller att garantera s\u00e4kerheten p\u00e5 ditt f\u00f6retag eller i ditt hem. Keybox.co.uk erbjuder dig den l\u00f6sning som passar dina behov s\u00f6ml\u00f6st. Dessa kassask\u00e5p...","rel":"","context":"Liknande inl\u00e4gg","block_context":{"text":"Liknande inl\u00e4gg","link":""},"img":{"alt_text":"","src":"https:\/\/i0.wp.com\/keybox.nl\/wp-content\/uploads\/2023\/02\/Keysafe-Big-Pro-sleutelkastje_keybox.jpeg?resize=350%2C200&ssl=1","width":350,"height":200,"srcset":"https:\/\/i0.wp.com\/keybox.nl\/wp-content\/uploads\/2023\/02\/Keysafe-Big-Pro-sleutelkastje_keybox.jpeg?resize=350%2C200&ssl=1 1x, https:\/\/i0.wp.com\/keybox.nl\/wp-content\/uploads\/2023\/02\/Keysafe-Big-Pro-sleutelkastje_keybox.jpeg?resize=525%2C300&ssl=1 1.5x, https:\/\/i0.wp.com\/keybox.nl\/wp-content\/uploads\/2023\/02\/Keysafe-Big-Pro-sleutelkastje_keybox.jpeg?resize=700%2C400&ssl=1 2x"},"classes":[]},{"id":1400,"url":"https:\/\/keybox.nl\/sv\/montage-installatie\/","url_meta":{"origin":1527,"position":1},"title":"Montering och installation av ditt kassask\u00e5p","author":"Keybox@beheermodule","date":"16 februari 2023","format":false,"excerpt":"K\u00f6pa ett kassask\u00e5p och f\u00e5 det professionellt installerat? V\u00e4lj Keybox.co.uk Du kan inte bara k\u00f6pa ett kassask\u00e5p p\u00e5 Keybox.co.uk, utan ocks\u00e5 f\u00e5 ditt kassask\u00e5p professionellt monterat och installerat. Vi erbjuder en komplett tj\u00e4nst: fr\u00e5n personlig r\u00e5dgivning till professionell installation p\u00e5 plats. S\u00e5 du kan vara s\u00e4ker p\u00e5 maximal s\u00e4kerhet...","rel":"","context":"Liknande inl\u00e4gg","block_context":{"text":"Liknande inl\u00e4gg","link":""},"img":{"alt_text":"","src":"https:\/\/i0.wp.com\/keybox.nl\/wp-content\/uploads\/2023\/02\/Bestelbus-keybox.jpg?resize=350%2C200&ssl=1","width":350,"height":200,"srcset":"https:\/\/i0.wp.com\/keybox.nl\/wp-content\/uploads\/2023\/02\/Bestelbus-keybox.jpg?resize=350%2C200&ssl=1 1x, https:\/\/i0.wp.com\/keybox.nl\/wp-content\/uploads\/2023\/02\/Bestelbus-keybox.jpg?resize=525%2C300&ssl=1 1.5x, https:\/\/i0.wp.com\/keybox.nl\/wp-content\/uploads\/2023\/02\/Bestelbus-keybox.jpg?resize=700%2C400&ssl=1 2x"},"classes":[]},{"id":1506,"url":"https:\/\/keybox.nl\/sv\/sleutelkluis-buiten\/","url_meta":{"origin":1527,"position":2},"title":"utv\u00e4ndigt nyckelsk\u00e5p","author":"Keybox@beheermodule","date":"20 juli 2023","format":false,"excerpt":"Nyckelsk\u00e5p f\u00f6r utomhusbruk Till webbshoppen! \u2713 Anv\u00e4ndarv\u00e4nligt \u2713 Motst\u00e5ndskraftigt och s\u00e4kert \u2713 Olika modeller Ett nyckelsk\u00e5p f\u00f6r utomhusbruk \u00e4r en viktig del av en effektiv hantering av tilltr\u00e4desr\u00e4ttigheter, oavsett om du driver ett f\u00f6retag, \u00e4r hyresv\u00e4rd eller helt enkelt beh\u00f6ver en s\u00e4ker plats f\u00f6r dina reservnycklar. P\u00e5 Keybox.co.uk f\u00f6rst\u00e5r vi...","rel":"","context":"Liknande inl\u00e4gg","block_context":{"text":"Liknande inl\u00e4gg","link":""},"img":{"alt_text":"kluis peugeot","src":"https:\/\/i0.wp.com\/keybox.nl\/wp-content\/uploads\/2022\/02\/KSB007-Peugeot-scaled-e1643751089776.jpg?resize=350%2C200&ssl=1","width":350,"height":200,"srcset":"https:\/\/i0.wp.com\/keybox.nl\/wp-content\/uploads\/2022\/02\/KSB007-Peugeot-scaled-e1643751089776.jpg?resize=350%2C200&ssl=1 1x, https:\/\/i0.wp.com\/keybox.nl\/wp-content\/uploads\/2022\/02\/KSB007-Peugeot-scaled-e1643751089776.jpg?resize=525%2C300&ssl=1 1.5x"},"classes":[]},{"id":1507,"url":"https:\/\/keybox.nl\/sv\/sleutelkluis-bevestigen\/","url_meta":{"origin":1527,"position":3},"title":"fixa nyckel s\u00e4kert","author":"Keybox@beheermodule","date":"20 juli 2023","format":false,"excerpt":"Fixa ett nyckelsk\u00e5p Till webbshoppen! \u2713 Anv\u00e4ndarv\u00e4nligt \u2713 T\u00e5ligt och s\u00e4kert \u2713 Olika modeller Att montera ett nyckelsk\u00e5p p\u00e5 ett s\u00e4kert s\u00e4tt \u00e4r inte l\u00e4tt. Det \u00e4r dock viktigt att g\u00f6ra det p\u00e5 r\u00e4tt s\u00e4tt s\u00e5 att sk\u00e5pet sitter ordentligt fast i v\u00e4ggen. Keybox.co.uk ber\u00e4ttar g\u00e4rna mer om hur du...","rel":"","context":"Liknande inl\u00e4gg","block_context":{"text":"Liknande inl\u00e4gg","link":""},"img":{"alt_text":"Keysafe Big Pro","src":"https:\/\/i0.wp.com\/keybox.nl\/wp-content\/uploads\/2023\/02\/S7-Pro-Big-Box-Key-Safe.jpg?resize=350%2C200&ssl=1","width":350,"height":200,"srcset":"https:\/\/i0.wp.com\/keybox.nl\/wp-content\/uploads\/2023\/02\/S7-Pro-Big-Box-Key-Safe.jpg?resize=350%2C200&ssl=1 1x, https:\/\/i0.wp.com\/keybox.nl\/wp-content\/uploads\/2023\/02\/S7-Pro-Big-Box-Key-Safe.jpg?resize=525%2C300&ssl=1 1.5x, https:\/\/i0.wp.com\/keybox.nl\/wp-content\/uploads\/2023\/02\/S7-Pro-Big-Box-Key-Safe.jpg?resize=700%2C400&ssl=1 2x"},"classes":[]},{"id":546,"url":"https:\/\/keybox.nl\/sv\/inbouwkluisjes-kopen\/","url_meta":{"origin":1527,"position":4},"title":"K\u00f6p inbyggda kassask\u00e5p","author":"Keybox@beheermodule","date":"11 mars 2022","format":false,"excerpt":"K\u00f6p robusta inbyggda kassask\u00e5p Till webbshoppen! \u2713 Anv\u00e4ndarv\u00e4nligt \u2713 Robust och s\u00e4kert \u2713 Olika modeller Vill du k\u00f6pa inbyggda kassask\u00e5p till ditt f\u00f6retag? V\u00e5r webbshop erbjuder olika modeller av kassask\u00e5p som du installerar i v\u00e4ggen. Eftersom systemet sitter i v\u00e4ggen g\u00e5r det inte att ta bort och det \u00e4r...","rel":"","context":"Liknande inl\u00e4gg","block_context":{"text":"Liknande inl\u00e4gg","link":""},"img":{"alt_text":"","src":"https:\/\/i0.wp.com\/keybox.nl\/wp-content\/uploads\/2021\/12\/KSB_102_1-e1638478691321.jpg?resize=350%2C200&ssl=1","width":350,"height":200,"srcset":"https:\/\/i0.wp.com\/keybox.nl\/wp-content\/uploads\/2021\/12\/KSB_102_1-e1638478691321.jpg?resize=350%2C200&ssl=1 1x, https:\/\/i0.wp.com\/keybox.nl\/wp-content\/uploads\/2021\/12\/KSB_102_1-e1638478691321.jpg?resize=525%2C300&ssl=1 1.5x, https:\/\/i0.wp.com\/keybox.nl\/wp-content\/uploads\/2021\/12\/KSB_102_1-e1638478691321.jpg?resize=700%2C400&ssl=1 2x"},"classes":[]},{"id":1529,"url":"https:\/\/keybox.nl\/sv\/sleutelhaken-kopen\/","url_meta":{"origin":1527,"position":5},"title":"nyckelkrokar-k\u00f6pa","author":"Keybox@beheermodule","date":"20 juli 2023","format":false,"excerpt":"K\u00f6p s\u00e4kert med nyckelkrokar Till webbshoppen! \u2713 Anv\u00e4ndarv\u00e4nliga \u2713 Resistenta och s\u00e4kra \u2713 Olika modeller Letar du efter nyckelkrokar av h\u00f6g kvalitet att k\u00f6pa f\u00f6r anv\u00e4ndning i ditt f\u00f6retag? \u00d6verv\u00e4g d\u00e5 att k\u00f6pa ett professionellt s\u00e4krat nyckelsk\u00e5p. N\u00e4r allt kommer omkring vill du inte att m\u00e4nniskor med onda avsikter ska ...","rel":"","context":"Liknande inl\u00e4gg","block_context":{"text":"Liknande inl\u00e4gg","link":""},"img":{"alt_text":"","src":"https:\/\/i0.wp.com\/keybox.nl\/wp-content\/uploads\/2021\/12\/KSB_102_1-e1638478691321.jpg?resize=350%2C200&ssl=1","width":350,"height":200,"srcset":"https:\/\/i0.wp.com\/keybox.nl\/wp-content\/uploads\/2021\/12\/KSB_102_1-e1638478691321.jpg?resize=350%2C200&ssl=1 1x, https:\/\/i0.wp.com\/keybox.nl\/wp-content\/uploads\/2021\/12\/KSB_102_1-e1638478691321.jpg?resize=525%2C300&ssl=1 1.5x, https:\/\/i0.wp.com\/keybox.nl\/wp-content\/uploads\/2021\/12\/KSB_102_1-e1638478691321.jpg?resize=700%2C400&ssl=1 2x"},"classes":[]}],"jetpack_sharing_enabled":true,"_links":{"self":[{"href":"https:\/\/keybox.nl\/sv\/wp-json\/wp\/v2\/pages\/1527","targetHints":{"allow":["GET"]}}],"collection":[{"href":"https:\/\/keybox.nl\/sv\/wp-json\/wp\/v2\/pages"}],"about":[{"href":"https:\/\/keybox.nl\/sv\/wp-json\/wp\/v2\/types\/page"}],"author":[{"embeddable":true,"href":"https:\/\/keybox.nl\/sv\/wp-json\/wp\/v2\/users\/1"}],"replies":[{"embeddable":true,"href":"https:\/\/keybox.nl\/sv\/wp-json\/wp\/v2\/comments?post=1527"}],"version-history":[{"count":6,"href":"https:\/\/keybox.nl\/sv\/wp-json\/wp\/v2\/pages\/1527\/revisions"}],"predecessor-version":[{"id":1667,"href":"https:\/\/keybox.nl\/sv\/wp-json\/wp\/v2\/pages\/1527\/revisions\/1667"}],"wp:attachment":[{"href":"https:\/\/keybox.nl\/sv\/wp-json\/wp\/v2\/media?parent=1527"}],"curies":[{"name":"wp","href":"https:\/\/api.w.org\/{rel}","templated":true}]}}