{"id":1526,"date":"2023-07-20T12:26:39","date_gmt":"2023-07-20T12:26:39","guid":{"rendered":"http:\/\/keybox.nl\/?page_id=1526"},"modified":"2023-07-25T10:24:28","modified_gmt":"2023-07-25T10:24:28","slug":"safe-kluis-kopen","status":"publish","type":"page","link":"https:\/\/keybox.nl\/sv\/safe-kluis-kopen\/","title":{"rendered":"K\u00f6p S\u00e4kert s\u00e4kert"},"content":{"rendered":"<div class=\"wp-block-cover alignfull\" style=\"min-height:200px;aspect-ratio:unset;\"><span aria-hidden=\"true\" class=\"wp-block-cover__background has-background-dim-60 has-background-dim\"><\/span><img decoding=\"async\" width=\"1920\" height=\"2560\" class=\"wp-block-cover__image-background wp-image-126\" alt=\"Kluis\" src=\"http:\/\/keybox.nl\/wp-content\/uploads\/2021\/12\/KSB103-KSB005-4-scaled.jpg\" style=\"object-position:50% 50%\" data-object-fit=\"cover\" data-object-position=\"50% 50%\" srcset=\"https:\/\/keybox.nl\/wp-content\/uploads\/2021\/12\/KSB103-KSB005-4-scaled.jpg 1920w, https:\/\/keybox.nl\/wp-content\/uploads\/2021\/12\/KSB103-KSB005-4-416x555.jpg 416w, https:\/\/keybox.nl\/wp-content\/uploads\/2021\/12\/KSB103-KSB005-4-225x300.jpg 225w, https:\/\/keybox.nl\/wp-content\/uploads\/2021\/12\/KSB103-KSB005-4-768x1024.jpg 768w, https:\/\/keybox.nl\/wp-content\/uploads\/2021\/12\/KSB103-KSB005-4-1152x1536.jpg 1152w, https:\/\/keybox.nl\/wp-content\/uploads\/2021\/12\/KSB103-KSB005-4-1536x2048.jpg 1536w, https:\/\/keybox.nl\/wp-content\/uploads\/2021\/12\/KSB103-KSB005-4-1320x1760.jpg 1320w\" sizes=\"(max-width: 1920px) 100vw, 1920px\" \/><div class=\"wp-block-cover__inner-container is-layout-flow wp-block-cover-is-layout-flow\">\n<h1 class=\"wp-block-heading alignwide has-text-align-left has-white-color has-text-color\" style=\"font-size:40px\">K\u00f6p kassask\u00e5p eller valv<\/h1>\n\n\n\n<div class=\"wp-block-columns alignwide is-layout-flex wp-container-core-columns-is-layout-28f84493 wp-block-columns-is-layout-flex\">\n<div class=\"wp-block-column is-layout-flow wp-block-column-is-layout-flow\" style=\"flex-basis:55%\">\n<div class=\"wp-block-buttons is-layout-flex wp-block-buttons-is-layout-flex\">\n<div class=\"wp-block-button cta-knop alignleft\"><a class=\"wp-block-button__link has-black-color has-white-background-color has-text-color has-background wp-element-button\" href=\"http:\/\/keybox.nl\/sv\/\">Till webbshoppen!<\/a><\/div>\n<\/div>\n<\/div>\n<\/div>\n<\/div><\/div>\n\n\n\n<div style=\"height:50px\" aria-hidden=\"true\" class=\"wp-block-spacer\"><\/div>\n\n\n\n<div class=\"wp-block-group alignfull is-content-justification-center is-layout-flex wp-container-core-group-is-layout-81a7f686 wp-block-group-is-layout-flex\">\n<p class=\"usps has-normal-font-size\">\u2713 Anv\u00e4ndarv\u00e4nlig<\/p>\n\n\n\n<p>\u2713 Motst\u00e5ndskraftig och s\u00e4ker<\/p>\n\n\n\n<p>\u2713 Olika modeller<\/p>\n<\/div>\n\n\n\n<style>\nh1.entry-title {\ndisplay:none;\n}\n\n.cta-knop {\nmargin-left: 35px !important;\n}\n\n.cta-knop:hover {\nopacity: 0.75;\n}\n\n@media only screen and (max-width: 1064px) {\n.cta-knop {\nmargin-left: 0px !important;\n}\n\n.wp-block-group.alignfull {\n    display: flex;\n    flex-direction: column;\n}\n}\n<\/style>\n\n\n\n<div style=\"height:100px\" aria-hidden=\"true\" class=\"wp-block-spacer\"><\/div>\n\n\n\n<p class=\"has-text-align-left align-left has-black-color has-text-color has-normal-font-size\">Om du v\u00e4rdes\u00e4tter s\u00e4kerhet och tillf\u00f6rlitlighet \u00e4r det f\u00f6rsta steget att k\u00f6pa ett kassask\u00e5p eller kassask\u00e5p. \u00c4ven om dessa termer ofta anv\u00e4nds synonymt finns det subtila skillnader. Ett \u2018kassask\u00e5p\u2019 \u00e4r vanligtvis utformat f\u00f6r allm\u00e4n anv\u00e4ndning, medan ett \u2018kassask\u00e5p\u2019 vanligtvis anv\u00e4nds f\u00f6r specifika \u00e4ndam\u00e5l, till exempel f\u00f6r att skydda mot brand eller st\u00f6ld. P\u00e5 Keybox.co.uk har du kommit till r\u00e4tt st\u00e4lle f\u00f6r att k\u00f6pa ett kassask\u00e5p eller valv som uppfyller alla dina s\u00e4kerhetsbehov.<\/p>\n\n\n\n<div style=\"height:100px\" aria-hidden=\"true\" class=\"wp-block-spacer\"><\/div>\n\n\n\n<div class=\"wp-block-group is-content-justification-center is-layout-flex wp-container-core-group-is-layout-81a7f686 wp-block-group-is-layout-flex\">\n<div class=\"wp-block-media-text alignwide is-stacked-on-mobile is-vertically-aligned-center\" style=\"grid-template-columns:40% auto\"><figure class=\"wp-block-media-text__media\"><img decoding=\"async\" width=\"1024\" height=\"954\" src=\"http:\/\/keybox.nl\/wp-content\/uploads\/2022\/01\/IMG_5364-1024x954.jpg\" alt=\"Regenkap Keysecuritybox\" class=\"wp-image-200 size-full\" srcset=\"https:\/\/keybox.nl\/wp-content\/uploads\/2022\/01\/IMG_5364-1024x954.jpg 1024w, https:\/\/keybox.nl\/wp-content\/uploads\/2022\/01\/IMG_5364-416x388.jpg 416w, https:\/\/keybox.nl\/wp-content\/uploads\/2022\/01\/IMG_5364-300x280.jpg 300w, https:\/\/keybox.nl\/wp-content\/uploads\/2022\/01\/IMG_5364-768x716.jpg 768w, https:\/\/keybox.nl\/wp-content\/uploads\/2022\/01\/IMG_5364-1536x1432.jpg 1536w, https:\/\/keybox.nl\/wp-content\/uploads\/2022\/01\/IMG_5364-2048x1909.jpg 2048w, https:\/\/keybox.nl\/wp-content\/uploads\/2022\/01\/IMG_5364-1320x1230.jpg 1320w\" sizes=\"(max-width: 1024px) 100vw, 1024px\" \/><\/figure><div class=\"wp-block-media-text__content\">\n<h2 class=\"wp-block-heading\">Varf\u00f6r k\u00f6pa ett kassask\u00e5p eller valv?<\/h2>\n\n\n\n<p>N\u00e4r du k\u00f6per ett kassask\u00e5p finns det m\u00e5nga f\u00f6rdelar att ta h\u00e4nsyn till. Det ger dig sinnesfrid att dina v\u00e4rdefulla f\u00f6rem\u00e5l \u00e4r s\u00e4kra, samtidigt som det hj\u00e4lper dig att organisera dina \u00e4godelar. I v\u00e5rt sortiment av <a href=\"http:\/\/keybox.nl\/sv\/\">s\u00e4kra nyckelsk\u00e5p<\/a> kommer du utan tvekan att hitta n\u00e5got som intresserar dig. V\u00e5rt breda sortiment inkluderar:<\/p>\n\n\n\n<ul class=\"wp-block-list\">\n<li><a href=\"http:\/\/keybox.nl\/sv\/afstortkluis-bestellen\/\">Kassask\u00e5p f\u00f6r ins\u00e4ttningar<\/a> f\u00f6r s\u00e4ker f\u00f6rvaring av nycklar.<\/li>\n\n\n\n<li><a href=\"http:\/\/keybox.nl\/sv\/sleutelhaken-kopen\/\">Kassask\u00e5p med nyckelkrokar<\/a> f\u00f6r att tydligt hantera dina nycklar.<\/li>\n\n\n\n<li><a href=\"http:\/\/keybox.nl\/sv\/hotelkluis-kopen\/\">Kassask\u00e5p p\u00e5 hotell<\/a> f\u00f6r g\u00e4ster som vill h\u00e5lla sina tillh\u00f6righeter s\u00e4kra.<\/li>\n\n\n\n<li><a href=\"http:\/\/keybox.nl\/sv\/brandkluis-voor-thuis\/\">Brands\u00e4kerhetssk\u00e5p f\u00f6r hemmet<\/a>, perfekt f\u00f6r att skydda viktiga dokument och v\u00e4rdesaker fr\u00e5n brand.<\/li>\n<\/ul>\n\n\n\n<p>N\u00e4r du k\u00f6per ett kassask\u00e5p eller valv fr\u00e5n oss f\u00f6rs\u00e4krar vi dig om utm\u00e4rkt kundservice, kvalitetsprodukter och konkurrenskraftiga priser.<\/p>\n<\/div><\/div>\n<\/div>\n\n\n\n<div style=\"height:100px\" aria-hidden=\"true\" class=\"wp-block-spacer\"><\/div>\n\n\n\n<h2 class=\"wp-block-heading has-text-align-center\"><strong>Letar du efter ett kassask\u00e5p?<\/strong><\/h2>\n\n\n\n<div class=\"wp-block-buttons is-content-justification-center is-layout-flex wp-container-core-buttons-is-layout-a89b3969 wp-block-buttons-is-layout-flex\">\n<div class=\"wp-block-button is-style-outline is-style-outline--1\"><a class=\"wp-block-button__link wp-element-button\" href=\"http:\/\/keybox.nl\/sv\/\">Se webbshoppen<\/a><\/div>\n<\/div>\n\n\n\n<div style=\"height:100px\" aria-hidden=\"true\" class=\"wp-block-spacer\"><\/div>\n\n\n\n<div class=\"wp-block-group is-content-justification-center is-layout-flex wp-container-core-group-is-layout-81a7f686 wp-block-group-is-layout-flex\">\n<div class=\"wp-block-media-text alignwide has-media-on-the-right is-stacked-on-mobile is-vertically-aligned-center\" style=\"grid-template-columns:auto 40%\"><div class=\"wp-block-media-text__content\">\n<h3 class=\"wp-block-heading has-text-color\" style=\"color:#000000;font-size:32px\"><strong>Bes\u00f6k v\u00e5r webbshop och g\u00f6r din best\u00e4llning<\/strong><\/h3>\n\n\n\n<p class=\"has-text-color has-normal-font-size\" style=\"color:#000000\">V\u00e4nta inte l\u00e4ngre med att s\u00e4kra dina v\u00e4rdesaker. Vi inbjuder dig att bes\u00f6ka v\u00e5r webbshop och k\u00f6pa ett kassask\u00e5p eller kassask\u00e5p som passar dina behov. Skulle du vilja se v\u00e5ra produkter i verkligheten? <a href=\"http:\/\/keybox.nl\/sv\/contact\/\">Boka tid f\u00f6r bes\u00f6k<\/a> p\u00e5 v\u00e5rt f\u00f6retag i Bussum. \u00c4ven om du letar efter en <a href=\"http:\/\/keybox.nl\/sv\/goedkope-kluis-kopen\/\">billigare l\u00f6sning<\/a>, har vi det perfekta kassask\u00e5pet f\u00f6r dig. Skydda det som \u00e4r v\u00e4rdefullt f\u00f6r dig och best\u00e4ll ditt kassask\u00e5p eller valv redan idag.<\/p>\n<\/div><figure class=\"wp-block-media-text__media\"><img decoding=\"async\" width=\"600\" height=\"800\" src=\"http:\/\/keybox.nl\/wp-content\/uploads\/2021\/12\/Extra-Armor-KSB.jpg\" alt=\"Kluis los\" class=\"wp-image-103 size-full\" srcset=\"https:\/\/keybox.nl\/wp-content\/uploads\/2021\/12\/Extra-Armor-KSB.jpg 600w, https:\/\/keybox.nl\/wp-content\/uploads\/2021\/12\/Extra-Armor-KSB-416x555.jpg 416w, https:\/\/keybox.nl\/wp-content\/uploads\/2021\/12\/Extra-Armor-KSB-225x300.jpg 225w\" sizes=\"(max-width: 600px) 100vw, 600px\" \/><\/figure><\/div>\n<\/div>\n\n\n\n<div style=\"height:50px\" aria-hidden=\"true\" class=\"wp-block-spacer\"><\/div>\n\n\n\n<h2 class=\"wp-block-heading alignwide has-text-align-left form-titel\"><strong>Har du fr\u00e5gor om s\u00e4kerhet?<\/strong><\/h2>\n\n\n<div class=\"wp-block-jetpack-contact-form alignwide is-layout-flex wp-container-jetpack-contact-form-is-layout-2b4208ba wp-block-jetpack-contact-form-is-layout-flex\"><a href=\"https:\/\/keybox.nl\/sv\/safe-kluis-kopen\/\" target=\"_blank\" rel=\"noopener noreferrer\">Skicka ett formul\u00e4r.<\/a><\/div>\n\n\n<p><\/p>","protected":false},"excerpt":{"rendered":"<p>\u2713 Gebruiksvriendelijk \u2713 Bestendig en veilig \u2713 Diverse modellen Als u veiligheid en betrouwbaarheid hoog in het vaandel heeft staan, dan is een safe of kluis kopen de eerste stap. Hoewel deze termen vaak door elkaar worden gebruikt, zijn er subtiele verschillen. Een &#8216;kluis&#8217; is doorgaans ontworpen voor een algemeen gebruik, terwijl een &#8216;safe&#8217; doorgaans [&hellip;]<\/p>\n","protected":false},"author":1,"featured_media":0,"parent":0,"menu_order":0,"comment_status":"closed","ping_status":"closed","template":"template-fullwidth.php","meta":{"footnotes":""},"class_list":["post-1526","page","type-page","status-publish","hentry"],"yoast_head":"<!-- This site is optimized with the Yoast SEO plugin v27.5 - https:\/\/yoast.com\/product\/yoast-seo-wordpress\/ -->\n<title>Een hoogkwalitatieve safe of kluis kopen -<\/title>\n<meta name=\"description\" content=\"Wilt u een hoogwaardige safe of kluis kopen? Bij ons vindt u verschillende modellen waarin u uw spullen veilig opbergt. Ontdek ons volledige aanbod!\" \/>\n<meta name=\"robots\" content=\"index, follow, max-snippet:-1, max-image-preview:large, max-video-preview:-1\" \/>\n<link rel=\"canonical\" href=\"https:\/\/keybox.nl\/sv\/safe-kluis-kopen\/\" \/>\n<meta property=\"og:locale\" content=\"sv_SE\" \/>\n<meta property=\"og:type\" content=\"article\" \/>\n<meta property=\"og:title\" content=\"Een hoogkwalitatieve safe of kluis kopen -\" \/>\n<meta property=\"og:description\" content=\"Wilt u een hoogwaardige safe of kluis kopen? Bij ons vindt u verschillende modellen waarin u uw spullen veilig opbergt. Ontdek ons volledige aanbod!\" \/>\n<meta property=\"og:url\" content=\"https:\/\/keybox.nl\/sv\/safe-kluis-kopen\/\" \/>\n<meta property=\"article:modified_time\" content=\"2023-07-25T10:24:28+00:00\" \/>\n<meta property=\"og:image\" content=\"http:\/\/keybox.nl\/wp-content\/uploads\/2021\/12\/KSB103-KSB005-4-scaled.jpg\" \/>\n<meta name=\"twitter:card\" content=\"summary_large_image\" \/>\n<meta name=\"twitter:label1\" content=\"Ber\u00e4knad l\u00e4stid\" \/>\n\t<meta name=\"twitter:data1\" content=\"3 minuter\" \/>\n<script type=\"application\/ld+json\" class=\"yoast-schema-graph\">{\"@context\":\"https:\\\/\\\/schema.org\",\"@graph\":[{\"@type\":\"WebPage\",\"@id\":\"https:\\\/\\\/keybox.nl\\\/safe-kluis-kopen\\\/\",\"url\":\"https:\\\/\\\/keybox.nl\\\/safe-kluis-kopen\\\/\",\"name\":\"Een hoogkwalitatieve safe of kluis kopen -\",\"isPartOf\":{\"@id\":\"https:\\\/\\\/keybox.nl\\\/#website\"},\"primaryImageOfPage\":{\"@id\":\"https:\\\/\\\/keybox.nl\\\/safe-kluis-kopen\\\/#primaryimage\"},\"image\":{\"@id\":\"https:\\\/\\\/keybox.nl\\\/safe-kluis-kopen\\\/#primaryimage\"},\"thumbnailUrl\":\"http:\\\/\\\/keybox.nl\\\/wp-content\\\/uploads\\\/2021\\\/12\\\/KSB103-KSB005-4-scaled.jpg\",\"datePublished\":\"2023-07-20T12:26:39+00:00\",\"dateModified\":\"2023-07-25T10:24:28+00:00\",\"description\":\"Wilt u een hoogwaardige safe of kluis kopen? Bij ons vindt u verschillende modellen waarin u uw spullen veilig opbergt. Ontdek ons volledige aanbod!\",\"breadcrumb\":{\"@id\":\"https:\\\/\\\/keybox.nl\\\/safe-kluis-kopen\\\/#breadcrumb\"},\"inLanguage\":\"sv-SE\",\"potentialAction\":[{\"@type\":\"ReadAction\",\"target\":[\"https:\\\/\\\/keybox.nl\\\/safe-kluis-kopen\\\/\"]}]},{\"@type\":\"ImageObject\",\"inLanguage\":\"sv-SE\",\"@id\":\"https:\\\/\\\/keybox.nl\\\/safe-kluis-kopen\\\/#primaryimage\",\"url\":\"http:\\\/\\\/keybox.nl\\\/wp-content\\\/uploads\\\/2021\\\/12\\\/KSB103-KSB005-4-scaled.jpg\",\"contentUrl\":\"http:\\\/\\\/keybox.nl\\\/wp-content\\\/uploads\\\/2021\\\/12\\\/KSB103-KSB005-4-scaled.jpg\"},{\"@type\":\"BreadcrumbList\",\"@id\":\"https:\\\/\\\/keybox.nl\\\/safe-kluis-kopen\\\/#breadcrumb\",\"itemListElement\":[{\"@type\":\"ListItem\",\"position\":1,\"name\":\"Home\",\"item\":\"https:\\\/\\\/keybox.nl\\\/\"},{\"@type\":\"ListItem\",\"position\":2,\"name\":\"Safe kluis kopen\"}]},{\"@type\":\"WebSite\",\"@id\":\"https:\\\/\\\/keybox.nl\\\/#website\",\"url\":\"https:\\\/\\\/keybox.nl\\\/\",\"name\":\"\",\"description\":\"\",\"potentialAction\":[{\"@type\":\"SearchAction\",\"target\":{\"@type\":\"EntryPoint\",\"urlTemplate\":\"https:\\\/\\\/keybox.nl\\\/?s={search_term_string}\"},\"query-input\":{\"@type\":\"PropertyValueSpecification\",\"valueRequired\":true,\"valueName\":\"search_term_string\"}}],\"inLanguage\":\"sv-SE\"}]}<\/script>\n<!-- \/ Yoast SEO plugin. -->","yoast_head_json":{"title":"K\u00f6pa ett kassask\u00e5p eller valv av h\u00f6g kvalitet","description":"Vill du k\u00f6pa ett kassask\u00e5p eller kassask\u00e5p av h\u00f6g kvalitet? Hos oss hittar du olika modeller d\u00e4r du kan f\u00f6rvara dina tillh\u00f6righeter p\u00e5 ett s\u00e4kert s\u00e4tt. Uppt\u00e4ck hela v\u00e5rt sortiment!","robots":{"index":"index","follow":"follow","max-snippet":"max-snippet:-1","max-image-preview":"max-image-preview:large","max-video-preview":"max-video-preview:-1"},"canonical":"https:\/\/keybox.nl\/sv\/safe-kluis-kopen\/","og_locale":"sv_SE","og_type":"article","og_title":"Een hoogkwalitatieve safe of kluis kopen -","og_description":"Wilt u een hoogwaardige safe of kluis kopen? Bij ons vindt u verschillende modellen waarin u uw spullen veilig opbergt. Ontdek ons volledige aanbod!","og_url":"https:\/\/keybox.nl\/sv\/safe-kluis-kopen\/","article_modified_time":"2023-07-25T10:24:28+00:00","og_image":[{"url":"http:\/\/keybox.nl\/wp-content\/uploads\/2021\/12\/KSB103-KSB005-4-scaled.jpg","type":"","width":"","height":""}],"twitter_card":"summary_large_image","twitter_misc":{"Ber\u00e4knad l\u00e4stid":"3 minuter"},"schema":{"@context":"https:\/\/schema.org","@graph":[{"@type":"WebPage","@id":"https:\/\/keybox.nl\/safe-kluis-kopen\/","url":"https:\/\/keybox.nl\/safe-kluis-kopen\/","name":"K\u00f6pa ett kassask\u00e5p eller valv av h\u00f6g kvalitet","isPartOf":{"@id":"https:\/\/keybox.nl\/#website"},"primaryImageOfPage":{"@id":"https:\/\/keybox.nl\/safe-kluis-kopen\/#primaryimage"},"image":{"@id":"https:\/\/keybox.nl\/safe-kluis-kopen\/#primaryimage"},"thumbnailUrl":"http:\/\/keybox.nl\/wp-content\/uploads\/2021\/12\/KSB103-KSB005-4-scaled.jpg","datePublished":"2023-07-20T12:26:39+00:00","dateModified":"2023-07-25T10:24:28+00:00","description":"Vill du k\u00f6pa ett kassask\u00e5p eller kassask\u00e5p av h\u00f6g kvalitet? Hos oss hittar du olika modeller d\u00e4r du kan f\u00f6rvara dina tillh\u00f6righeter p\u00e5 ett s\u00e4kert s\u00e4tt. Uppt\u00e4ck hela v\u00e5rt sortiment!","breadcrumb":{"@id":"https:\/\/keybox.nl\/safe-kluis-kopen\/#breadcrumb"},"inLanguage":"sv-SE","potentialAction":[{"@type":"ReadAction","target":["https:\/\/keybox.nl\/safe-kluis-kopen\/"]}]},{"@type":"ImageObject","inLanguage":"sv-SE","@id":"https:\/\/keybox.nl\/safe-kluis-kopen\/#primaryimage","url":"http:\/\/keybox.nl\/wp-content\/uploads\/2021\/12\/KSB103-KSB005-4-scaled.jpg","contentUrl":"http:\/\/keybox.nl\/wp-content\/uploads\/2021\/12\/KSB103-KSB005-4-scaled.jpg"},{"@type":"BreadcrumbList","@id":"https:\/\/keybox.nl\/safe-kluis-kopen\/#breadcrumb","itemListElement":[{"@type":"ListItem","position":1,"name":"Home","item":"https:\/\/keybox.nl\/"},{"@type":"ListItem","position":2,"name":"Safe kluis kopen"}]},{"@type":"WebSite","@id":"https:\/\/keybox.nl\/#website","url":"https:\/\/keybox.nl\/","name":"","description":"","potentialAction":[{"@type":"SearchAction","target":{"@type":"EntryPoint","urlTemplate":"https:\/\/keybox.nl\/?s={search_term_string}"},"query-input":{"@type":"PropertyValueSpecification","valueRequired":true,"valueName":"search_term_string"}}],"inLanguage":"sv-SE"}]}},"jetpack-related-posts":[{"id":543,"url":"https:\/\/keybox.nl\/sv\/inbraakwerende-kluis-kopen\/","url_meta":{"origin":1526,"position":0},"title":"K\u00f6p inbrottss\u00e4kert kassask\u00e5p","author":"Keybox@beheermodule","date":"11 mars 2022","format":false,"excerpt":"K\u00f6pa ett motst\u00e5ndskraftigt, inbrottss\u00e4kert kassask\u00e5p Till webbshoppen! Anv\u00e4ndarv\u00e4nligt \u2713 Motst\u00e5ndskraftigt och s\u00e4kert \u2713 Olika modeller Att k\u00f6pa ett inbrottss\u00e4kert kassask\u00e5p f\u00f6r dina v\u00e4rdesaker \u00e4r viktigt. Det ger dem n\u00e4mligen ett utm\u00e4rkt skydd mot olika typer av st\u00f6lder. Hos Keybox.co.uk kan du k\u00f6pa ett inbrottss\u00e4kert kassask\u00e5p f\u00f6r dina nycklar som du...","rel":"","context":"Liknande inl\u00e4gg","block_context":{"text":"Liknande inl\u00e4gg","link":""},"img":{"alt_text":"Keysafe Slim line","src":"https:\/\/i0.wp.com\/keybox.nl\/wp-content\/uploads\/2022\/12\/Keysafe_Slim_line_Keybox.jpeg?resize=350%2C200&ssl=1","width":350,"height":200,"srcset":"https:\/\/i0.wp.com\/keybox.nl\/wp-content\/uploads\/2022\/12\/Keysafe_Slim_line_Keybox.jpeg?resize=350%2C200&ssl=1 1x, https:\/\/i0.wp.com\/keybox.nl\/wp-content\/uploads\/2022\/12\/Keysafe_Slim_line_Keybox.jpeg?resize=525%2C300&ssl=1 1.5x, https:\/\/i0.wp.com\/keybox.nl\/wp-content\/uploads\/2022\/12\/Keysafe_Slim_line_Keybox.jpeg?resize=700%2C400&ssl=1 2x"},"classes":[]},{"id":552,"url":"https:\/\/keybox.nl\/sv\/kluis-waardeberging-kopen\/","url_meta":{"origin":1526,"position":1},"title":"K\u00f6pa bankfack","author":"Keybox@beheermodule","date":"11 mars 2022","format":false,"excerpt":"K\u00f6pa ett kassask\u00e5p med h\u00f6g s\u00e4kerhet Till webbshoppen! \u2713 Anv\u00e4ndarv\u00e4nligt \u2713 Motst\u00e5ndskraftigt och s\u00e4kert \u2713 Olika modeller F\u00f6r mycket v\u00e4rdefulla \u00e4godelar b\u00f6r du k\u00f6pa ett kassask\u00e5p med h\u00f6g lagringskapacitet. Det maximala v\u00e4rdet f\u00f6r ett kassask\u00e5p anger upp till vilket belopp inneh\u00e5llet i ditt kassask\u00e5p \u00e4r f\u00f6rs\u00e4krat....","rel":"","context":"Liknande inl\u00e4gg","block_context":{"text":"Liknande inl\u00e4gg","link":""},"img":{"alt_text":"","src":"https:\/\/i0.wp.com\/keybox.nl\/wp-content\/uploads\/2021\/12\/KSB_102_1-e1638478691321.jpg?resize=350%2C200&ssl=1","width":350,"height":200,"srcset":"https:\/\/i0.wp.com\/keybox.nl\/wp-content\/uploads\/2021\/12\/KSB_102_1-e1638478691321.jpg?resize=350%2C200&ssl=1 1x, https:\/\/i0.wp.com\/keybox.nl\/wp-content\/uploads\/2021\/12\/KSB_102_1-e1638478691321.jpg?resize=525%2C300&ssl=1 1.5x, https:\/\/i0.wp.com\/keybox.nl\/wp-content\/uploads\/2021\/12\/KSB_102_1-e1638478691321.jpg?resize=700%2C400&ssl=1 2x"},"classes":[]},{"id":538,"url":"https:\/\/keybox.nl\/sv\/kluis-kopen-voor-thuis\/","url_meta":{"origin":1526,"position":2},"title":"K\u00f6p s\u00e4kert f\u00f6r hemmet","author":"Keybox@beheermodule","date":"11 mars 2022","format":false,"excerpt":"K\u00f6p ett t\u00e5ligt kassask\u00e5p till ditt hem Till webbshoppen! \u2713 Anv\u00e4ndarv\u00e4nligt \u2713 Motst\u00e5ndskraftigt och s\u00e4kert \u2713 Olika modeller Vill du k\u00f6pa ett praktiskt kassask\u00e5p till ditt hem? D\u00e5 har Keybox.co.uk det du letar efter. Kassask\u00e5p f\u00f6r hemmet \u00e4r n\u00e5got mindre och kr\u00e4ver ingen omfattande installation, vilket g\u00f6r dem idealiska f\u00f6r...","rel":"","context":"Liknande inl\u00e4gg","block_context":{"text":"Liknande inl\u00e4gg","link":""},"img":{"alt_text":"","src":"https:\/\/i0.wp.com\/keybox.nl\/wp-content\/uploads\/2022\/01\/KSB007-inner-safe-2-e1643896091542.jpg?resize=350%2C200&ssl=1","width":350,"height":200,"srcset":"https:\/\/i0.wp.com\/keybox.nl\/wp-content\/uploads\/2022\/01\/KSB007-inner-safe-2-e1643896091542.jpg?resize=350%2C200&ssl=1 1x, https:\/\/i0.wp.com\/keybox.nl\/wp-content\/uploads\/2022\/01\/KSB007-inner-safe-2-e1643896091542.jpg?resize=525%2C300&ssl=1 1.5x, https:\/\/i0.wp.com\/keybox.nl\/wp-content\/uploads\/2022\/01\/KSB007-inner-safe-2-e1643896091542.jpg?resize=700%2C400&ssl=1 2x"},"classes":[]},{"id":554,"url":"https:\/\/keybox.nl\/sv\/kluis-waardeberging-kopen-2\/","url_meta":{"origin":1526,"position":3},"title":"K\u00f6pa bankfack","author":"Keybox@beheermodule","date":"11 mars 2022","format":false,"excerpt":"K\u00f6pa ett kassask\u00e5p med h\u00f6g s\u00e4kerhet Till webbshoppen! \u2713 Anv\u00e4ndarv\u00e4nligt \u2713 Motst\u00e5ndskraftigt och s\u00e4kert \u2713 Olika modeller F\u00f6r otroligt v\u00e4rdefulla \u00e4godelar b\u00f6r du k\u00f6pa ett kassask\u00e5p med h\u00f6g v\u00e4rdef\u00f6rvaring. Ju h\u00f6gre v\u00e4rdef\u00f6rvaring, desto mer motst\u00e5ndskraftigt \u00e4r kassask\u00e5pet mot inbrott. Vi p\u00e5 Keybox.nl i Bussum...","rel":"","context":"Liknande inl\u00e4gg","block_context":{"text":"Liknande inl\u00e4gg","link":""},"img":{"alt_text":"kluis peugeot","src":"https:\/\/i0.wp.com\/keybox.nl\/wp-content\/uploads\/2022\/02\/KSB007-Peugeot-scaled-e1643751089776.jpg?resize=350%2C200&ssl=1","width":350,"height":200,"srcset":"https:\/\/i0.wp.com\/keybox.nl\/wp-content\/uploads\/2022\/02\/KSB007-Peugeot-scaled-e1643751089776.jpg?resize=350%2C200&ssl=1 1x, https:\/\/i0.wp.com\/keybox.nl\/wp-content\/uploads\/2022\/02\/KSB007-Peugeot-scaled-e1643751089776.jpg?resize=525%2C300&ssl=1 1.5x"},"classes":[]},{"id":326,"url":"https:\/\/keybox.nl\/sv\/goedkope-kluis-kopen\/","url_meta":{"origin":1526,"position":4},"title":"K\u00f6p billigt s\u00e4kert","author":"Keybox@beheermodule","date":"3 mars 2022","format":false,"excerpt":"K\u00f6p ett billigt kassask\u00e5p av h\u00f6g kvalitet Till webbshoppen! \u2713 Anv\u00e4ndarv\u00e4nligt \u2713 Motst\u00e5ndskraftigt och s\u00e4kert \u2713 Olika modeller P\u00e5 Keybox.se kan du k\u00f6pa ett billigt och motst\u00e5ndskraftigt kassask\u00e5p till ditt f\u00f6retag. Tack vare v\u00e5ra kassask\u00e5p kan du h\u00e5lla nyckelutl\u00e4mningen s\u00e4ker hela tiden. Dessutom beh\u00f6ver ingen vara n\u00e4rvarande f\u00f6r att...","rel":"","context":"Liknande inl\u00e4gg","block_context":{"text":"Liknande inl\u00e4gg","link":""},"img":{"alt_text":"","src":"https:\/\/i0.wp.com\/keybox.nl\/wp-content\/uploads\/2021\/12\/KSB_102_1-e1638478691321.jpg?resize=350%2C200&ssl=1","width":350,"height":200,"srcset":"https:\/\/i0.wp.com\/keybox.nl\/wp-content\/uploads\/2021\/12\/KSB_102_1-e1638478691321.jpg?resize=350%2C200&ssl=1 1x, https:\/\/i0.wp.com\/keybox.nl\/wp-content\/uploads\/2021\/12\/KSB_102_1-e1638478691321.jpg?resize=525%2C300&ssl=1 1.5x, https:\/\/i0.wp.com\/keybox.nl\/wp-content\/uploads\/2021\/12\/KSB_102_1-e1638478691321.jpg?resize=700%2C400&ssl=1 2x"},"classes":[]},{"id":556,"url":"https:\/\/keybox.nl\/sv\/kleine-sleutelkluisjes-kopen\/","url_meta":{"origin":1526,"position":5},"title":"K\u00f6p kassask\u00e5p med sm\u00e5 nycklar","author":"Keybox@beheermodule","date":"11 mars 2022","format":false,"excerpt":"K\u00f6p p\u00e5litliga kassask\u00e5p f\u00f6r sm\u00e5 nycklar Till webbshoppen! \u2713 Anv\u00e4ndarv\u00e4nligt \u2713 T\u00e5ligt och s\u00e4kert \u2713 Olika modeller Hos oss kan du k\u00f6pa sm\u00e5 nyckelsk\u00e5p f\u00f6r att f\u00f6rvara dina nycklar p\u00e5 ett s\u00e4kert s\u00e4tt. Keybox.co.uk erbjuder alla typer av kassask\u00e5p, till exempel ett litet nyckelsk\u00e5p, som du enkelt kan k\u00f6pa online. Tack vare v\u00e5r...","rel":"","context":"Liknande inl\u00e4gg","block_context":{"text":"Liknande inl\u00e4gg","link":""},"img":{"alt_text":"","src":"https:\/\/i0.wp.com\/keybox.nl\/wp-content\/uploads\/2022\/12\/Keysafe_Original_keybox_sleutelkluis.jpg?resize=350%2C200&ssl=1","width":350,"height":200,"srcset":"https:\/\/i0.wp.com\/keybox.nl\/wp-content\/uploads\/2022\/12\/Keysafe_Original_keybox_sleutelkluis.jpg?resize=350%2C200&ssl=1 1x, https:\/\/i0.wp.com\/keybox.nl\/wp-content\/uploads\/2022\/12\/Keysafe_Original_keybox_sleutelkluis.jpg?resize=525%2C300&ssl=1 1.5x, https:\/\/i0.wp.com\/keybox.nl\/wp-content\/uploads\/2022\/12\/Keysafe_Original_keybox_sleutelkluis.jpg?resize=700%2C400&ssl=1 2x"},"classes":[]}],"jetpack_sharing_enabled":true,"_links":{"self":[{"href":"https:\/\/keybox.nl\/sv\/wp-json\/wp\/v2\/pages\/1526","targetHints":{"allow":["GET"]}}],"collection":[{"href":"https:\/\/keybox.nl\/sv\/wp-json\/wp\/v2\/pages"}],"about":[{"href":"https:\/\/keybox.nl\/sv\/wp-json\/wp\/v2\/types\/page"}],"author":[{"embeddable":true,"href":"https:\/\/keybox.nl\/sv\/wp-json\/wp\/v2\/users\/1"}],"replies":[{"embeddable":true,"href":"https:\/\/keybox.nl\/sv\/wp-json\/wp\/v2\/comments?post=1526"}],"version-history":[{"count":6,"href":"https:\/\/keybox.nl\/sv\/wp-json\/wp\/v2\/pages\/1526\/revisions"}],"predecessor-version":[{"id":1668,"href":"https:\/\/keybox.nl\/sv\/wp-json\/wp\/v2\/pages\/1526\/revisions\/1668"}],"wp:attachment":[{"href":"https:\/\/keybox.nl\/sv\/wp-json\/wp\/v2\/media?parent=1526"}],"curies":[{"name":"wp","href":"https:\/\/api.w.org\/{rel}","templated":true}]}}