{"id":1510,"date":"2023-07-20T12:13:59","date_gmt":"2023-07-20T12:13:59","guid":{"rendered":"http:\/\/keybox.nl\/?page_id=1510"},"modified":"2023-07-25T09:42:43","modified_gmt":"2023-07-25T09:42:43","slug":"geldkluis-bestellen","status":"publish","type":"page","link":"https:\/\/keybox.nl\/sv\/geldkluis-bestellen\/","title":{"rendered":"Best\u00e4ll ett penningsk\u00e5p"},"content":{"rendered":"<div class=\"wp-block-cover alignfull\" style=\"min-height:200px;aspect-ratio:unset;\"><span aria-hidden=\"true\" class=\"wp-block-cover__background has-background-dim-60 has-background-dim\"><\/span><img decoding=\"async\" width=\"1920\" height=\"2560\" class=\"wp-block-cover__image-background wp-image-126\" alt=\"Kluis\" src=\"http:\/\/keybox.nl\/wp-content\/uploads\/2021\/12\/KSB103-KSB005-4-scaled.jpg\" style=\"object-position:50% 50%\" data-object-fit=\"cover\" data-object-position=\"50% 50%\" srcset=\"https:\/\/keybox.nl\/wp-content\/uploads\/2021\/12\/KSB103-KSB005-4-scaled.jpg 1920w, https:\/\/keybox.nl\/wp-content\/uploads\/2021\/12\/KSB103-KSB005-4-416x555.jpg 416w, https:\/\/keybox.nl\/wp-content\/uploads\/2021\/12\/KSB103-KSB005-4-225x300.jpg 225w, https:\/\/keybox.nl\/wp-content\/uploads\/2021\/12\/KSB103-KSB005-4-768x1024.jpg 768w, https:\/\/keybox.nl\/wp-content\/uploads\/2021\/12\/KSB103-KSB005-4-1152x1536.jpg 1152w, https:\/\/keybox.nl\/wp-content\/uploads\/2021\/12\/KSB103-KSB005-4-1536x2048.jpg 1536w, https:\/\/keybox.nl\/wp-content\/uploads\/2021\/12\/KSB103-KSB005-4-1320x1760.jpg 1320w\" sizes=\"(max-width: 1920px) 100vw, 1920px\" \/><div class=\"wp-block-cover__inner-container is-layout-flow wp-block-cover-is-layout-flow\">\n<h1 class=\"wp-block-heading alignwide has-text-align-left has-white-color has-text-color\" style=\"font-size:40px\">Best\u00e4ll ett penningsk\u00e5p<\/h1>\n\n\n\n<div class=\"wp-block-columns alignwide is-layout-flex wp-container-core-columns-is-layout-28f84493 wp-block-columns-is-layout-flex\">\n<div class=\"wp-block-column is-layout-flow wp-block-column-is-layout-flow\" style=\"flex-basis:55%\">\n<div class=\"wp-block-buttons is-layout-flex wp-block-buttons-is-layout-flex\">\n<div class=\"wp-block-button cta-knop alignleft\"><a class=\"wp-block-button__link has-black-color has-white-background-color has-text-color has-background wp-element-button\" href=\"http:\/\/keybox.nl\/sv\/\">Till webbshoppen!<\/a><\/div>\n<\/div>\n<\/div>\n<\/div>\n<\/div><\/div>\n\n\n\n<div style=\"height:50px\" aria-hidden=\"true\" class=\"wp-block-spacer\"><\/div>\n\n\n\n<div class=\"wp-block-group alignfull is-content-justification-center is-layout-flex wp-container-core-group-is-layout-81a7f686 wp-block-group-is-layout-flex\">\n<p class=\"usps has-normal-font-size\">\u2713 Anv\u00e4ndarv\u00e4nlig<\/p>\n\n\n\n<p>\u2713 Motst\u00e5ndskraftig och s\u00e4ker<\/p>\n\n\n\n<p>\u2713 Olika modeller<\/p>\n<\/div>\n\n\n\n<style>\nh1.entry-title {\ndisplay:none;\n}\n\n.cta-knop {\nmargin-left: 35px !important;\n}\n\n.cta-knop:hover {\nopacity: 0.75;\n}\n\n@media only screen and (max-width: 1064px) {\n.cta-knop {\nmargin-left: 0px !important;\n}\n\n.wp-block-group.alignfull {\n    display: flex;\n    flex-direction: column;\n}\n}\n<\/style>\n\n\n\n<div style=\"height:100px\" aria-hidden=\"true\" class=\"wp-block-spacer\"><\/div>\n\n\n\n<p class=\"has-text-align-left align-left has-black-color has-text-color has-normal-font-size\">Skulle du vilja best\u00e4lla ett pengask\u00e5p? D\u00e5 \u00e4r Keybox.co.uk den webbplats du letar efter. Vi erbjuder kassask\u00e5p av s\u00e4rskilt h\u00f6g kvalitet. V\u00e5ra kassask\u00e5p \u00e4r kompakta, s\u00e5 de sticker inte ut. Dessutom \u00e4r de helt inbrottss\u00e4kra och brands\u00e4kra. Uppt\u00e4ck allt om v\u00e5ra olika modeller h\u00e4r!<\/p>\n\n\n\n<div style=\"height:100px\" aria-hidden=\"true\" class=\"wp-block-spacer\"><\/div>\n\n\n\n<div class=\"wp-block-group is-content-justification-center is-layout-flex wp-container-core-group-is-layout-81a7f686 wp-block-group-is-layout-flex\">\n<div class=\"wp-block-media-text alignwide is-stacked-on-mobile is-vertically-aligned-center\" style=\"grid-template-columns:40% auto\"><figure class=\"wp-block-media-text__media\"><img decoding=\"async\" width=\"1024\" height=\"1024\" src=\"http:\/\/keybox.nl\/wp-content\/uploads\/2021\/12\/KSB_102_1-1024x1024.jpg\" alt=\"\" class=\"wp-image-104 size-full\"\/><\/figure><div class=\"wp-block-media-text__content\">\n<h2 class=\"wp-block-heading\">Ge dig sj\u00e4lv sinnesfrid genom att best\u00e4lla ett kassask\u00e5p<\/h2>\n\n\n\n<p>N\u00e4r du har en stor m\u00e4ngd kontanter i ditt f\u00f6retag vill du sj\u00e4lvklart f\u00f6rhindra att de blir stulna. Det \u00e4r d\u00e4rf\u00f6r det \u00e4r viktigt att best\u00e4lla ett kassask\u00e5p av h\u00f6g kvalitet. I v\u00e5r webbshop kan du best\u00e4lla kvalitets <a href=\"http:\/\/keybox.nl\/sv\/\">k\u00f6pa kassask\u00e5p<\/a> f\u00f6r sm\u00e5 f\u00f6rem\u00e5l som kontanter. V\u00e5ra kassask\u00e5p \u00e4r noggrant testade och utrustade med den senaste tekniken, s\u00e5 att du kan r\u00e4kna med optimalt skydd. Naturligtvis \u00e4r det ocks\u00e5 m\u00f6jligt att ha dessa <a href=\"http:\/\/keybox.nl\/sv\/kluis-kopen-voor-thuis\/\">s\u00e4kert hem<\/a> k\u00f6pa. N\u00e4r allt kommer omkring vill du ocks\u00e5 skydda dina \u00e4godelar hemma fr\u00e5n inbrott eller brand.<\/p>\n<\/div><\/div>\n<\/div>\n\n\n\n<div style=\"height:100px\" aria-hidden=\"true\" class=\"wp-block-spacer\"><\/div>\n\n\n\n<h2 class=\"wp-block-heading has-text-align-center\"><strong>Vill du best\u00e4lla ett pengask\u00e5p fr\u00e5n oss?<\/strong><\/h2>\n\n\n\n<div class=\"wp-block-buttons is-content-justification-center is-layout-flex wp-container-core-buttons-is-layout-a89b3969 wp-block-buttons-is-layout-flex\">\n<div class=\"wp-block-button is-style-outline is-style-outline--1\"><a class=\"wp-block-button__link wp-element-button\" href=\"http:\/\/keybox.nl\/sv\/\">Se webbshoppen<\/a><\/div>\n<\/div>\n\n\n\n<div style=\"height:100px\" aria-hidden=\"true\" class=\"wp-block-spacer\"><\/div>\n\n\n\n<div class=\"wp-block-group is-content-justification-center is-layout-flex wp-container-core-group-is-layout-81a7f686 wp-block-group-is-layout-flex\">\n<div class=\"wp-block-media-text alignwide has-media-on-the-right is-stacked-on-mobile is-vertically-aligned-center\" style=\"grid-template-columns:auto 40%\"><div class=\"wp-block-media-text__content\">\n<h3 class=\"wp-block-heading has-text-color\" style=\"color:#000000;font-size:32px\"><strong>G\u00f6r din best\u00e4llning snabbt<\/strong><\/h3>\n\n\n\n<p>Vill du best\u00e4lla ett kvalitetss\u00e4kerhetssk\u00e5p? Tveka d\u00e5 inte l\u00e4ngre och ta en titt p\u00e5 alla kassask\u00e5p p\u00e5 v\u00e5r webbplats. Det kommer s\u00e4kert att finnas ett l\u00e4mpligt f\u00f6r dig. V\u00e5ra experter hj\u00e4lper dig ocks\u00e5 g\u00e4rna med <a href=\"http:\/\/keybox.nl\/sv\/montage-installatie\/\">montering av ditt kassask\u00e5p<\/a>. Skulle du vilja se v\u00e5ra kassask\u00e5p med egna \u00f6gon f\u00f6rst? Ta sedan <a href=\"http:\/\/keybox.nl\/sv\/contact\/\">Kontakta oss<\/a> p\u00e5 f\u00f6r att boka tid p\u00e5 v\u00e5r filial i Bussum.<\/p>\n<\/div><figure class=\"wp-block-media-text__media\"><img decoding=\"async\" width=\"600\" height=\"800\" src=\"http:\/\/keybox.nl\/wp-content\/uploads\/2021\/12\/Extra-Armor-KSB.jpg\" alt=\"Kluis los\" class=\"wp-image-103 size-full\" srcset=\"https:\/\/keybox.nl\/wp-content\/uploads\/2021\/12\/Extra-Armor-KSB.jpg 600w, https:\/\/keybox.nl\/wp-content\/uploads\/2021\/12\/Extra-Armor-KSB-416x555.jpg 416w, https:\/\/keybox.nl\/wp-content\/uploads\/2021\/12\/Extra-Armor-KSB-225x300.jpg 225w\" sizes=\"(max-width: 600px) 100vw, 600px\" \/><\/figure><\/div>\n<\/div>\n\n\n\n<div style=\"height:50px\" aria-hidden=\"true\" class=\"wp-block-spacer\"><\/div>\n\n\n\n<h2 class=\"wp-block-heading alignwide has-text-align-left form-titel\"><strong>Har du fr\u00e5gor om s\u00e4kerhet?<\/strong><\/h2>\n\n\n<div class=\"wp-block-jetpack-contact-form alignwide is-layout-flex wp-container-jetpack-contact-form-is-layout-2b4208ba wp-block-jetpack-contact-form-is-layout-flex\"><a href=\"https:\/\/keybox.nl\/sv\/geldkluis-bestellen\/\" target=\"_blank\" rel=\"noopener noreferrer\">Skicka ett formul\u00e4r.<\/a><\/div>\n\n\n<p><\/p>","protected":false},"excerpt":{"rendered":"<p>\u2713 Gebruiksvriendelijk \u2713 Bestendig en veilig \u2713 Diverse modellen Wilt u graag een geldkluis bestellen? Dan is Keybox.nl de website die u zoekt. Wij bieden kluizen aan van bijzonder hoge kwaliteit. Onze kluizen zijn compact, waardoor ze niet opvallen. Bovendien zijn ze volledig inbraakwerend en brandbeschermend. Ontdek hier alles over onze verschillende modellen! Geef uzelf [&hellip;]<\/p>\n","protected":false},"author":1,"featured_media":0,"parent":0,"menu_order":0,"comment_status":"closed","ping_status":"closed","template":"template-fullwidth.php","meta":{"footnotes":""},"class_list":["post-1510","page","type-page","status-publish","hentry"],"yoast_head":"<!-- This site is optimized with the Yoast SEO plugin v27.4 - https:\/\/yoast.com\/product\/yoast-seo-wordpress\/ -->\n<title>Een hoogwaardige geldkluis bestellen -<\/title>\n<meta name=\"description\" content=\"Wilt u graag een geldkluis bestellen om uw contant geld veilig te houden? Neem dan een kijkje in ons aanbod en ontdek onze kwalitatieve kluizen.\" \/>\n<meta name=\"robots\" content=\"index, follow, max-snippet:-1, max-image-preview:large, max-video-preview:-1\" \/>\n<link rel=\"canonical\" href=\"https:\/\/keybox.nl\/sv\/geldkluis-bestellen\/\" \/>\n<meta property=\"og:locale\" content=\"sv_SE\" \/>\n<meta property=\"og:type\" content=\"article\" \/>\n<meta property=\"og:title\" content=\"Een hoogwaardige geldkluis bestellen -\" \/>\n<meta property=\"og:description\" content=\"Wilt u graag een geldkluis bestellen om uw contant geld veilig te houden? Neem dan een kijkje in ons aanbod en ontdek onze kwalitatieve kluizen.\" \/>\n<meta property=\"og:url\" content=\"https:\/\/keybox.nl\/sv\/geldkluis-bestellen\/\" \/>\n<meta property=\"article:modified_time\" content=\"2023-07-25T09:42:43+00:00\" \/>\n<meta property=\"og:image\" content=\"http:\/\/keybox.nl\/wp-content\/uploads\/2021\/12\/KSB103-KSB005-4-scaled.jpg\" \/>\n<meta name=\"twitter:card\" content=\"summary_large_image\" \/>\n<meta name=\"twitter:label1\" content=\"Ber\u00e4knad l\u00e4stid\" \/>\n\t<meta name=\"twitter:data1\" content=\"2 minuter\" \/>\n<script type=\"application\/ld+json\" class=\"yoast-schema-graph\">{\"@context\":\"https:\\\/\\\/schema.org\",\"@graph\":[{\"@type\":\"WebPage\",\"@id\":\"https:\\\/\\\/keybox.nl\\\/geldkluis-bestellen\\\/\",\"url\":\"https:\\\/\\\/keybox.nl\\\/geldkluis-bestellen\\\/\",\"name\":\"Een hoogwaardige geldkluis bestellen -\",\"isPartOf\":{\"@id\":\"https:\\\/\\\/keybox.nl\\\/#website\"},\"primaryImageOfPage\":{\"@id\":\"https:\\\/\\\/keybox.nl\\\/geldkluis-bestellen\\\/#primaryimage\"},\"image\":{\"@id\":\"https:\\\/\\\/keybox.nl\\\/geldkluis-bestellen\\\/#primaryimage\"},\"thumbnailUrl\":\"http:\\\/\\\/keybox.nl\\\/wp-content\\\/uploads\\\/2021\\\/12\\\/KSB103-KSB005-4-scaled.jpg\",\"datePublished\":\"2023-07-20T12:13:59+00:00\",\"dateModified\":\"2023-07-25T09:42:43+00:00\",\"description\":\"Wilt u graag een geldkluis bestellen om uw contant geld veilig te houden? Neem dan een kijkje in ons aanbod en ontdek onze kwalitatieve kluizen.\",\"breadcrumb\":{\"@id\":\"https:\\\/\\\/keybox.nl\\\/geldkluis-bestellen\\\/#breadcrumb\"},\"inLanguage\":\"sv-SE\",\"potentialAction\":[{\"@type\":\"ReadAction\",\"target\":[\"https:\\\/\\\/keybox.nl\\\/geldkluis-bestellen\\\/\"]}]},{\"@type\":\"ImageObject\",\"inLanguage\":\"sv-SE\",\"@id\":\"https:\\\/\\\/keybox.nl\\\/geldkluis-bestellen\\\/#primaryimage\",\"url\":\"http:\\\/\\\/keybox.nl\\\/wp-content\\\/uploads\\\/2021\\\/12\\\/KSB103-KSB005-4-scaled.jpg\",\"contentUrl\":\"http:\\\/\\\/keybox.nl\\\/wp-content\\\/uploads\\\/2021\\\/12\\\/KSB103-KSB005-4-scaled.jpg\"},{\"@type\":\"BreadcrumbList\",\"@id\":\"https:\\\/\\\/keybox.nl\\\/geldkluis-bestellen\\\/#breadcrumb\",\"itemListElement\":[{\"@type\":\"ListItem\",\"position\":1,\"name\":\"Home\",\"item\":\"https:\\\/\\\/keybox.nl\\\/\"},{\"@type\":\"ListItem\",\"position\":2,\"name\":\"Geldkluis bestellen\"}]},{\"@type\":\"WebSite\",\"@id\":\"https:\\\/\\\/keybox.nl\\\/#website\",\"url\":\"https:\\\/\\\/keybox.nl\\\/\",\"name\":\"\",\"description\":\"\",\"potentialAction\":[{\"@type\":\"SearchAction\",\"target\":{\"@type\":\"EntryPoint\",\"urlTemplate\":\"https:\\\/\\\/keybox.nl\\\/?s={search_term_string}\"},\"query-input\":{\"@type\":\"PropertyValueSpecification\",\"valueRequired\":true,\"valueName\":\"search_term_string\"}}],\"inLanguage\":\"sv-SE\"}]}<\/script>\n<!-- \/ Yoast SEO plugin. -->","yoast_head_json":{"title":"Best\u00e4llning av ett penningsk\u00e5p av h\u00f6g kvalitet -","description":"Vill du best\u00e4lla ett kassask\u00e5p f\u00f6r att f\u00f6rvara dina kontanter p\u00e5 ett s\u00e4kert s\u00e4tt? Ta d\u00e5 en titt p\u00e5 v\u00e5rt sortiment och uppt\u00e4ck v\u00e5ra h\u00f6gkvalitativa kassask\u00e5p.","robots":{"index":"index","follow":"follow","max-snippet":"max-snippet:-1","max-image-preview":"max-image-preview:large","max-video-preview":"max-video-preview:-1"},"canonical":"https:\/\/keybox.nl\/sv\/geldkluis-bestellen\/","og_locale":"sv_SE","og_type":"article","og_title":"Een hoogwaardige geldkluis bestellen -","og_description":"Wilt u graag een geldkluis bestellen om uw contant geld veilig te houden? Neem dan een kijkje in ons aanbod en ontdek onze kwalitatieve kluizen.","og_url":"https:\/\/keybox.nl\/sv\/geldkluis-bestellen\/","article_modified_time":"2023-07-25T09:42:43+00:00","og_image":[{"url":"http:\/\/keybox.nl\/wp-content\/uploads\/2021\/12\/KSB103-KSB005-4-scaled.jpg","type":"","width":"","height":""}],"twitter_card":"summary_large_image","twitter_misc":{"Ber\u00e4knad l\u00e4stid":"2 minuter"},"schema":{"@context":"https:\/\/schema.org","@graph":[{"@type":"WebPage","@id":"https:\/\/keybox.nl\/geldkluis-bestellen\/","url":"https:\/\/keybox.nl\/geldkluis-bestellen\/","name":"Best\u00e4llning av ett penningsk\u00e5p av h\u00f6g kvalitet -","isPartOf":{"@id":"https:\/\/keybox.nl\/#website"},"primaryImageOfPage":{"@id":"https:\/\/keybox.nl\/geldkluis-bestellen\/#primaryimage"},"image":{"@id":"https:\/\/keybox.nl\/geldkluis-bestellen\/#primaryimage"},"thumbnailUrl":"http:\/\/keybox.nl\/wp-content\/uploads\/2021\/12\/KSB103-KSB005-4-scaled.jpg","datePublished":"2023-07-20T12:13:59+00:00","dateModified":"2023-07-25T09:42:43+00:00","description":"Vill du best\u00e4lla ett kassask\u00e5p f\u00f6r att f\u00f6rvara dina kontanter p\u00e5 ett s\u00e4kert s\u00e4tt? Ta d\u00e5 en titt p\u00e5 v\u00e5rt sortiment och uppt\u00e4ck v\u00e5ra h\u00f6gkvalitativa kassask\u00e5p.","breadcrumb":{"@id":"https:\/\/keybox.nl\/geldkluis-bestellen\/#breadcrumb"},"inLanguage":"sv-SE","potentialAction":[{"@type":"ReadAction","target":["https:\/\/keybox.nl\/geldkluis-bestellen\/"]}]},{"@type":"ImageObject","inLanguage":"sv-SE","@id":"https:\/\/keybox.nl\/geldkluis-bestellen\/#primaryimage","url":"http:\/\/keybox.nl\/wp-content\/uploads\/2021\/12\/KSB103-KSB005-4-scaled.jpg","contentUrl":"http:\/\/keybox.nl\/wp-content\/uploads\/2021\/12\/KSB103-KSB005-4-scaled.jpg"},{"@type":"BreadcrumbList","@id":"https:\/\/keybox.nl\/geldkluis-bestellen\/#breadcrumb","itemListElement":[{"@type":"ListItem","position":1,"name":"Home","item":"https:\/\/keybox.nl\/"},{"@type":"ListItem","position":2,"name":"Geldkluis bestellen"}]},{"@type":"WebSite","@id":"https:\/\/keybox.nl\/#website","url":"https:\/\/keybox.nl\/","name":"","description":"","potentialAction":[{"@type":"SearchAction","target":{"@type":"EntryPoint","urlTemplate":"https:\/\/keybox.nl\/?s={search_term_string}"},"query-input":{"@type":"PropertyValueSpecification","valueRequired":true,"valueName":"search_term_string"}}],"inLanguage":"sv-SE"}]}},"jetpack-related-posts":[{"id":540,"url":"https:\/\/keybox.nl\/sv\/afstortkluis-bestellen\/","url_meta":{"origin":1510,"position":0},"title":"Best\u00e4llning av deponeringssk\u00e5p","author":"Keybox@beheermodule","date":"11 mars 2022","format":false,"excerpt":"Best\u00e4ll ett s\u00e4kert kassask\u00e5p Till webbshoppen! \u2713 Anv\u00e4ndarv\u00e4nligt \u2713 T\u00e5ligt och s\u00e4kert \u2713 Olika modeller Ett kassask\u00e5p \u00e4r ett perfekt val att best\u00e4lla n\u00e4r du vill f\u00f6rvara nycklar eller andra sm\u00e5 f\u00f6rem\u00e5l p\u00e5 ett s\u00e4kert s\u00e4tt i ditt f\u00f6retag. Tack vare det smarta deponeringssystemet och v\u00e4ggar av massivt tr\u00e4 \u00e4r v\u00e5ra kassask\u00e5p...","rel":"","context":"Liknande inl\u00e4gg","block_context":{"text":"Liknande inl\u00e4gg","link":""},"img":{"alt_text":"","src":"https:\/\/i0.wp.com\/keybox.nl\/wp-content\/uploads\/2022\/01\/IMG_5363-scaled-e1643386544179.jpg?resize=350%2C200&ssl=1","width":350,"height":200},"classes":[]},{"id":558,"url":"https:\/\/keybox.nl\/sv\/cijferslot-kluis-bestellen\/","url_meta":{"origin":1510,"position":1},"title":"Best\u00e4llning av kassask\u00e5p med kombinationsl\u00e5s","author":"Keybox@beheermodule","date":"11 mars 2022","format":false,"excerpt":"Best\u00e4ll kassask\u00e5p med kombinationsl\u00e5s Till webbshoppen! L\u00e4tt att anv\u00e4nda \u2713 Motst\u00e5ndskraftigt och s\u00e4kert \u2713 Olika modeller Ett kombinationsl\u00e5s p\u00e5 ditt kassask\u00e5p \u00e4r ett bra val n\u00e4r du vill best\u00e4lla ett kassask\u00e5p. Ett kombinationsl\u00e5s ger utm\u00e4rkt s\u00e4kerhet f\u00f6r dina v\u00e4rdesaker, eftersom en sifferkod \u00e4r sv\u00e5r att kn\u00e4cka. Det g\u00f6r att...","rel":"","context":"Liknande inl\u00e4gg","block_context":{"text":"Liknande inl\u00e4gg","link":""},"img":{"alt_text":"Digibox Ral 5010 Keybox","src":"https:\/\/i0.wp.com\/keybox.nl\/wp-content\/uploads\/2022\/02\/digibox-keybox-RAL-5010.jpg?resize=350%2C200&ssl=1","width":350,"height":200,"srcset":"https:\/\/i0.wp.com\/keybox.nl\/wp-content\/uploads\/2022\/02\/digibox-keybox-RAL-5010.jpg?resize=350%2C200&ssl=1 1x, https:\/\/i0.wp.com\/keybox.nl\/wp-content\/uploads\/2022\/02\/digibox-keybox-RAL-5010.jpg?resize=525%2C300&ssl=1 1.5x, https:\/\/i0.wp.com\/keybox.nl\/wp-content\/uploads\/2022\/02\/digibox-keybox-RAL-5010.jpg?resize=700%2C400&ssl=1 2x, https:\/\/i0.wp.com\/keybox.nl\/wp-content\/uploads\/2022\/02\/digibox-keybox-RAL-5010.jpg?resize=1050%2C600&ssl=1 3x, https:\/\/i0.wp.com\/keybox.nl\/wp-content\/uploads\/2022\/02\/digibox-keybox-RAL-5010.jpg?resize=1400%2C800&ssl=1 4x"},"classes":[]},{"id":30,"url":"https:\/\/keybox.nl\/sv\/","url_meta":{"origin":1510,"position":2},"title":"K\u00f6pa s\u00e4kra nyckelsk\u00e5p","author":"Keybox@beheermodule","date":"30 november 2021","format":false,"excerpt":"P\u00e5 Keybox.se kan du bland annat k\u00f6pa ett robust kassask\u00e5p eller s\u00e4kra nyckelsk\u00e5p. Vi erbjuder olika typer av kassask\u00e5p; fr\u00e5n diskreta nyckelsk\u00e5p till v\u00e4ggsk\u00e5p med ins\u00e4ttningshjul. Hos oss kan du best\u00e4lla ett kassask\u00e5p till ditt f\u00f6retag, men ocks\u00e5 till ditt hem. Tack vare v\u00e5rt breda utbud av nyckelsk\u00e5p,...","rel":"","context":"Med 1 kommentar","block_context":{"text":"Med 1 kommentar","link":"https:\/\/keybox.nl\/sv\/#comments"},"img":{"alt_text":"","src":"","width":0,"height":0},"classes":[]},{"id":1528,"url":"https:\/\/keybox.nl\/sv\/elektronische-sleutelkluis-kopen\/","url_meta":{"origin":1510,"position":3},"title":"elektronisk nyckel s\u00e4kert k\u00f6p","author":"Keybox@beheermodule","date":"20 juli 2023","format":false,"excerpt":"K\u00f6p elektroniskt nyckelsk\u00e5p Till webbshoppen! \u2713 Anv\u00e4ndarv\u00e4nligt \u2713 Motst\u00e5ndskraftigt och s\u00e4kert \u2713 Olika modeller Att k\u00f6pa ett elektroniskt nyckelsk\u00e5p \u00e4r det f\u00f6rsta steget n\u00e4r det g\u00e4ller att garantera s\u00e4kerheten p\u00e5 ditt f\u00f6retag eller i ditt hem. Keybox.co.uk erbjuder dig den l\u00f6sning som passar dina behov s\u00f6ml\u00f6st. Dessa kassask\u00e5p...","rel":"","context":"Liknande inl\u00e4gg","block_context":{"text":"Liknande inl\u00e4gg","link":""},"img":{"alt_text":"","src":"https:\/\/i0.wp.com\/keybox.nl\/wp-content\/uploads\/2023\/02\/Keysafe-Big-Pro-sleutelkastje_keybox.jpeg?resize=350%2C200&ssl=1","width":350,"height":200,"srcset":"https:\/\/i0.wp.com\/keybox.nl\/wp-content\/uploads\/2023\/02\/Keysafe-Big-Pro-sleutelkastje_keybox.jpeg?resize=350%2C200&ssl=1 1x, https:\/\/i0.wp.com\/keybox.nl\/wp-content\/uploads\/2023\/02\/Keysafe-Big-Pro-sleutelkastje_keybox.jpeg?resize=525%2C300&ssl=1 1.5x, https:\/\/i0.wp.com\/keybox.nl\/wp-content\/uploads\/2023\/02\/Keysafe-Big-Pro-sleutelkastje_keybox.jpeg?resize=700%2C400&ssl=1 2x"},"classes":[]},{"id":1509,"url":"https:\/\/keybox.nl\/sv\/digitaal-sleutelbeheersysteem\/","url_meta":{"origin":1510,"position":4},"title":"system f\u00f6r hantering av digitala nycklar","author":"Keybox@beheermodule","date":"20 juli 2023","format":false,"excerpt":"Digitalt nyckelhanteringssystem Till webbshoppen! \u2713 Anv\u00e4ndarv\u00e4nligt \u2713 T\u00e5ligt och s\u00e4kert \u2713 Olika modeller \u00c4r du intresserad av ett digitalt nyckelhanteringssystem? D\u00e5 \u00e4r v\u00e5r Digibox med sju nyckelkrokar exakt vad du letar efter. Tack vare detta uppfinningsrika system kan du hantera nycklarna inom ditt f\u00f6retag p\u00e5 ett s\u00e4kert och exakt s\u00e4tt....","rel":"","context":"Liknande inl\u00e4gg","block_context":{"text":"Liknande inl\u00e4gg","link":""},"img":{"alt_text":"Digibox Ral 5010 Keybox","src":"https:\/\/i0.wp.com\/keybox.nl\/wp-content\/uploads\/2022\/02\/digibox-keybox-RAL-5010.jpg?resize=350%2C200&ssl=1","width":350,"height":200,"srcset":"https:\/\/i0.wp.com\/keybox.nl\/wp-content\/uploads\/2022\/02\/digibox-keybox-RAL-5010.jpg?resize=350%2C200&ssl=1 1x, https:\/\/i0.wp.com\/keybox.nl\/wp-content\/uploads\/2022\/02\/digibox-keybox-RAL-5010.jpg?resize=525%2C300&ssl=1 1.5x, https:\/\/i0.wp.com\/keybox.nl\/wp-content\/uploads\/2022\/02\/digibox-keybox-RAL-5010.jpg?resize=700%2C400&ssl=1 2x, https:\/\/i0.wp.com\/keybox.nl\/wp-content\/uploads\/2022\/02\/digibox-keybox-RAL-5010.jpg?resize=1050%2C600&ssl=1 3x, https:\/\/i0.wp.com\/keybox.nl\/wp-content\/uploads\/2022\/02\/digibox-keybox-RAL-5010.jpg?resize=1400%2C800&ssl=1 4x"},"classes":[]},{"id":1508,"url":"https:\/\/keybox.nl\/sv\/brandkluis-voor-thuis\/","url_meta":{"origin":1510,"position":5},"title":"Brands\u00e4kerhet f\u00f6r hemmet","author":"Keybox@beheermodule","date":"20 juli 2023","format":false,"excerpt":"Brandskydd f\u00f6r hemmet Till webbshoppen! \u2713 Anv\u00e4ndarv\u00e4nligt \u2713 Motst\u00e5ndskraftigt och s\u00e4kert \u2713 Olika modeller Letar du efter ett bra brandsk\u00e5p till ditt hem? D\u00e5 \u00e4r kassask\u00e5pen fr\u00e5n Keybox.co.uk intressanta f\u00f6r dig. Vi erbjuder alla typer av kassask\u00e5p d\u00e4r dina nycklar, kontanter eller andra v\u00e4rdesaker kan f\u00f6rvaras...","rel":"","context":"Liknande inl\u00e4gg","block_context":{"text":"Liknande inl\u00e4gg","link":""},"img":{"alt_text":"","src":"https:\/\/i0.wp.com\/keybox.nl\/wp-content\/uploads\/2021\/12\/KSB_102_1-e1638478691321.jpg?resize=350%2C200&ssl=1","width":350,"height":200,"srcset":"https:\/\/i0.wp.com\/keybox.nl\/wp-content\/uploads\/2021\/12\/KSB_102_1-e1638478691321.jpg?resize=350%2C200&ssl=1 1x, https:\/\/i0.wp.com\/keybox.nl\/wp-content\/uploads\/2021\/12\/KSB_102_1-e1638478691321.jpg?resize=525%2C300&ssl=1 1.5x, https:\/\/i0.wp.com\/keybox.nl\/wp-content\/uploads\/2021\/12\/KSB_102_1-e1638478691321.jpg?resize=700%2C400&ssl=1 2x"},"classes":[]}],"jetpack_sharing_enabled":true,"_links":{"self":[{"href":"https:\/\/keybox.nl\/sv\/wp-json\/wp\/v2\/pages\/1510","targetHints":{"allow":["GET"]}}],"collection":[{"href":"https:\/\/keybox.nl\/sv\/wp-json\/wp\/v2\/pages"}],"about":[{"href":"https:\/\/keybox.nl\/sv\/wp-json\/wp\/v2\/types\/page"}],"author":[{"embeddable":true,"href":"https:\/\/keybox.nl\/sv\/wp-json\/wp\/v2\/users\/1"}],"replies":[{"embeddable":true,"href":"https:\/\/keybox.nl\/sv\/wp-json\/wp\/v2\/comments?post=1510"}],"version-history":[{"count":7,"href":"https:\/\/keybox.nl\/sv\/wp-json\/wp\/v2\/pages\/1510\/revisions"}],"predecessor-version":[{"id":1652,"href":"https:\/\/keybox.nl\/sv\/wp-json\/wp\/v2\/pages\/1510\/revisions\/1652"}],"wp:attachment":[{"href":"https:\/\/keybox.nl\/sv\/wp-json\/wp\/v2\/media?parent=1510"}],"curies":[{"name":"wp","href":"https:\/\/api.w.org\/{rel}","templated":true}]}}