{"id":1509,"date":"2023-07-20T12:13:51","date_gmt":"2023-07-20T12:13:51","guid":{"rendered":"http:\/\/keybox.nl\/?page_id=1509"},"modified":"2023-07-25T09:49:55","modified_gmt":"2023-07-25T09:49:55","slug":"digitaal-sleutelbeheersysteem","status":"publish","type":"page","link":"https:\/\/keybox.nl\/sv\/digitaal-sleutelbeheersysteem\/","title":{"rendered":"system f\u00f6r hantering av digitala nycklar"},"content":{"rendered":"<div class=\"wp-block-cover alignfull\" style=\"min-height:200px;aspect-ratio:unset;\"><span aria-hidden=\"true\" class=\"wp-block-cover__background has-background-dim-60 has-background-dim\"><\/span><img decoding=\"async\" width=\"1920\" height=\"2560\" class=\"wp-block-cover__image-background wp-image-126\" alt=\"Kluis\" src=\"http:\/\/keybox.nl\/wp-content\/uploads\/2021\/12\/KSB103-KSB005-4-scaled.jpg\" style=\"object-position:50% 50%\" data-object-fit=\"cover\" data-object-position=\"50% 50%\" srcset=\"https:\/\/keybox.nl\/wp-content\/uploads\/2021\/12\/KSB103-KSB005-4-scaled.jpg 1920w, https:\/\/keybox.nl\/wp-content\/uploads\/2021\/12\/KSB103-KSB005-4-416x555.jpg 416w, https:\/\/keybox.nl\/wp-content\/uploads\/2021\/12\/KSB103-KSB005-4-225x300.jpg 225w, https:\/\/keybox.nl\/wp-content\/uploads\/2021\/12\/KSB103-KSB005-4-768x1024.jpg 768w, https:\/\/keybox.nl\/wp-content\/uploads\/2021\/12\/KSB103-KSB005-4-1152x1536.jpg 1152w, https:\/\/keybox.nl\/wp-content\/uploads\/2021\/12\/KSB103-KSB005-4-1536x2048.jpg 1536w, https:\/\/keybox.nl\/wp-content\/uploads\/2021\/12\/KSB103-KSB005-4-1320x1760.jpg 1320w\" sizes=\"(max-width: 1920px) 100vw, 1920px\" \/><div class=\"wp-block-cover__inner-container is-layout-flow wp-block-cover-is-layout-flow\">\n<h1 class=\"wp-block-heading alignwide has-text-align-left has-white-color has-text-color\" style=\"font-size:40px\">System f\u00f6r hantering av digitala nycklar<\/h1>\n\n\n\n<div class=\"wp-block-columns alignwide is-layout-flex wp-container-core-columns-is-layout-28f84493 wp-block-columns-is-layout-flex\">\n<div class=\"wp-block-column is-layout-flow wp-block-column-is-layout-flow\" style=\"flex-basis:55%\">\n<div class=\"wp-block-buttons is-layout-flex wp-block-buttons-is-layout-flex\">\n<div class=\"wp-block-button cta-knop alignleft\"><a class=\"wp-block-button__link has-black-color has-white-background-color has-text-color has-background wp-element-button\" href=\"http:\/\/keybox.nl\/sv\/\">Till webbshoppen!<\/a><\/div>\n<\/div>\n<\/div>\n<\/div>\n<\/div><\/div>\n\n\n\n<div style=\"height:50px\" aria-hidden=\"true\" class=\"wp-block-spacer\"><\/div>\n\n\n\n<div class=\"wp-block-group alignfull is-content-justification-center is-layout-flex wp-container-core-group-is-layout-81a7f686 wp-block-group-is-layout-flex\">\n<p class=\"usps has-normal-font-size\">\u2713 Anv\u00e4ndarv\u00e4nlig<\/p>\n\n\n\n<p>\u2713 Motst\u00e5ndskraftig och s\u00e4ker<\/p>\n\n\n\n<p>\u2713 Olika modeller<\/p>\n<\/div>\n\n\n\n<style>\nh1.entry-title {\ndisplay:none;\n}\n.cta-knop {\nmargin-left: 35px !important;\n}\n\n.cta-knop:hover {\nopacity: 0.75;\n}\n\n@media only screen and (max-width: 1064px) {\n.cta-knop {\nmargin-left: 0px !important;\n}\n\n.wp-block-group.alignfull {\n    display: flex;\n    flex-direction: column;\n}\n}\n<\/style>\n\n\n\n<div style=\"height:100px\" aria-hidden=\"true\" class=\"wp-block-spacer\"><\/div>\n\n\n\n<p class=\"has-text-align-left align-left has-black-color has-text-color has-normal-font-size\">\u00c4r du intresserad av ett digitalt nyckelhanteringssystem? D\u00e5 \u00e4r v\u00e5r Digibox med sju nyckelkrokar precis vad du letar efter. Tack vare detta uppfinningsrika system kan du hantera nycklar inom ditt f\u00f6retag p\u00e5 ett s\u00e4kert och exakt s\u00e4tt. P\u00e5 Keybox.co.uk kan du enkelt best\u00e4lla detta praktiska digitala nyckelhanteringssystem online.<\/p>\n\n\n\n<div style=\"height:100px\" aria-hidden=\"true\" class=\"wp-block-spacer\"><\/div>\n\n\n\n<div class=\"wp-block-group is-content-justification-center is-layout-flex wp-container-core-group-is-layout-81a7f686 wp-block-group-is-layout-flex\">\n<div class=\"wp-block-media-text alignwide is-stacked-on-mobile is-vertically-aligned-center\" style=\"grid-template-columns:40% auto\"><figure class=\"wp-block-media-text__media\"><img decoding=\"async\" width=\"880\" height=\"1024\" src=\"http:\/\/keybox.nl\/wp-content\/uploads\/2022\/02\/digibox-keybox-RAL-5010-880x1024.jpg\" alt=\"Digibox Ral 5010 Keybox\" class=\"wp-image-308 size-full\" srcset=\"https:\/\/keybox.nl\/wp-content\/uploads\/2022\/02\/digibox-keybox-RAL-5010-880x1024.jpg 880w, https:\/\/keybox.nl\/wp-content\/uploads\/2022\/02\/digibox-keybox-RAL-5010-416x484.jpg 416w, https:\/\/keybox.nl\/wp-content\/uploads\/2022\/02\/digibox-keybox-RAL-5010-258x300.jpg 258w, https:\/\/keybox.nl\/wp-content\/uploads\/2022\/02\/digibox-keybox-RAL-5010-768x893.jpg 768w, https:\/\/keybox.nl\/wp-content\/uploads\/2022\/02\/digibox-keybox-RAL-5010-1320x1536.jpg 1320w, https:\/\/keybox.nl\/wp-content\/uploads\/2022\/02\/digibox-keybox-RAL-5010.jpg 1727w\" sizes=\"(max-width: 880px) 100vw, 880px\" \/><\/figure><div class=\"wp-block-media-text__content\">\n<h2 class=\"wp-block-heading\">F\u00e5 mer information om v\u00e5rt digitala nyckelhanteringssystem<\/h2>\n\n\n\n<p>Att hantera nycklar inom f\u00f6retaget \u00e4r ingen l\u00e4tt uppgift. Ofta beh\u00f6ver flera personer inom f\u00f6retaget tillg\u00e5ng till nycklarna, men du vill naturligtvis ocks\u00e5 f\u00f6rvara dina nycklar s\u00e5 s\u00e4kert som m\u00f6jligt. Ett digitalt nyckelhanteringssystem som v\u00e5rt <a href=\"http:\/\/keybox.nl\/sv\/produkt\/digibox-7-sleutelhaken\/\">Digibox<\/a> \u00e4r den perfekta l\u00f6sningen h\u00e4r. Med s\u00e5 m\u00e5nga som sju nyckelplatser \u00e4r detta nyckelsk\u00e5p s\u00e4rskilt effektivt. Den <a href=\"http:\/\/keybox.nl\/sv\/elektronische-sleutelkluis-kopen\/\">elektroniskt nyckelsk\u00e5p<\/a> med hj\u00e4lp av den bekv\u00e4mt belysta displayen. Nyckelhanteringssystemet har f\u00f6ljande funktioner <a href=\"http:\/\/keybox.nl\/sv\/cijferslot-kluis-bestellen\/\">ett kombinationsl\u00e5s<\/a>. F\u00f6r detta v\u00e4ljer du din egen kod p\u00e5 fyra till tio tecken. Denna kod sparas \u00e4ven vid ett eventuellt str\u00f6mavbrott. P\u00e5 s\u00e5 s\u00e4tt har du alltid tillg\u00e5ng till kassask\u00e5pet, men oinbjudna g\u00e4ster h\u00e5lls ute. Det \u00e4r d\u00e4rf\u00f6r det idealiska <a href=\"http:\/\/keybox.nl\/sv\/inbraakwerende-kluis-kopen\/\">inbrottssk\u00e5p<\/a>!<\/p>\n<\/div><\/div>\n<\/div>\n\n\n\n<div style=\"height:100px\" aria-hidden=\"true\" class=\"wp-block-spacer\"><\/div>\n\n\n\n<h2 class=\"wp-block-heading has-text-align-center\"><strong>\u00c4r du intresserad av att best\u00e4lla ett digitalt nyckelhanteringssystem fr\u00e5n oss?<\/strong><\/h2>\n\n\n\n<div class=\"wp-block-buttons is-content-justification-center is-layout-flex wp-container-core-buttons-is-layout-a89b3969 wp-block-buttons-is-layout-flex\">\n<div class=\"wp-block-button is-style-outline is-style-outline--1\"><a class=\"wp-block-button__link wp-element-button\" href=\"http:\/\/keybox.nl\/sv\/\">Se webbshoppen<\/a><\/div>\n<\/div>\n\n\n\n<div style=\"height:100px\" aria-hidden=\"true\" class=\"wp-block-spacer\"><\/div>\n\n\n\n<div class=\"wp-block-group is-content-justification-center is-layout-flex wp-container-core-group-is-layout-81a7f686 wp-block-group-is-layout-flex\">\n<div class=\"wp-block-media-text alignwide has-media-on-the-right is-stacked-on-mobile is-vertically-aligned-center\" style=\"grid-template-columns:auto 40%\"><div class=\"wp-block-media-text__content\">\n<h3 class=\"wp-block-heading has-text-color\" style=\"color:#000000;font-size:32px\"><strong>V\u00e4lj \u00f6nskad kopia<\/strong><\/h3>\n\n\n\n<p class=\"has-text-color has-normal-font-size\" style=\"color:#000000\">Vill du k\u00f6pa ett digitalt nyckelhanteringssystem till ditt f\u00f6retag? G\u00e5 d\u00e5 till v\u00e5r webbshop f\u00f6r att k\u00f6pa detta <a href=\"http:\/\/keybox.nl\/sv\/\">k\u00f6p s\u00e4kert nyckelsk\u00e5p<\/a> eller boka tid hos oss i Bussum. Digiboxen finns i tre olika f\u00e4rger. Andra RAL-f\u00e4rger \u00e4r tillg\u00e4ngliga mot en extra kostnad. V\u00e5rt erfarna installationsteam hj\u00e4lper dig ocks\u00e5 g\u00e4rna att installera denna <a href=\"http:\/\/keybox.nl\/sv\/sleutelkluis-bevestigen\/\">nyckelsk\u00e5p som ska \u00e5tg\u00e4rdas<\/a>.<\/p>\n<\/div><figure class=\"wp-block-media-text__media\"><img decoding=\"async\" width=\"1024\" height=\"1024\" src=\"http:\/\/keybox.nl\/wp-content\/uploads\/2022\/02\/Digibox-7-haken-Keybox-1024x1024.jpg\" alt=\"\" class=\"wp-image-304 size-full\"\/><\/figure><\/div>\n<\/div>\n\n\n\n<div style=\"height:50px\" aria-hidden=\"true\" class=\"wp-block-spacer\"><\/div>\n\n\n\n<h2 class=\"wp-block-heading alignwide has-text-align-left form-titel\"><strong>Har du fr\u00e5gor om s\u00e4kerhet?<\/strong><\/h2>\n\n\n<div class=\"wp-block-jetpack-contact-form alignwide is-layout-flex wp-container-jetpack-contact-form-is-layout-2b4208ba wp-block-jetpack-contact-form-is-layout-flex\"><a href=\"https:\/\/keybox.nl\/sv\/digitaal-sleutelbeheersysteem\/\" target=\"_blank\" rel=\"noopener noreferrer\">Skicka ett formul\u00e4r.<\/a><\/div>\n\n\n<p><\/p>","protected":false},"excerpt":{"rendered":"<p>\u2713 Gebruiksvriendelijk \u2713 Bestendig en veilig \u2713 Diverse modellen Heeft u interesse in een digitaal sleutelbeheersysteem? Dan is onze Digibox met zeven sleutelhaken precies wat u zoekt. Dankzij dit inventieve systeem kunt u de sleutels binnen uw bedrijf op een veilige en precieze manier beheren. Bij Keybox.nl kunt u dit handige digitale sleutelbeheersysteem eenvoudig online [&hellip;]<\/p>\n","protected":false},"author":1,"featured_media":0,"parent":0,"menu_order":0,"comment_status":"closed","ping_status":"closed","template":"template-fullwidth.php","meta":{"footnotes":""},"class_list":["post-1509","page","type-page","status-publish","hentry"],"yoast_head":"<!-- This site is optimized with the Yoast SEO plugin v27.4 - https:\/\/yoast.com\/product\/yoast-seo-wordpress\/ -->\n<title>Een hoogwaardig digitaal sleutelbeheersysteem -<\/title>\n<meta name=\"description\" content=\"Een digitaal sleutelbeheersysteem is de ideale oplossing voor bedrijven. Ontdek hier alle voordelen van onze Digibox en plaats uw bestelling!\" \/>\n<meta name=\"robots\" content=\"index, follow, max-snippet:-1, max-image-preview:large, max-video-preview:-1\" \/>\n<link rel=\"canonical\" href=\"https:\/\/keybox.nl\/sv\/digitaal-sleutelbeheersysteem\/\" \/>\n<meta property=\"og:locale\" content=\"sv_SE\" \/>\n<meta property=\"og:type\" content=\"article\" \/>\n<meta property=\"og:title\" content=\"Een hoogwaardig digitaal sleutelbeheersysteem -\" \/>\n<meta property=\"og:description\" content=\"Een digitaal sleutelbeheersysteem is de ideale oplossing voor bedrijven. Ontdek hier alle voordelen van onze Digibox en plaats uw bestelling!\" \/>\n<meta property=\"og:url\" content=\"https:\/\/keybox.nl\/sv\/digitaal-sleutelbeheersysteem\/\" \/>\n<meta property=\"article:modified_time\" content=\"2023-07-25T09:49:55+00:00\" \/>\n<meta property=\"og:image\" content=\"http:\/\/keybox.nl\/wp-content\/uploads\/2021\/12\/KSB103-KSB005-4-scaled.jpg\" \/>\n<meta name=\"twitter:card\" content=\"summary_large_image\" \/>\n<meta name=\"twitter:label1\" content=\"Ber\u00e4knad l\u00e4stid\" \/>\n\t<meta name=\"twitter:data1\" content=\"2 minuter\" \/>\n<script type=\"application\/ld+json\" class=\"yoast-schema-graph\">{\"@context\":\"https:\\\/\\\/schema.org\",\"@graph\":[{\"@type\":\"WebPage\",\"@id\":\"https:\\\/\\\/keybox.nl\\\/digitaal-sleutelbeheersysteem\\\/\",\"url\":\"https:\\\/\\\/keybox.nl\\\/digitaal-sleutelbeheersysteem\\\/\",\"name\":\"Een hoogwaardig digitaal sleutelbeheersysteem -\",\"isPartOf\":{\"@id\":\"https:\\\/\\\/keybox.nl\\\/#website\"},\"primaryImageOfPage\":{\"@id\":\"https:\\\/\\\/keybox.nl\\\/digitaal-sleutelbeheersysteem\\\/#primaryimage\"},\"image\":{\"@id\":\"https:\\\/\\\/keybox.nl\\\/digitaal-sleutelbeheersysteem\\\/#primaryimage\"},\"thumbnailUrl\":\"http:\\\/\\\/keybox.nl\\\/wp-content\\\/uploads\\\/2021\\\/12\\\/KSB103-KSB005-4-scaled.jpg\",\"datePublished\":\"2023-07-20T12:13:51+00:00\",\"dateModified\":\"2023-07-25T09:49:55+00:00\",\"description\":\"Een digitaal sleutelbeheersysteem is de ideale oplossing voor bedrijven. Ontdek hier alle voordelen van onze Digibox en plaats uw bestelling!\",\"breadcrumb\":{\"@id\":\"https:\\\/\\\/keybox.nl\\\/digitaal-sleutelbeheersysteem\\\/#breadcrumb\"},\"inLanguage\":\"sv-SE\",\"potentialAction\":[{\"@type\":\"ReadAction\",\"target\":[\"https:\\\/\\\/keybox.nl\\\/digitaal-sleutelbeheersysteem\\\/\"]}]},{\"@type\":\"ImageObject\",\"inLanguage\":\"sv-SE\",\"@id\":\"https:\\\/\\\/keybox.nl\\\/digitaal-sleutelbeheersysteem\\\/#primaryimage\",\"url\":\"http:\\\/\\\/keybox.nl\\\/wp-content\\\/uploads\\\/2021\\\/12\\\/KSB103-KSB005-4-scaled.jpg\",\"contentUrl\":\"http:\\\/\\\/keybox.nl\\\/wp-content\\\/uploads\\\/2021\\\/12\\\/KSB103-KSB005-4-scaled.jpg\"},{\"@type\":\"BreadcrumbList\",\"@id\":\"https:\\\/\\\/keybox.nl\\\/digitaal-sleutelbeheersysteem\\\/#breadcrumb\",\"itemListElement\":[{\"@type\":\"ListItem\",\"position\":1,\"name\":\"Home\",\"item\":\"https:\\\/\\\/keybox.nl\\\/\"},{\"@type\":\"ListItem\",\"position\":2,\"name\":\"digitaal sleutelbeheersysteem\"}]},{\"@type\":\"WebSite\",\"@id\":\"https:\\\/\\\/keybox.nl\\\/#website\",\"url\":\"https:\\\/\\\/keybox.nl\\\/\",\"name\":\"\",\"description\":\"\",\"potentialAction\":[{\"@type\":\"SearchAction\",\"target\":{\"@type\":\"EntryPoint\",\"urlTemplate\":\"https:\\\/\\\/keybox.nl\\\/?s={search_term_string}\"},\"query-input\":{\"@type\":\"PropertyValueSpecification\",\"valueRequired\":true,\"valueName\":\"search_term_string\"}}],\"inLanguage\":\"sv-SE\"}]}<\/script>\n<!-- \/ Yoast SEO plugin. -->","yoast_head_json":{"title":"Ett h\u00f6gkvalitativt system f\u00f6r hantering av digitala nycklar","description":"Ett digitalt nyckelhanteringssystem \u00e4r den perfekta l\u00f6sningen f\u00f6r f\u00f6retag. Uppt\u00e4ck alla f\u00f6rdelar med v\u00e5r Digibox h\u00e4r och g\u00f6r din best\u00e4llning!","robots":{"index":"index","follow":"follow","max-snippet":"max-snippet:-1","max-image-preview":"max-image-preview:large","max-video-preview":"max-video-preview:-1"},"canonical":"https:\/\/keybox.nl\/sv\/digitaal-sleutelbeheersysteem\/","og_locale":"sv_SE","og_type":"article","og_title":"Een hoogwaardig digitaal sleutelbeheersysteem -","og_description":"Een digitaal sleutelbeheersysteem is de ideale oplossing voor bedrijven. Ontdek hier alle voordelen van onze Digibox en plaats uw bestelling!","og_url":"https:\/\/keybox.nl\/sv\/digitaal-sleutelbeheersysteem\/","article_modified_time":"2023-07-25T09:49:55+00:00","og_image":[{"url":"http:\/\/keybox.nl\/wp-content\/uploads\/2021\/12\/KSB103-KSB005-4-scaled.jpg","type":"","width":"","height":""}],"twitter_card":"summary_large_image","twitter_misc":{"Ber\u00e4knad l\u00e4stid":"2 minuter"},"schema":{"@context":"https:\/\/schema.org","@graph":[{"@type":"WebPage","@id":"https:\/\/keybox.nl\/digitaal-sleutelbeheersysteem\/","url":"https:\/\/keybox.nl\/digitaal-sleutelbeheersysteem\/","name":"Ett h\u00f6gkvalitativt system f\u00f6r hantering av digitala nycklar","isPartOf":{"@id":"https:\/\/keybox.nl\/#website"},"primaryImageOfPage":{"@id":"https:\/\/keybox.nl\/digitaal-sleutelbeheersysteem\/#primaryimage"},"image":{"@id":"https:\/\/keybox.nl\/digitaal-sleutelbeheersysteem\/#primaryimage"},"thumbnailUrl":"http:\/\/keybox.nl\/wp-content\/uploads\/2021\/12\/KSB103-KSB005-4-scaled.jpg","datePublished":"2023-07-20T12:13:51+00:00","dateModified":"2023-07-25T09:49:55+00:00","description":"Ett digitalt nyckelhanteringssystem \u00e4r den perfekta l\u00f6sningen f\u00f6r f\u00f6retag. Uppt\u00e4ck alla f\u00f6rdelar med v\u00e5r Digibox h\u00e4r och g\u00f6r din best\u00e4llning!","breadcrumb":{"@id":"https:\/\/keybox.nl\/digitaal-sleutelbeheersysteem\/#breadcrumb"},"inLanguage":"sv-SE","potentialAction":[{"@type":"ReadAction","target":["https:\/\/keybox.nl\/digitaal-sleutelbeheersysteem\/"]}]},{"@type":"ImageObject","inLanguage":"sv-SE","@id":"https:\/\/keybox.nl\/digitaal-sleutelbeheersysteem\/#primaryimage","url":"http:\/\/keybox.nl\/wp-content\/uploads\/2021\/12\/KSB103-KSB005-4-scaled.jpg","contentUrl":"http:\/\/keybox.nl\/wp-content\/uploads\/2021\/12\/KSB103-KSB005-4-scaled.jpg"},{"@type":"BreadcrumbList","@id":"https:\/\/keybox.nl\/digitaal-sleutelbeheersysteem\/#breadcrumb","itemListElement":[{"@type":"ListItem","position":1,"name":"Home","item":"https:\/\/keybox.nl\/"},{"@type":"ListItem","position":2,"name":"digitaal sleutelbeheersysteem"}]},{"@type":"WebSite","@id":"https:\/\/keybox.nl\/#website","url":"https:\/\/keybox.nl\/","name":"","description":"","potentialAction":[{"@type":"SearchAction","target":{"@type":"EntryPoint","urlTemplate":"https:\/\/keybox.nl\/?s={search_term_string}"},"query-input":{"@type":"PropertyValueSpecification","valueRequired":true,"valueName":"search_term_string"}}],"inLanguage":"sv-SE"}]}},"jetpack-related-posts":[{"id":1529,"url":"https:\/\/keybox.nl\/sv\/sleutelhaken-kopen\/","url_meta":{"origin":1509,"position":0},"title":"nyckelkrokar-k\u00f6pa","author":"Keybox@beheermodule","date":"20 juli 2023","format":false,"excerpt":"K\u00f6p s\u00e4kert med nyckelkrokar Till webbshoppen! \u2713 Anv\u00e4ndarv\u00e4nliga \u2713 Resistenta och s\u00e4kra \u2713 Olika modeller Letar du efter nyckelkrokar av h\u00f6g kvalitet att k\u00f6pa f\u00f6r anv\u00e4ndning i ditt f\u00f6retag? \u00d6verv\u00e4g d\u00e5 att k\u00f6pa ett professionellt s\u00e4krat nyckelsk\u00e5p. N\u00e4r allt kommer omkring vill du inte att m\u00e4nniskor med onda avsikter ska ...","rel":"","context":"Liknande inl\u00e4gg","block_context":{"text":"Liknande inl\u00e4gg","link":""},"img":{"alt_text":"","src":"https:\/\/i0.wp.com\/keybox.nl\/wp-content\/uploads\/2021\/12\/KSB_102_1-e1638478691321.jpg?resize=350%2C200&ssl=1","width":350,"height":200,"srcset":"https:\/\/i0.wp.com\/keybox.nl\/wp-content\/uploads\/2021\/12\/KSB_102_1-e1638478691321.jpg?resize=350%2C200&ssl=1 1x, https:\/\/i0.wp.com\/keybox.nl\/wp-content\/uploads\/2021\/12\/KSB_102_1-e1638478691321.jpg?resize=525%2C300&ssl=1 1.5x, https:\/\/i0.wp.com\/keybox.nl\/wp-content\/uploads\/2021\/12\/KSB_102_1-e1638478691321.jpg?resize=700%2C400&ssl=1 2x"},"classes":[]},{"id":1527,"url":"https:\/\/keybox.nl\/sv\/advies-sleutelkluis-opvragen\/","url_meta":{"origin":1509,"position":1},"title":"r\u00e5d-nyckel s\u00e4kert-beg\u00e4ran","author":"Keybox@beheermodule","date":"20 juli 2023","format":false,"excerpt":"Be om r\u00e5d om ett nyckelsk\u00e5p Till webbshoppen! \u2713 Anv\u00e4ndarv\u00e4nligt \u2713 Motst\u00e5ndskraftigt och s\u00e4kert \u2713 Olika modeller Att be om r\u00e5d om ett nyckelsk\u00e5p \u00e4r det f\u00f6rsta steget mot en s\u00e4krare aff\u00e4rsmilj\u00f6. Att v\u00e4lja r\u00e4tt nyckelsk\u00e5p kan vara en komplex uppgift, med tanke p\u00e5 m\u00e5ngfalden och de tekniska innovationerna. P\u00e5 Keybox.co.uk f\u00f6rst\u00e5r vi...","rel":"","context":"Liknande inl\u00e4gg","block_context":{"text":"Liknande inl\u00e4gg","link":""},"img":{"alt_text":"","src":"https:\/\/i0.wp.com\/keybox.nl\/wp-content\/uploads\/2023\/02\/Keysafe-Big-Pro-sleutelkastje_keybox.jpeg?resize=350%2C200&ssl=1","width":350,"height":200,"srcset":"https:\/\/i0.wp.com\/keybox.nl\/wp-content\/uploads\/2023\/02\/Keysafe-Big-Pro-sleutelkastje_keybox.jpeg?resize=350%2C200&ssl=1 1x, https:\/\/i0.wp.com\/keybox.nl\/wp-content\/uploads\/2023\/02\/Keysafe-Big-Pro-sleutelkastje_keybox.jpeg?resize=525%2C300&ssl=1 1.5x, https:\/\/i0.wp.com\/keybox.nl\/wp-content\/uploads\/2023\/02\/Keysafe-Big-Pro-sleutelkastje_keybox.jpeg?resize=700%2C400&ssl=1 2x"},"classes":[]}],"jetpack_sharing_enabled":true,"_links":{"self":[{"href":"https:\/\/keybox.nl\/sv\/wp-json\/wp\/v2\/pages\/1509","targetHints":{"allow":["GET"]}}],"collection":[{"href":"https:\/\/keybox.nl\/sv\/wp-json\/wp\/v2\/pages"}],"about":[{"href":"https:\/\/keybox.nl\/sv\/wp-json\/wp\/v2\/types\/page"}],"author":[{"embeddable":true,"href":"https:\/\/keybox.nl\/sv\/wp-json\/wp\/v2\/users\/1"}],"replies":[{"embeddable":true,"href":"https:\/\/keybox.nl\/sv\/wp-json\/wp\/v2\/comments?post=1509"}],"version-history":[{"count":9,"href":"https:\/\/keybox.nl\/sv\/wp-json\/wp\/v2\/pages\/1509\/revisions"}],"predecessor-version":[{"id":1656,"href":"https:\/\/keybox.nl\/sv\/wp-json\/wp\/v2\/pages\/1509\/revisions\/1656"}],"wp:attachment":[{"href":"https:\/\/keybox.nl\/sv\/wp-json\/wp\/v2\/media?parent=1509"}],"curies":[{"name":"wp","href":"https:\/\/api.w.org\/{rel}","templated":true}]}}