{"id":1508,"date":"2023-07-20T12:13:35","date_gmt":"2023-07-20T12:13:35","guid":{"rendered":"http:\/\/keybox.nl\/?page_id=1508"},"modified":"2023-07-25T09:56:20","modified_gmt":"2023-07-25T09:56:20","slug":"brandkluis-voor-thuis","status":"publish","type":"page","link":"https:\/\/keybox.nl\/sv\/brandkluis-voor-thuis\/","title":{"rendered":"Brands\u00e4kerhet f\u00f6r hemmet"},"content":{"rendered":"<div class=\"wp-block-cover alignfull\" style=\"min-height:200px;aspect-ratio:unset;\"><span aria-hidden=\"true\" class=\"wp-block-cover__background has-background-dim-60 has-background-dim\"><\/span><img decoding=\"async\" width=\"1920\" height=\"2560\" class=\"wp-block-cover__image-background wp-image-126\" alt=\"Kluis\" src=\"http:\/\/keybox.nl\/wp-content\/uploads\/2021\/12\/KSB103-KSB005-4-scaled.jpg\" style=\"object-position:50% 50%\" data-object-fit=\"cover\" data-object-position=\"50% 50%\" srcset=\"https:\/\/keybox.nl\/wp-content\/uploads\/2021\/12\/KSB103-KSB005-4-scaled.jpg 1920w, https:\/\/keybox.nl\/wp-content\/uploads\/2021\/12\/KSB103-KSB005-4-416x555.jpg 416w, https:\/\/keybox.nl\/wp-content\/uploads\/2021\/12\/KSB103-KSB005-4-225x300.jpg 225w, https:\/\/keybox.nl\/wp-content\/uploads\/2021\/12\/KSB103-KSB005-4-768x1024.jpg 768w, https:\/\/keybox.nl\/wp-content\/uploads\/2021\/12\/KSB103-KSB005-4-1152x1536.jpg 1152w, https:\/\/keybox.nl\/wp-content\/uploads\/2021\/12\/KSB103-KSB005-4-1536x2048.jpg 1536w, https:\/\/keybox.nl\/wp-content\/uploads\/2021\/12\/KSB103-KSB005-4-1320x1760.jpg 1320w\" sizes=\"(max-width: 1920px) 100vw, 1920px\" \/><div class=\"wp-block-cover__inner-container is-layout-flow wp-block-cover-is-layout-flow\">\n<h1 class=\"wp-block-heading alignwide has-text-align-left has-white-color has-text-color\" style=\"font-size:40px\">Brands\u00e4kerhet f\u00f6r hemmet<\/h1>\n\n\n\n<div class=\"wp-block-columns alignwide is-layout-flex wp-container-core-columns-is-layout-28f84493 wp-block-columns-is-layout-flex\">\n<div class=\"wp-block-column is-layout-flow wp-block-column-is-layout-flow\" style=\"flex-basis:55%\">\n<div class=\"wp-block-buttons is-layout-flex wp-block-buttons-is-layout-flex\">\n<div class=\"wp-block-button cta-knop alignleft\"><a class=\"wp-block-button__link has-black-color has-white-background-color has-text-color has-background wp-element-button\" href=\"http:\/\/keybox.nl\/sv\/\">Till webbshoppen!<\/a><\/div>\n<\/div>\n<\/div>\n<\/div>\n<\/div><\/div>\n\n\n\n<div style=\"height:50px\" aria-hidden=\"true\" class=\"wp-block-spacer\"><\/div>\n\n\n\n<div class=\"wp-block-group alignfull is-content-justification-center is-layout-flex wp-container-core-group-is-layout-81a7f686 wp-block-group-is-layout-flex\">\n<p class=\"usps has-normal-font-size\">\u2713 Anv\u00e4ndarv\u00e4nlig<\/p>\n\n\n\n<p>\u2713 Motst\u00e5ndskraftig och s\u00e4ker<\/p>\n\n\n\n<p>\u2713 Olika modeller<\/p>\n<\/div>\n\n\n\n<style>\nh1.entry-title {\ndisplay:none;\n}\n.cta-knop {\nmargin-left: 35px !important;\n}\n\n.cta-knop:hover {\nopacity: 0.75;\n}\n\n@media only screen and (max-width: 1064px) {\n.cta-knop {\nmargin-left: 0px !important;\n}\n\n.wp-block-group.alignfull {\n    display: flex;\n    flex-direction: column;\n}\n}\n<\/style>\n\n\n\n<div style=\"height:100px\" aria-hidden=\"true\" class=\"wp-block-spacer\"><\/div>\n\n\n\n<p class=\"has-text-align-left align-left has-black-color has-text-color has-normal-font-size\">Letar du efter ett bra brandsk\u00e5p till ditt hem? D\u00e5 \u00e4r Keybox.co.uk:s kassask\u00e5p intressanta f\u00f6r dig. Vi erbjuder alla typer av kassask\u00e5p d\u00e4r dina nycklar, kontanter eller andra v\u00e4rdesaker \u00e4r skyddade mot brand och inbrott. Ta reda p\u00e5 allt om v\u00e5rt erbjudande h\u00e4r!<\/p>\n\n\n\n<div style=\"height:100px\" aria-hidden=\"true\" class=\"wp-block-spacer\"><\/div>\n\n\n\n<div class=\"wp-block-group is-content-justification-center is-layout-flex wp-container-core-group-is-layout-81a7f686 wp-block-group-is-layout-flex\">\n<div class=\"wp-block-media-text alignwide is-stacked-on-mobile is-vertically-aligned-center\" style=\"grid-template-columns:40% auto\"><figure class=\"wp-block-media-text__media\"><img decoding=\"async\" width=\"1024\" height=\"1024\" src=\"http:\/\/keybox.nl\/wp-content\/uploads\/2021\/12\/KSB_102_1-1024x1024.jpg\" alt=\"\" class=\"wp-image-104 size-full\"\/><\/figure><div class=\"wp-block-media-text__content\">\n<h2 class=\"wp-block-heading\">Ett kompakt brands\u00e4kert sk\u00e5p f\u00f6r ditt hem<\/h2>\n\n\n\n<p>Att f\u00f6rlora sina v\u00e4rdesaker p\u00e5 grund av inbrott eller brand, det vill ingen n\u00e5gonsin uppleva. D\u00e4rf\u00f6r \u00e4r det viktigt att vidta \u00e5tg\u00e4rder f\u00f6r detta i f\u00f6rv\u00e4g, till exempel att k\u00f6pa ett bra brands\u00e4kert hem. I v\u00e5rt sortiment hittar du flera praktiska <a href=\"http:\/\/keybox.nl\/sv\/kluis-kopen-voor-thuis\/\">kassask\u00e5p f\u00f6r hemmet<\/a> som skyddar dina \u00e4godelar p\u00e5 b\u00e4sta m\u00f6jliga s\u00e4tt. V\u00e5ra kassask\u00e5p \u00e4r tillverkade av de b\u00e4sta materialen och utrustade med modern teknik. Detta g\u00f6r dem s\u00e4rskilt s\u00e4kra och anv\u00e4ndarv\u00e4nliga. Alla v\u00e5ra <a href=\"http:\/\/keybox.nl\/sv\/elektronische-sleutelkluis-kopen\/\">kassask\u00e5p med elektriskt l\u00e5s<\/a>. P\u00e5 s\u00e5 s\u00e4tt kan du skapa en kod som \u00e4r l\u00e4tt f\u00f6r dig att komma ih\u00e5g, men om\u00f6jlig f\u00f6r andra att kn\u00e4cka.<\/p>\n<\/div><\/div>\n<\/div>\n\n\n\n<div style=\"height:100px\" aria-hidden=\"true\" class=\"wp-block-spacer\"><\/div>\n\n\n\n<h2 class=\"wp-block-heading has-text-align-center\"><strong>Vill du ha en brands\u00e4ker l\u00f6sning f\u00f6r ditt hem?<\/strong><\/h2>\n\n\n\n<div class=\"wp-block-buttons is-content-justification-center is-layout-flex wp-container-core-buttons-is-layout-a89b3969 wp-block-buttons-is-layout-flex\">\n<div class=\"wp-block-button is-style-outline is-style-outline--1\"><a class=\"wp-block-button__link wp-element-button\" href=\"http:\/\/keybox.nl\/sv\/\">Se webbshoppen<\/a><\/div>\n<\/div>\n\n\n\n<div style=\"height:100px\" aria-hidden=\"true\" class=\"wp-block-spacer\"><\/div>\n\n\n\n<div class=\"wp-block-group is-content-justification-center is-layout-flex wp-container-core-group-is-layout-81a7f686 wp-block-group-is-layout-flex\">\n<div class=\"wp-block-media-text alignwide has-media-on-the-right is-stacked-on-mobile is-vertically-aligned-center\" style=\"grid-template-columns:auto 40%\"><div class=\"wp-block-media-text__content\">\n<h3 class=\"wp-block-heading has-text-color\" style=\"color:#000000;font-size:32px\"><strong>Uppt\u00e4ck v\u00e5rt erbjudande och best\u00e4ll<\/strong><\/h3>\n\n\n\n<p class=\"has-text-color has-normal-font-size\" style=\"color:#000000\">\u00c4r du intresserad av ett brands\u00e4kert skydd f\u00f6r ditt hem? Ta en titt p\u00e5 v\u00e5rt sortiment av <a href=\"http:\/\/keybox.nl\/sv\/safe-kluis-kopen\/\">kassask\u00e5p och valv<\/a>. N\u00e4r du v\u00e4ljer att k\u00f6pa en <a href=\"http:\/\/keybox.nl\/sv\/\">s\u00e4kert att best\u00e4lla<\/a>, kan du ocks\u00e5 r\u00e4kna med professionell hj\u00e4lp under installationen. Vill du hellre se v\u00e5ra kassask\u00e5p i verkligheten f\u00f6rst? Ta sedan <a href=\"http:\/\/keybox.nl\/sv\/contact\/\">Kontakta oss<\/a> p\u00e5 f\u00f6r att boka tid med oss i Bussum.<\/p>\n<\/div><figure class=\"wp-block-media-text__media\"><img decoding=\"async\" width=\"600\" height=\"800\" src=\"http:\/\/keybox.nl\/wp-content\/uploads\/2021\/12\/Extra-Armor-KSB.jpg\" alt=\"Kluis los\" class=\"wp-image-103 size-full\" srcset=\"https:\/\/keybox.nl\/wp-content\/uploads\/2021\/12\/Extra-Armor-KSB.jpg 600w, https:\/\/keybox.nl\/wp-content\/uploads\/2021\/12\/Extra-Armor-KSB-416x555.jpg 416w, https:\/\/keybox.nl\/wp-content\/uploads\/2021\/12\/Extra-Armor-KSB-225x300.jpg 225w\" sizes=\"(max-width: 600px) 100vw, 600px\" \/><\/figure><\/div>\n<\/div>\n\n\n\n<div style=\"height:50px\" aria-hidden=\"true\" class=\"wp-block-spacer\"><\/div>\n\n\n\n<h2 class=\"wp-block-heading alignwide has-text-align-left form-titel\"><strong>Har du fr\u00e5gor om s\u00e4kerhet?<\/strong><\/h2>\n\n\n<div class=\"wp-block-jetpack-contact-form alignwide is-layout-flex wp-container-jetpack-contact-form-is-layout-2b4208ba wp-block-jetpack-contact-form-is-layout-flex\"><a href=\"https:\/\/keybox.nl\/sv\/brandkluis-voor-thuis\/\" target=\"_blank\" rel=\"noopener noreferrer\">Skicka ett formul\u00e4r.<\/a><\/div>\n\n\n<p><\/p>","protected":false},"excerpt":{"rendered":"<p>\u2713 Gebruiksvriendelijk \u2713 Bestendig en veilig \u2713 Diverse modellen Bent u op zoek naar een goede brandkluis voor bij u thuis? Dan zijn de kluizen van Keybox.nl interessant voor u. Wij bieden allerhande kluizen aan waarin uw sleutels, contant geld of andere waardevolle bezittingen beveiligd zijn tegen brand en inbraak. Ontdek hier alles over ons [&hellip;]<\/p>\n","protected":false},"author":1,"featured_media":0,"parent":0,"menu_order":0,"comment_status":"closed","ping_status":"closed","template":"template-fullwidth.php","meta":{"footnotes":""},"class_list":["post-1508","page","type-page","status-publish","hentry"],"yoast_head":"<!-- This site is optimized with the Yoast SEO plugin v27.4 - https:\/\/yoast.com\/product\/yoast-seo-wordpress\/ -->\n<title>Koop een brandkluis voor bij u thuis -<\/title>\n<meta name=\"description\" content=\"Een brandkluis voor bij u thuis koopt u bij ons. Ontdek ons aanbod aan compacte kluizen, kies uw favoriet en plaats een bestelling in de webshop!\" \/>\n<meta name=\"robots\" content=\"index, follow, max-snippet:-1, max-image-preview:large, max-video-preview:-1\" \/>\n<link rel=\"canonical\" href=\"https:\/\/keybox.nl\/sv\/brandkluis-voor-thuis\/\" \/>\n<meta property=\"og:locale\" content=\"sv_SE\" \/>\n<meta property=\"og:type\" content=\"article\" \/>\n<meta property=\"og:title\" content=\"Koop een brandkluis voor bij u thuis -\" \/>\n<meta property=\"og:description\" content=\"Een brandkluis voor bij u thuis koopt u bij ons. Ontdek ons aanbod aan compacte kluizen, kies uw favoriet en plaats een bestelling in de webshop!\" \/>\n<meta property=\"og:url\" content=\"https:\/\/keybox.nl\/sv\/brandkluis-voor-thuis\/\" \/>\n<meta property=\"article:modified_time\" content=\"2023-07-25T09:56:20+00:00\" \/>\n<meta property=\"og:image\" content=\"http:\/\/keybox.nl\/wp-content\/uploads\/2021\/12\/KSB103-KSB005-4-scaled.jpg\" \/>\n<meta name=\"twitter:card\" content=\"summary_large_image\" \/>\n<meta name=\"twitter:label1\" content=\"Ber\u00e4knad l\u00e4stid\" \/>\n\t<meta name=\"twitter:data1\" content=\"2 minuter\" \/>\n<script type=\"application\/ld+json\" class=\"yoast-schema-graph\">{\"@context\":\"https:\\\/\\\/schema.org\",\"@graph\":[{\"@type\":\"WebPage\",\"@id\":\"https:\\\/\\\/keybox.nl\\\/brandkluis-voor-thuis\\\/\",\"url\":\"https:\\\/\\\/keybox.nl\\\/brandkluis-voor-thuis\\\/\",\"name\":\"Koop een brandkluis voor bij u thuis -\",\"isPartOf\":{\"@id\":\"https:\\\/\\\/keybox.nl\\\/#website\"},\"primaryImageOfPage\":{\"@id\":\"https:\\\/\\\/keybox.nl\\\/brandkluis-voor-thuis\\\/#primaryimage\"},\"image\":{\"@id\":\"https:\\\/\\\/keybox.nl\\\/brandkluis-voor-thuis\\\/#primaryimage\"},\"thumbnailUrl\":\"http:\\\/\\\/keybox.nl\\\/wp-content\\\/uploads\\\/2021\\\/12\\\/KSB103-KSB005-4-scaled.jpg\",\"datePublished\":\"2023-07-20T12:13:35+00:00\",\"dateModified\":\"2023-07-25T09:56:20+00:00\",\"description\":\"Een brandkluis voor bij u thuis koopt u bij ons. Ontdek ons aanbod aan compacte kluizen, kies uw favoriet en plaats een bestelling in de webshop!\",\"breadcrumb\":{\"@id\":\"https:\\\/\\\/keybox.nl\\\/brandkluis-voor-thuis\\\/#breadcrumb\"},\"inLanguage\":\"sv-SE\",\"potentialAction\":[{\"@type\":\"ReadAction\",\"target\":[\"https:\\\/\\\/keybox.nl\\\/brandkluis-voor-thuis\\\/\"]}]},{\"@type\":\"ImageObject\",\"inLanguage\":\"sv-SE\",\"@id\":\"https:\\\/\\\/keybox.nl\\\/brandkluis-voor-thuis\\\/#primaryimage\",\"url\":\"http:\\\/\\\/keybox.nl\\\/wp-content\\\/uploads\\\/2021\\\/12\\\/KSB103-KSB005-4-scaled.jpg\",\"contentUrl\":\"http:\\\/\\\/keybox.nl\\\/wp-content\\\/uploads\\\/2021\\\/12\\\/KSB103-KSB005-4-scaled.jpg\"},{\"@type\":\"BreadcrumbList\",\"@id\":\"https:\\\/\\\/keybox.nl\\\/brandkluis-voor-thuis\\\/#breadcrumb\",\"itemListElement\":[{\"@type\":\"ListItem\",\"position\":1,\"name\":\"Home\",\"item\":\"https:\\\/\\\/keybox.nl\\\/\"},{\"@type\":\"ListItem\",\"position\":2,\"name\":\"Brandkluis voor thuis\"}]},{\"@type\":\"WebSite\",\"@id\":\"https:\\\/\\\/keybox.nl\\\/#website\",\"url\":\"https:\\\/\\\/keybox.nl\\\/\",\"name\":\"\",\"description\":\"\",\"potentialAction\":[{\"@type\":\"SearchAction\",\"target\":{\"@type\":\"EntryPoint\",\"urlTemplate\":\"https:\\\/\\\/keybox.nl\\\/?s={search_term_string}\"},\"query-input\":{\"@type\":\"PropertyValueSpecification\",\"valueRequired\":true,\"valueName\":\"search_term_string\"}}],\"inLanguage\":\"sv-SE\"}]}<\/script>\n<!-- \/ Yoast SEO plugin. -->","yoast_head_json":{"title":"K\u00f6p ett brands\u00e4kert sk\u00e5p till ditt hem","description":"K\u00f6p ett brands\u00e4kert sk\u00e5p till ditt hem fr\u00e5n oss. Uppt\u00e4ck v\u00e5rt sortiment av kompakta kassask\u00e5p, v\u00e4lj din favorit och l\u00e4gg en best\u00e4llning i webbshoppen!","robots":{"index":"index","follow":"follow","max-snippet":"max-snippet:-1","max-image-preview":"max-image-preview:large","max-video-preview":"max-video-preview:-1"},"canonical":"https:\/\/keybox.nl\/sv\/brandkluis-voor-thuis\/","og_locale":"sv_SE","og_type":"article","og_title":"Koop een brandkluis voor bij u thuis -","og_description":"Een brandkluis voor bij u thuis koopt u bij ons. Ontdek ons aanbod aan compacte kluizen, kies uw favoriet en plaats een bestelling in de webshop!","og_url":"https:\/\/keybox.nl\/sv\/brandkluis-voor-thuis\/","article_modified_time":"2023-07-25T09:56:20+00:00","og_image":[{"url":"http:\/\/keybox.nl\/wp-content\/uploads\/2021\/12\/KSB103-KSB005-4-scaled.jpg","type":"","width":"","height":""}],"twitter_card":"summary_large_image","twitter_misc":{"Ber\u00e4knad l\u00e4stid":"2 minuter"},"schema":{"@context":"https:\/\/schema.org","@graph":[{"@type":"WebPage","@id":"https:\/\/keybox.nl\/brandkluis-voor-thuis\/","url":"https:\/\/keybox.nl\/brandkluis-voor-thuis\/","name":"K\u00f6p ett brands\u00e4kert sk\u00e5p till ditt hem","isPartOf":{"@id":"https:\/\/keybox.nl\/#website"},"primaryImageOfPage":{"@id":"https:\/\/keybox.nl\/brandkluis-voor-thuis\/#primaryimage"},"image":{"@id":"https:\/\/keybox.nl\/brandkluis-voor-thuis\/#primaryimage"},"thumbnailUrl":"http:\/\/keybox.nl\/wp-content\/uploads\/2021\/12\/KSB103-KSB005-4-scaled.jpg","datePublished":"2023-07-20T12:13:35+00:00","dateModified":"2023-07-25T09:56:20+00:00","description":"K\u00f6p ett brands\u00e4kert sk\u00e5p till ditt hem fr\u00e5n oss. Uppt\u00e4ck v\u00e5rt sortiment av kompakta kassask\u00e5p, v\u00e4lj din favorit och l\u00e4gg en best\u00e4llning i webbshoppen!","breadcrumb":{"@id":"https:\/\/keybox.nl\/brandkluis-voor-thuis\/#breadcrumb"},"inLanguage":"sv-SE","potentialAction":[{"@type":"ReadAction","target":["https:\/\/keybox.nl\/brandkluis-voor-thuis\/"]}]},{"@type":"ImageObject","inLanguage":"sv-SE","@id":"https:\/\/keybox.nl\/brandkluis-voor-thuis\/#primaryimage","url":"http:\/\/keybox.nl\/wp-content\/uploads\/2021\/12\/KSB103-KSB005-4-scaled.jpg","contentUrl":"http:\/\/keybox.nl\/wp-content\/uploads\/2021\/12\/KSB103-KSB005-4-scaled.jpg"},{"@type":"BreadcrumbList","@id":"https:\/\/keybox.nl\/brandkluis-voor-thuis\/#breadcrumb","itemListElement":[{"@type":"ListItem","position":1,"name":"Home","item":"https:\/\/keybox.nl\/"},{"@type":"ListItem","position":2,"name":"Brandkluis voor thuis"}]},{"@type":"WebSite","@id":"https:\/\/keybox.nl\/#website","url":"https:\/\/keybox.nl\/","name":"","description":"","potentialAction":[{"@type":"SearchAction","target":{"@type":"EntryPoint","urlTemplate":"https:\/\/keybox.nl\/?s={search_term_string}"},"query-input":{"@type":"PropertyValueSpecification","valueRequired":true,"valueName":"search_term_string"}}],"inLanguage":"sv-SE"}]}},"jetpack-related-posts":[{"id":538,"url":"https:\/\/keybox.nl\/sv\/kluis-kopen-voor-thuis\/","url_meta":{"origin":1508,"position":0},"title":"K\u00f6p s\u00e4kert f\u00f6r hemmet","author":"Keybox@beheermodule","date":"11 mars 2022","format":false,"excerpt":"K\u00f6p ett t\u00e5ligt kassask\u00e5p till ditt hem Till webbshoppen! \u2713 Anv\u00e4ndarv\u00e4nligt \u2713 Motst\u00e5ndskraftigt och s\u00e4kert \u2713 Olika modeller Vill du k\u00f6pa ett praktiskt kassask\u00e5p till ditt hem? D\u00e5 har Keybox.co.uk det du letar efter. Kassask\u00e5p f\u00f6r hemmet \u00e4r n\u00e5got mindre och kr\u00e4ver ingen omfattande installation, vilket g\u00f6r dem idealiska f\u00f6r...","rel":"","context":"Liknande inl\u00e4gg","block_context":{"text":"Liknande inl\u00e4gg","link":""},"img":{"alt_text":"","src":"https:\/\/i0.wp.com\/keybox.nl\/wp-content\/uploads\/2022\/01\/KSB007-inner-safe-2-e1643896091542.jpg?resize=350%2C200&ssl=1","width":350,"height":200,"srcset":"https:\/\/i0.wp.com\/keybox.nl\/wp-content\/uploads\/2022\/01\/KSB007-inner-safe-2-e1643896091542.jpg?resize=350%2C200&ssl=1 1x, https:\/\/i0.wp.com\/keybox.nl\/wp-content\/uploads\/2022\/01\/KSB007-inner-safe-2-e1643896091542.jpg?resize=525%2C300&ssl=1 1.5x, https:\/\/i0.wp.com\/keybox.nl\/wp-content\/uploads\/2022\/01\/KSB007-inner-safe-2-e1643896091542.jpg?resize=700%2C400&ssl=1 2x"},"classes":[]},{"id":1530,"url":"https:\/\/keybox.nl\/sv\/hotelkluis-kopen\/","url_meta":{"origin":1508,"position":1},"title":"s\u00e4kert k\u00f6p av hotell","author":"Keybox@beheermodule","date":"20 juli 2023","format":false,"excerpt":"K\u00f6p hotells\u00e4kerhetssk\u00e5p till webbshoppen! \u2713 Anv\u00e4ndarv\u00e4nligt \u2713 Motst\u00e5ndskraftigt och s\u00e4kert \u2713 Olika modeller Att k\u00f6pa ett hotellsk\u00e5p \u00e4r inte en trivial fr\u00e5ga. Det handlar om att ge s\u00e4kerhet och sinnesro till dina v\u00e4rdefulla g\u00e4ster. Fr\u00e5n smycken till pass och b\u00e4rbara datorer, ett hotellsk\u00e5p ger en s\u00e4ker tillflyktsort f\u00f6r v\u00e4rdesakerna ...","rel":"","context":"Liknande inl\u00e4gg","block_context":{"text":"Liknande inl\u00e4gg","link":""},"img":{"alt_text":"","src":"https:\/\/i0.wp.com\/keybox.nl\/wp-content\/uploads\/2022\/02\/IMG_5926.jpg?resize=350%2C200&ssl=1","width":350,"height":200,"srcset":"https:\/\/i0.wp.com\/keybox.nl\/wp-content\/uploads\/2022\/02\/IMG_5926.jpg?resize=350%2C200&ssl=1 1x, https:\/\/i0.wp.com\/keybox.nl\/wp-content\/uploads\/2022\/02\/IMG_5926.jpg?resize=525%2C300&ssl=1 1.5x, https:\/\/i0.wp.com\/keybox.nl\/wp-content\/uploads\/2022\/02\/IMG_5926.jpg?resize=700%2C400&ssl=1 2x"},"classes":[]},{"id":1510,"url":"https:\/\/keybox.nl\/sv\/geldkluis-bestellen\/","url_meta":{"origin":1508,"position":2},"title":"Best\u00e4ll ett penningsk\u00e5p","author":"Keybox@beheermodule","date":"20 juli 2023","format":false,"excerpt":"Best\u00e4ll kassask\u00e5p till webbshoppen! \u2713 Anv\u00e4ndarv\u00e4nlig \u2713 T\u00e5lig och s\u00e4ker \u2713 Olika modeller Vill du best\u00e4lla ett kassask\u00e5p? D\u00e5 \u00e4r Keybox.co.uk den webbplats du letar efter. Vi erbjuder kassask\u00e5p av s\u00e4rskilt h\u00f6g kvalitet. V\u00e5ra kassask\u00e5p \u00e4r kompakta, s\u00e5 de sticker inte ut. Dessutom \u00e4r de helt inbrottsbest\u00e4ndiga och...","rel":"","context":"Liknande inl\u00e4gg","block_context":{"text":"Liknande inl\u00e4gg","link":""},"img":{"alt_text":"","src":"https:\/\/i0.wp.com\/keybox.nl\/wp-content\/uploads\/2021\/12\/KSB_102_1-e1638478691321.jpg?resize=350%2C200&ssl=1","width":350,"height":200,"srcset":"https:\/\/i0.wp.com\/keybox.nl\/wp-content\/uploads\/2021\/12\/KSB_102_1-e1638478691321.jpg?resize=350%2C200&ssl=1 1x, https:\/\/i0.wp.com\/keybox.nl\/wp-content\/uploads\/2021\/12\/KSB_102_1-e1638478691321.jpg?resize=525%2C300&ssl=1 1.5x, https:\/\/i0.wp.com\/keybox.nl\/wp-content\/uploads\/2021\/12\/KSB_102_1-e1638478691321.jpg?resize=700%2C400&ssl=1 2x"},"classes":[]},{"id":1506,"url":"https:\/\/keybox.nl\/sv\/sleutelkluis-buiten\/","url_meta":{"origin":1508,"position":3},"title":"utv\u00e4ndigt nyckelsk\u00e5p","author":"Keybox@beheermodule","date":"20 juli 2023","format":false,"excerpt":"Nyckelsk\u00e5p f\u00f6r utomhusbruk Till webbshoppen! \u2713 Anv\u00e4ndarv\u00e4nligt \u2713 Motst\u00e5ndskraftigt och s\u00e4kert \u2713 Olika modeller Ett nyckelsk\u00e5p f\u00f6r utomhusbruk \u00e4r en viktig del av en effektiv hantering av tilltr\u00e4desr\u00e4ttigheter, oavsett om du driver ett f\u00f6retag, \u00e4r hyresv\u00e4rd eller helt enkelt beh\u00f6ver en s\u00e4ker plats f\u00f6r dina reservnycklar. P\u00e5 Keybox.co.uk f\u00f6rst\u00e5r vi...","rel":"","context":"Liknande inl\u00e4gg","block_context":{"text":"Liknande inl\u00e4gg","link":""},"img":{"alt_text":"kluis peugeot","src":"https:\/\/i0.wp.com\/keybox.nl\/wp-content\/uploads\/2022\/02\/KSB007-Peugeot-scaled-e1643751089776.jpg?resize=350%2C200&ssl=1","width":350,"height":200,"srcset":"https:\/\/i0.wp.com\/keybox.nl\/wp-content\/uploads\/2022\/02\/KSB007-Peugeot-scaled-e1643751089776.jpg?resize=350%2C200&ssl=1 1x, https:\/\/i0.wp.com\/keybox.nl\/wp-content\/uploads\/2022\/02\/KSB007-Peugeot-scaled-e1643751089776.jpg?resize=525%2C300&ssl=1 1.5x"},"classes":[]},{"id":1526,"url":"https:\/\/keybox.nl\/sv\/safe-kluis-kopen\/","url_meta":{"origin":1508,"position":4},"title":"K\u00f6p S\u00e4kert s\u00e4kert","author":"Keybox@beheermodule","date":"20 juli 2023","format":false,"excerpt":"K\u00f6p kassask\u00e5p eller valv G\u00e5 till webbshoppen! \u2713 Anv\u00e4ndarv\u00e4nligt \u2713 Motst\u00e5ndskraftigt och s\u00e4kert \u2713 Olika modeller Om du v\u00e4rdes\u00e4tter s\u00e4kerhet och tillf\u00f6rlitlighet \u00e4r det f\u00f6rsta steget att k\u00f6pa ett kassask\u00e5p eller kassask\u00e5p. \u00c4ven om dessa termer ofta anv\u00e4nds omv\u00e4xlande finns det subtila skillnader. A...","rel":"","context":"Liknande inl\u00e4gg","block_context":{"text":"Liknande inl\u00e4gg","link":""},"img":{"alt_text":"Regenkap Keysecuritybox","src":"https:\/\/i0.wp.com\/keybox.nl\/wp-content\/uploads\/2022\/01\/IMG_5364-scaled.jpg?resize=350%2C200&ssl=1","width":350,"height":200,"srcset":"https:\/\/i0.wp.com\/keybox.nl\/wp-content\/uploads\/2022\/01\/IMG_5364-scaled.jpg?resize=350%2C200&ssl=1 1x, https:\/\/i0.wp.com\/keybox.nl\/wp-content\/uploads\/2022\/01\/IMG_5364-scaled.jpg?resize=525%2C300&ssl=1 1.5x, https:\/\/i0.wp.com\/keybox.nl\/wp-content\/uploads\/2022\/01\/IMG_5364-scaled.jpg?resize=700%2C400&ssl=1 2x, https:\/\/i0.wp.com\/keybox.nl\/wp-content\/uploads\/2022\/01\/IMG_5364-scaled.jpg?resize=1050%2C600&ssl=1 3x, https:\/\/i0.wp.com\/keybox.nl\/wp-content\/uploads\/2022\/01\/IMG_5364-scaled.jpg?resize=1400%2C800&ssl=1 4x"},"classes":[]},{"id":1527,"url":"https:\/\/keybox.nl\/sv\/advies-sleutelkluis-opvragen\/","url_meta":{"origin":1508,"position":5},"title":"r\u00e5d-nyckel s\u00e4kert-beg\u00e4ran","author":"Keybox@beheermodule","date":"20 juli 2023","format":false,"excerpt":"Be om r\u00e5d om ett nyckelsk\u00e5p Till webbshoppen! \u2713 Anv\u00e4ndarv\u00e4nligt \u2713 Motst\u00e5ndskraftigt och s\u00e4kert \u2713 Olika modeller Att be om r\u00e5d om ett nyckelsk\u00e5p \u00e4r det f\u00f6rsta steget mot en s\u00e4krare aff\u00e4rsmilj\u00f6. Att v\u00e4lja r\u00e4tt nyckelsk\u00e5p kan vara en komplex uppgift, med tanke p\u00e5 m\u00e5ngfalden och de tekniska innovationerna. P\u00e5 Keybox.co.uk f\u00f6rst\u00e5r vi...","rel":"","context":"Liknande inl\u00e4gg","block_context":{"text":"Liknande inl\u00e4gg","link":""},"img":{"alt_text":"","src":"https:\/\/i0.wp.com\/keybox.nl\/wp-content\/uploads\/2023\/02\/Keysafe-Big-Pro-sleutelkastje_keybox.jpeg?resize=350%2C200&ssl=1","width":350,"height":200,"srcset":"https:\/\/i0.wp.com\/keybox.nl\/wp-content\/uploads\/2023\/02\/Keysafe-Big-Pro-sleutelkastje_keybox.jpeg?resize=350%2C200&ssl=1 1x, https:\/\/i0.wp.com\/keybox.nl\/wp-content\/uploads\/2023\/02\/Keysafe-Big-Pro-sleutelkastje_keybox.jpeg?resize=525%2C300&ssl=1 1.5x, https:\/\/i0.wp.com\/keybox.nl\/wp-content\/uploads\/2023\/02\/Keysafe-Big-Pro-sleutelkastje_keybox.jpeg?resize=700%2C400&ssl=1 2x"},"classes":[]}],"jetpack_sharing_enabled":true,"_links":{"self":[{"href":"https:\/\/keybox.nl\/sv\/wp-json\/wp\/v2\/pages\/1508","targetHints":{"allow":["GET"]}}],"collection":[{"href":"https:\/\/keybox.nl\/sv\/wp-json\/wp\/v2\/pages"}],"about":[{"href":"https:\/\/keybox.nl\/sv\/wp-json\/wp\/v2\/types\/page"}],"author":[{"embeddable":true,"href":"https:\/\/keybox.nl\/sv\/wp-json\/wp\/v2\/users\/1"}],"replies":[{"embeddable":true,"href":"https:\/\/keybox.nl\/sv\/wp-json\/wp\/v2\/comments?post=1508"}],"version-history":[{"count":6,"href":"https:\/\/keybox.nl\/sv\/wp-json\/wp\/v2\/pages\/1508\/revisions"}],"predecessor-version":[{"id":1658,"href":"https:\/\/keybox.nl\/sv\/wp-json\/wp\/v2\/pages\/1508\/revisions\/1658"}],"wp:attachment":[{"href":"https:\/\/keybox.nl\/sv\/wp-json\/wp\/v2\/media?parent=1508"}],"curies":[{"name":"wp","href":"https:\/\/api.w.org\/{rel}","templated":true}]}}