{"id":1455,"date":"2023-03-08T15:01:44","date_gmt":"2023-03-08T15:01:44","guid":{"rendered":"http:\/\/keybox.nl\/?page_id=1455"},"modified":"2023-03-15T20:31:58","modified_gmt":"2023-03-15T20:31:58","slug":"contact","status":"publish","type":"page","link":"https:\/\/keybox.nl\/sv\/contact\/","title":{"rendered":"Kontakt"},"content":{"rendered":"<div class=\"wp-block-contact-form-7-contact-form-selector\">\n<div class=\"wpcf7 no-js\" id=\"wpcf7-f1465-o1\" lang=\"nl-NL\" dir=\"ltr\" data-wpcf7-id=\"1465\">\n<div class=\"screen-reader-response\"><p role=\"status\" aria-live=\"polite\" aria-atomic=\"true\"><\/p> <ul><\/ul><\/div>\n<form action=\"\/sv\/wp-json\/wp\/v2\/pages\/1455#wpcf7-f1465-o1\" method=\"post\" class=\"wpcf7-form init\" aria-label=\"Kontaktformul\u00e4r\" enctype=\"multipart\/form-data\" novalidate=\"novalidate\" data-status=\"init\" data-trp-original-action=\"\/sv\/wp-json\/wp\/v2\/pages\/1455#wpcf7-f1465-o1\">\n<fieldset class=\"hidden-fields-container\"><input type=\"hidden\" name=\"_wpcf7\" value=\"1465\" \/><input type=\"hidden\" name=\"_wpcf7_version\" value=\"6.1.5\" \/><input type=\"hidden\" name=\"_wpcf7_locale\" value=\"nl_NL\" \/><input type=\"hidden\" name=\"_wpcf7_unit_tag\" value=\"wpcf7-f1465-o1\" \/><input type=\"hidden\" name=\"_wpcf7_container_post\" value=\"0\" \/><input type=\"hidden\" name=\"_wpcf7_posted_data_hash\" value=\"\" \/>\n<\/fieldset>\n<p><label> Ditt namn<br \/>\n<span class=\"wpcf7-form-control-wrap\" data-name=\"your-name\"><input size=\"40\" maxlength=\"400\" class=\"wpcf7-form-control wpcf7-text wpcf7-validates-as-required\" autocomplete=\"name\" aria-required=\"true\" aria-invalid=\"false\" value=\"\" type=\"text\" name=\"your-name\" \/><\/span> <\/label><br \/>\n<label> Din e-postadress<br \/>\n<span class=\"wpcf7-form-control-wrap\" data-name=\"your-email\"><input size=\"40\" maxlength=\"400\" class=\"wpcf7-form-control wpcf7-email wpcf7-validates-as-required wpcf7-text wpcf7-validates-as-email\" autocomplete=\"email\" aria-required=\"true\" aria-invalid=\"false\" value=\"\" type=\"email\" name=\"your-email\" \/><\/span> <\/label><br \/>\n<label> Ditt telefonnummer (valfritt)<br \/>\n<span class=\"wpcf7-form-control-wrap\" data-name=\"tel-669\"><input size=\"40\" maxlength=\"400\" class=\"wpcf7-form-control wpcf7-tel wpcf7-text wpcf7-validates-as-tel\" aria-invalid=\"false\" value=\"\" type=\"tel\" name=\"tel-669\" \/><\/span><br \/>\n<\/label>\n<\/p>\n<p><br \/>\n<span class=\"wpcf7-form-control-wrap\" data-name=\"radio-706\"><span class=\"wpcf7-form-control wpcf7-radio\"><span class=\"wpcf7-list-item first\"><label><input type=\"radio\" name=\"radio-706\" value=\"offerte aanvraag\" checked=\"checked\" \/><span class=\"wpcf7-list-item-label\">beg\u00e4ran om offert<\/span><\/label><\/span><span class=\"wpcf7-list-item\"><label><input type=\"radio\" name=\"radio-706\" value=\"informatie\" \/><span class=\"wpcf7-list-item-label\">information<\/span><\/label><\/span><span class=\"wpcf7-list-item last\"><label><input type=\"radio\" name=\"radio-706\" value=\"advies bezoek aanvraag\" \/><span class=\"wpcf7-list-item-label\">r\u00e5d bes\u00f6k f\u00f6rfr\u00e5gan<\/span><\/label><\/span><\/span><\/span>\n<\/p>\n<p><label> \u00c4mne<br \/>\n<span class=\"wpcf7-form-control-wrap\" data-name=\"your-subject\"><input size=\"40\" maxlength=\"400\" class=\"wpcf7-form-control wpcf7-text wpcf7-validates-as-required\" aria-required=\"true\" aria-invalid=\"false\" value=\"\" type=\"text\" name=\"your-subject\" \/><\/span> <\/label>\n<\/p>\n<p><label> Ditt meddelande<br \/>\n<span class=\"wpcf7-form-control-wrap\" data-name=\"your-message\"><textarea cols=\"40\" rows=\"10\" maxlength=\"2000\" class=\"wpcf7-form-control wpcf7-textarea\" aria-invalid=\"false\" name=\"your-message\"><\/textarea><\/span> <\/label><br \/>\n<span class=\"wpcf7-form-control-wrap\" data-name=\"file-785\"><input size=\"40\" class=\"wpcf7-form-control wpcf7-file\" accept=\".jpg,.pdf,.jpeg\" aria-invalid=\"false\" type=\"file\" name=\"file-785\" \/><\/span> jpg\/jpeg\/pdf max. 3mb<br \/>\n<span class=\"wpcf7-form-control-wrap\" data-name=\"file-193\"><input size=\"40\" class=\"wpcf7-form-control wpcf7-file\" accept=\".jpg,.pdf,.jpeg\" aria-invalid=\"false\" type=\"file\" name=\"file-193\" \/><\/span> jpg\/jpeg\/pdf max. 3mb\n<\/p>\n<p><input class=\"wpcf7-form-control wpcf7-submit has-spinner\" type=\"submit\" value=\"Frakt\" \/>\n<\/p><div class=\"wpcf7-response-output\" aria-hidden=\"true\"><\/div>\n<input type=\"hidden\" name=\"trp-form-language\" value=\"sv\"\/><\/form>\n<\/div>\n<\/div>","protected":false},"excerpt":{"rendered":"","protected":false},"author":1,"featured_media":0,"parent":0,"menu_order":0,"comment_status":"closed","ping_status":"closed","template":"","meta":{"footnotes":""},"class_list":["post-1455","page","type-page","status-publish","hentry"],"yoast_head":"<!-- This site is optimized with the Yoast SEO plugin v27.4 - https:\/\/yoast.com\/product\/yoast-seo-wordpress\/ -->\n<title>Contact -<\/title>\n<meta name=\"robots\" content=\"index, follow, max-snippet:-1, max-image-preview:large, max-video-preview:-1\" \/>\n<link rel=\"canonical\" href=\"https:\/\/keybox.nl\/sv\/contact\/\" \/>\n<meta property=\"og:locale\" content=\"sv_SE\" \/>\n<meta property=\"og:type\" content=\"article\" \/>\n<meta property=\"og:title\" content=\"Contact -\" \/>\n<meta property=\"og:url\" content=\"https:\/\/keybox.nl\/sv\/contact\/\" \/>\n<meta property=\"article:modified_time\" content=\"2023-03-15T20:31:58+00:00\" \/>\n<meta name=\"twitter:card\" content=\"summary_large_image\" \/>\n<meta name=\"twitter:label1\" content=\"Ber\u00e4knad l\u00e4stid\" \/>\n\t<meta name=\"twitter:data1\" content=\"1 minut\" \/>\n<script type=\"application\/ld+json\" class=\"yoast-schema-graph\">{\"@context\":\"https:\\\/\\\/schema.org\",\"@graph\":[{\"@type\":\"WebPage\",\"@id\":\"https:\\\/\\\/keybox.nl\\\/contact\\\/\",\"url\":\"https:\\\/\\\/keybox.nl\\\/contact\\\/\",\"name\":\"Contact -\",\"isPartOf\":{\"@id\":\"https:\\\/\\\/keybox.nl\\\/#website\"},\"datePublished\":\"2023-03-08T15:01:44+00:00\",\"dateModified\":\"2023-03-15T20:31:58+00:00\",\"breadcrumb\":{\"@id\":\"https:\\\/\\\/keybox.nl\\\/contact\\\/#breadcrumb\"},\"inLanguage\":\"sv-SE\",\"potentialAction\":[{\"@type\":\"ReadAction\",\"target\":[\"https:\\\/\\\/keybox.nl\\\/contact\\\/\"]}]},{\"@type\":\"BreadcrumbList\",\"@id\":\"https:\\\/\\\/keybox.nl\\\/contact\\\/#breadcrumb\",\"itemListElement\":[{\"@type\":\"ListItem\",\"position\":1,\"name\":\"Home\",\"item\":\"https:\\\/\\\/keybox.nl\\\/\"},{\"@type\":\"ListItem\",\"position\":2,\"name\":\"Contact\"}]},{\"@type\":\"WebSite\",\"@id\":\"https:\\\/\\\/keybox.nl\\\/#website\",\"url\":\"https:\\\/\\\/keybox.nl\\\/\",\"name\":\"\",\"description\":\"\",\"potentialAction\":[{\"@type\":\"SearchAction\",\"target\":{\"@type\":\"EntryPoint\",\"urlTemplate\":\"https:\\\/\\\/keybox.nl\\\/?s={search_term_string}\"},\"query-input\":{\"@type\":\"PropertyValueSpecification\",\"valueRequired\":true,\"valueName\":\"search_term_string\"}}],\"inLanguage\":\"sv-SE\"}]}<\/script>\n<!-- \/ Yoast SEO plugin. -->","yoast_head_json":{"title":"Kontakta oss","robots":{"index":"index","follow":"follow","max-snippet":"max-snippet:-1","max-image-preview":"max-image-preview:large","max-video-preview":"max-video-preview:-1"},"canonical":"https:\/\/keybox.nl\/sv\/contact\/","og_locale":"sv_SE","og_type":"article","og_title":"Contact -","og_url":"https:\/\/keybox.nl\/sv\/contact\/","article_modified_time":"2023-03-15T20:31:58+00:00","twitter_card":"summary_large_image","twitter_misc":{"Ber\u00e4knad l\u00e4stid":"1 minut"},"schema":{"@context":"https:\/\/schema.org","@graph":[{"@type":"WebPage","@id":"https:\/\/keybox.nl\/contact\/","url":"https:\/\/keybox.nl\/contact\/","name":"Kontakta oss","isPartOf":{"@id":"https:\/\/keybox.nl\/#website"},"datePublished":"2023-03-08T15:01:44+00:00","dateModified":"2023-03-15T20:31:58+00:00","breadcrumb":{"@id":"https:\/\/keybox.nl\/contact\/#breadcrumb"},"inLanguage":"sv-SE","potentialAction":[{"@type":"ReadAction","target":["https:\/\/keybox.nl\/contact\/"]}]},{"@type":"BreadcrumbList","@id":"https:\/\/keybox.nl\/contact\/#breadcrumb","itemListElement":[{"@type":"ListItem","position":1,"name":"Home","item":"https:\/\/keybox.nl\/"},{"@type":"ListItem","position":2,"name":"Contact"}]},{"@type":"WebSite","@id":"https:\/\/keybox.nl\/#website","url":"https:\/\/keybox.nl\/","name":"","description":"","potentialAction":[{"@type":"SearchAction","target":{"@type":"EntryPoint","urlTemplate":"https:\/\/keybox.nl\/?s={search_term_string}"},"query-input":{"@type":"PropertyValueSpecification","valueRequired":true,"valueName":"search_term_string"}}],"inLanguage":"sv-SE"}]}},"jetpack-related-posts":[{"id":550,"url":"https:\/\/keybox.nl\/sv\/sleutelkastjes-met-code-kopen\/","url_meta":{"origin":1455,"position":0},"title":"K\u00f6p nyckelsk\u00e5p med kod","author":"Keybox@beheermodule","date":"11 mars 2022","format":false,"excerpt":"K\u00f6p s\u00e4kra nyckelboxar med kod Till webbshoppen! \u2713 Anv\u00e4ndarv\u00e4nligt \u2713 T\u00e5ligt och s\u00e4kert \u2713 Olika modeller Keybox.se \u00e4r webbplatsen f\u00f6r att k\u00f6pa kvalitetssk\u00e5p med kod. I v\u00e5ra sk\u00e5p kan du enkelt hantera upp till sju nycklar. Det finns ett antal alternativ p\u00e5 dem som du kan anpassa efter dina behov...","rel":"","context":"Liknande inl\u00e4gg","block_context":{"text":"Liknande inl\u00e4gg","link":""},"img":{"alt_text":"","src":"https:\/\/i0.wp.com\/keybox.nl\/wp-content\/uploads\/2022\/02\/Digibox-7-haken-Keybox-e1645195424393.jpg?resize=350%2C200&ssl=1","width":350,"height":200},"classes":[]},{"id":552,"url":"https:\/\/keybox.nl\/sv\/kluis-waardeberging-kopen\/","url_meta":{"origin":1455,"position":1},"title":"K\u00f6pa bankfack","author":"Keybox@beheermodule","date":"11 mars 2022","format":false,"excerpt":"K\u00f6pa ett kassask\u00e5p med h\u00f6g s\u00e4kerhet Till webbshoppen! \u2713 Anv\u00e4ndarv\u00e4nligt \u2713 Motst\u00e5ndskraftigt och s\u00e4kert \u2713 Olika modeller F\u00f6r mycket v\u00e4rdefulla \u00e4godelar b\u00f6r du k\u00f6pa ett kassask\u00e5p med h\u00f6g lagringskapacitet. Det maximala v\u00e4rdet f\u00f6r ett kassask\u00e5p anger upp till vilket belopp inneh\u00e5llet i ditt kassask\u00e5p \u00e4r f\u00f6rs\u00e4krat....","rel":"","context":"Liknande inl\u00e4gg","block_context":{"text":"Liknande inl\u00e4gg","link":""},"img":{"alt_text":"","src":"https:\/\/i0.wp.com\/keybox.nl\/wp-content\/uploads\/2021\/12\/KSB_102_1-e1638478691321.jpg?resize=350%2C200&ssl=1","width":350,"height":200,"srcset":"https:\/\/i0.wp.com\/keybox.nl\/wp-content\/uploads\/2021\/12\/KSB_102_1-e1638478691321.jpg?resize=350%2C200&ssl=1 1x, https:\/\/i0.wp.com\/keybox.nl\/wp-content\/uploads\/2021\/12\/KSB_102_1-e1638478691321.jpg?resize=525%2C300&ssl=1 1.5x, https:\/\/i0.wp.com\/keybox.nl\/wp-content\/uploads\/2021\/12\/KSB_102_1-e1638478691321.jpg?resize=700%2C400&ssl=1 2x"},"classes":[]},{"id":1507,"url":"https:\/\/keybox.nl\/sv\/sleutelkluis-bevestigen\/","url_meta":{"origin":1455,"position":2},"title":"fixa nyckel s\u00e4kert","author":"Keybox@beheermodule","date":"20 juli 2023","format":false,"excerpt":"Fixa ett nyckelsk\u00e5p Till webbshoppen! \u2713 Anv\u00e4ndarv\u00e4nligt \u2713 T\u00e5ligt och s\u00e4kert \u2713 Olika modeller Att montera ett nyckelsk\u00e5p p\u00e5 ett s\u00e4kert s\u00e4tt \u00e4r inte l\u00e4tt. Det \u00e4r dock viktigt att g\u00f6ra det p\u00e5 r\u00e4tt s\u00e4tt s\u00e5 att sk\u00e5pet sitter ordentligt fast i v\u00e4ggen. Keybox.co.uk ber\u00e4ttar g\u00e4rna mer om hur du...","rel":"","context":"Liknande inl\u00e4gg","block_context":{"text":"Liknande inl\u00e4gg","link":""},"img":{"alt_text":"Keysafe Big Pro","src":"https:\/\/i0.wp.com\/keybox.nl\/wp-content\/uploads\/2023\/02\/S7-Pro-Big-Box-Key-Safe.jpg?resize=350%2C200&ssl=1","width":350,"height":200,"srcset":"https:\/\/i0.wp.com\/keybox.nl\/wp-content\/uploads\/2023\/02\/S7-Pro-Big-Box-Key-Safe.jpg?resize=350%2C200&ssl=1 1x, https:\/\/i0.wp.com\/keybox.nl\/wp-content\/uploads\/2023\/02\/S7-Pro-Big-Box-Key-Safe.jpg?resize=525%2C300&ssl=1 1.5x, https:\/\/i0.wp.com\/keybox.nl\/wp-content\/uploads\/2023\/02\/S7-Pro-Big-Box-Key-Safe.jpg?resize=700%2C400&ssl=1 2x"},"classes":[]},{"id":326,"url":"https:\/\/keybox.nl\/sv\/goedkope-kluis-kopen\/","url_meta":{"origin":1455,"position":3},"title":"K\u00f6p billigt s\u00e4kert","author":"Keybox@beheermodule","date":"3 mars 2022","format":false,"excerpt":"K\u00f6p ett billigt kassask\u00e5p av h\u00f6g kvalitet Till webbshoppen! \u2713 Anv\u00e4ndarv\u00e4nligt \u2713 Motst\u00e5ndskraftigt och s\u00e4kert \u2713 Olika modeller P\u00e5 Keybox.se kan du k\u00f6pa ett billigt och motst\u00e5ndskraftigt kassask\u00e5p till ditt f\u00f6retag. Tack vare v\u00e5ra kassask\u00e5p kan du h\u00e5lla nyckelutl\u00e4mningen s\u00e4ker hela tiden. Dessutom beh\u00f6ver ingen vara n\u00e4rvarande f\u00f6r att...","rel":"","context":"Liknande inl\u00e4gg","block_context":{"text":"Liknande inl\u00e4gg","link":""},"img":{"alt_text":"","src":"https:\/\/i0.wp.com\/keybox.nl\/wp-content\/uploads\/2021\/12\/KSB_102_1-e1638478691321.jpg?resize=350%2C200&ssl=1","width":350,"height":200,"srcset":"https:\/\/i0.wp.com\/keybox.nl\/wp-content\/uploads\/2021\/12\/KSB_102_1-e1638478691321.jpg?resize=350%2C200&ssl=1 1x, https:\/\/i0.wp.com\/keybox.nl\/wp-content\/uploads\/2021\/12\/KSB_102_1-e1638478691321.jpg?resize=525%2C300&ssl=1 1.5x, https:\/\/i0.wp.com\/keybox.nl\/wp-content\/uploads\/2021\/12\/KSB_102_1-e1638478691321.jpg?resize=700%2C400&ssl=1 2x"},"classes":[]},{"id":1400,"url":"https:\/\/keybox.nl\/sv\/montage-installatie\/","url_meta":{"origin":1455,"position":4},"title":"Montering och installation av ditt kassask\u00e5p","author":"Keybox@beheermodule","date":"16 februari 2023","format":false,"excerpt":"K\u00f6pa ett kassask\u00e5p och f\u00e5 det professionellt installerat? V\u00e4lj Keybox.co.uk Du kan inte bara k\u00f6pa ett kassask\u00e5p p\u00e5 Keybox.co.uk, utan ocks\u00e5 f\u00e5 ditt kassask\u00e5p professionellt monterat och installerat. Vi erbjuder en komplett tj\u00e4nst: fr\u00e5n personlig r\u00e5dgivning till professionell installation p\u00e5 plats. S\u00e5 du kan vara s\u00e4ker p\u00e5 maximal s\u00e4kerhet...","rel":"","context":"Liknande inl\u00e4gg","block_context":{"text":"Liknande inl\u00e4gg","link":""},"img":{"alt_text":"","src":"https:\/\/i0.wp.com\/keybox.nl\/wp-content\/uploads\/2023\/02\/Bestelbus-keybox.jpg?resize=350%2C200&ssl=1","width":350,"height":200,"srcset":"https:\/\/i0.wp.com\/keybox.nl\/wp-content\/uploads\/2023\/02\/Bestelbus-keybox.jpg?resize=350%2C200&ssl=1 1x, https:\/\/i0.wp.com\/keybox.nl\/wp-content\/uploads\/2023\/02\/Bestelbus-keybox.jpg?resize=525%2C300&ssl=1 1.5x, https:\/\/i0.wp.com\/keybox.nl\/wp-content\/uploads\/2023\/02\/Bestelbus-keybox.jpg?resize=700%2C400&ssl=1 2x"},"classes":[]},{"id":540,"url":"https:\/\/keybox.nl\/sv\/afstortkluis-bestellen\/","url_meta":{"origin":1455,"position":5},"title":"Best\u00e4llning av deponeringssk\u00e5p","author":"Keybox@beheermodule","date":"11 mars 2022","format":false,"excerpt":"Best\u00e4ll ett s\u00e4kert kassask\u00e5p Till webbshoppen! \u2713 Anv\u00e4ndarv\u00e4nligt \u2713 T\u00e5ligt och s\u00e4kert \u2713 Olika modeller Ett kassask\u00e5p \u00e4r ett perfekt val att best\u00e4lla n\u00e4r du vill f\u00f6rvara nycklar eller andra sm\u00e5 f\u00f6rem\u00e5l p\u00e5 ett s\u00e4kert s\u00e4tt i ditt f\u00f6retag. Tack vare det smarta deponeringssystemet och v\u00e4ggar av massivt tr\u00e4 \u00e4r v\u00e5ra kassask\u00e5p...","rel":"","context":"Liknande inl\u00e4gg","block_context":{"text":"Liknande inl\u00e4gg","link":""},"img":{"alt_text":"","src":"https:\/\/i0.wp.com\/keybox.nl\/wp-content\/uploads\/2022\/01\/IMG_5363-scaled-e1643386544179.jpg?resize=350%2C200&ssl=1","width":350,"height":200},"classes":[]}],"jetpack_sharing_enabled":true,"_links":{"self":[{"href":"https:\/\/keybox.nl\/sv\/wp-json\/wp\/v2\/pages\/1455","targetHints":{"allow":["GET"]}}],"collection":[{"href":"https:\/\/keybox.nl\/sv\/wp-json\/wp\/v2\/pages"}],"about":[{"href":"https:\/\/keybox.nl\/sv\/wp-json\/wp\/v2\/types\/page"}],"author":[{"embeddable":true,"href":"https:\/\/keybox.nl\/sv\/wp-json\/wp\/v2\/users\/1"}],"replies":[{"embeddable":true,"href":"https:\/\/keybox.nl\/sv\/wp-json\/wp\/v2\/comments?post=1455"}],"version-history":[{"count":5,"href":"https:\/\/keybox.nl\/sv\/wp-json\/wp\/v2\/pages\/1455\/revisions"}],"predecessor-version":[{"id":1491,"href":"https:\/\/keybox.nl\/sv\/wp-json\/wp\/v2\/pages\/1455\/revisions\/1491"}],"wp:attachment":[{"href":"https:\/\/keybox.nl\/sv\/wp-json\/wp\/v2\/media?parent=1455"}],"curies":[{"name":"wp","href":"https:\/\/api.w.org\/{rel}","templated":true}]}}