{"id":1400,"date":"2023-02-16T10:58:47","date_gmt":"2023-02-16T10:58:47","guid":{"rendered":"http:\/\/keybox.nl\/?page_id=1400"},"modified":"2026-02-11T09:11:55","modified_gmt":"2026-02-11T09:11:55","slug":"montage-installatie","status":"publish","type":"page","link":"https:\/\/keybox.nl\/sv\/montage-installatie\/","title":{"rendered":"Montering och installation av ditt kassask\u00e5p"},"content":{"rendered":"<p>Vill du k\u00f6pa ett kassask\u00e5p och f\u00e5 det professionellt installerat? V\u00e4lj Keybox.co.uk<\/p>\n\n\n\n<p>Vid&nbsp;<strong>Keybox.se<\/strong>&nbsp;kan du inte bara k\u00f6pa ett kassask\u00e5p, utan ocks\u00e5 f\u00f6r&nbsp;<strong>fackmannam\u00e4ssig montering och installation av ditt kassask\u00e5p<\/strong>. Vi erbjuder en komplett tj\u00e4nst: fr\u00e5n personlig r\u00e5dgivning till professionell installation p\u00e5 plats. Detta garanterar maximal s\u00e4kerhet och bekv\u00e4mlighet.<\/p>\n\n\n\n<h3 class=\"wp-block-heading\">Erfaret installationsteam f\u00f6r montering av valv<\/h3>\n\n\n\n<p>V\u00e5rt interna, erfarna installationsteam har redan&nbsp;<strong>otaliga kassask\u00e5p monterade och f\u00f6rankrade<\/strong>&nbsp;p\u00e5 b\u00e5de privatpersoner och f\u00f6retag. Oavsett om det handlar om en&nbsp;<strong>inbrottss\u00e4kert kassask\u00e5p, brands\u00e4kert kassask\u00e5p, golvsk\u00e5p eller vapensk\u00e5p<\/strong>, s\u00e4kerst\u00e4ller vi en s\u00e4ker och korrekt installation i enlighet med g\u00e4llande standarder.<\/p>\n\n\n\n<p>Att installera ett kassask\u00e5p p\u00e5 r\u00e4tt s\u00e4tt \u00e4r avg\u00f6rande f\u00f6r s\u00e4kerheten och f\u00f6r giltigheten av eventuella f\u00f6rs\u00e4kringsanspr\u00e5k. Det \u00e4r d\u00e4rf\u00f6r vi g\u00e4rna ger dig r\u00e5d om:<\/p>\n\n\n\n<ul class=\"wp-block-list\">\n<li>Korrekt placering av ditt kassask\u00e5p<\/li>\n\n\n\n<li>Professionell f\u00f6rankring i golv eller v\u00e4gg<\/li>\n\n\n\n<li>Installation enligt f\u00f6rs\u00e4kringsm\u00e4ssiga riktlinjer<\/li>\n\n\n\n<li>Den b\u00e4sta l\u00f6sningen f\u00f6r din situation<\/li>\n<\/ul>\n\n\n\n<h3 class=\"wp-block-heading\">Installation enligt f\u00f6rs\u00e4kringskrav (t.ex. Bovemij)<\/h3>\n\n\n\n<p>I samarbete med bland andra\u00a0<strong>f\u00f6rs\u00e4kringsbolag Bovemij<\/strong>\u00a0utf\u00f6r vi installationer enligt deras specifika krav. Det inneb\u00e4r att eventuella skador \u00e4r helt t\u00e4ckta och att du\u00a0<strong>inget \u00f6verskott<\/strong>\u00a0har i h\u00e4ndelse av skada.<\/p>\n\n\n\n<h3 class=\"wp-block-heading\">Totalerbjudande f\u00f6r leverans och installation<\/h3>\n\n\n\n<p>Vi \u00e4r glada att kunna g\u00f6ra en&nbsp;<strong>totalerbjudande f\u00f6r leverans och installation av ditt kassask\u00e5p<\/strong>. P\u00e5 s\u00e5 s\u00e4tt vet du exakt var du st\u00e5r i f\u00f6rv\u00e4g och kan dra nytta av en enda kontaktpunkt under hela processen.<\/p>\n\n\n\n<p>Vill du k\u00f6pa ett kassask\u00e5p inklusive professionell installation?<br>Kontakta sedan&nbsp;<strong>Keybox.se<\/strong>&nbsp;F\u00f6r expertr\u00e5dgivning och en offert utan f\u00f6rpliktelse.luis.<\/p>\n\n\n\n<h2 class=\"wp-block-heading has-text-align-center\"><strong>\u00c4r du intresserad av att best\u00e4lla ett kassask\u00e5p fr\u00e5n oss?<\/strong><\/h2>\n\n\n\n<div class=\"wp-block-buttons is-content-justification-center is-layout-flex wp-container-core-buttons-is-layout-a89b3969 wp-block-buttons-is-layout-flex\">\n<div class=\"wp-block-button is-style-outline is-style-outline--1\"><a class=\"wp-block-button__link wp-element-button\">Se webbshoppen<\/a><\/div>\n<\/div>\n\n\n\n<h3 class=\"wp-block-heading\">Beg\u00e4r en offert utan f\u00f6rpliktelse<\/h3>\n\n\n\n<p>\u00c4r du intresserad av n\u00e5got av v\u00e5ra <a href=\"http:\/\/keybox.nl\/sv\/inbraakwerende-kluis-kopen\/\">inbrottsskyddade kassask\u00e5p<\/a> och vill \u00f6verl\u00e5ta monteringen av ditt kassask\u00e5p till v\u00e5ra experter? Beg\u00e4r d\u00e5 en offert utan f\u00f6rpliktelse eller boka ett m\u00f6te med oss i Bussum f\u00f6r att <a href=\"http:\/\/keybox.nl\/sv\/advies-sleutelkluis-opvragen\/\">f\u00e5 r\u00e5d f\u00f6r ditt nyckelsk\u00e5p<\/a>. Du kan n\u00e5 oss via <a href=\"http:\/\/keybox.nl\/sv\/contact\/\">kontaktformul\u00e4r<\/a> eller genom att ringa <a href=\"tel:0031355330658\">+31 355330658<\/a>.<\/p>\n\n\n<div class=\"wp-block-image\">\n<figure class=\"alignleft size-full is-resized\"><img decoding=\"async\" width=\"900\" height=\"364\" src=\"http:\/\/keybox.nl\/wp-content\/uploads\/2023\/02\/Bestelbus-keybox.jpg\" alt=\"Servicewage Keysecuritybox\" class=\"wp-image-1407\" style=\"width:554px;height:223px\" srcset=\"https:\/\/keybox.nl\/wp-content\/uploads\/2023\/02\/Bestelbus-keybox.jpg 900w, https:\/\/keybox.nl\/wp-content\/uploads\/2023\/02\/Bestelbus-keybox-416x168.jpg 416w, https:\/\/keybox.nl\/wp-content\/uploads\/2023\/02\/Bestelbus-keybox-300x121.jpg 300w, https:\/\/keybox.nl\/wp-content\/uploads\/2023\/02\/Bestelbus-keybox-768x311.jpg 768w\" sizes=\"(max-width: 900px) 100vw, 900px\" \/><\/figure>\n<\/div>","protected":false},"excerpt":{"rendered":"<p>Kluis kopen \u00e9n professioneel laten installeren? Kies voor Keybox.nl Bij&nbsp;Keybox.nl&nbsp;kunt u niet alleen terecht voor het kopen van een kluis, maar ook voor de&nbsp;vakkundige montage en installatie van uw kluis. Wij bieden een complete service: van persoonlijk advies tot professionele plaatsing op locatie. Zo bent u verzekerd van maximale veiligheid \u00e9n gebruiksgemak. Ervaren installatieteam voor [&hellip;]<\/p>\n","protected":false},"author":1,"featured_media":0,"parent":0,"menu_order":0,"comment_status":"closed","ping_status":"closed","template":"","meta":{"footnotes":""},"class_list":["post-1400","page","type-page","status-publish","hentry"],"yoast_head":"<!-- This site is optimized with the Yoast SEO plugin v27.4 - https:\/\/yoast.com\/product\/yoast-seo-wordpress\/ -->\n<title>Montage van uw nieuwe kluis -<\/title>\n<meta name=\"description\" content=\"Wanneer u bij ons een kluis aankoopt, verzorgen wij ook de montage. Schakel ons ervaren installatieteam in voor de installatie en loop geen enkel risico.\" \/>\n<meta name=\"robots\" content=\"index, follow, max-snippet:-1, max-image-preview:large, max-video-preview:-1\" \/>\n<link rel=\"canonical\" href=\"https:\/\/keybox.nl\/sv\/montage-installatie\/\" \/>\n<meta property=\"og:locale\" content=\"sv_SE\" \/>\n<meta property=\"og:type\" content=\"article\" \/>\n<meta property=\"og:title\" content=\"Montage van uw nieuwe kluis -\" \/>\n<meta property=\"og:description\" content=\"Wanneer u bij ons een kluis aankoopt, verzorgen wij ook de montage. Schakel ons ervaren installatieteam in voor de installatie en loop geen enkel risico.\" \/>\n<meta property=\"og:url\" content=\"https:\/\/keybox.nl\/sv\/montage-installatie\/\" \/>\n<meta property=\"article:modified_time\" content=\"2026-02-11T09:11:55+00:00\" \/>\n<meta property=\"og:image\" content=\"https:\/\/keybox.nl\/wp-content\/uploads\/2023\/02\/Bestelbus-keybox.jpg\" \/>\n\t<meta property=\"og:image:width\" content=\"900\" \/>\n\t<meta property=\"og:image:height\" content=\"364\" \/>\n\t<meta property=\"og:image:type\" content=\"image\/jpeg\" \/>\n<meta name=\"twitter:card\" content=\"summary_large_image\" \/>\n<meta name=\"twitter:label1\" content=\"Ber\u00e4knad l\u00e4stid\" \/>\n\t<meta name=\"twitter:data1\" content=\"2 minuter\" \/>\n<script type=\"application\/ld+json\" class=\"yoast-schema-graph\">{\"@context\":\"https:\\\/\\\/schema.org\",\"@graph\":[{\"@type\":\"WebPage\",\"@id\":\"https:\\\/\\\/keybox.nl\\\/montage-installatie\\\/\",\"url\":\"https:\\\/\\\/keybox.nl\\\/montage-installatie\\\/\",\"name\":\"Montage van uw nieuwe kluis -\",\"isPartOf\":{\"@id\":\"https:\\\/\\\/keybox.nl\\\/#website\"},\"primaryImageOfPage\":{\"@id\":\"https:\\\/\\\/keybox.nl\\\/montage-installatie\\\/#primaryimage\"},\"image\":{\"@id\":\"https:\\\/\\\/keybox.nl\\\/montage-installatie\\\/#primaryimage\"},\"thumbnailUrl\":\"http:\\\/\\\/keybox.nl\\\/wp-content\\\/uploads\\\/2023\\\/02\\\/Bestelbus-keybox.jpg\",\"datePublished\":\"2023-02-16T10:58:47+00:00\",\"dateModified\":\"2026-02-11T09:11:55+00:00\",\"description\":\"Wanneer u bij ons een kluis aankoopt, verzorgen wij ook de montage. Schakel ons ervaren installatieteam in voor de installatie en loop geen enkel risico.\",\"breadcrumb\":{\"@id\":\"https:\\\/\\\/keybox.nl\\\/montage-installatie\\\/#breadcrumb\"},\"inLanguage\":\"sv-SE\",\"potentialAction\":[{\"@type\":\"ReadAction\",\"target\":[\"https:\\\/\\\/keybox.nl\\\/montage-installatie\\\/\"]}]},{\"@type\":\"ImageObject\",\"inLanguage\":\"sv-SE\",\"@id\":\"https:\\\/\\\/keybox.nl\\\/montage-installatie\\\/#primaryimage\",\"url\":\"http:\\\/\\\/keybox.nl\\\/wp-content\\\/uploads\\\/2023\\\/02\\\/Bestelbus-keybox.jpg\",\"contentUrl\":\"http:\\\/\\\/keybox.nl\\\/wp-content\\\/uploads\\\/2023\\\/02\\\/Bestelbus-keybox.jpg\"},{\"@type\":\"BreadcrumbList\",\"@id\":\"https:\\\/\\\/keybox.nl\\\/montage-installatie\\\/#breadcrumb\",\"itemListElement\":[{\"@type\":\"ListItem\",\"position\":1,\"name\":\"Home\",\"item\":\"https:\\\/\\\/keybox.nl\\\/\"},{\"@type\":\"ListItem\",\"position\":2,\"name\":\"Montage en installatie van uw kluis\"}]},{\"@type\":\"WebSite\",\"@id\":\"https:\\\/\\\/keybox.nl\\\/#website\",\"url\":\"https:\\\/\\\/keybox.nl\\\/\",\"name\":\"\",\"description\":\"\",\"potentialAction\":[{\"@type\":\"SearchAction\",\"target\":{\"@type\":\"EntryPoint\",\"urlTemplate\":\"https:\\\/\\\/keybox.nl\\\/?s={search_term_string}\"},\"query-input\":{\"@type\":\"PropertyValueSpecification\",\"valueRequired\":true,\"valueName\":\"search_term_string\"}}],\"inLanguage\":\"sv-SE\"}]}<\/script>\n<!-- \/ Yoast SEO plugin. -->","yoast_head_json":{"title":"Montering av ditt nya kassask\u00e5p","description":"N\u00e4r du k\u00f6per ett kassask\u00e5p av oss tar vi \u00e4ven hand om installationen. Anlita v\u00e5rt erfarna installationsteam f\u00f6r installationen och l\u00f6p ingen risk.","robots":{"index":"index","follow":"follow","max-snippet":"max-snippet:-1","max-image-preview":"max-image-preview:large","max-video-preview":"max-video-preview:-1"},"canonical":"https:\/\/keybox.nl\/sv\/montage-installatie\/","og_locale":"sv_SE","og_type":"article","og_title":"Montage van uw nieuwe kluis -","og_description":"Wanneer u bij ons een kluis aankoopt, verzorgen wij ook de montage. Schakel ons ervaren installatieteam in voor de installatie en loop geen enkel risico.","og_url":"https:\/\/keybox.nl\/sv\/montage-installatie\/","article_modified_time":"2026-02-11T09:11:55+00:00","og_image":[{"width":900,"height":364,"url":"https:\/\/keybox.nl\/wp-content\/uploads\/2023\/02\/Bestelbus-keybox.jpg","type":"image\/jpeg"}],"twitter_card":"summary_large_image","twitter_misc":{"Ber\u00e4knad l\u00e4stid":"2 minuter"},"schema":{"@context":"https:\/\/schema.org","@graph":[{"@type":"WebPage","@id":"https:\/\/keybox.nl\/montage-installatie\/","url":"https:\/\/keybox.nl\/montage-installatie\/","name":"Montering av ditt nya kassask\u00e5p","isPartOf":{"@id":"https:\/\/keybox.nl\/#website"},"primaryImageOfPage":{"@id":"https:\/\/keybox.nl\/montage-installatie\/#primaryimage"},"image":{"@id":"https:\/\/keybox.nl\/montage-installatie\/#primaryimage"},"thumbnailUrl":"http:\/\/keybox.nl\/wp-content\/uploads\/2023\/02\/Bestelbus-keybox.jpg","datePublished":"2023-02-16T10:58:47+00:00","dateModified":"2026-02-11T09:11:55+00:00","description":"N\u00e4r du k\u00f6per ett kassask\u00e5p av oss tar vi \u00e4ven hand om installationen. Anlita v\u00e5rt erfarna installationsteam f\u00f6r installationen och l\u00f6p ingen risk.","breadcrumb":{"@id":"https:\/\/keybox.nl\/montage-installatie\/#breadcrumb"},"inLanguage":"sv-SE","potentialAction":[{"@type":"ReadAction","target":["https:\/\/keybox.nl\/montage-installatie\/"]}]},{"@type":"ImageObject","inLanguage":"sv-SE","@id":"https:\/\/keybox.nl\/montage-installatie\/#primaryimage","url":"http:\/\/keybox.nl\/wp-content\/uploads\/2023\/02\/Bestelbus-keybox.jpg","contentUrl":"http:\/\/keybox.nl\/wp-content\/uploads\/2023\/02\/Bestelbus-keybox.jpg"},{"@type":"BreadcrumbList","@id":"https:\/\/keybox.nl\/montage-installatie\/#breadcrumb","itemListElement":[{"@type":"ListItem","position":1,"name":"Home","item":"https:\/\/keybox.nl\/"},{"@type":"ListItem","position":2,"name":"Montage en installatie van uw kluis"}]},{"@type":"WebSite","@id":"https:\/\/keybox.nl\/#website","url":"https:\/\/keybox.nl\/","name":"","description":"","potentialAction":[{"@type":"SearchAction","target":{"@type":"EntryPoint","urlTemplate":"https:\/\/keybox.nl\/?s={search_term_string}"},"query-input":{"@type":"PropertyValueSpecification","valueRequired":true,"valueName":"search_term_string"}}],"inLanguage":"sv-SE"}]}},"jetpack-related-posts":[{"id":552,"url":"https:\/\/keybox.nl\/sv\/kluis-waardeberging-kopen\/","url_meta":{"origin":1400,"position":0},"title":"K\u00f6pa bankfack","author":"Keybox@beheermodule","date":"11 mars 2022","format":false,"excerpt":"K\u00f6pa ett kassask\u00e5p med h\u00f6g s\u00e4kerhet Till webbshoppen! \u2713 Anv\u00e4ndarv\u00e4nligt \u2713 Motst\u00e5ndskraftigt och s\u00e4kert \u2713 Olika modeller F\u00f6r mycket v\u00e4rdefulla \u00e4godelar b\u00f6r du k\u00f6pa ett kassask\u00e5p med h\u00f6g lagringskapacitet. Det maximala v\u00e4rdet f\u00f6r ett kassask\u00e5p anger upp till vilket belopp inneh\u00e5llet i ditt kassask\u00e5p \u00e4r f\u00f6rs\u00e4krat....","rel":"","context":"Liknande inl\u00e4gg","block_context":{"text":"Liknande inl\u00e4gg","link":""},"img":{"alt_text":"","src":"https:\/\/i0.wp.com\/keybox.nl\/wp-content\/uploads\/2021\/12\/KSB_102_1-e1638478691321.jpg?resize=350%2C200&ssl=1","width":350,"height":200,"srcset":"https:\/\/i0.wp.com\/keybox.nl\/wp-content\/uploads\/2021\/12\/KSB_102_1-e1638478691321.jpg?resize=350%2C200&ssl=1 1x, https:\/\/i0.wp.com\/keybox.nl\/wp-content\/uploads\/2021\/12\/KSB_102_1-e1638478691321.jpg?resize=525%2C300&ssl=1 1.5x, https:\/\/i0.wp.com\/keybox.nl\/wp-content\/uploads\/2021\/12\/KSB_102_1-e1638478691321.jpg?resize=700%2C400&ssl=1 2x"},"classes":[]},{"id":538,"url":"https:\/\/keybox.nl\/sv\/kluis-kopen-voor-thuis\/","url_meta":{"origin":1400,"position":1},"title":"K\u00f6p s\u00e4kert f\u00f6r hemmet","author":"Keybox@beheermodule","date":"11 mars 2022","format":false,"excerpt":"K\u00f6p ett t\u00e5ligt kassask\u00e5p till ditt hem Till webbshoppen! \u2713 Anv\u00e4ndarv\u00e4nligt \u2713 Motst\u00e5ndskraftigt och s\u00e4kert \u2713 Olika modeller Vill du k\u00f6pa ett praktiskt kassask\u00e5p till ditt hem? D\u00e5 har Keybox.co.uk det du letar efter. Kassask\u00e5p f\u00f6r hemmet \u00e4r n\u00e5got mindre och kr\u00e4ver ingen omfattande installation, vilket g\u00f6r dem idealiska f\u00f6r...","rel":"","context":"Liknande inl\u00e4gg","block_context":{"text":"Liknande inl\u00e4gg","link":""},"img":{"alt_text":"","src":"https:\/\/i0.wp.com\/keybox.nl\/wp-content\/uploads\/2022\/01\/KSB007-inner-safe-2-e1643896091542.jpg?resize=350%2C200&ssl=1","width":350,"height":200,"srcset":"https:\/\/i0.wp.com\/keybox.nl\/wp-content\/uploads\/2022\/01\/KSB007-inner-safe-2-e1643896091542.jpg?resize=350%2C200&ssl=1 1x, https:\/\/i0.wp.com\/keybox.nl\/wp-content\/uploads\/2022\/01\/KSB007-inner-safe-2-e1643896091542.jpg?resize=525%2C300&ssl=1 1.5x, https:\/\/i0.wp.com\/keybox.nl\/wp-content\/uploads\/2022\/01\/KSB007-inner-safe-2-e1643896091542.jpg?resize=700%2C400&ssl=1 2x"},"classes":[]},{"id":326,"url":"https:\/\/keybox.nl\/sv\/goedkope-kluis-kopen\/","url_meta":{"origin":1400,"position":2},"title":"K\u00f6p billigt s\u00e4kert","author":"Keybox@beheermodule","date":"3 mars 2022","format":false,"excerpt":"K\u00f6p ett billigt kassask\u00e5p av h\u00f6g kvalitet Till webbshoppen! \u2713 Anv\u00e4ndarv\u00e4nligt \u2713 Motst\u00e5ndskraftigt och s\u00e4kert \u2713 Olika modeller P\u00e5 Keybox.se kan du k\u00f6pa ett billigt och motst\u00e5ndskraftigt kassask\u00e5p till ditt f\u00f6retag. Tack vare v\u00e5ra kassask\u00e5p kan du h\u00e5lla nyckelutl\u00e4mningen s\u00e4ker hela tiden. Dessutom beh\u00f6ver ingen vara n\u00e4rvarande f\u00f6r att...","rel":"","context":"Liknande inl\u00e4gg","block_context":{"text":"Liknande inl\u00e4gg","link":""},"img":{"alt_text":"","src":"https:\/\/i0.wp.com\/keybox.nl\/wp-content\/uploads\/2021\/12\/KSB_102_1-e1638478691321.jpg?resize=350%2C200&ssl=1","width":350,"height":200,"srcset":"https:\/\/i0.wp.com\/keybox.nl\/wp-content\/uploads\/2021\/12\/KSB_102_1-e1638478691321.jpg?resize=350%2C200&ssl=1 1x, https:\/\/i0.wp.com\/keybox.nl\/wp-content\/uploads\/2021\/12\/KSB_102_1-e1638478691321.jpg?resize=525%2C300&ssl=1 1.5x, https:\/\/i0.wp.com\/keybox.nl\/wp-content\/uploads\/2021\/12\/KSB_102_1-e1638478691321.jpg?resize=700%2C400&ssl=1 2x"},"classes":[]},{"id":30,"url":"https:\/\/keybox.nl\/sv\/","url_meta":{"origin":1400,"position":3},"title":"K\u00f6pa s\u00e4kra nyckelsk\u00e5p","author":"Keybox@beheermodule","date":"30 november 2021","format":false,"excerpt":"P\u00e5 Keybox.se kan du bland annat k\u00f6pa ett robust kassask\u00e5p eller s\u00e4kra nyckelsk\u00e5p. Vi erbjuder olika typer av kassask\u00e5p; fr\u00e5n diskreta nyckelsk\u00e5p till v\u00e4ggsk\u00e5p med ins\u00e4ttningshjul. Hos oss kan du best\u00e4lla ett kassask\u00e5p till ditt f\u00f6retag, men ocks\u00e5 till ditt hem. Tack vare v\u00e5rt breda utbud av nyckelsk\u00e5p,...","rel":"","context":"Med 1 kommentar","block_context":{"text":"Med 1 kommentar","link":"https:\/\/keybox.nl\/sv\/#comments"},"img":{"alt_text":"","src":"","width":0,"height":0},"classes":[]},{"id":1526,"url":"https:\/\/keybox.nl\/sv\/safe-kluis-kopen\/","url_meta":{"origin":1400,"position":4},"title":"K\u00f6p S\u00e4kert s\u00e4kert","author":"Keybox@beheermodule","date":"20 juli 2023","format":false,"excerpt":"K\u00f6p kassask\u00e5p eller valv G\u00e5 till webbshoppen! \u2713 Anv\u00e4ndarv\u00e4nligt \u2713 Motst\u00e5ndskraftigt och s\u00e4kert \u2713 Olika modeller Om du v\u00e4rdes\u00e4tter s\u00e4kerhet och tillf\u00f6rlitlighet \u00e4r det f\u00f6rsta steget att k\u00f6pa ett kassask\u00e5p eller kassask\u00e5p. \u00c4ven om dessa termer ofta anv\u00e4nds omv\u00e4xlande finns det subtila skillnader. A...","rel":"","context":"Liknande inl\u00e4gg","block_context":{"text":"Liknande inl\u00e4gg","link":""},"img":{"alt_text":"Regenkap Keysecuritybox","src":"https:\/\/i0.wp.com\/keybox.nl\/wp-content\/uploads\/2022\/01\/IMG_5364-scaled.jpg?resize=350%2C200&ssl=1","width":350,"height":200,"srcset":"https:\/\/i0.wp.com\/keybox.nl\/wp-content\/uploads\/2022\/01\/IMG_5364-scaled.jpg?resize=350%2C200&ssl=1 1x, https:\/\/i0.wp.com\/keybox.nl\/wp-content\/uploads\/2022\/01\/IMG_5364-scaled.jpg?resize=525%2C300&ssl=1 1.5x, https:\/\/i0.wp.com\/keybox.nl\/wp-content\/uploads\/2022\/01\/IMG_5364-scaled.jpg?resize=700%2C400&ssl=1 2x, https:\/\/i0.wp.com\/keybox.nl\/wp-content\/uploads\/2022\/01\/IMG_5364-scaled.jpg?resize=1050%2C600&ssl=1 3x, https:\/\/i0.wp.com\/keybox.nl\/wp-content\/uploads\/2022\/01\/IMG_5364-scaled.jpg?resize=1400%2C800&ssl=1 4x"},"classes":[]},{"id":554,"url":"https:\/\/keybox.nl\/sv\/kluis-waardeberging-kopen-2\/","url_meta":{"origin":1400,"position":5},"title":"K\u00f6pa bankfack","author":"Keybox@beheermodule","date":"11 mars 2022","format":false,"excerpt":"K\u00f6pa ett kassask\u00e5p med h\u00f6g s\u00e4kerhet Till webbshoppen! \u2713 Anv\u00e4ndarv\u00e4nligt \u2713 Motst\u00e5ndskraftigt och s\u00e4kert \u2713 Olika modeller F\u00f6r otroligt v\u00e4rdefulla \u00e4godelar b\u00f6r du k\u00f6pa ett kassask\u00e5p med h\u00f6g v\u00e4rdef\u00f6rvaring. Ju h\u00f6gre v\u00e4rdef\u00f6rvaring, desto mer motst\u00e5ndskraftigt \u00e4r kassask\u00e5pet mot inbrott. Vi p\u00e5 Keybox.nl i Bussum...","rel":"","context":"Liknande inl\u00e4gg","block_context":{"text":"Liknande inl\u00e4gg","link":""},"img":{"alt_text":"kluis peugeot","src":"https:\/\/i0.wp.com\/keybox.nl\/wp-content\/uploads\/2022\/02\/KSB007-Peugeot-scaled-e1643751089776.jpg?resize=350%2C200&ssl=1","width":350,"height":200,"srcset":"https:\/\/i0.wp.com\/keybox.nl\/wp-content\/uploads\/2022\/02\/KSB007-Peugeot-scaled-e1643751089776.jpg?resize=350%2C200&ssl=1 1x, https:\/\/i0.wp.com\/keybox.nl\/wp-content\/uploads\/2022\/02\/KSB007-Peugeot-scaled-e1643751089776.jpg?resize=525%2C300&ssl=1 1.5x"},"classes":[]}],"jetpack_sharing_enabled":true,"_links":{"self":[{"href":"https:\/\/keybox.nl\/sv\/wp-json\/wp\/v2\/pages\/1400","targetHints":{"allow":["GET"]}}],"collection":[{"href":"https:\/\/keybox.nl\/sv\/wp-json\/wp\/v2\/pages"}],"about":[{"href":"https:\/\/keybox.nl\/sv\/wp-json\/wp\/v2\/types\/page"}],"author":[{"embeddable":true,"href":"https:\/\/keybox.nl\/sv\/wp-json\/wp\/v2\/users\/1"}],"replies":[{"embeddable":true,"href":"https:\/\/keybox.nl\/sv\/wp-json\/wp\/v2\/comments?post=1400"}],"version-history":[{"count":12,"href":"https:\/\/keybox.nl\/sv\/wp-json\/wp\/v2\/pages\/1400\/revisions"}],"predecessor-version":[{"id":1882,"href":"https:\/\/keybox.nl\/sv\/wp-json\/wp\/v2\/pages\/1400\/revisions\/1882"}],"wp:attachment":[{"href":"https:\/\/keybox.nl\/sv\/wp-json\/wp\/v2\/media?parent=1400"}],"curies":[{"name":"wp","href":"https:\/\/api.w.org\/{rel}","templated":true}]}}