{"id":297,"date":"2022-02-18T12:24:38","date_gmt":"2022-02-18T12:24:38","guid":{"rendered":"http:\/\/keybox.nl\/?post_type=product&#038;p=297"},"modified":"2024-11-02T13:47:41","modified_gmt":"2024-11-02T13:47:41","slug":"digibox-7-sleutelhaken","status":"publish","type":"product","link":"https:\/\/keybox.nl\/pl\/produkt\/digibox-7-sleutelhaken\/","title":{"rendered":"Haki na klucze Digibox 7"},"content":{"rendered":"<h3>Dozownik kluczy Digibox 7 zaczep\u00f3w<\/h3>\n<p>Bezpieczny system zarz\u0105dzania kluczami z 7 zaczepami na klucze. Ten cyfrowy system zarz\u0105dzania kluczami pomaga w bezpiecznym i \u0142atwym zarz\u0105dzaniu kluczami. Inteligentna, cyfrowa i bezpieczna szafka na klucze z 7 gniazdami na klucze jest w pe\u0142ni programowalna i mo\u017ce przechowywa\u0107 do 7 kluczy wydajnie i bezpiecznie w jednym systemie zarz\u0105dzania kluczami.<\/p>\n<h4>Charakterystyka fizyczna<\/h4>\n<ul>\n<li>Trwa\u0142a, odporna na warunki atmosferyczne obudowa o grubo\u015bci \u015bcianki 2,5 mm, ocynkowana i malowana proszkowo w celu zapewnienia doskona\u0142ej odporno\u015bci na rdz\u0119.<\/li>\n<li>Nadaje si\u0119 do 7 kluczy lub przywieszek o wadze do 160 g ka\u017cda.<\/li>\n<li>Standardowy cylinder bezpiecze\u0144stwa z dwoma do\u0142\u0105czonymi kluczami dla dodatkowego bezpiecze\u0144stwa.<\/li>\n<li>Zintegrowana szczelina na klucze 55 x 25 mm do bezpiecznego i \u0142atwego wk\u0142adania kluczy.<\/li>\n<li>Waga: Oko\u0142o 9 kg (wraz z opakowaniem).<\/li>\n<\/ul>\n<h4>Cechy elektroniczne i funkcjonalne<\/h4>\n<ul>\n<li>Dzia\u0142a na 12V DC \/ 3W, zasilacz w zestawie.<\/li>\n<li>Pod\u015bwietlany wy\u015bwietlacz z 2\u00d716 znakami dla \u0142atwego odczytu przy s\u0142abym o\u015bwietleniu.<\/li>\n<li>Klawiatura z akustycznym sprz\u0119\u017ceniem zwrotnym i pod\u015bwietlan\u0105 tac\u0105 wyj\u015bciow\u0105 dla \u0142atwo\u015bci u\u017cytkowania.<\/li>\n<li>Programowalne kody dost\u0119pu od 4 do 10 znak\u00f3w, w tym opcjonalne czasy blokowania.<\/li>\n<li>Obs\u0142uga wielu j\u0119zyk\u00f3w: niemieckiego, francuskiego, w\u0142oskiego i angielskiego.<\/li>\n<li>Funkcja pami\u0119ci zapewnia zachowanie kod\u00f3w nawet w przypadku awarii zasilania.<\/li>\n<li>Opcja za dodatkow\u0105 op\u0142at\u0105 dla wbudowanego akumulatora do normalnej pracy podczas awarii zasilania.<\/li>\n<\/ul>\n<h4>Funkcje operacyjne i bezpiecze\u0144stwa<\/h4>\n<ul>\n<li>Zintegrowane funkcje antykradzie\u017cowe dla maksymalnego bezpiecze\u0144stwa.<\/li>\n<li>Zaprojektowany do d\u0142ugotrwa\u0142ego u\u017cytkowania w r\u00f3\u017cnych warunkach pogodowych, wodoodporny i odporny na ekstremalne temperatury.<\/li>\n<li>Sejfami na klucze Digibox 7 XL mo\u017cna opcjonalnie zarz\u0105dza\u0107 ONLINE za po\u015brednictwem komputera, laptopa, tabletu lub smartfona z dowolnego miejsca na \u015bwiecie. Daje to niesko\u0144czone mo\u017cliwo\u015bci dostosowywania i scenariuszy u\u017cytkowania, dzi\u0119ki czemu zarz\u0105dzanie kluczami jest zawsze optymalnie dostosowane do Twoich potrzeb. W sprawie opcji i cen prosimy o kontakt <a href=\"https:\/\/keybox.nl\/pl\/contact\/\">kontakt<\/a> na Keybox <a href=\"https:\/\/keybox.nl\/pl\/contact\/\">do wyceny<\/a>!<\/li>\n<\/ul>\n<h4>Opcje i regulacje kolor\u00f3w<\/h4>\n<ul>\n<li>Standardowe kolory: RAL 1015 (jasna ko\u015b\u0107 s\u0142oniowa) i RAL 5010 (b\u0142\u0119kit gencjany).<\/li>\n<li>Inne kolory RAL dost\u0119pne za dodatkow\u0105 op\u0142at\u0105,<\/li>\n<li>Wariant ze stali nierdzewnej zapewnia dodatkow\u0105 trwa\u0142o\u015b\u0107 za dodatkow\u0105 op\u0142at\u0105.<\/li>\n<\/ul>\n<p>Skontaktuj si\u0119 z Keybox, aby uzyska\u0107 wi\u0119cej informacji <a href=\"https:\/\/keybox.nl\/pl\/contact\/\">informacje lub wycena<\/a>. Zam\u00f3w sejf na klucze Digibox bezpo\u015brednio na Keybox.pl, u specjalisty w dziedzinie bezpiecznych rozwi\u0105za\u0144 do zarz\u0105dzania kluczami!<\/p>\n<p><img decoding=\"async\" class=\"alignnone wp-image-1726\" src=\"http:\/\/keybox.nl\/wp-content\/uploads\/2024\/11\/keybox-digibox_digiboxXLsleutelkast-300x111.jpg\" alt=\"\" width=\"562\" height=\"208\" srcset=\"https:\/\/keybox.nl\/wp-content\/uploads\/2024\/11\/keybox-digibox_digiboxXLsleutelkast-300x111.jpg 300w, https:\/\/keybox.nl\/wp-content\/uploads\/2024\/11\/keybox-digibox_digiboxXLsleutelkast-416x154.jpg 416w, https:\/\/keybox.nl\/wp-content\/uploads\/2024\/11\/keybox-digibox_digiboxXLsleutelkast-768x284.jpg 768w, https:\/\/keybox.nl\/wp-content\/uploads\/2024\/11\/keybox-digibox_digiboxXLsleutelkast-18x7.jpg 18w, https:\/\/keybox.nl\/wp-content\/uploads\/2024\/11\/keybox-digibox_digiboxXLsleutelkast.jpg 1024w\" sizes=\"(max-width: 562px) 100vw, 562px\" \/><\/p>","protected":false},"excerpt":{"rendered":"<p>Bezpieczne zarz\u0105dzanie kluczami dzi\u0119ki 7 pozycjom kluczy.<\/p>","protected":false},"featured_media":304,"comment_status":"open","ping_status":"closed","template":"","meta":[],"product_brand":[],"product_cat":[57],"product_tag":[76,78],"class_list":{"0":"post-297","1":"product","2":"type-product","3":"status-publish","4":"has-post-thumbnail","6":"product_cat-digibox-sleuteluitgifte","7":"product_tag-digibox-groot","8":"product_tag-digitaal-sleutelbeheersysteem","10":"first","11":"instock","12":"taxable","13":"shipping-taxable","14":"purchasable","15":"product-type-variable","16":"has-default-attributes"},"yoast_head":"<!-- This site is optimized with the Yoast SEO plugin v27.4 - https:\/\/yoast.com\/product\/yoast-seo-wordpress\/ -->\n<title>Digibox 7 sleutelhaken -<\/title>\n<meta name=\"description\" content=\"Digibox 7 haken sleutel uitgifte systeem. Met een code kan de klant de sleutel opvragen binnen een tijdszone. Overdracht zonder personeel.\" \/>\n<meta name=\"robots\" content=\"index, follow, max-snippet:-1, max-image-preview:large, max-video-preview:-1\" \/>\n<link rel=\"canonical\" href=\"https:\/\/keybox.nl\/pl\/produkt\/digibox-7-sleutelhaken\/\" \/>\n<meta property=\"og:locale\" content=\"pl_PL\" \/>\n<meta property=\"og:type\" content=\"article\" \/>\n<meta property=\"og:title\" content=\"Digibox 7 sleutelhaken -\" \/>\n<meta property=\"og:description\" content=\"Digibox 7 haken sleutel uitgifte systeem. Met een code kan de klant de sleutel opvragen binnen een tijdszone. Overdracht zonder personeel.\" \/>\n<meta property=\"og:url\" content=\"https:\/\/keybox.nl\/pl\/produkt\/digibox-7-sleutelhaken\/\" \/>\n<meta property=\"article:modified_time\" content=\"2024-11-02T13:47:41+00:00\" \/>\n<meta property=\"og:image\" content=\"http:\/\/keybox.nl\/wp-content\/uploads\/2022\/02\/Digibox-7-haken-Keybox-e1645195424393.jpg\" \/>\n\t<meta property=\"og:image:width\" content=\"487\" \/>\n\t<meta property=\"og:image:height\" content=\"487\" \/>\n\t<meta property=\"og:image:type\" content=\"image\/jpeg\" \/>\n<meta name=\"twitter:card\" content=\"summary_large_image\" \/>\n<meta name=\"twitter:label1\" content=\"Szacowany czas czytania\" \/>\n\t<meta name=\"twitter:data1\" content=\"2 minuty\" \/>\n<script type=\"application\/ld+json\" class=\"yoast-schema-graph\">{\"@context\":\"https:\\\/\\\/schema.org\",\"@graph\":[{\"@type\":\"WebPage\",\"@id\":\"https:\\\/\\\/keybox.nl\\\/product\\\/digibox-7-sleutelhaken\\\/\",\"url\":\"https:\\\/\\\/keybox.nl\\\/product\\\/digibox-7-sleutelhaken\\\/\",\"name\":\"Digibox 7 sleutelhaken -\",\"isPartOf\":{\"@id\":\"https:\\\/\\\/keybox.nl\\\/#website\"},\"primaryImageOfPage\":{\"@id\":\"https:\\\/\\\/keybox.nl\\\/product\\\/digibox-7-sleutelhaken\\\/#primaryimage\"},\"image\":{\"@id\":\"https:\\\/\\\/keybox.nl\\\/product\\\/digibox-7-sleutelhaken\\\/#primaryimage\"},\"thumbnailUrl\":\"https:\\\/\\\/keybox.nl\\\/wp-content\\\/uploads\\\/2022\\\/02\\\/Digibox-7-haken-Keybox-e1645195424393.jpg\",\"datePublished\":\"2022-02-18T12:24:38+00:00\",\"dateModified\":\"2024-11-02T13:47:41+00:00\",\"description\":\"Digibox 7 haken sleutel uitgifte systeem. Met een code kan de klant de sleutel opvragen binnen een tijdszone. Overdracht zonder personeel.\",\"breadcrumb\":{\"@id\":\"https:\\\/\\\/keybox.nl\\\/product\\\/digibox-7-sleutelhaken\\\/#breadcrumb\"},\"inLanguage\":\"pl-PL\",\"potentialAction\":[{\"@type\":\"ReadAction\",\"target\":[\"https:\\\/\\\/keybox.nl\\\/product\\\/digibox-7-sleutelhaken\\\/\"]}]},{\"@type\":\"ImageObject\",\"inLanguage\":\"pl-PL\",\"@id\":\"https:\\\/\\\/keybox.nl\\\/product\\\/digibox-7-sleutelhaken\\\/#primaryimage\",\"url\":\"https:\\\/\\\/keybox.nl\\\/wp-content\\\/uploads\\\/2022\\\/02\\\/Digibox-7-haken-Keybox-e1645195424393.jpg\",\"contentUrl\":\"https:\\\/\\\/keybox.nl\\\/wp-content\\\/uploads\\\/2022\\\/02\\\/Digibox-7-haken-Keybox-e1645195424393.jpg\",\"width\":487,\"height\":487},{\"@type\":\"BreadcrumbList\",\"@id\":\"https:\\\/\\\/keybox.nl\\\/product\\\/digibox-7-sleutelhaken\\\/#breadcrumb\",\"itemListElement\":[{\"@type\":\"ListItem\",\"position\":1,\"name\":\"Home\",\"item\":\"https:\\\/\\\/keybox.nl\\\/\"},{\"@type\":\"ListItem\",\"position\":2,\"name\":\"Beveiligde sleutelkastjes kopen\",\"item\":\"https:\\\/\\\/keybox.nl\\\/\"},{\"@type\":\"ListItem\",\"position\":3,\"name\":\"Digibox 7 sleutelhaken\"}]},{\"@type\":\"WebSite\",\"@id\":\"https:\\\/\\\/keybox.nl\\\/#website\",\"url\":\"https:\\\/\\\/keybox.nl\\\/\",\"name\":\"\",\"description\":\"\",\"potentialAction\":[{\"@type\":\"SearchAction\",\"target\":{\"@type\":\"EntryPoint\",\"urlTemplate\":\"https:\\\/\\\/keybox.nl\\\/?s={search_term_string}\"},\"query-input\":{\"@type\":\"PropertyValueSpecification\",\"valueRequired\":true,\"valueName\":\"search_term_string\"}}],\"inLanguage\":\"pl-PL\"}]}<\/script>\n<!-- \/ Yoast SEO plugin. -->","yoast_head_json":{"title":"Digibox 7 zaczep\u00f3w na klucze -","description":"System wydawania kluczy hakowych Digibox 7. Kod umo\u017cliwia klientowi pobranie klucza w okre\u015blonej strefie czasowej. Transfer bez udzia\u0142u personelu.","robots":{"index":"index","follow":"follow","max-snippet":"max-snippet:-1","max-image-preview":"max-image-preview:large","max-video-preview":"max-video-preview:-1"},"canonical":"https:\/\/keybox.nl\/pl\/produkt\/digibox-7-sleutelhaken\/","og_locale":"pl_PL","og_type":"article","og_title":"Digibox 7 sleutelhaken -","og_description":"Digibox 7 haken sleutel uitgifte systeem. Met een code kan de klant de sleutel opvragen binnen een tijdszone. Overdracht zonder personeel.","og_url":"https:\/\/keybox.nl\/pl\/produkt\/digibox-7-sleutelhaken\/","article_modified_time":"2024-11-02T13:47:41+00:00","og_image":[{"width":487,"height":487,"url":"http:\/\/keybox.nl\/wp-content\/uploads\/2022\/02\/Digibox-7-haken-Keybox-e1645195424393.jpg","type":"image\/jpeg"}],"twitter_card":"summary_large_image","twitter_misc":{"Szacowany czas czytania":"2 minuty"},"schema":{"@context":"https:\/\/schema.org","@graph":[{"@type":"WebPage","@id":"https:\/\/keybox.nl\/product\/digibox-7-sleutelhaken\/","url":"https:\/\/keybox.nl\/product\/digibox-7-sleutelhaken\/","name":"Digibox 7 zaczep\u00f3w na klucze -","isPartOf":{"@id":"https:\/\/keybox.nl\/#website"},"primaryImageOfPage":{"@id":"https:\/\/keybox.nl\/product\/digibox-7-sleutelhaken\/#primaryimage"},"image":{"@id":"https:\/\/keybox.nl\/product\/digibox-7-sleutelhaken\/#primaryimage"},"thumbnailUrl":"https:\/\/keybox.nl\/wp-content\/uploads\/2022\/02\/Digibox-7-haken-Keybox-e1645195424393.jpg","datePublished":"2022-02-18T12:24:38+00:00","dateModified":"2024-11-02T13:47:41+00:00","description":"System wydawania kluczy hakowych Digibox 7. Kod umo\u017cliwia klientowi pobranie klucza w okre\u015blonej strefie czasowej. Transfer bez udzia\u0142u personelu.","breadcrumb":{"@id":"https:\/\/keybox.nl\/product\/digibox-7-sleutelhaken\/#breadcrumb"},"inLanguage":"pl-PL","potentialAction":[{"@type":"ReadAction","target":["https:\/\/keybox.nl\/product\/digibox-7-sleutelhaken\/"]}]},{"@type":"ImageObject","inLanguage":"pl-PL","@id":"https:\/\/keybox.nl\/product\/digibox-7-sleutelhaken\/#primaryimage","url":"https:\/\/keybox.nl\/wp-content\/uploads\/2022\/02\/Digibox-7-haken-Keybox-e1645195424393.jpg","contentUrl":"https:\/\/keybox.nl\/wp-content\/uploads\/2022\/02\/Digibox-7-haken-Keybox-e1645195424393.jpg","width":487,"height":487},{"@type":"BreadcrumbList","@id":"https:\/\/keybox.nl\/product\/digibox-7-sleutelhaken\/#breadcrumb","itemListElement":[{"@type":"ListItem","position":1,"name":"Home","item":"https:\/\/keybox.nl\/"},{"@type":"ListItem","position":2,"name":"Beveiligde sleutelkastjes kopen","item":"https:\/\/keybox.nl\/"},{"@type":"ListItem","position":3,"name":"Digibox 7 sleutelhaken"}]},{"@type":"WebSite","@id":"https:\/\/keybox.nl\/#website","url":"https:\/\/keybox.nl\/","name":"","description":"","potentialAction":[{"@type":"SearchAction","target":{"@type":"EntryPoint","urlTemplate":"https:\/\/keybox.nl\/?s={search_term_string}"},"query-input":{"@type":"PropertyValueSpecification","valueRequired":true,"valueName":"search_term_string"}}],"inLanguage":"pl-PL"}]}},"jetpack-related-posts":[{"id":1745,"url":"https:\/\/keybox.nl\/pl\/produkt\/digisafe-19-sleutelplaatsen\/","url_meta":{"origin":297,"position":0},"title":"Digisafe, 19 kluczowych lokalizacji","author":"Elric Drost","date":"29 listopada 2024","format":false,"excerpt":"Najwi\u0119ksza skrzynka cyfrowa na 19 kluczy, identyfikator\u00f3w lub kart chipowych.","rel":"","context":"Podobny wpis","block_context":{"text":"Podobny wpis","link":""},"img":{"alt_text":"","src":"https:\/\/i0.wp.com\/keybox.nl\/wp-content\/uploads\/2024\/11\/digisafe-RAL-1015-keybox.jpg?resize=350%2C200&ssl=1","width":350,"height":200,"srcset":"https:\/\/i0.wp.com\/keybox.nl\/wp-content\/uploads\/2024\/11\/digisafe-RAL-1015-keybox.jpg?resize=350%2C200&ssl=1 1x, https:\/\/i0.wp.com\/keybox.nl\/wp-content\/uploads\/2024\/11\/digisafe-RAL-1015-keybox.jpg?resize=525%2C300&ssl=1 1.5x, https:\/\/i0.wp.com\/keybox.nl\/wp-content\/uploads\/2024\/11\/digisafe-RAL-1015-keybox.jpg?resize=700%2C400&ssl=1 2x"},"classes":[]},{"id":1754,"url":"https:\/\/keybox.nl\/pl\/produkt\/in-box-digibox\/","url_meta":{"origin":297,"position":1},"title":"Wbudowane urz\u0105dzenie Digibox","author":"Elric Drost","date":"29 listopada 2024","format":false,"excerpt":"Pojemna, bezpieczna skrzynka na klucze lub koperty.","rel":"","context":"Podobny wpis","block_context":{"text":"Podobny wpis","link":""},"img":{"alt_text":"","src":"https:\/\/i0.wp.com\/keybox.nl\/wp-content\/uploads\/2024\/11\/in-box-digibox-keybox2021blauw.jpg?resize=350%2C200&ssl=1","width":350,"height":200,"srcset":"https:\/\/i0.wp.com\/keybox.nl\/wp-content\/uploads\/2024\/11\/in-box-digibox-keybox2021blauw.jpg?resize=350%2C200&ssl=1 1x, https:\/\/i0.wp.com\/keybox.nl\/wp-content\/uploads\/2024\/11\/in-box-digibox-keybox2021blauw.jpg?resize=525%2C300&ssl=1 1.5x, https:\/\/i0.wp.com\/keybox.nl\/wp-content\/uploads\/2024\/11\/in-box-digibox-keybox2021blauw.jpg?resize=700%2C400&ssl=1 2x"},"classes":[]},{"id":1690,"url":"https:\/\/keybox.nl\/pl\/produkt\/digibox-xl-7-sleutelhaken\/","url_meta":{"origin":297,"position":2},"title":"Digibox XL 7 zaczep\u00f3w na klucze","author":"Keybox@beheermodule","date":"2 listopada 2024","format":false,"excerpt":"Wyj\u0105tkowo przestronny Digibox XL","rel":"","context":"Podobny wpis","block_context":{"text":"Podobny wpis","link":""},"img":{"alt_text":"main","src":"https:\/\/i0.wp.com\/keybox.nl\/wp-content\/uploads\/2024\/03\/keybox-sho61f00882f1913_digiboxXLRAL5010.jpg?resize=350%2C200&ssl=1","width":350,"height":200,"srcset":"https:\/\/i0.wp.com\/keybox.nl\/wp-content\/uploads\/2024\/03\/keybox-sho61f00882f1913_digiboxXLRAL5010.jpg?resize=350%2C200&ssl=1 1x, https:\/\/i0.wp.com\/keybox.nl\/wp-content\/uploads\/2024\/03\/keybox-sho61f00882f1913_digiboxXLRAL5010.jpg?resize=525%2C300&ssl=1 1.5x, https:\/\/i0.wp.com\/keybox.nl\/wp-content\/uploads\/2024\/03\/keybox-sho61f00882f1913_digiboxXLRAL5010.jpg?resize=700%2C400&ssl=1 2x"},"classes":[]},{"id":1822,"url":"https:\/\/keybox.nl\/pl\/produkt\/keysafe-gce\/","url_meta":{"origin":297,"position":3},"title":"Keysafe GCE","author":"Elric Drost","date":"26 stycznia 2025","format":false,"excerpt":"Do wyboru s\u0105 3 modele.","rel":"","context":"Podobny wpis","block_context":{"text":"Podobny wpis","link":""},"img":{"alt_text":"","src":"https:\/\/i0.wp.com\/keybox.nl\/wp-content\/uploads\/2025\/01\/9858a0f7e85097eb90f56de1f00f8269.jpg?resize=350%2C200&ssl=1","width":350,"height":200,"srcset":"https:\/\/i0.wp.com\/keybox.nl\/wp-content\/uploads\/2025\/01\/9858a0f7e85097eb90f56de1f00f8269.jpg?resize=350%2C200&ssl=1 1x, https:\/\/i0.wp.com\/keybox.nl\/wp-content\/uploads\/2025\/01\/9858a0f7e85097eb90f56de1f00f8269.jpg?resize=525%2C300&ssl=1 1.5x, https:\/\/i0.wp.com\/keybox.nl\/wp-content\/uploads\/2025\/01\/9858a0f7e85097eb90f56de1f00f8269.jpg?resize=700%2C400&ssl=1 2x, https:\/\/i0.wp.com\/keybox.nl\/wp-content\/uploads\/2025\/01\/9858a0f7e85097eb90f56de1f00f8269.jpg?resize=1050%2C600&ssl=1 3x, https:\/\/i0.wp.com\/keybox.nl\/wp-content\/uploads\/2025\/01\/9858a0f7e85097eb90f56de1f00f8269.jpg?resize=1400%2C800&ssl=1 4x"},"classes":[]},{"id":1782,"url":"https:\/\/keybox.nl\/pl\/produkt\/keysafe-p500\/","url_meta":{"origin":297,"position":4},"title":"Keysafe P500","author":"Elric Drost","date":"13 grudnia 2024","format":false,"excerpt":"Najbezpieczniejsza mini szafka na klucze na rynku.","rel":"","context":"Podobny wpis","block_context":{"text":"Podobny wpis","link":""},"img":{"alt_text":"","src":"https:\/\/i0.wp.com\/keybox.nl\/wp-content\/uploads\/2024\/12\/boite-a-cle-keysafe-pro-grand-format.jpg?resize=350%2C200&ssl=1","width":350,"height":200},"classes":[]},{"id":1812,"url":"https:\/\/keybox.nl\/pl\/produkt\/drs-vector-combi-keysafe\/","url_meta":{"origin":297,"position":5},"title":"Sejf na klucze DRS Vector Combi","author":"Elric Drost","date":"21 stycznia 2025","format":false,"excerpt":"Idealny do zastosowa\u0144 profesjonalnych.","rel":"","context":"Podobny wpis","block_context":{"text":"Podobny wpis","link":""},"img":{"alt_text":"","src":"https:\/\/i0.wp.com\/keybox.nl\/wp-content\/uploads\/2025\/01\/DRS-Vector-Combi-Keysafe-keybox.jpg?resize=350%2C200&ssl=1","width":350,"height":200,"srcset":"https:\/\/i0.wp.com\/keybox.nl\/wp-content\/uploads\/2025\/01\/DRS-Vector-Combi-Keysafe-keybox.jpg?resize=350%2C200&ssl=1 1x, https:\/\/i0.wp.com\/keybox.nl\/wp-content\/uploads\/2025\/01\/DRS-Vector-Combi-Keysafe-keybox.jpg?resize=525%2C300&ssl=1 1.5x, https:\/\/i0.wp.com\/keybox.nl\/wp-content\/uploads\/2025\/01\/DRS-Vector-Combi-Keysafe-keybox.jpg?resize=700%2C400&ssl=1 2x, https:\/\/i0.wp.com\/keybox.nl\/wp-content\/uploads\/2025\/01\/DRS-Vector-Combi-Keysafe-keybox.jpg?resize=1050%2C600&ssl=1 3x"},"classes":[]}],"jetpack_sharing_enabled":true,"_links":{"self":[{"href":"https:\/\/keybox.nl\/pl\/wp-json\/wp\/v2\/product\/297","targetHints":{"allow":["GET"]}}],"collection":[{"href":"https:\/\/keybox.nl\/pl\/wp-json\/wp\/v2\/product"}],"about":[{"href":"https:\/\/keybox.nl\/pl\/wp-json\/wp\/v2\/types\/product"}],"replies":[{"embeddable":true,"href":"https:\/\/keybox.nl\/pl\/wp-json\/wp\/v2\/comments?post=297"}],"wp:featuredmedia":[{"embeddable":true,"href":"https:\/\/keybox.nl\/pl\/wp-json\/wp\/v2\/media\/304"}],"wp:attachment":[{"href":"https:\/\/keybox.nl\/pl\/wp-json\/wp\/v2\/media?parent=297"}],"wp:term":[{"taxonomy":"product_brand","embeddable":true,"href":"https:\/\/keybox.nl\/pl\/wp-json\/wp\/v2\/product_brand?post=297"},{"taxonomy":"product_cat","embeddable":true,"href":"https:\/\/keybox.nl\/pl\/wp-json\/wp\/v2\/product_cat?post=297"},{"taxonomy":"product_tag","embeddable":true,"href":"https:\/\/keybox.nl\/pl\/wp-json\/wp\/v2\/product_tag?post=297"}],"curies":[{"name":"wp","href":"https:\/\/api.w.org\/{rel}","templated":true}]}}