{"id":248,"date":"2022-02-02T15:13:29","date_gmt":"2022-02-02T15:13:29","guid":{"rendered":"http:\/\/keybox.nl\/?post_type=product&#038;p=248"},"modified":"2022-02-03T12:09:10","modified_gmt":"2022-02-03T12:09:10","slug":"seismische-kluis-detector-ksb107","status":"publish","type":"product","link":"https:\/\/keybox.nl\/pl\/produkt\/seismische-kluis-detector-ksb107\/","title":{"rendered":"Detektor sejsmiczny KSB107"},"content":{"rendered":"<h2>Detektor sejsmiczny KSB007<\/h2>\n<p>Sejsmiczny wykrywacz skarbc\u00f3w w metalowej obudowie. Czujnik reaguje na wibracje i d\u017awi\u0119k, dzi\u0119ki czemu mo\u017ce wykry\u0107 atak na obiekt. Do pod\u0142\u0105czenia do systemu alarmowego. Skrzynka Keysecuritybox KSB107 jest przygotowana do monta\u017cu tego czujnika.<\/p>\n<p>Szeroko\u015b\u010731 mm<br \/>\nWysoko\u015b\u0107 23 mm<br \/>\nD\u0142ugo\u015b\u0107 91 mm<\/p>\n<p>Materia\u0142 Metal<br \/>\nKolor szary<br \/>\nWaga 144 g<\/p>\n<p>&nbsp;<\/p>","protected":false},"excerpt":{"rendered":"<p>Seismische kluis detector KSB007 Seismische kluis-detector in metalen behuizing. De sensor reageert op trillingen en geluid en kan daardoor een aanval op het object detecteren. Aan te sluiten op de alarminstallatie. De Keysecuritybox KSB107 is voorbereid om deze sensor te monteren. Breedte31 mm Hoogte 23 mm Lengte 91 mm Materiaal Metaal Kleur Grijs Gewicht 144 [&hellip;]<\/p>\n","protected":false},"featured_media":249,"comment_status":"open","ping_status":"closed","template":"","meta":[],"product_brand":[],"product_cat":[36],"product_tag":[],"class_list":{"0":"post-248","1":"product","2":"type-product","3":"status-publish","4":"has-post-thumbnail","6":"product_cat-keysecuritybox-accessoires","8":"first","9":"instock","10":"taxable","11":"shipping-taxable","12":"purchasable","13":"product-type-simple"},"yoast_head":"<!-- This site is optimized with the Yoast SEO plugin v27.4 - https:\/\/yoast.com\/product\/yoast-seo-wordpress\/ -->\n<title>Seismische kluis detector KSB107 -<\/title>\n<meta name=\"robots\" content=\"index, follow, max-snippet:-1, max-image-preview:large, max-video-preview:-1\" \/>\n<link rel=\"canonical\" href=\"https:\/\/keybox.nl\/pl\/produkt\/seismische-kluis-detector-ksb107\/\" \/>\n<meta property=\"og:locale\" content=\"pl_PL\" \/>\n<meta property=\"og:type\" content=\"article\" \/>\n<meta property=\"og:title\" content=\"Seismische kluis detector KSB107 -\" \/>\n<meta property=\"og:description\" content=\"Seismische kluis detector KSB007 Seismische kluis-detector in metalen behuizing. De sensor reageert op trillingen en geluid en kan daardoor een aanval op het object detecteren. Aan te sluiten op de alarminstallatie. De Keysecuritybox KSB107 is voorbereid om deze sensor te monteren. Breedte31 mm Hoogte 23 mm Lengte 91 mm Materiaal Metaal Kleur Grijs Gewicht 144 [&hellip;]\" \/>\n<meta property=\"og:url\" content=\"https:\/\/keybox.nl\/pl\/produkt\/seismische-kluis-detector-ksb107\/\" \/>\n<meta property=\"article:modified_time\" content=\"2022-02-03T12:09:10+00:00\" \/>\n<meta property=\"og:image\" content=\"https:\/\/keybox.nl\/wp-content\/uploads\/2022\/02\/Seismische-Kluis-Detector-e1643814028729.jpg\" \/>\n\t<meta property=\"og:image:width\" content=\"487\" \/>\n\t<meta property=\"og:image:height\" content=\"487\" \/>\n\t<meta property=\"og:image:type\" content=\"image\/jpeg\" \/>\n<meta name=\"twitter:card\" content=\"summary_large_image\" \/>\n<script type=\"application\/ld+json\" class=\"yoast-schema-graph\">{\"@context\":\"https:\\\/\\\/schema.org\",\"@graph\":[{\"@type\":\"WebPage\",\"@id\":\"https:\\\/\\\/keybox.nl\\\/product\\\/seismische-kluis-detector-ksb107\\\/\",\"url\":\"https:\\\/\\\/keybox.nl\\\/product\\\/seismische-kluis-detector-ksb107\\\/\",\"name\":\"Seismische kluis detector KSB107 -\",\"isPartOf\":{\"@id\":\"https:\\\/\\\/keybox.nl\\\/#website\"},\"primaryImageOfPage\":{\"@id\":\"https:\\\/\\\/keybox.nl\\\/product\\\/seismische-kluis-detector-ksb107\\\/#primaryimage\"},\"image\":{\"@id\":\"https:\\\/\\\/keybox.nl\\\/product\\\/seismische-kluis-detector-ksb107\\\/#primaryimage\"},\"thumbnailUrl\":\"https:\\\/\\\/keybox.nl\\\/wp-content\\\/uploads\\\/2022\\\/02\\\/Seismische-Kluis-Detector-e1643814028729.jpg\",\"datePublished\":\"2022-02-02T15:13:29+00:00\",\"dateModified\":\"2022-02-03T12:09:10+00:00\",\"breadcrumb\":{\"@id\":\"https:\\\/\\\/keybox.nl\\\/product\\\/seismische-kluis-detector-ksb107\\\/#breadcrumb\"},\"inLanguage\":\"pl-PL\",\"potentialAction\":[{\"@type\":\"ReadAction\",\"target\":[\"https:\\\/\\\/keybox.nl\\\/product\\\/seismische-kluis-detector-ksb107\\\/\"]}]},{\"@type\":\"ImageObject\",\"inLanguage\":\"pl-PL\",\"@id\":\"https:\\\/\\\/keybox.nl\\\/product\\\/seismische-kluis-detector-ksb107\\\/#primaryimage\",\"url\":\"https:\\\/\\\/keybox.nl\\\/wp-content\\\/uploads\\\/2022\\\/02\\\/Seismische-Kluis-Detector-e1643814028729.jpg\",\"contentUrl\":\"https:\\\/\\\/keybox.nl\\\/wp-content\\\/uploads\\\/2022\\\/02\\\/Seismische-Kluis-Detector-e1643814028729.jpg\",\"width\":487,\"height\":487,\"caption\":\"Seismische Kluis Detector\"},{\"@type\":\"BreadcrumbList\",\"@id\":\"https:\\\/\\\/keybox.nl\\\/product\\\/seismische-kluis-detector-ksb107\\\/#breadcrumb\",\"itemListElement\":[{\"@type\":\"ListItem\",\"position\":1,\"name\":\"Home\",\"item\":\"https:\\\/\\\/keybox.nl\\\/\"},{\"@type\":\"ListItem\",\"position\":2,\"name\":\"Beveiligde sleutelkastjes kopen\",\"item\":\"https:\\\/\\\/keybox.nl\\\/\"},{\"@type\":\"ListItem\",\"position\":3,\"name\":\"Seismische kluis detector KSB107\"}]},{\"@type\":\"WebSite\",\"@id\":\"https:\\\/\\\/keybox.nl\\\/#website\",\"url\":\"https:\\\/\\\/keybox.nl\\\/\",\"name\":\"\",\"description\":\"\",\"potentialAction\":[{\"@type\":\"SearchAction\",\"target\":{\"@type\":\"EntryPoint\",\"urlTemplate\":\"https:\\\/\\\/keybox.nl\\\/?s={search_term_string}\"},\"query-input\":{\"@type\":\"PropertyValueSpecification\",\"valueRequired\":true,\"valueName\":\"search_term_string\"}}],\"inLanguage\":\"pl-PL\"}]}<\/script>\n<!-- \/ Yoast SEO plugin. -->","yoast_head_json":{"title":"Detektor sejsmiczny KSB107 -","robots":{"index":"index","follow":"follow","max-snippet":"max-snippet:-1","max-image-preview":"max-image-preview:large","max-video-preview":"max-video-preview:-1"},"canonical":"https:\/\/keybox.nl\/pl\/produkt\/seismische-kluis-detector-ksb107\/","og_locale":"pl_PL","og_type":"article","og_title":"Seismische kluis detector KSB107 -","og_description":"Seismische kluis detector KSB007 Seismische kluis-detector in metalen behuizing. De sensor reageert op trillingen en geluid en kan daardoor een aanval op het object detecteren. Aan te sluiten op de alarminstallatie. De Keysecuritybox KSB107 is voorbereid om deze sensor te monteren. Breedte31 mm Hoogte 23 mm Lengte 91 mm Materiaal Metaal Kleur Grijs Gewicht 144 [&hellip;]","og_url":"https:\/\/keybox.nl\/pl\/produkt\/seismische-kluis-detector-ksb107\/","article_modified_time":"2022-02-03T12:09:10+00:00","og_image":[{"width":487,"height":487,"url":"https:\/\/keybox.nl\/wp-content\/uploads\/2022\/02\/Seismische-Kluis-Detector-e1643814028729.jpg","type":"image\/jpeg"}],"twitter_card":"summary_large_image","schema":{"@context":"https:\/\/schema.org","@graph":[{"@type":"WebPage","@id":"https:\/\/keybox.nl\/product\/seismische-kluis-detector-ksb107\/","url":"https:\/\/keybox.nl\/product\/seismische-kluis-detector-ksb107\/","name":"Detektor sejsmiczny KSB107 -","isPartOf":{"@id":"https:\/\/keybox.nl\/#website"},"primaryImageOfPage":{"@id":"https:\/\/keybox.nl\/product\/seismische-kluis-detector-ksb107\/#primaryimage"},"image":{"@id":"https:\/\/keybox.nl\/product\/seismische-kluis-detector-ksb107\/#primaryimage"},"thumbnailUrl":"https:\/\/keybox.nl\/wp-content\/uploads\/2022\/02\/Seismische-Kluis-Detector-e1643814028729.jpg","datePublished":"2022-02-02T15:13:29+00:00","dateModified":"2022-02-03T12:09:10+00:00","breadcrumb":{"@id":"https:\/\/keybox.nl\/product\/seismische-kluis-detector-ksb107\/#breadcrumb"},"inLanguage":"pl-PL","potentialAction":[{"@type":"ReadAction","target":["https:\/\/keybox.nl\/product\/seismische-kluis-detector-ksb107\/"]}]},{"@type":"ImageObject","inLanguage":"pl-PL","@id":"https:\/\/keybox.nl\/product\/seismische-kluis-detector-ksb107\/#primaryimage","url":"https:\/\/keybox.nl\/wp-content\/uploads\/2022\/02\/Seismische-Kluis-Detector-e1643814028729.jpg","contentUrl":"https:\/\/keybox.nl\/wp-content\/uploads\/2022\/02\/Seismische-Kluis-Detector-e1643814028729.jpg","width":487,"height":487,"caption":"Seismische Kluis Detector"},{"@type":"BreadcrumbList","@id":"https:\/\/keybox.nl\/product\/seismische-kluis-detector-ksb107\/#breadcrumb","itemListElement":[{"@type":"ListItem","position":1,"name":"Home","item":"https:\/\/keybox.nl\/"},{"@type":"ListItem","position":2,"name":"Beveiligde sleutelkastjes kopen","item":"https:\/\/keybox.nl\/"},{"@type":"ListItem","position":3,"name":"Seismische kluis detector KSB107"}]},{"@type":"WebSite","@id":"https:\/\/keybox.nl\/#website","url":"https:\/\/keybox.nl\/","name":"","description":"","potentialAction":[{"@type":"SearchAction","target":{"@type":"EntryPoint","urlTemplate":"https:\/\/keybox.nl\/?s={search_term_string}"},"query-input":{"@type":"PropertyValueSpecification","valueRequired":true,"valueName":"search_term_string"}}],"inLanguage":"pl-PL"}]}},"jetpack-related-posts":[{"id":193,"url":"https:\/\/keybox.nl\/pl\/produkt\/keysecuritybox-sleutelkluis-ksb107\/","url_meta":{"origin":248,"position":0},"title":"Sejf na klucze Keysecuritybox KSB107","author":"Keybox@beheermodule","date":"28 stycznia 2022","format":false,"excerpt":"Skrzynka na klucze KSB107 Skrzynka KSB107 mo\u017ce by\u0107 instalowana w \u015bcianie i jest wyj\u0105tkowo bezpieczna. Otw\u00f3r rolki L44, H64, D 124 mm.","rel":"","context":"Podobny wpis","block_context":{"text":"Podobny wpis","link":""},"img":{"alt_text":"","src":"https:\/\/i0.wp.com\/keybox.nl\/wp-content\/uploads\/2022\/01\/Ksb007-5-225x300.jpg?resize=350%2C200","width":350,"height":200},"classes":[]},{"id":201,"url":"https:\/\/keybox.nl\/pl\/produkt\/keysecuritybox-sleutelkluis-ksb107-wl\/","url_meta":{"origin":248,"position":1},"title":"Sejf na klucze KSB107 W","author":"Keybox@beheermodule","date":"28 stycznia 2022","format":false,"excerpt":"Skrzynka na klucze KSB107 XL Skrzynka KSB107 mo\u017ce by\u0107 instalowana w \u015bcianie i jest wyj\u0105tkowo bezpieczna. Otw\u00f3r na rolk\u0119 L66, H64, D 124 mm.","rel":"","context":"Podobny wpis","block_context":{"text":"Podobny wpis","link":""},"img":{"alt_text":"","src":"https:\/\/i0.wp.com\/keybox.nl\/wp-content\/uploads\/2022\/01\/Keysecuritybox-KSB107XL-300x300.jpg?resize=350%2C200","width":350,"height":200},"classes":[]},{"id":255,"url":"https:\/\/keybox.nl\/pl\/produkt\/regenkap-anti-masking-ksb107\/","url_meta":{"origin":248,"position":2},"title":"Czapka przeciwdeszczowa | Antymasking KSB107","author":"Keybox@beheermodule","date":"3 lutego 2022","format":false,"excerpt":"\u00a0 Zamontuj os\u0142on\u0119 przeciwdeszczow\u0105\/maskuj\u0105c\u0105 ze stali nierdzewnej\/Inox, aby zapobiec przedostawaniu si\u0119 deszczu i maskowaniu.\u00a0","rel":"","context":"Podobny wpis","block_context":{"text":"Podobny wpis","link":""},"img":{"alt_text":"Regenkap KSB107","src":"https:\/\/i0.wp.com\/keybox.nl\/wp-content\/uploads\/2022\/01\/KSB_007_rain-scaled-e1643227017671.jpg?resize=350%2C200&ssl=1","width":350,"height":200},"classes":[]},{"id":1339,"url":"https:\/\/keybox.nl\/pl\/produkt\/regenkap-anti-masking-ksb107-xl\/","url_meta":{"origin":248,"position":3},"title":"Os\u0142ona przeciwdeszczowa | Antymasking KSB107W","author":"Keybox@beheermodule","date":"10 lutego 2023","format":false,"excerpt":"\u00a0 Zamontuj os\u0142on\u0119 przeciwdeszczow\u0105\/maskuj\u0105c\u0105 ze stali nierdzewnej\/Inox, aby zapobiec przedostawaniu si\u0119 deszczu i maskowaniu.\u00a0","rel":"","context":"Podobny wpis","block_context":{"text":"Podobny wpis","link":""},"img":{"alt_text":"Regenkap KSB107","src":"https:\/\/i0.wp.com\/keybox.nl\/wp-content\/uploads\/2022\/01\/KSB_007_rain-scaled-e1643227017671.jpg?resize=350%2C200&ssl=1","width":350,"height":200},"classes":[]},{"id":232,"url":"https:\/\/keybox.nl\/pl\/produkt\/lowering-bracket-ksb107\/","url_meta":{"origin":248,"position":4},"title":"Wspornik obni\u017caj\u0105cy KSB107","author":"Keybox@beheermodule","date":"1 lutego 2022","format":false,"excerpt":"Wspornik obni\u017caj\u0105cy KSB007 Umie\u015b\u0107 zestaw obni\u017caj\u0105cy, je\u015bli \u015bciana jest grubsza ni\u017c 30 cm, tak aby nachylenie wynosi\u0142o co najmniej 30\u02da.","rel":"","context":"Podobny wpis","block_context":{"text":"Podobny wpis","link":""},"img":{"alt_text":"Lowering bracket KSB107","src":"https:\/\/i0.wp.com\/keybox.nl\/wp-content\/uploads\/2022\/02\/Lowering-bracket-KSB107.jpg?resize=350%2C200&ssl=1","width":350,"height":200,"srcset":"https:\/\/i0.wp.com\/keybox.nl\/wp-content\/uploads\/2022\/02\/Lowering-bracket-KSB107.jpg?resize=350%2C200&ssl=1 1x, https:\/\/i0.wp.com\/keybox.nl\/wp-content\/uploads\/2022\/02\/Lowering-bracket-KSB107.jpg?resize=525%2C300&ssl=1 1.5x, https:\/\/i0.wp.com\/keybox.nl\/wp-content\/uploads\/2022\/02\/Lowering-bracket-KSB107.jpg?resize=700%2C400&ssl=1 2x, https:\/\/i0.wp.com\/keybox.nl\/wp-content\/uploads\/2022\/02\/Lowering-bracket-KSB107.jpg?resize=1050%2C600&ssl=1 3x"},"classes":[]},{"id":72,"url":"https:\/\/keybox.nl\/pl\/produkt\/keysecuritybox-sleutelkluis-ksb101a-ksb102a\/","url_meta":{"origin":248,"position":5},"title":"Skrzynka na klucze KSB101A, KSB102A dodatkowy pancerny sejf na klucze","author":"Keybox@beheermodule","date":"1 grudnia 2021","format":false,"excerpt":"Sejf KSB101A i KSB102A Sejfy KSB101A i 102A s\u0105 wyposa\u017cone w dodatkowy pancerz. Wewn\u0105trz sejfu znajduje si\u0119 dodatkowy wewn\u0119trzny sejf wykonany ze specjalnej stali, kt\u00f3ry zapewnia wy\u017csz\u0105 ochron\u0119 przed atakami. Jeden sejf w dw\u00f3ch wersjach: ko\u0142o depozytowe lewe lub prawe","rel":"","context":"Z 1 komentarzem","block_context":{"text":"Z 1 komentarzem","link":"https:\/\/keybox.nl\/pl\/produkt\/keysecuritybox-sleutelkluis-ksb101a-ksb102a\/#comments"},"img":{"alt_text":"","src":"https:\/\/i0.wp.com\/keybox.nl\/wp-content\/uploads\/2021\/11\/KSB_101_3-scaled-e1638352491754.jpg?resize=350%2C200&ssl=1","width":350,"height":200},"classes":[]}],"jetpack_sharing_enabled":true,"_links":{"self":[{"href":"https:\/\/keybox.nl\/pl\/wp-json\/wp\/v2\/product\/248","targetHints":{"allow":["GET"]}}],"collection":[{"href":"https:\/\/keybox.nl\/pl\/wp-json\/wp\/v2\/product"}],"about":[{"href":"https:\/\/keybox.nl\/pl\/wp-json\/wp\/v2\/types\/product"}],"replies":[{"embeddable":true,"href":"https:\/\/keybox.nl\/pl\/wp-json\/wp\/v2\/comments?post=248"}],"wp:featuredmedia":[{"embeddable":true,"href":"https:\/\/keybox.nl\/pl\/wp-json\/wp\/v2\/media\/249"}],"wp:attachment":[{"href":"https:\/\/keybox.nl\/pl\/wp-json\/wp\/v2\/media?parent=248"}],"wp:term":[{"taxonomy":"product_brand","embeddable":true,"href":"https:\/\/keybox.nl\/pl\/wp-json\/wp\/v2\/product_brand?post=248"},{"taxonomy":"product_cat","embeddable":true,"href":"https:\/\/keybox.nl\/pl\/wp-json\/wp\/v2\/product_cat?post=248"},{"taxonomy":"product_tag","embeddable":true,"href":"https:\/\/keybox.nl\/pl\/wp-json\/wp\/v2\/product_tag?post=248"}],"curies":[{"name":"wp","href":"https:\/\/api.w.org\/{rel}","templated":true}]}}