{"id":237,"date":"2022-02-01T21:32:25","date_gmt":"2022-02-01T21:32:25","guid":{"rendered":"http:\/\/keybox.nl\/?post_type=product&#038;p=237"},"modified":"2025-11-26T09:43:27","modified_gmt":"2025-11-26T09:43:27","slug":"paneel-met-uitsparing-ksb107","status":"publish","type":"product","link":"https:\/\/keybox.nl\/pl\/produkt\/paneel-met-uitsparing-ksb107\/","title":{"rendered":"Panel dla KSB107 i KSB107W"},"content":{"rendered":"<h2>Panel elewacyjny z wyci\u0119ciem dla KSB107 i KSB107W<\/h2>\n<p>W przypadku monta\u017cu Keysecuritybox KSB107 w p\u0142ycie warstwowej lub innej \u015bcianie nieceglanej lub betonowej zaleca si\u0119 u\u017cycie tego panelu. Panel umieszcza si\u0119 mi\u0119dzy p\u0142yt\u0105 szczytow\u0105 z rolk\u0105 a \u015bcian\u0105. Mocowanie odbywa si\u0119 za pomoc\u0105 zestawu monta\u017cowego i zacisku mi\u0119dzy p\u0142yt\u0105 \u015bcienn\u0105 a \u015bcian\u0105.<\/p>\n<p>Wymiary: 450 x 450 x 3 mm<br \/>\nMateria\u0142: stal nierdzewna \/ inox<br \/>\nWyko\u0144czenie: szczotkowane<\/p>\n<p>&nbsp;<\/p>","protected":false},"excerpt":{"rendered":"<h2>Panel elewacyjny z wyci\u0119ciem dla KSB107<\/h2>\n<p>Zalecane w przypadku monta\u017cu w \u015bcianie z materia\u0142\u00f3w innych ni\u017c kamie\u0144, takich jak p\u0142yta warstwowa. Panel ze stali nierdzewnej\/inox jest wyposa\u017cony we wg\u0142\u0119bienie.<\/p>","protected":false},"featured_media":246,"comment_status":"open","ping_status":"closed","template":"","meta":[],"product_brand":[],"product_cat":[36],"product_tag":[51],"class_list":{"0":"post-237","1":"product","2":"type-product","3":"status-publish","4":"has-post-thumbnail","6":"product_cat-keysecuritybox-accessoires","7":"product_tag-rvs-paneel-voor-de-ksb107","9":"first","10":"instock","11":"taxable","12":"shipping-taxable","13":"purchasable","14":"product-type-simple"},"yoast_head":"<!-- This site is optimized with the Yoast SEO plugin v27.4 - https:\/\/yoast.com\/product\/yoast-seo-wordpress\/ -->\n<title>Paneel voor KSB107 en KSB107W -<\/title>\n<meta name=\"robots\" content=\"index, follow, max-snippet:-1, max-image-preview:large, max-video-preview:-1\" \/>\n<link rel=\"canonical\" href=\"https:\/\/keybox.nl\/pl\/produkt\/paneel-met-uitsparing-ksb107\/\" \/>\n<meta property=\"og:locale\" content=\"pl_PL\" \/>\n<meta property=\"og:type\" content=\"article\" \/>\n<meta property=\"og:title\" content=\"Paneel voor KSB107 en KSB107W -\" \/>\n<meta property=\"og:description\" content=\"Gevelpaneel met uitsparing voor de KSB107 Aanbevolen bij installatie in een niet stenen muur zoals een sandwich paneel. Het rvs \/ inox paneel is voorzien van een uitsparing.\" \/>\n<meta property=\"og:url\" content=\"https:\/\/keybox.nl\/pl\/produkt\/paneel-met-uitsparing-ksb107\/\" \/>\n<meta property=\"article:modified_time\" content=\"2025-11-26T09:43:27+00:00\" \/>\n<meta property=\"og:image\" content=\"http:\/\/keybox.nl\/wp-content\/uploads\/2022\/02\/SS-Plate-KSB107-e1643788038351.jpg\" \/>\n\t<meta property=\"og:image:width\" content=\"487\" \/>\n\t<meta property=\"og:image:height\" content=\"487\" \/>\n\t<meta property=\"og:image:type\" content=\"image\/jpeg\" \/>\n<meta name=\"twitter:card\" content=\"summary_large_image\" \/>\n<meta name=\"twitter:label1\" content=\"Szacowany czas czytania\" \/>\n\t<meta name=\"twitter:data1\" content=\"1 minuta\" \/>\n<script type=\"application\/ld+json\" class=\"yoast-schema-graph\">{\"@context\":\"https:\\\/\\\/schema.org\",\"@graph\":[{\"@type\":\"WebPage\",\"@id\":\"https:\\\/\\\/keybox.nl\\\/product\\\/paneel-met-uitsparing-ksb107\\\/\",\"url\":\"https:\\\/\\\/keybox.nl\\\/product\\\/paneel-met-uitsparing-ksb107\\\/\",\"name\":\"Paneel voor KSB107 en KSB107W -\",\"isPartOf\":{\"@id\":\"https:\\\/\\\/keybox.nl\\\/#website\"},\"primaryImageOfPage\":{\"@id\":\"https:\\\/\\\/keybox.nl\\\/product\\\/paneel-met-uitsparing-ksb107\\\/#primaryimage\"},\"image\":{\"@id\":\"https:\\\/\\\/keybox.nl\\\/product\\\/paneel-met-uitsparing-ksb107\\\/#primaryimage\"},\"thumbnailUrl\":\"https:\\\/\\\/keybox.nl\\\/wp-content\\\/uploads\\\/2022\\\/02\\\/SS-Plate-KSB107-e1643788038351.jpg\",\"datePublished\":\"2022-02-01T21:32:25+00:00\",\"dateModified\":\"2025-11-26T09:43:27+00:00\",\"breadcrumb\":{\"@id\":\"https:\\\/\\\/keybox.nl\\\/product\\\/paneel-met-uitsparing-ksb107\\\/#breadcrumb\"},\"inLanguage\":\"pl-PL\",\"potentialAction\":[{\"@type\":\"ReadAction\",\"target\":[\"https:\\\/\\\/keybox.nl\\\/product\\\/paneel-met-uitsparing-ksb107\\\/\"]}]},{\"@type\":\"ImageObject\",\"inLanguage\":\"pl-PL\",\"@id\":\"https:\\\/\\\/keybox.nl\\\/product\\\/paneel-met-uitsparing-ksb107\\\/#primaryimage\",\"url\":\"https:\\\/\\\/keybox.nl\\\/wp-content\\\/uploads\\\/2022\\\/02\\\/SS-Plate-KSB107-e1643788038351.jpg\",\"contentUrl\":\"https:\\\/\\\/keybox.nl\\\/wp-content\\\/uploads\\\/2022\\\/02\\\/SS-Plate-KSB107-e1643788038351.jpg\",\"width\":487,\"height\":487,\"caption\":\"RVS paneel ksb107\"},{\"@type\":\"BreadcrumbList\",\"@id\":\"https:\\\/\\\/keybox.nl\\\/product\\\/paneel-met-uitsparing-ksb107\\\/#breadcrumb\",\"itemListElement\":[{\"@type\":\"ListItem\",\"position\":1,\"name\":\"Home\",\"item\":\"https:\\\/\\\/keybox.nl\\\/\"},{\"@type\":\"ListItem\",\"position\":2,\"name\":\"Beveiligde sleutelkastjes kopen\",\"item\":\"https:\\\/\\\/keybox.nl\\\/\"},{\"@type\":\"ListItem\",\"position\":3,\"name\":\"Paneel voor KSB107 en KSB107W\"}]},{\"@type\":\"WebSite\",\"@id\":\"https:\\\/\\\/keybox.nl\\\/#website\",\"url\":\"https:\\\/\\\/keybox.nl\\\/\",\"name\":\"\",\"description\":\"\",\"potentialAction\":[{\"@type\":\"SearchAction\",\"target\":{\"@type\":\"EntryPoint\",\"urlTemplate\":\"https:\\\/\\\/keybox.nl\\\/?s={search_term_string}\"},\"query-input\":{\"@type\":\"PropertyValueSpecification\",\"valueRequired\":true,\"valueName\":\"search_term_string\"}}],\"inLanguage\":\"pl-PL\"}]}<\/script>\n<!-- \/ Yoast SEO plugin. -->","yoast_head_json":{"title":"Panel dla KSB107 i KSB107W -","robots":{"index":"index","follow":"follow","max-snippet":"max-snippet:-1","max-image-preview":"max-image-preview:large","max-video-preview":"max-video-preview:-1"},"canonical":"https:\/\/keybox.nl\/pl\/produkt\/paneel-met-uitsparing-ksb107\/","og_locale":"pl_PL","og_type":"article","og_title":"Paneel voor KSB107 en KSB107W -","og_description":"Gevelpaneel met uitsparing voor de KSB107 Aanbevolen bij installatie in een niet stenen muur zoals een sandwich paneel. Het rvs \/ inox paneel is voorzien van een uitsparing.","og_url":"https:\/\/keybox.nl\/pl\/produkt\/paneel-met-uitsparing-ksb107\/","article_modified_time":"2025-11-26T09:43:27+00:00","og_image":[{"width":487,"height":487,"url":"http:\/\/keybox.nl\/wp-content\/uploads\/2022\/02\/SS-Plate-KSB107-e1643788038351.jpg","type":"image\/jpeg"}],"twitter_card":"summary_large_image","twitter_misc":{"Szacowany czas czytania":"1 minuta"},"schema":{"@context":"https:\/\/schema.org","@graph":[{"@type":"WebPage","@id":"https:\/\/keybox.nl\/product\/paneel-met-uitsparing-ksb107\/","url":"https:\/\/keybox.nl\/product\/paneel-met-uitsparing-ksb107\/","name":"Panel dla KSB107 i KSB107W -","isPartOf":{"@id":"https:\/\/keybox.nl\/#website"},"primaryImageOfPage":{"@id":"https:\/\/keybox.nl\/product\/paneel-met-uitsparing-ksb107\/#primaryimage"},"image":{"@id":"https:\/\/keybox.nl\/product\/paneel-met-uitsparing-ksb107\/#primaryimage"},"thumbnailUrl":"https:\/\/keybox.nl\/wp-content\/uploads\/2022\/02\/SS-Plate-KSB107-e1643788038351.jpg","datePublished":"2022-02-01T21:32:25+00:00","dateModified":"2025-11-26T09:43:27+00:00","breadcrumb":{"@id":"https:\/\/keybox.nl\/product\/paneel-met-uitsparing-ksb107\/#breadcrumb"},"inLanguage":"pl-PL","potentialAction":[{"@type":"ReadAction","target":["https:\/\/keybox.nl\/product\/paneel-met-uitsparing-ksb107\/"]}]},{"@type":"ImageObject","inLanguage":"pl-PL","@id":"https:\/\/keybox.nl\/product\/paneel-met-uitsparing-ksb107\/#primaryimage","url":"https:\/\/keybox.nl\/wp-content\/uploads\/2022\/02\/SS-Plate-KSB107-e1643788038351.jpg","contentUrl":"https:\/\/keybox.nl\/wp-content\/uploads\/2022\/02\/SS-Plate-KSB107-e1643788038351.jpg","width":487,"height":487,"caption":"RVS paneel ksb107"},{"@type":"BreadcrumbList","@id":"https:\/\/keybox.nl\/product\/paneel-met-uitsparing-ksb107\/#breadcrumb","itemListElement":[{"@type":"ListItem","position":1,"name":"Home","item":"https:\/\/keybox.nl\/"},{"@type":"ListItem","position":2,"name":"Beveiligde sleutelkastjes kopen","item":"https:\/\/keybox.nl\/"},{"@type":"ListItem","position":3,"name":"Paneel voor KSB107 en KSB107W"}]},{"@type":"WebSite","@id":"https:\/\/keybox.nl\/#website","url":"https:\/\/keybox.nl\/","name":"","description":"","potentialAction":[{"@type":"SearchAction","target":{"@type":"EntryPoint","urlTemplate":"https:\/\/keybox.nl\/?s={search_term_string}"},"query-input":{"@type":"PropertyValueSpecification","valueRequired":true,"valueName":"search_term_string"}}],"inLanguage":"pl-PL"}]}},"jetpack-related-posts":[{"id":193,"url":"https:\/\/keybox.nl\/pl\/produkt\/keysecuritybox-sleutelkluis-ksb107\/","url_meta":{"origin":237,"position":0},"title":"Sejf na klucze Keysecuritybox KSB107","author":"Keybox@beheermodule","date":"28 stycznia 2022","format":false,"excerpt":"Skrzynka na klucze KSB107 Skrzynka KSB107 mo\u017ce by\u0107 instalowana w \u015bcianie i jest wyj\u0105tkowo bezpieczna. Otw\u00f3r rolki L44, H64, D 124 mm.","rel":"","context":"Podobny wpis","block_context":{"text":"Podobny wpis","link":""},"img":{"alt_text":"","src":"https:\/\/i0.wp.com\/keybox.nl\/wp-content\/uploads\/2022\/01\/Ksb007-5-225x300.jpg?resize=350%2C200","width":350,"height":200},"classes":[]},{"id":201,"url":"https:\/\/keybox.nl\/pl\/produkt\/keysecuritybox-sleutelkluis-ksb107-wl\/","url_meta":{"origin":237,"position":1},"title":"Sejf na klucze KSB107 W","author":"Keybox@beheermodule","date":"28 stycznia 2022","format":false,"excerpt":"Skrzynka na klucze KSB107 XL Skrzynka KSB107 mo\u017ce by\u0107 instalowana w \u015bcianie i jest wyj\u0105tkowo bezpieczna. Otw\u00f3r na rolk\u0119 L66, H64, D 124 mm.","rel":"","context":"Podobny wpis","block_context":{"text":"Podobny wpis","link":""},"img":{"alt_text":"","src":"https:\/\/i0.wp.com\/keybox.nl\/wp-content\/uploads\/2022\/01\/Keysecuritybox-KSB107XL-300x300.jpg?resize=350%2C200","width":350,"height":200},"classes":[]},{"id":255,"url":"https:\/\/keybox.nl\/pl\/produkt\/regenkap-anti-masking-ksb107\/","url_meta":{"origin":237,"position":2},"title":"Czapka przeciwdeszczowa | Antymasking KSB107","author":"Keybox@beheermodule","date":"3 lutego 2022","format":false,"excerpt":"\u00a0 Zamontuj os\u0142on\u0119 przeciwdeszczow\u0105\/maskuj\u0105c\u0105 ze stali nierdzewnej\/Inox, aby zapobiec przedostawaniu si\u0119 deszczu i maskowaniu.\u00a0","rel":"","context":"Podobny wpis","block_context":{"text":"Podobny wpis","link":""},"img":{"alt_text":"Regenkap KSB107","src":"https:\/\/i0.wp.com\/keybox.nl\/wp-content\/uploads\/2022\/01\/KSB_007_rain-scaled-e1643227017671.jpg?resize=350%2C200&ssl=1","width":350,"height":200},"classes":[]},{"id":1339,"url":"https:\/\/keybox.nl\/pl\/produkt\/regenkap-anti-masking-ksb107-xl\/","url_meta":{"origin":237,"position":3},"title":"Os\u0142ona przeciwdeszczowa | Antymasking KSB107W","author":"Keybox@beheermodule","date":"10 lutego 2023","format":false,"excerpt":"\u00a0 Zamontuj os\u0142on\u0119 przeciwdeszczow\u0105\/maskuj\u0105c\u0105 ze stali nierdzewnej\/Inox, aby zapobiec przedostawaniu si\u0119 deszczu i maskowaniu.\u00a0","rel":"","context":"Podobny wpis","block_context":{"text":"Podobny wpis","link":""},"img":{"alt_text":"Regenkap KSB107","src":"https:\/\/i0.wp.com\/keybox.nl\/wp-content\/uploads\/2022\/01\/KSB_007_rain-scaled-e1643227017671.jpg?resize=350%2C200&ssl=1","width":350,"height":200},"classes":[]},{"id":232,"url":"https:\/\/keybox.nl\/pl\/produkt\/lowering-bracket-ksb107\/","url_meta":{"origin":237,"position":4},"title":"Wspornik obni\u017caj\u0105cy KSB107","author":"Keybox@beheermodule","date":"1 lutego 2022","format":false,"excerpt":"Wspornik obni\u017caj\u0105cy KSB007 Umie\u015b\u0107 zestaw obni\u017caj\u0105cy, je\u015bli \u015bciana jest grubsza ni\u017c 30 cm, tak aby nachylenie wynosi\u0142o co najmniej 30\u02da.","rel":"","context":"Podobny wpis","block_context":{"text":"Podobny wpis","link":""},"img":{"alt_text":"Lowering bracket KSB107","src":"https:\/\/i0.wp.com\/keybox.nl\/wp-content\/uploads\/2022\/02\/Lowering-bracket-KSB107.jpg?resize=350%2C200&ssl=1","width":350,"height":200,"srcset":"https:\/\/i0.wp.com\/keybox.nl\/wp-content\/uploads\/2022\/02\/Lowering-bracket-KSB107.jpg?resize=350%2C200&ssl=1 1x, https:\/\/i0.wp.com\/keybox.nl\/wp-content\/uploads\/2022\/02\/Lowering-bracket-KSB107.jpg?resize=525%2C300&ssl=1 1.5x, https:\/\/i0.wp.com\/keybox.nl\/wp-content\/uploads\/2022\/02\/Lowering-bracket-KSB107.jpg?resize=700%2C400&ssl=1 2x, https:\/\/i0.wp.com\/keybox.nl\/wp-content\/uploads\/2022\/02\/Lowering-bracket-KSB107.jpg?resize=1050%2C600&ssl=1 3x"},"classes":[]},{"id":36,"url":"https:\/\/keybox.nl\/pl\/produkt\/ksb101-ksb102-sleutelkluis\/","url_meta":{"origin":237,"position":5},"title":"Sejf na klucze KSB101, sejf na klucze KSB102","author":"Keybox@beheermodule","date":"30 listopada 2021","format":false,"excerpt":"Sejf na klucze KSB101 i KSB102 Jeden sejf w dw\u00f3ch wersjach: ko\u0142o depozytowe lewe lub prawe","rel":"","context":"Z 1 komentarzem","block_context":{"text":"Z 1 komentarzem","link":"https:\/\/keybox.nl\/pl\/produkt\/ksb101-ksb102-sleutelkluis\/#comments"},"img":{"alt_text":"","src":"https:\/\/i0.wp.com\/keybox.nl\/wp-content\/uploads\/2021\/11\/KSB_101_3-scaled-e1638352491754.jpg?resize=350%2C200&ssl=1","width":350,"height":200},"classes":[]}],"jetpack_sharing_enabled":true,"_links":{"self":[{"href":"https:\/\/keybox.nl\/pl\/wp-json\/wp\/v2\/product\/237","targetHints":{"allow":["GET"]}}],"collection":[{"href":"https:\/\/keybox.nl\/pl\/wp-json\/wp\/v2\/product"}],"about":[{"href":"https:\/\/keybox.nl\/pl\/wp-json\/wp\/v2\/types\/product"}],"replies":[{"embeddable":true,"href":"https:\/\/keybox.nl\/pl\/wp-json\/wp\/v2\/comments?post=237"}],"wp:featuredmedia":[{"embeddable":true,"href":"https:\/\/keybox.nl\/pl\/wp-json\/wp\/v2\/media\/246"}],"wp:attachment":[{"href":"https:\/\/keybox.nl\/pl\/wp-json\/wp\/v2\/media?parent=237"}],"wp:term":[{"taxonomy":"product_brand","embeddable":true,"href":"https:\/\/keybox.nl\/pl\/wp-json\/wp\/v2\/product_brand?post=237"},{"taxonomy":"product_cat","embeddable":true,"href":"https:\/\/keybox.nl\/pl\/wp-json\/wp\/v2\/product_cat?post=237"},{"taxonomy":"product_tag","embeddable":true,"href":"https:\/\/keybox.nl\/pl\/wp-json\/wp\/v2\/product_tag?post=237"}],"curies":[{"name":"wp","href":"https:\/\/api.w.org\/{rel}","templated":true}]}}