{"id":198,"date":"2022-01-28T16:29:39","date_gmt":"2022-01-28T16:29:39","guid":{"rendered":"http:\/\/keybox.nl\/?post_type=product&#038;p=198"},"modified":"2025-11-26T09:40:29","modified_gmt":"2025-11-26T09:40:29","slug":"regenkap-ksb101-102-en-103","status":"publish","type":"product","link":"https:\/\/keybox.nl\/pl\/produkt\/regenkap-ksb101-102-en-103\/","title":{"rendered":"Daszek przeciwdeszczowy KSB101, 2, 3"},"content":{"rendered":"<h2>Os\u0142ona przeciwdeszczowa do skrzynki Keysecurity<\/h2>\n<p>Zapobiegaj przedostawaniu si\u0119 wody deszczowej do skrzynki Keysecuritybox za pomoc\u0105 os\u0142ony przeciwdeszczowej. \u0141atwa do zastosowania dzi\u0119ki zestawowi monta\u017cowemu na g\u00f3rze skrzynki Keysecuritybox. Za\u015blepka zapobiega przedostawaniu si\u0119 wody do sejfu przez rolk\u0119.<\/p>\n<p>Kluczyk nale\u017cy przechowywa\u0107 w suchym miejscu i zamontowa\u0107 os\u0142on\u0119 przeciwdeszczow\u0105.<\/p>\n<figure id=\"attachment_199\" aria-describedby=\"caption-attachment-199\" style=\"width: 270px\" class=\"wp-caption alignleft\"><img decoding=\"async\" class=\"size-medium wp-image-199\" src=\"http:\/\/keybox.nl\/wp-content\/uploads\/2022\/01\/IMG_5363-270x300.jpg\" alt=\"\" width=\"270\" height=\"300\" \/><figcaption id=\"caption-attachment-199\" class=\"wp-caption-text\">Os\u0142ona przeciwdeszczowa Skrzynka na klucze<\/figcaption><\/figure>\n<p>&nbsp;<\/p>","protected":false},"excerpt":{"rendered":"<h2>Os\u0142ona przeciwdeszczowa do skrzynki Keysecurity<\/h2>","protected":false},"featured_media":199,"comment_status":"open","ping_status":"closed","template":"","meta":[],"product_brand":[],"product_cat":[36],"product_tag":[40,41,42,20,38,39,37],"class_list":{"0":"post-198","1":"product","2":"type-product","3":"status-publish","4":"has-post-thumbnail","6":"product_cat-keysecuritybox-accessoires","7":"product_tag-40","8":"product_tag-41","9":"product_tag-42","10":"product_tag-keysecuritybox","11":"product_tag-ksb","12":"product_tag-regen","13":"product_tag-regenkap","15":"first","16":"instock","17":"taxable","18":"shipping-taxable","19":"purchasable","20":"product-type-simple"},"yoast_head":"<!-- This site is optimized with the Yoast SEO plugin v27.4 - https:\/\/yoast.com\/product\/yoast-seo-wordpress\/ -->\n<title>Regenkap KSB101, 2, 3 -<\/title>\n<meta name=\"robots\" content=\"index, follow, max-snippet:-1, max-image-preview:large, max-video-preview:-1\" \/>\n<link rel=\"canonical\" href=\"https:\/\/keybox.nl\/pl\/produkt\/regenkap-ksb101-102-en-103\/\" \/>\n<meta property=\"og:locale\" content=\"pl_PL\" \/>\n<meta property=\"og:type\" content=\"article\" \/>\n<meta property=\"og:title\" content=\"Regenkap KSB101, 2, 3 -\" \/>\n<meta property=\"og:description\" content=\"Regenkap voor de Keysecuritybox\" \/>\n<meta property=\"og:url\" content=\"https:\/\/keybox.nl\/pl\/produkt\/regenkap-ksb101-102-en-103\/\" \/>\n<meta property=\"article:modified_time\" content=\"2025-11-26T09:40:29+00:00\" \/>\n<meta property=\"og:image\" content=\"http:\/\/keybox.nl\/wp-content\/uploads\/2022\/01\/IMG_5363-scaled-e1643386544179.jpg\" \/>\n\t<meta property=\"og:image:width\" content=\"438\" \/>\n\t<meta property=\"og:image:height\" content=\"487\" \/>\n\t<meta property=\"og:image:type\" content=\"image\/jpeg\" \/>\n<meta name=\"twitter:card\" content=\"summary_large_image\" \/>\n<script type=\"application\/ld+json\" class=\"yoast-schema-graph\">{\"@context\":\"https:\\\/\\\/schema.org\",\"@graph\":[{\"@type\":\"WebPage\",\"@id\":\"https:\\\/\\\/keybox.nl\\\/product\\\/regenkap-ksb101-102-en-103\\\/\",\"url\":\"https:\\\/\\\/keybox.nl\\\/product\\\/regenkap-ksb101-102-en-103\\\/\",\"name\":\"Regenkap KSB101, 2, 3 -\",\"isPartOf\":{\"@id\":\"https:\\\/\\\/keybox.nl\\\/#website\"},\"primaryImageOfPage\":{\"@id\":\"https:\\\/\\\/keybox.nl\\\/product\\\/regenkap-ksb101-102-en-103\\\/#primaryimage\"},\"image\":{\"@id\":\"https:\\\/\\\/keybox.nl\\\/product\\\/regenkap-ksb101-102-en-103\\\/#primaryimage\"},\"thumbnailUrl\":\"https:\\\/\\\/keybox.nl\\\/wp-content\\\/uploads\\\/2022\\\/01\\\/IMG_5363-scaled-e1643386544179.jpg\",\"datePublished\":\"2022-01-28T16:29:39+00:00\",\"dateModified\":\"2025-11-26T09:40:29+00:00\",\"breadcrumb\":{\"@id\":\"https:\\\/\\\/keybox.nl\\\/product\\\/regenkap-ksb101-102-en-103\\\/#breadcrumb\"},\"inLanguage\":\"pl-PL\",\"potentialAction\":[{\"@type\":\"ReadAction\",\"target\":[\"https:\\\/\\\/keybox.nl\\\/product\\\/regenkap-ksb101-102-en-103\\\/\"]}]},{\"@type\":\"ImageObject\",\"inLanguage\":\"pl-PL\",\"@id\":\"https:\\\/\\\/keybox.nl\\\/product\\\/regenkap-ksb101-102-en-103\\\/#primaryimage\",\"url\":\"https:\\\/\\\/keybox.nl\\\/wp-content\\\/uploads\\\/2022\\\/01\\\/IMG_5363-scaled-e1643386544179.jpg\",\"contentUrl\":\"https:\\\/\\\/keybox.nl\\\/wp-content\\\/uploads\\\/2022\\\/01\\\/IMG_5363-scaled-e1643386544179.jpg\",\"width\":438,\"height\":487,\"caption\":\"Regenkap Keysecuritybox\"},{\"@type\":\"BreadcrumbList\",\"@id\":\"https:\\\/\\\/keybox.nl\\\/product\\\/regenkap-ksb101-102-en-103\\\/#breadcrumb\",\"itemListElement\":[{\"@type\":\"ListItem\",\"position\":1,\"name\":\"Home\",\"item\":\"https:\\\/\\\/keybox.nl\\\/\"},{\"@type\":\"ListItem\",\"position\":2,\"name\":\"Beveiligde sleutelkastjes kopen\",\"item\":\"https:\\\/\\\/keybox.nl\\\/\"},{\"@type\":\"ListItem\",\"position\":3,\"name\":\"Regenkap KSB101, 2, 3\"}]},{\"@type\":\"WebSite\",\"@id\":\"https:\\\/\\\/keybox.nl\\\/#website\",\"url\":\"https:\\\/\\\/keybox.nl\\\/\",\"name\":\"\",\"description\":\"\",\"potentialAction\":[{\"@type\":\"SearchAction\",\"target\":{\"@type\":\"EntryPoint\",\"urlTemplate\":\"https:\\\/\\\/keybox.nl\\\/?s={search_term_string}\"},\"query-input\":{\"@type\":\"PropertyValueSpecification\",\"valueRequired\":true,\"valueName\":\"search_term_string\"}}],\"inLanguage\":\"pl-PL\"}]}<\/script>\n<!-- \/ Yoast SEO plugin. -->","yoast_head_json":{"title":"Ko\u0142pak przeciwdeszczowy KSB101, 2, 3 -","robots":{"index":"index","follow":"follow","max-snippet":"max-snippet:-1","max-image-preview":"max-image-preview:large","max-video-preview":"max-video-preview:-1"},"canonical":"https:\/\/keybox.nl\/pl\/produkt\/regenkap-ksb101-102-en-103\/","og_locale":"pl_PL","og_type":"article","og_title":"Regenkap KSB101, 2, 3 -","og_description":"Regenkap voor de Keysecuritybox","og_url":"https:\/\/keybox.nl\/pl\/produkt\/regenkap-ksb101-102-en-103\/","article_modified_time":"2025-11-26T09:40:29+00:00","og_image":[{"width":438,"height":487,"url":"http:\/\/keybox.nl\/wp-content\/uploads\/2022\/01\/IMG_5363-scaled-e1643386544179.jpg","type":"image\/jpeg"}],"twitter_card":"summary_large_image","schema":{"@context":"https:\/\/schema.org","@graph":[{"@type":"WebPage","@id":"https:\/\/keybox.nl\/product\/regenkap-ksb101-102-en-103\/","url":"https:\/\/keybox.nl\/product\/regenkap-ksb101-102-en-103\/","name":"Ko\u0142pak przeciwdeszczowy KSB101, 2, 3 -","isPartOf":{"@id":"https:\/\/keybox.nl\/#website"},"primaryImageOfPage":{"@id":"https:\/\/keybox.nl\/product\/regenkap-ksb101-102-en-103\/#primaryimage"},"image":{"@id":"https:\/\/keybox.nl\/product\/regenkap-ksb101-102-en-103\/#primaryimage"},"thumbnailUrl":"https:\/\/keybox.nl\/wp-content\/uploads\/2022\/01\/IMG_5363-scaled-e1643386544179.jpg","datePublished":"2022-01-28T16:29:39+00:00","dateModified":"2025-11-26T09:40:29+00:00","breadcrumb":{"@id":"https:\/\/keybox.nl\/product\/regenkap-ksb101-102-en-103\/#breadcrumb"},"inLanguage":"pl-PL","potentialAction":[{"@type":"ReadAction","target":["https:\/\/keybox.nl\/product\/regenkap-ksb101-102-en-103\/"]}]},{"@type":"ImageObject","inLanguage":"pl-PL","@id":"https:\/\/keybox.nl\/product\/regenkap-ksb101-102-en-103\/#primaryimage","url":"https:\/\/keybox.nl\/wp-content\/uploads\/2022\/01\/IMG_5363-scaled-e1643386544179.jpg","contentUrl":"https:\/\/keybox.nl\/wp-content\/uploads\/2022\/01\/IMG_5363-scaled-e1643386544179.jpg","width":438,"height":487,"caption":"Regenkap Keysecuritybox"},{"@type":"BreadcrumbList","@id":"https:\/\/keybox.nl\/product\/regenkap-ksb101-102-en-103\/#breadcrumb","itemListElement":[{"@type":"ListItem","position":1,"name":"Home","item":"https:\/\/keybox.nl\/"},{"@type":"ListItem","position":2,"name":"Beveiligde sleutelkastjes kopen","item":"https:\/\/keybox.nl\/"},{"@type":"ListItem","position":3,"name":"Regenkap KSB101, 2, 3"}]},{"@type":"WebSite","@id":"https:\/\/keybox.nl\/#website","url":"https:\/\/keybox.nl\/","name":"","description":"","potentialAction":[{"@type":"SearchAction","target":{"@type":"EntryPoint","urlTemplate":"https:\/\/keybox.nl\/?s={search_term_string}"},"query-input":{"@type":"PropertyValueSpecification","valueRequired":true,"valueName":"search_term_string"}}],"inLanguage":"pl-PL"}]}},"jetpack-related-posts":[{"id":184,"url":"https:\/\/keybox.nl\/pl\/produkt\/keysecuritybox-ksb106\/","url_meta":{"origin":198,"position":0},"title":"Sejf na klucze KSB106","author":"Keybox@beheermodule","date":"26 stycznia 2022","format":false,"excerpt":"Sejf na klucze KSB106 \u00a0","rel":"","context":"Podobny wpis","block_context":{"text":"Podobny wpis","link":""},"img":{"alt_text":"","src":"https:\/\/i0.wp.com\/keybox.nl\/wp-content\/uploads\/2022\/01\/MG_3154-scaled-e1643377303706.jpg?resize=350%2C200&ssl=1","width":350,"height":200,"srcset":"https:\/\/i0.wp.com\/keybox.nl\/wp-content\/uploads\/2022\/01\/MG_3154-scaled-e1643377303706.jpg?resize=350%2C200&ssl=1 1x, https:\/\/i0.wp.com\/keybox.nl\/wp-content\/uploads\/2022\/01\/MG_3154-scaled-e1643377303706.jpg?resize=525%2C300&ssl=1 1.5x, https:\/\/i0.wp.com\/keybox.nl\/wp-content\/uploads\/2022\/01\/MG_3154-scaled-e1643377303706.jpg?resize=700%2C400&ssl=1 2x"},"classes":[]},{"id":122,"url":"https:\/\/keybox.nl\/pl\/produkt\/keysecuritybox-ksb105\/","url_meta":{"origin":198,"position":1},"title":"Skrzynka bezpiecze\u0144stwa KSB105","author":"Keybox@beheermodule","date":"14 grudnia 2021","format":false,"excerpt":"Skrzynka na klucze KSB105 Odpowiednia do zakotwiczenia modeli KSB103 i KSB004 na s\u0142upku.","rel":"","context":"Podobny wpis","block_context":{"text":"Podobny wpis","link":""},"img":{"alt_text":"","src":"https:\/\/i0.wp.com\/keybox.nl\/wp-content\/uploads\/2021\/12\/KSB005-e1639511667630.png?resize=350%2C200&ssl=1","width":350,"height":200},"classes":[]},{"id":115,"url":"https:\/\/keybox.nl\/pl\/produkt\/keysecuritybox-sleutelkluis-ksb103a\/","url_meta":{"origin":198,"position":2},"title":"Keysecuritybox KSB103A dodatkowo opancerzony sejf na klucze","author":"Keybox@beheermodule","date":"4 grudnia 2021","format":false,"excerpt":"Sejf na klucze KSB103A z dodatkowym opancerzeniem. Sejf KSB103A wyposa\u017cony w dodatkowy pancerz. Wewn\u0105trz sejfu znajduje si\u0119 dodatkowy wewn\u0119trzny sejf wykonany ze specjalnej stali, kt\u00f3ry zapewnia wy\u017csz\u0105 ochron\u0119 przed atakami. Do monta\u017cu na s\u0142upku (KSB005) lub konsoli KSB106.","rel":"","context":"Podobny wpis","block_context":{"text":"Podobny wpis","link":""},"img":{"alt_text":"","src":"https:\/\/i0.wp.com\/keybox.nl\/wp-content\/uploads\/2021\/11\/KSB_101_3-scaled-e1638352491754.jpg?resize=350%2C200&ssl=1","width":350,"height":200},"classes":[]},{"id":109,"url":"https:\/\/keybox.nl\/pl\/produkt\/keysecuritybox-sleutelkluis-ksb103\/","url_meta":{"origin":198,"position":3},"title":"Sejf na klucze Keysecuritybox KSB103","author":"Keybox@beheermodule","date":"4 grudnia 2021","format":false,"excerpt":"Skrzynka na klucze KSB103 Do monta\u017cu na s\u0142upku (KSB005) lub konsoli KSB106","rel":"","context":"Podobny wpis","block_context":{"text":"Podobny wpis","link":""},"img":{"alt_text":"","src":"https:\/\/i0.wp.com\/keybox.nl\/wp-content\/uploads\/2021\/11\/KSB_101_3-scaled-e1638352491754.jpg?resize=350%2C200&ssl=1","width":350,"height":200},"classes":[]},{"id":237,"url":"https:\/\/keybox.nl\/pl\/produkt\/paneel-met-uitsparing-ksb107\/","url_meta":{"origin":198,"position":4},"title":"Panel dla KSB107 i KSB107W","author":"Keybox@beheermodule","date":"1 lutego 2022","format":false,"excerpt":"Panel \u015bcienny z wg\u0142\u0119bieniem do KSB107 Zalecany w przypadku monta\u017cu w \u015bcianie z materia\u0142\u00f3w innych ni\u017c kamie\u0144, takich jak p\u0142yta warstwowa. Panel ze stali nierdzewnej\/inox jest wyposa\u017cony we wg\u0142\u0119bienie.","rel":"","context":"Podobny wpis","block_context":{"text":"Podobny wpis","link":""},"img":{"alt_text":"RVS paneel ksb107","src":"https:\/\/i0.wp.com\/keybox.nl\/wp-content\/uploads\/2022\/02\/SS-Plate-KSB107-e1643788038351.jpg?resize=350%2C200&ssl=1","width":350,"height":200},"classes":[]},{"id":201,"url":"https:\/\/keybox.nl\/pl\/produkt\/keysecuritybox-sleutelkluis-ksb107-wl\/","url_meta":{"origin":198,"position":5},"title":"Sejf na klucze KSB107 W","author":"Keybox@beheermodule","date":"28 stycznia 2022","format":false,"excerpt":"Skrzynka na klucze KSB107 XL Skrzynka KSB107 mo\u017ce by\u0107 instalowana w \u015bcianie i jest wyj\u0105tkowo bezpieczna. Otw\u00f3r na rolk\u0119 L66, H64, D 124 mm.","rel":"","context":"Podobny wpis","block_context":{"text":"Podobny wpis","link":""},"img":{"alt_text":"","src":"https:\/\/i0.wp.com\/keybox.nl\/wp-content\/uploads\/2022\/01\/Keysecuritybox-KSB107XL-300x300.jpg?resize=350%2C200","width":350,"height":200},"classes":[]}],"jetpack_sharing_enabled":true,"_links":{"self":[{"href":"https:\/\/keybox.nl\/pl\/wp-json\/wp\/v2\/product\/198","targetHints":{"allow":["GET"]}}],"collection":[{"href":"https:\/\/keybox.nl\/pl\/wp-json\/wp\/v2\/product"}],"about":[{"href":"https:\/\/keybox.nl\/pl\/wp-json\/wp\/v2\/types\/product"}],"replies":[{"embeddable":true,"href":"https:\/\/keybox.nl\/pl\/wp-json\/wp\/v2\/comments?post=198"}],"wp:featuredmedia":[{"embeddable":true,"href":"https:\/\/keybox.nl\/pl\/wp-json\/wp\/v2\/media\/199"}],"wp:attachment":[{"href":"https:\/\/keybox.nl\/pl\/wp-json\/wp\/v2\/media?parent=198"}],"wp:term":[{"taxonomy":"product_brand","embeddable":true,"href":"https:\/\/keybox.nl\/pl\/wp-json\/wp\/v2\/product_brand?post=198"},{"taxonomy":"product_cat","embeddable":true,"href":"https:\/\/keybox.nl\/pl\/wp-json\/wp\/v2\/product_cat?post=198"},{"taxonomy":"product_tag","embeddable":true,"href":"https:\/\/keybox.nl\/pl\/wp-json\/wp\/v2\/product_tag?post=198"}],"curies":[{"name":"wp","href":"https:\/\/api.w.org\/{rel}","templated":true}]}}