{"id":193,"date":"2022-01-28T13:48:55","date_gmt":"2022-01-28T13:48:55","guid":{"rendered":"http:\/\/keybox.nl\/?post_type=product&#038;p=193"},"modified":"2026-02-04T13:28:07","modified_gmt":"2026-02-04T13:28:07","slug":"keysecuritybox-sleutelkluis-ksb107","status":"publish","type":"product","link":"https:\/\/keybox.nl\/pl\/produkt\/keysecuritybox-sleutelkluis-ksb107\/","title":{"rendered":"Sejf na klucze Keysecuritybox KSB107"},"content":{"rendered":"<h2>Sejf na klucze KSB107<\/h2>\n<p>Najprostsze i najbezpieczniejsze rozwi\u0105zanie do przechowywania kluczy i kart 24\/7 - ten inteligentny, solidny i niedrogi dropbox jest u\u017cywany przez tysi\u0105ce firm.<\/p>\n<p>KSB107 mo\u017ce by\u0107 instalowany w \u015bcianie i jest niezwykle bezpieczny. Na zewn\u0105trz w \u015bcianie widoczna jest tylko p\u0142yta szczytowa z rolk\u0105. Klucze, kt\u00f3re s\u0105 zdeponowane, wpadaj\u0105 do wn\u0119trza budynku do zamkni\u0119tego solidnego sejfu. Sejf jest wyposa\u017cony w zamek blokuj\u0105cy z 21 mm skokiem strza\u0142u, 300\u00ba obrotem i 2 strza\u0142ami. Klucza nie mo\u017cna wyj\u0105\u0107 w pozycji otwartej.<\/p>\n<p>KSB107 mo\u017cna zamontowa\u0107 w niemal ka\u017cdej \u015bcianie. Nawet w panelu warstwowym, je\u015bli mi\u0119dzy p\u0142yt\u0105 szczytow\u0105 z rolk\u0105 a \u015bcian\u0105 zostanie umieszczony panel ze stali nierdzewnej \/ stali nierdzewnej. Sejf wewn\u0119trzny jest przygotowany do instalacji czujnika sejsmicznego. Czujnik ten powiadamia alarm w przypadku ataku i reaguje na po\u0142\u0105czenie wibracji i d\u017awi\u0119ku.<\/p>\n<p><img decoding=\"async\" class=\"size-medium wp-image-197 alignleft\" src=\"http:\/\/keybox.nl\/wp-content\/uploads\/2022\/01\/Ksb007-5-225x300.jpg\" alt=\"\" width=\"225\" height=\"300\" srcset=\"https:\/\/keybox.nl\/wp-content\/uploads\/2022\/01\/Ksb007-5-225x300.jpg 225w, https:\/\/keybox.nl\/wp-content\/uploads\/2022\/01\/Ksb007-5-416x555.jpg 416w, https:\/\/keybox.nl\/wp-content\/uploads\/2022\/01\/Ksb007-5-768x1024.jpg 768w, https:\/\/keybox.nl\/wp-content\/uploads\/2022\/01\/Ksb007-5-1152x1536.jpg 1152w, https:\/\/keybox.nl\/wp-content\/uploads\/2022\/01\/Ksb007-5.jpg 1200w\" sizes=\"(max-width: 225px) 100vw, 225px\" \/> \u00a0<img decoding=\"async\" class=\"alignleft size-medium wp-image-196\" src=\"http:\/\/keybox.nl\/wp-content\/uploads\/2022\/01\/KSB007-inner-safe-225x300.jpeg\" alt=\"\" width=\"225\" height=\"300\" \/><\/p>\n<p>&nbsp;<\/p>\n<p>&nbsp;<\/p>\n<p>&nbsp;<\/p>\n<p>&nbsp;<\/p>\n<p>&nbsp;<\/p>\n<p>&nbsp;<\/p>\n<p>Prosty Ten kompaktowy i wytrzyma\u0142y sejf na klucze jest najprostszym rozwi\u0105zaniem do optymalnego zabezpieczenia kluczy i kart. Jest dost\u0119pny w r\u00f3\u017cnych wersjach, wi\u0119c zawsze mo\u017cna go zainstalowa\u0107 przy lub w \u015bcianie. Nie ma \u015bcian? W takim razie skrzynk\u0119 na klucze mo\u017cna zamontowa\u0107 na stalowej konsoli. Sejf jest w pe\u0142ni mechaniczny i bardzo przyjazny dla u\u017cytkownika.<\/p>\n<p>Solidny Ten sejf na klucze jest niezwykle wytrzyma\u0142y! Z wyj\u0105tkiem ko\u0142a depozytowego, jest wykonany w ca\u0142o\u015bci z litej stali. Poniewa\u017c sejf ma tylko jedn\u0105 ruchom\u0105 cz\u0119\u015b\u0107, jest niezwykle trwa\u0142y, odporny na warunki atmosferyczne i niezawodny. A w\u0142o\u017cone klucze i karty s\u0105 bezpieczne, poniewa\u017c dzi\u0119ki inteligentnemu ko\u0142u depozytowemu \"\u0142owienie\" kluczy jest niemo\u017cliwe.<\/p>\n<p>Sejf Przekr\u0119\u0107 k\u00f3\u0142ko rolki do g\u00f3ry, a\u017c otw\u00f3r b\u0119dzie widoczny, w\u0142\u00f3\u017c klucz lub kart\u0119 klucza do k\u00f3\u0142ka rolki i zwolnij rolk\u0119, aby automatycznie si\u0119 obr\u00f3ci\u0142a, a klucz wpad\u0142 do sejfu. To nie mo\u017ce by\u0107 prostsze.<\/p>\n<p><strong>NAJLEPSZE ROZWI\u0104ZANIE DLA WYPO\u017bYCZALNI SAMOCHOD\u00d3W, FIRM LEASINGOWYCH, DEALER\u00d3W SAMOCHODOWYCH, FIRM POSIADAJ\u0104CYCH FLOTY, DEALER\u00d3W SAMOCHODOWYCH, WARSZTAT\u00d3W SAMOCHODOWYCH, HOTELI I INNYCH.<\/strong><\/p>\n<p><strong>Wyb\u00f3r naszych referencji<\/strong><br \/>\nDealerzy samochodowi: Audi, BMW, Chevolet, Citro\u00ebn, Fiat, Jaguar, Ford, Honda, Isuzu, Land Rover, ci\u0119\u017car\u00f3wki MAN, Mazda, Mercedes, Mitsubishi, Nissan, Tesla, Toyota, Opel, Peugeot, Rolls Royce, Renault, Saab, Porsche, Volvo, Volkswagen Wypo\u017cyczalnie samochod\u00f3w: Avis, Hertz, Budget, Sixt, Europcar, Dockx, Thrifty, AVA Rent, Autorent, Drive Yourself, Bochane Rent, Oto2rent, Camion Rentals, Runner Trucks, Bultman Hertz Transport publiczny: Lotnisko Schiphol Amsterdam, Lotnisko Rotterdam, Lotnisko Eindhoven, Lotnisko Groningen, Lotnisko Maastricht, Lotnisko Antwerpia, Lotnisko Bruksela, Lotnisko Charleroi, Aeroport du Luxembourg, Dworzec Antwerpia Centralna Inne: Carglass, ING Car Lease, Runner Truck Lease &amp; Rental, Scheer en Foppen Logistics, Borent, Philips Lighting Company cars &amp; Trailer Service, Dura Vermeer Road Construction, Bosch Universal Car Companies, Profile Tyre Center.<\/p>\n<p><strong>Specyfikacje<\/strong><br \/>\nModel: KSB107<br \/>\nRozmiar wewn\u0119trzny sejfu: 215 x 555 x 177 mm<br \/>\nRozmiar panelu elewacyjnego: 180 x 320 x 145 mm<br \/>\nRozmiar wn\u0119ki na rolk\u0119: L44, H64, D124 mm<br \/>\nWaga: 24 kg<br \/>\nKolor: RAL 9006<\/p>\n<p><strong>Zawarto\u015b\u0107 opakowania KSB107<\/strong><br \/>\n- 1 x KeySecurityBox<br \/>\n- 1 x slajd<br \/>\n- 1 x mata pod\u0142ogowa do sejfu<br \/>\n- 1 x pokrywa<br \/>\n- 4 x Pier\u015bcie\u0144 \u00f8 20 mm<br \/>\n- 4 x ko\u0144c\u00f3wka gwintowana<br \/>\n- 4 x Nakr\u0119tka M10<br \/>\n- 1 x naklejka z instrukcj\u0105<br \/>\n- 2 x klucze do skrzynki<\/p>\n<p><iframe title=\"Depozyt kluczyka samochodowego w Keysecuritybox KSB107 w wypo\u017cyczalni samochod\u00f3w Fred Janssen Van Kouwen\" width=\"980\" height=\"551\" src=\"https:\/\/www.youtube.com\/embed\/RgrgjCxeTt0?feature=oembed&#038;enablejsapi=1&#038;origin=https:\/\/keybox.nl\" frameborder=\"0\" allow=\"accelerometer; autoplay; clipboard-write; encrypted-media; gyroscope; picture-in-picture; web-share\" referrerpolicy=\"strict-origin-when-cross-origin\" allowfullscreen><\/iframe><\/p>","protected":false},"excerpt":{"rendered":"<h2>Sejf na klucze KSB107<\/h2>\n<p>KSB107 mo\u017ce by\u0107 umieszczony w \u015bcianie i jest wyj\u0105tkowo bezpieczny. Otw\u00f3r na rolk\u0119 L44, H64, D 124 mm.<\/p>","protected":false},"featured_media":195,"comment_status":"open","ping_status":"closed","template":"","meta":[],"product_brand":[],"product_cat":[18],"product_tag":[],"class_list":{"0":"post-193","1":"product","2":"type-product","3":"status-publish","4":"has-post-thumbnail","6":"product_cat-keysecuritybox","8":"first","9":"instock","10":"taxable","11":"shipping-taxable","12":"purchasable","13":"product-type-simple"},"yoast_head":"<!-- This site is optimized with the Yoast SEO plugin v27.4 - https:\/\/yoast.com\/product\/yoast-seo-wordpress\/ -->\n<title>Keysecuritybox KSB107 sleutelkluis -<\/title>\n<meta name=\"robots\" content=\"index, follow, max-snippet:-1, max-image-preview:large, max-video-preview:-1\" \/>\n<link rel=\"canonical\" href=\"https:\/\/keybox.nl\/pl\/produkt\/keysecuritybox-sleutelkluis-ksb107\/\" \/>\n<meta property=\"og:locale\" content=\"pl_PL\" \/>\n<meta property=\"og:type\" content=\"article\" \/>\n<meta property=\"og:title\" content=\"Keysecuritybox KSB107 sleutelkluis -\" \/>\n<meta property=\"og:description\" content=\"Keysecuritybox KSB107 De KSB107 kan in een muur \/ wand geplaatst worden en is extreem veilig. Rol opening L44, H64, D 124 mm.\" \/>\n<meta property=\"og:url\" content=\"https:\/\/keybox.nl\/pl\/produkt\/keysecuritybox-sleutelkluis-ksb107\/\" \/>\n<meta property=\"article:modified_time\" content=\"2026-02-04T13:28:07+00:00\" \/>\n<meta property=\"og:image\" content=\"http:\/\/keybox.nl\/wp-content\/uploads\/2022\/01\/KSB_007_2-e1643381083359.jpg\" \/>\n\t<meta property=\"og:image:width\" content=\"348\" \/>\n\t<meta property=\"og:image:height\" content=\"487\" \/>\n\t<meta property=\"og:image:type\" content=\"image\/jpeg\" \/>\n<meta name=\"twitter:card\" content=\"summary_large_image\" \/>\n<meta name=\"twitter:label1\" content=\"Szacowany czas czytania\" \/>\n\t<meta name=\"twitter:data1\" content=\"4 minuty\" \/>\n<script type=\"application\/ld+json\" class=\"yoast-schema-graph\">{\"@context\":\"https:\\\/\\\/schema.org\",\"@graph\":[{\"@type\":\"WebPage\",\"@id\":\"https:\\\/\\\/keybox.nl\\\/product\\\/keysecuritybox-sleutelkluis-ksb107\\\/\",\"url\":\"https:\\\/\\\/keybox.nl\\\/product\\\/keysecuritybox-sleutelkluis-ksb107\\\/\",\"name\":\"Keysecuritybox KSB107 sleutelkluis -\",\"isPartOf\":{\"@id\":\"https:\\\/\\\/keybox.nl\\\/#website\"},\"primaryImageOfPage\":{\"@id\":\"https:\\\/\\\/keybox.nl\\\/product\\\/keysecuritybox-sleutelkluis-ksb107\\\/#primaryimage\"},\"image\":{\"@id\":\"https:\\\/\\\/keybox.nl\\\/product\\\/keysecuritybox-sleutelkluis-ksb107\\\/#primaryimage\"},\"thumbnailUrl\":\"https:\\\/\\\/keybox.nl\\\/wp-content\\\/uploads\\\/2022\\\/01\\\/KSB_007_2-e1643381083359.jpg\",\"datePublished\":\"2022-01-28T13:48:55+00:00\",\"dateModified\":\"2026-02-04T13:28:07+00:00\",\"breadcrumb\":{\"@id\":\"https:\\\/\\\/keybox.nl\\\/product\\\/keysecuritybox-sleutelkluis-ksb107\\\/#breadcrumb\"},\"inLanguage\":\"pl-PL\",\"potentialAction\":[{\"@type\":\"ReadAction\",\"target\":[\"https:\\\/\\\/keybox.nl\\\/product\\\/keysecuritybox-sleutelkluis-ksb107\\\/\"]}]},{\"@type\":\"ImageObject\",\"inLanguage\":\"pl-PL\",\"@id\":\"https:\\\/\\\/keybox.nl\\\/product\\\/keysecuritybox-sleutelkluis-ksb107\\\/#primaryimage\",\"url\":\"https:\\\/\\\/keybox.nl\\\/wp-content\\\/uploads\\\/2022\\\/01\\\/KSB_007_2-e1643381083359.jpg\",\"contentUrl\":\"https:\\\/\\\/keybox.nl\\\/wp-content\\\/uploads\\\/2022\\\/01\\\/KSB_007_2-e1643381083359.jpg\",\"width\":348,\"height\":487},{\"@type\":\"BreadcrumbList\",\"@id\":\"https:\\\/\\\/keybox.nl\\\/product\\\/keysecuritybox-sleutelkluis-ksb107\\\/#breadcrumb\",\"itemListElement\":[{\"@type\":\"ListItem\",\"position\":1,\"name\":\"Home\",\"item\":\"https:\\\/\\\/keybox.nl\\\/\"},{\"@type\":\"ListItem\",\"position\":2,\"name\":\"Beveiligde sleutelkastjes kopen\",\"item\":\"https:\\\/\\\/keybox.nl\\\/\"},{\"@type\":\"ListItem\",\"position\":3,\"name\":\"Keysecuritybox KSB107 sleutelkluis\"}]},{\"@type\":\"WebSite\",\"@id\":\"https:\\\/\\\/keybox.nl\\\/#website\",\"url\":\"https:\\\/\\\/keybox.nl\\\/\",\"name\":\"\",\"description\":\"\",\"potentialAction\":[{\"@type\":\"SearchAction\",\"target\":{\"@type\":\"EntryPoint\",\"urlTemplate\":\"https:\\\/\\\/keybox.nl\\\/?s={search_term_string}\"},\"query-input\":{\"@type\":\"PropertyValueSpecification\",\"valueRequired\":true,\"valueName\":\"search_term_string\"}}],\"inLanguage\":\"pl-PL\"}]}<\/script>\n<!-- \/ Yoast SEO plugin. -->","yoast_head_json":{"title":"Sejf na klucze Keysecuritybox KSB107 -","robots":{"index":"index","follow":"follow","max-snippet":"max-snippet:-1","max-image-preview":"max-image-preview:large","max-video-preview":"max-video-preview:-1"},"canonical":"https:\/\/keybox.nl\/pl\/produkt\/keysecuritybox-sleutelkluis-ksb107\/","og_locale":"pl_PL","og_type":"article","og_title":"Keysecuritybox KSB107 sleutelkluis -","og_description":"Keysecuritybox KSB107 De KSB107 kan in een muur \/ wand geplaatst worden en is extreem veilig. Rol opening L44, H64, D 124 mm.","og_url":"https:\/\/keybox.nl\/pl\/produkt\/keysecuritybox-sleutelkluis-ksb107\/","article_modified_time":"2026-02-04T13:28:07+00:00","og_image":[{"width":348,"height":487,"url":"http:\/\/keybox.nl\/wp-content\/uploads\/2022\/01\/KSB_007_2-e1643381083359.jpg","type":"image\/jpeg"}],"twitter_card":"summary_large_image","twitter_misc":{"Szacowany czas czytania":"4 minuty"},"schema":{"@context":"https:\/\/schema.org","@graph":[{"@type":"WebPage","@id":"https:\/\/keybox.nl\/product\/keysecuritybox-sleutelkluis-ksb107\/","url":"https:\/\/keybox.nl\/product\/keysecuritybox-sleutelkluis-ksb107\/","name":"Sejf na klucze Keysecuritybox KSB107 -","isPartOf":{"@id":"https:\/\/keybox.nl\/#website"},"primaryImageOfPage":{"@id":"https:\/\/keybox.nl\/product\/keysecuritybox-sleutelkluis-ksb107\/#primaryimage"},"image":{"@id":"https:\/\/keybox.nl\/product\/keysecuritybox-sleutelkluis-ksb107\/#primaryimage"},"thumbnailUrl":"https:\/\/keybox.nl\/wp-content\/uploads\/2022\/01\/KSB_007_2-e1643381083359.jpg","datePublished":"2022-01-28T13:48:55+00:00","dateModified":"2026-02-04T13:28:07+00:00","breadcrumb":{"@id":"https:\/\/keybox.nl\/product\/keysecuritybox-sleutelkluis-ksb107\/#breadcrumb"},"inLanguage":"pl-PL","potentialAction":[{"@type":"ReadAction","target":["https:\/\/keybox.nl\/product\/keysecuritybox-sleutelkluis-ksb107\/"]}]},{"@type":"ImageObject","inLanguage":"pl-PL","@id":"https:\/\/keybox.nl\/product\/keysecuritybox-sleutelkluis-ksb107\/#primaryimage","url":"https:\/\/keybox.nl\/wp-content\/uploads\/2022\/01\/KSB_007_2-e1643381083359.jpg","contentUrl":"https:\/\/keybox.nl\/wp-content\/uploads\/2022\/01\/KSB_007_2-e1643381083359.jpg","width":348,"height":487},{"@type":"BreadcrumbList","@id":"https:\/\/keybox.nl\/product\/keysecuritybox-sleutelkluis-ksb107\/#breadcrumb","itemListElement":[{"@type":"ListItem","position":1,"name":"Home","item":"https:\/\/keybox.nl\/"},{"@type":"ListItem","position":2,"name":"Beveiligde sleutelkastjes kopen","item":"https:\/\/keybox.nl\/"},{"@type":"ListItem","position":3,"name":"Keysecuritybox KSB107 sleutelkluis"}]},{"@type":"WebSite","@id":"https:\/\/keybox.nl\/#website","url":"https:\/\/keybox.nl\/","name":"","description":"","potentialAction":[{"@type":"SearchAction","target":{"@type":"EntryPoint","urlTemplate":"https:\/\/keybox.nl\/?s={search_term_string}"},"query-input":{"@type":"PropertyValueSpecification","valueRequired":true,"valueName":"search_term_string"}}],"inLanguage":"pl-PL"}]}},"jetpack-related-posts":[{"id":201,"url":"https:\/\/keybox.nl\/pl\/produkt\/keysecuritybox-sleutelkluis-ksb107-wl\/","url_meta":{"origin":193,"position":0},"title":"Sejf na klucze KSB107 W","author":"Keybox@beheermodule","date":"28 stycznia 2022","format":false,"excerpt":"Skrzynka na klucze KSB107 XL Skrzynka KSB107 mo\u017ce by\u0107 instalowana w \u015bcianie i jest wyj\u0105tkowo bezpieczna. Otw\u00f3r na rolk\u0119 L66, H64, D 124 mm.","rel":"","context":"Podobny wpis","block_context":{"text":"Podobny wpis","link":""},"img":{"alt_text":"","src":"https:\/\/i0.wp.com\/keybox.nl\/wp-content\/uploads\/2022\/01\/Keysecuritybox-KSB107XL-300x300.jpg?resize=350%2C200","width":350,"height":200},"classes":[]},{"id":237,"url":"https:\/\/keybox.nl\/pl\/produkt\/paneel-met-uitsparing-ksb107\/","url_meta":{"origin":193,"position":1},"title":"Panel dla KSB107 i KSB107W","author":"Keybox@beheermodule","date":"1 lutego 2022","format":false,"excerpt":"Panel \u015bcienny z wg\u0142\u0119bieniem do KSB107 Zalecany w przypadku monta\u017cu w \u015bcianie z materia\u0142\u00f3w innych ni\u017c kamie\u0144, takich jak p\u0142yta warstwowa. Panel ze stali nierdzewnej\/inox jest wyposa\u017cony we wg\u0142\u0119bienie.","rel":"","context":"Podobny wpis","block_context":{"text":"Podobny wpis","link":""},"img":{"alt_text":"RVS paneel ksb107","src":"https:\/\/i0.wp.com\/keybox.nl\/wp-content\/uploads\/2022\/02\/SS-Plate-KSB107-e1643788038351.jpg?resize=350%2C200&ssl=1","width":350,"height":200},"classes":[]},{"id":255,"url":"https:\/\/keybox.nl\/pl\/produkt\/regenkap-anti-masking-ksb107\/","url_meta":{"origin":193,"position":2},"title":"Czapka przeciwdeszczowa | Antymasking KSB107","author":"Keybox@beheermodule","date":"3 lutego 2022","format":false,"excerpt":"\u00a0 Zamontuj os\u0142on\u0119 przeciwdeszczow\u0105\/maskuj\u0105c\u0105 ze stali nierdzewnej\/Inox, aby zapobiec przedostawaniu si\u0119 deszczu i maskowaniu.\u00a0","rel":"","context":"Podobny wpis","block_context":{"text":"Podobny wpis","link":""},"img":{"alt_text":"Regenkap KSB107","src":"https:\/\/i0.wp.com\/keybox.nl\/wp-content\/uploads\/2022\/01\/KSB_007_rain-scaled-e1643227017671.jpg?resize=350%2C200&ssl=1","width":350,"height":200},"classes":[]},{"id":1339,"url":"https:\/\/keybox.nl\/pl\/produkt\/regenkap-anti-masking-ksb107-xl\/","url_meta":{"origin":193,"position":3},"title":"Os\u0142ona przeciwdeszczowa | Antymasking KSB107W","author":"Keybox@beheermodule","date":"10 lutego 2023","format":false,"excerpt":"\u00a0 Zamontuj os\u0142on\u0119 przeciwdeszczow\u0105\/maskuj\u0105c\u0105 ze stali nierdzewnej\/Inox, aby zapobiec przedostawaniu si\u0119 deszczu i maskowaniu.\u00a0","rel":"","context":"Podobny wpis","block_context":{"text":"Podobny wpis","link":""},"img":{"alt_text":"Regenkap KSB107","src":"https:\/\/i0.wp.com\/keybox.nl\/wp-content\/uploads\/2022\/01\/KSB_007_rain-scaled-e1643227017671.jpg?resize=350%2C200&ssl=1","width":350,"height":200},"classes":[]},{"id":248,"url":"https:\/\/keybox.nl\/pl\/produkt\/seismische-kluis-detector-ksb107\/","url_meta":{"origin":193,"position":4},"title":"Detektor sejsmiczny KSB107","author":"Keybox@beheermodule","date":"2 lutego 2022","format":false,"excerpt":"Sejsmiczny czujnik bezpiecze\u0144stwa KSB007 Sejsmiczny czujnik bezpiecze\u0144stwa w metalowej obudowie. Czujnik reaguje na wibracje i d\u017awi\u0119k, umo\u017cliwiaj\u0105c wykrycie ataku na obiekt. Do pod\u0142\u0105czenia do systemu alarmowego. Skrzynka Keysecuritybox KSB107 jest przygotowana do monta\u017cu tego czujnika. Szeroko\u015b\u0107 31 mm Wysoko\u015b\u0107 23 mm D\u0142ugo\u015b\u0107 91 mm Materia\u0142...","rel":"","context":"Podobny wpis","block_context":{"text":"Podobny wpis","link":""},"img":{"alt_text":"Seismische Kluis Detector","src":"https:\/\/i0.wp.com\/keybox.nl\/wp-content\/uploads\/2022\/02\/Seismische-Kluis-Detector-e1643814028729.jpg?resize=350%2C200&ssl=1","width":350,"height":200},"classes":[]},{"id":115,"url":"https:\/\/keybox.nl\/pl\/produkt\/keysecuritybox-sleutelkluis-ksb103a\/","url_meta":{"origin":193,"position":5},"title":"Keysecuritybox KSB103A dodatkowo opancerzony sejf na klucze","author":"Keybox@beheermodule","date":"4 grudnia 2021","format":false,"excerpt":"Sejf na klucze KSB103A z dodatkowym opancerzeniem. Sejf KSB103A wyposa\u017cony w dodatkowy pancerz. Wewn\u0105trz sejfu znajduje si\u0119 dodatkowy wewn\u0119trzny sejf wykonany ze specjalnej stali, kt\u00f3ry zapewnia wy\u017csz\u0105 ochron\u0119 przed atakami. Do monta\u017cu na s\u0142upku (KSB005) lub konsoli KSB106.","rel":"","context":"Podobny wpis","block_context":{"text":"Podobny wpis","link":""},"img":{"alt_text":"","src":"https:\/\/i0.wp.com\/keybox.nl\/wp-content\/uploads\/2021\/11\/KSB_101_3-scaled-e1638352491754.jpg?resize=350%2C200&ssl=1","width":350,"height":200},"classes":[]}],"jetpack_sharing_enabled":true,"_links":{"self":[{"href":"https:\/\/keybox.nl\/pl\/wp-json\/wp\/v2\/product\/193","targetHints":{"allow":["GET"]}}],"collection":[{"href":"https:\/\/keybox.nl\/pl\/wp-json\/wp\/v2\/product"}],"about":[{"href":"https:\/\/keybox.nl\/pl\/wp-json\/wp\/v2\/types\/product"}],"replies":[{"embeddable":true,"href":"https:\/\/keybox.nl\/pl\/wp-json\/wp\/v2\/comments?post=193"}],"wp:featuredmedia":[{"embeddable":true,"href":"https:\/\/keybox.nl\/pl\/wp-json\/wp\/v2\/media\/195"}],"wp:attachment":[{"href":"https:\/\/keybox.nl\/pl\/wp-json\/wp\/v2\/media?parent=193"}],"wp:term":[{"taxonomy":"product_brand","embeddable":true,"href":"https:\/\/keybox.nl\/pl\/wp-json\/wp\/v2\/product_brand?post=193"},{"taxonomy":"product_cat","embeddable":true,"href":"https:\/\/keybox.nl\/pl\/wp-json\/wp\/v2\/product_cat?post=193"},{"taxonomy":"product_tag","embeddable":true,"href":"https:\/\/keybox.nl\/pl\/wp-json\/wp\/v2\/product_tag?post=193"}],"curies":[{"name":"wp","href":"https:\/\/api.w.org\/{rel}","templated":true}]}}