{"id":184,"date":"2022-01-26T20:32:05","date_gmt":"2022-01-26T20:32:05","guid":{"rendered":"http:\/\/keybox.nl\/?post_type=product&#038;p=184"},"modified":"2025-11-26T09:38:42","modified_gmt":"2025-11-26T09:38:42","slug":"keysecuritybox-ksb106","status":"publish","type":"product","link":"https:\/\/keybox.nl\/pl\/produkt\/keysecuritybox-ksb106\/","title":{"rendered":"Sejf na klucze KSB106"},"content":{"rendered":"<h2>Sejf na klucze KSB106<\/h2>\n<p>Najprostsze i najbezpieczniejsze rozwi\u0105zanie do przechowywania kluczy i kart 24\/7 - ten inteligentny, solidny i niedrogi dropbox jest u\u017cywany przez tysi\u0105ce firm.<\/p>\n<p>KSB106 to konsola z wewn\u0119trzn\u0105 nog\u0105 i solidn\u0105 obudow\u0105 zewn\u0119trzn\u0105, na kt\u00f3rej znajduje si\u0119 <a href=\"http:\/\/keybox.nl\/pl\/produkt\/keysecuritybox-ksb103\/\" target=\"_blank\" rel=\"noopener\">KSB103<\/a> lub KSB004. Konsola mo\u017ce by\u0107 zakotwiczona do betonowej pod\u0142ogi lub fundamentu. Cz\u0119sto umieszcza si\u0119 j\u0105 przy wej\u015bciu, na lotniskach i stacjach kolejowych. Ale tak\u017ce na parkingach oraz za lub przed ogrodzeniem.<\/p>\n<p><img decoding=\"async\" class=\"alignnone size-medium wp-image-191\" src=\"http:\/\/keybox.nl\/wp-content\/uploads\/2022\/01\/KSB006_Dockx-225x300.jpg\" alt=\"\" width=\"225\" height=\"300\" srcset=\"https:\/\/keybox.nl\/wp-content\/uploads\/2022\/01\/KSB006_Dockx-225x300.jpg 225w, https:\/\/keybox.nl\/wp-content\/uploads\/2022\/01\/KSB006_Dockx-416x555.jpg 416w, https:\/\/keybox.nl\/wp-content\/uploads\/2022\/01\/KSB006_Dockx.jpg 425w\" sizes=\"(max-width: 225px) 100vw, 225px\" \/><\/p>\n<p><strong>NAJLEPSZE ROZWI\u0104ZANIE DLA WYPO\u017bYCZALNI SAMOCHOD\u00d3W, FIRM LEASINGOWYCH, DEALER\u00d3W SAMOCHODOWYCH, FIRM POSIADAJ\u0104CYCH FLOTY, DEALER\u00d3W SAMOCHODOWYCH, WARSZTAT\u00d3W SAMOCHODOWYCH, HOTELI I INNYCH.<\/strong><\/p>\n<p><strong>Wyb\u00f3r naszych referencji<\/strong><br \/>\nDealerzy samochodowi: Audi, BMW, Chevolet, Citro\u00ebn, Fiat, Jaguar, Ford, Honda, Isuzu, Land Rover, ci\u0119\u017car\u00f3wki MAN, Mazda, Mercedes, Mitsubishi, Nissan, Tesla, Toyota, Opel, Peugeot, Rolls Royce, Renault, Saab, Porsche, Volvo, Volkswagen Wypo\u017cyczalnie samochod\u00f3w: Avis, Hertz, Budget, Sixt, Europcar, Dockx, Thrifty, AVA Rent, Autorent, Drive Yourself, Bochane Rent, Oto2rent, Camion Rentals, Runner Trucks, Bultman Hertz Transport publiczny: Lotnisko Schiphol Amsterdam, Lotnisko Rotterdam, Lotnisko Eindhoven, Lotnisko Groningen, Lotnisko Maastricht, Lotnisko Antwerpia, Lotnisko Bruksela, Lotnisko Charleroi, Aeroport du Luxembourg, Dworzec Antwerpia Centralna Inne: Carglass, ING Car Lease, Runner Truck Lease &amp; Rental, Scheer en Foppen Logistics, Borent, Philips Lighting Company cars &amp; Trailer Service, Dura Vermeer Road Construction, Bosch Universal Car Companies, Profile Tyre Center.<\/p>\n<p>Specyfikacja KSB 106<br \/>\nWymiary: wymiary zewn\u0119trzne: 215 x 215 x 600 (szer. x g\u0142. x wys.)<br \/>\nWaga wraz z opakowaniem: ok. 23 kg<br \/>\nPrzejrzyste instrukcje instalacji<\/p>\n<p>Materia\u0142 i wyko\u0144czenie<br \/>\nWysokiej jako\u015bci stal w\u0119glowa walcowana na zimno<br \/>\nPow\u0142oka proszkowa Dupont (Ral 9006)<br \/>\nGrubo\u015bcienna stal<\/p>","protected":false},"excerpt":{"rendered":"<h2>Sejf na klucze KSB106<\/h2>\n<p>&nbsp;<\/p>","protected":false},"featured_media":190,"comment_status":"open","ping_status":"closed","template":"","meta":[],"product_brand":[],"product_cat":[36],"product_tag":[],"class_list":{"0":"post-184","1":"product","2":"type-product","3":"status-publish","4":"has-post-thumbnail","6":"product_cat-keysecuritybox-accessoires","8":"first","9":"instock","10":"taxable","11":"shipping-taxable","12":"purchasable","13":"product-type-simple"},"yoast_head":"<!-- This site is optimized with the Yoast SEO plugin v27.4 - https:\/\/yoast.com\/product\/yoast-seo-wordpress\/ -->\n<title>Keysecuritybox KSB106 -<\/title>\n<meta name=\"robots\" content=\"index, follow, max-snippet:-1, max-image-preview:large, max-video-preview:-1\" \/>\n<link rel=\"canonical\" href=\"https:\/\/keybox.nl\/pl\/produkt\/keysecuritybox-ksb106\/\" \/>\n<meta property=\"og:locale\" content=\"pl_PL\" \/>\n<meta property=\"og:type\" content=\"article\" \/>\n<meta property=\"og:title\" content=\"Keysecuritybox KSB106 -\" \/>\n<meta property=\"og:description\" content=\"Keysecuritybox KSB106 &nbsp;\" \/>\n<meta property=\"og:url\" content=\"https:\/\/keybox.nl\/pl\/produkt\/keysecuritybox-ksb106\/\" \/>\n<meta property=\"article:modified_time\" content=\"2025-11-26T09:38:42+00:00\" \/>\n<meta property=\"og:image\" content=\"http:\/\/keybox.nl\/wp-content\/uploads\/2022\/01\/MG_3154-scaled-e1643377303706.jpg\" \/>\n\t<meta property=\"og:image:width\" content=\"773\" \/>\n\t<meta property=\"og:image:height\" content=\"900\" \/>\n\t<meta property=\"og:image:type\" content=\"image\/jpeg\" \/>\n<meta name=\"twitter:card\" content=\"summary_large_image\" \/>\n<meta name=\"twitter:label1\" content=\"Szacowany czas czytania\" \/>\n\t<meta name=\"twitter:data1\" content=\"2 minuty\" \/>\n<script type=\"application\/ld+json\" class=\"yoast-schema-graph\">{\"@context\":\"https:\\\/\\\/schema.org\",\"@graph\":[{\"@type\":\"WebPage\",\"@id\":\"https:\\\/\\\/keybox.nl\\\/product\\\/keysecuritybox-ksb106\\\/\",\"url\":\"https:\\\/\\\/keybox.nl\\\/product\\\/keysecuritybox-ksb106\\\/\",\"name\":\"Keysecuritybox KSB106 -\",\"isPartOf\":{\"@id\":\"https:\\\/\\\/keybox.nl\\\/#website\"},\"primaryImageOfPage\":{\"@id\":\"https:\\\/\\\/keybox.nl\\\/product\\\/keysecuritybox-ksb106\\\/#primaryimage\"},\"image\":{\"@id\":\"https:\\\/\\\/keybox.nl\\\/product\\\/keysecuritybox-ksb106\\\/#primaryimage\"},\"thumbnailUrl\":\"https:\\\/\\\/keybox.nl\\\/wp-content\\\/uploads\\\/2022\\\/01\\\/MG_3154-scaled-e1643377303706.jpg\",\"datePublished\":\"2022-01-26T20:32:05+00:00\",\"dateModified\":\"2025-11-26T09:38:42+00:00\",\"breadcrumb\":{\"@id\":\"https:\\\/\\\/keybox.nl\\\/product\\\/keysecuritybox-ksb106\\\/#breadcrumb\"},\"inLanguage\":\"pl-PL\",\"potentialAction\":[{\"@type\":\"ReadAction\",\"target\":[\"https:\\\/\\\/keybox.nl\\\/product\\\/keysecuritybox-ksb106\\\/\"]}]},{\"@type\":\"ImageObject\",\"inLanguage\":\"pl-PL\",\"@id\":\"https:\\\/\\\/keybox.nl\\\/product\\\/keysecuritybox-ksb106\\\/#primaryimage\",\"url\":\"https:\\\/\\\/keybox.nl\\\/wp-content\\\/uploads\\\/2022\\\/01\\\/MG_3154-scaled-e1643377303706.jpg\",\"contentUrl\":\"https:\\\/\\\/keybox.nl\\\/wp-content\\\/uploads\\\/2022\\\/01\\\/MG_3154-scaled-e1643377303706.jpg\",\"width\":773,\"height\":900},{\"@type\":\"BreadcrumbList\",\"@id\":\"https:\\\/\\\/keybox.nl\\\/product\\\/keysecuritybox-ksb106\\\/#breadcrumb\",\"itemListElement\":[{\"@type\":\"ListItem\",\"position\":1,\"name\":\"Home\",\"item\":\"https:\\\/\\\/keybox.nl\\\/\"},{\"@type\":\"ListItem\",\"position\":2,\"name\":\"Beveiligde sleutelkastjes kopen\",\"item\":\"https:\\\/\\\/keybox.nl\\\/\"},{\"@type\":\"ListItem\",\"position\":3,\"name\":\"Keysecuritybox KSB106\"}]},{\"@type\":\"WebSite\",\"@id\":\"https:\\\/\\\/keybox.nl\\\/#website\",\"url\":\"https:\\\/\\\/keybox.nl\\\/\",\"name\":\"\",\"description\":\"\",\"potentialAction\":[{\"@type\":\"SearchAction\",\"target\":{\"@type\":\"EntryPoint\",\"urlTemplate\":\"https:\\\/\\\/keybox.nl\\\/?s={search_term_string}\"},\"query-input\":{\"@type\":\"PropertyValueSpecification\",\"valueRequired\":true,\"valueName\":\"search_term_string\"}}],\"inLanguage\":\"pl-PL\"}]}<\/script>\n<!-- \/ Yoast SEO plugin. -->","yoast_head_json":{"title":"Sejf na klucze KSB106 -","robots":{"index":"index","follow":"follow","max-snippet":"max-snippet:-1","max-image-preview":"max-image-preview:large","max-video-preview":"max-video-preview:-1"},"canonical":"https:\/\/keybox.nl\/pl\/produkt\/keysecuritybox-ksb106\/","og_locale":"pl_PL","og_type":"article","og_title":"Keysecuritybox KSB106 -","og_description":"Keysecuritybox KSB106 &nbsp;","og_url":"https:\/\/keybox.nl\/pl\/produkt\/keysecuritybox-ksb106\/","article_modified_time":"2025-11-26T09:38:42+00:00","og_image":[{"width":773,"height":900,"url":"http:\/\/keybox.nl\/wp-content\/uploads\/2022\/01\/MG_3154-scaled-e1643377303706.jpg","type":"image\/jpeg"}],"twitter_card":"summary_large_image","twitter_misc":{"Szacowany czas czytania":"2 minuty"},"schema":{"@context":"https:\/\/schema.org","@graph":[{"@type":"WebPage","@id":"https:\/\/keybox.nl\/product\/keysecuritybox-ksb106\/","url":"https:\/\/keybox.nl\/product\/keysecuritybox-ksb106\/","name":"Sejf na klucze KSB106 -","isPartOf":{"@id":"https:\/\/keybox.nl\/#website"},"primaryImageOfPage":{"@id":"https:\/\/keybox.nl\/product\/keysecuritybox-ksb106\/#primaryimage"},"image":{"@id":"https:\/\/keybox.nl\/product\/keysecuritybox-ksb106\/#primaryimage"},"thumbnailUrl":"https:\/\/keybox.nl\/wp-content\/uploads\/2022\/01\/MG_3154-scaled-e1643377303706.jpg","datePublished":"2022-01-26T20:32:05+00:00","dateModified":"2025-11-26T09:38:42+00:00","breadcrumb":{"@id":"https:\/\/keybox.nl\/product\/keysecuritybox-ksb106\/#breadcrumb"},"inLanguage":"pl-PL","potentialAction":[{"@type":"ReadAction","target":["https:\/\/keybox.nl\/product\/keysecuritybox-ksb106\/"]}]},{"@type":"ImageObject","inLanguage":"pl-PL","@id":"https:\/\/keybox.nl\/product\/keysecuritybox-ksb106\/#primaryimage","url":"https:\/\/keybox.nl\/wp-content\/uploads\/2022\/01\/MG_3154-scaled-e1643377303706.jpg","contentUrl":"https:\/\/keybox.nl\/wp-content\/uploads\/2022\/01\/MG_3154-scaled-e1643377303706.jpg","width":773,"height":900},{"@type":"BreadcrumbList","@id":"https:\/\/keybox.nl\/product\/keysecuritybox-ksb106\/#breadcrumb","itemListElement":[{"@type":"ListItem","position":1,"name":"Home","item":"https:\/\/keybox.nl\/"},{"@type":"ListItem","position":2,"name":"Beveiligde sleutelkastjes kopen","item":"https:\/\/keybox.nl\/"},{"@type":"ListItem","position":3,"name":"Keysecuritybox KSB106"}]},{"@type":"WebSite","@id":"https:\/\/keybox.nl\/#website","url":"https:\/\/keybox.nl\/","name":"","description":"","potentialAction":[{"@type":"SearchAction","target":{"@type":"EntryPoint","urlTemplate":"https:\/\/keybox.nl\/?s={search_term_string}"},"query-input":{"@type":"PropertyValueSpecification","valueRequired":true,"valueName":"search_term_string"}}],"inLanguage":"pl-PL"}]}},"jetpack-related-posts":[{"id":109,"url":"https:\/\/keybox.nl\/pl\/produkt\/keysecuritybox-sleutelkluis-ksb103\/","url_meta":{"origin":184,"position":0},"title":"Sejf na klucze Keysecuritybox KSB103","author":"Keybox@beheermodule","date":"4 grudnia 2021","format":false,"excerpt":"Skrzynka na klucze KSB103 Do monta\u017cu na s\u0142upku (KSB005) lub konsoli KSB106","rel":"","context":"Podobny wpis","block_context":{"text":"Podobny wpis","link":""},"img":{"alt_text":"","src":"https:\/\/i0.wp.com\/keybox.nl\/wp-content\/uploads\/2021\/11\/KSB_101_3-scaled-e1638352491754.jpg?resize=350%2C200&ssl=1","width":350,"height":200},"classes":[]},{"id":115,"url":"https:\/\/keybox.nl\/pl\/produkt\/keysecuritybox-sleutelkluis-ksb103a\/","url_meta":{"origin":184,"position":1},"title":"Keysecuritybox KSB103A dodatkowo opancerzony sejf na klucze","author":"Keybox@beheermodule","date":"4 grudnia 2021","format":false,"excerpt":"Sejf na klucze KSB103A z dodatkowym opancerzeniem. Sejf KSB103A wyposa\u017cony w dodatkowy pancerz. Wewn\u0105trz sejfu znajduje si\u0119 dodatkowy wewn\u0119trzny sejf wykonany ze specjalnej stali, kt\u00f3ry zapewnia wy\u017csz\u0105 ochron\u0119 przed atakami. Do monta\u017cu na s\u0142upku (KSB005) lub konsoli KSB106.","rel":"","context":"Podobny wpis","block_context":{"text":"Podobny wpis","link":""},"img":{"alt_text":"","src":"https:\/\/i0.wp.com\/keybox.nl\/wp-content\/uploads\/2021\/11\/KSB_101_3-scaled-e1638352491754.jpg?resize=350%2C200&ssl=1","width":350,"height":200},"classes":[]},{"id":193,"url":"https:\/\/keybox.nl\/pl\/produkt\/keysecuritybox-sleutelkluis-ksb107\/","url_meta":{"origin":184,"position":2},"title":"Sejf na klucze Keysecuritybox KSB107","author":"Keybox@beheermodule","date":"28 stycznia 2022","format":false,"excerpt":"Skrzynka na klucze KSB107 Skrzynka KSB107 mo\u017ce by\u0107 instalowana w \u015bcianie i jest wyj\u0105tkowo bezpieczna. Otw\u00f3r rolki L44, H64, D 124 mm.","rel":"","context":"Podobny wpis","block_context":{"text":"Podobny wpis","link":""},"img":{"alt_text":"","src":"https:\/\/i0.wp.com\/keybox.nl\/wp-content\/uploads\/2022\/01\/Ksb007-5-225x300.jpg?resize=350%2C200","width":350,"height":200},"classes":[]},{"id":201,"url":"https:\/\/keybox.nl\/pl\/produkt\/keysecuritybox-sleutelkluis-ksb107-wl\/","url_meta":{"origin":184,"position":3},"title":"Sejf na klucze KSB107 W","author":"Keybox@beheermodule","date":"28 stycznia 2022","format":false,"excerpt":"Skrzynka na klucze KSB107 XL Skrzynka KSB107 mo\u017ce by\u0107 instalowana w \u015bcianie i jest wyj\u0105tkowo bezpieczna. Otw\u00f3r na rolk\u0119 L66, H64, D 124 mm.","rel":"","context":"Podobny wpis","block_context":{"text":"Podobny wpis","link":""},"img":{"alt_text":"","src":"https:\/\/i0.wp.com\/keybox.nl\/wp-content\/uploads\/2022\/01\/Keysecuritybox-KSB107XL-300x300.jpg?resize=350%2C200","width":350,"height":200},"classes":[]},{"id":122,"url":"https:\/\/keybox.nl\/pl\/produkt\/keysecuritybox-ksb105\/","url_meta":{"origin":184,"position":4},"title":"Skrzynka bezpiecze\u0144stwa KSB105","author":"Keybox@beheermodule","date":"14 grudnia 2021","format":false,"excerpt":"Skrzynka na klucze KSB105 Odpowiednia do zakotwiczenia modeli KSB103 i KSB004 na s\u0142upku.","rel":"","context":"Podobny wpis","block_context":{"text":"Podobny wpis","link":""},"img":{"alt_text":"","src":"https:\/\/i0.wp.com\/keybox.nl\/wp-content\/uploads\/2021\/12\/KSB005-e1639511667630.png?resize=350%2C200&ssl=1","width":350,"height":200},"classes":[]},{"id":72,"url":"https:\/\/keybox.nl\/pl\/produkt\/keysecuritybox-sleutelkluis-ksb101a-ksb102a\/","url_meta":{"origin":184,"position":5},"title":"Skrzynka na klucze KSB101A, KSB102A dodatkowy pancerny sejf na klucze","author":"Keybox@beheermodule","date":"1 grudnia 2021","format":false,"excerpt":"Sejf KSB101A i KSB102A Sejfy KSB101A i 102A s\u0105 wyposa\u017cone w dodatkowy pancerz. Wewn\u0105trz sejfu znajduje si\u0119 dodatkowy wewn\u0119trzny sejf wykonany ze specjalnej stali, kt\u00f3ry zapewnia wy\u017csz\u0105 ochron\u0119 przed atakami. Jeden sejf w dw\u00f3ch wersjach: ko\u0142o depozytowe lewe lub prawe","rel":"","context":"Z 1 komentarzem","block_context":{"text":"Z 1 komentarzem","link":"https:\/\/keybox.nl\/pl\/produkt\/keysecuritybox-sleutelkluis-ksb101a-ksb102a\/#comments"},"img":{"alt_text":"","src":"https:\/\/i0.wp.com\/keybox.nl\/wp-content\/uploads\/2021\/11\/KSB_101_3-scaled-e1638352491754.jpg?resize=350%2C200&ssl=1","width":350,"height":200},"classes":[]}],"jetpack_sharing_enabled":true,"_links":{"self":[{"href":"https:\/\/keybox.nl\/pl\/wp-json\/wp\/v2\/product\/184","targetHints":{"allow":["GET"]}}],"collection":[{"href":"https:\/\/keybox.nl\/pl\/wp-json\/wp\/v2\/product"}],"about":[{"href":"https:\/\/keybox.nl\/pl\/wp-json\/wp\/v2\/types\/product"}],"replies":[{"embeddable":true,"href":"https:\/\/keybox.nl\/pl\/wp-json\/wp\/v2\/comments?post=184"}],"wp:featuredmedia":[{"embeddable":true,"href":"https:\/\/keybox.nl\/pl\/wp-json\/wp\/v2\/media\/190"}],"wp:attachment":[{"href":"https:\/\/keybox.nl\/pl\/wp-json\/wp\/v2\/media?parent=184"}],"wp:term":[{"taxonomy":"product_brand","embeddable":true,"href":"https:\/\/keybox.nl\/pl\/wp-json\/wp\/v2\/product_brand?post=184"},{"taxonomy":"product_cat","embeddable":true,"href":"https:\/\/keybox.nl\/pl\/wp-json\/wp\/v2\/product_cat?post=184"},{"taxonomy":"product_tag","embeddable":true,"href":"https:\/\/keybox.nl\/pl\/wp-json\/wp\/v2\/product_tag?post=184"}],"curies":[{"name":"wp","href":"https:\/\/api.w.org\/{rel}","templated":true}]}}