{"id":1822,"date":"2025-01-26T21:36:39","date_gmt":"2025-01-26T21:36:39","guid":{"rendered":"https:\/\/keybox.nl\/?post_type=product&#038;p=1822"},"modified":"2025-01-26T21:36:39","modified_gmt":"2025-01-26T21:36:39","slug":"keysafe-gce","status":"publish","type":"product","link":"https:\/\/keybox.nl\/pl\/produkt\/keysafe-gce\/","title":{"rendered":"Keysafe GCE"},"content":{"rendered":"<h4>Wybierz jeden z trzech rozmiar\u00f3w Keysafe GCE.<\/h4>\n<h4>Cechy og\u00f3lne<\/h4>\n<ul>\n<li style=\"list-style-type: none;\">\n<ul>\n<li>Ochrona przed w\u0142amaniem: Certyfikowana i spe\u0142niaj\u0105ca najwy\u017csze wymagania bezpiecze\u0144stwa.<strong> (EN 14 450 Poziom bezpiecze\u0144stwa 2)<\/strong><\/li>\n<li>Wskazanie warto\u015bci przechowywania: Got\u00f3wka: 5 000 EUR Przedmioty warto\u015bciowe: 9 000 EUR<\/li>\n<li>Du\u017ce haczyki, odpowiednie do kluczy i kluczyk\u00f3w samochodowych<\/li>\n<li>Elektroniczny zamek, \u0142atwy w u\u017cyciu bez baterii.<\/li>\n<li>Zawiera zamek awaryjny z 2 kluczami dla dodatkowego bezpiecze\u0144stwa.<\/li>\n<li>Przygotowany do kotwienia na \u015bcianie.<\/li>\n<li>Stylowa czer\u0144.<\/li>\n<\/ul>\n<\/li>\n<\/ul>\n<h4>R\u00f3\u017cne modele<\/h4>\n<p><strong>GCE 28<\/strong><\/p>\n<ul>\n<li>Wymiary: 350 x 470 x 150 (wymiary zewn\u0119trzne h x w x d w mm)<\/li>\n<li>Waga: 38 kg<\/li>\n<li>28 zaczep\u00f3w na klucze<\/li>\n<\/ul>\n<p><strong>GCE 48<\/strong><\/p>\n<ul>\n<li>Wymiary: 490 x 430 x 150 (wymiary zewn\u0119trzne h x w x d w mm)<\/li>\n<li>Waga: 44 kg<\/li>\n<li>48 haczyk\u00f3w na klucze<\/li>\n<\/ul>\n<p><strong>GCE 87<\/strong><\/p>\n<ul>\n<li>Wymiary: 490 x 430 x 180 (wymiary zewn\u0119trzne h x w x d w mm)<\/li>\n<li>Waga: 47 kg<\/li>\n<li>87 hak\u00f3w na klucze<\/li>\n<li>Wewn\u0119trzna komora z haczykami na drzwiach, blokowana przez system magnetyczny dla dodatkowego bezpiecze\u0144stwa.<\/li>\n<li style=\"list-style-type: none;\"><\/li>\n<\/ul>\n<h4>Zalety<\/h4>\n<ul>\n<li><strong>Elastyczne przechowywanie:<\/strong> Nadaje si\u0119 zar\u00f3wno do pojedynczych kluczy, jak i brelok\u00f3w.<\/li>\n<li><strong>Przyjazny dla u\u017cytkownika:<\/strong> Elektroniczny zamek i klucze awaryjne zapewniaj\u0105 \u0142atwy dost\u0119p i bezpiecze\u0144stwo.<\/li>\n<li><strong>Trwa\u0142a konstrukcja:<\/strong> Wytrzymuje intensywne u\u017cytkowanie i zapewnia doskona\u0142\u0105 ochron\u0119 przed w\u0142amaniem.<\/li>\n<li><strong>Idealny dla firm:<\/strong> Idealny dla warsztat\u00f3w samochodowych, dealer\u00f3w samochodowych i organizacji przyjmuj\u0105cych profesjonalne podej\u015bcie do zarz\u0105dzania kluczami.<\/li>\n<li><strong>Bezpieczny i certyfikowany:<\/strong> Spe\u0142nia wymagania RDW i BOVAG, idealny dla firm, kt\u00f3re chc\u0105 efektywnie i bezpiecznie zarz\u0105dza\u0107 kluczami.<\/li>\n<\/ul>\n<p>Z <strong>Keysafe GCE<\/strong> Je\u015bli wybierasz niezawodny sejf na klucze, kt\u00f3ry oferuje bezpiecze\u0144stwo i wygod\u0119, zam\u00f3w go bezpo\u015brednio od <a href=\"http:\/\/keybox.nl\/pl\/\">keybox.pl!<\/a><\/p>","protected":false},"excerpt":{"rendered":"<p>Do wyboru s\u0105 3 modele.<\/p>","protected":false},"featured_media":1823,"comment_status":"open","ping_status":"closed","template":"","meta":[],"product_brand":[],"product_cat":[88],"product_tag":[90,89],"class_list":{"0":"post-1822","1":"product","2":"type-product","3":"status-publish","4":"has-post-thumbnail","6":"product_cat-sleutelkluizen","7":"product_tag-medium-sleutelkluis","8":"product_tag-middelgrote-keysafe","10":"first","11":"instock","12":"taxable","13":"shipping-taxable","14":"purchasable","15":"product-type-variable","16":"has-default-attributes"},"yoast_head":"<!-- This site is optimized with the Yoast SEO plugin v27.4 - https:\/\/yoast.com\/product\/yoast-seo-wordpress\/ -->\n<title>Keysafe GCE -<\/title>\n<meta name=\"robots\" content=\"index, follow, max-snippet:-1, max-image-preview:large, max-video-preview:-1\" \/>\n<link rel=\"canonical\" href=\"https:\/\/keybox.nl\/pl\/produkt\/keysafe-gce\/\" \/>\n<meta property=\"og:locale\" content=\"pl_PL\" \/>\n<meta property=\"og:type\" content=\"article\" \/>\n<meta property=\"og:title\" content=\"Keysafe GCE -\" \/>\n<meta property=\"og:description\" content=\"Kies uit 3 modellen.\" \/>\n<meta property=\"og:url\" content=\"https:\/\/keybox.nl\/pl\/produkt\/keysafe-gce\/\" \/>\n<meta property=\"og:image\" content=\"http:\/\/keybox.nl\/wp-content\/uploads\/2025\/01\/9858a0f7e85097eb90f56de1f00f8269.jpg\" \/>\n\t<meta property=\"og:image:width\" content=\"2000\" \/>\n\t<meta property=\"og:image:height\" content=\"2000\" \/>\n\t<meta property=\"og:image:type\" content=\"image\/jpeg\" \/>\n<meta name=\"twitter:card\" content=\"summary_large_image\" \/>\n<meta name=\"twitter:label1\" content=\"Szacowany czas czytania\" \/>\n\t<meta name=\"twitter:data1\" content=\"2 minuty\" \/>\n<script type=\"application\/ld+json\" class=\"yoast-schema-graph\">{\"@context\":\"https:\\\/\\\/schema.org\",\"@graph\":[{\"@type\":\"WebPage\",\"@id\":\"https:\\\/\\\/keybox.nl\\\/product\\\/keysafe-gce\\\/\",\"url\":\"https:\\\/\\\/keybox.nl\\\/product\\\/keysafe-gce\\\/\",\"name\":\"Keysafe GCE -\",\"isPartOf\":{\"@id\":\"https:\\\/\\\/keybox.nl\\\/#website\"},\"primaryImageOfPage\":{\"@id\":\"https:\\\/\\\/keybox.nl\\\/product\\\/keysafe-gce\\\/#primaryimage\"},\"image\":{\"@id\":\"https:\\\/\\\/keybox.nl\\\/product\\\/keysafe-gce\\\/#primaryimage\"},\"thumbnailUrl\":\"https:\\\/\\\/keybox.nl\\\/wp-content\\\/uploads\\\/2025\\\/01\\\/9858a0f7e85097eb90f56de1f00f8269.jpg\",\"datePublished\":\"2025-01-26T21:36:39+00:00\",\"breadcrumb\":{\"@id\":\"https:\\\/\\\/keybox.nl\\\/product\\\/keysafe-gce\\\/#breadcrumb\"},\"inLanguage\":\"pl-PL\",\"potentialAction\":[{\"@type\":\"ReadAction\",\"target\":[\"https:\\\/\\\/keybox.nl\\\/product\\\/keysafe-gce\\\/\"]}]},{\"@type\":\"ImageObject\",\"inLanguage\":\"pl-PL\",\"@id\":\"https:\\\/\\\/keybox.nl\\\/product\\\/keysafe-gce\\\/#primaryimage\",\"url\":\"https:\\\/\\\/keybox.nl\\\/wp-content\\\/uploads\\\/2025\\\/01\\\/9858a0f7e85097eb90f56de1f00f8269.jpg\",\"contentUrl\":\"https:\\\/\\\/keybox.nl\\\/wp-content\\\/uploads\\\/2025\\\/01\\\/9858a0f7e85097eb90f56de1f00f8269.jpg\",\"width\":2000,\"height\":2000},{\"@type\":\"BreadcrumbList\",\"@id\":\"https:\\\/\\\/keybox.nl\\\/product\\\/keysafe-gce\\\/#breadcrumb\",\"itemListElement\":[{\"@type\":\"ListItem\",\"position\":1,\"name\":\"Home\",\"item\":\"https:\\\/\\\/keybox.nl\\\/\"},{\"@type\":\"ListItem\",\"position\":2,\"name\":\"Beveiligde sleutelkastjes kopen\",\"item\":\"https:\\\/\\\/keybox.nl\\\/\"},{\"@type\":\"ListItem\",\"position\":3,\"name\":\"Keysafe GCE\"}]},{\"@type\":\"WebSite\",\"@id\":\"https:\\\/\\\/keybox.nl\\\/#website\",\"url\":\"https:\\\/\\\/keybox.nl\\\/\",\"name\":\"\",\"description\":\"\",\"potentialAction\":[{\"@type\":\"SearchAction\",\"target\":{\"@type\":\"EntryPoint\",\"urlTemplate\":\"https:\\\/\\\/keybox.nl\\\/?s={search_term_string}\"},\"query-input\":{\"@type\":\"PropertyValueSpecification\",\"valueRequired\":true,\"valueName\":\"search_term_string\"}}],\"inLanguage\":\"pl-PL\"}]}<\/script>\n<!-- \/ Yoast SEO plugin. -->","yoast_head_json":{"title":"Keysafe GCE -","robots":{"index":"index","follow":"follow","max-snippet":"max-snippet:-1","max-image-preview":"max-image-preview:large","max-video-preview":"max-video-preview:-1"},"canonical":"https:\/\/keybox.nl\/pl\/produkt\/keysafe-gce\/","og_locale":"pl_PL","og_type":"article","og_title":"Keysafe GCE -","og_description":"Kies uit 3 modellen.","og_url":"https:\/\/keybox.nl\/pl\/produkt\/keysafe-gce\/","og_image":[{"width":2000,"height":2000,"url":"http:\/\/keybox.nl\/wp-content\/uploads\/2025\/01\/9858a0f7e85097eb90f56de1f00f8269.jpg","type":"image\/jpeg"}],"twitter_card":"summary_large_image","twitter_misc":{"Szacowany czas czytania":"2 minuty"},"schema":{"@context":"https:\/\/schema.org","@graph":[{"@type":"WebPage","@id":"https:\/\/keybox.nl\/product\/keysafe-gce\/","url":"https:\/\/keybox.nl\/product\/keysafe-gce\/","name":"Keysafe GCE -","isPartOf":{"@id":"https:\/\/keybox.nl\/#website"},"primaryImageOfPage":{"@id":"https:\/\/keybox.nl\/product\/keysafe-gce\/#primaryimage"},"image":{"@id":"https:\/\/keybox.nl\/product\/keysafe-gce\/#primaryimage"},"thumbnailUrl":"https:\/\/keybox.nl\/wp-content\/uploads\/2025\/01\/9858a0f7e85097eb90f56de1f00f8269.jpg","datePublished":"2025-01-26T21:36:39+00:00","breadcrumb":{"@id":"https:\/\/keybox.nl\/product\/keysafe-gce\/#breadcrumb"},"inLanguage":"pl-PL","potentialAction":[{"@type":"ReadAction","target":["https:\/\/keybox.nl\/product\/keysafe-gce\/"]}]},{"@type":"ImageObject","inLanguage":"pl-PL","@id":"https:\/\/keybox.nl\/product\/keysafe-gce\/#primaryimage","url":"https:\/\/keybox.nl\/wp-content\/uploads\/2025\/01\/9858a0f7e85097eb90f56de1f00f8269.jpg","contentUrl":"https:\/\/keybox.nl\/wp-content\/uploads\/2025\/01\/9858a0f7e85097eb90f56de1f00f8269.jpg","width":2000,"height":2000},{"@type":"BreadcrumbList","@id":"https:\/\/keybox.nl\/product\/keysafe-gce\/#breadcrumb","itemListElement":[{"@type":"ListItem","position":1,"name":"Home","item":"https:\/\/keybox.nl\/"},{"@type":"ListItem","position":2,"name":"Beveiligde sleutelkastjes kopen","item":"https:\/\/keybox.nl\/"},{"@type":"ListItem","position":3,"name":"Keysafe GCE"}]},{"@type":"WebSite","@id":"https:\/\/keybox.nl\/#website","url":"https:\/\/keybox.nl\/","name":"","description":"","potentialAction":[{"@type":"SearchAction","target":{"@type":"EntryPoint","urlTemplate":"https:\/\/keybox.nl\/?s={search_term_string}"},"query-input":{"@type":"PropertyValueSpecification","valueRequired":true,"valueName":"search_term_string"}}],"inLanguage":"pl-PL"}]}},"jetpack-related-posts":[{"id":1812,"url":"https:\/\/keybox.nl\/pl\/produkt\/drs-vector-combi-keysafe\/","url_meta":{"origin":1822,"position":0},"title":"Sejf na klucze DRS Vector Combi","author":"Elric Drost","date":"21 stycznia 2025","format":false,"excerpt":"Idealny do zastosowa\u0144 profesjonalnych.","rel":"","context":"Podobny wpis","block_context":{"text":"Podobny wpis","link":""},"img":{"alt_text":"","src":"https:\/\/i0.wp.com\/keybox.nl\/wp-content\/uploads\/2025\/01\/DRS-Vector-Combi-Keysafe-keybox.jpg?resize=350%2C200&ssl=1","width":350,"height":200,"srcset":"https:\/\/i0.wp.com\/keybox.nl\/wp-content\/uploads\/2025\/01\/DRS-Vector-Combi-Keysafe-keybox.jpg?resize=350%2C200&ssl=1 1x, https:\/\/i0.wp.com\/keybox.nl\/wp-content\/uploads\/2025\/01\/DRS-Vector-Combi-Keysafe-keybox.jpg?resize=525%2C300&ssl=1 1.5x, https:\/\/i0.wp.com\/keybox.nl\/wp-content\/uploads\/2025\/01\/DRS-Vector-Combi-Keysafe-keybox.jpg?resize=700%2C400&ssl=1 2x, https:\/\/i0.wp.com\/keybox.nl\/wp-content\/uploads\/2025\/01\/DRS-Vector-Combi-Keysafe-keybox.jpg?resize=1050%2C600&ssl=1 3x"},"classes":[]},{"id":1179,"url":"https:\/\/keybox.nl\/pl\/produkt\/keysafe-original\/","url_meta":{"origin":1822,"position":1},"title":"Keysafe Original","author":"Keybox@beheermodule","date":"9 grudnia 2022","format":false,"excerpt":"Keysafe Original na 5 kluczy Je\u015bli do wej\u015bcia do pomieszcze\u0144 potrzebnych jest kilka kluczy, du\u017ca pojemno\u015b\u0107 KeySafe\u2122 Original pozwala na przechowywanie ich wszystkich w jednym miejscu z przyjaznym dla u\u017cytkownika kodem dost\u0119pu. KeySafe Original mo\u017ce pomie\u015bci\u0107 wiele kluczy i jest wystarczaj\u0105co du\u017cy, aby pomie\u015bci\u0107 karty kluczy....","rel":"","context":"Podobny wpis","block_context":{"text":"Podobny wpis","link":""},"img":{"alt_text":"","src":"https:\/\/i0.wp.com\/keybox.nl\/wp-content\/uploads\/2022\/12\/Keysafe_Original_keybox_sleutelkluis.jpg?resize=350%2C200&ssl=1","width":350,"height":200,"srcset":"https:\/\/i0.wp.com\/keybox.nl\/wp-content\/uploads\/2022\/12\/Keysafe_Original_keybox_sleutelkluis.jpg?resize=350%2C200&ssl=1 1x, https:\/\/i0.wp.com\/keybox.nl\/wp-content\/uploads\/2022\/12\/Keysafe_Original_keybox_sleutelkluis.jpg?resize=525%2C300&ssl=1 1.5x, https:\/\/i0.wp.com\/keybox.nl\/wp-content\/uploads\/2022\/12\/Keysafe_Original_keybox_sleutelkluis.jpg?resize=700%2C400&ssl=1 2x"},"classes":[]},{"id":1171,"url":"https:\/\/keybox.nl\/pl\/produkt\/keysafe-slimline\/","url_meta":{"origin":1822,"position":2},"title":"Sejf na klucze Slimline","author":"Keybox@beheermodule","date":"9 grudnia 2022","format":false,"excerpt":"Sta\u0142y dost\u0119p dzi\u0119ki Keysafe Slimline","rel":"","context":"Podobny wpis","block_context":{"text":"Podobny wpis","link":""},"img":{"alt_text":"Keysafe Slim line","src":"https:\/\/i0.wp.com\/keybox.nl\/wp-content\/uploads\/2022\/12\/Keysafe_Slim_line_Keybox.jpeg?resize=350%2C200&ssl=1","width":350,"height":200,"srcset":"https:\/\/i0.wp.com\/keybox.nl\/wp-content\/uploads\/2022\/12\/Keysafe_Slim_line_Keybox.jpeg?resize=350%2C200&ssl=1 1x, https:\/\/i0.wp.com\/keybox.nl\/wp-content\/uploads\/2022\/12\/Keysafe_Slim_line_Keybox.jpeg?resize=525%2C300&ssl=1 1.5x, https:\/\/i0.wp.com\/keybox.nl\/wp-content\/uploads\/2022\/12\/Keysafe_Slim_line_Keybox.jpeg?resize=700%2C400&ssl=1 2x"},"classes":[]},{"id":297,"url":"https:\/\/keybox.nl\/pl\/produkt\/digibox-7-sleutelhaken\/","url_meta":{"origin":1822,"position":3},"title":"Haki na klucze Digibox 7","author":"Keybox@beheermodule","date":"18 lutego 2022","format":false,"excerpt":"Bezpieczne zarz\u0105dzanie kluczami dzi\u0119ki 7 pozycjom kluczy.","rel":"","context":"Podobny wpis","block_context":{"text":"Podobny wpis","link":""},"img":{"alt_text":"","src":"https:\/\/i0.wp.com\/keybox.nl\/wp-content\/uploads\/2022\/02\/Digibox-7-haken-Keybox-e1645195424393.jpg?resize=350%2C200&ssl=1","width":350,"height":200},"classes":[]},{"id":1775,"url":"https:\/\/keybox.nl\/pl\/produkt\/keysafe-pro-original\/","url_meta":{"origin":1822,"position":4},"title":"Keysafe Pro oryginalny","author":"Elric Drost","date":"5 grudnia 2024","format":false,"excerpt":"KEYSAFE Pro Original to solidna szafka na 5 standardowych kluczy.","rel":"","context":"Podobny wpis","block_context":{"text":"Podobny wpis","link":""},"img":{"alt_text":"","src":"https:\/\/i0.wp.com\/keybox.nl\/wp-content\/uploads\/2024\/12\/keysafe-pro-original-sleutelkluisje.jpg?resize=350%2C200&ssl=1","width":350,"height":200},"classes":[]},{"id":1796,"url":"https:\/\/keybox.nl\/pl\/produkt\/keysafe-key-cabinet\/","url_meta":{"origin":1822,"position":5},"title":"Szafka na klucze Keysafe","author":"Elric Drost","date":"18 grudnia 2024","format":false,"excerpt":"Touchpoint PRO od Kidde 30\/60\/120 przycisk\u00f3w","rel":"","context":"Podobny wpis","block_context":{"text":"Podobny wpis","link":""},"img":{"alt_text":"","src":"https:\/\/i0.wp.com\/keybox.nl\/wp-content\/uploads\/2024\/12\/Keysafe-cabinet-30-Keybox-open-298x300.jpg?resize=350%2C200","width":350,"height":200},"classes":[]}],"jetpack_sharing_enabled":true,"_links":{"self":[{"href":"https:\/\/keybox.nl\/pl\/wp-json\/wp\/v2\/product\/1822","targetHints":{"allow":["GET"]}}],"collection":[{"href":"https:\/\/keybox.nl\/pl\/wp-json\/wp\/v2\/product"}],"about":[{"href":"https:\/\/keybox.nl\/pl\/wp-json\/wp\/v2\/types\/product"}],"replies":[{"embeddable":true,"href":"https:\/\/keybox.nl\/pl\/wp-json\/wp\/v2\/comments?post=1822"}],"wp:featuredmedia":[{"embeddable":true,"href":"https:\/\/keybox.nl\/pl\/wp-json\/wp\/v2\/media\/1823"}],"wp:attachment":[{"href":"https:\/\/keybox.nl\/pl\/wp-json\/wp\/v2\/media?parent=1822"}],"wp:term":[{"taxonomy":"product_brand","embeddable":true,"href":"https:\/\/keybox.nl\/pl\/wp-json\/wp\/v2\/product_brand?post=1822"},{"taxonomy":"product_cat","embeddable":true,"href":"https:\/\/keybox.nl\/pl\/wp-json\/wp\/v2\/product_cat?post=1822"},{"taxonomy":"product_tag","embeddable":true,"href":"https:\/\/keybox.nl\/pl\/wp-json\/wp\/v2\/product_tag?post=1822"}],"curies":[{"name":"wp","href":"https:\/\/api.w.org\/{rel}","templated":true}]}}