{"id":1796,"date":"2024-12-18T16:18:58","date_gmt":"2024-12-18T16:18:58","guid":{"rendered":"https:\/\/keybox.nl\/?post_type=product&#038;p=1796"},"modified":"2025-01-10T12:19:30","modified_gmt":"2025-01-10T12:19:30","slug":"keysafe-key-cabinet","status":"publish","type":"product","link":"https:\/\/keybox.nl\/pl\/produkt\/keysafe-key-cabinet\/","title":{"rendered":"Szafka na klucze Keysafe"},"content":{"rendered":"<h4>Bezpieczne, \u0142atwe i zorganizowane zarz\u0105dzanie kluczami<\/h4>\n<p>Jest to szafka na klucze, znana r\u00f3wnie\u017c jako Touchpoint\u2122 Keybox Pro z linii AccessPointTM marki Kidde.<\/p>\n<p>Szafka na klucze Touchpoint\u2122 Key Cabinet Pro zosta\u0142a zaprojektowana z my\u015bl\u0105 o bezpiecznym i uporz\u0105dkowanym przechowywaniu kluczy. Idealna do biur, firm i innych profesjonalnych \u015brodowisk. Dzi\u0119ki solidnej konstrukcji ze stali o grubo\u015bci 16 mm, programowalnemu zamkowi szyfrowemu i miejscu na 30, 60 lub 120 kluczy, ta szafka na klucze oferuje wygod\u0119 i bezpiecze\u0144stwo w jednym profesjonalnym produkcie.<\/p>\n<h4>Cechy<\/h4>\n<ul>\n<li>Ponad 1000 unikalnych kombinacji, \u0142atwe do zresetowania.<\/li>\n<li>Solidna konstrukcja wykonana ze stali o grubo\u015bci 16 mm zapewnia dodatkow\u0105 trwa\u0142o\u015b\u0107.<\/li>\n<li>Mechanizm sprz\u0119g\u0142a chroni przed sforsowaniem.<\/li>\n<li><strong>G<\/strong>i numerowane etykiety kluczy u\u0142atwiaj\u0105 organizacj\u0119 i szybki dost\u0119p.<\/li>\n<li>Nadaje si\u0119 do wi\u0119kszych brelok\u00f3w.<\/li>\n<li>Koniec z konieczno\u015bci\u0105 posiadania dodatkowych kluczy: U\u017cyj kod\u00f3w, aby zapewni\u0107 dost\u0119p tymczasowym pracownikom lub go\u015bciom.<\/li>\n<li>Opcjonalne dodatkowe KeyTags dost\u0119pne dla dodatkowej organizacji.<\/li>\n<\/ul>\n<p><img decoding=\"async\" class=\"alignnone size-medium wp-image-1803\" src=\"http:\/\/keybox.nl\/wp-content\/uploads\/2024\/12\/Keysafe-cabinet-30-Keybox-open-298x300.jpg\" alt=\"\" width=\"298\" height=\"300\" srcset=\"https:\/\/keybox.nl\/wp-content\/uploads\/2024\/12\/Keysafe-cabinet-30-Keybox-open-298x300.jpg 298w, https:\/\/keybox.nl\/wp-content\/uploads\/2024\/12\/Keysafe-cabinet-30-Keybox-open-1017x1024.jpg 1017w, https:\/\/keybox.nl\/wp-content\/uploads\/2024\/12\/Keysafe-cabinet-30-Keybox-open-150x150.jpg 150w, https:\/\/keybox.nl\/wp-content\/uploads\/2024\/12\/Keysafe-cabinet-30-Keybox-open-768x773.jpg 768w, https:\/\/keybox.nl\/wp-content\/uploads\/2024\/12\/Keysafe-cabinet-30-Keybox-open-12x12.jpg 12w, https:\/\/keybox.nl\/wp-content\/uploads\/2024\/12\/Keysafe-cabinet-30-Keybox-open-416x419.jpg 416w, https:\/\/keybox.nl\/wp-content\/uploads\/2024\/12\/Keysafe-cabinet-30-Keybox-open-100x100.jpg 100w, https:\/\/keybox.nl\/wp-content\/uploads\/2024\/12\/Keysafe-cabinet-30-Keybox-open.jpg 1192w\" sizes=\"(max-width: 298px) 100vw, 298px\" \/><\/p>\n<h4>Zalety<\/h4>\n<ul>\n<li><strong>Bezpo\u015bredni dost\u0119p:<\/strong> Koniec z szukaniem zagubionych kluczy; wszystkie klucze s\u0105 wyra\u017anie oznaczone i dost\u0119pne.<\/li>\n<li><strong>Elastyczno\u015b\u0107:<\/strong> Zmieniaj kod dost\u0119pu tak cz\u0119sto, jak to konieczne, bez dodatkowych op\u0142at lub konieczno\u015bci ponownego kluczenia kluczy.<\/li>\n<li><strong>Bezpiecze\u0144stwo:<\/strong> Przechowuj klucze w scentralizowanej, bezpiecznej lokalizacji.<\/li>\n<li><strong>Profesjonalny projekt:<\/strong> Idealny do u\u017cytku w biurach, wypo\u017cyczalniach, us\u0142ugach konserwacyjnych i nie tylko.<\/li>\n<\/ul>\n<h4>Specyfikacja techniczna<\/h4>\n<table>\n<thead>\n<tr>\n<th><strong>Model<\/strong><\/th>\n<th><strong>Pojemno\u015b\u0107<\/strong><\/th>\n<th><strong>Wymiary (d\u0142. x wys. x g\u0142. w mm)<\/strong><\/th>\n<th><strong>Cena<\/strong><\/th>\n<\/tr>\n<\/thead>\n<tbody>\n<tr>\n<td>Szafka 30 haczyk\u00f3w<\/td>\n<td>30 klawiszy<\/td>\n<td>200 x 299 x 60<\/td>\n<td>\u20ac 156,-<\/td>\n<\/tr>\n<tr>\n<td>Szafka 60 haczyk\u00f3w<\/td>\n<td>60 klawiszy<\/td>\n<td>340 x 498 x 60<\/td>\n<td>\u20ac 225,-<\/td>\n<\/tr>\n<tr>\n<td>Szafka 120 haczyk\u00f3w<\/td>\n<td>120 klawiszy<\/td>\n<td>340 x 498 x 102<\/td>\n<td>\u20ac 330,-<\/td>\n<\/tr>\n<\/tbody>\n<\/table>\n<p>Przechowuj klucze w bezpiecznym, \u0142atwo dost\u0119pnym i uporz\u0105dkowanym miejscu dzi\u0119ki Touchpoint\u2122 Key Cabinet Pro i zamawiaj bezpo\u015brednio od <a href=\"https:\/\/keybox.nl\/pl\/\">Keybox.pl!<\/a><\/p>","protected":false},"excerpt":{"rendered":"<p>Touchpoint PRO od Kidde 30\/60\/120 przycisk\u00f3w<\/p>","protected":false},"featured_media":1800,"comment_status":"open","ping_status":"closed","template":"","meta":[],"product_brand":[],"product_cat":[19],"product_tag":[87,86],"class_list":{"0":"post-1796","1":"product","2":"type-product","3":"status-publish","4":"has-post-thumbnail","6":"product_cat-keysafe","7":"product_tag-grote-keybox","8":"product_tag-grote-keysafe","10":"first","11":"instock","12":"sale","13":"taxable","14":"shipping-taxable","15":"purchasable","16":"product-type-variable","17":"has-default-attributes"},"yoast_head":"<!-- This site is optimized with the Yoast SEO plugin v27.4 - https:\/\/yoast.com\/product\/yoast-seo-wordpress\/ -->\n<title>Keysafe key cabinet -<\/title>\n<meta name=\"robots\" content=\"index, follow, max-snippet:-1, max-image-preview:large, max-video-preview:-1\" \/>\n<link rel=\"canonical\" href=\"https:\/\/keybox.nl\/pl\/produkt\/keysafe-key-cabinet\/\" \/>\n<meta property=\"og:locale\" content=\"pl_PL\" \/>\n<meta property=\"og:type\" content=\"article\" \/>\n<meta property=\"og:title\" content=\"Keysafe key cabinet -\" \/>\n<meta property=\"og:description\" content=\"Touchpoint PRO van Kidde 30\/60\/120 sleutels\" \/>\n<meta property=\"og:url\" content=\"https:\/\/keybox.nl\/pl\/produkt\/keysafe-key-cabinet\/\" \/>\n<meta property=\"article:modified_time\" content=\"2025-01-10T12:19:30+00:00\" \/>\n<meta property=\"og:image\" content=\"http:\/\/keybox.nl\/wp-content\/uploads\/2024\/12\/Keysafe-key-cabinet-keybox.jpg\" \/>\n\t<meta property=\"og:image:width\" content=\"328\" \/>\n\t<meta property=\"og:image:height\" content=\"328\" \/>\n\t<meta property=\"og:image:type\" content=\"image\/jpeg\" \/>\n<meta name=\"twitter:card\" content=\"summary_large_image\" \/>\n<meta name=\"twitter:label1\" content=\"Szacowany czas czytania\" \/>\n\t<meta name=\"twitter:data1\" content=\"2 minuty\" \/>\n<script type=\"application\/ld+json\" class=\"yoast-schema-graph\">{\"@context\":\"https:\\\/\\\/schema.org\",\"@graph\":[{\"@type\":\"WebPage\",\"@id\":\"https:\\\/\\\/keybox.nl\\\/product\\\/keysafe-key-cabinet\\\/\",\"url\":\"https:\\\/\\\/keybox.nl\\\/product\\\/keysafe-key-cabinet\\\/\",\"name\":\"Keysafe key cabinet -\",\"isPartOf\":{\"@id\":\"https:\\\/\\\/keybox.nl\\\/#website\"},\"primaryImageOfPage\":{\"@id\":\"https:\\\/\\\/keybox.nl\\\/product\\\/keysafe-key-cabinet\\\/#primaryimage\"},\"image\":{\"@id\":\"https:\\\/\\\/keybox.nl\\\/product\\\/keysafe-key-cabinet\\\/#primaryimage\"},\"thumbnailUrl\":\"https:\\\/\\\/keybox.nl\\\/wp-content\\\/uploads\\\/2024\\\/12\\\/Keysafe-key-cabinet-keybox.jpg\",\"datePublished\":\"2024-12-18T16:18:58+00:00\",\"dateModified\":\"2025-01-10T12:19:30+00:00\",\"breadcrumb\":{\"@id\":\"https:\\\/\\\/keybox.nl\\\/product\\\/keysafe-key-cabinet\\\/#breadcrumb\"},\"inLanguage\":\"pl-PL\",\"potentialAction\":[{\"@type\":\"ReadAction\",\"target\":[\"https:\\\/\\\/keybox.nl\\\/product\\\/keysafe-key-cabinet\\\/\"]}]},{\"@type\":\"ImageObject\",\"inLanguage\":\"pl-PL\",\"@id\":\"https:\\\/\\\/keybox.nl\\\/product\\\/keysafe-key-cabinet\\\/#primaryimage\",\"url\":\"https:\\\/\\\/keybox.nl\\\/wp-content\\\/uploads\\\/2024\\\/12\\\/Keysafe-key-cabinet-keybox.jpg\",\"contentUrl\":\"https:\\\/\\\/keybox.nl\\\/wp-content\\\/uploads\\\/2024\\\/12\\\/Keysafe-key-cabinet-keybox.jpg\",\"width\":328,\"height\":328},{\"@type\":\"BreadcrumbList\",\"@id\":\"https:\\\/\\\/keybox.nl\\\/product\\\/keysafe-key-cabinet\\\/#breadcrumb\",\"itemListElement\":[{\"@type\":\"ListItem\",\"position\":1,\"name\":\"Home\",\"item\":\"https:\\\/\\\/keybox.nl\\\/\"},{\"@type\":\"ListItem\",\"position\":2,\"name\":\"Beveiligde sleutelkastjes kopen\",\"item\":\"https:\\\/\\\/keybox.nl\\\/\"},{\"@type\":\"ListItem\",\"position\":3,\"name\":\"Keysafe key cabinet\"}]},{\"@type\":\"WebSite\",\"@id\":\"https:\\\/\\\/keybox.nl\\\/#website\",\"url\":\"https:\\\/\\\/keybox.nl\\\/\",\"name\":\"\",\"description\":\"\",\"potentialAction\":[{\"@type\":\"SearchAction\",\"target\":{\"@type\":\"EntryPoint\",\"urlTemplate\":\"https:\\\/\\\/keybox.nl\\\/?s={search_term_string}\"},\"query-input\":{\"@type\":\"PropertyValueSpecification\",\"valueRequired\":true,\"valueName\":\"search_term_string\"}}],\"inLanguage\":\"pl-PL\"}]}<\/script>\n<!-- \/ Yoast SEO plugin. -->","yoast_head_json":{"title":"Szafka na klucze Keysafe -","robots":{"index":"index","follow":"follow","max-snippet":"max-snippet:-1","max-image-preview":"max-image-preview:large","max-video-preview":"max-video-preview:-1"},"canonical":"https:\/\/keybox.nl\/pl\/produkt\/keysafe-key-cabinet\/","og_locale":"pl_PL","og_type":"article","og_title":"Keysafe key cabinet -","og_description":"Touchpoint PRO van Kidde 30\/60\/120 sleutels","og_url":"https:\/\/keybox.nl\/pl\/produkt\/keysafe-key-cabinet\/","article_modified_time":"2025-01-10T12:19:30+00:00","og_image":[{"width":328,"height":328,"url":"http:\/\/keybox.nl\/wp-content\/uploads\/2024\/12\/Keysafe-key-cabinet-keybox.jpg","type":"image\/jpeg"}],"twitter_card":"summary_large_image","twitter_misc":{"Szacowany czas czytania":"2 minuty"},"schema":{"@context":"https:\/\/schema.org","@graph":[{"@type":"WebPage","@id":"https:\/\/keybox.nl\/product\/keysafe-key-cabinet\/","url":"https:\/\/keybox.nl\/product\/keysafe-key-cabinet\/","name":"Szafka na klucze Keysafe -","isPartOf":{"@id":"https:\/\/keybox.nl\/#website"},"primaryImageOfPage":{"@id":"https:\/\/keybox.nl\/product\/keysafe-key-cabinet\/#primaryimage"},"image":{"@id":"https:\/\/keybox.nl\/product\/keysafe-key-cabinet\/#primaryimage"},"thumbnailUrl":"https:\/\/keybox.nl\/wp-content\/uploads\/2024\/12\/Keysafe-key-cabinet-keybox.jpg","datePublished":"2024-12-18T16:18:58+00:00","dateModified":"2025-01-10T12:19:30+00:00","breadcrumb":{"@id":"https:\/\/keybox.nl\/product\/keysafe-key-cabinet\/#breadcrumb"},"inLanguage":"pl-PL","potentialAction":[{"@type":"ReadAction","target":["https:\/\/keybox.nl\/product\/keysafe-key-cabinet\/"]}]},{"@type":"ImageObject","inLanguage":"pl-PL","@id":"https:\/\/keybox.nl\/product\/keysafe-key-cabinet\/#primaryimage","url":"https:\/\/keybox.nl\/wp-content\/uploads\/2024\/12\/Keysafe-key-cabinet-keybox.jpg","contentUrl":"https:\/\/keybox.nl\/wp-content\/uploads\/2024\/12\/Keysafe-key-cabinet-keybox.jpg","width":328,"height":328},{"@type":"BreadcrumbList","@id":"https:\/\/keybox.nl\/product\/keysafe-key-cabinet\/#breadcrumb","itemListElement":[{"@type":"ListItem","position":1,"name":"Home","item":"https:\/\/keybox.nl\/"},{"@type":"ListItem","position":2,"name":"Beveiligde sleutelkastjes kopen","item":"https:\/\/keybox.nl\/"},{"@type":"ListItem","position":3,"name":"Keysafe key cabinet"}]},{"@type":"WebSite","@id":"https:\/\/keybox.nl\/#website","url":"https:\/\/keybox.nl\/","name":"","description":"","potentialAction":[{"@type":"SearchAction","target":{"@type":"EntryPoint","urlTemplate":"https:\/\/keybox.nl\/?s={search_term_string}"},"query-input":{"@type":"PropertyValueSpecification","valueRequired":true,"valueName":"search_term_string"}}],"inLanguage":"pl-PL"}]}},"jetpack-related-posts":[{"id":1346,"url":"https:\/\/keybox.nl\/pl\/produkt\/keysafe-big-pro-sleutelkluis\/","url_meta":{"origin":1796,"position":0},"title":"Sejf na klucze Keysafe Big Pro","author":"Keybox@beheermodule","date":"10 lutego 2023","format":false,"excerpt":"Sejf na klucze Keysafe Big Pro z zamkiem szyfrowym i pokryw\u0105 ochronn\u0105","rel":"","context":"Podobny wpis","block_context":{"text":"Podobny wpis","link":""},"img":{"alt_text":"Keysafe Big Pro","src":"https:\/\/i0.wp.com\/keybox.nl\/wp-content\/uploads\/2023\/02\/S7-Pro-Big-Box-Key-Safe.jpg?resize=350%2C200&ssl=1","width":350,"height":200,"srcset":"https:\/\/i0.wp.com\/keybox.nl\/wp-content\/uploads\/2023\/02\/S7-Pro-Big-Box-Key-Safe.jpg?resize=350%2C200&ssl=1 1x, https:\/\/i0.wp.com\/keybox.nl\/wp-content\/uploads\/2023\/02\/S7-Pro-Big-Box-Key-Safe.jpg?resize=525%2C300&ssl=1 1.5x, https:\/\/i0.wp.com\/keybox.nl\/wp-content\/uploads\/2023\/02\/S7-Pro-Big-Box-Key-Safe.jpg?resize=700%2C400&ssl=1 2x"},"classes":[]},{"id":1775,"url":"https:\/\/keybox.nl\/pl\/produkt\/keysafe-pro-original\/","url_meta":{"origin":1796,"position":1},"title":"Keysafe Pro oryginalny","author":"Elric Drost","date":"5 grudnia 2024","format":false,"excerpt":"KEYSAFE Pro Original to solidna szafka na 5 standardowych kluczy.","rel":"","context":"Podobny wpis","block_context":{"text":"Podobny wpis","link":""},"img":{"alt_text":"","src":"https:\/\/i0.wp.com\/keybox.nl\/wp-content\/uploads\/2024\/12\/keysafe-pro-original-sleutelkluisje.jpg?resize=350%2C200&ssl=1","width":350,"height":200},"classes":[]},{"id":297,"url":"https:\/\/keybox.nl\/pl\/produkt\/digibox-7-sleutelhaken\/","url_meta":{"origin":1796,"position":2},"title":"Haki na klucze Digibox 7","author":"Keybox@beheermodule","date":"18 lutego 2022","format":false,"excerpt":"Bezpieczne zarz\u0105dzanie kluczami dzi\u0119ki 7 pozycjom kluczy.","rel":"","context":"Podobny wpis","block_context":{"text":"Podobny wpis","link":""},"img":{"alt_text":"","src":"https:\/\/i0.wp.com\/keybox.nl\/wp-content\/uploads\/2022\/02\/Digibox-7-haken-Keybox-e1645195424393.jpg?resize=350%2C200&ssl=1","width":350,"height":200},"classes":[]},{"id":1782,"url":"https:\/\/keybox.nl\/pl\/produkt\/keysafe-p500\/","url_meta":{"origin":1796,"position":3},"title":"Keysafe P500","author":"Elric Drost","date":"13 grudnia 2024","format":false,"excerpt":"Najbezpieczniejsza mini szafka na klucze na rynku.","rel":"","context":"Podobny wpis","block_context":{"text":"Podobny wpis","link":""},"img":{"alt_text":"","src":"https:\/\/i0.wp.com\/keybox.nl\/wp-content\/uploads\/2024\/12\/boite-a-cle-keysafe-pro-grand-format.jpg?resize=350%2C200&ssl=1","width":350,"height":200},"classes":[]},{"id":1822,"url":"https:\/\/keybox.nl\/pl\/produkt\/keysafe-gce\/","url_meta":{"origin":1796,"position":4},"title":"Keysafe GCE","author":"Elric Drost","date":"26 stycznia 2025","format":false,"excerpt":"Do wyboru s\u0105 3 modele.","rel":"","context":"Podobny wpis","block_context":{"text":"Podobny wpis","link":""},"img":{"alt_text":"","src":"https:\/\/i0.wp.com\/keybox.nl\/wp-content\/uploads\/2025\/01\/9858a0f7e85097eb90f56de1f00f8269.jpg?resize=350%2C200&ssl=1","width":350,"height":200,"srcset":"https:\/\/i0.wp.com\/keybox.nl\/wp-content\/uploads\/2025\/01\/9858a0f7e85097eb90f56de1f00f8269.jpg?resize=350%2C200&ssl=1 1x, https:\/\/i0.wp.com\/keybox.nl\/wp-content\/uploads\/2025\/01\/9858a0f7e85097eb90f56de1f00f8269.jpg?resize=525%2C300&ssl=1 1.5x, https:\/\/i0.wp.com\/keybox.nl\/wp-content\/uploads\/2025\/01\/9858a0f7e85097eb90f56de1f00f8269.jpg?resize=700%2C400&ssl=1 2x, https:\/\/i0.wp.com\/keybox.nl\/wp-content\/uploads\/2025\/01\/9858a0f7e85097eb90f56de1f00f8269.jpg?resize=1050%2C600&ssl=1 3x, https:\/\/i0.wp.com\/keybox.nl\/wp-content\/uploads\/2025\/01\/9858a0f7e85097eb90f56de1f00f8269.jpg?resize=1400%2C800&ssl=1 4x"},"classes":[]},{"id":1812,"url":"https:\/\/keybox.nl\/pl\/produkt\/drs-vector-combi-keysafe\/","url_meta":{"origin":1796,"position":5},"title":"Sejf na klucze DRS Vector Combi","author":"Elric Drost","date":"21 stycznia 2025","format":false,"excerpt":"Idealny do zastosowa\u0144 profesjonalnych.","rel":"","context":"Podobny wpis","block_context":{"text":"Podobny wpis","link":""},"img":{"alt_text":"","src":"https:\/\/i0.wp.com\/keybox.nl\/wp-content\/uploads\/2025\/01\/DRS-Vector-Combi-Keysafe-keybox.jpg?resize=350%2C200&ssl=1","width":350,"height":200,"srcset":"https:\/\/i0.wp.com\/keybox.nl\/wp-content\/uploads\/2025\/01\/DRS-Vector-Combi-Keysafe-keybox.jpg?resize=350%2C200&ssl=1 1x, https:\/\/i0.wp.com\/keybox.nl\/wp-content\/uploads\/2025\/01\/DRS-Vector-Combi-Keysafe-keybox.jpg?resize=525%2C300&ssl=1 1.5x, https:\/\/i0.wp.com\/keybox.nl\/wp-content\/uploads\/2025\/01\/DRS-Vector-Combi-Keysafe-keybox.jpg?resize=700%2C400&ssl=1 2x, https:\/\/i0.wp.com\/keybox.nl\/wp-content\/uploads\/2025\/01\/DRS-Vector-Combi-Keysafe-keybox.jpg?resize=1050%2C600&ssl=1 3x"},"classes":[]}],"jetpack_sharing_enabled":true,"_links":{"self":[{"href":"https:\/\/keybox.nl\/pl\/wp-json\/wp\/v2\/product\/1796","targetHints":{"allow":["GET"]}}],"collection":[{"href":"https:\/\/keybox.nl\/pl\/wp-json\/wp\/v2\/product"}],"about":[{"href":"https:\/\/keybox.nl\/pl\/wp-json\/wp\/v2\/types\/product"}],"replies":[{"embeddable":true,"href":"https:\/\/keybox.nl\/pl\/wp-json\/wp\/v2\/comments?post=1796"}],"wp:featuredmedia":[{"embeddable":true,"href":"https:\/\/keybox.nl\/pl\/wp-json\/wp\/v2\/media\/1800"}],"wp:attachment":[{"href":"https:\/\/keybox.nl\/pl\/wp-json\/wp\/v2\/media?parent=1796"}],"wp:term":[{"taxonomy":"product_brand","embeddable":true,"href":"https:\/\/keybox.nl\/pl\/wp-json\/wp\/v2\/product_brand?post=1796"},{"taxonomy":"product_cat","embeddable":true,"href":"https:\/\/keybox.nl\/pl\/wp-json\/wp\/v2\/product_cat?post=1796"},{"taxonomy":"product_tag","embeddable":true,"href":"https:\/\/keybox.nl\/pl\/wp-json\/wp\/v2\/product_tag?post=1796"}],"curies":[{"name":"wp","href":"https:\/\/api.w.org\/{rel}","templated":true}]}}