{"id":1760,"date":"2024-12-04T18:06:31","date_gmt":"2024-12-04T18:06:31","guid":{"rendered":"https:\/\/keybox.nl\/?post_type=product&#038;p=1760"},"modified":"2024-12-05T14:29:14","modified_gmt":"2024-12-05T14:29:14","slug":"keysafe-voor-op-de-deur","status":"publish","type":"product","link":"https:\/\/keybox.nl\/pl\/produkt\/keysafe-voor-op-de-deur\/","title":{"rendered":"Sejf na klucze do drzwi"},"content":{"rendered":"<h4>Sejf na klucze do drzwi KEYSAFE<\/h4>\n<p>KEYSAFE Door to wszechstronna i wytrzyma\u0142a szafka na klucze, kt\u00f3r\u0105 mo\u017cna \u0142atwo zawiesi\u0107 na drzwiach za pomoc\u0105 uchwytu ze stali nierdzewnej. Idealna do bezpiecznego przechowywania do trzech kluczy, jest idealna dla sp\u00f3\u0142dzielni mieszkaniowych, firm budowlanych i innych organizacji, kt\u00f3re potrzebuj\u0105 tymczasowego dost\u0119pu do pomieszcze\u0144 podczas remont\u00f3w lub prac konserwacyjnych.<\/p>\n<h4>Zalety<\/h4>\n<ul>\n<li>Szybki monta\u017c i demonta\u017c bez konieczno\u015bci trwa\u0142ego mocowania.<\/li>\n<li>Klucze nale\u017cy przechowywa\u0107 w spos\u00f3b bezpieczny i dost\u0119pny dla upowa\u017cnionych os\u00f3b.<\/li>\n<li><strong>Nie wymaga zasilania ani elektroniki:<\/strong> Dzia\u0142a w pe\u0142ni mechanicznie z ponad 1000 kombinacji.<\/li>\n<li>Nadaje si\u0119 do zastosowa\u0144 takich jak\n<ul>\n<li>Opieka domowa<\/li>\n<li>Us\u0142ugi dostawy i sprz\u0105tania<\/li>\n<li>Interwencje alarmowe<\/li>\n<li>Dost\u0119p awaryjny<\/li>\n<li>Zarz\u0105dzanie biurem<\/li>\n<li>Utrzymanie bezpiecznych witryn<\/li>\n<\/ul>\n<\/li>\n<\/ul>\n<h4>Cechy<\/h4>\n<ul>\n<li>Kolor tytanowy.<\/li>\n<li>Odporno\u015b\u0107 na temperatury od -32\u00b0C do +68\u00b0C.<\/li>\n<li>Nadaje si\u0119 do d\u0142ugotrwa\u0142ej ekspozycji na \u015bwiat\u0142o s\u0142oneczne.<\/li>\n<li>Odporno\u015b\u0107 na standardowe rozpuszczalniki i chemikalia.<\/li>\n<li>Odporno\u015b\u0107 na rozpryski wody do 10,16 cm\/godz.<\/li>\n<\/ul>\n<h4>Opcje<\/h4>\n<ul>\n<li><strong>Neoprenowa os\u0142ona ochronna:<\/strong> Dla dodatkowej ochrony przed deszczem i bardziej dyskretnego wygl\u0105du.<\/li>\n<\/ul>\n<h4>Zawarto\u015b\u0107 opakowania<\/h4>\n<ul>\n<li>KEYSAFE Door dostarczany jest w kartonowym pude\u0142ku.<\/li>\n<li>Instrukcja obs\u0142ugi.<\/li>\n<li>P\u0142yta wsporcza z nakr\u0119tkami mocuj\u0105cymi.<\/li>\n<li>Dwie \u015bruby mocuj\u0105ce do uchwytu monta\u017cowego.<\/li>\n<\/ul>\n<p>Zam\u00f3w bezpieczne i elastyczne rozwi\u0105zanie do zarz\u0105dzania kluczami bezpo\u015brednio na Keybox.pl!<\/p>","protected":false},"excerpt":{"rendered":"<p>Ma\u0142a, ale solidna szafka na klucze.<\/p>","protected":false},"featured_media":1761,"comment_status":"open","ping_status":"closed","template":"","meta":[],"product_brand":[],"product_cat":[19],"product_tag":[79],"class_list":{"0":"post-1760","1":"product","2":"type-product","3":"status-publish","4":"has-post-thumbnail","6":"product_cat-keysafe","7":"product_tag-kleine-keysafe","9":"first","10":"instock","11":"taxable","12":"shipping-taxable","13":"purchasable","14":"product-type-simple"},"yoast_head":"<!-- This site is optimized with the Yoast SEO plugin v27.4 - https:\/\/yoast.com\/product\/yoast-seo-wordpress\/ -->\n<title>keysafe voor op de deur -<\/title>\n<meta name=\"robots\" content=\"index, follow, max-snippet:-1, max-image-preview:large, max-video-preview:-1\" \/>\n<link rel=\"canonical\" href=\"https:\/\/keybox.nl\/pl\/produkt\/keysafe-voor-op-de-deur\/\" \/>\n<meta property=\"og:locale\" content=\"pl_PL\" \/>\n<meta property=\"og:type\" content=\"article\" \/>\n<meta property=\"og:title\" content=\"keysafe voor op de deur -\" \/>\n<meta property=\"og:description\" content=\"Klein, maar robuust sleutelkastje.\" \/>\n<meta property=\"og:url\" content=\"https:\/\/keybox.nl\/pl\/produkt\/keysafe-voor-op-de-deur\/\" \/>\n<meta property=\"article:modified_time\" content=\"2024-12-05T14:29:14+00:00\" \/>\n<meta property=\"og:image\" content=\"http:\/\/keybox.nl\/wp-content\/uploads\/2024\/11\/Keysafe_door_sleutelkluisje_keybox.jpg\" \/>\n\t<meta property=\"og:image:width\" content=\"380\" \/>\n\t<meta property=\"og:image:height\" content=\"494\" \/>\n\t<meta property=\"og:image:type\" content=\"image\/jpeg\" \/>\n<meta name=\"twitter:card\" content=\"summary_large_image\" \/>\n<meta name=\"twitter:label1\" content=\"Szacowany czas czytania\" \/>\n\t<meta name=\"twitter:data1\" content=\"1 minuta\" \/>\n<script type=\"application\/ld+json\" class=\"yoast-schema-graph\">{\"@context\":\"https:\\\/\\\/schema.org\",\"@graph\":[{\"@type\":\"WebPage\",\"@id\":\"https:\\\/\\\/keybox.nl\\\/product\\\/keysafe-voor-op-de-deur\\\/\",\"url\":\"https:\\\/\\\/keybox.nl\\\/product\\\/keysafe-voor-op-de-deur\\\/\",\"name\":\"keysafe voor op de deur -\",\"isPartOf\":{\"@id\":\"https:\\\/\\\/keybox.nl\\\/#website\"},\"primaryImageOfPage\":{\"@id\":\"https:\\\/\\\/keybox.nl\\\/product\\\/keysafe-voor-op-de-deur\\\/#primaryimage\"},\"image\":{\"@id\":\"https:\\\/\\\/keybox.nl\\\/product\\\/keysafe-voor-op-de-deur\\\/#primaryimage\"},\"thumbnailUrl\":\"https:\\\/\\\/keybox.nl\\\/wp-content\\\/uploads\\\/2024\\\/11\\\/Keysafe_door_sleutelkluisje_keybox.jpg\",\"datePublished\":\"2024-12-04T18:06:31+00:00\",\"dateModified\":\"2024-12-05T14:29:14+00:00\",\"breadcrumb\":{\"@id\":\"https:\\\/\\\/keybox.nl\\\/product\\\/keysafe-voor-op-de-deur\\\/#breadcrumb\"},\"inLanguage\":\"pl-PL\",\"potentialAction\":[{\"@type\":\"ReadAction\",\"target\":[\"https:\\\/\\\/keybox.nl\\\/product\\\/keysafe-voor-op-de-deur\\\/\"]}]},{\"@type\":\"ImageObject\",\"inLanguage\":\"pl-PL\",\"@id\":\"https:\\\/\\\/keybox.nl\\\/product\\\/keysafe-voor-op-de-deur\\\/#primaryimage\",\"url\":\"https:\\\/\\\/keybox.nl\\\/wp-content\\\/uploads\\\/2024\\\/11\\\/Keysafe_door_sleutelkluisje_keybox.jpg\",\"contentUrl\":\"https:\\\/\\\/keybox.nl\\\/wp-content\\\/uploads\\\/2024\\\/11\\\/Keysafe_door_sleutelkluisje_keybox.jpg\",\"width\":380,\"height\":494,\"caption\":\"main\"},{\"@type\":\"BreadcrumbList\",\"@id\":\"https:\\\/\\\/keybox.nl\\\/product\\\/keysafe-voor-op-de-deur\\\/#breadcrumb\",\"itemListElement\":[{\"@type\":\"ListItem\",\"position\":1,\"name\":\"Home\",\"item\":\"https:\\\/\\\/keybox.nl\\\/\"},{\"@type\":\"ListItem\",\"position\":2,\"name\":\"Beveiligde sleutelkastjes kopen\",\"item\":\"https:\\\/\\\/keybox.nl\\\/\"},{\"@type\":\"ListItem\",\"position\":3,\"name\":\"keysafe voor op de deur\"}]},{\"@type\":\"WebSite\",\"@id\":\"https:\\\/\\\/keybox.nl\\\/#website\",\"url\":\"https:\\\/\\\/keybox.nl\\\/\",\"name\":\"\",\"description\":\"\",\"potentialAction\":[{\"@type\":\"SearchAction\",\"target\":{\"@type\":\"EntryPoint\",\"urlTemplate\":\"https:\\\/\\\/keybox.nl\\\/?s={search_term_string}\"},\"query-input\":{\"@type\":\"PropertyValueSpecification\",\"valueRequired\":true,\"valueName\":\"search_term_string\"}}],\"inLanguage\":\"pl-PL\"}]}<\/script>\n<!-- \/ Yoast SEO plugin. -->","yoast_head_json":{"title":"Sejf na klucze do drzwi -","robots":{"index":"index","follow":"follow","max-snippet":"max-snippet:-1","max-image-preview":"max-image-preview:large","max-video-preview":"max-video-preview:-1"},"canonical":"https:\/\/keybox.nl\/pl\/produkt\/keysafe-voor-op-de-deur\/","og_locale":"pl_PL","og_type":"article","og_title":"keysafe voor op de deur -","og_description":"Klein, maar robuust sleutelkastje.","og_url":"https:\/\/keybox.nl\/pl\/produkt\/keysafe-voor-op-de-deur\/","article_modified_time":"2024-12-05T14:29:14+00:00","og_image":[{"width":380,"height":494,"url":"http:\/\/keybox.nl\/wp-content\/uploads\/2024\/11\/Keysafe_door_sleutelkluisje_keybox.jpg","type":"image\/jpeg"}],"twitter_card":"summary_large_image","twitter_misc":{"Szacowany czas czytania":"1 minuta"},"schema":{"@context":"https:\/\/schema.org","@graph":[{"@type":"WebPage","@id":"https:\/\/keybox.nl\/product\/keysafe-voor-op-de-deur\/","url":"https:\/\/keybox.nl\/product\/keysafe-voor-op-de-deur\/","name":"Sejf na klucze do drzwi -","isPartOf":{"@id":"https:\/\/keybox.nl\/#website"},"primaryImageOfPage":{"@id":"https:\/\/keybox.nl\/product\/keysafe-voor-op-de-deur\/#primaryimage"},"image":{"@id":"https:\/\/keybox.nl\/product\/keysafe-voor-op-de-deur\/#primaryimage"},"thumbnailUrl":"https:\/\/keybox.nl\/wp-content\/uploads\/2024\/11\/Keysafe_door_sleutelkluisje_keybox.jpg","datePublished":"2024-12-04T18:06:31+00:00","dateModified":"2024-12-05T14:29:14+00:00","breadcrumb":{"@id":"https:\/\/keybox.nl\/product\/keysafe-voor-op-de-deur\/#breadcrumb"},"inLanguage":"pl-PL","potentialAction":[{"@type":"ReadAction","target":["https:\/\/keybox.nl\/product\/keysafe-voor-op-de-deur\/"]}]},{"@type":"ImageObject","inLanguage":"pl-PL","@id":"https:\/\/keybox.nl\/product\/keysafe-voor-op-de-deur\/#primaryimage","url":"https:\/\/keybox.nl\/wp-content\/uploads\/2024\/11\/Keysafe_door_sleutelkluisje_keybox.jpg","contentUrl":"https:\/\/keybox.nl\/wp-content\/uploads\/2024\/11\/Keysafe_door_sleutelkluisje_keybox.jpg","width":380,"height":494,"caption":"main"},{"@type":"BreadcrumbList","@id":"https:\/\/keybox.nl\/product\/keysafe-voor-op-de-deur\/#breadcrumb","itemListElement":[{"@type":"ListItem","position":1,"name":"Home","item":"https:\/\/keybox.nl\/"},{"@type":"ListItem","position":2,"name":"Beveiligde sleutelkastjes kopen","item":"https:\/\/keybox.nl\/"},{"@type":"ListItem","position":3,"name":"keysafe voor op de deur"}]},{"@type":"WebSite","@id":"https:\/\/keybox.nl\/#website","url":"https:\/\/keybox.nl\/","name":"","description":"","potentialAction":[{"@type":"SearchAction","target":{"@type":"EntryPoint","urlTemplate":"https:\/\/keybox.nl\/?s={search_term_string}"},"query-input":{"@type":"PropertyValueSpecification","valueRequired":true,"valueName":"search_term_string"}}],"inLanguage":"pl-PL"}]}},"jetpack-related-posts":[{"id":1782,"url":"https:\/\/keybox.nl\/pl\/produkt\/keysafe-p500\/","url_meta":{"origin":1760,"position":0},"title":"Keysafe P500","author":"Elric Drost","date":"13 grudnia 2024","format":false,"excerpt":"Najbezpieczniejsza mini szafka na klucze na rynku.","rel":"","context":"Podobny wpis","block_context":{"text":"Podobny wpis","link":""},"img":{"alt_text":"","src":"https:\/\/i0.wp.com\/keybox.nl\/wp-content\/uploads\/2024\/12\/boite-a-cle-keysafe-pro-grand-format.jpg?resize=350%2C200&ssl=1","width":350,"height":200},"classes":[]},{"id":1796,"url":"https:\/\/keybox.nl\/pl\/produkt\/keysafe-key-cabinet\/","url_meta":{"origin":1760,"position":1},"title":"Szafka na klucze Keysafe","author":"Elric Drost","date":"18 grudnia 2024","format":false,"excerpt":"Touchpoint PRO od Kidde 30\/60\/120 przycisk\u00f3w","rel":"","context":"Podobny wpis","block_context":{"text":"Podobny wpis","link":""},"img":{"alt_text":"","src":"https:\/\/i0.wp.com\/keybox.nl\/wp-content\/uploads\/2024\/12\/Keysafe-cabinet-30-Keybox-open-298x300.jpg?resize=350%2C200","width":350,"height":200},"classes":[]},{"id":1775,"url":"https:\/\/keybox.nl\/pl\/produkt\/keysafe-pro-original\/","url_meta":{"origin":1760,"position":2},"title":"Keysafe Pro oryginalny","author":"Elric Drost","date":"5 grudnia 2024","format":false,"excerpt":"KEYSAFE Pro Original to solidna szafka na 5 standardowych kluczy.","rel":"","context":"Podobny wpis","block_context":{"text":"Podobny wpis","link":""},"img":{"alt_text":"","src":"https:\/\/i0.wp.com\/keybox.nl\/wp-content\/uploads\/2024\/12\/keysafe-pro-original-sleutelkluisje.jpg?resize=350%2C200&ssl=1","width":350,"height":200},"classes":[]},{"id":1179,"url":"https:\/\/keybox.nl\/pl\/produkt\/keysafe-original\/","url_meta":{"origin":1760,"position":3},"title":"Keysafe Original","author":"Keybox@beheermodule","date":"9 grudnia 2022","format":false,"excerpt":"Keysafe Original na 5 kluczy Je\u015bli do wej\u015bcia do pomieszcze\u0144 potrzebnych jest kilka kluczy, du\u017ca pojemno\u015b\u0107 KeySafe\u2122 Original pozwala na przechowywanie ich wszystkich w jednym miejscu z przyjaznym dla u\u017cytkownika kodem dost\u0119pu. KeySafe Original mo\u017ce pomie\u015bci\u0107 wiele kluczy i jest wystarczaj\u0105co du\u017cy, aby pomie\u015bci\u0107 karty kluczy....","rel":"","context":"Podobny wpis","block_context":{"text":"Podobny wpis","link":""},"img":{"alt_text":"","src":"https:\/\/i0.wp.com\/keybox.nl\/wp-content\/uploads\/2022\/12\/Keysafe_Original_keybox_sleutelkluis.jpg?resize=350%2C200&ssl=1","width":350,"height":200,"srcset":"https:\/\/i0.wp.com\/keybox.nl\/wp-content\/uploads\/2022\/12\/Keysafe_Original_keybox_sleutelkluis.jpg?resize=350%2C200&ssl=1 1x, https:\/\/i0.wp.com\/keybox.nl\/wp-content\/uploads\/2022\/12\/Keysafe_Original_keybox_sleutelkluis.jpg?resize=525%2C300&ssl=1 1.5x, https:\/\/i0.wp.com\/keybox.nl\/wp-content\/uploads\/2022\/12\/Keysafe_Original_keybox_sleutelkluis.jpg?resize=700%2C400&ssl=1 2x"},"classes":[]},{"id":1822,"url":"https:\/\/keybox.nl\/pl\/produkt\/keysafe-gce\/","url_meta":{"origin":1760,"position":4},"title":"Keysafe GCE","author":"Elric Drost","date":"26 stycznia 2025","format":false,"excerpt":"Do wyboru s\u0105 3 modele.","rel":"","context":"Podobny wpis","block_context":{"text":"Podobny wpis","link":""},"img":{"alt_text":"","src":"https:\/\/i0.wp.com\/keybox.nl\/wp-content\/uploads\/2025\/01\/9858a0f7e85097eb90f56de1f00f8269.jpg?resize=350%2C200&ssl=1","width":350,"height":200,"srcset":"https:\/\/i0.wp.com\/keybox.nl\/wp-content\/uploads\/2025\/01\/9858a0f7e85097eb90f56de1f00f8269.jpg?resize=350%2C200&ssl=1 1x, https:\/\/i0.wp.com\/keybox.nl\/wp-content\/uploads\/2025\/01\/9858a0f7e85097eb90f56de1f00f8269.jpg?resize=525%2C300&ssl=1 1.5x, https:\/\/i0.wp.com\/keybox.nl\/wp-content\/uploads\/2025\/01\/9858a0f7e85097eb90f56de1f00f8269.jpg?resize=700%2C400&ssl=1 2x, https:\/\/i0.wp.com\/keybox.nl\/wp-content\/uploads\/2025\/01\/9858a0f7e85097eb90f56de1f00f8269.jpg?resize=1050%2C600&ssl=1 3x, https:\/\/i0.wp.com\/keybox.nl\/wp-content\/uploads\/2025\/01\/9858a0f7e85097eb90f56de1f00f8269.jpg?resize=1400%2C800&ssl=1 4x"},"classes":[]},{"id":1346,"url":"https:\/\/keybox.nl\/pl\/produkt\/keysafe-big-pro-sleutelkluis\/","url_meta":{"origin":1760,"position":5},"title":"Sejf na klucze Keysafe Big Pro","author":"Keybox@beheermodule","date":"10 lutego 2023","format":false,"excerpt":"Sejf na klucze Keysafe Big Pro z zamkiem szyfrowym i pokryw\u0105 ochronn\u0105","rel":"","context":"Podobny wpis","block_context":{"text":"Podobny wpis","link":""},"img":{"alt_text":"Keysafe Big Pro","src":"https:\/\/i0.wp.com\/keybox.nl\/wp-content\/uploads\/2023\/02\/S7-Pro-Big-Box-Key-Safe.jpg?resize=350%2C200&ssl=1","width":350,"height":200,"srcset":"https:\/\/i0.wp.com\/keybox.nl\/wp-content\/uploads\/2023\/02\/S7-Pro-Big-Box-Key-Safe.jpg?resize=350%2C200&ssl=1 1x, https:\/\/i0.wp.com\/keybox.nl\/wp-content\/uploads\/2023\/02\/S7-Pro-Big-Box-Key-Safe.jpg?resize=525%2C300&ssl=1 1.5x, https:\/\/i0.wp.com\/keybox.nl\/wp-content\/uploads\/2023\/02\/S7-Pro-Big-Box-Key-Safe.jpg?resize=700%2C400&ssl=1 2x"},"classes":[]}],"jetpack_sharing_enabled":true,"_links":{"self":[{"href":"https:\/\/keybox.nl\/pl\/wp-json\/wp\/v2\/product\/1760","targetHints":{"allow":["GET"]}}],"collection":[{"href":"https:\/\/keybox.nl\/pl\/wp-json\/wp\/v2\/product"}],"about":[{"href":"https:\/\/keybox.nl\/pl\/wp-json\/wp\/v2\/types\/product"}],"replies":[{"embeddable":true,"href":"https:\/\/keybox.nl\/pl\/wp-json\/wp\/v2\/comments?post=1760"}],"wp:featuredmedia":[{"embeddable":true,"href":"https:\/\/keybox.nl\/pl\/wp-json\/wp\/v2\/media\/1761"}],"wp:attachment":[{"href":"https:\/\/keybox.nl\/pl\/wp-json\/wp\/v2\/media?parent=1760"}],"wp:term":[{"taxonomy":"product_brand","embeddable":true,"href":"https:\/\/keybox.nl\/pl\/wp-json\/wp\/v2\/product_brand?post=1760"},{"taxonomy":"product_cat","embeddable":true,"href":"https:\/\/keybox.nl\/pl\/wp-json\/wp\/v2\/product_cat?post=1760"},{"taxonomy":"product_tag","embeddable":true,"href":"https:\/\/keybox.nl\/pl\/wp-json\/wp\/v2\/product_tag?post=1760"}],"curies":[{"name":"wp","href":"https:\/\/api.w.org\/{rel}","templated":true}]}}