{"id":1759,"date":"2024-11-29T15:23:40","date_gmt":"2024-11-29T15:23:40","guid":{"rendered":"https:\/\/keybox.nl\/?post_type=product&#038;p=1759"},"modified":"2024-12-05T14:29:56","modified_gmt":"2024-12-05T14:29:56","slug":"keysafe-hangslot","status":"publish","type":"product","link":"https:\/\/keybox.nl\/pl\/produkt\/keysafe-hangslot\/","title":{"rendered":"Bezpieczna k\u0142\u00f3dka"},"content":{"rendered":"<div class=\"flex-shrink-0 flex flex-col relative items-end\">\n<div>\n<div class=\"pt-0\">\n<div class=\"gizmo-bot-avatar flex h-8 w-8 items-center justify-center overflow-hidden rounded-full\">\n<h4 class=\"relative p-1 rounded-sm flex items-center justify-center bg-token-main-surface-primary text-token-text-primary h-8 w-8\">Skrzynka na klucze z k\u0142\u00f3dk\u0105 KEYSAFE<\/h4>\n<\/div>\n<\/div>\n<\/div>\n<\/div>\n<p>Wygodne rozwi\u0105zanie do bezpiecznego przechowywania i przenoszenia kluczy. Uchwyt umo\u017cliwia \u0142atwe przymocowanie szafki na klucze do klamek drzwi, krat, rur lub innych punkt\u00f3w mocowania. Dzi\u0119ki wbudowanemu zamkowi szyfrowemu k\u0142\u00f3dka idealnie nadaje si\u0119 do autoryzowanego dost\u0119pu bez konieczno\u015bci u\u017cywania kluczy.<\/p>\n<p>Opcjonalna os\u0142ona neoprenowa jest dost\u0119pna dla dodatkowej ochrony przed warunkami pogodowymi i bardziej dyskretnego wygl\u0105du.<\/p>\n<p><strong>Zalety<\/strong><\/p>\n<ul>\n<li>\u0141atwa i szybka instalacja.<\/li>\n<li>Klucze zawsze dost\u0119pne i bezpiecznie przechowywane.<\/li>\n<li>Nie wymaga zasilania ani elektroniki.<\/li>\n<li>Ponad 1000 mo\u017cliwych kombinacji liczb.<a id=\"set-post-thumbnail\" class=\"thickbox\" href=\"https:\/\/keybox.nl\/wp-admin\/media-upload.php?post_id=1759&amp;type=image&amp;TB_iframe=1\">Ustawianie obrazu produktu<\/a><\/li>\n<li>Niezwykle wytrzyma\u0142a konstrukcja.<\/li>\n<\/ul>\n<p><strong>Specyfikacje<\/strong><\/p>\n<ul>\n<li>Kolor: szary.<\/li>\n<li>Temperatura pracy: do -26\u00b0C.<\/li>\n<li>Odporno\u015b\u0107 chemiczna i na rozpuszczalniki: standardowa.<\/li>\n<li>Odporno\u015b\u0107 na d\u0142ugotrwa\u0142\u0105 ekspozycj\u0119 na promieniowanie UV.<\/li>\n<li>Odporno\u015b\u0107 na rozpryski wody do 10,16 cm\/godz.<\/li>\n<\/ul>\n<p><strong>Opcje<\/strong><\/p>\n<ul>\n<li>Ochronna os\u0142ona z gumy neoprenowej w kolorze czarnym zapewnia dodatkow\u0105 ochron\u0119 przed z\u0142ymi warunkami pogodowymi.<\/li>\n<\/ul>\n<p><strong>Zawarto\u015b\u0107 opakowania<\/strong><\/p>\n<ul>\n<li>K\u0142\u00f3dka KEYSAFE dostarczana w kartonowym pude\u0142ku.<\/li>\n<li>Instrukcja obs\u0142ugi w zestawie.<\/li>\n<\/ul>\n<p>Zam\u00f3w k\u0142\u00f3dk\u0119 Keysafe bezpo\u015brednio od <a href=\"http:\/\/keybox.nl\/pl\/\">Keybox.pl<\/a>Tw\u00f3j specjalista od skrzynek na klucze!<\/p>","protected":false},"excerpt":{"rendered":"<p>K\u0142\u00f3dka z sejfu na klucze zapewnia bezpiecze\u0144stwo kluczy.<\/p>","protected":false},"featured_media":1764,"comment_status":"open","ping_status":"closed","template":"","meta":[],"product_brand":[],"product_cat":[19],"product_tag":[79],"class_list":{"0":"post-1759","1":"product","2":"type-product","3":"status-publish","4":"has-post-thumbnail","6":"product_cat-keysafe","7":"product_tag-kleine-keysafe","9":"first","10":"instock","11":"taxable","12":"shipping-taxable","13":"purchasable","14":"product-type-simple"},"yoast_head":"<!-- This site is optimized with the Yoast SEO plugin v27.4 - https:\/\/yoast.com\/product\/yoast-seo-wordpress\/ -->\n<title>Keysafe hangslot -<\/title>\n<meta name=\"robots\" content=\"index, follow, max-snippet:-1, max-image-preview:large, max-video-preview:-1\" \/>\n<link rel=\"canonical\" href=\"https:\/\/keybox.nl\/pl\/produkt\/keysafe-hangslot\/\" \/>\n<meta property=\"og:locale\" content=\"pl_PL\" \/>\n<meta property=\"og:type\" content=\"article\" \/>\n<meta property=\"og:title\" content=\"Keysafe hangslot -\" \/>\n<meta property=\"og:description\" content=\"Hangslot van keysafe voor sleutelbeveiliging.\" \/>\n<meta property=\"og:url\" content=\"https:\/\/keybox.nl\/pl\/produkt\/keysafe-hangslot\/\" \/>\n<meta property=\"article:modified_time\" content=\"2024-12-05T14:29:56+00:00\" \/>\n<meta property=\"og:image\" content=\"http:\/\/keybox.nl\/wp-content\/uploads\/2024\/11\/Keysafe_hangslot_cijferslot_keybox.jpg\" \/>\n\t<meta property=\"og:image:width\" content=\"380\" \/>\n\t<meta property=\"og:image:height\" content=\"494\" \/>\n\t<meta property=\"og:image:type\" content=\"image\/jpeg\" \/>\n<meta name=\"twitter:card\" content=\"summary_large_image\" \/>\n<meta name=\"twitter:label1\" content=\"Szacowany czas czytania\" \/>\n\t<meta name=\"twitter:data1\" content=\"1 minuta\" \/>\n<script type=\"application\/ld+json\" class=\"yoast-schema-graph\">{\"@context\":\"https:\\\/\\\/schema.org\",\"@graph\":[{\"@type\":\"WebPage\",\"@id\":\"https:\\\/\\\/keybox.nl\\\/product\\\/keysafe-hangslot\\\/\",\"url\":\"https:\\\/\\\/keybox.nl\\\/product\\\/keysafe-hangslot\\\/\",\"name\":\"Keysafe hangslot -\",\"isPartOf\":{\"@id\":\"https:\\\/\\\/keybox.nl\\\/#website\"},\"primaryImageOfPage\":{\"@id\":\"https:\\\/\\\/keybox.nl\\\/product\\\/keysafe-hangslot\\\/#primaryimage\"},\"image\":{\"@id\":\"https:\\\/\\\/keybox.nl\\\/product\\\/keysafe-hangslot\\\/#primaryimage\"},\"thumbnailUrl\":\"https:\\\/\\\/keybox.nl\\\/wp-content\\\/uploads\\\/2024\\\/11\\\/Keysafe_hangslot_cijferslot_keybox.jpg\",\"datePublished\":\"2024-11-29T15:23:40+00:00\",\"dateModified\":\"2024-12-05T14:29:56+00:00\",\"breadcrumb\":{\"@id\":\"https:\\\/\\\/keybox.nl\\\/product\\\/keysafe-hangslot\\\/#breadcrumb\"},\"inLanguage\":\"pl-PL\",\"potentialAction\":[{\"@type\":\"ReadAction\",\"target\":[\"https:\\\/\\\/keybox.nl\\\/product\\\/keysafe-hangslot\\\/\"]}]},{\"@type\":\"ImageObject\",\"inLanguage\":\"pl-PL\",\"@id\":\"https:\\\/\\\/keybox.nl\\\/product\\\/keysafe-hangslot\\\/#primaryimage\",\"url\":\"https:\\\/\\\/keybox.nl\\\/wp-content\\\/uploads\\\/2024\\\/11\\\/Keysafe_hangslot_cijferslot_keybox.jpg\",\"contentUrl\":\"https:\\\/\\\/keybox.nl\\\/wp-content\\\/uploads\\\/2024\\\/11\\\/Keysafe_hangslot_cijferslot_keybox.jpg\",\"width\":380,\"height\":494,\"caption\":\"main\"},{\"@type\":\"BreadcrumbList\",\"@id\":\"https:\\\/\\\/keybox.nl\\\/product\\\/keysafe-hangslot\\\/#breadcrumb\",\"itemListElement\":[{\"@type\":\"ListItem\",\"position\":1,\"name\":\"Home\",\"item\":\"https:\\\/\\\/keybox.nl\\\/\"},{\"@type\":\"ListItem\",\"position\":2,\"name\":\"Beveiligde sleutelkastjes kopen\",\"item\":\"https:\\\/\\\/keybox.nl\\\/\"},{\"@type\":\"ListItem\",\"position\":3,\"name\":\"Keysafe hangslot\"}]},{\"@type\":\"WebSite\",\"@id\":\"https:\\\/\\\/keybox.nl\\\/#website\",\"url\":\"https:\\\/\\\/keybox.nl\\\/\",\"name\":\"\",\"description\":\"\",\"potentialAction\":[{\"@type\":\"SearchAction\",\"target\":{\"@type\":\"EntryPoint\",\"urlTemplate\":\"https:\\\/\\\/keybox.nl\\\/?s={search_term_string}\"},\"query-input\":{\"@type\":\"PropertyValueSpecification\",\"valueRequired\":true,\"valueName\":\"search_term_string\"}}],\"inLanguage\":\"pl-PL\"}]}<\/script>\n<!-- \/ Yoast SEO plugin. -->","yoast_head_json":{"title":"K\u0142\u00f3dka Keysafe -","robots":{"index":"index","follow":"follow","max-snippet":"max-snippet:-1","max-image-preview":"max-image-preview:large","max-video-preview":"max-video-preview:-1"},"canonical":"https:\/\/keybox.nl\/pl\/produkt\/keysafe-hangslot\/","og_locale":"pl_PL","og_type":"article","og_title":"Keysafe hangslot -","og_description":"Hangslot van keysafe voor sleutelbeveiliging.","og_url":"https:\/\/keybox.nl\/pl\/produkt\/keysafe-hangslot\/","article_modified_time":"2024-12-05T14:29:56+00:00","og_image":[{"width":380,"height":494,"url":"http:\/\/keybox.nl\/wp-content\/uploads\/2024\/11\/Keysafe_hangslot_cijferslot_keybox.jpg","type":"image\/jpeg"}],"twitter_card":"summary_large_image","twitter_misc":{"Szacowany czas czytania":"1 minuta"},"schema":{"@context":"https:\/\/schema.org","@graph":[{"@type":"WebPage","@id":"https:\/\/keybox.nl\/product\/keysafe-hangslot\/","url":"https:\/\/keybox.nl\/product\/keysafe-hangslot\/","name":"K\u0142\u00f3dka Keysafe -","isPartOf":{"@id":"https:\/\/keybox.nl\/#website"},"primaryImageOfPage":{"@id":"https:\/\/keybox.nl\/product\/keysafe-hangslot\/#primaryimage"},"image":{"@id":"https:\/\/keybox.nl\/product\/keysafe-hangslot\/#primaryimage"},"thumbnailUrl":"https:\/\/keybox.nl\/wp-content\/uploads\/2024\/11\/Keysafe_hangslot_cijferslot_keybox.jpg","datePublished":"2024-11-29T15:23:40+00:00","dateModified":"2024-12-05T14:29:56+00:00","breadcrumb":{"@id":"https:\/\/keybox.nl\/product\/keysafe-hangslot\/#breadcrumb"},"inLanguage":"pl-PL","potentialAction":[{"@type":"ReadAction","target":["https:\/\/keybox.nl\/product\/keysafe-hangslot\/"]}]},{"@type":"ImageObject","inLanguage":"pl-PL","@id":"https:\/\/keybox.nl\/product\/keysafe-hangslot\/#primaryimage","url":"https:\/\/keybox.nl\/wp-content\/uploads\/2024\/11\/Keysafe_hangslot_cijferslot_keybox.jpg","contentUrl":"https:\/\/keybox.nl\/wp-content\/uploads\/2024\/11\/Keysafe_hangslot_cijferslot_keybox.jpg","width":380,"height":494,"caption":"main"},{"@type":"BreadcrumbList","@id":"https:\/\/keybox.nl\/product\/keysafe-hangslot\/#breadcrumb","itemListElement":[{"@type":"ListItem","position":1,"name":"Home","item":"https:\/\/keybox.nl\/"},{"@type":"ListItem","position":2,"name":"Beveiligde sleutelkastjes kopen","item":"https:\/\/keybox.nl\/"},{"@type":"ListItem","position":3,"name":"Keysafe hangslot"}]},{"@type":"WebSite","@id":"https:\/\/keybox.nl\/#website","url":"https:\/\/keybox.nl\/","name":"","description":"","potentialAction":[{"@type":"SearchAction","target":{"@type":"EntryPoint","urlTemplate":"https:\/\/keybox.nl\/?s={search_term_string}"},"query-input":{"@type":"PropertyValueSpecification","valueRequired":true,"valueName":"search_term_string"}}],"inLanguage":"pl-PL"}]}},"jetpack-related-posts":[{"id":1796,"url":"https:\/\/keybox.nl\/pl\/produkt\/keysafe-key-cabinet\/","url_meta":{"origin":1759,"position":0},"title":"Szafka na klucze Keysafe","author":"Elric Drost","date":"18 grudnia 2024","format":false,"excerpt":"Touchpoint PRO od Kidde 30\/60\/120 przycisk\u00f3w","rel":"","context":"Podobny wpis","block_context":{"text":"Podobny wpis","link":""},"img":{"alt_text":"","src":"https:\/\/i0.wp.com\/keybox.nl\/wp-content\/uploads\/2024\/12\/Keysafe-cabinet-30-Keybox-open-298x300.jpg?resize=350%2C200","width":350,"height":200},"classes":[]},{"id":1782,"url":"https:\/\/keybox.nl\/pl\/produkt\/keysafe-p500\/","url_meta":{"origin":1759,"position":1},"title":"Keysafe P500","author":"Elric Drost","date":"13 grudnia 2024","format":false,"excerpt":"Najbezpieczniejsza mini szafka na klucze na rynku.","rel":"","context":"Podobny wpis","block_context":{"text":"Podobny wpis","link":""},"img":{"alt_text":"","src":"https:\/\/i0.wp.com\/keybox.nl\/wp-content\/uploads\/2024\/12\/boite-a-cle-keysafe-pro-grand-format.jpg?resize=350%2C200&ssl=1","width":350,"height":200},"classes":[]},{"id":1346,"url":"https:\/\/keybox.nl\/pl\/produkt\/keysafe-big-pro-sleutelkluis\/","url_meta":{"origin":1759,"position":2},"title":"Sejf na klucze Keysafe Big Pro","author":"Keybox@beheermodule","date":"10 lutego 2023","format":false,"excerpt":"Sejf na klucze Keysafe Big Pro z zamkiem szyfrowym i pokryw\u0105 ochronn\u0105","rel":"","context":"Podobny wpis","block_context":{"text":"Podobny wpis","link":""},"img":{"alt_text":"Keysafe Big Pro","src":"https:\/\/i0.wp.com\/keybox.nl\/wp-content\/uploads\/2023\/02\/S7-Pro-Big-Box-Key-Safe.jpg?resize=350%2C200&ssl=1","width":350,"height":200,"srcset":"https:\/\/i0.wp.com\/keybox.nl\/wp-content\/uploads\/2023\/02\/S7-Pro-Big-Box-Key-Safe.jpg?resize=350%2C200&ssl=1 1x, https:\/\/i0.wp.com\/keybox.nl\/wp-content\/uploads\/2023\/02\/S7-Pro-Big-Box-Key-Safe.jpg?resize=525%2C300&ssl=1 1.5x, https:\/\/i0.wp.com\/keybox.nl\/wp-content\/uploads\/2023\/02\/S7-Pro-Big-Box-Key-Safe.jpg?resize=700%2C400&ssl=1 2x"},"classes":[]},{"id":1179,"url":"https:\/\/keybox.nl\/pl\/produkt\/keysafe-original\/","url_meta":{"origin":1759,"position":3},"title":"Keysafe Original","author":"Keybox@beheermodule","date":"9 grudnia 2022","format":false,"excerpt":"Keysafe Original na 5 kluczy Je\u015bli do wej\u015bcia do pomieszcze\u0144 potrzebnych jest kilka kluczy, du\u017ca pojemno\u015b\u0107 KeySafe\u2122 Original pozwala na przechowywanie ich wszystkich w jednym miejscu z przyjaznym dla u\u017cytkownika kodem dost\u0119pu. KeySafe Original mo\u017ce pomie\u015bci\u0107 wiele kluczy i jest wystarczaj\u0105co du\u017cy, aby pomie\u015bci\u0107 karty kluczy....","rel":"","context":"Podobny wpis","block_context":{"text":"Podobny wpis","link":""},"img":{"alt_text":"","src":"https:\/\/i0.wp.com\/keybox.nl\/wp-content\/uploads\/2022\/12\/Keysafe_Original_keybox_sleutelkluis.jpg?resize=350%2C200&ssl=1","width":350,"height":200,"srcset":"https:\/\/i0.wp.com\/keybox.nl\/wp-content\/uploads\/2022\/12\/Keysafe_Original_keybox_sleutelkluis.jpg?resize=350%2C200&ssl=1 1x, https:\/\/i0.wp.com\/keybox.nl\/wp-content\/uploads\/2022\/12\/Keysafe_Original_keybox_sleutelkluis.jpg?resize=525%2C300&ssl=1 1.5x, https:\/\/i0.wp.com\/keybox.nl\/wp-content\/uploads\/2022\/12\/Keysafe_Original_keybox_sleutelkluis.jpg?resize=700%2C400&ssl=1 2x"},"classes":[]},{"id":1812,"url":"https:\/\/keybox.nl\/pl\/produkt\/drs-vector-combi-keysafe\/","url_meta":{"origin":1759,"position":4},"title":"Sejf na klucze DRS Vector Combi","author":"Elric Drost","date":"21 stycznia 2025","format":false,"excerpt":"Idealny do zastosowa\u0144 profesjonalnych.","rel":"","context":"Podobny wpis","block_context":{"text":"Podobny wpis","link":""},"img":{"alt_text":"","src":"https:\/\/i0.wp.com\/keybox.nl\/wp-content\/uploads\/2025\/01\/DRS-Vector-Combi-Keysafe-keybox.jpg?resize=350%2C200&ssl=1","width":350,"height":200,"srcset":"https:\/\/i0.wp.com\/keybox.nl\/wp-content\/uploads\/2025\/01\/DRS-Vector-Combi-Keysafe-keybox.jpg?resize=350%2C200&ssl=1 1x, https:\/\/i0.wp.com\/keybox.nl\/wp-content\/uploads\/2025\/01\/DRS-Vector-Combi-Keysafe-keybox.jpg?resize=525%2C300&ssl=1 1.5x, https:\/\/i0.wp.com\/keybox.nl\/wp-content\/uploads\/2025\/01\/DRS-Vector-Combi-Keysafe-keybox.jpg?resize=700%2C400&ssl=1 2x, https:\/\/i0.wp.com\/keybox.nl\/wp-content\/uploads\/2025\/01\/DRS-Vector-Combi-Keysafe-keybox.jpg?resize=1050%2C600&ssl=1 3x"},"classes":[]},{"id":1171,"url":"https:\/\/keybox.nl\/pl\/produkt\/keysafe-slimline\/","url_meta":{"origin":1759,"position":5},"title":"Sejf na klucze Slimline","author":"Keybox@beheermodule","date":"9 grudnia 2022","format":false,"excerpt":"Sta\u0142y dost\u0119p dzi\u0119ki Keysafe Slimline","rel":"","context":"Podobny wpis","block_context":{"text":"Podobny wpis","link":""},"img":{"alt_text":"Keysafe Slim line","src":"https:\/\/i0.wp.com\/keybox.nl\/wp-content\/uploads\/2022\/12\/Keysafe_Slim_line_Keybox.jpeg?resize=350%2C200&ssl=1","width":350,"height":200,"srcset":"https:\/\/i0.wp.com\/keybox.nl\/wp-content\/uploads\/2022\/12\/Keysafe_Slim_line_Keybox.jpeg?resize=350%2C200&ssl=1 1x, https:\/\/i0.wp.com\/keybox.nl\/wp-content\/uploads\/2022\/12\/Keysafe_Slim_line_Keybox.jpeg?resize=525%2C300&ssl=1 1.5x, https:\/\/i0.wp.com\/keybox.nl\/wp-content\/uploads\/2022\/12\/Keysafe_Slim_line_Keybox.jpeg?resize=700%2C400&ssl=1 2x"},"classes":[]}],"jetpack_sharing_enabled":true,"_links":{"self":[{"href":"https:\/\/keybox.nl\/pl\/wp-json\/wp\/v2\/product\/1759","targetHints":{"allow":["GET"]}}],"collection":[{"href":"https:\/\/keybox.nl\/pl\/wp-json\/wp\/v2\/product"}],"about":[{"href":"https:\/\/keybox.nl\/pl\/wp-json\/wp\/v2\/types\/product"}],"replies":[{"embeddable":true,"href":"https:\/\/keybox.nl\/pl\/wp-json\/wp\/v2\/comments?post=1759"}],"wp:featuredmedia":[{"embeddable":true,"href":"https:\/\/keybox.nl\/pl\/wp-json\/wp\/v2\/media\/1764"}],"wp:attachment":[{"href":"https:\/\/keybox.nl\/pl\/wp-json\/wp\/v2\/media?parent=1759"}],"wp:term":[{"taxonomy":"product_brand","embeddable":true,"href":"https:\/\/keybox.nl\/pl\/wp-json\/wp\/v2\/product_brand?post=1759"},{"taxonomy":"product_cat","embeddable":true,"href":"https:\/\/keybox.nl\/pl\/wp-json\/wp\/v2\/product_cat?post=1759"},{"taxonomy":"product_tag","embeddable":true,"href":"https:\/\/keybox.nl\/pl\/wp-json\/wp\/v2\/product_tag?post=1759"}],"curies":[{"name":"wp","href":"https:\/\/api.w.org\/{rel}","templated":true}]}}