{"id":1745,"date":"2024-11-29T14:13:46","date_gmt":"2024-11-29T14:13:46","guid":{"rendered":"https:\/\/keybox.nl\/?post_type=product&#038;p=1745"},"modified":"2024-11-29T14:13:46","modified_gmt":"2024-11-29T14:13:46","slug":"digisafe-19-sleutelplaatsen","status":"publish","type":"product","link":"https:\/\/keybox.nl\/pl\/produkt\/digisafe-19-sleutelplaatsen\/","title":{"rendered":"Digisafe, 19 kluczowych lokalizacji"},"content":{"rendered":"<p>Najwi\u0119ksze pude\u0142ko na 19 kluczy, identyfikator\u00f3w lub kart chipowych. Wszystko bezpiecznie przechowywane w 1 bezpiecznym pude\u0142ku! Dost\u0119pne w dw\u00f3ch podstawowych kolorach i opcjonalnie we wszystkich kolorach RAL za dodatkow\u0105 op\u0142at\u0105.<\/p>\n<h4>Charakterystyka fizyczna<\/h4>\n<ul>\n<li>Kompaktowe etui zaprojektowane specjalnie do bezpiecznego przechowywania i wydawania kluczy, kart chipowych i identyfikator\u00f3w. Mo\u017ce pomie\u015bci\u0107 do 19 przedmiot\u00f3w o wadze do 160 g.<\/li>\n<li>Wymiary obudowy wynosz\u0105 420 x 420 x 135 mm na dole i 175 mm na g\u00f3rze.<\/li>\n<li>Grubo\u015b\u0107 \u015bcianki 2,5 mm, ocynkowana i pomalowana proszkowo dla dobrej odporno\u015bci na rdz\u0119.<\/li>\n<li>Zawiasy ze stali nierdzewnej zapewniaj\u0105 d\u0142ugotrwa\u0142\u0105 wytrzyma\u0142o\u015b\u0107.<\/li>\n<li>Wyposa\u017cony w bardzo du\u017c\u0105 przegrod\u0119 na klucze i karty.<\/li>\n<li>Zintegrowane gniazdo wej\u015bciowe 55 x 25 mm do \u0142atwego i bezpiecznego wk\u0142adania kluczy i kart.<\/li>\n<li>Dwa standardowe cylindry bezpiecze\u0144stwa z czterema do\u0142\u0105czonymi kluczami.<\/li>\n<li>Waga wraz z opakowaniem oko\u0142o 18,5 kg.<\/li>\n<\/ul>\n<h4>Cechy elektroniczne i funkcjonalne<\/h4>\n<ul>\n<li>Pod\u0142\u0105czenie elektryczne do 220V AC z poborem mocy 6W.<\/li>\n<li>Digisafes mo\u017cna opcjonalnie zarz\u0105dza\u0107 ONLINE za po\u015brednictwem komputera, laptopa, tabletu lub smartfona z dowolnego miejsca na \u015bwiecie. Oferuje to niesko\u0144czone mo\u017cliwo\u015bci dostosowywania i scenariuszy u\u017cytkowania, zapewniaj\u0105c, \u017ce zarz\u0105dzanie kluczami jest zawsze optymalnie dostosowane do Twoich potrzeb. W sprawie opcji i cen prosimy o kontakt <a href=\"https:\/\/keybox.nl\/pl\/contact\/\">kontakt<\/a> na Keybox <a href=\"https:\/\/keybox.nl\/pl\/contact\/\">do wyceny<\/a>!<\/li>\n<li>Pod\u015bwietlany wy\u015bwietlacz z 4\u00d720 znakami, odpowiedni do u\u017cytku przy s\u0142abym o\u015bwietleniu.<\/li>\n<li>Sterowanie klawiatur\u0105 z akustycznie regulowanym sprz\u0119\u017ceniem zwrotnym.<\/li>\n<li>Regulowane teksty powitalne i obs\u0142uga wieloj\u0119zycznej obs\u0142ugi w j\u0119zyku niemieckim, francuskim, w\u0142oskim lub angielskim.<\/li>\n<li>Dane pozostaj\u0105 zapisane nawet w przypadku awarii zasilania. Opcjonalnie dost\u0119pny jest akumulator 12 V, zapewniaj\u0105cy do 24 godzin ochrony przed awari\u0105 zasilania.<\/li>\n<\/ul>\n<h4>Funkcje operacyjne i bezpiecze\u0144stwa<\/h4>\n<ul>\n<li>Zintegrowane funkcje antykradzie\u017cowe dla maksymalnego bezpiecze\u0144stwa kluczy.<\/li>\n<li>Konstrukcja odporna na warunki atmosferyczne, zaprojektowana do pracy zar\u00f3wno w ekstremalnie niskich, jak i wysokich temperaturach.<\/li>\n<li>Pod\u015bwietlana taca wyj\u015bciowa zapewnia lepsz\u0105 widoczno\u015b\u0107 i \u0142atwo\u015b\u0107 obs\u0142ugi.<\/li>\n<li>Kod dost\u0119pu mo\u017cna zaprogramowa\u0107 od czterech do 10 znak\u00f3w, z opcjonalnymi czasami blokowania dla zwi\u0119kszenia bezpiecze\u0144stwa.<\/li>\n<\/ul>\n<h4>Opcje i regulacje kolor\u00f3w<\/h4>\n<ul>\n<li>Standardowe kolory dost\u0119pne w RAL 1015 jasna ko\u015b\u0107 s\u0142oniowa i RAL 5010 niebieski gencjanowy.<\/li>\n<li>Inne kolory RAL i opcje personalizacji dost\u0119pne za dodatkow\u0105 op\u0142at\u0105.<\/li>\n<\/ul>\n<p>Kontakt <a href=\"https:\/\/keybox.nl\/pl\/contact\/\">Keybox<\/a> w celu uzyskania dodatkowych informacji i wyceny. Zam\u00f3w sw\u00f3j bezpieczny system zarz\u0105dzania kluczami i kartami ju\u017c dzi\u015b na Keybox.pl, u specjalisty w dziedzinie rozwi\u0105za\u0144 do zarz\u0105dzania kluczami.<\/p>\n<p><img decoding=\"async\" class=\"alignnone wp-image-1726\" src=\"http:\/\/keybox.nl\/wp-content\/uploads\/2024\/11\/keybox-digibox_digiboxXLsleutelkast-300x111.jpg\" alt=\"\" width=\"578\" height=\"214\" srcset=\"https:\/\/keybox.nl\/wp-content\/uploads\/2024\/11\/keybox-digibox_digiboxXLsleutelkast-300x111.jpg 300w, https:\/\/keybox.nl\/wp-content\/uploads\/2024\/11\/keybox-digibox_digiboxXLsleutelkast-416x154.jpg 416w, https:\/\/keybox.nl\/wp-content\/uploads\/2024\/11\/keybox-digibox_digiboxXLsleutelkast-768x284.jpg 768w, https:\/\/keybox.nl\/wp-content\/uploads\/2024\/11\/keybox-digibox_digiboxXLsleutelkast-18x7.jpg 18w, https:\/\/keybox.nl\/wp-content\/uploads\/2024\/11\/keybox-digibox_digiboxXLsleutelkast.jpg 1024w\" sizes=\"(max-width: 578px) 100vw, 578px\" \/><\/p>","protected":false},"excerpt":{"rendered":"<p>Najwi\u0119ksza skrzynka cyfrowa na 19 kluczy, identyfikator\u00f3w lub kart chipowych.<\/p>","protected":false},"featured_media":1753,"comment_status":"open","ping_status":"closed","template":"","meta":[],"product_brand":[],"product_cat":[57],"product_tag":[76],"class_list":{"0":"post-1745","1":"product","2":"type-product","3":"status-publish","4":"has-post-thumbnail","6":"product_cat-digibox-sleuteluitgifte","7":"product_tag-digibox-groot","9":"first","10":"instock","11":"taxable","12":"shipping-taxable","13":"purchasable","14":"product-type-variable","15":"has-default-attributes"},"yoast_head":"<!-- This site is optimized with the Yoast SEO plugin v27.4 - https:\/\/yoast.com\/product\/yoast-seo-wordpress\/ -->\n<title>Digisafe, 19 sleutelplaatsen -<\/title>\n<meta name=\"robots\" content=\"index, follow, max-snippet:-1, max-image-preview:large, max-video-preview:-1\" \/>\n<link rel=\"canonical\" href=\"https:\/\/keybox.nl\/pl\/produkt\/digisafe-19-sleutelplaatsen\/\" \/>\n<meta property=\"og:locale\" content=\"pl_PL\" \/>\n<meta property=\"og:type\" content=\"article\" \/>\n<meta property=\"og:title\" content=\"Digisafe, 19 sleutelplaatsen -\" \/>\n<meta property=\"og:description\" content=\"De grootste digibox voor 19 sleutels, tags\u00a0 of chipkaarten.\" \/>\n<meta property=\"og:url\" content=\"https:\/\/keybox.nl\/pl\/produkt\/digisafe-19-sleutelplaatsen\/\" \/>\n<meta property=\"og:image\" content=\"http:\/\/keybox.nl\/wp-content\/uploads\/2024\/11\/digisafe-RAL-1015-keybox.jpg\" \/>\n\t<meta property=\"og:image:width\" content=\"800\" \/>\n\t<meta property=\"og:image:height\" content=\"882\" \/>\n\t<meta property=\"og:image:type\" content=\"image\/jpeg\" \/>\n<meta name=\"twitter:card\" content=\"summary_large_image\" \/>\n<meta name=\"twitter:label1\" content=\"Szacowany czas czytania\" \/>\n\t<meta name=\"twitter:data1\" content=\"3 minuty\" \/>\n<script type=\"application\/ld+json\" class=\"yoast-schema-graph\">{\"@context\":\"https:\\\/\\\/schema.org\",\"@graph\":[{\"@type\":\"WebPage\",\"@id\":\"https:\\\/\\\/keybox.nl\\\/product\\\/digisafe-19-sleutelplaatsen\\\/\",\"url\":\"https:\\\/\\\/keybox.nl\\\/product\\\/digisafe-19-sleutelplaatsen\\\/\",\"name\":\"Digisafe, 19 sleutelplaatsen -\",\"isPartOf\":{\"@id\":\"https:\\\/\\\/keybox.nl\\\/#website\"},\"primaryImageOfPage\":{\"@id\":\"https:\\\/\\\/keybox.nl\\\/product\\\/digisafe-19-sleutelplaatsen\\\/#primaryimage\"},\"image\":{\"@id\":\"https:\\\/\\\/keybox.nl\\\/product\\\/digisafe-19-sleutelplaatsen\\\/#primaryimage\"},\"thumbnailUrl\":\"https:\\\/\\\/keybox.nl\\\/wp-content\\\/uploads\\\/2024\\\/11\\\/digisafe-RAL-1015-keybox.jpg\",\"datePublished\":\"2024-11-29T14:13:46+00:00\",\"breadcrumb\":{\"@id\":\"https:\\\/\\\/keybox.nl\\\/product\\\/digisafe-19-sleutelplaatsen\\\/#breadcrumb\"},\"inLanguage\":\"pl-PL\",\"potentialAction\":[{\"@type\":\"ReadAction\",\"target\":[\"https:\\\/\\\/keybox.nl\\\/product\\\/digisafe-19-sleutelplaatsen\\\/\"]}]},{\"@type\":\"ImageObject\",\"inLanguage\":\"pl-PL\",\"@id\":\"https:\\\/\\\/keybox.nl\\\/product\\\/digisafe-19-sleutelplaatsen\\\/#primaryimage\",\"url\":\"https:\\\/\\\/keybox.nl\\\/wp-content\\\/uploads\\\/2024\\\/11\\\/digisafe-RAL-1015-keybox.jpg\",\"contentUrl\":\"https:\\\/\\\/keybox.nl\\\/wp-content\\\/uploads\\\/2024\\\/11\\\/digisafe-RAL-1015-keybox.jpg\",\"width\":800,\"height\":882},{\"@type\":\"BreadcrumbList\",\"@id\":\"https:\\\/\\\/keybox.nl\\\/product\\\/digisafe-19-sleutelplaatsen\\\/#breadcrumb\",\"itemListElement\":[{\"@type\":\"ListItem\",\"position\":1,\"name\":\"Home\",\"item\":\"https:\\\/\\\/keybox.nl\\\/\"},{\"@type\":\"ListItem\",\"position\":2,\"name\":\"Beveiligde sleutelkastjes kopen\",\"item\":\"https:\\\/\\\/keybox.nl\\\/\"},{\"@type\":\"ListItem\",\"position\":3,\"name\":\"Digisafe, 19 sleutelplaatsen\"}]},{\"@type\":\"WebSite\",\"@id\":\"https:\\\/\\\/keybox.nl\\\/#website\",\"url\":\"https:\\\/\\\/keybox.nl\\\/\",\"name\":\"\",\"description\":\"\",\"potentialAction\":[{\"@type\":\"SearchAction\",\"target\":{\"@type\":\"EntryPoint\",\"urlTemplate\":\"https:\\\/\\\/keybox.nl\\\/?s={search_term_string}\"},\"query-input\":{\"@type\":\"PropertyValueSpecification\",\"valueRequired\":true,\"valueName\":\"search_term_string\"}}],\"inLanguage\":\"pl-PL\"}]}<\/script>\n<!-- \/ Yoast SEO plugin. -->","yoast_head_json":{"title":"Digisafe, 19 kluczowych miejsc -","robots":{"index":"index","follow":"follow","max-snippet":"max-snippet:-1","max-image-preview":"max-image-preview:large","max-video-preview":"max-video-preview:-1"},"canonical":"https:\/\/keybox.nl\/pl\/produkt\/digisafe-19-sleutelplaatsen\/","og_locale":"pl_PL","og_type":"article","og_title":"Digisafe, 19 sleutelplaatsen -","og_description":"De grootste digibox voor 19 sleutels, tags\u00a0 of chipkaarten.","og_url":"https:\/\/keybox.nl\/pl\/produkt\/digisafe-19-sleutelplaatsen\/","og_image":[{"width":800,"height":882,"url":"http:\/\/keybox.nl\/wp-content\/uploads\/2024\/11\/digisafe-RAL-1015-keybox.jpg","type":"image\/jpeg"}],"twitter_card":"summary_large_image","twitter_misc":{"Szacowany czas czytania":"3 minuty"},"schema":{"@context":"https:\/\/schema.org","@graph":[{"@type":"WebPage","@id":"https:\/\/keybox.nl\/product\/digisafe-19-sleutelplaatsen\/","url":"https:\/\/keybox.nl\/product\/digisafe-19-sleutelplaatsen\/","name":"Digisafe, 19 kluczowych miejsc -","isPartOf":{"@id":"https:\/\/keybox.nl\/#website"},"primaryImageOfPage":{"@id":"https:\/\/keybox.nl\/product\/digisafe-19-sleutelplaatsen\/#primaryimage"},"image":{"@id":"https:\/\/keybox.nl\/product\/digisafe-19-sleutelplaatsen\/#primaryimage"},"thumbnailUrl":"https:\/\/keybox.nl\/wp-content\/uploads\/2024\/11\/digisafe-RAL-1015-keybox.jpg","datePublished":"2024-11-29T14:13:46+00:00","breadcrumb":{"@id":"https:\/\/keybox.nl\/product\/digisafe-19-sleutelplaatsen\/#breadcrumb"},"inLanguage":"pl-PL","potentialAction":[{"@type":"ReadAction","target":["https:\/\/keybox.nl\/product\/digisafe-19-sleutelplaatsen\/"]}]},{"@type":"ImageObject","inLanguage":"pl-PL","@id":"https:\/\/keybox.nl\/product\/digisafe-19-sleutelplaatsen\/#primaryimage","url":"https:\/\/keybox.nl\/wp-content\/uploads\/2024\/11\/digisafe-RAL-1015-keybox.jpg","contentUrl":"https:\/\/keybox.nl\/wp-content\/uploads\/2024\/11\/digisafe-RAL-1015-keybox.jpg","width":800,"height":882},{"@type":"BreadcrumbList","@id":"https:\/\/keybox.nl\/product\/digisafe-19-sleutelplaatsen\/#breadcrumb","itemListElement":[{"@type":"ListItem","position":1,"name":"Home","item":"https:\/\/keybox.nl\/"},{"@type":"ListItem","position":2,"name":"Beveiligde sleutelkastjes kopen","item":"https:\/\/keybox.nl\/"},{"@type":"ListItem","position":3,"name":"Digisafe, 19 sleutelplaatsen"}]},{"@type":"WebSite","@id":"https:\/\/keybox.nl\/#website","url":"https:\/\/keybox.nl\/","name":"","description":"","potentialAction":[{"@type":"SearchAction","target":{"@type":"EntryPoint","urlTemplate":"https:\/\/keybox.nl\/?s={search_term_string}"},"query-input":{"@type":"PropertyValueSpecification","valueRequired":true,"valueName":"search_term_string"}}],"inLanguage":"pl-PL"}]}},"jetpack-related-posts":[{"id":1754,"url":"https:\/\/keybox.nl\/pl\/produkt\/in-box-digibox\/","url_meta":{"origin":1745,"position":0},"title":"Wbudowane urz\u0105dzenie Digibox","author":"Elric Drost","date":"29 listopada 2024","format":false,"excerpt":"Pojemna, bezpieczna skrzynka na klucze lub koperty.","rel":"","context":"Podobny wpis","block_context":{"text":"Podobny wpis","link":""},"img":{"alt_text":"","src":"https:\/\/i0.wp.com\/keybox.nl\/wp-content\/uploads\/2024\/11\/in-box-digibox-keybox2021blauw.jpg?resize=350%2C200&ssl=1","width":350,"height":200,"srcset":"https:\/\/i0.wp.com\/keybox.nl\/wp-content\/uploads\/2024\/11\/in-box-digibox-keybox2021blauw.jpg?resize=350%2C200&ssl=1 1x, https:\/\/i0.wp.com\/keybox.nl\/wp-content\/uploads\/2024\/11\/in-box-digibox-keybox2021blauw.jpg?resize=525%2C300&ssl=1 1.5x, https:\/\/i0.wp.com\/keybox.nl\/wp-content\/uploads\/2024\/11\/in-box-digibox-keybox2021blauw.jpg?resize=700%2C400&ssl=1 2x"},"classes":[]},{"id":1690,"url":"https:\/\/keybox.nl\/pl\/produkt\/digibox-xl-7-sleutelhaken\/","url_meta":{"origin":1745,"position":1},"title":"Digibox XL 7 zaczep\u00f3w na klucze","author":"Keybox@beheermodule","date":"2 listopada 2024","format":false,"excerpt":"Wyj\u0105tkowo przestronny Digibox XL","rel":"","context":"Podobny wpis","block_context":{"text":"Podobny wpis","link":""},"img":{"alt_text":"main","src":"https:\/\/i0.wp.com\/keybox.nl\/wp-content\/uploads\/2024\/03\/keybox-sho61f00882f1913_digiboxXLRAL5010.jpg?resize=350%2C200&ssl=1","width":350,"height":200,"srcset":"https:\/\/i0.wp.com\/keybox.nl\/wp-content\/uploads\/2024\/03\/keybox-sho61f00882f1913_digiboxXLRAL5010.jpg?resize=350%2C200&ssl=1 1x, https:\/\/i0.wp.com\/keybox.nl\/wp-content\/uploads\/2024\/03\/keybox-sho61f00882f1913_digiboxXLRAL5010.jpg?resize=525%2C300&ssl=1 1.5x, https:\/\/i0.wp.com\/keybox.nl\/wp-content\/uploads\/2024\/03\/keybox-sho61f00882f1913_digiboxXLRAL5010.jpg?resize=700%2C400&ssl=1 2x"},"classes":[]},{"id":297,"url":"https:\/\/keybox.nl\/pl\/produkt\/digibox-7-sleutelhaken\/","url_meta":{"origin":1745,"position":2},"title":"Haki na klucze Digibox 7","author":"Keybox@beheermodule","date":"18 lutego 2022","format":false,"excerpt":"Bezpieczne zarz\u0105dzanie kluczami dzi\u0119ki 7 pozycjom kluczy.","rel":"","context":"Podobny wpis","block_context":{"text":"Podobny wpis","link":""},"img":{"alt_text":"","src":"https:\/\/i0.wp.com\/keybox.nl\/wp-content\/uploads\/2022\/02\/Digibox-7-haken-Keybox-e1645195424393.jpg?resize=350%2C200&ssl=1","width":350,"height":200},"classes":[]},{"id":1812,"url":"https:\/\/keybox.nl\/pl\/produkt\/drs-vector-combi-keysafe\/","url_meta":{"origin":1745,"position":3},"title":"Sejf na klucze DRS Vector Combi","author":"Elric Drost","date":"21 stycznia 2025","format":false,"excerpt":"Idealny do zastosowa\u0144 profesjonalnych.","rel":"","context":"Podobny wpis","block_context":{"text":"Podobny wpis","link":""},"img":{"alt_text":"","src":"https:\/\/i0.wp.com\/keybox.nl\/wp-content\/uploads\/2025\/01\/DRS-Vector-Combi-Keysafe-keybox.jpg?resize=350%2C200&ssl=1","width":350,"height":200,"srcset":"https:\/\/i0.wp.com\/keybox.nl\/wp-content\/uploads\/2025\/01\/DRS-Vector-Combi-Keysafe-keybox.jpg?resize=350%2C200&ssl=1 1x, https:\/\/i0.wp.com\/keybox.nl\/wp-content\/uploads\/2025\/01\/DRS-Vector-Combi-Keysafe-keybox.jpg?resize=525%2C300&ssl=1 1.5x, https:\/\/i0.wp.com\/keybox.nl\/wp-content\/uploads\/2025\/01\/DRS-Vector-Combi-Keysafe-keybox.jpg?resize=700%2C400&ssl=1 2x, https:\/\/i0.wp.com\/keybox.nl\/wp-content\/uploads\/2025\/01\/DRS-Vector-Combi-Keysafe-keybox.jpg?resize=1050%2C600&ssl=1 3x"},"classes":[]},{"id":1782,"url":"https:\/\/keybox.nl\/pl\/produkt\/keysafe-p500\/","url_meta":{"origin":1745,"position":4},"title":"Keysafe P500","author":"Elric Drost","date":"13 grudnia 2024","format":false,"excerpt":"Najbezpieczniejsza mini szafka na klucze na rynku.","rel":"","context":"Podobny wpis","block_context":{"text":"Podobny wpis","link":""},"img":{"alt_text":"","src":"https:\/\/i0.wp.com\/keybox.nl\/wp-content\/uploads\/2024\/12\/boite-a-cle-keysafe-pro-grand-format.jpg?resize=350%2C200&ssl=1","width":350,"height":200},"classes":[]},{"id":36,"url":"https:\/\/keybox.nl\/pl\/produkt\/ksb101-ksb102-sleutelkluis\/","url_meta":{"origin":1745,"position":5},"title":"Sejf na klucze KSB101, sejf na klucze KSB102","author":"Keybox@beheermodule","date":"30 listopada 2021","format":false,"excerpt":"Sejf na klucze KSB101 i KSB102 Jeden sejf w dw\u00f3ch wersjach: ko\u0142o depozytowe lewe lub prawe","rel":"","context":"Z 1 komentarzem","block_context":{"text":"Z 1 komentarzem","link":"https:\/\/keybox.nl\/pl\/produkt\/ksb101-ksb102-sleutelkluis\/#comments"},"img":{"alt_text":"","src":"https:\/\/i0.wp.com\/keybox.nl\/wp-content\/uploads\/2021\/11\/KSB_101_3-scaled-e1638352491754.jpg?resize=350%2C200&ssl=1","width":350,"height":200},"classes":[]}],"jetpack_sharing_enabled":true,"_links":{"self":[{"href":"https:\/\/keybox.nl\/pl\/wp-json\/wp\/v2\/product\/1745","targetHints":{"allow":["GET"]}}],"collection":[{"href":"https:\/\/keybox.nl\/pl\/wp-json\/wp\/v2\/product"}],"about":[{"href":"https:\/\/keybox.nl\/pl\/wp-json\/wp\/v2\/types\/product"}],"replies":[{"embeddable":true,"href":"https:\/\/keybox.nl\/pl\/wp-json\/wp\/v2\/comments?post=1745"}],"wp:featuredmedia":[{"embeddable":true,"href":"https:\/\/keybox.nl\/pl\/wp-json\/wp\/v2\/media\/1753"}],"wp:attachment":[{"href":"https:\/\/keybox.nl\/pl\/wp-json\/wp\/v2\/media?parent=1745"}],"wp:term":[{"taxonomy":"product_brand","embeddable":true,"href":"https:\/\/keybox.nl\/pl\/wp-json\/wp\/v2\/product_brand?post=1745"},{"taxonomy":"product_cat","embeddable":true,"href":"https:\/\/keybox.nl\/pl\/wp-json\/wp\/v2\/product_cat?post=1745"},{"taxonomy":"product_tag","embeddable":true,"href":"https:\/\/keybox.nl\/pl\/wp-json\/wp\/v2\/product_tag?post=1745"}],"curies":[{"name":"wp","href":"https:\/\/api.w.org\/{rel}","templated":true}]}}