{"id":1690,"date":"2024-11-02T13:48:49","date_gmt":"2024-11-02T13:48:49","guid":{"rendered":"https:\/\/keybox.nl\/?post_type=product&#038;p=1690"},"modified":"2025-04-17T07:11:53","modified_gmt":"2025-04-17T07:11:53","slug":"digibox-xl-7-sleutelhaken","status":"publish","type":"product","link":"https:\/\/keybox.nl\/pl\/produkt\/digibox-xl-7-sleutelhaken\/","title":{"rendered":"Digibox XL 7 zaczep\u00f3w na klucze"},"content":{"rendered":"<h4>Digibox XL 7 zaczep\u00f3w na klucze<\/h4>\n<p>Wariant XL na <a href=\"https:\/\/keybox.nl\/pl\/produkt\/digibox-7-sleutelhaken\/\">Digibox 7<\/a> Nadaje si\u0119 do kluczy z du\u017cymi brelokami. Poniewa\u017c XL jest nieco bardziej pojemna, zajmuje nieco wi\u0119cej miejsca (35x35x14 cm). Szafk\u0119 mo\u017cna zam\u00f3wi\u0107 w kolorze jasnej ko\u015bci s\u0142oniowej, b\u0142\u0119kitu gencjany lub opcjonalnie w dowolnym kolorze z palety RAL za dodatkow\u0105 op\u0142at\u0105.<\/p>\n<h4>Charakterystyka fizyczna<\/h4>\n<ul>\n<li>Trwa\u0142a, odporna na warunki atmosferyczne obudowa o grubo\u015bci \u015bcianki 2,5 mm, ocynkowana i malowana proszkowo w celu zapewnienia odporno\u015bci na rdz\u0119.<\/li>\n<li>Zawiasy ze stali nierdzewnej zapewniaj\u0105 dodatkow\u0105 trwa\u0142o\u015b\u0107.<\/li>\n<li>Nadaje si\u0119 do 7 kart lub du\u017cych brelok\u00f3w (mniej ni\u017c 160 g ka\u017cdy).<\/li>\n<li>Standardowy cylinder bezpiecze\u0144stwa z dwoma do\u0142\u0105czonymi kluczami.<\/li>\n<li>Zintegrowane gniazdo kart 55 x 25 mm do bezpiecznego przechowywania kart\/kluczy.<\/li>\n<li>Oko\u0142o 15 kg (\u0142\u0105cznie z opakowaniem).<\/li>\n<\/ul>\n<h4>Cechy elektroniczne i funkcjonalne<\/h4>\n<ul>\n<li>Dzia\u0142a na 12V DC \/ 3W (zasilacz w zestawie).<\/li>\n<li>Pod\u015bwietlany wy\u015bwietlacz z 2\u00d716 znakami dla \u0142atwego odczytu przy s\u0142abym o\u015bwietleniu.<\/li>\n<li>Klawiatura z akustycznie regulowanym sprz\u0119\u017ceniem zwrotnym i pod\u015bwietlan\u0105 tac\u0105 wyj\u015bciow\u0105.<\/li>\n<li>Programowalne kody od 4 do 10 znak\u00f3w z opcjonalnymi czasami blokowania i obs\u0142ug\u0105 wielu j\u0119zyk\u00f3w (niemiecki, francuski, w\u0142oski i angielski).<\/li>\n<li>Kody pozostaj\u0105 zapisane nawet w przypadku awarii zasilania przy u\u017cyciu pami\u0119ci wewn\u0119trznej.<\/li>\n<li>Opcja za dodatkow\u0105 op\u0142at\u0105 dla wbudowanego akumulatora do normalnej pracy podczas awarii zasilania.<\/li>\n<\/ul>\n<h4>Funkcje operacyjne i bezpiecze\u0144stwa<\/h4>\n<ul>\n<li>Zintegrowane funkcje antykradzie\u017cowe.<\/li>\n<li>Zaprojektowany z my\u015bl\u0105 o wytrzyma\u0142o\u015bci w ekstremalnych temperaturach, wodoodporny i odporny na warunki atmosferyczne.<\/li>\n<li>Sejfami na klucze Digibox 7 XL mo\u017cna opcjonalnie zarz\u0105dza\u0107 ONLINE za po\u015brednictwem komputera, laptopa, tabletu lub smartfona z dowolnego miejsca na \u015bwiecie. Daje to niesko\u0144czone mo\u017cliwo\u015bci dostosowywania i scenariuszy u\u017cytkowania, dzi\u0119ki czemu zarz\u0105dzanie kluczami jest zawsze optymalnie dostosowane do Twoich potrzeb. W sprawie opcji i cen prosimy o kontakt <a href=\"https:\/\/keybox.nl\/pl\/contact\/\">kontakt<\/a> na Keybox <a href=\"https:\/\/keybox.nl\/pl\/contact\/\">do wyceny<\/a>!<\/li>\n<\/ul>\n<p>Zam\u00f3w Digibox bezpo\u015brednio od Keybox.pl, Twojego specjalisty od skrzynek na klucze!<\/p>\n<p><img decoding=\"async\" class=\"alignnone wp-image-1726\" src=\"http:\/\/keybox.nl\/wp-content\/uploads\/2024\/11\/keybox-digibox_digiboxXLsleutelkast-300x111.jpg\" alt=\"\" width=\"578\" height=\"214\" srcset=\"https:\/\/keybox.nl\/wp-content\/uploads\/2024\/11\/keybox-digibox_digiboxXLsleutelkast-300x111.jpg 300w, https:\/\/keybox.nl\/wp-content\/uploads\/2024\/11\/keybox-digibox_digiboxXLsleutelkast-416x154.jpg 416w, https:\/\/keybox.nl\/wp-content\/uploads\/2024\/11\/keybox-digibox_digiboxXLsleutelkast-768x284.jpg 768w, https:\/\/keybox.nl\/wp-content\/uploads\/2024\/11\/keybox-digibox_digiboxXLsleutelkast-18x7.jpg 18w, https:\/\/keybox.nl\/wp-content\/uploads\/2024\/11\/keybox-digibox_digiboxXLsleutelkast.jpg 1024w\" sizes=\"(max-width: 578px) 100vw, 578px\" \/><\/p>","protected":false},"excerpt":{"rendered":"<p>Wyj\u0105tkowo przestronny Digibox XL<\/p>","protected":false},"featured_media":1718,"comment_status":"open","ping_status":"closed","template":"","meta":[],"product_brand":[],"product_cat":[57],"product_tag":[76,78],"class_list":{"0":"post-1690","1":"product","2":"type-product","3":"status-publish","4":"has-post-thumbnail","6":"product_cat-digibox-sleuteluitgifte","7":"product_tag-digibox-groot","8":"product_tag-digitaal-sleutelbeheersysteem","10":"first","11":"instock","12":"taxable","13":"shipping-taxable","14":"purchasable","15":"product-type-variable","16":"has-default-attributes"},"yoast_head":"<!-- This site is optimized with the Yoast SEO plugin v27.4 - https:\/\/yoast.com\/product\/yoast-seo-wordpress\/ -->\n<title>Digibox XL 7 sleutelhaken -<\/title>\n<meta name=\"robots\" content=\"index, follow, max-snippet:-1, max-image-preview:large, max-video-preview:-1\" \/>\n<link rel=\"canonical\" href=\"https:\/\/keybox.nl\/pl\/produkt\/digibox-xl-7-sleutelhaken\/\" \/>\n<meta property=\"og:locale\" content=\"pl_PL\" \/>\n<meta property=\"og:type\" content=\"article\" \/>\n<meta property=\"og:title\" content=\"Digibox XL 7 sleutelhaken -\" \/>\n<meta property=\"og:description\" content=\"Extra ruime Digibox XL\" \/>\n<meta property=\"og:url\" content=\"https:\/\/keybox.nl\/pl\/produkt\/digibox-xl-7-sleutelhaken\/\" \/>\n<meta property=\"article:modified_time\" content=\"2025-04-17T07:11:53+00:00\" \/>\n<meta property=\"og:image\" content=\"http:\/\/keybox.nl\/wp-content\/uploads\/2024\/03\/keybox-sho61f00882f1913_digiboxXLRAL5010.jpg\" \/>\n\t<meta property=\"og:image:width\" content=\"800\" \/>\n\t<meta property=\"og:image:height\" content=\"854\" \/>\n\t<meta property=\"og:image:type\" content=\"image\/jpeg\" \/>\n<meta name=\"twitter:card\" content=\"summary_large_image\" \/>\n<meta name=\"twitter:label1\" content=\"Szacowany czas czytania\" \/>\n\t<meta name=\"twitter:data1\" content=\"2 minuty\" \/>\n<script type=\"application\/ld+json\" class=\"yoast-schema-graph\">{\"@context\":\"https:\\\/\\\/schema.org\",\"@graph\":[{\"@type\":\"WebPage\",\"@id\":\"https:\\\/\\\/keybox.nl\\\/product\\\/digibox-xl-7-sleutelhaken\\\/\",\"url\":\"https:\\\/\\\/keybox.nl\\\/product\\\/digibox-xl-7-sleutelhaken\\\/\",\"name\":\"Digibox XL 7 sleutelhaken -\",\"isPartOf\":{\"@id\":\"https:\\\/\\\/keybox.nl\\\/#website\"},\"primaryImageOfPage\":{\"@id\":\"https:\\\/\\\/keybox.nl\\\/product\\\/digibox-xl-7-sleutelhaken\\\/#primaryimage\"},\"image\":{\"@id\":\"https:\\\/\\\/keybox.nl\\\/product\\\/digibox-xl-7-sleutelhaken\\\/#primaryimage\"},\"thumbnailUrl\":\"https:\\\/\\\/keybox.nl\\\/wp-content\\\/uploads\\\/2024\\\/03\\\/keybox-sho61f00882f1913_digiboxXLRAL5010.jpg\",\"datePublished\":\"2024-11-02T13:48:49+00:00\",\"dateModified\":\"2025-04-17T07:11:53+00:00\",\"breadcrumb\":{\"@id\":\"https:\\\/\\\/keybox.nl\\\/product\\\/digibox-xl-7-sleutelhaken\\\/#breadcrumb\"},\"inLanguage\":\"pl-PL\",\"potentialAction\":[{\"@type\":\"ReadAction\",\"target\":[\"https:\\\/\\\/keybox.nl\\\/product\\\/digibox-xl-7-sleutelhaken\\\/\"]}]},{\"@type\":\"ImageObject\",\"inLanguage\":\"pl-PL\",\"@id\":\"https:\\\/\\\/keybox.nl\\\/product\\\/digibox-xl-7-sleutelhaken\\\/#primaryimage\",\"url\":\"https:\\\/\\\/keybox.nl\\\/wp-content\\\/uploads\\\/2024\\\/03\\\/keybox-sho61f00882f1913_digiboxXLRAL5010.jpg\",\"contentUrl\":\"https:\\\/\\\/keybox.nl\\\/wp-content\\\/uploads\\\/2024\\\/03\\\/keybox-sho61f00882f1913_digiboxXLRAL5010.jpg\",\"width\":800,\"height\":854,\"caption\":\"main\"},{\"@type\":\"BreadcrumbList\",\"@id\":\"https:\\\/\\\/keybox.nl\\\/product\\\/digibox-xl-7-sleutelhaken\\\/#breadcrumb\",\"itemListElement\":[{\"@type\":\"ListItem\",\"position\":1,\"name\":\"Home\",\"item\":\"https:\\\/\\\/keybox.nl\\\/\"},{\"@type\":\"ListItem\",\"position\":2,\"name\":\"Beveiligde sleutelkastjes kopen\",\"item\":\"https:\\\/\\\/keybox.nl\\\/\"},{\"@type\":\"ListItem\",\"position\":3,\"name\":\"Digibox XL 7 sleutelhaken\"}]},{\"@type\":\"WebSite\",\"@id\":\"https:\\\/\\\/keybox.nl\\\/#website\",\"url\":\"https:\\\/\\\/keybox.nl\\\/\",\"name\":\"\",\"description\":\"\",\"potentialAction\":[{\"@type\":\"SearchAction\",\"target\":{\"@type\":\"EntryPoint\",\"urlTemplate\":\"https:\\\/\\\/keybox.nl\\\/?s={search_term_string}\"},\"query-input\":{\"@type\":\"PropertyValueSpecification\",\"valueRequired\":true,\"valueName\":\"search_term_string\"}}],\"inLanguage\":\"pl-PL\"}]}<\/script>\n<!-- \/ Yoast SEO plugin. -->","yoast_head_json":{"title":"Digibox XL 7 zaczep\u00f3w na klucze -","robots":{"index":"index","follow":"follow","max-snippet":"max-snippet:-1","max-image-preview":"max-image-preview:large","max-video-preview":"max-video-preview:-1"},"canonical":"https:\/\/keybox.nl\/pl\/produkt\/digibox-xl-7-sleutelhaken\/","og_locale":"pl_PL","og_type":"article","og_title":"Digibox XL 7 sleutelhaken -","og_description":"Extra ruime Digibox XL","og_url":"https:\/\/keybox.nl\/pl\/produkt\/digibox-xl-7-sleutelhaken\/","article_modified_time":"2025-04-17T07:11:53+00:00","og_image":[{"width":800,"height":854,"url":"http:\/\/keybox.nl\/wp-content\/uploads\/2024\/03\/keybox-sho61f00882f1913_digiboxXLRAL5010.jpg","type":"image\/jpeg"}],"twitter_card":"summary_large_image","twitter_misc":{"Szacowany czas czytania":"2 minuty"},"schema":{"@context":"https:\/\/schema.org","@graph":[{"@type":"WebPage","@id":"https:\/\/keybox.nl\/product\/digibox-xl-7-sleutelhaken\/","url":"https:\/\/keybox.nl\/product\/digibox-xl-7-sleutelhaken\/","name":"Digibox XL 7 zaczep\u00f3w na klucze -","isPartOf":{"@id":"https:\/\/keybox.nl\/#website"},"primaryImageOfPage":{"@id":"https:\/\/keybox.nl\/product\/digibox-xl-7-sleutelhaken\/#primaryimage"},"image":{"@id":"https:\/\/keybox.nl\/product\/digibox-xl-7-sleutelhaken\/#primaryimage"},"thumbnailUrl":"https:\/\/keybox.nl\/wp-content\/uploads\/2024\/03\/keybox-sho61f00882f1913_digiboxXLRAL5010.jpg","datePublished":"2024-11-02T13:48:49+00:00","dateModified":"2025-04-17T07:11:53+00:00","breadcrumb":{"@id":"https:\/\/keybox.nl\/product\/digibox-xl-7-sleutelhaken\/#breadcrumb"},"inLanguage":"pl-PL","potentialAction":[{"@type":"ReadAction","target":["https:\/\/keybox.nl\/product\/digibox-xl-7-sleutelhaken\/"]}]},{"@type":"ImageObject","inLanguage":"pl-PL","@id":"https:\/\/keybox.nl\/product\/digibox-xl-7-sleutelhaken\/#primaryimage","url":"https:\/\/keybox.nl\/wp-content\/uploads\/2024\/03\/keybox-sho61f00882f1913_digiboxXLRAL5010.jpg","contentUrl":"https:\/\/keybox.nl\/wp-content\/uploads\/2024\/03\/keybox-sho61f00882f1913_digiboxXLRAL5010.jpg","width":800,"height":854,"caption":"main"},{"@type":"BreadcrumbList","@id":"https:\/\/keybox.nl\/product\/digibox-xl-7-sleutelhaken\/#breadcrumb","itemListElement":[{"@type":"ListItem","position":1,"name":"Home","item":"https:\/\/keybox.nl\/"},{"@type":"ListItem","position":2,"name":"Beveiligde sleutelkastjes kopen","item":"https:\/\/keybox.nl\/"},{"@type":"ListItem","position":3,"name":"Digibox XL 7 sleutelhaken"}]},{"@type":"WebSite","@id":"https:\/\/keybox.nl\/#website","url":"https:\/\/keybox.nl\/","name":"","description":"","potentialAction":[{"@type":"SearchAction","target":{"@type":"EntryPoint","urlTemplate":"https:\/\/keybox.nl\/?s={search_term_string}"},"query-input":{"@type":"PropertyValueSpecification","valueRequired":true,"valueName":"search_term_string"}}],"inLanguage":"pl-PL"}]}},"jetpack-related-posts":[{"id":1745,"url":"https:\/\/keybox.nl\/pl\/produkt\/digisafe-19-sleutelplaatsen\/","url_meta":{"origin":1690,"position":0},"title":"Digisafe, 19 kluczowych lokalizacji","author":"Elric Drost","date":"29 listopada 2024","format":false,"excerpt":"Najwi\u0119ksza skrzynka cyfrowa na 19 kluczy, identyfikator\u00f3w lub kart chipowych.","rel":"","context":"Podobny wpis","block_context":{"text":"Podobny wpis","link":""},"img":{"alt_text":"","src":"https:\/\/i0.wp.com\/keybox.nl\/wp-content\/uploads\/2024\/11\/digisafe-RAL-1015-keybox.jpg?resize=350%2C200&ssl=1","width":350,"height":200,"srcset":"https:\/\/i0.wp.com\/keybox.nl\/wp-content\/uploads\/2024\/11\/digisafe-RAL-1015-keybox.jpg?resize=350%2C200&ssl=1 1x, https:\/\/i0.wp.com\/keybox.nl\/wp-content\/uploads\/2024\/11\/digisafe-RAL-1015-keybox.jpg?resize=525%2C300&ssl=1 1.5x, https:\/\/i0.wp.com\/keybox.nl\/wp-content\/uploads\/2024\/11\/digisafe-RAL-1015-keybox.jpg?resize=700%2C400&ssl=1 2x"},"classes":[]},{"id":297,"url":"https:\/\/keybox.nl\/pl\/produkt\/digibox-7-sleutelhaken\/","url_meta":{"origin":1690,"position":1},"title":"Haki na klucze Digibox 7","author":"Keybox@beheermodule","date":"18 lutego 2022","format":false,"excerpt":"Bezpieczne zarz\u0105dzanie kluczami dzi\u0119ki 7 pozycjom kluczy.","rel":"","context":"Podobny wpis","block_context":{"text":"Podobny wpis","link":""},"img":{"alt_text":"","src":"https:\/\/i0.wp.com\/keybox.nl\/wp-content\/uploads\/2022\/02\/Digibox-7-haken-Keybox-e1645195424393.jpg?resize=350%2C200&ssl=1","width":350,"height":200},"classes":[]},{"id":1754,"url":"https:\/\/keybox.nl\/pl\/produkt\/in-box-digibox\/","url_meta":{"origin":1690,"position":2},"title":"Wbudowane urz\u0105dzenie Digibox","author":"Elric Drost","date":"29 listopada 2024","format":false,"excerpt":"Pojemna, bezpieczna skrzynka na klucze lub koperty.","rel":"","context":"Podobny wpis","block_context":{"text":"Podobny wpis","link":""},"img":{"alt_text":"","src":"https:\/\/i0.wp.com\/keybox.nl\/wp-content\/uploads\/2024\/11\/in-box-digibox-keybox2021blauw.jpg?resize=350%2C200&ssl=1","width":350,"height":200,"srcset":"https:\/\/i0.wp.com\/keybox.nl\/wp-content\/uploads\/2024\/11\/in-box-digibox-keybox2021blauw.jpg?resize=350%2C200&ssl=1 1x, https:\/\/i0.wp.com\/keybox.nl\/wp-content\/uploads\/2024\/11\/in-box-digibox-keybox2021blauw.jpg?resize=525%2C300&ssl=1 1.5x, https:\/\/i0.wp.com\/keybox.nl\/wp-content\/uploads\/2024\/11\/in-box-digibox-keybox2021blauw.jpg?resize=700%2C400&ssl=1 2x"},"classes":[]},{"id":1822,"url":"https:\/\/keybox.nl\/pl\/produkt\/keysafe-gce\/","url_meta":{"origin":1690,"position":3},"title":"Keysafe GCE","author":"Elric Drost","date":"26 stycznia 2025","format":false,"excerpt":"Do wyboru s\u0105 3 modele.","rel":"","context":"Podobny wpis","block_context":{"text":"Podobny wpis","link":""},"img":{"alt_text":"","src":"https:\/\/i0.wp.com\/keybox.nl\/wp-content\/uploads\/2025\/01\/9858a0f7e85097eb90f56de1f00f8269.jpg?resize=350%2C200&ssl=1","width":350,"height":200,"srcset":"https:\/\/i0.wp.com\/keybox.nl\/wp-content\/uploads\/2025\/01\/9858a0f7e85097eb90f56de1f00f8269.jpg?resize=350%2C200&ssl=1 1x, https:\/\/i0.wp.com\/keybox.nl\/wp-content\/uploads\/2025\/01\/9858a0f7e85097eb90f56de1f00f8269.jpg?resize=525%2C300&ssl=1 1.5x, https:\/\/i0.wp.com\/keybox.nl\/wp-content\/uploads\/2025\/01\/9858a0f7e85097eb90f56de1f00f8269.jpg?resize=700%2C400&ssl=1 2x, https:\/\/i0.wp.com\/keybox.nl\/wp-content\/uploads\/2025\/01\/9858a0f7e85097eb90f56de1f00f8269.jpg?resize=1050%2C600&ssl=1 3x, https:\/\/i0.wp.com\/keybox.nl\/wp-content\/uploads\/2025\/01\/9858a0f7e85097eb90f56de1f00f8269.jpg?resize=1400%2C800&ssl=1 4x"},"classes":[]},{"id":1796,"url":"https:\/\/keybox.nl\/pl\/produkt\/keysafe-key-cabinet\/","url_meta":{"origin":1690,"position":4},"title":"Szafka na klucze Keysafe","author":"Elric Drost","date":"18 grudnia 2024","format":false,"excerpt":"Touchpoint PRO od Kidde 30\/60\/120 przycisk\u00f3w","rel":"","context":"Podobny wpis","block_context":{"text":"Podobny wpis","link":""},"img":{"alt_text":"","src":"https:\/\/i0.wp.com\/keybox.nl\/wp-content\/uploads\/2024\/12\/Keysafe-cabinet-30-Keybox-open-298x300.jpg?resize=350%2C200","width":350,"height":200},"classes":[]},{"id":1812,"url":"https:\/\/keybox.nl\/pl\/produkt\/drs-vector-combi-keysafe\/","url_meta":{"origin":1690,"position":5},"title":"Sejf na klucze DRS Vector Combi","author":"Elric Drost","date":"21 stycznia 2025","format":false,"excerpt":"Idealny do zastosowa\u0144 profesjonalnych.","rel":"","context":"Podobny wpis","block_context":{"text":"Podobny wpis","link":""},"img":{"alt_text":"","src":"https:\/\/i0.wp.com\/keybox.nl\/wp-content\/uploads\/2025\/01\/DRS-Vector-Combi-Keysafe-keybox.jpg?resize=350%2C200&ssl=1","width":350,"height":200,"srcset":"https:\/\/i0.wp.com\/keybox.nl\/wp-content\/uploads\/2025\/01\/DRS-Vector-Combi-Keysafe-keybox.jpg?resize=350%2C200&ssl=1 1x, https:\/\/i0.wp.com\/keybox.nl\/wp-content\/uploads\/2025\/01\/DRS-Vector-Combi-Keysafe-keybox.jpg?resize=525%2C300&ssl=1 1.5x, https:\/\/i0.wp.com\/keybox.nl\/wp-content\/uploads\/2025\/01\/DRS-Vector-Combi-Keysafe-keybox.jpg?resize=700%2C400&ssl=1 2x, https:\/\/i0.wp.com\/keybox.nl\/wp-content\/uploads\/2025\/01\/DRS-Vector-Combi-Keysafe-keybox.jpg?resize=1050%2C600&ssl=1 3x"},"classes":[]}],"jetpack_sharing_enabled":true,"_links":{"self":[{"href":"https:\/\/keybox.nl\/pl\/wp-json\/wp\/v2\/product\/1690","targetHints":{"allow":["GET"]}}],"collection":[{"href":"https:\/\/keybox.nl\/pl\/wp-json\/wp\/v2\/product"}],"about":[{"href":"https:\/\/keybox.nl\/pl\/wp-json\/wp\/v2\/types\/product"}],"replies":[{"embeddable":true,"href":"https:\/\/keybox.nl\/pl\/wp-json\/wp\/v2\/comments?post=1690"}],"wp:featuredmedia":[{"embeddable":true,"href":"https:\/\/keybox.nl\/pl\/wp-json\/wp\/v2\/media\/1718"}],"wp:attachment":[{"href":"https:\/\/keybox.nl\/pl\/wp-json\/wp\/v2\/media?parent=1690"}],"wp:term":[{"taxonomy":"product_brand","embeddable":true,"href":"https:\/\/keybox.nl\/pl\/wp-json\/wp\/v2\/product_brand?post=1690"},{"taxonomy":"product_cat","embeddable":true,"href":"https:\/\/keybox.nl\/pl\/wp-json\/wp\/v2\/product_cat?post=1690"},{"taxonomy":"product_tag","embeddable":true,"href":"https:\/\/keybox.nl\/pl\/wp-json\/wp\/v2\/product_tag?post=1690"}],"curies":[{"name":"wp","href":"https:\/\/api.w.org\/{rel}","templated":true}]}}