{"id":1171,"date":"2022-12-09T14:50:43","date_gmt":"2022-12-09T14:50:43","guid":{"rendered":"http:\/\/keybox.nl\/?post_type=product&#038;p=1171"},"modified":"2022-12-09T14:50:43","modified_gmt":"2022-12-09T14:50:43","slug":"keysafe-slimline","status":"publish","type":"product","link":"https:\/\/keybox.nl\/pl\/produkt\/keysafe-slimline\/","title":{"rendered":"Sejf na klucze Slimline"},"content":{"rendered":"<h2>Sejf na klucze Slimline<\/h2>\n<p>Slimline KeySafe mo\u017cna \u0142atwo przymocowa\u0107 do dowolnej \u015bciany lub p\u0142askiej powierzchni, w tym do materia\u0142\u00f3w mocuj\u0105cych. Ta kompaktowa wersja posiada miejsce na dwa klucze. Idealny do:<\/p>\n<p>Dost\u0119p pozaszkolny dla dzieci<br \/>\nAwaryjny dost\u0119p dla os\u00f3b starszych i potrzebuj\u0105cych<br \/>\nZapobiega zablokowaniu<br \/>\nDost\u0119p dla najemc\u00f3w, takich jak Airbnb, domy wakacyjne<br \/>\nDost\u0119p dla cz\u0142onk\u00f3w stowarzyszenia lub klubu<\/p>\n<p>KeySafe Slimline<br \/>\nZapewnienie dost\u0119pu wszystkim dozwolonym osobom bez powielania, udost\u0119pniania i \u015bledzenia fizycznych kluczy. Wystarczy zmieni\u0107 kod, gdy trzeba zmieni\u0107 dost\u0119p do kluczy. Slimline ma wewn\u0119trzn\u0105 komor\u0119 wystarczaj\u0105co du\u017c\u0105 dla dw\u00f3ch kluczy i blokuj\u0105c\u0105 p\u0142yt\u0119 czo\u0142ow\u0105, aby zapobiec manipulacjom. W zestawie znajduje si\u0119 materia\u0142 mocuj\u0105cy.<\/p>\n<p>Wymiary zewn\u0119trzne (szer. x wys. x g\u0142. w mm) 59x100x41<br \/>\nWymiary wewn\u0119trzne (szer. x wys. x g\u0142. w mm) 38x76x12<br \/>\nWaga (w kg) 0,57<\/p>\n<p>Podr\u0119cznik u\u017cytkownika<br \/>\nNaci\u015bnij przycisk usuwania za ka\u017cdym razem przed utworzeniem kodu. Wpisz sw\u00f3j kod.<br \/>\nNaci\u015bnij przycisk \"Otw\u00f3rz\", aby zwolni\u0107 pokryw\u0119. Wyjmij klucz z pude\u0142ka.<\/p>\n<p>Podczas zamykania, aby w\u0142o\u017cy\u0107 go z powrotem do KEYSAFE, nale\u017cy powt\u00f3rzy\u0107 kod, nacisn\u0105\u0107 przycisk \"open\", w\u0142o\u017cy\u0107 klucz z powrotem, a nast\u0119pnie pokryw\u0119, zwolni\u0107 przycisk \"open\". KEYSAFE zostanie ponownie zamkni\u0119ty z w\u0142o\u017conym kluczem.<\/p>\n<p><img decoding=\"async\" class=\"alignleft size-medium wp-image-1178\" src=\"http:\/\/keybox.nl\/wp-content\/uploads\/2022\/12\/Keybox_Slim_line_Keysafe_7-300x121.png\" alt=\"\" width=\"300\" height=\"121\" srcset=\"https:\/\/keybox.nl\/wp-content\/uploads\/2022\/12\/Keybox_Slim_line_Keysafe_7-300x121.png 300w, https:\/\/keybox.nl\/wp-content\/uploads\/2022\/12\/Keybox_Slim_line_Keysafe_7-416x168.png 416w, https:\/\/keybox.nl\/wp-content\/uploads\/2022\/12\/Keybox_Slim_line_Keysafe_7.png 499w\" sizes=\"(max-width: 300px) 100vw, 300px\" \/><\/p>\n<p>&nbsp;<\/p>\n<p>&nbsp;<\/p>\n<p>&nbsp;<\/p>\n<p>Zmie\u0144 kod<br \/>\n<img decoding=\"async\" class=\"alignleft size-medium wp-image-1177\" src=\"http:\/\/keybox.nl\/wp-content\/uploads\/2022\/12\/Keybox_Slim_line_Keysafe_6-300x196.png\" alt=\"\" width=\"300\" height=\"196\" srcset=\"https:\/\/keybox.nl\/wp-content\/uploads\/2022\/12\/Keybox_Slim_line_Keysafe_6-300x196.png 300w, https:\/\/keybox.nl\/wp-content\/uploads\/2022\/12\/Keybox_Slim_line_Keysafe_6.png 400w\" sizes=\"(max-width: 300px) 100vw, 300px\" \/><\/p>","protected":false},"excerpt":{"rendered":"<p>Sta\u0142y dost\u0119p dzi\u0119ki Keysafe Slimline<\/p>","protected":false},"featured_media":1172,"comment_status":"open","ping_status":"closed","template":"","meta":[],"product_brand":[],"product_cat":[19],"product_tag":[66,65,61,63,64,62],"class_list":{"0":"post-1171","1":"product","2":"type-product","3":"status-publish","4":"has-post-thumbnail","6":"product_cat-keysafe","7":"product_tag-cijfercombinatie","8":"product_tag-cijferslot","9":"product_tag-keysafe","10":"product_tag-line","11":"product_tag-sleutelkluisje","12":"product_tag-slim","14":"first","15":"instock","16":"taxable","17":"shipping-taxable","18":"purchasable","19":"product-type-simple"},"yoast_head":"<!-- This site is optimized with the Yoast SEO plugin v27.4 - https:\/\/yoast.com\/product\/yoast-seo-wordpress\/ -->\n<title>Keysafe Slimline -<\/title>\n<meta name=\"robots\" content=\"index, follow, max-snippet:-1, max-image-preview:large, max-video-preview:-1\" \/>\n<link rel=\"canonical\" href=\"https:\/\/keybox.nl\/pl\/produkt\/keysafe-slimline\/\" \/>\n<meta property=\"og:locale\" content=\"pl_PL\" \/>\n<meta property=\"og:type\" content=\"article\" \/>\n<meta property=\"og:title\" content=\"Keysafe Slimline -\" \/>\n<meta property=\"og:description\" content=\"Altijd toegang met de Keysafe Slimline\" \/>\n<meta property=\"og:url\" content=\"https:\/\/keybox.nl\/pl\/produkt\/keysafe-slimline\/\" \/>\n<meta property=\"og:image\" content=\"https:\/\/keybox.nl\/wp-content\/uploads\/2022\/12\/Keysafe_Slim_line_Keybox.jpeg\" \/>\n\t<meta property=\"og:image:width\" content=\"1000\" \/>\n\t<meta property=\"og:image:height\" content=\"1300\" \/>\n\t<meta property=\"og:image:type\" content=\"image\/jpeg\" \/>\n<meta name=\"twitter:card\" content=\"summary_large_image\" \/>\n<meta name=\"twitter:label1\" content=\"Szacowany czas czytania\" \/>\n\t<meta name=\"twitter:data1\" content=\"2 minuty\" \/>\n<script type=\"application\/ld+json\" class=\"yoast-schema-graph\">{\"@context\":\"https:\\\/\\\/schema.org\",\"@graph\":[{\"@type\":\"WebPage\",\"@id\":\"https:\\\/\\\/keybox.nl\\\/product\\\/keysafe-slimline\\\/\",\"url\":\"https:\\\/\\\/keybox.nl\\\/product\\\/keysafe-slimline\\\/\",\"name\":\"Keysafe Slimline -\",\"isPartOf\":{\"@id\":\"https:\\\/\\\/keybox.nl\\\/#website\"},\"primaryImageOfPage\":{\"@id\":\"https:\\\/\\\/keybox.nl\\\/product\\\/keysafe-slimline\\\/#primaryimage\"},\"image\":{\"@id\":\"https:\\\/\\\/keybox.nl\\\/product\\\/keysafe-slimline\\\/#primaryimage\"},\"thumbnailUrl\":\"https:\\\/\\\/keybox.nl\\\/wp-content\\\/uploads\\\/2022\\\/12\\\/Keysafe_Slim_line_Keybox.jpeg\",\"datePublished\":\"2022-12-09T14:50:43+00:00\",\"breadcrumb\":{\"@id\":\"https:\\\/\\\/keybox.nl\\\/product\\\/keysafe-slimline\\\/#breadcrumb\"},\"inLanguage\":\"pl-PL\",\"potentialAction\":[{\"@type\":\"ReadAction\",\"target\":[\"https:\\\/\\\/keybox.nl\\\/product\\\/keysafe-slimline\\\/\"]}]},{\"@type\":\"ImageObject\",\"inLanguage\":\"pl-PL\",\"@id\":\"https:\\\/\\\/keybox.nl\\\/product\\\/keysafe-slimline\\\/#primaryimage\",\"url\":\"https:\\\/\\\/keybox.nl\\\/wp-content\\\/uploads\\\/2022\\\/12\\\/Keysafe_Slim_line_Keybox.jpeg\",\"contentUrl\":\"https:\\\/\\\/keybox.nl\\\/wp-content\\\/uploads\\\/2022\\\/12\\\/Keysafe_Slim_line_Keybox.jpeg\",\"width\":1000,\"height\":1300,\"caption\":\"Keysafe Slim line\"},{\"@type\":\"BreadcrumbList\",\"@id\":\"https:\\\/\\\/keybox.nl\\\/product\\\/keysafe-slimline\\\/#breadcrumb\",\"itemListElement\":[{\"@type\":\"ListItem\",\"position\":1,\"name\":\"Home\",\"item\":\"https:\\\/\\\/keybox.nl\\\/\"},{\"@type\":\"ListItem\",\"position\":2,\"name\":\"Beveiligde sleutelkastjes kopen\",\"item\":\"https:\\\/\\\/keybox.nl\\\/\"},{\"@type\":\"ListItem\",\"position\":3,\"name\":\"Keysafe Slimline\"}]},{\"@type\":\"WebSite\",\"@id\":\"https:\\\/\\\/keybox.nl\\\/#website\",\"url\":\"https:\\\/\\\/keybox.nl\\\/\",\"name\":\"\",\"description\":\"\",\"potentialAction\":[{\"@type\":\"SearchAction\",\"target\":{\"@type\":\"EntryPoint\",\"urlTemplate\":\"https:\\\/\\\/keybox.nl\\\/?s={search_term_string}\"},\"query-input\":{\"@type\":\"PropertyValueSpecification\",\"valueRequired\":true,\"valueName\":\"search_term_string\"}}],\"inLanguage\":\"pl-PL\"}]}<\/script>\n<!-- \/ Yoast SEO plugin. -->","yoast_head_json":{"title":"Sejf na klucze Slimline -","robots":{"index":"index","follow":"follow","max-snippet":"max-snippet:-1","max-image-preview":"max-image-preview:large","max-video-preview":"max-video-preview:-1"},"canonical":"https:\/\/keybox.nl\/pl\/produkt\/keysafe-slimline\/","og_locale":"pl_PL","og_type":"article","og_title":"Keysafe Slimline -","og_description":"Altijd toegang met de Keysafe Slimline","og_url":"https:\/\/keybox.nl\/pl\/produkt\/keysafe-slimline\/","og_image":[{"width":1000,"height":1300,"url":"https:\/\/keybox.nl\/wp-content\/uploads\/2022\/12\/Keysafe_Slim_line_Keybox.jpeg","type":"image\/jpeg"}],"twitter_card":"summary_large_image","twitter_misc":{"Szacowany czas czytania":"2 minuty"},"schema":{"@context":"https:\/\/schema.org","@graph":[{"@type":"WebPage","@id":"https:\/\/keybox.nl\/product\/keysafe-slimline\/","url":"https:\/\/keybox.nl\/product\/keysafe-slimline\/","name":"Sejf na klucze Slimline -","isPartOf":{"@id":"https:\/\/keybox.nl\/#website"},"primaryImageOfPage":{"@id":"https:\/\/keybox.nl\/product\/keysafe-slimline\/#primaryimage"},"image":{"@id":"https:\/\/keybox.nl\/product\/keysafe-slimline\/#primaryimage"},"thumbnailUrl":"https:\/\/keybox.nl\/wp-content\/uploads\/2022\/12\/Keysafe_Slim_line_Keybox.jpeg","datePublished":"2022-12-09T14:50:43+00:00","breadcrumb":{"@id":"https:\/\/keybox.nl\/product\/keysafe-slimline\/#breadcrumb"},"inLanguage":"pl-PL","potentialAction":[{"@type":"ReadAction","target":["https:\/\/keybox.nl\/product\/keysafe-slimline\/"]}]},{"@type":"ImageObject","inLanguage":"pl-PL","@id":"https:\/\/keybox.nl\/product\/keysafe-slimline\/#primaryimage","url":"https:\/\/keybox.nl\/wp-content\/uploads\/2022\/12\/Keysafe_Slim_line_Keybox.jpeg","contentUrl":"https:\/\/keybox.nl\/wp-content\/uploads\/2022\/12\/Keysafe_Slim_line_Keybox.jpeg","width":1000,"height":1300,"caption":"Keysafe Slim line"},{"@type":"BreadcrumbList","@id":"https:\/\/keybox.nl\/product\/keysafe-slimline\/#breadcrumb","itemListElement":[{"@type":"ListItem","position":1,"name":"Home","item":"https:\/\/keybox.nl\/"},{"@type":"ListItem","position":2,"name":"Beveiligde sleutelkastjes kopen","item":"https:\/\/keybox.nl\/"},{"@type":"ListItem","position":3,"name":"Keysafe Slimline"}]},{"@type":"WebSite","@id":"https:\/\/keybox.nl\/#website","url":"https:\/\/keybox.nl\/","name":"","description":"","potentialAction":[{"@type":"SearchAction","target":{"@type":"EntryPoint","urlTemplate":"https:\/\/keybox.nl\/?s={search_term_string}"},"query-input":{"@type":"PropertyValueSpecification","valueRequired":true,"valueName":"search_term_string"}}],"inLanguage":"pl-PL"}]}},"jetpack-related-posts":[{"id":1796,"url":"https:\/\/keybox.nl\/pl\/produkt\/keysafe-key-cabinet\/","url_meta":{"origin":1171,"position":0},"title":"Szafka na klucze Keysafe","author":"Elric Drost","date":"18 grudnia 2024","format":false,"excerpt":"Touchpoint PRO od Kidde 30\/60\/120 przycisk\u00f3w","rel":"","context":"Podobny wpis","block_context":{"text":"Podobny wpis","link":""},"img":{"alt_text":"","src":"https:\/\/i0.wp.com\/keybox.nl\/wp-content\/uploads\/2024\/12\/Keysafe-cabinet-30-Keybox-open-298x300.jpg?resize=350%2C200","width":350,"height":200},"classes":[]},{"id":1179,"url":"https:\/\/keybox.nl\/pl\/produkt\/keysafe-original\/","url_meta":{"origin":1171,"position":1},"title":"Keysafe Original","author":"Keybox@beheermodule","date":"9 grudnia 2022","format":false,"excerpt":"Keysafe Original na 5 kluczy Je\u015bli do wej\u015bcia do pomieszcze\u0144 potrzebnych jest kilka kluczy, du\u017ca pojemno\u015b\u0107 KeySafe\u2122 Original pozwala na przechowywanie ich wszystkich w jednym miejscu z przyjaznym dla u\u017cytkownika kodem dost\u0119pu. KeySafe Original mo\u017ce pomie\u015bci\u0107 wiele kluczy i jest wystarczaj\u0105co du\u017cy, aby pomie\u015bci\u0107 karty kluczy....","rel":"","context":"Podobny wpis","block_context":{"text":"Podobny wpis","link":""},"img":{"alt_text":"","src":"https:\/\/i0.wp.com\/keybox.nl\/wp-content\/uploads\/2022\/12\/Keysafe_Original_keybox_sleutelkluis.jpg?resize=350%2C200&ssl=1","width":350,"height":200,"srcset":"https:\/\/i0.wp.com\/keybox.nl\/wp-content\/uploads\/2022\/12\/Keysafe_Original_keybox_sleutelkluis.jpg?resize=350%2C200&ssl=1 1x, https:\/\/i0.wp.com\/keybox.nl\/wp-content\/uploads\/2022\/12\/Keysafe_Original_keybox_sleutelkluis.jpg?resize=525%2C300&ssl=1 1.5x, https:\/\/i0.wp.com\/keybox.nl\/wp-content\/uploads\/2022\/12\/Keysafe_Original_keybox_sleutelkluis.jpg?resize=700%2C400&ssl=1 2x"},"classes":[]},{"id":1812,"url":"https:\/\/keybox.nl\/pl\/produkt\/drs-vector-combi-keysafe\/","url_meta":{"origin":1171,"position":2},"title":"Sejf na klucze DRS Vector Combi","author":"Elric Drost","date":"21 stycznia 2025","format":false,"excerpt":"Idealny do zastosowa\u0144 profesjonalnych.","rel":"","context":"Podobny wpis","block_context":{"text":"Podobny wpis","link":""},"img":{"alt_text":"","src":"https:\/\/i0.wp.com\/keybox.nl\/wp-content\/uploads\/2025\/01\/DRS-Vector-Combi-Keysafe-keybox.jpg?resize=350%2C200&ssl=1","width":350,"height":200,"srcset":"https:\/\/i0.wp.com\/keybox.nl\/wp-content\/uploads\/2025\/01\/DRS-Vector-Combi-Keysafe-keybox.jpg?resize=350%2C200&ssl=1 1x, https:\/\/i0.wp.com\/keybox.nl\/wp-content\/uploads\/2025\/01\/DRS-Vector-Combi-Keysafe-keybox.jpg?resize=525%2C300&ssl=1 1.5x, https:\/\/i0.wp.com\/keybox.nl\/wp-content\/uploads\/2025\/01\/DRS-Vector-Combi-Keysafe-keybox.jpg?resize=700%2C400&ssl=1 2x, https:\/\/i0.wp.com\/keybox.nl\/wp-content\/uploads\/2025\/01\/DRS-Vector-Combi-Keysafe-keybox.jpg?resize=1050%2C600&ssl=1 3x"},"classes":[]},{"id":1822,"url":"https:\/\/keybox.nl\/pl\/produkt\/keysafe-gce\/","url_meta":{"origin":1171,"position":3},"title":"Keysafe GCE","author":"Elric Drost","date":"26 stycznia 2025","format":false,"excerpt":"Do wyboru s\u0105 3 modele.","rel":"","context":"Podobny wpis","block_context":{"text":"Podobny wpis","link":""},"img":{"alt_text":"","src":"https:\/\/i0.wp.com\/keybox.nl\/wp-content\/uploads\/2025\/01\/9858a0f7e85097eb90f56de1f00f8269.jpg?resize=350%2C200&ssl=1","width":350,"height":200,"srcset":"https:\/\/i0.wp.com\/keybox.nl\/wp-content\/uploads\/2025\/01\/9858a0f7e85097eb90f56de1f00f8269.jpg?resize=350%2C200&ssl=1 1x, https:\/\/i0.wp.com\/keybox.nl\/wp-content\/uploads\/2025\/01\/9858a0f7e85097eb90f56de1f00f8269.jpg?resize=525%2C300&ssl=1 1.5x, https:\/\/i0.wp.com\/keybox.nl\/wp-content\/uploads\/2025\/01\/9858a0f7e85097eb90f56de1f00f8269.jpg?resize=700%2C400&ssl=1 2x, https:\/\/i0.wp.com\/keybox.nl\/wp-content\/uploads\/2025\/01\/9858a0f7e85097eb90f56de1f00f8269.jpg?resize=1050%2C600&ssl=1 3x, https:\/\/i0.wp.com\/keybox.nl\/wp-content\/uploads\/2025\/01\/9858a0f7e85097eb90f56de1f00f8269.jpg?resize=1400%2C800&ssl=1 4x"},"classes":[]},{"id":1775,"url":"https:\/\/keybox.nl\/pl\/produkt\/keysafe-pro-original\/","url_meta":{"origin":1171,"position":4},"title":"Keysafe Pro oryginalny","author":"Elric Drost","date":"5 grudnia 2024","format":false,"excerpt":"KEYSAFE Pro Original to solidna szafka na 5 standardowych kluczy.","rel":"","context":"Podobny wpis","block_context":{"text":"Podobny wpis","link":""},"img":{"alt_text":"","src":"https:\/\/i0.wp.com\/keybox.nl\/wp-content\/uploads\/2024\/12\/keysafe-pro-original-sleutelkluisje.jpg?resize=350%2C200&ssl=1","width":350,"height":200},"classes":[]},{"id":1782,"url":"https:\/\/keybox.nl\/pl\/produkt\/keysafe-p500\/","url_meta":{"origin":1171,"position":5},"title":"Keysafe P500","author":"Elric Drost","date":"13 grudnia 2024","format":false,"excerpt":"Najbezpieczniejsza mini szafka na klucze na rynku.","rel":"","context":"Podobny wpis","block_context":{"text":"Podobny wpis","link":""},"img":{"alt_text":"","src":"https:\/\/i0.wp.com\/keybox.nl\/wp-content\/uploads\/2024\/12\/boite-a-cle-keysafe-pro-grand-format.jpg?resize=350%2C200&ssl=1","width":350,"height":200},"classes":[]}],"jetpack_sharing_enabled":true,"_links":{"self":[{"href":"https:\/\/keybox.nl\/pl\/wp-json\/wp\/v2\/product\/1171","targetHints":{"allow":["GET"]}}],"collection":[{"href":"https:\/\/keybox.nl\/pl\/wp-json\/wp\/v2\/product"}],"about":[{"href":"https:\/\/keybox.nl\/pl\/wp-json\/wp\/v2\/types\/product"}],"replies":[{"embeddable":true,"href":"https:\/\/keybox.nl\/pl\/wp-json\/wp\/v2\/comments?post=1171"}],"wp:featuredmedia":[{"embeddable":true,"href":"https:\/\/keybox.nl\/pl\/wp-json\/wp\/v2\/media\/1172"}],"wp:attachment":[{"href":"https:\/\/keybox.nl\/pl\/wp-json\/wp\/v2\/media?parent=1171"}],"wp:term":[{"taxonomy":"product_brand","embeddable":true,"href":"https:\/\/keybox.nl\/pl\/wp-json\/wp\/v2\/product_brand?post=1171"},{"taxonomy":"product_cat","embeddable":true,"href":"https:\/\/keybox.nl\/pl\/wp-json\/wp\/v2\/product_cat?post=1171"},{"taxonomy":"product_tag","embeddable":true,"href":"https:\/\/keybox.nl\/pl\/wp-json\/wp\/v2\/product_tag?post=1171"}],"curies":[{"name":"wp","href":"https:\/\/api.w.org\/{rel}","templated":true}]}}