{"id":115,"date":"2021-12-04T18:29:04","date_gmt":"2021-12-04T18:29:04","guid":{"rendered":"http:\/\/keybox.nl\/?post_type=product&#038;p=115"},"modified":"2025-11-26T09:36:54","modified_gmt":"2025-11-26T09:36:54","slug":"keysecuritybox-sleutelkluis-ksb103a","status":"publish","type":"product","link":"https:\/\/keybox.nl\/pl\/produkt\/keysecuritybox-sleutelkluis-ksb103a\/","title":{"rendered":"Keysecuritybox KSB103A dodatkowo opancerzony sejf na klucze"},"content":{"rendered":"<h2>Keysecuritybox KSB103A: najlepszy natynkowy sejf na klucze!<\/h2>\n<p>Sejfy Keysecuritybox KSB103A s\u0105 wyposa\u017cone w p\u0142yty pancerne wewn\u0105trz sejfu. P\u0142yty lub sejf wewn\u0119trzny zapewniaj\u0105 dodatkow\u0105 odporno\u015b\u0107 na ataki i jeszcze bardziej zwi\u0119kszaj\u0105 obronno\u015b\u0107. Przestrze\u0144 depozytowa jest nieznacznie zmniejszona, ale nadal jest wi\u0119cej ni\u017c wystarczaj\u0105ca dla wi\u0119kszo\u015bci zastosowa\u0144.<\/p>\n<p>Najprostsze i najbezpieczniejsze rozwi\u0105zanie do przechowywania kluczy i kart 24\/7 - ten inteligentny, solidny i niedrogi dropbox jest u\u017cywany przez tysi\u0105ce firm.<\/p>\n<p>Ulepszony model: teraz wi\u0119cej miejsca wewn\u0105trz. Dost\u0119pny z dodatkowym opancerzeniem od wewn\u0105trz, chroni\u0105cym przed atakami z zewn\u0105trz. Drzwi zosta\u0142y przesuni\u0119te na bok, dzi\u0119ki czemu konstrukcja \u0142adnie komponuje si\u0119 z fasad\u0105.<\/p>\n<p>Je\u015bli nie chcesz umieszcza\u0107 skrzynki Keysecurity przy lub w \u015bcianie, KSB103A jest idealnym rozwi\u0105zaniem. KSB103A to skrzynka wrzutowa umieszczana na konsoli lub s\u0142upie.  Taka konfiguracja jest cz\u0119sto umieszczana za ogrodzeniem lub na parkingu, stacji kolejowej lub lotnisku. KSB005 to s\u0142up dla KSB103A, kt\u00f3ry jest zakotwiczony w pod\u0142o\u017cu za pomoc\u0105 betonu. KSB106 to konsola, kt\u00f3r\u0105 mo\u017cna umie\u015bci\u0107 na betonowej podstawie i zakotwiczy\u0107 do niej.<\/p>\n<p>Prosty Ten kompaktowy i wytrzyma\u0142y sejf na klucze jest najprostszym rozwi\u0105zaniem do optymalnego zabezpieczenia kluczy i kart. Jest dost\u0119pny w r\u00f3\u017cnych wersjach, wi\u0119c zawsze mo\u017cna go zainstalowa\u0107 przy lub w \u015bcianie. Nie ma \u015bcian? W takim razie skrzynk\u0119 na klucze mo\u017cna zamontowa\u0107 na stalowej konsoli. Sejf jest w pe\u0142ni mechaniczny i bardzo przyjazny dla u\u017cytkownika.<\/p>\n<p>Solidny Ten sejf na klucze jest niezwykle wytrzyma\u0142y! Z wyj\u0105tkiem ko\u0142a depozytowego, jest wykonany w ca\u0142o\u015bci z litej stali. Poniewa\u017c sejf ma tylko jedn\u0105 ruchom\u0105 cz\u0119\u015b\u0107, jest niezwykle trwa\u0142y, odporny na warunki atmosferyczne i niezawodny. A w\u0142o\u017cone klucze i karty s\u0105 bezpieczne, poniewa\u017c dzi\u0119ki inteligentnemu ko\u0142u depozytowemu \"\u0142owienie\" kluczy jest niemo\u017cliwe.<\/p>\n<p>Sejf Przekr\u0119\u0107 k\u00f3\u0142ko rolki do g\u00f3ry, a\u017c otw\u00f3r b\u0119dzie widoczny, w\u0142\u00f3\u017c klucz lub kart\u0119 klucza do k\u00f3\u0142ka rolki i zwolnij rolk\u0119, aby automatycznie si\u0119 obr\u00f3ci\u0142a, a klucz wpad\u0142 do sejfu. To nie mo\u017ce by\u0107 prostsze.<\/p>\n<p><strong>NAJLEPSZE ROZWI\u0104ZANIE DLA WYPO\u017bYCZALNI SAMOCHOD\u00d3W, FIRM LEASINGOWYCH, DEALER\u00d3W SAMOCHODOWYCH, FIRM POSIADAJ\u0104CYCH FLOTY, DEALER\u00d3W SAMOCHODOWYCH, WARSZTAT\u00d3W SAMOCHODOWYCH, HOTELI I INNYCH.<\/strong><\/p>\n<p><strong>Wyb\u00f3r naszych referencji<\/strong><br \/>\nDealerzy samochodowi: Audi, BMW, Chevolet, Citro\u00ebn, Fiat, Jaguar, Ford, Honda, Isuzu, Land Rover, ci\u0119\u017car\u00f3wki MAN, Mazda, Mercedes, Mitsubishi, Nissan, Tesla, Toyota, Opel, Peugeot, Rolls Royce, Renault, Saab, Porsche, Volvo, Volkswagen Wypo\u017cyczalnie samochod\u00f3w: Avis, Hertz, Budget, Sixt, Europcar, Dockx, Thrifty, AVA Rent, Autorent, Drive Yourself, Bochane Rent, Oto2rent, Camion Rentals, Runner Trucks, Bultman Hertz Transport publiczny: Lotnisko Schiphol Amsterdam, Lotnisko Rotterdam, Lotnisko Eindhoven, Lotnisko Groningen, Lotnisko Maastricht, Lotnisko Antwerpia, Lotnisko Bruksela, Lotnisko Charleroi, Aeroport du Luxembourg, Dworzec Antwerpia Centralna Inne: Carglass, ING Car Lease, Runner Truck Lease &amp; Rental, Scheer en Foppen Logistics, Borent, Philips Lighting Company cars &amp; Trailer Service, Dura Vermeer Road Construction, Bosch Universal Car Companies, Profile Tyre Center.<\/p>\n<p><strong>Specyfikacja KSB103<\/strong><br \/>\nWymiary: wymiary zewn\u0119trzne: 215 x 215 x 395 mm (szer. x g\u0142. x wys.)<br \/>\nWaga wraz z opakowaniem: ok. 20,3 kg<br \/>\nKompletne rozwi\u0105zanie zabezpieczaj\u0105ce klucze<br \/>\nSejf otwierany za pomoc\u0105 klucza<br \/>\nMi\u0119kka dolna mata do chwytania kluczy<br \/>\nNaklejka z instrukcj\u0105 nad ko\u0142em utylizacji<br \/>\nDwa unikalne klucze do sejfu<br \/>\nPrzejrzyste instrukcje instalacji<\/p>\n<p><strong>Materia\u0142 i wyko\u0144czenie<\/strong><br \/>\nWysokiej jako\u015bci stal w\u0119glowa walcowana na zimno<br \/>\nDrzwi z litej stali o grubo\u015bci 8 mm, ocynkowane elektrolitycznie<br \/>\nPow\u0142oka proszkowa Dupont (Ral 9006)<br \/>\nZamek bezpiecze\u0144stwa i klucz<br \/>\nBezpieczny zamek ze specjaln\u0105 konstrukcj\u0105 podw\u00f3jnego strza\u0142u<br \/>\nDwa klawisze z podw\u00f3jnymi z\u0105bkami o asymetrycznym profilu<br \/>\nKlucza do skrytki nie mo\u017cna wyj\u0105\u0107, gdy drzwi sejfu s\u0105 otwarte.<br \/>\nPonad 500 000 unikalnych kombinacji kluczy do szafek<br \/>\nInteligentne ko\u0142o wysypowe<br \/>\nMo\u017cliwo\u015b\u0107 deponowania kluczy i kart o maksymalnych wymiarach 125 x 43 x 61 mm<br \/>\nK\u00f3\u0142ko automatycznie powraca do pozycji startowej<br \/>\nUniemo\u017cliwia \"\u0142owienie\" kluczy<br \/>\nKonstrukcja zgodna z norm\u0105 VDMA klasy A<\/p>\n<h3><strong>\"W firmie Hertz u\u017cywamy skrzynek Keysecuritybox<\/strong><br \/>\n<strong>w krajach Beneluksu od lat w pe\u0142ni nas satysfakcjonuje\".<\/strong><br \/>\nDyrektor generalny HERTZ Rent A Car BeNeLux<\/h3>","protected":false},"excerpt":{"rendered":"<h2>Sejf na klucze KSB103A z dodatkowym opancerzeniem.<\/h2>\n<p>KSB103A wyposa\u017cony w dodatkowy pancerz. Wewn\u0105trz sejfu znajduje si\u0119 dodatkowy wewn\u0119trzny sejf wykonany ze specjalnej stali, kt\u00f3ry zapewnia wy\u017csz\u0105 ochron\u0119 przed atakami. Do monta\u017cu na s\u0142upku (KSB005) lub konsoli KSB106<\/p>","protected":false},"featured_media":63,"comment_status":"open","ping_status":"closed","template":"","meta":[],"product_brand":[],"product_cat":[18],"product_tag":[25,31,24,21,20,29,30,26],"class_list":{"0":"post-115","1":"product","2":"type-product","3":"status-publish","4":"has-post-thumbnail","6":"product_cat-keysecuritybox","7":"product_tag-afstortkluis","8":"product_tag-console","9":"product_tag-dropbox","10":"product_tag-keybox","11":"product_tag-keysecuritybox","12":"product_tag-ksb103","13":"product_tag-paal","14":"product_tag-sleutelafstortkluis","16":"first","17":"instock","18":"taxable","19":"shipping-taxable","20":"purchasable","21":"product-type-simple"},"yoast_head":"<!-- This site is optimized with the Yoast SEO plugin v27.4 - https:\/\/yoast.com\/product\/yoast-seo-wordpress\/ -->\n<title>Keysecuritybox KSB103A extra pantser sleutelkluis -<\/title>\n<meta name=\"robots\" content=\"index, follow, max-snippet:-1, max-image-preview:large, max-video-preview:-1\" \/>\n<link rel=\"canonical\" href=\"https:\/\/keybox.nl\/pl\/produkt\/keysecuritybox-sleutelkluis-ksb103a\/\" \/>\n<meta property=\"og:locale\" content=\"pl_PL\" \/>\n<meta property=\"og:type\" content=\"article\" \/>\n<meta property=\"og:title\" content=\"Keysecuritybox KSB103A extra pantser sleutelkluis -\" \/>\n<meta property=\"og:description\" content=\"Keysecuritybox KSB103A met extra pantser. De KSB103A uitgerust met extra Armor \/ pantsering. In de kluis zit een extra binnenkluis van speciaal staal die zorgt voor een hogere bescherming tegen aanvallen.\u00a0Voor montage op een paal (KSB005) of console KSB106\" \/>\n<meta property=\"og:url\" content=\"https:\/\/keybox.nl\/pl\/produkt\/keysecuritybox-sleutelkluis-ksb103a\/\" \/>\n<meta property=\"article:modified_time\" content=\"2025-11-26T09:36:54+00:00\" \/>\n<meta property=\"og:image\" content=\"http:\/\/keybox.nl\/wp-content\/uploads\/2021\/11\/KSB_101_3-scaled-e1638352491754.jpg\" \/>\n\t<meta property=\"og:image:width\" content=\"487\" \/>\n\t<meta property=\"og:image:height\" content=\"487\" \/>\n\t<meta property=\"og:image:type\" content=\"image\/jpeg\" \/>\n<meta name=\"twitter:card\" content=\"summary_large_image\" \/>\n<meta name=\"twitter:label1\" content=\"Szacowany czas czytania\" \/>\n\t<meta name=\"twitter:data1\" content=\"4 minuty\" \/>\n<script type=\"application\/ld+json\" class=\"yoast-schema-graph\">{\"@context\":\"https:\\\/\\\/schema.org\",\"@graph\":[{\"@type\":\"WebPage\",\"@id\":\"https:\\\/\\\/keybox.nl\\\/product\\\/keysecuritybox-sleutelkluis-ksb103a\\\/\",\"url\":\"https:\\\/\\\/keybox.nl\\\/product\\\/keysecuritybox-sleutelkluis-ksb103a\\\/\",\"name\":\"Keysecuritybox KSB103A extra pantser sleutelkluis -\",\"isPartOf\":{\"@id\":\"https:\\\/\\\/keybox.nl\\\/#website\"},\"primaryImageOfPage\":{\"@id\":\"https:\\\/\\\/keybox.nl\\\/product\\\/keysecuritybox-sleutelkluis-ksb103a\\\/#primaryimage\"},\"image\":{\"@id\":\"https:\\\/\\\/keybox.nl\\\/product\\\/keysecuritybox-sleutelkluis-ksb103a\\\/#primaryimage\"},\"thumbnailUrl\":\"https:\\\/\\\/keybox.nl\\\/wp-content\\\/uploads\\\/2021\\\/11\\\/KSB_101_3-scaled-e1638352491754.jpg\",\"datePublished\":\"2021-12-04T18:29:04+00:00\",\"dateModified\":\"2025-11-26T09:36:54+00:00\",\"breadcrumb\":{\"@id\":\"https:\\\/\\\/keybox.nl\\\/product\\\/keysecuritybox-sleutelkluis-ksb103a\\\/#breadcrumb\"},\"inLanguage\":\"pl-PL\",\"potentialAction\":[{\"@type\":\"ReadAction\",\"target\":[\"https:\\\/\\\/keybox.nl\\\/product\\\/keysecuritybox-sleutelkluis-ksb103a\\\/\"]}]},{\"@type\":\"ImageObject\",\"inLanguage\":\"pl-PL\",\"@id\":\"https:\\\/\\\/keybox.nl\\\/product\\\/keysecuritybox-sleutelkluis-ksb103a\\\/#primaryimage\",\"url\":\"https:\\\/\\\/keybox.nl\\\/wp-content\\\/uploads\\\/2021\\\/11\\\/KSB_101_3-scaled-e1638352491754.jpg\",\"contentUrl\":\"https:\\\/\\\/keybox.nl\\\/wp-content\\\/uploads\\\/2021\\\/11\\\/KSB_101_3-scaled-e1638352491754.jpg\",\"width\":487,\"height\":487},{\"@type\":\"BreadcrumbList\",\"@id\":\"https:\\\/\\\/keybox.nl\\\/product\\\/keysecuritybox-sleutelkluis-ksb103a\\\/#breadcrumb\",\"itemListElement\":[{\"@type\":\"ListItem\",\"position\":1,\"name\":\"Home\",\"item\":\"https:\\\/\\\/keybox.nl\\\/\"},{\"@type\":\"ListItem\",\"position\":2,\"name\":\"Beveiligde sleutelkastjes kopen\",\"item\":\"https:\\\/\\\/keybox.nl\\\/\"},{\"@type\":\"ListItem\",\"position\":3,\"name\":\"Keysecuritybox KSB103A extra pantser sleutelkluis\"}]},{\"@type\":\"WebSite\",\"@id\":\"https:\\\/\\\/keybox.nl\\\/#website\",\"url\":\"https:\\\/\\\/keybox.nl\\\/\",\"name\":\"\",\"description\":\"\",\"potentialAction\":[{\"@type\":\"SearchAction\",\"target\":{\"@type\":\"EntryPoint\",\"urlTemplate\":\"https:\\\/\\\/keybox.nl\\\/?s={search_term_string}\"},\"query-input\":{\"@type\":\"PropertyValueSpecification\",\"valueRequired\":true,\"valueName\":\"search_term_string\"}}],\"inLanguage\":\"pl-PL\"}]}<\/script>\n<!-- \/ Yoast SEO plugin. -->","yoast_head_json":{"title":"Keysecuritybox KSB103A dodatkowy opancerzony sejf na klucze -","robots":{"index":"index","follow":"follow","max-snippet":"max-snippet:-1","max-image-preview":"max-image-preview:large","max-video-preview":"max-video-preview:-1"},"canonical":"https:\/\/keybox.nl\/pl\/produkt\/keysecuritybox-sleutelkluis-ksb103a\/","og_locale":"pl_PL","og_type":"article","og_title":"Keysecuritybox KSB103A extra pantser sleutelkluis -","og_description":"Keysecuritybox KSB103A met extra pantser. De KSB103A uitgerust met extra Armor \/ pantsering. In de kluis zit een extra binnenkluis van speciaal staal die zorgt voor een hogere bescherming tegen aanvallen.\u00a0Voor montage op een paal (KSB005) of console KSB106","og_url":"https:\/\/keybox.nl\/pl\/produkt\/keysecuritybox-sleutelkluis-ksb103a\/","article_modified_time":"2025-11-26T09:36:54+00:00","og_image":[{"width":487,"height":487,"url":"http:\/\/keybox.nl\/wp-content\/uploads\/2021\/11\/KSB_101_3-scaled-e1638352491754.jpg","type":"image\/jpeg"}],"twitter_card":"summary_large_image","twitter_misc":{"Szacowany czas czytania":"4 minuty"},"schema":{"@context":"https:\/\/schema.org","@graph":[{"@type":"WebPage","@id":"https:\/\/keybox.nl\/product\/keysecuritybox-sleutelkluis-ksb103a\/","url":"https:\/\/keybox.nl\/product\/keysecuritybox-sleutelkluis-ksb103a\/","name":"Keysecuritybox KSB103A dodatkowy opancerzony sejf na klucze -","isPartOf":{"@id":"https:\/\/keybox.nl\/#website"},"primaryImageOfPage":{"@id":"https:\/\/keybox.nl\/product\/keysecuritybox-sleutelkluis-ksb103a\/#primaryimage"},"image":{"@id":"https:\/\/keybox.nl\/product\/keysecuritybox-sleutelkluis-ksb103a\/#primaryimage"},"thumbnailUrl":"https:\/\/keybox.nl\/wp-content\/uploads\/2021\/11\/KSB_101_3-scaled-e1638352491754.jpg","datePublished":"2021-12-04T18:29:04+00:00","dateModified":"2025-11-26T09:36:54+00:00","breadcrumb":{"@id":"https:\/\/keybox.nl\/product\/keysecuritybox-sleutelkluis-ksb103a\/#breadcrumb"},"inLanguage":"pl-PL","potentialAction":[{"@type":"ReadAction","target":["https:\/\/keybox.nl\/product\/keysecuritybox-sleutelkluis-ksb103a\/"]}]},{"@type":"ImageObject","inLanguage":"pl-PL","@id":"https:\/\/keybox.nl\/product\/keysecuritybox-sleutelkluis-ksb103a\/#primaryimage","url":"https:\/\/keybox.nl\/wp-content\/uploads\/2021\/11\/KSB_101_3-scaled-e1638352491754.jpg","contentUrl":"https:\/\/keybox.nl\/wp-content\/uploads\/2021\/11\/KSB_101_3-scaled-e1638352491754.jpg","width":487,"height":487},{"@type":"BreadcrumbList","@id":"https:\/\/keybox.nl\/product\/keysecuritybox-sleutelkluis-ksb103a\/#breadcrumb","itemListElement":[{"@type":"ListItem","position":1,"name":"Home","item":"https:\/\/keybox.nl\/"},{"@type":"ListItem","position":2,"name":"Beveiligde sleutelkastjes kopen","item":"https:\/\/keybox.nl\/"},{"@type":"ListItem","position":3,"name":"Keysecuritybox KSB103A extra pantser sleutelkluis"}]},{"@type":"WebSite","@id":"https:\/\/keybox.nl\/#website","url":"https:\/\/keybox.nl\/","name":"","description":"","potentialAction":[{"@type":"SearchAction","target":{"@type":"EntryPoint","urlTemplate":"https:\/\/keybox.nl\/?s={search_term_string}"},"query-input":{"@type":"PropertyValueSpecification","valueRequired":true,"valueName":"search_term_string"}}],"inLanguage":"pl-PL"}]}},"jetpack-related-posts":[{"id":72,"url":"https:\/\/keybox.nl\/pl\/produkt\/keysecuritybox-sleutelkluis-ksb101a-ksb102a\/","url_meta":{"origin":115,"position":0},"title":"Skrzynka na klucze KSB101A, KSB102A dodatkowy pancerny sejf na klucze","author":"Keybox@beheermodule","date":"1 grudnia 2021","format":false,"excerpt":"Sejf KSB101A i KSB102A Sejfy KSB101A i 102A s\u0105 wyposa\u017cone w dodatkowy pancerz. Wewn\u0105trz sejfu znajduje si\u0119 dodatkowy wewn\u0119trzny sejf wykonany ze specjalnej stali, kt\u00f3ry zapewnia wy\u017csz\u0105 ochron\u0119 przed atakami. Jeden sejf w dw\u00f3ch wersjach: ko\u0142o depozytowe lewe lub prawe","rel":"","context":"Z 1 komentarzem","block_context":{"text":"Z 1 komentarzem","link":"https:\/\/keybox.nl\/pl\/produkt\/keysecuritybox-sleutelkluis-ksb101a-ksb102a\/#comments"},"img":{"alt_text":"","src":"https:\/\/i0.wp.com\/keybox.nl\/wp-content\/uploads\/2021\/11\/KSB_101_3-scaled-e1638352491754.jpg?resize=350%2C200&ssl=1","width":350,"height":200},"classes":[]},{"id":109,"url":"https:\/\/keybox.nl\/pl\/produkt\/keysecuritybox-sleutelkluis-ksb103\/","url_meta":{"origin":115,"position":1},"title":"Sejf na klucze Keysecuritybox KSB103","author":"Keybox@beheermodule","date":"4 grudnia 2021","format":false,"excerpt":"Skrzynka na klucze KSB103 Do monta\u017cu na s\u0142upku (KSB005) lub konsoli KSB106","rel":"","context":"Podobny wpis","block_context":{"text":"Podobny wpis","link":""},"img":{"alt_text":"","src":"https:\/\/i0.wp.com\/keybox.nl\/wp-content\/uploads\/2021\/11\/KSB_101_3-scaled-e1638352491754.jpg?resize=350%2C200&ssl=1","width":350,"height":200},"classes":[]},{"id":36,"url":"https:\/\/keybox.nl\/pl\/produkt\/ksb101-ksb102-sleutelkluis\/","url_meta":{"origin":115,"position":2},"title":"Sejf na klucze KSB101, sejf na klucze KSB102","author":"Keybox@beheermodule","date":"30 listopada 2021","format":false,"excerpt":"Sejf na klucze KSB101 i KSB102 Jeden sejf w dw\u00f3ch wersjach: ko\u0142o depozytowe lewe lub prawe","rel":"","context":"Z 1 komentarzem","block_context":{"text":"Z 1 komentarzem","link":"https:\/\/keybox.nl\/pl\/produkt\/ksb101-ksb102-sleutelkluis\/#comments"},"img":{"alt_text":"","src":"https:\/\/i0.wp.com\/keybox.nl\/wp-content\/uploads\/2021\/11\/KSB_101_3-scaled-e1638352491754.jpg?resize=350%2C200&ssl=1","width":350,"height":200},"classes":[]},{"id":201,"url":"https:\/\/keybox.nl\/pl\/produkt\/keysecuritybox-sleutelkluis-ksb107-wl\/","url_meta":{"origin":115,"position":3},"title":"Sejf na klucze KSB107 W","author":"Keybox@beheermodule","date":"28 stycznia 2022","format":false,"excerpt":"Skrzynka na klucze KSB107 XL Skrzynka KSB107 mo\u017ce by\u0107 instalowana w \u015bcianie i jest wyj\u0105tkowo bezpieczna. Otw\u00f3r na rolk\u0119 L66, H64, D 124 mm.","rel":"","context":"Podobny wpis","block_context":{"text":"Podobny wpis","link":""},"img":{"alt_text":"","src":"https:\/\/i0.wp.com\/keybox.nl\/wp-content\/uploads\/2022\/01\/Keysecuritybox-KSB107XL-300x300.jpg?resize=350%2C200","width":350,"height":200},"classes":[]},{"id":193,"url":"https:\/\/keybox.nl\/pl\/produkt\/keysecuritybox-sleutelkluis-ksb107\/","url_meta":{"origin":115,"position":4},"title":"Sejf na klucze Keysecuritybox KSB107","author":"Keybox@beheermodule","date":"28 stycznia 2022","format":false,"excerpt":"Skrzynka na klucze KSB107 Skrzynka KSB107 mo\u017ce by\u0107 instalowana w \u015bcianie i jest wyj\u0105tkowo bezpieczna. Otw\u00f3r rolki L44, H64, D 124 mm.","rel":"","context":"Podobny wpis","block_context":{"text":"Podobny wpis","link":""},"img":{"alt_text":"","src":"https:\/\/i0.wp.com\/keybox.nl\/wp-content\/uploads\/2022\/01\/Ksb007-5-225x300.jpg?resize=350%2C200","width":350,"height":200},"classes":[]},{"id":122,"url":"https:\/\/keybox.nl\/pl\/produkt\/keysecuritybox-ksb105\/","url_meta":{"origin":115,"position":5},"title":"Skrzynka bezpiecze\u0144stwa KSB105","author":"Keybox@beheermodule","date":"14 grudnia 2021","format":false,"excerpt":"Skrzynka na klucze KSB105 Odpowiednia do zakotwiczenia modeli KSB103 i KSB004 na s\u0142upku.","rel":"","context":"Podobny wpis","block_context":{"text":"Podobny wpis","link":""},"img":{"alt_text":"","src":"https:\/\/i0.wp.com\/keybox.nl\/wp-content\/uploads\/2021\/12\/KSB005-e1639511667630.png?resize=350%2C200&ssl=1","width":350,"height":200},"classes":[]}],"jetpack_sharing_enabled":true,"_links":{"self":[{"href":"https:\/\/keybox.nl\/pl\/wp-json\/wp\/v2\/product\/115","targetHints":{"allow":["GET"]}}],"collection":[{"href":"https:\/\/keybox.nl\/pl\/wp-json\/wp\/v2\/product"}],"about":[{"href":"https:\/\/keybox.nl\/pl\/wp-json\/wp\/v2\/types\/product"}],"replies":[{"embeddable":true,"href":"https:\/\/keybox.nl\/pl\/wp-json\/wp\/v2\/comments?post=115"}],"wp:featuredmedia":[{"embeddable":true,"href":"https:\/\/keybox.nl\/pl\/wp-json\/wp\/v2\/media\/63"}],"wp:attachment":[{"href":"https:\/\/keybox.nl\/pl\/wp-json\/wp\/v2\/media?parent=115"}],"wp:term":[{"taxonomy":"product_brand","embeddable":true,"href":"https:\/\/keybox.nl\/pl\/wp-json\/wp\/v2\/product_brand?post=115"},{"taxonomy":"product_cat","embeddable":true,"href":"https:\/\/keybox.nl\/pl\/wp-json\/wp\/v2\/product_cat?post=115"},{"taxonomy":"product_tag","embeddable":true,"href":"https:\/\/keybox.nl\/pl\/wp-json\/wp\/v2\/product_tag?post=115"}],"curies":[{"name":"wp","href":"https:\/\/api.w.org\/{rel}","templated":true}]}}