{"id":554,"date":"2022-03-11T10:36:45","date_gmt":"2022-03-11T10:36:45","guid":{"rendered":"http:\/\/keybox.nl\/?page_id=554"},"modified":"2022-03-11T10:36:45","modified_gmt":"2022-03-11T10:36:45","slug":"kluis-waardeberging-kopen-2","status":"publish","type":"page","link":"https:\/\/keybox.nl\/pl\/kluis-waardeberging-kopen-2\/","title":{"rendered":"Kup sejf depozytowy"},"content":{"rendered":"<div class=\"wp-block-cover alignfull\" style=\"min-height:200px;aspect-ratio:unset;\"><span aria-hidden=\"true\" class=\"has-background-dim-60 wp-block-cover__gradient-background has-background-dim\"><\/span><img decoding=\"async\" width=\"1920\" height=\"2560\" class=\"wp-block-cover__image-background wp-image-126\" alt=\"Kluis\" src=\"http:\/\/keybox.nl\/wp-content\/uploads\/2021\/12\/KSB103-KSB005-4-scaled.jpg\" style=\"object-position:50% 50%\" data-object-fit=\"cover\" data-object-position=\"50% 50%\" srcset=\"https:\/\/keybox.nl\/wp-content\/uploads\/2021\/12\/KSB103-KSB005-4-scaled.jpg 1920w, https:\/\/keybox.nl\/wp-content\/uploads\/2021\/12\/KSB103-KSB005-4-416x555.jpg 416w, https:\/\/keybox.nl\/wp-content\/uploads\/2021\/12\/KSB103-KSB005-4-225x300.jpg 225w, https:\/\/keybox.nl\/wp-content\/uploads\/2021\/12\/KSB103-KSB005-4-768x1024.jpg 768w, https:\/\/keybox.nl\/wp-content\/uploads\/2021\/12\/KSB103-KSB005-4-1152x1536.jpg 1152w, https:\/\/keybox.nl\/wp-content\/uploads\/2021\/12\/KSB103-KSB005-4-1536x2048.jpg 1536w, https:\/\/keybox.nl\/wp-content\/uploads\/2021\/12\/KSB103-KSB005-4-1320x1760.jpg 1320w\" sizes=\"(max-width: 1920px) 100vw, 1920px\" \/><div class=\"wp-block-cover__inner-container is-layout-flow wp-block-cover-is-layout-flow\">\n<h1 class=\"alignwide has-text-align-left has-white-color has-text-color wp-block-heading\" style=\"font-size:40px\">Zakup sejfu o du\u017cej warto\u015bci<\/h1>\n\n\n\n<div class=\"wp-block-columns alignwide is-layout-flex wp-container-core-columns-is-layout-28f84493 wp-block-columns-is-layout-flex\">\n<div class=\"wp-block-column is-layout-flow wp-block-column-is-layout-flow\" style=\"flex-basis:55%\">\n<div class=\"wp-block-buttons is-layout-flex wp-block-buttons-is-layout-flex\">\n<div class=\"wp-block-button alignleft cta-knop\"><a class=\"wp-block-button__link has-black-color has-white-background-color has-text-color has-background\" href=\"http:\/\/keybox.nl\/pl\/\">Do sklepu internetowego!<\/a><\/div>\n<\/div>\n<\/div>\n<\/div>\n<\/div><\/div>\n\n\n\n<div style=\"height:50px\" aria-hidden=\"true\" class=\"wp-block-spacer\"><\/div>\n\n\n\n<div class=\"wp-block-group alignfull is-content-justification-center is-layout-flex wp-container-core-group-is-layout-81a7f686 wp-block-group-is-layout-flex\">\n<p class=\"usps has-normal-font-size\">Przyjazny dla u\u017cytkownika<\/p>\n\n\n\n<p>Odporno\u015b\u0107 i bezpiecze\u0144stwo<\/p>\n\n\n\n<p>R\u00f3\u017cne modele<\/p>\n<\/div>\n\n\n\n<style>\n.cta-knop {\nmargin-left: 35px !important;\n}\n\n.cta-knop:hover {\nopacity: 0.75;\n}\n\n@media only screen and (max-width: 1064px) {\n.cta-knop {\nmargin-left: 0px !important;\n}\n\n.wp-block-group.alignfull {\n    display: flex;\n    flex-direction: column;\n}\n}\n<\/style>\n\n\n\n<div style=\"height:100px\" aria-hidden=\"true\" class=\"wp-block-spacer\"><\/div>\n\n\n\n<p class=\"has-text-align-left align-left has-black-color has-text-color has-normal-font-size\">W przypadku niezwykle cennych przedmiot\u00f3w nale\u017cy kupi\u0107 sejf o wysokiej warto\u015bci przechowywania. Im wy\u017csza warto\u015b\u0107 przechowywania, tym sejf jest bardziej odporny na w\u0142amanie. W Keybox.nl w Bussum sprzedajemy sejfy, w kt\u00f3rych mo\u017cna przechowywa\u0107 du\u017c\u0105 ilo\u015b\u0107 rzeczy. Gwarantujemy bowiem, \u017ce nasze sejfy s\u0105 niezwykle odporne na w\u0142amania. Opr\u00f3cz doskona\u0142ej ochrony przed kradzie\u017c\u0105 nasze sejfy s\u0105 bardzo przyjazne dla u\u017cytkownika.<\/p>\n\n\n\n<div style=\"height:100px\" aria-hidden=\"true\" class=\"wp-block-spacer\"><\/div>\n\n\n\n<div class=\"wp-block-group is-content-justification-center is-layout-flex wp-container-core-group-is-layout-81a7f686 wp-block-group-is-layout-flex\">\n<div class=\"wp-block-media-text alignwide is-stacked-on-mobile is-vertically-aligned-center is-image-fill\"><figure class=\"wp-block-media-text__media\" style=\"background-image:url(http:\/\/keybox.nl\/wp-content\/uploads\/2022\/02\/KSB007-Peugeot-768x1024.jpg);background-position:50% 50%\"><img decoding=\"async\" width=\"768\" height=\"1024\" src=\"http:\/\/keybox.nl\/wp-content\/uploads\/2022\/02\/KSB007-Peugeot-768x1024.jpg\" alt=\"kluis peugeot\" class=\"wp-image-242 size-full\"\/><\/figure><div class=\"wp-block-media-text__content\">\n<h2 class=\"has-text-color wp-block-heading\" style=\"color:#000000;font-size:32px\">Tutaj mo\u017cna kupi\u0107 sejf z wysokim wska\u017anikiem zachowania warto\u015bci<\/h2>\n\n\n\n<p class=\"has-text-color has-normal-font-size\" style=\"color:#000000\">Nasze sejfy maj\u0105 doskona\u0142\u0105 odporno\u015b\u0107 na w\u0142amanie. Od <a href=\"http:\/\/keybox.nl\/pl\/kategoria-produktu\/digibox-sleuteluitgifte\/\">nasz digibox<\/a> zachowa\u0107 kody po awarii zasilania. <a href=\"http:\/\/keybox.nl\/pl\/kategoria-produktu\/keybox\/keysecuritybox\/\">Nasze sejfy na klucze<\/a> s\u0105 wykonane z solidnej stali, a k\u00f3\u0142ko uniemo\u017cliwia wy\u0142owienie kluczy z sejfu. Dlatego te\u017c mo\u017cesz swobodnie korzysta\u0107 z naszych sejf\u00f3w na rzeczy o du\u017cej warto\u015bci. U nas mo\u017cesz niedrogo kupi\u0107 sejf o wysokiej warto\u015bci. Je\u015bli szukasz modelu, kt\u00f3ry mo\u017cna zamontowa\u0107 na \u015bcianie, sprawd\u017a <a href=\"http:\/\/keybox.nl\/pl\/inbouwkluisjes-kopen\/\">Nasze sejfy do zabudowy<\/a>.<\/p>\n<\/div><\/div>\n<\/div>\n\n\n\n<div style=\"height:100px\" aria-hidden=\"true\" class=\"wp-block-spacer\"><\/div>\n\n\n\n<h2 class=\"has-text-align-center wp-block-heading\"><strong>Zabezpieczanie rzeczy?<\/strong><\/h2>\n\n\n\n<div class=\"wp-block-buttons is-content-justification-center is-layout-flex wp-container-core-buttons-is-layout-a89b3969 wp-block-buttons-is-layout-flex\">\n<div class=\"wp-block-button is-style-outline is-style-outline--1\"><a class=\"wp-block-button__link\" href=\"http:\/\/keybox.nl\/pl\/\">Do sklepu internetowego<\/a><\/div>\n<\/div>\n\n\n\n<div style=\"height:100px\" aria-hidden=\"true\" class=\"wp-block-spacer\"><\/div>\n\n\n\n<div class=\"wp-block-group is-content-justification-center is-layout-flex wp-container-core-group-is-layout-81a7f686 wp-block-group-is-layout-flex\">\n<div class=\"wp-block-media-text alignwide has-media-on-the-right is-stacked-on-mobile is-vertically-aligned-center is-image-fill\"><figure class=\"wp-block-media-text__media\" style=\"background-image:url(http:\/\/keybox.nl\/wp-content\/uploads\/2021\/12\/Extra-Armor-KSB.jpg);background-position:50% 50%\"><img decoding=\"async\" width=\"600\" height=\"800\" src=\"http:\/\/keybox.nl\/wp-content\/uploads\/2021\/12\/Extra-Armor-KSB.jpg\" alt=\"Kluis los\" class=\"wp-image-103 size-full\" srcset=\"https:\/\/keybox.nl\/wp-content\/uploads\/2021\/12\/Extra-Armor-KSB.jpg 600w, https:\/\/keybox.nl\/wp-content\/uploads\/2021\/12\/Extra-Armor-KSB-416x555.jpg 416w, https:\/\/keybox.nl\/wp-content\/uploads\/2021\/12\/Extra-Armor-KSB-225x300.jpg 225w\" sizes=\"(max-width: 600px) 100vw, 600px\" \/><\/figure><div class=\"wp-block-media-text__content\">\n<h3 class=\"has-text-color wp-block-heading\" style=\"color:#000000;font-size:32px\"><strong>Kup bezpieczn\u0105 pami\u0119\u0107 masow\u0105<\/strong><\/h3>\n\n\n\n<p class=\"has-text-color has-normal-font-size\" style=\"color:#000000\">A <a href=\"http:\/\/keybox.nl\/pl\/inbraakwerende-kluis-kopen\/\">sejf antyw\u0142amaniowy<\/a> Sejfy o du\u017cej warto\u015bci mo\u017cna kupi\u0107 u nas w Bussum lub online. Oferujemy doskona\u0142e sejfy w niskich cenach. Ponadto nasze sejfy s\u0105 \u0142atwe w instalacji i obs\u0142udze. Zam\u00f3w sw\u00f3j sejf w naszym sklepie internetowym ju\u017c teraz. Chcesz najpierw uzyska\u0107 wi\u0119cej informacji? Skontaktuj si\u0119 z nami przez <a href=\"http:\/\/keybox.nl\/pl\/contact\/\">formularz kontaktowy<\/a> telefonicznie lub poczt\u0105 elektroniczn\u0105. Prosimy o kontakt telefoniczny <a href=\"tel:0031355330658\">+31 355330658<\/a> lub wys\u0142a\u0107 wiadomo\u015b\u0107 e-mail na adres <a href=\"mailto:Info@keybox.nl\">Info@keybox.nl<\/a>.<\/p>\n<\/div><\/div>\n<\/div>\n\n\n\n<div style=\"height:50px\" aria-hidden=\"true\" class=\"wp-block-spacer\"><\/div>\n\n\n\n<h2 class=\"alignwide has-text-align-left form-titel wp-block-heading\"><strong>Masz pytania dotycz\u0105ce bezpiecze\u0144stwa?<\/strong><\/h2>\n\n\n<div class=\"wp-block-jetpack-contact-form alignwide is-layout-flex wp-container-jetpack-contact-form-is-layout-2b4208ba wp-block-jetpack-contact-form-is-layout-flex\"><a href=\"https:\/\/keybox.nl\/pl\/kluis-waardeberging-kopen-2\/\" target=\"_blank\" rel=\"noopener noreferrer\">Prze\u015blij formularz.<\/a><\/div>\n\n\n<p><\/p>","protected":false},"excerpt":{"rendered":"<p>\u2713 Gebruiksvriendelijk \u2713 Bestendig en veilig \u2713 Diverse modellen Voor ontzettend waardevolle eigendommen dient u een kluis met een hoge waardeberging te kopen. Hoe hoger de waardeberging, hoe beter de kluis bestand is tegen inbraak. Wij van Keybox.nl in Bussum verkopen kluizen waarin u een hoog bedrag aan spullen in kunt bewaren. Wij garanderen namelijk [&hellip;]<\/p>\n","protected":false},"author":1,"featured_media":0,"parent":0,"menu_order":0,"comment_status":"closed","ping_status":"closed","template":"template-fullwidth.php","meta":{"footnotes":""},"class_list":["post-554","page","type-page","status-publish","hentry"],"yoast_head":"<!-- This site is optimized with the Yoast SEO plugin v27.5 - https:\/\/yoast.com\/product\/yoast-seo-wordpress\/ -->\n<title>Kluis waardeberging kopen - Keybox<\/title>\n<meta name=\"description\" content=\"U kunt bij ons in Bussum of online een kluis met een hoge waardeberging kopen. Bestel nu onze bestendige kluis en bescherm uw waardevolle spullen.\" \/>\n<meta name=\"robots\" content=\"index, follow, max-snippet:-1, max-image-preview:large, max-video-preview:-1\" \/>\n<link rel=\"canonical\" href=\"https:\/\/keybox.nl\/pl\/kluis-waardeberging-kopen-2\/\" \/>\n<meta property=\"og:locale\" content=\"pl_PL\" \/>\n<meta property=\"og:type\" content=\"article\" \/>\n<meta property=\"og:title\" content=\"Kluis waardeberging kopen - Keybox\" \/>\n<meta property=\"og:description\" content=\"U kunt bij ons in Bussum of online een kluis met een hoge waardeberging kopen. Bestel nu onze bestendige kluis en bescherm uw waardevolle spullen.\" \/>\n<meta property=\"og:url\" content=\"https:\/\/keybox.nl\/pl\/kluis-waardeberging-kopen-2\/\" \/>\n<meta property=\"og:image\" content=\"http:\/\/keybox.nl\/wp-content\/uploads\/2021\/12\/KSB103-KSB005-4-scaled.jpg\" \/>\n<meta name=\"twitter:card\" content=\"summary_large_image\" \/>\n<meta name=\"twitter:label1\" content=\"Szacowany czas czytania\" \/>\n\t<meta name=\"twitter:data1\" content=\"2 minuty\" \/>\n<script type=\"application\/ld+json\" class=\"yoast-schema-graph\">{\"@context\":\"https:\\\/\\\/schema.org\",\"@graph\":[{\"@type\":\"WebPage\",\"@id\":\"https:\\\/\\\/keybox.nl\\\/kluis-waardeberging-kopen-2\\\/\",\"url\":\"https:\\\/\\\/keybox.nl\\\/kluis-waardeberging-kopen-2\\\/\",\"name\":\"Kluis waardeberging kopen - Keybox\",\"isPartOf\":{\"@id\":\"https:\\\/\\\/keybox.nl\\\/#website\"},\"primaryImageOfPage\":{\"@id\":\"https:\\\/\\\/keybox.nl\\\/kluis-waardeberging-kopen-2\\\/#primaryimage\"},\"image\":{\"@id\":\"https:\\\/\\\/keybox.nl\\\/kluis-waardeberging-kopen-2\\\/#primaryimage\"},\"thumbnailUrl\":\"http:\\\/\\\/keybox.nl\\\/wp-content\\\/uploads\\\/2021\\\/12\\\/KSB103-KSB005-4-scaled.jpg\",\"datePublished\":\"2022-03-11T10:36:45+00:00\",\"description\":\"U kunt bij ons in Bussum of online een kluis met een hoge waardeberging kopen. Bestel nu onze bestendige kluis en bescherm uw waardevolle spullen.\",\"breadcrumb\":{\"@id\":\"https:\\\/\\\/keybox.nl\\\/kluis-waardeberging-kopen-2\\\/#breadcrumb\"},\"inLanguage\":\"pl-PL\",\"potentialAction\":[{\"@type\":\"ReadAction\",\"target\":[\"https:\\\/\\\/keybox.nl\\\/kluis-waardeberging-kopen-2\\\/\"]}]},{\"@type\":\"ImageObject\",\"inLanguage\":\"pl-PL\",\"@id\":\"https:\\\/\\\/keybox.nl\\\/kluis-waardeberging-kopen-2\\\/#primaryimage\",\"url\":\"http:\\\/\\\/keybox.nl\\\/wp-content\\\/uploads\\\/2021\\\/12\\\/KSB103-KSB005-4-scaled.jpg\",\"contentUrl\":\"http:\\\/\\\/keybox.nl\\\/wp-content\\\/uploads\\\/2021\\\/12\\\/KSB103-KSB005-4-scaled.jpg\"},{\"@type\":\"BreadcrumbList\",\"@id\":\"https:\\\/\\\/keybox.nl\\\/kluis-waardeberging-kopen-2\\\/#breadcrumb\",\"itemListElement\":[{\"@type\":\"ListItem\",\"position\":1,\"name\":\"Home\",\"item\":\"https:\\\/\\\/keybox.nl\\\/\"},{\"@type\":\"ListItem\",\"position\":2,\"name\":\"Kluis waardeberging kopen\"}]},{\"@type\":\"WebSite\",\"@id\":\"https:\\\/\\\/keybox.nl\\\/#website\",\"url\":\"https:\\\/\\\/keybox.nl\\\/\",\"name\":\"\",\"description\":\"\",\"potentialAction\":[{\"@type\":\"SearchAction\",\"target\":{\"@type\":\"EntryPoint\",\"urlTemplate\":\"https:\\\/\\\/keybox.nl\\\/?s={search_term_string}\"},\"query-input\":{\"@type\":\"PropertyValueSpecification\",\"valueRequired\":true,\"valueName\":\"search_term_string\"}}],\"inLanguage\":\"pl-PL\"}]}<\/script>\n<!-- \/ Yoast SEO plugin. -->","yoast_head_json":{"title":"Kupi\u0107 sejf na klucze - Klucznica","description":"U kunt bij ons in Bussum of online een kluis met een hoge waardeberging kopen. Bestel nu onze bestendige kluis en bescherm uw waardevolle spullen.","robots":{"index":"index","follow":"follow","max-snippet":"max-snippet:-1","max-image-preview":"max-image-preview:large","max-video-preview":"max-video-preview:-1"},"canonical":"https:\/\/keybox.nl\/pl\/kluis-waardeberging-kopen-2\/","og_locale":"pl_PL","og_type":"article","og_title":"Kluis waardeberging kopen - Keybox","og_description":"U kunt bij ons in Bussum of online een kluis met een hoge waardeberging kopen. Bestel nu onze bestendige kluis en bescherm uw waardevolle spullen.","og_url":"https:\/\/keybox.nl\/pl\/kluis-waardeberging-kopen-2\/","og_image":[{"url":"http:\/\/keybox.nl\/wp-content\/uploads\/2021\/12\/KSB103-KSB005-4-scaled.jpg","type":"","width":"","height":""}],"twitter_card":"summary_large_image","twitter_misc":{"Szacowany czas czytania":"2 minuty"},"schema":{"@context":"https:\/\/schema.org","@graph":[{"@type":"WebPage","@id":"https:\/\/keybox.nl\/kluis-waardeberging-kopen-2\/","url":"https:\/\/keybox.nl\/kluis-waardeberging-kopen-2\/","name":"Kupi\u0107 sejf na klucze - Klucznica","isPartOf":{"@id":"https:\/\/keybox.nl\/#website"},"primaryImageOfPage":{"@id":"https:\/\/keybox.nl\/kluis-waardeberging-kopen-2\/#primaryimage"},"image":{"@id":"https:\/\/keybox.nl\/kluis-waardeberging-kopen-2\/#primaryimage"},"thumbnailUrl":"http:\/\/keybox.nl\/wp-content\/uploads\/2021\/12\/KSB103-KSB005-4-scaled.jpg","datePublished":"2022-03-11T10:36:45+00:00","description":"U kunt bij ons in Bussum of online een kluis met een hoge waardeberging kopen. Bestel nu onze bestendige kluis en bescherm uw waardevolle spullen.","breadcrumb":{"@id":"https:\/\/keybox.nl\/kluis-waardeberging-kopen-2\/#breadcrumb"},"inLanguage":"pl-PL","potentialAction":[{"@type":"ReadAction","target":["https:\/\/keybox.nl\/kluis-waardeberging-kopen-2\/"]}]},{"@type":"ImageObject","inLanguage":"pl-PL","@id":"https:\/\/keybox.nl\/kluis-waardeberging-kopen-2\/#primaryimage","url":"http:\/\/keybox.nl\/wp-content\/uploads\/2021\/12\/KSB103-KSB005-4-scaled.jpg","contentUrl":"http:\/\/keybox.nl\/wp-content\/uploads\/2021\/12\/KSB103-KSB005-4-scaled.jpg"},{"@type":"BreadcrumbList","@id":"https:\/\/keybox.nl\/kluis-waardeberging-kopen-2\/#breadcrumb","itemListElement":[{"@type":"ListItem","position":1,"name":"Home","item":"https:\/\/keybox.nl\/"},{"@type":"ListItem","position":2,"name":"Kluis waardeberging kopen"}]},{"@type":"WebSite","@id":"https:\/\/keybox.nl\/#website","url":"https:\/\/keybox.nl\/","name":"","description":"","potentialAction":[{"@type":"SearchAction","target":{"@type":"EntryPoint","urlTemplate":"https:\/\/keybox.nl\/?s={search_term_string}"},"query-input":{"@type":"PropertyValueSpecification","valueRequired":true,"valueName":"search_term_string"}}],"inLanguage":"pl-PL"}]}},"jetpack-related-posts":[{"id":552,"url":"https:\/\/keybox.nl\/pl\/kluis-waardeberging-kopen\/","url_meta":{"origin":554,"position":0},"title":"Kup sejf depozytowy","author":"Keybox@beheermodule","date":"11 marca 2022","format":false,"excerpt":"Zakup sejfu o wysokim poziomie bezpiecze\u0144stwa w sklepie internetowym! Przyjazny dla u\u017cytkownika \u2713 Odporny i bezpieczny \u2713 R\u00f3\u017cne modele W przypadku bardzo cennych przedmiot\u00f3w nale\u017cy kupi\u0107 sejf o du\u017cej pojemno\u015bci. Maksymalna warto\u015b\u0107 przechowywania sejfu wskazuje, do jakiej kwoty zawarto\u015b\u0107 sejfu jest ubezpieczona....","rel":"","context":"Podobny wpis","block_context":{"text":"Podobny wpis","link":""},"img":{"alt_text":"","src":"https:\/\/i0.wp.com\/keybox.nl\/wp-content\/uploads\/2021\/12\/KSB_102_1-e1638478691321.jpg?resize=350%2C200&ssl=1","width":350,"height":200,"srcset":"https:\/\/i0.wp.com\/keybox.nl\/wp-content\/uploads\/2021\/12\/KSB_102_1-e1638478691321.jpg?resize=350%2C200&ssl=1 1x, https:\/\/i0.wp.com\/keybox.nl\/wp-content\/uploads\/2021\/12\/KSB_102_1-e1638478691321.jpg?resize=525%2C300&ssl=1 1.5x, https:\/\/i0.wp.com\/keybox.nl\/wp-content\/uploads\/2021\/12\/KSB_102_1-e1638478691321.jpg?resize=700%2C400&ssl=1 2x"},"classes":[]},{"id":546,"url":"https:\/\/keybox.nl\/pl\/inbouwkluisjes-kopen\/","url_meta":{"origin":554,"position":1},"title":"Kup sejfy do zabudowy","author":"Keybox@beheermodule","date":"11 marca 2022","format":false,"excerpt":"Kup solidne sejfy do zabudowy w sklepie internetowym! \u2713 Przyjazne dla u\u017cytkownika \u2713 Solidne i bezpieczne \u2713 R\u00f3\u017cne modele Chcesz kupi\u0107 sejfy do zabudowy dla swojej firmy? Nasz sklep internetowy oferuje r\u00f3\u017cne modele sejf\u00f3w do monta\u017cu w \u015bcianie. Poniewa\u017c system znajduje si\u0119 w \u015bcianie, nie mo\u017cna go zabra\u0107 i jest...","rel":"","context":"Podobny wpis","block_context":{"text":"Podobny wpis","link":""},"img":{"alt_text":"","src":"https:\/\/i0.wp.com\/keybox.nl\/wp-content\/uploads\/2021\/12\/KSB_102_1-e1638478691321.jpg?resize=350%2C200&ssl=1","width":350,"height":200,"srcset":"https:\/\/i0.wp.com\/keybox.nl\/wp-content\/uploads\/2021\/12\/KSB_102_1-e1638478691321.jpg?resize=350%2C200&ssl=1 1x, https:\/\/i0.wp.com\/keybox.nl\/wp-content\/uploads\/2021\/12\/KSB_102_1-e1638478691321.jpg?resize=525%2C300&ssl=1 1.5x, https:\/\/i0.wp.com\/keybox.nl\/wp-content\/uploads\/2021\/12\/KSB_102_1-e1638478691321.jpg?resize=700%2C400&ssl=1 2x"},"classes":[]},{"id":1526,"url":"https:\/\/keybox.nl\/pl\/safe-kluis-kopen\/","url_meta":{"origin":554,"position":2},"title":"Kup bezpieczny sejf","author":"Keybox@beheermodule","date":"20 lipca 2023","format":false,"excerpt":"Kup sejf lub skarbczyk Przejd\u017a do sklepu internetowego! Przyjazny dla u\u017cytkownika \u2713 Odporny i bezpieczny \u2713 R\u00f3\u017cne modele Je\u015bli cenisz sobie bezpiecze\u0144stwo i niezawodno\u015b\u0107, to zakup sejfu lub skarbca jest pierwszym krokiem. Chocia\u017c terminy te s\u0105 cz\u0119sto u\u017cywane zamiennie, istniej\u0105 subtelne r\u00f3\u017cnice. A...","rel":"","context":"Podobny wpis","block_context":{"text":"Podobny wpis","link":""},"img":{"alt_text":"Regenkap Keysecuritybox","src":"https:\/\/i0.wp.com\/keybox.nl\/wp-content\/uploads\/2022\/01\/IMG_5364-scaled.jpg?resize=350%2C200&ssl=1","width":350,"height":200,"srcset":"https:\/\/i0.wp.com\/keybox.nl\/wp-content\/uploads\/2022\/01\/IMG_5364-scaled.jpg?resize=350%2C200&ssl=1 1x, https:\/\/i0.wp.com\/keybox.nl\/wp-content\/uploads\/2022\/01\/IMG_5364-scaled.jpg?resize=525%2C300&ssl=1 1.5x, https:\/\/i0.wp.com\/keybox.nl\/wp-content\/uploads\/2022\/01\/IMG_5364-scaled.jpg?resize=700%2C400&ssl=1 2x, https:\/\/i0.wp.com\/keybox.nl\/wp-content\/uploads\/2022\/01\/IMG_5364-scaled.jpg?resize=1050%2C600&ssl=1 3x, https:\/\/i0.wp.com\/keybox.nl\/wp-content\/uploads\/2022\/01\/IMG_5364-scaled.jpg?resize=1400%2C800&ssl=1 4x"},"classes":[]},{"id":326,"url":"https:\/\/keybox.nl\/pl\/goedkope-kluis-kopen\/","url_meta":{"origin":554,"position":3},"title":"Kup tani sejf","author":"Keybox@beheermodule","date":"3 marca 2022","format":false,"excerpt":"Kup tani, wysokiej jako\u015bci sejf w sklepie internetowym! Przyjazny dla u\u017cytkownika \u2713 Odporny i bezpieczny \u2713 R\u00f3\u017cne modele W Keybox.pl mo\u017cesz kupi\u0107 tani, odporny sejf dla swojej firmy. Dzi\u0119ki naszym sejfom wydawanie kluczy jest zawsze bezpieczne. Co wi\u0119cej, nikt nie musi by\u0107 obecny, aby...","rel":"","context":"Podobny wpis","block_context":{"text":"Podobny wpis","link":""},"img":{"alt_text":"","src":"https:\/\/i0.wp.com\/keybox.nl\/wp-content\/uploads\/2021\/12\/KSB_102_1-e1638478691321.jpg?resize=350%2C200&ssl=1","width":350,"height":200,"srcset":"https:\/\/i0.wp.com\/keybox.nl\/wp-content\/uploads\/2021\/12\/KSB_102_1-e1638478691321.jpg?resize=350%2C200&ssl=1 1x, https:\/\/i0.wp.com\/keybox.nl\/wp-content\/uploads\/2021\/12\/KSB_102_1-e1638478691321.jpg?resize=525%2C300&ssl=1 1.5x, https:\/\/i0.wp.com\/keybox.nl\/wp-content\/uploads\/2021\/12\/KSB_102_1-e1638478691321.jpg?resize=700%2C400&ssl=1 2x"},"classes":[]},{"id":543,"url":"https:\/\/keybox.nl\/pl\/inbraakwerende-kluis-kopen\/","url_meta":{"origin":554,"position":4},"title":"Kup sejf antyw\u0142amaniowy","author":"Keybox@beheermodule","date":"11 marca 2022","format":false,"excerpt":"Zakup odpornego, antyw\u0142amaniowego sejfu W sklepie internetowym! Przyjazny dla u\u017cytkownika \u2713 Odporny i bezpieczny \u2713 R\u00f3\u017cne modele Zakup sejfu antyw\u0142amaniowego na swoje kosztowno\u015bci jest wa\u017cny. To dlatego, \u017ce zapewnia im doskona\u0142\u0105 ochron\u0119 przed r\u00f3\u017cnymi rodzajami kradzie\u017cy. Na Keybox.pl mo\u017cesz kupi\u0107 sejf antyw\u0142amaniowy na klucze, kt\u00f3ry...","rel":"","context":"Podobny wpis","block_context":{"text":"Podobny wpis","link":""},"img":{"alt_text":"Keysafe Slim line","src":"https:\/\/i0.wp.com\/keybox.nl\/wp-content\/uploads\/2022\/12\/Keysafe_Slim_line_Keybox.jpeg?resize=350%2C200&ssl=1","width":350,"height":200,"srcset":"https:\/\/i0.wp.com\/keybox.nl\/wp-content\/uploads\/2022\/12\/Keysafe_Slim_line_Keybox.jpeg?resize=350%2C200&ssl=1 1x, https:\/\/i0.wp.com\/keybox.nl\/wp-content\/uploads\/2022\/12\/Keysafe_Slim_line_Keybox.jpeg?resize=525%2C300&ssl=1 1.5x, https:\/\/i0.wp.com\/keybox.nl\/wp-content\/uploads\/2022\/12\/Keysafe_Slim_line_Keybox.jpeg?resize=700%2C400&ssl=1 2x"},"classes":[]},{"id":538,"url":"https:\/\/keybox.nl\/pl\/kluis-kopen-voor-thuis\/","url_meta":{"origin":554,"position":5},"title":"Kup sejf do domu","author":"Keybox@beheermodule","date":"11 marca 2022","format":false,"excerpt":"Zakup odpornego sejfu do domu Do sklepu internetowego! \u2713 Przyjazny dla u\u017cytkownika \u2713 Odporny i bezpieczny \u2713 R\u00f3\u017cne modele Chcesz kupi\u0107 por\u0119czny sejf do domu? W takim razie Keybox.pl ma to, czego szukasz. Sejfy domowe s\u0105 nieco mniejsze i nie wymagaj\u0105 rozleg\u0142ej instalacji, co czyni je idealnymi...","rel":"","context":"Podobny wpis","block_context":{"text":"Podobny wpis","link":""},"img":{"alt_text":"","src":"https:\/\/i0.wp.com\/keybox.nl\/wp-content\/uploads\/2022\/01\/KSB007-inner-safe-2-e1643896091542.jpg?resize=350%2C200&ssl=1","width":350,"height":200,"srcset":"https:\/\/i0.wp.com\/keybox.nl\/wp-content\/uploads\/2022\/01\/KSB007-inner-safe-2-e1643896091542.jpg?resize=350%2C200&ssl=1 1x, https:\/\/i0.wp.com\/keybox.nl\/wp-content\/uploads\/2022\/01\/KSB007-inner-safe-2-e1643896091542.jpg?resize=525%2C300&ssl=1 1.5x, https:\/\/i0.wp.com\/keybox.nl\/wp-content\/uploads\/2022\/01\/KSB007-inner-safe-2-e1643896091542.jpg?resize=700%2C400&ssl=1 2x"},"classes":[]}],"jetpack_sharing_enabled":true,"_links":{"self":[{"href":"https:\/\/keybox.nl\/pl\/wp-json\/wp\/v2\/pages\/554","targetHints":{"allow":["GET"]}}],"collection":[{"href":"https:\/\/keybox.nl\/pl\/wp-json\/wp\/v2\/pages"}],"about":[{"href":"https:\/\/keybox.nl\/pl\/wp-json\/wp\/v2\/types\/page"}],"author":[{"embeddable":true,"href":"https:\/\/keybox.nl\/pl\/wp-json\/wp\/v2\/users\/1"}],"replies":[{"embeddable":true,"href":"https:\/\/keybox.nl\/pl\/wp-json\/wp\/v2\/comments?post=554"}],"version-history":[{"count":1,"href":"https:\/\/keybox.nl\/pl\/wp-json\/wp\/v2\/pages\/554\/revisions"}],"predecessor-version":[{"id":555,"href":"https:\/\/keybox.nl\/pl\/wp-json\/wp\/v2\/pages\/554\/revisions\/555"}],"wp:attachment":[{"href":"https:\/\/keybox.nl\/pl\/wp-json\/wp\/v2\/media?parent=554"}],"curies":[{"name":"wp","href":"https:\/\/api.w.org\/{rel}","templated":true}]}}