{"id":550,"date":"2022-03-11T10:31:40","date_gmt":"2022-03-11T10:31:40","guid":{"rendered":"http:\/\/keybox.nl\/?page_id=550"},"modified":"2023-07-25T09:21:47","modified_gmt":"2023-07-25T09:21:47","slug":"sleutelkastjes-met-code-kopen","status":"publish","type":"page","link":"https:\/\/keybox.nl\/pl\/sleutelkastjes-met-code-kopen\/","title":{"rendered":"Kup szafki na kody"},"content":{"rendered":"<div class=\"wp-block-cover alignfull\" style=\"min-height:200px;aspect-ratio:unset;\"><span aria-hidden=\"true\" class=\"wp-block-cover__background has-background-dim-60 has-background-dim\"><\/span><img decoding=\"async\" width=\"1920\" height=\"2560\" class=\"wp-block-cover__image-background wp-image-126\" alt=\"Kluis\" src=\"http:\/\/keybox.nl\/wp-content\/uploads\/2021\/12\/KSB103-KSB005-4-scaled.jpg\" style=\"object-position:50% 50%\" data-object-fit=\"cover\" data-object-position=\"50% 50%\" srcset=\"https:\/\/keybox.nl\/wp-content\/uploads\/2021\/12\/KSB103-KSB005-4-scaled.jpg 1920w, https:\/\/keybox.nl\/wp-content\/uploads\/2021\/12\/KSB103-KSB005-4-416x555.jpg 416w, https:\/\/keybox.nl\/wp-content\/uploads\/2021\/12\/KSB103-KSB005-4-225x300.jpg 225w, https:\/\/keybox.nl\/wp-content\/uploads\/2021\/12\/KSB103-KSB005-4-768x1024.jpg 768w, https:\/\/keybox.nl\/wp-content\/uploads\/2021\/12\/KSB103-KSB005-4-1152x1536.jpg 1152w, https:\/\/keybox.nl\/wp-content\/uploads\/2021\/12\/KSB103-KSB005-4-1536x2048.jpg 1536w, https:\/\/keybox.nl\/wp-content\/uploads\/2021\/12\/KSB103-KSB005-4-1320x1760.jpg 1320w\" sizes=\"(max-width: 1920px) 100vw, 1920px\" \/><div class=\"wp-block-cover__inner-container is-layout-flow wp-block-cover-is-layout-flow\">\n<h1 class=\"wp-block-heading alignwide has-text-align-left has-white-color has-text-color\" style=\"font-size:40px\">Kup bezpieczne szafki na klucze z kodem<\/h1>\n\n\n\n<div class=\"wp-block-columns alignwide is-layout-flex wp-container-core-columns-is-layout-28f84493 wp-block-columns-is-layout-flex\">\n<div class=\"wp-block-column is-layout-flow wp-block-column-is-layout-flow\" style=\"flex-basis:55%\">\n<div class=\"wp-block-buttons is-layout-flex wp-block-buttons-is-layout-flex\">\n<div class=\"wp-block-button cta-knop alignleft\"><a class=\"wp-block-button__link has-black-color has-white-background-color has-text-color has-background wp-element-button\" href=\"http:\/\/keybox.nl\/pl\/\">Do sklepu internetowego!<\/a><\/div>\n<\/div>\n<\/div>\n<\/div>\n<\/div><\/div>\n\n\n\n<div style=\"height:50px\" aria-hidden=\"true\" class=\"wp-block-spacer\"><\/div>\n\n\n\n<div class=\"wp-block-group alignfull is-content-justification-center is-layout-flex wp-container-core-group-is-layout-81a7f686 wp-block-group-is-layout-flex\">\n<p class=\"usps has-normal-font-size\">Przyjazny dla u\u017cytkownika<\/p>\n\n\n\n<p>Odporno\u015b\u0107 i bezpiecze\u0144stwo<\/p>\n\n\n\n<p>R\u00f3\u017cne modele<\/p>\n<\/div>\n\n\n\n<style>\nh1.entry-title {\ndisplay:none;\n}\n\n.cta-knop {\nmargin-left: 35px !important;\n}\n\n.cta-knop:hover {\nopacity: 0.75;\n}\n\n@media only screen and (max-width: 1064px) {\n.cta-knop {\nmargin-left: 0px !important;\n}\n\n.wp-block-group.alignfull {\n    display: flex;\n    flex-direction: column;\n}\n}\n<\/style>\n\n\n\n<div style=\"height:100px\" aria-hidden=\"true\" class=\"wp-block-spacer\"><\/div>\n\n\n\n<p class=\"has-text-align-left align-left has-black-color has-text-color has-normal-font-size\">Keybox.pl to strona internetowa, na kt\u00f3rej mo\u017cna kupi\u0107 wysokiej jako\u015bci sejfy na klucze z kodem. Nasze szafki umo\u017cliwiaj\u0105 \u0142atwe zarz\u0105dzanie nawet siedmioma kluczami. S\u0105 one wyposa\u017cone w szereg opcji, kt\u00f3re mo\u017cna zaprogramowa\u0107 wed\u0142ug w\u0142asnych upodoba\u0144, takich jak tekst powitalny i czas blokowania. Wybierz jako\u015b\u0107 z naszymi szafkami!<\/p>\n\n\n\n<div style=\"height:100px\" aria-hidden=\"true\" class=\"wp-block-spacer\"><\/div>\n\n\n\n<div class=\"wp-block-group is-content-justification-center is-layout-flex wp-container-core-group-is-layout-81a7f686 wp-block-group-is-layout-flex\">\n<div class=\"wp-block-media-text alignwide is-stacked-on-mobile is-vertically-aligned-center\" style=\"grid-template-columns:40% auto\"><figure class=\"wp-block-media-text__media\"><img decoding=\"async\" width=\"1024\" height=\"1024\" src=\"http:\/\/keybox.nl\/wp-content\/uploads\/2022\/02\/Digibox-7-haken-Keybox-1024x1024.jpg\" alt=\"\" class=\"wp-image-304 size-full\"\/><\/figure><div class=\"wp-block-media-text__content\">\n<h2 class=\"wp-block-heading has-text-color\" style=\"color:#000000;font-size:32px\">Tutaj mo\u017cna kupi\u0107 szafki na klucze z kodem numerycznym<\/h2>\n\n\n\n<p class=\"has-text-color has-normal-font-size\" style=\"color:#000000\">Gdy masz wiele kluczy do zarz\u0105dzania, warto je bezpiecznie przechowywa\u0107. Dzi\u0119ki naszemu <a href=\"http:\/\/keybox.nl\/pl\/\">Wysokiej jako\u015bci sejfy na klucze<\/a> Jedno bezpieczne miejsce do przechowywania maksymalnie siedmiu kluczy. U\u017cytkownik ustawia kod numeryczny sk\u0142adaj\u0105cy si\u0119 z czterech do 10 znak\u00f3w, kt\u00f3ry zapewnia dost\u0119p do okre\u015blonego klucza. Nast\u0119pnie <a href=\"http:\/\/keybox.nl\/pl\/inbraakwerende-kluis-kopen\/\">sejf antyw\u0142amaniowy<\/a> odpowiedni klucz do pod\u015bwietlonego gniazda. Ten inteligentny system jest bardzo przyjazny dla u\u017cytkownika. U\u017cytkownik mo\u017ce samodzielnie zaprogramowa\u0107 tekst powitalny, czas blokady i j\u0119zyk. Skrzynki na klucze z kodem mo\u017cna r\u00f3wnie\u017c kupi\u0107 w naszym sklepie internetowym lub w sklepie w Bussum w r\u00f3\u017cnych kolorach. Je\u015bli chcesz przechowywa\u0107 mniej kluczy, mo\u017cesz r\u00f3wnie\u017c <a href=\"http:\/\/keybox.nl\/pl\/kleine-sleutelkluisjes-kopen\/\">kup ma\u0142e sejfy na klucze<\/a>. Dzi\u0119ki naszej szerokiej ofercie mo\u017cesz wybra\u0107 rozwi\u0105zanie, kt\u00f3re najlepiej pasuje do Twojej firmy. Szukasz r\u00f3wnie\u017c systemu zwrotu kluczy? W naszym sklepie internetowym mo\u017cna r\u00f3wnie\u017c znale\u017a\u0107 przydatny <a href=\"http:\/\/keybox.nl\/pl\/afstortkluis-bestellen\/\">Zam\u00f3w sejf depozytowy<\/a>.<\/p>\n<\/div><\/div>\n<\/div>\n\n\n\n<div style=\"height:100px\" aria-hidden=\"true\" class=\"wp-block-spacer\"><\/div>\n\n\n\n<h2 class=\"wp-block-heading has-text-align-center\"><strong>Chcesz kupi\u0107 breloki z kodem?<\/strong><\/h2>\n\n\n\n<div class=\"wp-block-buttons is-content-justification-center is-layout-flex wp-container-core-buttons-is-layout-a89b3969 wp-block-buttons-is-layout-flex\">\n<div class=\"wp-block-button is-style-outline is-style-outline--1\"><a class=\"wp-block-button__link wp-element-button\" href=\"http:\/\/keybox.nl\/pl\/\">Zobacz sklep internetowy<\/a><\/div>\n<\/div>\n\n\n\n<div style=\"height:100px\" aria-hidden=\"true\" class=\"wp-block-spacer\"><\/div>\n\n\n\n<div class=\"wp-block-group is-content-justification-center is-layout-flex wp-container-core-group-is-layout-81a7f686 wp-block-group-is-layout-flex\">\n<div class=\"wp-block-media-text alignwide has-media-on-the-right is-stacked-on-mobile is-vertically-aligned-center\" style=\"grid-template-columns:auto 40%\"><div class=\"wp-block-media-text__content\">\n<h3 class=\"wp-block-heading has-text-color\" style=\"color:#000000;font-size:32px\"><strong>Skontaktuj si\u0119 z nami i popro\u015b o wycen\u0119<\/strong><\/h3>\n\n\n\n<p class=\"has-text-color has-normal-font-size\" style=\"color:#000000\">Je\u015bli chcesz kupi\u0107 jedn\u0105 z naszych skrzynek na klucze z kodem, zam\u00f3w j\u0105 natychmiast w naszym sklepie internetowym. Chcesz najpierw otrzyma\u0107 wycen\u0119? Popro\u015b o wycen\u0119 za pomoc\u0105 formularza kontaktowego na stronie <a href=\"http:\/\/keybox.nl\/pl\/contact\/\">nasza strona kontaktowa<\/a>. Je\u015bli chcesz, mo\u017cesz r\u00f3wnie\u017c skorzysta\u0107 z tego formularza, aby poprosi\u0107 o wizyt\u0119. Ch\u0119tnie pomo\u017cemy!<\/p>\n<\/div><figure class=\"wp-block-media-text__media\"><img decoding=\"async\" width=\"600\" height=\"800\" src=\"http:\/\/keybox.nl\/wp-content\/uploads\/2021\/12\/Extra-Armor-KSB.jpg\" alt=\"Kluis los\" class=\"wp-image-103 size-full\" srcset=\"https:\/\/keybox.nl\/wp-content\/uploads\/2021\/12\/Extra-Armor-KSB.jpg 600w, https:\/\/keybox.nl\/wp-content\/uploads\/2021\/12\/Extra-Armor-KSB-416x555.jpg 416w, https:\/\/keybox.nl\/wp-content\/uploads\/2021\/12\/Extra-Armor-KSB-225x300.jpg 225w\" sizes=\"(max-width: 600px) 100vw, 600px\" \/><\/figure><\/div>\n<\/div>\n\n\n\n<div style=\"height:50px\" aria-hidden=\"true\" class=\"wp-block-spacer\"><\/div>\n\n\n\n<h2 class=\"wp-block-heading alignwide has-text-align-left form-titel\"><strong>Masz pytania dotycz\u0105ce bezpiecze\u0144stwa?<\/strong><\/h2>\n\n\n<div class=\"wp-block-jetpack-contact-form alignwide is-layout-flex wp-container-jetpack-contact-form-is-layout-2b4208ba wp-block-jetpack-contact-form-is-layout-flex\"><a href=\"https:\/\/keybox.nl\/pl\/sleutelkastjes-met-code-kopen\/\" target=\"_blank\" rel=\"noopener noreferrer\">Prze\u015blij formularz.<\/a><\/div>\n\n\n<p><\/p>","protected":false},"excerpt":{"rendered":"<p>\u2713 Gebruiksvriendelijk \u2713 Bestendig en veilig \u2713 Diverse modellen Keybox.nl is d\u00e9 website om kwalitatieve sleutelkastjes met een code kopen. In onze kluisjes kunt u eenvoudig tot wel zeven sleutels beheren. Er zitten een aantal opties op die u naar uw wens kunt programmeren, zoals een welkomsttekst en de vergrendelingstijden. Kies voor kwaliteit met onze [&hellip;]<\/p>\n","protected":false},"author":1,"featured_media":0,"parent":0,"menu_order":0,"comment_status":"closed","ping_status":"closed","template":"template-fullwidth.php","meta":{"footnotes":""},"class_list":["post-550","page","type-page","status-publish","hentry"],"yoast_head":"<!-- This site is optimized with the Yoast SEO plugin v27.4 - https:\/\/yoast.com\/product\/yoast-seo-wordpress\/ -->\n<title>Hier kunt u sleutelkastjes met code kopen -<\/title>\n<meta name=\"description\" content=\"In onze webshop kunt u stevige sleutelkastjes met code kopen. Bestel ze nu en beveilig uw sleutels! Wij geven u graag professioneel advies.\" \/>\n<meta name=\"robots\" content=\"index, follow, max-snippet:-1, max-image-preview:large, max-video-preview:-1\" \/>\n<link rel=\"canonical\" href=\"https:\/\/keybox.nl\/pl\/sleutelkastjes-met-code-kopen\/\" \/>\n<meta property=\"og:locale\" content=\"pl_PL\" \/>\n<meta property=\"og:type\" content=\"article\" \/>\n<meta property=\"og:title\" content=\"Hier kunt u sleutelkastjes met code kopen -\" \/>\n<meta property=\"og:description\" content=\"In onze webshop kunt u stevige sleutelkastjes met code kopen. Bestel ze nu en beveilig uw sleutels! Wij geven u graag professioneel advies.\" \/>\n<meta property=\"og:url\" content=\"https:\/\/keybox.nl\/pl\/sleutelkastjes-met-code-kopen\/\" \/>\n<meta property=\"article:modified_time\" content=\"2023-07-25T09:21:47+00:00\" \/>\n<meta property=\"og:image\" content=\"http:\/\/keybox.nl\/wp-content\/uploads\/2021\/12\/KSB103-KSB005-4-scaled.jpg\" \/>\n<meta name=\"twitter:card\" content=\"summary_large_image\" \/>\n<meta name=\"twitter:label1\" content=\"Szacowany czas czytania\" \/>\n\t<meta name=\"twitter:data1\" content=\"3 minuty\" \/>\n<script type=\"application\/ld+json\" class=\"yoast-schema-graph\">{\"@context\":\"https:\\\/\\\/schema.org\",\"@graph\":[{\"@type\":\"WebPage\",\"@id\":\"https:\\\/\\\/keybox.nl\\\/sleutelkastjes-met-code-kopen\\\/\",\"url\":\"https:\\\/\\\/keybox.nl\\\/sleutelkastjes-met-code-kopen\\\/\",\"name\":\"Hier kunt u sleutelkastjes met code kopen -\",\"isPartOf\":{\"@id\":\"https:\\\/\\\/keybox.nl\\\/#website\"},\"primaryImageOfPage\":{\"@id\":\"https:\\\/\\\/keybox.nl\\\/sleutelkastjes-met-code-kopen\\\/#primaryimage\"},\"image\":{\"@id\":\"https:\\\/\\\/keybox.nl\\\/sleutelkastjes-met-code-kopen\\\/#primaryimage\"},\"thumbnailUrl\":\"http:\\\/\\\/keybox.nl\\\/wp-content\\\/uploads\\\/2021\\\/12\\\/KSB103-KSB005-4-scaled.jpg\",\"datePublished\":\"2022-03-11T10:31:40+00:00\",\"dateModified\":\"2023-07-25T09:21:47+00:00\",\"description\":\"In onze webshop kunt u stevige sleutelkastjes met code kopen. Bestel ze nu en beveilig uw sleutels! Wij geven u graag professioneel advies.\",\"breadcrumb\":{\"@id\":\"https:\\\/\\\/keybox.nl\\\/sleutelkastjes-met-code-kopen\\\/#breadcrumb\"},\"inLanguage\":\"pl-PL\",\"potentialAction\":[{\"@type\":\"ReadAction\",\"target\":[\"https:\\\/\\\/keybox.nl\\\/sleutelkastjes-met-code-kopen\\\/\"]}]},{\"@type\":\"ImageObject\",\"inLanguage\":\"pl-PL\",\"@id\":\"https:\\\/\\\/keybox.nl\\\/sleutelkastjes-met-code-kopen\\\/#primaryimage\",\"url\":\"http:\\\/\\\/keybox.nl\\\/wp-content\\\/uploads\\\/2021\\\/12\\\/KSB103-KSB005-4-scaled.jpg\",\"contentUrl\":\"http:\\\/\\\/keybox.nl\\\/wp-content\\\/uploads\\\/2021\\\/12\\\/KSB103-KSB005-4-scaled.jpg\"},{\"@type\":\"BreadcrumbList\",\"@id\":\"https:\\\/\\\/keybox.nl\\\/sleutelkastjes-met-code-kopen\\\/#breadcrumb\",\"itemListElement\":[{\"@type\":\"ListItem\",\"position\":1,\"name\":\"Home\",\"item\":\"https:\\\/\\\/keybox.nl\\\/\"},{\"@type\":\"ListItem\",\"position\":2,\"name\":\"Sleutelkastjes met code kopen\"}]},{\"@type\":\"WebSite\",\"@id\":\"https:\\\/\\\/keybox.nl\\\/#website\",\"url\":\"https:\\\/\\\/keybox.nl\\\/\",\"name\":\"\",\"description\":\"\",\"potentialAction\":[{\"@type\":\"SearchAction\",\"target\":{\"@type\":\"EntryPoint\",\"urlTemplate\":\"https:\\\/\\\/keybox.nl\\\/?s={search_term_string}\"},\"query-input\":{\"@type\":\"PropertyValueSpecification\",\"valueRequired\":true,\"valueName\":\"search_term_string\"}}],\"inLanguage\":\"pl-PL\"}]}<\/script>\n<!-- \/ Yoast SEO plugin. -->","yoast_head_json":{"title":"Tutaj mo\u017cesz kupi\u0107 skrzynki na klucze z kodem -","description":"W naszym sklepie internetowym mo\u017cna kupi\u0107 wytrzyma\u0142e skrzynki na klucze z kodem. Zam\u00f3w je ju\u017c teraz i zabezpiecz swoje klucze! Z przyjemno\u015bci\u0105 udzielimy profesjonalnej porady.","robots":{"index":"index","follow":"follow","max-snippet":"max-snippet:-1","max-image-preview":"max-image-preview:large","max-video-preview":"max-video-preview:-1"},"canonical":"https:\/\/keybox.nl\/pl\/sleutelkastjes-met-code-kopen\/","og_locale":"pl_PL","og_type":"article","og_title":"Hier kunt u sleutelkastjes met code kopen -","og_description":"In onze webshop kunt u stevige sleutelkastjes met code kopen. Bestel ze nu en beveilig uw sleutels! Wij geven u graag professioneel advies.","og_url":"https:\/\/keybox.nl\/pl\/sleutelkastjes-met-code-kopen\/","article_modified_time":"2023-07-25T09:21:47+00:00","og_image":[{"url":"http:\/\/keybox.nl\/wp-content\/uploads\/2021\/12\/KSB103-KSB005-4-scaled.jpg","type":"","width":"","height":""}],"twitter_card":"summary_large_image","twitter_misc":{"Szacowany czas czytania":"3 minuty"},"schema":{"@context":"https:\/\/schema.org","@graph":[{"@type":"WebPage","@id":"https:\/\/keybox.nl\/sleutelkastjes-met-code-kopen\/","url":"https:\/\/keybox.nl\/sleutelkastjes-met-code-kopen\/","name":"Tutaj mo\u017cesz kupi\u0107 skrzynki na klucze z kodem -","isPartOf":{"@id":"https:\/\/keybox.nl\/#website"},"primaryImageOfPage":{"@id":"https:\/\/keybox.nl\/sleutelkastjes-met-code-kopen\/#primaryimage"},"image":{"@id":"https:\/\/keybox.nl\/sleutelkastjes-met-code-kopen\/#primaryimage"},"thumbnailUrl":"http:\/\/keybox.nl\/wp-content\/uploads\/2021\/12\/KSB103-KSB005-4-scaled.jpg","datePublished":"2022-03-11T10:31:40+00:00","dateModified":"2023-07-25T09:21:47+00:00","description":"W naszym sklepie internetowym mo\u017cna kupi\u0107 wytrzyma\u0142e skrzynki na klucze z kodem. Zam\u00f3w je ju\u017c teraz i zabezpiecz swoje klucze! Z przyjemno\u015bci\u0105 udzielimy profesjonalnej porady.","breadcrumb":{"@id":"https:\/\/keybox.nl\/sleutelkastjes-met-code-kopen\/#breadcrumb"},"inLanguage":"pl-PL","potentialAction":[{"@type":"ReadAction","target":["https:\/\/keybox.nl\/sleutelkastjes-met-code-kopen\/"]}]},{"@type":"ImageObject","inLanguage":"pl-PL","@id":"https:\/\/keybox.nl\/sleutelkastjes-met-code-kopen\/#primaryimage","url":"http:\/\/keybox.nl\/wp-content\/uploads\/2021\/12\/KSB103-KSB005-4-scaled.jpg","contentUrl":"http:\/\/keybox.nl\/wp-content\/uploads\/2021\/12\/KSB103-KSB005-4-scaled.jpg"},{"@type":"BreadcrumbList","@id":"https:\/\/keybox.nl\/sleutelkastjes-met-code-kopen\/#breadcrumb","itemListElement":[{"@type":"ListItem","position":1,"name":"Home","item":"https:\/\/keybox.nl\/"},{"@type":"ListItem","position":2,"name":"Sleutelkastjes met code kopen"}]},{"@type":"WebSite","@id":"https:\/\/keybox.nl\/#website","url":"https:\/\/keybox.nl\/","name":"","description":"","potentialAction":[{"@type":"SearchAction","target":{"@type":"EntryPoint","urlTemplate":"https:\/\/keybox.nl\/?s={search_term_string}"},"query-input":{"@type":"PropertyValueSpecification","valueRequired":true,"valueName":"search_term_string"}}],"inLanguage":"pl-PL"}]}},"jetpack-related-posts":[{"id":1529,"url":"https:\/\/keybox.nl\/pl\/sleutelhaken-kopen\/","url_meta":{"origin":550,"position":0},"title":"key-hooks-buy","author":"Keybox@beheermodule","date":"20 lipca 2023","format":false,"excerpt":"Kup sejf z haczykami na klucze w sklepie internetowym! Przyjazne dla u\u017cytkownika \u2713 Odporne i bezpieczne \u2713 R\u00f3\u017cne modele Szukasz wysokiej jako\u015bci haczyk\u00f3w na klucze do wykorzystania w swojej firmie? W takim razie rozwa\u017c zakup profesjonalnie zabezpieczonej szafki na klucze. W ko\u0144cu nie chcesz, aby osoby o z\u0142ych intencjach...","rel":"","context":"Podobny wpis","block_context":{"text":"Podobny wpis","link":""},"img":{"alt_text":"","src":"https:\/\/i0.wp.com\/keybox.nl\/wp-content\/uploads\/2021\/12\/KSB_102_1-e1638478691321.jpg?resize=350%2C200&ssl=1","width":350,"height":200,"srcset":"https:\/\/i0.wp.com\/keybox.nl\/wp-content\/uploads\/2021\/12\/KSB_102_1-e1638478691321.jpg?resize=350%2C200&ssl=1 1x, https:\/\/i0.wp.com\/keybox.nl\/wp-content\/uploads\/2021\/12\/KSB_102_1-e1638478691321.jpg?resize=525%2C300&ssl=1 1.5x, https:\/\/i0.wp.com\/keybox.nl\/wp-content\/uploads\/2021\/12\/KSB_102_1-e1638478691321.jpg?resize=700%2C400&ssl=1 2x"},"classes":[]},{"id":538,"url":"https:\/\/keybox.nl\/pl\/kluis-kopen-voor-thuis\/","url_meta":{"origin":550,"position":1},"title":"Kup sejf do domu","author":"Keybox@beheermodule","date":"11 marca 2022","format":false,"excerpt":"Zakup odpornego sejfu do domu Do sklepu internetowego! \u2713 Przyjazny dla u\u017cytkownika \u2713 Odporny i bezpieczny \u2713 R\u00f3\u017cne modele Chcesz kupi\u0107 por\u0119czny sejf do domu? W takim razie Keybox.pl ma to, czego szukasz. Sejfy domowe s\u0105 nieco mniejsze i nie wymagaj\u0105 rozleg\u0142ej instalacji, co czyni je idealnymi...","rel":"","context":"Podobny wpis","block_context":{"text":"Podobny wpis","link":""},"img":{"alt_text":"","src":"https:\/\/i0.wp.com\/keybox.nl\/wp-content\/uploads\/2022\/01\/KSB007-inner-safe-2-e1643896091542.jpg?resize=350%2C200&ssl=1","width":350,"height":200,"srcset":"https:\/\/i0.wp.com\/keybox.nl\/wp-content\/uploads\/2022\/01\/KSB007-inner-safe-2-e1643896091542.jpg?resize=350%2C200&ssl=1 1x, https:\/\/i0.wp.com\/keybox.nl\/wp-content\/uploads\/2022\/01\/KSB007-inner-safe-2-e1643896091542.jpg?resize=525%2C300&ssl=1 1.5x, https:\/\/i0.wp.com\/keybox.nl\/wp-content\/uploads\/2022\/01\/KSB007-inner-safe-2-e1643896091542.jpg?resize=700%2C400&ssl=1 2x"},"classes":[]},{"id":30,"url":"https:\/\/keybox.nl\/pl\/","url_meta":{"origin":550,"position":2},"title":"Zakup bezpiecznych szafek na klucze","author":"Keybox@beheermodule","date":"30 listopada 2021","format":false,"excerpt":"W Keybox.pl mo\u017cna kupi\u0107 mi\u0119dzy innymi solidny sejf lub bezpieczne sejfy na klucze. Oferujemy r\u00f3\u017cne rodzaje sejf\u00f3w; od subtelnych sejf\u00f3w na klucze po sejfy \u015bcienne z k\u00f3\u0142kiem depozytowym. U nas mo\u017cesz zam\u00f3wi\u0107 sejf do swojej firmy, ale tak\u017ce do domu. Dzi\u0119ki naszej szerokiej ofercie sejf\u00f3w na klucze,...","rel":"","context":"Z 1 komentarzem","block_context":{"text":"Z 1 komentarzem","link":"https:\/\/keybox.nl\/pl\/#comments"},"img":{"alt_text":"","src":"","width":0,"height":0},"classes":[]},{"id":556,"url":"https:\/\/keybox.nl\/pl\/kleine-sleutelkluisjes-kopen\/","url_meta":{"origin":550,"position":3},"title":"Kup ma\u0142e sejfy na klucze","author":"Keybox@beheermodule","date":"11 marca 2022","format":false,"excerpt":"Kup niezawodne ma\u0142e sejfy na klucze w sklepie internetowym! \u2713 Przyjazne dla u\u017cytkownika \u2713 Odporne i bezpieczne \u2713 R\u00f3\u017cne modele U nas mo\u017cesz kupi\u0107 ma\u0142e sejfy na klucze, aby bezpiecznie przechowywa\u0107 klucze. Keybox.pl oferuje wszelkiego rodzaju sejfy, takie jak ma\u0142y sejf na klucze, kt\u00f3ry mo\u017cna \u0142atwo kupi\u0107 online. Dzi\u0119ki naszym...","rel":"","context":"Podobny wpis","block_context":{"text":"Podobny wpis","link":""},"img":{"alt_text":"","src":"https:\/\/i0.wp.com\/keybox.nl\/wp-content\/uploads\/2022\/12\/Keysafe_Original_keybox_sleutelkluis.jpg?resize=350%2C200&ssl=1","width":350,"height":200,"srcset":"https:\/\/i0.wp.com\/keybox.nl\/wp-content\/uploads\/2022\/12\/Keysafe_Original_keybox_sleutelkluis.jpg?resize=350%2C200&ssl=1 1x, https:\/\/i0.wp.com\/keybox.nl\/wp-content\/uploads\/2022\/12\/Keysafe_Original_keybox_sleutelkluis.jpg?resize=525%2C300&ssl=1 1.5x, https:\/\/i0.wp.com\/keybox.nl\/wp-content\/uploads\/2022\/12\/Keysafe_Original_keybox_sleutelkluis.jpg?resize=700%2C400&ssl=1 2x"},"classes":[]},{"id":1528,"url":"https:\/\/keybox.nl\/pl\/elektronische-sleutelkluis-kopen\/","url_meta":{"origin":550,"position":4},"title":"klucz elektroniczny safe-buy","author":"Keybox@beheermodule","date":"20 lipca 2023","format":false,"excerpt":"Kup elektroniczny sejf na klucze w sklepie internetowym! Przyjazny dla u\u017cytkownika \u2713 Odporny i bezpieczny \u2713 R\u00f3\u017cne modele Zakup elektronicznego sejfu na klucze to pierwszy krok do zapewnienia bezpiecze\u0144stwa firmy lub domu. Keybox.pl oferuje rozwi\u0105zanie, kt\u00f3re idealnie pasuje do Twoich potrzeb. Te sejfy...","rel":"","context":"Podobny wpis","block_context":{"text":"Podobny wpis","link":""},"img":{"alt_text":"","src":"https:\/\/i0.wp.com\/keybox.nl\/wp-content\/uploads\/2023\/02\/Keysafe-Big-Pro-sleutelkastje_keybox.jpeg?resize=350%2C200&ssl=1","width":350,"height":200,"srcset":"https:\/\/i0.wp.com\/keybox.nl\/wp-content\/uploads\/2023\/02\/Keysafe-Big-Pro-sleutelkastje_keybox.jpeg?resize=350%2C200&ssl=1 1x, https:\/\/i0.wp.com\/keybox.nl\/wp-content\/uploads\/2023\/02\/Keysafe-Big-Pro-sleutelkastje_keybox.jpeg?resize=525%2C300&ssl=1 1.5x, https:\/\/i0.wp.com\/keybox.nl\/wp-content\/uploads\/2023\/02\/Keysafe-Big-Pro-sleutelkastje_keybox.jpeg?resize=700%2C400&ssl=1 2x"},"classes":[]},{"id":326,"url":"https:\/\/keybox.nl\/pl\/goedkope-kluis-kopen\/","url_meta":{"origin":550,"position":5},"title":"Kup tani sejf","author":"Keybox@beheermodule","date":"3 marca 2022","format":false,"excerpt":"Kup tani, wysokiej jako\u015bci sejf w sklepie internetowym! Przyjazny dla u\u017cytkownika \u2713 Odporny i bezpieczny \u2713 R\u00f3\u017cne modele W Keybox.pl mo\u017cesz kupi\u0107 tani, odporny sejf dla swojej firmy. Dzi\u0119ki naszym sejfom wydawanie kluczy jest zawsze bezpieczne. Co wi\u0119cej, nikt nie musi by\u0107 obecny, aby...","rel":"","context":"Podobny wpis","block_context":{"text":"Podobny wpis","link":""},"img":{"alt_text":"","src":"https:\/\/i0.wp.com\/keybox.nl\/wp-content\/uploads\/2021\/12\/KSB_102_1-e1638478691321.jpg?resize=350%2C200&ssl=1","width":350,"height":200,"srcset":"https:\/\/i0.wp.com\/keybox.nl\/wp-content\/uploads\/2021\/12\/KSB_102_1-e1638478691321.jpg?resize=350%2C200&ssl=1 1x, https:\/\/i0.wp.com\/keybox.nl\/wp-content\/uploads\/2021\/12\/KSB_102_1-e1638478691321.jpg?resize=525%2C300&ssl=1 1.5x, https:\/\/i0.wp.com\/keybox.nl\/wp-content\/uploads\/2021\/12\/KSB_102_1-e1638478691321.jpg?resize=700%2C400&ssl=1 2x"},"classes":[]}],"jetpack_sharing_enabled":true,"_links":{"self":[{"href":"https:\/\/keybox.nl\/pl\/wp-json\/wp\/v2\/pages\/550","targetHints":{"allow":["GET"]}}],"collection":[{"href":"https:\/\/keybox.nl\/pl\/wp-json\/wp\/v2\/pages"}],"about":[{"href":"https:\/\/keybox.nl\/pl\/wp-json\/wp\/v2\/types\/page"}],"author":[{"embeddable":true,"href":"https:\/\/keybox.nl\/pl\/wp-json\/wp\/v2\/users\/1"}],"replies":[{"embeddable":true,"href":"https:\/\/keybox.nl\/pl\/wp-json\/wp\/v2\/comments?post=550"}],"version-history":[{"count":5,"href":"https:\/\/keybox.nl\/pl\/wp-json\/wp\/v2\/pages\/550\/revisions"}],"predecessor-version":[{"id":1644,"href":"https:\/\/keybox.nl\/pl\/wp-json\/wp\/v2\/pages\/550\/revisions\/1644"}],"wp:attachment":[{"href":"https:\/\/keybox.nl\/pl\/wp-json\/wp\/v2\/media?parent=550"}],"curies":[{"name":"wp","href":"https:\/\/api.w.org\/{rel}","templated":true}]}}